{"id":13553,"date":"2020-05-14T15:26:48","date_gmt":"2020-05-14T15:26:48","guid":{"rendered":"https:\/\/guidetogreenland.com\/book-trips-holiday\/musk-ox-reindeer-ice-cap-tour-kangerlussuaq\/"},"modified":"2024-05-20T12:57:14","modified_gmt":"2024-05-20T15:57:14","slug":"musk-ox-reindeer-ice-cap-tour-kangerlussuaq","status":"publish","type":"product","link":"https:\/\/guidetogreenland.com\/da\/reserver-ferie-rejser\/moskus-rensdyr-og-indlandsis-kangerlussuaq\/","title":{"rendered":"Moskus, Rensdyr og Indlandsis | Kangerlussuaq"},"content":{"rendered":"<div class=\"x-79elbk ewhm0490\">\n<div class=\"x-sqsvwz e1hc7val2\">\n<div class=\"x-13o7eu2 e1imf5dp1\">\n<div class=\"x-v4fa7v e1uuu2lt0\">\n<div class=\"x-7xwfhm e1imf5dp0\">\n<p class=\"x-18pep25\">Tag p\u00e5 en spektakul\u00e6r rejse hen over indlandsisen, gletsjere og den fantastiske Kangerlussuaq fjord med fly. Du f\u00e5r den sj\u00e6ldne mulighed for at se indlandsisen t\u00e6t fra oven, samt det vilde dyreliv omkring Kangerlussuaq.<\/p>\n<p class=\"x-18pep25\">Turen er nok den bedste m\u00e5de at f\u00e5 tiden til at g\u00e5 p\u00e5 hvis du skal sidde og vente i transit i lufthavnen.<\/p>\n<p class=\"e1imf5dp0 x-jm2771\">Turen starter fra den tidligere amerikanske milit\u00e6rbase (Bluie West 8). Hvilket nu er den st\u00f8rste internationale lufthavn, ogs\u00e5 kendt som S\u00f8ndre Str\u00f8mfjord. F\u00f8r afgang f\u00e5r i en briefing af den erfarne pilot. Piloten fort\u00e6ller om den planlagte rute, vejrvilk\u00e5rene og mulighederne<span class=\"x-12abj6v e1uuu2lt3\"> for at se rensdyr og flokke af moskus okser. P\u00e5 vej ind i flyet fort\u00e6ller piloten jer, hvor i skal sidde, det kan v\u00e6re oppe foran sammen med piloten eller bagved med de andre eventyrere. Lige meget hvor du sidder er der garanti for f\u00e6nomenale udsigter, fra de store vinduer i flyet. Inde i flyet gennemg\u00e5r piloten sikkerhedsinstruktionerne, og beder jer om at tage headsets p\u00e5, som i kan bruge til at kommunikere under turen.<\/span><\/p>\n<p class=\"e1imf5dp0 x-jm2771\"><span class=\"x-12abj6v e1uuu2lt3\">S\u00e5 snart i letter vil i kunne se Gr\u00f8nland fra et af de bedste vinkler, mens i flyver \u00f8stp\u00e5 mod indlandsisen. Vi flyver hen over det fantastiske landskab af gr\u00f8nne og rustikke farver. Der er store dale som er blevet formet af tilbagetr\u00e6kkende is. P\u00e5 gr\u00e6nsen til isen er der mor\u00e6ner &#8211; store samlinger af jord og sten der blev skubbet frem af isen. Inden l\u00e6nge bliver det hvidt s\u00e5 langt som \u00f8jet r\u00e6kker, og i flyver lavt over den store is der d\u00e6kker det meste af Gr\u00f8nland. Det er en overv\u00e6ldende oplevelse n\u00e5r man flyver s\u00e5 t\u00e6t p\u00e5, og man f\u00e5r et godt indblik i de smukke strukturer i den forevigt foranderlige masse af is.<\/span><\/p>\n<\/div>\n<\/div>\n<\/div>\n<\/div>\n<\/div>\n","protected":false},"excerpt":{"rendered":"Tag p\u00e5 en spektakul\u00e6r rejse hen over indlandsisen, gletsjere og den fantastiske Kangerlussuaq fjord med fly. Du f\u00e5r den sj\u00e6ldne mulighed for at se indlandsisen t\u00e6t fra oven, samt det vilde dyreliv omkring Kangerlussuaq. Turen er nok den bedste m\u00e5de at f\u00e5 tiden til at g\u00e5 p\u00e5 hvis du skal sidde og vente i transit&#8230;","protected":false},"featured_media":13554,"comment_status":"open","ping_status":"closed","template":"","meta":[],"product_brand":[],"product_cat":[628,605,604,614,612,593,646],"product_tag":[924],"class_list":{"0":"post-13553","1":"product","2":"type-product","3":"status-publish","4":"has-post-thumbnail","6":"product_cat-arctic-circle-trail","7":"product_cat-dagsture-om-sommeren","8":"product_cat-fly-og-helikopterture","9":"product_cat-gletsjer-og-indlandsisen","10":"product_cat-natur-og-dyreliv-i-groenland","11":"product_cat-oplevelser-i-groenland","12":"product_cat-ture-i-kangerlussuaq","13":"product_tag-kangerlussuaq-da","14":"pa_activities-gletscher-udsigt","15":"pa_activities-sightseeing-med-fly","16":"pa_activities-dyreliv-safari","17":"pa_attractions-indlandsisen","18":"pa_available-month-maj","19":"pa_available-month-juni","20":"pa_available-month-juli","21":"pa_available-month-september","22":"pa_available-month-oktober","23":"pa_destinations-kangerlussuaq","24":"pa_difficulty-let","25":"pa_duration-25-minutter","26":"pa_tour-type-dagsture","27":"yith_shop_vendor-airzafari-da","29":"first","30":"instock","31":"virtual","32":"sold-individually","33":"purchasable","34":"product-type-booking"},"acf":[],"yoast_head":"<!-- This site is optimized with the Yoast SEO plugin v25.6 - https:\/\/yoast.com\/wordpress\/plugins\/seo\/ -->\n<title>Moskus, Rensdyr og Indlandsis | Kangerlussuaq | Guide to Greenland<\/title>\n<meta name=\"description\" content=\"Oplev den arktiske natur i Gr\u00f8nland. Flyv t\u00e6t over indlandsisen og se det fantastiske dyreliv inklusive moskusokse og rensdyr.\" \/>\n<meta name=\"robots\" content=\"index, follow, max-snippet:-1, max-image-preview:large, max-video-preview:-1\" \/>\n<link rel=\"canonical\" href=\"https:\/\/guidetogreenland.com\/da\/reserver-ferie-rejser\/moskus-rensdyr-og-indlandsis-kangerlussuaq\/\" \/>\n<meta property=\"og:locale\" content=\"da_DK\" \/>\n<meta property=\"og:type\" content=\"article\" \/>\n<meta property=\"og:title\" content=\"Moskus, Rensdyr og Indlandsis | Kangerlussuaq | Guide to Greenland\" \/>\n<meta property=\"og:description\" content=\"Oplev den arktiske natur i Gr\u00f8nland. Flyv t\u00e6t over indlandsisen og se det fantastiske dyreliv inklusive moskusokse og rensdyr.\" \/>\n<meta property=\"og:url\" content=\"https:\/\/guidetogreenland.com\/da\/reserver-ferie-rejser\/moskus-rensdyr-og-indlandsis-kangerlussuaq\/\" \/>\n<meta property=\"og:site_name\" content=\"Guide to Greenland\" \/>\n<meta property=\"article:modified_time\" content=\"2024-05-20T15:57:14+00:00\" \/>\n<meta property=\"og:image\" content=\"https:\/\/guidetogreenland.com\/wp-content\/uploads\/2020\/05\/musk-ox-reindeer-ice-cap-tour-kangerlussuaq-6-Guide-to-Greenland-3.jpg\" \/>\n\t<meta property=\"og:image:width\" content=\"926\" \/>\n\t<meta property=\"og:image:height\" content=\"616\" \/>\n\t<meta property=\"og:image:type\" content=\"image\/jpeg\" \/>\n<meta name=\"twitter:card\" content=\"summary_large_image\" \/>\n<meta name=\"twitter:label1\" content=\"Estimeret l\u00e6setid\" \/>\n\t<meta name=\"twitter:data1\" content=\"2 minutter\" \/>\n<script type=\"application\/ld+json\" class=\"yoast-schema-graph\">{\"@context\":\"https:\/\/schema.org\",\"@graph\":[{\"@type\":\"WebPage\",\"@id\":\"https:\/\/guidetogreenland.com\/da\/reserver-ferie-rejser\/moskus-rensdyr-og-indlandsis-kangerlussuaq\/\",\"url\":\"https:\/\/guidetogreenland.com\/da\/reserver-ferie-rejser\/moskus-rensdyr-og-indlandsis-kangerlussuaq\/\",\"name\":\"Moskus, Rensdyr og Indlandsis | Kangerlussuaq | Guide to Greenland\",\"isPartOf\":{\"@id\":\"https:\/\/guidetogreenland.com\/da\/#website\"},\"primaryImageOfPage\":{\"@id\":\"https:\/\/guidetogreenland.com\/da\/reserver-ferie-rejser\/moskus-rensdyr-og-indlandsis-kangerlussuaq\/#primaryimage\"},\"image\":{\"@id\":\"https:\/\/guidetogreenland.com\/da\/reserver-ferie-rejser\/moskus-rensdyr-og-indlandsis-kangerlussuaq\/#primaryimage\"},\"thumbnailUrl\":\"https:\/\/guidetogreenland.com\/wp-content\/uploads\/2020\/05\/musk-ox-reindeer-ice-cap-tour-kangerlussuaq-6-Guide-to-Greenland-3.jpg\",\"datePublished\":\"2020-05-14T15:26:48+00:00\",\"dateModified\":\"2024-05-20T15:57:14+00:00\",\"description\":\"Oplev den arktiske natur i Gr\u00f8nland. Flyv t\u00e6t over indlandsisen og se det fantastiske dyreliv inklusive moskusokse og rensdyr.\",\"breadcrumb\":{\"@id\":\"https:\/\/guidetogreenland.com\/da\/reserver-ferie-rejser\/moskus-rensdyr-og-indlandsis-kangerlussuaq\/#breadcrumb\"},\"inLanguage\":\"da-DK\",\"potentialAction\":[{\"@type\":\"ReadAction\",\"target\":[\"https:\/\/guidetogreenland.com\/da\/reserver-ferie-rejser\/moskus-rensdyr-og-indlandsis-kangerlussuaq\/\"]}]},{\"@type\":\"ImageObject\",\"inLanguage\":\"da-DK\",\"@id\":\"https:\/\/guidetogreenland.com\/da\/reserver-ferie-rejser\/moskus-rensdyr-og-indlandsis-kangerlussuaq\/#primaryimage\",\"url\":\"https:\/\/guidetogreenland.com\/wp-content\/uploads\/2020\/05\/musk-ox-reindeer-ice-cap-tour-kangerlussuaq-6-Guide-to-Greenland-3.jpg\",\"contentUrl\":\"https:\/\/guidetogreenland.com\/wp-content\/uploads\/2020\/05\/musk-ox-reindeer-ice-cap-tour-kangerlussuaq-6-Guide-to-Greenland-3.jpg\",\"width\":926,\"height\":616},{\"@type\":\"BreadcrumbList\",\"@id\":\"https:\/\/guidetogreenland.com\/da\/reserver-ferie-rejser\/moskus-rensdyr-og-indlandsis-kangerlussuaq\/#breadcrumb\",\"itemListElement\":[{\"@type\":\"ListItem\",\"position\":1,\"name\":\"Home\",\"item\":\"https:\/\/guidetogreenland.com\/da\/\"},{\"@type\":\"ListItem\",\"position\":2,\"name\":\"Se alle ture\",\"item\":\"https:\/\/guidetogreenland.com\/da\/reserver-ferie-rejser\/\"},{\"@type\":\"ListItem\",\"position\":3,\"name\":\"Moskus, Rensdyr og Indlandsis | Kangerlussuaq\"}]},{\"@type\":\"WebSite\",\"@id\":\"https:\/\/guidetogreenland.com\/da\/#website\",\"url\":\"https:\/\/guidetogreenland.com\/da\/\",\"name\":\"Guide to Greenland\",\"description\":\"Largest selection of tours in Greenland\",\"potentialAction\":[{\"@type\":\"SearchAction\",\"target\":{\"@type\":\"EntryPoint\",\"urlTemplate\":\"https:\/\/guidetogreenland.com\/da\/?s={search_term_string}\"},\"query-input\":{\"@type\":\"PropertyValueSpecification\",\"valueRequired\":true,\"valueName\":\"search_term_string\"}}],\"inLanguage\":\"da-DK\"}]}<\/script>\n<!-- \/ Yoast SEO plugin. -->","yoast_head_json":{"title":"Moskus, Rensdyr og Indlandsis | Kangerlussuaq | Guide to Greenland","description":"Oplev den arktiske natur i Gr\u00f8nland. Flyv t\u00e6t over indlandsisen og se det fantastiske dyreliv inklusive moskusokse og rensdyr.","robots":{"index":"index","follow":"follow","max-snippet":"max-snippet:-1","max-image-preview":"max-image-preview:large","max-video-preview":"max-video-preview:-1"},"canonical":"https:\/\/guidetogreenland.com\/da\/reserver-ferie-rejser\/moskus-rensdyr-og-indlandsis-kangerlussuaq\/","og_locale":"da_DK","og_type":"article","og_title":"Moskus, Rensdyr og Indlandsis | Kangerlussuaq | Guide to Greenland","og_description":"Oplev den arktiske natur i Gr\u00f8nland. Flyv t\u00e6t over indlandsisen og se det fantastiske dyreliv inklusive moskusokse og rensdyr.","og_url":"https:\/\/guidetogreenland.com\/da\/reserver-ferie-rejser\/moskus-rensdyr-og-indlandsis-kangerlussuaq\/","og_site_name":"Guide to Greenland","article_modified_time":"2024-05-20T15:57:14+00:00","og_image":[{"width":926,"height":616,"url":"https:\/\/guidetogreenland.com\/wp-content\/uploads\/2020\/05\/musk-ox-reindeer-ice-cap-tour-kangerlussuaq-6-Guide-to-Greenland-3.jpg","type":"image\/jpeg"}],"twitter_card":"summary_large_image","twitter_misc":{"Estimeret l\u00e6setid":"2 minutter"},"schema":{"@context":"https:\/\/schema.org","@graph":[{"@type":"WebPage","@id":"https:\/\/guidetogreenland.com\/da\/reserver-ferie-rejser\/moskus-rensdyr-og-indlandsis-kangerlussuaq\/","url":"https:\/\/guidetogreenland.com\/da\/reserver-ferie-rejser\/moskus-rensdyr-og-indlandsis-kangerlussuaq\/","name":"Moskus, Rensdyr og Indlandsis | Kangerlussuaq | Guide to Greenland","isPartOf":{"@id":"https:\/\/guidetogreenland.com\/da\/#website"},"primaryImageOfPage":{"@id":"https:\/\/guidetogreenland.com\/da\/reserver-ferie-rejser\/moskus-rensdyr-og-indlandsis-kangerlussuaq\/#primaryimage"},"image":{"@id":"https:\/\/guidetogreenland.com\/da\/reserver-ferie-rejser\/moskus-rensdyr-og-indlandsis-kangerlussuaq\/#primaryimage"},"thumbnailUrl":"https:\/\/guidetogreenland.com\/wp-content\/uploads\/2020\/05\/musk-ox-reindeer-ice-cap-tour-kangerlussuaq-6-Guide-to-Greenland-3.jpg","datePublished":"2020-05-14T15:26:48+00:00","dateModified":"2024-05-20T15:57:14+00:00","description":"Oplev den arktiske natur i Gr\u00f8nland. Flyv t\u00e6t over indlandsisen og se det fantastiske dyreliv inklusive moskusokse og rensdyr.","breadcrumb":{"@id":"https:\/\/guidetogreenland.com\/da\/reserver-ferie-rejser\/moskus-rensdyr-og-indlandsis-kangerlussuaq\/#breadcrumb"},"inLanguage":"da-DK","potentialAction":[{"@type":"ReadAction","target":["https:\/\/guidetogreenland.com\/da\/reserver-ferie-rejser\/moskus-rensdyr-og-indlandsis-kangerlussuaq\/"]}]},{"@type":"ImageObject","inLanguage":"da-DK","@id":"https:\/\/guidetogreenland.com\/da\/reserver-ferie-rejser\/moskus-rensdyr-og-indlandsis-kangerlussuaq\/#primaryimage","url":"https:\/\/guidetogreenland.com\/wp-content\/uploads\/2020\/05\/musk-ox-reindeer-ice-cap-tour-kangerlussuaq-6-Guide-to-Greenland-3.jpg","contentUrl":"https:\/\/guidetogreenland.com\/wp-content\/uploads\/2020\/05\/musk-ox-reindeer-ice-cap-tour-kangerlussuaq-6-Guide-to-Greenland-3.jpg","width":926,"height":616},{"@type":"BreadcrumbList","@id":"https:\/\/guidetogreenland.com\/da\/reserver-ferie-rejser\/moskus-rensdyr-og-indlandsis-kangerlussuaq\/#breadcrumb","itemListElement":[{"@type":"ListItem","position":1,"name":"Home","item":"https:\/\/guidetogreenland.com\/da\/"},{"@type":"ListItem","position":2,"name":"Se alle ture","item":"https:\/\/guidetogreenland.com\/da\/reserver-ferie-rejser\/"},{"@type":"ListItem","position":3,"name":"Moskus, Rensdyr og Indlandsis | Kangerlussuaq"}]},{"@type":"WebSite","@id":"https:\/\/guidetogreenland.com\/da\/#website","url":"https:\/\/guidetogreenland.com\/da\/","name":"Guide to Greenland","description":"Largest selection of tours in Greenland","potentialAction":[{"@type":"SearchAction","target":{"@type":"EntryPoint","urlTemplate":"https:\/\/guidetogreenland.com\/da\/?s={search_term_string}"},"query-input":{"@type":"PropertyValueSpecification","valueRequired":true,"valueName":"search_term_string"}}],"inLanguage":"da-DK"}]}},"_links":{"self":[{"href":"https:\/\/guidetogreenland.com\/da\/wp-json\/wp\/v2\/product\/13553","targetHints":{"allow":["GET"]}}],"collection":[{"href":"https:\/\/guidetogreenland.com\/da\/wp-json\/wp\/v2\/product"}],"about":[{"href":"https:\/\/guidetogreenland.com\/da\/wp-json\/wp\/v2\/types\/product"}],"replies":[{"embeddable":true,"href":"https:\/\/guidetogreenland.com\/da\/wp-json\/wp\/v2\/comments?post=13553"}],"wp:featuredmedia":[{"embeddable":true,"href":"https:\/\/guidetogreenland.com\/da\/wp-json\/wp\/v2\/media\/13554"}],"wp:attachment":[{"href":"https:\/\/guidetogreenland.com\/da\/wp-json\/wp\/v2\/media?parent=13553"}],"wp:term":[{"taxonomy":"product_brand","embeddable":true,"href":"https:\/\/guidetogreenland.com\/da\/wp-json\/wp\/v2\/product_brand?post=13553"},{"taxonomy":"product_cat","embeddable":true,"href":"https:\/\/guidetogreenland.com\/da\/wp-json\/wp\/v2\/product_cat?post=13553"},{"taxonomy":"product_tag","embeddable":true,"href":"https:\/\/guidetogreenland.com\/da\/wp-json\/wp\/v2\/product_tag?post=13553"}],"curies":[{"name":"wp","href":"https:\/\/api.w.org\/{rel}","templated":true}]}}