{"id":13556,"date":"2020-05-14T15:56:13","date_gmt":"2020-05-14T15:56:13","guid":{"rendered":"https:\/\/guidetogreenland.com\/book-trips-holiday\/nature-adventure-south-greenland\/"},"modified":"2023-03-24T15:52:53","modified_gmt":"2023-03-24T18:52:53","slug":"nature-adventure-south-greenland","status":"publish","type":"product","link":"https:\/\/guidetogreenland.com\/da\/reserver-ferie-rejser\/natureventyr-sydgronland\/","title":{"rendered":"Natureventyr | Sydgr\u00f8nland"},"content":{"rendered":"<p class=\"x-18pep25\">Opdag en verden af meget mere end is! Tag med p\u00e5 denne\u00a0tur, hvis du har lyst til at rejse\u00a0p\u00e5 en mere luxuri\u00f8s\u00a0m\u00e5de\u00a0ved at tage fra hotel til hotel. Det er en uges rejse med\u00a0en uges udforskning og eventyr der hj\u00e6lper dig med at l\u00e6re begge sider af Gr\u00f8nland at kende.<\/p>\n<p class=\"x-18pep25\">Hvad du kommer til at opleve: Massive gletsjerv\u00e6gge, gletsjervandring p\u00e5 en flere millioner \u00e5r gammel gletsjertunge, b\u00e5d transfer med fantastiske omgivelser, kajakroning blandt isbjerge\u00a0og ikke mindst at m\u00f8de de lokale i deres idylliske bygder og byer der giver dig indsigt i deres hverdag.<\/p>\n<p class=\"e1imf5dp0 x-jm2771\">S\u00e5 t\u00e6nker du m\u00e5ske;\u00a0&#8220;F\u00e5r jeg set de bedste st<span class=\"x-12abj6v e1uuu2lt3\">eder og l\u00e6rt mest muligt?&#8221;. Svaret er JA!\u00a0Du bliver guidet af en erfaren turguide, som kender til alle de gode historier og de flotteste landskaber. Han\/hun sikrer sig, at du f\u00e5r den bedste ferie du kunne dr\u00f8mme om.<\/span><\/p>\n<p class=\"e1imf5dp0 x-jm2771\"><span class=\"x-12abj6v e1uuu2lt3\">Opdag verden af meget mere end is med os &#8211; i dag!<\/span><\/p>\n<p class=\"e1imf5dp0 x-jm2771\"><span class=\"x-12abj6v e1uuu2lt3\">Lyder denne tur som den rette? S\u00e5 pak taskerne til et 8-dages eventyr! Check mulighederne ved at trykke &#8216;V\u00e6lg en dato&#8217; oppe til h\u00f8jre p\u00e5 siden.<\/span><\/p>\n","protected":false},"excerpt":{"rendered":"Opdag en verden af meget mere end is! Tag med p\u00e5 denne\u00a0tur, hvis du har lyst til at rejse\u00a0p\u00e5 en mere luxuri\u00f8s\u00a0m\u00e5de\u00a0ved at tage fra hotel til hotel. Det er en uges rejse med\u00a0en uges udforskning og eventyr der hj\u00e6lper dig med at l\u00e6re begge sider af Gr\u00f8nland at kende. Hvad du kommer til at&#8230;","protected":false},"featured_media":13557,"comment_status":"open","ping_status":"closed","template":"","meta":[],"product_brand":[],"product_cat":[594,636,637,614,622,624,692,623,612,593,635,640,632,627,643,650,651,654,625,608],"product_tag":[928,929,932],"class_list":{"0":"post-13556","1":"product","2":"type-product","3":"status-publish","4":"has-post-thumbnail","6":"product_cat-baadture","7":"product_cat-fra-danmark-til-groenland","8":"product_cat-fra-island-til-groenland","9":"product_cat-gletsjer-og-indlandsisen","10":"product_cat-groenlandsk-kultur","11":"product_cat-historiske-ture","12":"product_cat-iceberg-icefjord-tours","13":"product_cat-kulturelle-aktiviteter","14":"product_cat-natur-og-dyreliv-i-groenland","15":"product_cat-oplevelser-i-groenland","16":"product_cat-pakkerejser","17":"product_cat-sommerrejser","18":"product_cat-sydgroenland","19":"product_cat-ture-i-bestemte-omraader","20":"product_cat-ture-i-hver-by","21":"product_cat-ture-i-narsaq","22":"product_cat-ture-i-narsarsuaq","23":"product_cat-ture-i-qaqortoq","24":"product_cat-ture-til-verdensarv-steder-i-groenland","25":"product_cat-vandre-og-trekkingture","26":"product_tag-narsaq-da","27":"product_tag-narsarsuaq-da","28":"product_tag-qaqortoq-da","29":"pa_activities-baadtur","30":"pa_activities-gletschervandring","31":"pa_activities-vandretur","32":"pa_activities-byrundtur","33":"pa_activities-gletscher-udsigt","34":"pa_activities-isbjerg-udsigt","35":"pa_activities-bygdebesoeg","36":"pa_activities-unesco-omraade","37":"pa_attractions-qooroq-icefjord-da","38":"pa_attractions-qooroq-icefjord","39":"pa_attractions-unesco-verdensarv-omraade","40":"pa_attractions-vikinge-ruiner","41":"pa_available-month-juni","42":"pa_available-month-juli","43":"pa_available-month-august","44":"pa_available-month-september","45":"pa_destinations-fra-island","46":"pa_difficulty-moderat","47":"pa_duration-8-dage","48":"pa_tour-type-pakkerejser","49":"yith_shop_vendor-tasermiut-da","50":"yith_booking_service-departure-from-copenhagen-jun-aug","51":"yith_booking_service-optional-hvalsey-church-excursion","52":"yith_booking_service-optional-kayak-excursion-2hr","53":"yith_booking_service-single-room-supplement-mandatory-if-travelling-alone","55":"first","56":"instock","57":"virtual","58":"sold-individually","59":"purchasable","60":"product-type-booking"},"acf":[],"yoast_head":"<!-- This site is optimized with the Yoast SEO plugin v25.6 - https:\/\/yoast.com\/wordpress\/plugins\/seo\/ -->\n<title>Natureventyr | Sydgr\u00f8nland | Guide to Greenland<\/title>\n<meta name=\"robots\" content=\"index, follow, max-snippet:-1, max-image-preview:large, max-video-preview:-1\" \/>\n<link rel=\"canonical\" href=\"https:\/\/guidetogreenland.com\/da\/reserver-ferie-rejser\/natureventyr-sydgronland\/\" \/>\n<meta property=\"og:locale\" content=\"da_DK\" \/>\n<meta property=\"og:type\" content=\"article\" \/>\n<meta property=\"og:title\" content=\"Natureventyr | Sydgr\u00f8nland | Guide to Greenland\" \/>\n<meta property=\"og:description\" content=\"Opdag en verden af meget mere end is! Tag med p\u00e5 denne\u00a0tur, hvis du har lyst til at rejse\u00a0p\u00e5 en mere luxuri\u00f8s\u00a0m\u00e5de\u00a0ved at tage fra hotel til hotel. Det er en uges rejse med\u00a0en uges udforskning og eventyr der hj\u00e6lper dig med at l\u00e6re begge sider af Gr\u00f8nland at kende. Hvad du kommer til at...\" \/>\n<meta property=\"og:url\" content=\"https:\/\/guidetogreenland.com\/da\/reserver-ferie-rejser\/natureventyr-sydgronland\/\" \/>\n<meta property=\"og:site_name\" content=\"Guide to Greenland\" \/>\n<meta property=\"article:modified_time\" content=\"2023-03-24T18:52:53+00:00\" \/>\n<meta property=\"og:image\" content=\"https:\/\/guidetogreenland.com\/wp-content\/uploads\/2020\/05\/nature-adventure-south-greenland-6-Guide-to-Greenland-4.jpg\" \/>\n\t<meta property=\"og:image:width\" content=\"926\" \/>\n\t<meta property=\"og:image:height\" content=\"383\" \/>\n\t<meta property=\"og:image:type\" content=\"image\/jpeg\" \/>\n<meta name=\"twitter:card\" content=\"summary_large_image\" \/>\n<meta name=\"twitter:label1\" content=\"Estimeret l\u00e6setid\" \/>\n\t<meta name=\"twitter:data1\" content=\"1 minut\" \/>\n<script type=\"application\/ld+json\" class=\"yoast-schema-graph\">{\"@context\":\"https:\/\/schema.org\",\"@graph\":[{\"@type\":\"WebPage\",\"@id\":\"https:\/\/guidetogreenland.com\/da\/reserver-ferie-rejser\/natureventyr-sydgronland\/\",\"url\":\"https:\/\/guidetogreenland.com\/da\/reserver-ferie-rejser\/natureventyr-sydgronland\/\",\"name\":\"Natureventyr | Sydgr\u00f8nland | Guide to Greenland\",\"isPartOf\":{\"@id\":\"https:\/\/guidetogreenland.com\/da\/#website\"},\"primaryImageOfPage\":{\"@id\":\"https:\/\/guidetogreenland.com\/da\/reserver-ferie-rejser\/natureventyr-sydgronland\/#primaryimage\"},\"image\":{\"@id\":\"https:\/\/guidetogreenland.com\/da\/reserver-ferie-rejser\/natureventyr-sydgronland\/#primaryimage\"},\"thumbnailUrl\":\"https:\/\/guidetogreenland.com\/wp-content\/uploads\/2020\/05\/nature-adventure-south-greenland-6-Guide-to-Greenland-4.jpg\",\"datePublished\":\"2020-05-14T15:56:13+00:00\",\"dateModified\":\"2023-03-24T18:52:53+00:00\",\"breadcrumb\":{\"@id\":\"https:\/\/guidetogreenland.com\/da\/reserver-ferie-rejser\/natureventyr-sydgronland\/#breadcrumb\"},\"inLanguage\":\"da-DK\",\"potentialAction\":[{\"@type\":\"ReadAction\",\"target\":[\"https:\/\/guidetogreenland.com\/da\/reserver-ferie-rejser\/natureventyr-sydgronland\/\"]}]},{\"@type\":\"ImageObject\",\"inLanguage\":\"da-DK\",\"@id\":\"https:\/\/guidetogreenland.com\/da\/reserver-ferie-rejser\/natureventyr-sydgronland\/#primaryimage\",\"url\":\"https:\/\/guidetogreenland.com\/wp-content\/uploads\/2020\/05\/nature-adventure-south-greenland-6-Guide-to-Greenland-4.jpg\",\"contentUrl\":\"https:\/\/guidetogreenland.com\/wp-content\/uploads\/2020\/05\/nature-adventure-south-greenland-6-Guide-to-Greenland-4.jpg\",\"width\":926,\"height\":383},{\"@type\":\"BreadcrumbList\",\"@id\":\"https:\/\/guidetogreenland.com\/da\/reserver-ferie-rejser\/natureventyr-sydgronland\/#breadcrumb\",\"itemListElement\":[{\"@type\":\"ListItem\",\"position\":1,\"name\":\"Home\",\"item\":\"https:\/\/guidetogreenland.com\/da\/\"},{\"@type\":\"ListItem\",\"position\":2,\"name\":\"Se alle ture\",\"item\":\"https:\/\/guidetogreenland.com\/da\/reserver-ferie-rejser\/\"},{\"@type\":\"ListItem\",\"position\":3,\"name\":\"Natureventyr | Sydgr\u00f8nland\"}]},{\"@type\":\"WebSite\",\"@id\":\"https:\/\/guidetogreenland.com\/da\/#website\",\"url\":\"https:\/\/guidetogreenland.com\/da\/\",\"name\":\"Guide to Greenland\",\"description\":\"Largest selection of tours in Greenland\",\"potentialAction\":[{\"@type\":\"SearchAction\",\"target\":{\"@type\":\"EntryPoint\",\"urlTemplate\":\"https:\/\/guidetogreenland.com\/da\/?s={search_term_string}\"},\"query-input\":{\"@type\":\"PropertyValueSpecification\",\"valueRequired\":true,\"valueName\":\"search_term_string\"}}],\"inLanguage\":\"da-DK\"}]}<\/script>\n<!-- \/ Yoast SEO plugin. -->","yoast_head_json":{"title":"Natureventyr | Sydgr\u00f8nland | Guide to Greenland","robots":{"index":"index","follow":"follow","max-snippet":"max-snippet:-1","max-image-preview":"max-image-preview:large","max-video-preview":"max-video-preview:-1"},"canonical":"https:\/\/guidetogreenland.com\/da\/reserver-ferie-rejser\/natureventyr-sydgronland\/","og_locale":"da_DK","og_type":"article","og_title":"Natureventyr | Sydgr\u00f8nland | Guide to Greenland","og_description":"Opdag en verden af meget mere end is! Tag med p\u00e5 denne\u00a0tur, hvis du har lyst til at rejse\u00a0p\u00e5 en mere luxuri\u00f8s\u00a0m\u00e5de\u00a0ved at tage fra hotel til hotel. Det er en uges rejse med\u00a0en uges udforskning og eventyr der hj\u00e6lper dig med at l\u00e6re begge sider af Gr\u00f8nland at kende. Hvad du kommer til at...","og_url":"https:\/\/guidetogreenland.com\/da\/reserver-ferie-rejser\/natureventyr-sydgronland\/","og_site_name":"Guide to Greenland","article_modified_time":"2023-03-24T18:52:53+00:00","og_image":[{"width":926,"height":383,"url":"https:\/\/guidetogreenland.com\/wp-content\/uploads\/2020\/05\/nature-adventure-south-greenland-6-Guide-to-Greenland-4.jpg","type":"image\/jpeg"}],"twitter_card":"summary_large_image","twitter_misc":{"Estimeret l\u00e6setid":"1 minut"},"schema":{"@context":"https:\/\/schema.org","@graph":[{"@type":"WebPage","@id":"https:\/\/guidetogreenland.com\/da\/reserver-ferie-rejser\/natureventyr-sydgronland\/","url":"https:\/\/guidetogreenland.com\/da\/reserver-ferie-rejser\/natureventyr-sydgronland\/","name":"Natureventyr | Sydgr\u00f8nland | Guide to Greenland","isPartOf":{"@id":"https:\/\/guidetogreenland.com\/da\/#website"},"primaryImageOfPage":{"@id":"https:\/\/guidetogreenland.com\/da\/reserver-ferie-rejser\/natureventyr-sydgronland\/#primaryimage"},"image":{"@id":"https:\/\/guidetogreenland.com\/da\/reserver-ferie-rejser\/natureventyr-sydgronland\/#primaryimage"},"thumbnailUrl":"https:\/\/guidetogreenland.com\/wp-content\/uploads\/2020\/05\/nature-adventure-south-greenland-6-Guide-to-Greenland-4.jpg","datePublished":"2020-05-14T15:56:13+00:00","dateModified":"2023-03-24T18:52:53+00:00","breadcrumb":{"@id":"https:\/\/guidetogreenland.com\/da\/reserver-ferie-rejser\/natureventyr-sydgronland\/#breadcrumb"},"inLanguage":"da-DK","potentialAction":[{"@type":"ReadAction","target":["https:\/\/guidetogreenland.com\/da\/reserver-ferie-rejser\/natureventyr-sydgronland\/"]}]},{"@type":"ImageObject","inLanguage":"da-DK","@id":"https:\/\/guidetogreenland.com\/da\/reserver-ferie-rejser\/natureventyr-sydgronland\/#primaryimage","url":"https:\/\/guidetogreenland.com\/wp-content\/uploads\/2020\/05\/nature-adventure-south-greenland-6-Guide-to-Greenland-4.jpg","contentUrl":"https:\/\/guidetogreenland.com\/wp-content\/uploads\/2020\/05\/nature-adventure-south-greenland-6-Guide-to-Greenland-4.jpg","width":926,"height":383},{"@type":"BreadcrumbList","@id":"https:\/\/guidetogreenland.com\/da\/reserver-ferie-rejser\/natureventyr-sydgronland\/#breadcrumb","itemListElement":[{"@type":"ListItem","position":1,"name":"Home","item":"https:\/\/guidetogreenland.com\/da\/"},{"@type":"ListItem","position":2,"name":"Se alle ture","item":"https:\/\/guidetogreenland.com\/da\/reserver-ferie-rejser\/"},{"@type":"ListItem","position":3,"name":"Natureventyr | Sydgr\u00f8nland"}]},{"@type":"WebSite","@id":"https:\/\/guidetogreenland.com\/da\/#website","url":"https:\/\/guidetogreenland.com\/da\/","name":"Guide to Greenland","description":"Largest selection of tours in Greenland","potentialAction":[{"@type":"SearchAction","target":{"@type":"EntryPoint","urlTemplate":"https:\/\/guidetogreenland.com\/da\/?s={search_term_string}"},"query-input":{"@type":"PropertyValueSpecification","valueRequired":true,"valueName":"search_term_string"}}],"inLanguage":"da-DK"}]}},"_links":{"self":[{"href":"https:\/\/guidetogreenland.com\/da\/wp-json\/wp\/v2\/product\/13556","targetHints":{"allow":["GET"]}}],"collection":[{"href":"https:\/\/guidetogreenland.com\/da\/wp-json\/wp\/v2\/product"}],"about":[{"href":"https:\/\/guidetogreenland.com\/da\/wp-json\/wp\/v2\/types\/product"}],"replies":[{"embeddable":true,"href":"https:\/\/guidetogreenland.com\/da\/wp-json\/wp\/v2\/comments?post=13556"}],"wp:featuredmedia":[{"embeddable":true,"href":"https:\/\/guidetogreenland.com\/da\/wp-json\/wp\/v2\/media\/13557"}],"wp:attachment":[{"href":"https:\/\/guidetogreenland.com\/da\/wp-json\/wp\/v2\/media?parent=13556"}],"wp:term":[{"taxonomy":"product_brand","embeddable":true,"href":"https:\/\/guidetogreenland.com\/da\/wp-json\/wp\/v2\/product_brand?post=13556"},{"taxonomy":"product_cat","embeddable":true,"href":"https:\/\/guidetogreenland.com\/da\/wp-json\/wp\/v2\/product_cat?post=13556"},{"taxonomy":"product_tag","embeddable":true,"href":"https:\/\/guidetogreenland.com\/da\/wp-json\/wp\/v2\/product_tag?post=13556"}],"curies":[{"name":"wp","href":"https:\/\/api.w.org\/{rel}","templated":true}]}}