{"id":13584,"date":"2020-05-26T17:43:41","date_gmt":"2020-05-26T17:43:41","guid":{"rendered":"https:\/\/guidetogreenland.com\/book-trips-holiday\/whales-ice-private-tour-ilulissat-disko-bay\/"},"modified":"2026-04-16T15:09:05","modified_gmt":"2026-04-16T16:09:05","slug":"hvaler-is-ilulissat-diskobugten","status":"publish","type":"product","link":"https:\/\/guidetogreenland.com\/da\/reserver-ferie-rejser\/hvaler-is-ilulissat-diskobugten\/","title":{"rendered":"Hvaler &#038; Is | Ilulissat | Diskobugten"},"content":{"rendered":"<p class=\"x-18pep25\">Oplev det bedste af to verdener til s\u00f8s! Denne tur kombinerer Gr\u00f8nlands fantastiske dyreliv, hvor du har mulighed for b\u00e5de at komme t\u00e6t p\u00e5 hvaler og isbjerge i Ilulissats isfjord, der siden 2004 har v\u00e6ret p\u00e5 UNESCO&#8217;s Verdenarvs liste.<\/p>\n<p class=\"x-18pep25\">At sejle med Ilulissat Water Taxi er en nem og god m\u00e5de at opleve Ilulissat omr\u00e5dets h\u00f8jdepunkter til s\u00f8s. Du bestiller turen og s\u00e5 s\u00f8rger vi for at hente dig p\u00e5 dit valgte afhentningssted &#8211; ligesom en Yellow Cab.<\/p>\n<p class=\"e1imf5dp0 x-jm2771\">Om sommeren krydser de flotte pukkelhvaler det store hav fra Haiti og Puerto Rico med kursen sat direkte mod Diskobugten. De kommer hertil for at spise a<span class=\"x-12abj6v e1uuu2lt3\">f de store m\u00e6ngder sm\u00e5fisk og krill, der findes i havet omkring Gr\u00f8nland. Pukkelhvalerne er store, smukke pattedyr, der sv\u00f8mmer roligt og lydl\u00f8st mellem b\u00f8lgerne. Disse gigantiske dyr kan bliver op til 15 meter lange og have en v\u00e6gt p\u00e5 omkring 30 tons.<\/span><\/p>\n<p class=\"e1imf5dp0 x-jm2771\"><span class=\"x-12abj6v e1uuu2lt3\">Der er st\u00f8rst chance for at se pukkelhvaler, der vifter med deres ikoniske hale f\u00f8r de dykker, hvis du er heldig kan det v\u00e6re du ogs\u00e5 f\u00e5r \u00f8je p\u00e5 en gr\u00f8nlandshval. \u00c9n ting du ihverfald kommer til at se er isbjerge, som byen ogs\u00e5 har f\u00e5et dens navn fra, da Ilulissat betyder isbjerge p\u00e5 gr\u00f8nlandsk.<\/span><\/p>\n<p class=\"e1imf5dp0 x-jm2771\"><span class=\"x-12abj6v e1uuu2lt3\">Pak kikkerten og kom med p\u00e5 dette sp\u00e6ndende eventyr.<\/span><\/p>\n<p class=\"e1imf5dp0 x-jm2771\"><span class=\"x-12abj6v e1uuu2lt3\">Se tilg\u00e6ngeligheden ved at trykke p\u00e5 &#8216;V\u00e6lg en dag&#8217; og book din tur i dag.<\/span><\/p>\n","protected":false},"excerpt":{"rendered":"Oplev det bedste af to verdener til s\u00f8s! Denne tur kombinerer Gr\u00f8nlands fantastiske dyreliv, hvor du har mulighed for b\u00e5de at komme t\u00e6t p\u00e5 hvaler og isbjerge i Ilulissats isfjord, der siden 2004 har v\u00e6ret p\u00e5 UNESCO&#8217;s Verdenarvs liste. At sejle med Ilulissat Water Taxi er en nem og god m\u00e5de at opleve Ilulissat omr\u00e5dets&#8230;","protected":false},"featured_media":77602,"comment_status":"open","ping_status":"closed","template":"","meta":[],"product_brand":[],"product_cat":[594,621,605,620,692,617,612,631,593,627,643,644,625],"product_tag":[919],"class_list":{"0":"post-13584","1":"product","2":"type-product","3":"status-publish","4":"has-post-thumbnail","6":"product_cat-baadture","7":"product_cat-charterture","8":"product_cat-dagsture-om-sommeren","9":"product_cat-hvalsafari-ture","10":"product_cat-iceberg-icefjord-tours","11":"product_cat-ilulissat-isfjord-ture","12":"product_cat-natur-og-dyreliv-i-groenland","13":"product_cat-nordgroenland","14":"product_cat-oplevelser-i-groenland","15":"product_cat-ture-i-bestemte-omraader","16":"product_cat-ture-i-hver-by","17":"product_cat-ture-i-ilulissat","18":"product_cat-ture-til-verdensarv-steder-i-groenland","19":"product_tag-ilulissat-da","20":"pa_activities-baadtur","21":"pa_activities-isbjerg-udsigt","22":"pa_activities-dyreliv-safari","23":"pa_activities-hval-safari","24":"pa_attractions-ilulissat-icefjord","25":"pa_attractions-unesco-verdensarv-omraade","26":"pa_attractions-disko-bay-da","27":"pa_available-month-maj","28":"pa_available-month-juni","29":"pa_available-month-juli","30":"pa_available-month-august","31":"pa_available-month-september","32":"pa_available-month-oktober","33":"pa_available-month-november","34":"pa_available-month-december","35":"pa_destinations-ilulissat","36":"pa_difficulty-let","37":"pa_duration-2-5-time","38":"pa_tour-type-dagsture","39":"yith_booking_service-lunch-plate-3","40":"yith_booking_service-sandwich-3","42":"first","43":"instock","44":"featured","45":"virtual","46":"sold-individually","47":"purchasable","48":"product-type-booking"},"acf":[],"yoast_head":"<!-- This site is optimized with the Yoast SEO plugin v25.6 - https:\/\/yoast.com\/wordpress\/plugins\/seo\/ -->\n<title>Hvaler &amp; Is | Ilulissat | Diskobugten | Guide to Greenland<\/title>\n<meta name=\"robots\" content=\"index, follow, max-snippet:-1, max-image-preview:large, max-video-preview:-1\" \/>\n<link rel=\"canonical\" href=\"https:\/\/guidetogreenland.com\/da\/reserver-ferie-rejser\/hvaler-is-ilulissat-diskobugten\/\" \/>\n<meta property=\"og:locale\" content=\"da_DK\" \/>\n<meta property=\"og:type\" content=\"article\" \/>\n<meta property=\"og:title\" content=\"Hvaler &amp; Is | Ilulissat | Diskobugten | Guide to Greenland\" \/>\n<meta property=\"og:description\" content=\"Oplev det bedste af to verdener til s\u00f8s! Denne tur kombinerer Gr\u00f8nlands fantastiske dyreliv, hvor du har mulighed for b\u00e5de at komme t\u00e6t p\u00e5 hvaler og isbjerge i Ilulissats isfjord, der siden 2004 har v\u00e6ret p\u00e5 UNESCO&#8217;s Verdenarvs liste. At sejle med Ilulissat Water Taxi er en nem og god m\u00e5de at opleve Ilulissat omr\u00e5dets...\" \/>\n<meta property=\"og:url\" content=\"https:\/\/guidetogreenland.com\/da\/reserver-ferie-rejser\/hvaler-is-ilulissat-diskobugten\/\" \/>\n<meta property=\"og:site_name\" content=\"Guide to Greenland\" \/>\n<meta property=\"article:modified_time\" content=\"2026-04-16T16:09:05+00:00\" \/>\n<meta property=\"og:image\" content=\"https:\/\/guidetogreenland.com\/wp-content\/uploads\/2020\/05\/whales-ice-private-tour-ilulissat-disko-bay-Guide-to-Greenland12.jpg\" \/>\n\t<meta property=\"og:image:width\" content=\"2210\" \/>\n\t<meta property=\"og:image:height\" content=\"1380\" \/>\n\t<meta property=\"og:image:type\" content=\"image\/jpeg\" \/>\n<meta name=\"twitter:card\" content=\"summary_large_image\" \/>\n<meta name=\"twitter:label1\" content=\"Estimeret l\u00e6setid\" \/>\n\t<meta name=\"twitter:data1\" content=\"1 minut\" \/>\n<script type=\"application\/ld+json\" class=\"yoast-schema-graph\">{\"@context\":\"https:\/\/schema.org\",\"@graph\":[{\"@type\":\"WebPage\",\"@id\":\"https:\/\/guidetogreenland.com\/da\/reserver-ferie-rejser\/hvaler-is-ilulissat-diskobugten\/\",\"url\":\"https:\/\/guidetogreenland.com\/da\/reserver-ferie-rejser\/hvaler-is-ilulissat-diskobugten\/\",\"name\":\"Hvaler & Is | Ilulissat | Diskobugten | Guide to Greenland\",\"isPartOf\":{\"@id\":\"https:\/\/guidetogreenland.com\/da\/#website\"},\"primaryImageOfPage\":{\"@id\":\"https:\/\/guidetogreenland.com\/da\/reserver-ferie-rejser\/hvaler-is-ilulissat-diskobugten\/#primaryimage\"},\"image\":{\"@id\":\"https:\/\/guidetogreenland.com\/da\/reserver-ferie-rejser\/hvaler-is-ilulissat-diskobugten\/#primaryimage\"},\"thumbnailUrl\":\"https:\/\/guidetogreenland.com\/wp-content\/uploads\/2020\/05\/Afternoon-Icefjord-boat-tour-Ilulissat-Disko-Bay-Guide-to-Greenland-Sailing-Photo-by-Inesa-Matuliauskaite-Guide-to-Greenland-862-scaled.jpg\",\"datePublished\":\"2020-05-26T17:43:41+00:00\",\"dateModified\":\"2026-04-16T16:09:05+00:00\",\"breadcrumb\":{\"@id\":\"https:\/\/guidetogreenland.com\/da\/reserver-ferie-rejser\/hvaler-is-ilulissat-diskobugten\/#breadcrumb\"},\"inLanguage\":\"da-DK\",\"potentialAction\":[{\"@type\":\"ReadAction\",\"target\":[\"https:\/\/guidetogreenland.com\/da\/reserver-ferie-rejser\/hvaler-is-ilulissat-diskobugten\/\"]}]},{\"@type\":\"ImageObject\",\"inLanguage\":\"da-DK\",\"@id\":\"https:\/\/guidetogreenland.com\/da\/reserver-ferie-rejser\/hvaler-is-ilulissat-diskobugten\/#primaryimage\",\"url\":\"https:\/\/guidetogreenland.com\/wp-content\/uploads\/2020\/05\/Afternoon-Icefjord-boat-tour-Ilulissat-Disko-Bay-Guide-to-Greenland-Sailing-Photo-by-Inesa-Matuliauskaite-Guide-to-Greenland-862-scaled.jpg\",\"contentUrl\":\"https:\/\/guidetogreenland.com\/wp-content\/uploads\/2020\/05\/Afternoon-Icefjord-boat-tour-Ilulissat-Disko-Bay-Guide-to-Greenland-Sailing-Photo-by-Inesa-Matuliauskaite-Guide-to-Greenland-862-scaled.jpg\",\"width\":2560,\"height\":1707},{\"@type\":\"BreadcrumbList\",\"@id\":\"https:\/\/guidetogreenland.com\/da\/reserver-ferie-rejser\/hvaler-is-ilulissat-diskobugten\/#breadcrumb\",\"itemListElement\":[{\"@type\":\"ListItem\",\"position\":1,\"name\":\"Home\",\"item\":\"https:\/\/guidetogreenland.com\/da\/\"},{\"@type\":\"ListItem\",\"position\":2,\"name\":\"Se alle ture\",\"item\":\"https:\/\/guidetogreenland.com\/da\/reserver-ferie-rejser\/\"},{\"@type\":\"ListItem\",\"position\":3,\"name\":\"Hvaler &#038; Is | Ilulissat | Diskobugten\"}]},{\"@type\":\"WebSite\",\"@id\":\"https:\/\/guidetogreenland.com\/da\/#website\",\"url\":\"https:\/\/guidetogreenland.com\/da\/\",\"name\":\"Guide to Greenland\",\"description\":\"Largest selection of tours in Greenland\",\"potentialAction\":[{\"@type\":\"SearchAction\",\"target\":{\"@type\":\"EntryPoint\",\"urlTemplate\":\"https:\/\/guidetogreenland.com\/da\/?s={search_term_string}\"},\"query-input\":{\"@type\":\"PropertyValueSpecification\",\"valueRequired\":true,\"valueName\":\"search_term_string\"}}],\"inLanguage\":\"da-DK\"}]}<\/script>\n<!-- \/ Yoast SEO plugin. -->","yoast_head_json":{"title":"Hvaler & Is | Ilulissat | Diskobugten | Guide to Greenland","robots":{"index":"index","follow":"follow","max-snippet":"max-snippet:-1","max-image-preview":"max-image-preview:large","max-video-preview":"max-video-preview:-1"},"canonical":"https:\/\/guidetogreenland.com\/da\/reserver-ferie-rejser\/hvaler-is-ilulissat-diskobugten\/","og_locale":"da_DK","og_type":"article","og_title":"Hvaler & Is | Ilulissat | Diskobugten | Guide to Greenland","og_description":"Oplev det bedste af to verdener til s\u00f8s! Denne tur kombinerer Gr\u00f8nlands fantastiske dyreliv, hvor du har mulighed for b\u00e5de at komme t\u00e6t p\u00e5 hvaler og isbjerge i Ilulissats isfjord, der siden 2004 har v\u00e6ret p\u00e5 UNESCO&#8217;s Verdenarvs liste. At sejle med Ilulissat Water Taxi er en nem og god m\u00e5de at opleve Ilulissat omr\u00e5dets...","og_url":"https:\/\/guidetogreenland.com\/da\/reserver-ferie-rejser\/hvaler-is-ilulissat-diskobugten\/","og_site_name":"Guide to Greenland","article_modified_time":"2026-04-16T16:09:05+00:00","og_image":[{"width":2210,"height":1380,"url":"https:\/\/guidetogreenland.com\/wp-content\/uploads\/2020\/05\/whales-ice-private-tour-ilulissat-disko-bay-Guide-to-Greenland12.jpg","type":"image\/jpeg"}],"twitter_card":"summary_large_image","twitter_misc":{"Estimeret l\u00e6setid":"1 minut"},"schema":{"@context":"https:\/\/schema.org","@graph":[{"@type":"WebPage","@id":"https:\/\/guidetogreenland.com\/da\/reserver-ferie-rejser\/hvaler-is-ilulissat-diskobugten\/","url":"https:\/\/guidetogreenland.com\/da\/reserver-ferie-rejser\/hvaler-is-ilulissat-diskobugten\/","name":"Hvaler & Is | Ilulissat | Diskobugten | Guide to Greenland","isPartOf":{"@id":"https:\/\/guidetogreenland.com\/da\/#website"},"primaryImageOfPage":{"@id":"https:\/\/guidetogreenland.com\/da\/reserver-ferie-rejser\/hvaler-is-ilulissat-diskobugten\/#primaryimage"},"image":{"@id":"https:\/\/guidetogreenland.com\/da\/reserver-ferie-rejser\/hvaler-is-ilulissat-diskobugten\/#primaryimage"},"thumbnailUrl":"https:\/\/guidetogreenland.com\/wp-content\/uploads\/2020\/05\/Afternoon-Icefjord-boat-tour-Ilulissat-Disko-Bay-Guide-to-Greenland-Sailing-Photo-by-Inesa-Matuliauskaite-Guide-to-Greenland-862-scaled.jpg","datePublished":"2020-05-26T17:43:41+00:00","dateModified":"2026-04-16T16:09:05+00:00","breadcrumb":{"@id":"https:\/\/guidetogreenland.com\/da\/reserver-ferie-rejser\/hvaler-is-ilulissat-diskobugten\/#breadcrumb"},"inLanguage":"da-DK","potentialAction":[{"@type":"ReadAction","target":["https:\/\/guidetogreenland.com\/da\/reserver-ferie-rejser\/hvaler-is-ilulissat-diskobugten\/"]}]},{"@type":"ImageObject","inLanguage":"da-DK","@id":"https:\/\/guidetogreenland.com\/da\/reserver-ferie-rejser\/hvaler-is-ilulissat-diskobugten\/#primaryimage","url":"https:\/\/guidetogreenland.com\/wp-content\/uploads\/2020\/05\/Afternoon-Icefjord-boat-tour-Ilulissat-Disko-Bay-Guide-to-Greenland-Sailing-Photo-by-Inesa-Matuliauskaite-Guide-to-Greenland-862-scaled.jpg","contentUrl":"https:\/\/guidetogreenland.com\/wp-content\/uploads\/2020\/05\/Afternoon-Icefjord-boat-tour-Ilulissat-Disko-Bay-Guide-to-Greenland-Sailing-Photo-by-Inesa-Matuliauskaite-Guide-to-Greenland-862-scaled.jpg","width":2560,"height":1707},{"@type":"BreadcrumbList","@id":"https:\/\/guidetogreenland.com\/da\/reserver-ferie-rejser\/hvaler-is-ilulissat-diskobugten\/#breadcrumb","itemListElement":[{"@type":"ListItem","position":1,"name":"Home","item":"https:\/\/guidetogreenland.com\/da\/"},{"@type":"ListItem","position":2,"name":"Se alle ture","item":"https:\/\/guidetogreenland.com\/da\/reserver-ferie-rejser\/"},{"@type":"ListItem","position":3,"name":"Hvaler &#038; Is | Ilulissat | Diskobugten"}]},{"@type":"WebSite","@id":"https:\/\/guidetogreenland.com\/da\/#website","url":"https:\/\/guidetogreenland.com\/da\/","name":"Guide to Greenland","description":"Largest selection of tours in Greenland","potentialAction":[{"@type":"SearchAction","target":{"@type":"EntryPoint","urlTemplate":"https:\/\/guidetogreenland.com\/da\/?s={search_term_string}"},"query-input":{"@type":"PropertyValueSpecification","valueRequired":true,"valueName":"search_term_string"}}],"inLanguage":"da-DK"}]}},"_links":{"self":[{"href":"https:\/\/guidetogreenland.com\/da\/wp-json\/wp\/v2\/product\/13584","targetHints":{"allow":["GET"]}}],"collection":[{"href":"https:\/\/guidetogreenland.com\/da\/wp-json\/wp\/v2\/product"}],"about":[{"href":"https:\/\/guidetogreenland.com\/da\/wp-json\/wp\/v2\/types\/product"}],"replies":[{"embeddable":true,"href":"https:\/\/guidetogreenland.com\/da\/wp-json\/wp\/v2\/comments?post=13584"}],"wp:featuredmedia":[{"embeddable":true,"href":"https:\/\/guidetogreenland.com\/da\/wp-json\/wp\/v2\/media\/77602"}],"wp:attachment":[{"href":"https:\/\/guidetogreenland.com\/da\/wp-json\/wp\/v2\/media?parent=13584"}],"wp:term":[{"taxonomy":"product_brand","embeddable":true,"href":"https:\/\/guidetogreenland.com\/da\/wp-json\/wp\/v2\/product_brand?post=13584"},{"taxonomy":"product_cat","embeddable":true,"href":"https:\/\/guidetogreenland.com\/da\/wp-json\/wp\/v2\/product_cat?post=13584"},{"taxonomy":"product_tag","embeddable":true,"href":"https:\/\/guidetogreenland.com\/da\/wp-json\/wp\/v2\/product_tag?post=13584"}],"curies":[{"name":"wp","href":"https:\/\/api.w.org\/{rel}","templated":true}]}}