{"id":13602,"date":"2020-05-20T15:14:00","date_gmt":"2020-05-20T15:14:00","guid":{"rendered":"https:\/\/guidetogreenland.com\/book-trips-holiday\/whale-watching-and-iceberg-safari-tasiilaq-east-greenland\/"},"modified":"2025-04-11T11:52:54","modified_gmt":"2025-04-11T14:52:54","slug":"whale-watching-and-iceberg-safari-tasiilaq-east-greenland","status":"publish","type":"product","link":"https:\/\/guidetogreenland.com\/da\/reserver-ferie-rejser\/hval-og-isbjergsafari-tasiilaq-ostgronland\/","title":{"rendered":"Hval- og isbjergsafari | Tasiilaq | \u00d8stgr\u00f8nland"},"content":{"rendered":"<div class=\"x-2ruu7e ewhm0490\">\n<div class=\"x-sqsvwz e1hc7val2\">\n<div class=\"x-13o7eu2 e1imf5dp1\">\n<div class=\"x-v4fa7v e1uuu2lt0\">\n<div class=\"x-7xwfhm e1imf5dp0\">\n<p class=\"x-18pep25\">Tag med p\u00e5 denne aftentur\u00a0og kig efter\u00a0hvaler! En unik oplevelse hvor man er omgivet af isbjerge i alle mulige st\u00f8rrelser og former!<\/p>\n<p class=\"x-18pep25\">Kun nogle f\u00e5 \u00f8jeblikke efter i er taget afsted fra havnen af, vil i kunne se de f\u00f8rste isbjerge i fjorden! Mens i nyder udsigten kigger kaptajnen efter hvaler.<\/p>\n<p class=\"x-18pep25\">S\u00e5 snart i n\u00e5r det \u00e5bne hav er der gode chancer for at se b\u00e5de pukkelhvaler, v\u00e5gehvaler, og de enorme finhvaler. Hvis i er ekstremt heldige kan i ogs\u00e5 se sp\u00e6khuggere!<\/p>\n<p class=\"e1imf5dp0 x-jm2771\">Pukkelhvalerne er nogen af de mest sp\u00e6ndende at finde da de ikke er s\u00e5 sky og ofte viser deres hvidprikkede haler n\u00e5r de dykker. Da de kan bliv<span class=\"x-12abj6v e1uuu2lt3\">e op til 18 meter lange er de blandt de st\u00f8rste hvaler, men er klart den mest akrobatiske af de store hvaler. Pukkelhvalen kan springe helt ud af vandet, et sj\u00e6ldent og utroligt syn for de heldige f\u00e5.<\/span><\/p>\n<p class=\"e1imf5dp0 x-jm2771\"><span class=\"x-12abj6v e1uuu2lt3\">Mange af hvalerne kommer til dette omr\u00e5de for de store m\u00e6ngder af lodder, en lille fisk der minder lidt om sild. Lodden eller Ammassak som den hedder p\u00e5 Gr\u00f8nlandsk er en fantastisk mad resurse for b\u00e5de hvaler og mennesker. Det er faktisk en lokal delikatesse at t\u00f8rre lodden i solen og spise hele fisken.\u00a0<\/span><\/p>\n<p class=\"e1imf5dp0 x-jm2771\"><span class=\"x-12abj6v e1uuu2lt3\">Sp\u00e6khuggerne er dog ikke ude efter lodder, de leder efter unge kalve der ikke er st\u00e6rke nok til at forsvare dem selv endnu, derudover er der ogs\u00e5 mange s\u00e6ler i omr\u00e5det.<\/span><\/p>\n<p class=\"e1imf5dp0 x-jm2771\"><span class=\"x-12abj6v e1uuu2lt3\">Da vi tager ud om aftenen kan vi nyde solnedgangen hvor solen s\u00e6tter sig bag Gr\u00f8nlands fjelde, et smukt syn der nogen gange har de mest utrolige farver.<\/span><\/p>\n<p class=\"e1imf5dp0 x-jm2771\"><span class=\"x-12abj6v e1uuu2lt3\">Vi kan aldrig garantere at se hvaler, men dette omr\u00e5de er et af de bedste i Gr\u00f8nland for at finde dem. S\u00e5 hvis det lyder som en tur for dig, s\u00e5 tag bare og klik p\u00e5 &#8216;v\u00e6lg en dag&#8217; og find en dato der passer dig!<\/span><\/p>\n<\/div>\n<\/div>\n<\/div>\n<\/div>\n<\/div>\n","protected":false},"excerpt":{"rendered":"Tag med p\u00e5 denne aftentur\u00a0og kig efter\u00a0hvaler! En unik oplevelse hvor man er omgivet af isbjerge i alle mulige st\u00f8rrelser og former! Kun nogle f\u00e5 \u00f8jeblikke efter i er taget afsted fra havnen af, vil i kunne se de f\u00f8rste isbjerge i fjorden! Mens i nyder udsigten kigger kaptajnen efter hvaler. S\u00e5 snart i n\u00e5r&#8230;","protected":false},"featured_media":28415,"comment_status":"open","ping_status":"closed","template":"","meta":[],"product_brand":[],"product_cat":[594,605,620,612,593,630,643,658],"product_tag":[937],"class_list":{"0":"post-13602","1":"product","2":"type-product","3":"status-publish","4":"has-post-thumbnail","6":"product_cat-baadture","7":"product_cat-dagsture-om-sommeren","8":"product_cat-hvalsafari-ture","9":"product_cat-natur-og-dyreliv-i-groenland","10":"product_cat-oplevelser-i-groenland","11":"product_cat-oestgroenland","12":"product_cat-ture-i-hver-by","13":"product_cat-ture-i-tasiilaq","14":"product_tag-tasiilaq-da","15":"pa_activities-isbjerg-udsigt","16":"pa_activities-dyreliv-safari","17":"pa_activities-hval-safari","18":"pa_available-month-august","19":"pa_available-month-september","20":"pa_available-month-oktober","21":"pa_destinations-tasiilaq","22":"pa_difficulty-let","23":"pa_duration-3-timer","24":"pa_tour-type-dagsture","25":"yith_shop_vendor-arctic-dream-da","26":"yith_booking_service-pick-up-from-kulusuk","28":"first","29":"instock","30":"virtual","31":"sold-individually","32":"purchasable","33":"product-type-booking"},"acf":[],"yoast_head":"<!-- This site is optimized with the Yoast SEO plugin v25.6 - https:\/\/yoast.com\/wordpress\/plugins\/seo\/ -->\n<title>Hval- og isbjergsafari | Tasiilaq | \u00d8stgr\u00f8nland | Guide to Greenland<\/title>\n<meta name=\"robots\" content=\"index, follow, max-snippet:-1, max-image-preview:large, max-video-preview:-1\" \/>\n<link rel=\"canonical\" href=\"https:\/\/guidetogreenland.com\/da\/reserver-ferie-rejser\/hval-og-isbjergsafari-tasiilaq-ostgronland\/\" \/>\n<meta property=\"og:locale\" content=\"da_DK\" \/>\n<meta property=\"og:type\" content=\"article\" \/>\n<meta property=\"og:title\" content=\"Hval- og isbjergsafari | Tasiilaq | \u00d8stgr\u00f8nland | Guide to Greenland\" \/>\n<meta property=\"og:description\" content=\"Tag med p\u00e5 denne aftentur\u00a0og kig efter\u00a0hvaler! En unik oplevelse hvor man er omgivet af isbjerge i alle mulige st\u00f8rrelser og former! Kun nogle f\u00e5 \u00f8jeblikke efter i er taget afsted fra havnen af, vil i kunne se de f\u00f8rste isbjerge i fjorden! Mens i nyder udsigten kigger kaptajnen efter hvaler. S\u00e5 snart i n\u00e5r...\" \/>\n<meta property=\"og:url\" content=\"https:\/\/guidetogreenland.com\/da\/reserver-ferie-rejser\/hval-og-isbjergsafari-tasiilaq-ostgronland\/\" \/>\n<meta property=\"og:site_name\" content=\"Guide to Greenland\" \/>\n<meta property=\"article:modified_time\" content=\"2025-04-11T14:52:54+00:00\" \/>\n<meta property=\"og:image\" content=\"https:\/\/guidetogreenland.com\/wp-content\/uploads\/2020\/05\/Skaermbillede-2022-07-20-kl.-12.48.29.png\" \/>\n\t<meta property=\"og:image:width\" content=\"1280\" \/>\n\t<meta property=\"og:image:height\" content=\"1038\" \/>\n\t<meta property=\"og:image:type\" content=\"image\/png\" \/>\n<meta name=\"twitter:card\" content=\"summary_large_image\" \/>\n<meta name=\"twitter:label1\" content=\"Estimeret l\u00e6setid\" \/>\n\t<meta name=\"twitter:data1\" content=\"2 minutter\" \/>\n<script type=\"application\/ld+json\" class=\"yoast-schema-graph\">{\"@context\":\"https:\/\/schema.org\",\"@graph\":[{\"@type\":\"WebPage\",\"@id\":\"https:\/\/guidetogreenland.com\/da\/reserver-ferie-rejser\/hval-og-isbjergsafari-tasiilaq-ostgronland\/\",\"url\":\"https:\/\/guidetogreenland.com\/da\/reserver-ferie-rejser\/hval-og-isbjergsafari-tasiilaq-ostgronland\/\",\"name\":\"Hval- og isbjergsafari | Tasiilaq | \u00d8stgr\u00f8nland | Guide to Greenland\",\"isPartOf\":{\"@id\":\"https:\/\/guidetogreenland.com\/da\/#website\"},\"primaryImageOfPage\":{\"@id\":\"https:\/\/guidetogreenland.com\/da\/reserver-ferie-rejser\/hval-og-isbjergsafari-tasiilaq-ostgronland\/#primaryimage\"},\"image\":{\"@id\":\"https:\/\/guidetogreenland.com\/da\/reserver-ferie-rejser\/hval-og-isbjergsafari-tasiilaq-ostgronland\/#primaryimage\"},\"thumbnailUrl\":\"https:\/\/guidetogreenland.com\/wp-content\/uploads\/2020\/05\/Skaermbillede-2022-07-20-kl.-12.48.29.png\",\"datePublished\":\"2020-05-20T15:14:00+00:00\",\"dateModified\":\"2025-04-11T14:52:54+00:00\",\"breadcrumb\":{\"@id\":\"https:\/\/guidetogreenland.com\/da\/reserver-ferie-rejser\/hval-og-isbjergsafari-tasiilaq-ostgronland\/#breadcrumb\"},\"inLanguage\":\"da-DK\",\"potentialAction\":[{\"@type\":\"ReadAction\",\"target\":[\"https:\/\/guidetogreenland.com\/da\/reserver-ferie-rejser\/hval-og-isbjergsafari-tasiilaq-ostgronland\/\"]}]},{\"@type\":\"ImageObject\",\"inLanguage\":\"da-DK\",\"@id\":\"https:\/\/guidetogreenland.com\/da\/reserver-ferie-rejser\/hval-og-isbjergsafari-tasiilaq-ostgronland\/#primaryimage\",\"url\":\"https:\/\/guidetogreenland.com\/wp-content\/uploads\/2020\/05\/Skaermbillede-2022-07-20-kl.-12.48.29.png\",\"contentUrl\":\"https:\/\/guidetogreenland.com\/wp-content\/uploads\/2020\/05\/Skaermbillede-2022-07-20-kl.-12.48.29.png\",\"width\":1280,\"height\":1038},{\"@type\":\"BreadcrumbList\",\"@id\":\"https:\/\/guidetogreenland.com\/da\/reserver-ferie-rejser\/hval-og-isbjergsafari-tasiilaq-ostgronland\/#breadcrumb\",\"itemListElement\":[{\"@type\":\"ListItem\",\"position\":1,\"name\":\"Home\",\"item\":\"https:\/\/guidetogreenland.com\/da\/\"},{\"@type\":\"ListItem\",\"position\":2,\"name\":\"Se alle ture\",\"item\":\"https:\/\/guidetogreenland.com\/da\/reserver-ferie-rejser\/\"},{\"@type\":\"ListItem\",\"position\":3,\"name\":\"Hval- og isbjergsafari | Tasiilaq | \u00d8stgr\u00f8nland\"}]},{\"@type\":\"WebSite\",\"@id\":\"https:\/\/guidetogreenland.com\/da\/#website\",\"url\":\"https:\/\/guidetogreenland.com\/da\/\",\"name\":\"Guide to Greenland\",\"description\":\"Largest selection of tours in Greenland\",\"potentialAction\":[{\"@type\":\"SearchAction\",\"target\":{\"@type\":\"EntryPoint\",\"urlTemplate\":\"https:\/\/guidetogreenland.com\/da\/?s={search_term_string}\"},\"query-input\":{\"@type\":\"PropertyValueSpecification\",\"valueRequired\":true,\"valueName\":\"search_term_string\"}}],\"inLanguage\":\"da-DK\"}]}<\/script>\n<!-- \/ Yoast SEO plugin. -->","yoast_head_json":{"title":"Hval- og isbjergsafari | Tasiilaq | \u00d8stgr\u00f8nland | Guide to Greenland","robots":{"index":"index","follow":"follow","max-snippet":"max-snippet:-1","max-image-preview":"max-image-preview:large","max-video-preview":"max-video-preview:-1"},"canonical":"https:\/\/guidetogreenland.com\/da\/reserver-ferie-rejser\/hval-og-isbjergsafari-tasiilaq-ostgronland\/","og_locale":"da_DK","og_type":"article","og_title":"Hval- og isbjergsafari | Tasiilaq | \u00d8stgr\u00f8nland | Guide to Greenland","og_description":"Tag med p\u00e5 denne aftentur\u00a0og kig efter\u00a0hvaler! En unik oplevelse hvor man er omgivet af isbjerge i alle mulige st\u00f8rrelser og former! Kun nogle f\u00e5 \u00f8jeblikke efter i er taget afsted fra havnen af, vil i kunne se de f\u00f8rste isbjerge i fjorden! Mens i nyder udsigten kigger kaptajnen efter hvaler. S\u00e5 snart i n\u00e5r...","og_url":"https:\/\/guidetogreenland.com\/da\/reserver-ferie-rejser\/hval-og-isbjergsafari-tasiilaq-ostgronland\/","og_site_name":"Guide to Greenland","article_modified_time":"2025-04-11T14:52:54+00:00","og_image":[{"width":1280,"height":1038,"url":"https:\/\/guidetogreenland.com\/wp-content\/uploads\/2020\/05\/Skaermbillede-2022-07-20-kl.-12.48.29.png","type":"image\/png"}],"twitter_card":"summary_large_image","twitter_misc":{"Estimeret l\u00e6setid":"2 minutter"},"schema":{"@context":"https:\/\/schema.org","@graph":[{"@type":"WebPage","@id":"https:\/\/guidetogreenland.com\/da\/reserver-ferie-rejser\/hval-og-isbjergsafari-tasiilaq-ostgronland\/","url":"https:\/\/guidetogreenland.com\/da\/reserver-ferie-rejser\/hval-og-isbjergsafari-tasiilaq-ostgronland\/","name":"Hval- og isbjergsafari | Tasiilaq | \u00d8stgr\u00f8nland | Guide to Greenland","isPartOf":{"@id":"https:\/\/guidetogreenland.com\/da\/#website"},"primaryImageOfPage":{"@id":"https:\/\/guidetogreenland.com\/da\/reserver-ferie-rejser\/hval-og-isbjergsafari-tasiilaq-ostgronland\/#primaryimage"},"image":{"@id":"https:\/\/guidetogreenland.com\/da\/reserver-ferie-rejser\/hval-og-isbjergsafari-tasiilaq-ostgronland\/#primaryimage"},"thumbnailUrl":"https:\/\/guidetogreenland.com\/wp-content\/uploads\/2020\/05\/Skaermbillede-2022-07-20-kl.-12.48.29.png","datePublished":"2020-05-20T15:14:00+00:00","dateModified":"2025-04-11T14:52:54+00:00","breadcrumb":{"@id":"https:\/\/guidetogreenland.com\/da\/reserver-ferie-rejser\/hval-og-isbjergsafari-tasiilaq-ostgronland\/#breadcrumb"},"inLanguage":"da-DK","potentialAction":[{"@type":"ReadAction","target":["https:\/\/guidetogreenland.com\/da\/reserver-ferie-rejser\/hval-og-isbjergsafari-tasiilaq-ostgronland\/"]}]},{"@type":"ImageObject","inLanguage":"da-DK","@id":"https:\/\/guidetogreenland.com\/da\/reserver-ferie-rejser\/hval-og-isbjergsafari-tasiilaq-ostgronland\/#primaryimage","url":"https:\/\/guidetogreenland.com\/wp-content\/uploads\/2020\/05\/Skaermbillede-2022-07-20-kl.-12.48.29.png","contentUrl":"https:\/\/guidetogreenland.com\/wp-content\/uploads\/2020\/05\/Skaermbillede-2022-07-20-kl.-12.48.29.png","width":1280,"height":1038},{"@type":"BreadcrumbList","@id":"https:\/\/guidetogreenland.com\/da\/reserver-ferie-rejser\/hval-og-isbjergsafari-tasiilaq-ostgronland\/#breadcrumb","itemListElement":[{"@type":"ListItem","position":1,"name":"Home","item":"https:\/\/guidetogreenland.com\/da\/"},{"@type":"ListItem","position":2,"name":"Se alle ture","item":"https:\/\/guidetogreenland.com\/da\/reserver-ferie-rejser\/"},{"@type":"ListItem","position":3,"name":"Hval- og isbjergsafari | Tasiilaq | \u00d8stgr\u00f8nland"}]},{"@type":"WebSite","@id":"https:\/\/guidetogreenland.com\/da\/#website","url":"https:\/\/guidetogreenland.com\/da\/","name":"Guide to Greenland","description":"Largest selection of tours in Greenland","potentialAction":[{"@type":"SearchAction","target":{"@type":"EntryPoint","urlTemplate":"https:\/\/guidetogreenland.com\/da\/?s={search_term_string}"},"query-input":{"@type":"PropertyValueSpecification","valueRequired":true,"valueName":"search_term_string"}}],"inLanguage":"da-DK"}]}},"_links":{"self":[{"href":"https:\/\/guidetogreenland.com\/da\/wp-json\/wp\/v2\/product\/13602","targetHints":{"allow":["GET"]}}],"collection":[{"href":"https:\/\/guidetogreenland.com\/da\/wp-json\/wp\/v2\/product"}],"about":[{"href":"https:\/\/guidetogreenland.com\/da\/wp-json\/wp\/v2\/types\/product"}],"replies":[{"embeddable":true,"href":"https:\/\/guidetogreenland.com\/da\/wp-json\/wp\/v2\/comments?post=13602"}],"wp:featuredmedia":[{"embeddable":true,"href":"https:\/\/guidetogreenland.com\/da\/wp-json\/wp\/v2\/media\/28415"}],"wp:attachment":[{"href":"https:\/\/guidetogreenland.com\/da\/wp-json\/wp\/v2\/media?parent=13602"}],"wp:term":[{"taxonomy":"product_brand","embeddable":true,"href":"https:\/\/guidetogreenland.com\/da\/wp-json\/wp\/v2\/product_brand?post=13602"},{"taxonomy":"product_cat","embeddable":true,"href":"https:\/\/guidetogreenland.com\/da\/wp-json\/wp\/v2\/product_cat?post=13602"},{"taxonomy":"product_tag","embeddable":true,"href":"https:\/\/guidetogreenland.com\/da\/wp-json\/wp\/v2\/product_tag?post=13602"}],"curies":[{"name":"wp","href":"https:\/\/api.w.org\/{rel}","templated":true}]}}