{"id":13635,"date":"2020-05-15T13:47:46","date_gmt":"2020-05-15T13:47:46","guid":{"rendered":"https:\/\/guidetogreenland.com\/book-trips-holiday\/northern-lights-tour-kangerlussuaq-west-greenland\/"},"modified":"2026-03-04T21:44:18","modified_gmt":"2026-03-05T00:44:18","slug":"nordlys-tur-kangerlussuaq-vest-greenland","status":"publish","type":"product","link":"https:\/\/guidetogreenland.com\/da\/reserver-ferie-rejser\/nordlystur-kangerlussuaq-vest-gronland\/","title":{"rendered":"Nordlystur | Kangerlussuaq | Vest Gr\u00f8nland"},"content":{"rendered":"<p class=\"x-18pep25\">Kunne du t\u00e6nke dig at se de fantastiske nordlys danse p\u00e5 den arktiske himmel? S\u00e5 tag med p\u00e5 denne tur med bus eller 4-hjulstr\u00e6kker i jagten efter Aurora Borealis!<\/p>\n<p class=\"e1imf5dp0 x-jm2771\">I k\u00f8rer ud i landskabet v\u00e6k fra enhver lysforurening for at give et bedre blik til de smukke nordlys. Kangerlussuaq er det perfekte sted at se dem, med kun 500 indbyggere er lysforureningen minimal og her er vejret ogs\u00e5 kendt for sine klare dage, hvilket g\u00f8r dine chancer her st\u00f8rre end noget andet sted. Det er pr\u00e6cis derfor at Kelly Ville blev bygget her, en forskningsstation der unders\u00f8gte nordlys her i<span class=\"x-12abj6v e1uuu2lt3\"> mere end 30 \u00e5r. N\u00e5r du og din lille gruppe har fundet et perfekt spot vil guiden begynde at lave Gr\u00f8nlandsk kaffe mens han fort\u00e6ller myter og svarer p\u00e5 de sp\u00f8rgsm\u00e5l i nu engang kan have om nordlys.<\/span><\/p>\n<p class=\"e1imf5dp0 x-jm2771\"><span class=\"x-12abj6v e1uuu2lt3\">At se nordlys er en vidunderlig oplevelse og selv de lokale bliver aldrig tr\u00e6tte af at se dem. Tjek muligheden for at komme p\u00e5 denne tur ved at trykke p\u00e5 &#8216;v\u00e6lg en dato&#8217; for oven.<\/span><\/p>\n<p class=\"e1imf5dp0 x-jm2771\">\n","protected":false},"excerpt":{"rendered":"Kunne du t\u00e6nke dig at se de fantastiske nordlys danse p\u00e5 den arktiske himmel? S\u00e5 tag med p\u00e5 denne tur med bus eller 4-hjulstr\u00e6kker i jagten efter Aurora Borealis! I k\u00f8rer ud i landskabet v\u00e6k fra enhver lysforurening for at give et bedre blik til de smukke nordlys. Kangerlussuaq er det perfekte sted at se&#8230;","protected":false},"featured_media":13637,"comment_status":"open","ping_status":"closed","template":"","meta":[],"product_brand":[],"product_cat":[628,606,612,619,593,627,643,646],"product_tag":[924],"class_list":{"0":"post-13635","1":"product","2":"type-product","3":"status-publish","4":"has-post-thumbnail","6":"product_cat-arctic-circle-trail","7":"product_cat-dagsture-om-vinteren","8":"product_cat-natur-og-dyreliv-i-groenland","9":"product_cat-nordlys-ture","10":"product_cat-oplevelser-i-groenland","11":"product_cat-ture-i-bestemte-omraader","12":"product_cat-ture-i-hver-by","13":"product_cat-ture-i-kangerlussuaq","14":"product_tag-kangerlussuaq-da","15":"pa_activities-nordlys","16":"pa_attractions-nordlys","17":"pa_available-month-februar","18":"pa_available-month-marts","19":"pa_available-month-april","20":"pa_available-month-september","21":"pa_available-month-oktober","22":"pa_available-month-november","23":"pa_destinations-kangerlussuaq","24":"pa_difficulty-let","25":"pa_duration-2-timer","26":"pa_tour-type-dagsture","27":"yith_shop_vendor-albatros-arctic-circle-da","29":"first","30":"instock","31":"virtual","32":"sold-individually","33":"purchasable","34":"product-type-booking"},"acf":[],"yoast_head":"<!-- This site is optimized with the Yoast SEO plugin v25.6 - https:\/\/yoast.com\/wordpress\/plugins\/seo\/ -->\n<title>Nordlystur | Kangerlussuaq | Vest Gr\u00f8nland | Guide to Greenland<\/title>\n<meta name=\"robots\" content=\"index, follow, max-snippet:-1, max-image-preview:large, max-video-preview:-1\" \/>\n<link rel=\"canonical\" href=\"https:\/\/guidetogreenland.com\/da\/reserver-ferie-rejser\/nordlystur-kangerlussuaq-vest-gronland\/\" \/>\n<meta property=\"og:locale\" content=\"da_DK\" \/>\n<meta property=\"og:type\" content=\"article\" \/>\n<meta property=\"og:title\" content=\"Nordlystur | Kangerlussuaq | Vest Gr\u00f8nland | Guide to Greenland\" \/>\n<meta property=\"og:description\" content=\"Kunne du t\u00e6nke dig at se de fantastiske nordlys danse p\u00e5 den arktiske himmel? S\u00e5 tag med p\u00e5 denne tur med bus eller 4-hjulstr\u00e6kker i jagten efter Aurora Borealis! I k\u00f8rer ud i landskabet v\u00e6k fra enhver lysforurening for at give et bedre blik til de smukke nordlys. Kangerlussuaq er det perfekte sted at se...\" \/>\n<meta property=\"og:url\" content=\"https:\/\/guidetogreenland.com\/da\/reserver-ferie-rejser\/nordlystur-kangerlussuaq-vest-gronland\/\" \/>\n<meta property=\"og:site_name\" content=\"Guide to Greenland\" \/>\n<meta property=\"article:modified_time\" content=\"2026-03-05T00:44:18+00:00\" \/>\n<meta property=\"og:image\" content=\"https:\/\/guidetogreenland.com\/wp-content\/uploads\/2020\/05\/northern-lights-tour-kangerlussuaq-west-greenland-Guide-to-Greenland-17.jpg\" \/>\n\t<meta property=\"og:image:width\" content=\"926\" \/>\n\t<meta property=\"og:image:height\" content=\"576\" \/>\n\t<meta property=\"og:image:type\" content=\"image\/jpeg\" \/>\n<meta name=\"twitter:card\" content=\"summary_large_image\" \/>\n<meta name=\"twitter:label1\" content=\"Estimeret l\u00e6setid\" \/>\n\t<meta name=\"twitter:data1\" content=\"1 minut\" \/>\n<script type=\"application\/ld+json\" class=\"yoast-schema-graph\">{\"@context\":\"https:\/\/schema.org\",\"@graph\":[{\"@type\":\"WebPage\",\"@id\":\"https:\/\/guidetogreenland.com\/da\/reserver-ferie-rejser\/nordlystur-kangerlussuaq-vest-gronland\/\",\"url\":\"https:\/\/guidetogreenland.com\/da\/reserver-ferie-rejser\/nordlystur-kangerlussuaq-vest-gronland\/\",\"name\":\"Nordlystur | Kangerlussuaq | Vest Gr\u00f8nland | Guide to Greenland\",\"isPartOf\":{\"@id\":\"https:\/\/guidetogreenland.com\/da\/#website\"},\"primaryImageOfPage\":{\"@id\":\"https:\/\/guidetogreenland.com\/da\/reserver-ferie-rejser\/nordlystur-kangerlussuaq-vest-gronland\/#primaryimage\"},\"image\":{\"@id\":\"https:\/\/guidetogreenland.com\/da\/reserver-ferie-rejser\/nordlystur-kangerlussuaq-vest-gronland\/#primaryimage\"},\"thumbnailUrl\":\"https:\/\/guidetogreenland.com\/wp-content\/uploads\/2020\/05\/northern-lights-tour-kangerlussuaq-west-greenland-Guide-to-Greenland-17.jpg\",\"datePublished\":\"2020-05-15T13:47:46+00:00\",\"dateModified\":\"2026-03-05T00:44:18+00:00\",\"breadcrumb\":{\"@id\":\"https:\/\/guidetogreenland.com\/da\/reserver-ferie-rejser\/nordlystur-kangerlussuaq-vest-gronland\/#breadcrumb\"},\"inLanguage\":\"da-DK\",\"potentialAction\":[{\"@type\":\"ReadAction\",\"target\":[\"https:\/\/guidetogreenland.com\/da\/reserver-ferie-rejser\/nordlystur-kangerlussuaq-vest-gronland\/\"]}]},{\"@type\":\"ImageObject\",\"inLanguage\":\"da-DK\",\"@id\":\"https:\/\/guidetogreenland.com\/da\/reserver-ferie-rejser\/nordlystur-kangerlussuaq-vest-gronland\/#primaryimage\",\"url\":\"https:\/\/guidetogreenland.com\/wp-content\/uploads\/2020\/05\/northern-lights-tour-kangerlussuaq-west-greenland-Guide-to-Greenland-17.jpg\",\"contentUrl\":\"https:\/\/guidetogreenland.com\/wp-content\/uploads\/2020\/05\/northern-lights-tour-kangerlussuaq-west-greenland-Guide-to-Greenland-17.jpg\",\"width\":926,\"height\":576},{\"@type\":\"BreadcrumbList\",\"@id\":\"https:\/\/guidetogreenland.com\/da\/reserver-ferie-rejser\/nordlystur-kangerlussuaq-vest-gronland\/#breadcrumb\",\"itemListElement\":[{\"@type\":\"ListItem\",\"position\":1,\"name\":\"Home\",\"item\":\"https:\/\/guidetogreenland.com\/da\/\"},{\"@type\":\"ListItem\",\"position\":2,\"name\":\"Se alle ture\",\"item\":\"https:\/\/guidetogreenland.com\/da\/reserver-ferie-rejser\/\"},{\"@type\":\"ListItem\",\"position\":3,\"name\":\"Nordlystur | Kangerlussuaq | Vest Gr\u00f8nland\"}]},{\"@type\":\"WebSite\",\"@id\":\"https:\/\/guidetogreenland.com\/da\/#website\",\"url\":\"https:\/\/guidetogreenland.com\/da\/\",\"name\":\"Guide to Greenland\",\"description\":\"Largest selection of tours in Greenland\",\"potentialAction\":[{\"@type\":\"SearchAction\",\"target\":{\"@type\":\"EntryPoint\",\"urlTemplate\":\"https:\/\/guidetogreenland.com\/da\/?s={search_term_string}\"},\"query-input\":{\"@type\":\"PropertyValueSpecification\",\"valueRequired\":true,\"valueName\":\"search_term_string\"}}],\"inLanguage\":\"da-DK\"}]}<\/script>\n<!-- \/ Yoast SEO plugin. -->","yoast_head_json":{"title":"Nordlystur | Kangerlussuaq | Vest Gr\u00f8nland | Guide to Greenland","robots":{"index":"index","follow":"follow","max-snippet":"max-snippet:-1","max-image-preview":"max-image-preview:large","max-video-preview":"max-video-preview:-1"},"canonical":"https:\/\/guidetogreenland.com\/da\/reserver-ferie-rejser\/nordlystur-kangerlussuaq-vest-gronland\/","og_locale":"da_DK","og_type":"article","og_title":"Nordlystur | Kangerlussuaq | Vest Gr\u00f8nland | Guide to Greenland","og_description":"Kunne du t\u00e6nke dig at se de fantastiske nordlys danse p\u00e5 den arktiske himmel? S\u00e5 tag med p\u00e5 denne tur med bus eller 4-hjulstr\u00e6kker i jagten efter Aurora Borealis! I k\u00f8rer ud i landskabet v\u00e6k fra enhver lysforurening for at give et bedre blik til de smukke nordlys. Kangerlussuaq er det perfekte sted at se...","og_url":"https:\/\/guidetogreenland.com\/da\/reserver-ferie-rejser\/nordlystur-kangerlussuaq-vest-gronland\/","og_site_name":"Guide to Greenland","article_modified_time":"2026-03-05T00:44:18+00:00","og_image":[{"width":926,"height":576,"url":"https:\/\/guidetogreenland.com\/wp-content\/uploads\/2020\/05\/northern-lights-tour-kangerlussuaq-west-greenland-Guide-to-Greenland-17.jpg","type":"image\/jpeg"}],"twitter_card":"summary_large_image","twitter_misc":{"Estimeret l\u00e6setid":"1 minut"},"schema":{"@context":"https:\/\/schema.org","@graph":[{"@type":"WebPage","@id":"https:\/\/guidetogreenland.com\/da\/reserver-ferie-rejser\/nordlystur-kangerlussuaq-vest-gronland\/","url":"https:\/\/guidetogreenland.com\/da\/reserver-ferie-rejser\/nordlystur-kangerlussuaq-vest-gronland\/","name":"Nordlystur | Kangerlussuaq | Vest Gr\u00f8nland | Guide to Greenland","isPartOf":{"@id":"https:\/\/guidetogreenland.com\/da\/#website"},"primaryImageOfPage":{"@id":"https:\/\/guidetogreenland.com\/da\/reserver-ferie-rejser\/nordlystur-kangerlussuaq-vest-gronland\/#primaryimage"},"image":{"@id":"https:\/\/guidetogreenland.com\/da\/reserver-ferie-rejser\/nordlystur-kangerlussuaq-vest-gronland\/#primaryimage"},"thumbnailUrl":"https:\/\/guidetogreenland.com\/wp-content\/uploads\/2020\/05\/northern-lights-tour-kangerlussuaq-west-greenland-Guide-to-Greenland-17.jpg","datePublished":"2020-05-15T13:47:46+00:00","dateModified":"2026-03-05T00:44:18+00:00","breadcrumb":{"@id":"https:\/\/guidetogreenland.com\/da\/reserver-ferie-rejser\/nordlystur-kangerlussuaq-vest-gronland\/#breadcrumb"},"inLanguage":"da-DK","potentialAction":[{"@type":"ReadAction","target":["https:\/\/guidetogreenland.com\/da\/reserver-ferie-rejser\/nordlystur-kangerlussuaq-vest-gronland\/"]}]},{"@type":"ImageObject","inLanguage":"da-DK","@id":"https:\/\/guidetogreenland.com\/da\/reserver-ferie-rejser\/nordlystur-kangerlussuaq-vest-gronland\/#primaryimage","url":"https:\/\/guidetogreenland.com\/wp-content\/uploads\/2020\/05\/northern-lights-tour-kangerlussuaq-west-greenland-Guide-to-Greenland-17.jpg","contentUrl":"https:\/\/guidetogreenland.com\/wp-content\/uploads\/2020\/05\/northern-lights-tour-kangerlussuaq-west-greenland-Guide-to-Greenland-17.jpg","width":926,"height":576},{"@type":"BreadcrumbList","@id":"https:\/\/guidetogreenland.com\/da\/reserver-ferie-rejser\/nordlystur-kangerlussuaq-vest-gronland\/#breadcrumb","itemListElement":[{"@type":"ListItem","position":1,"name":"Home","item":"https:\/\/guidetogreenland.com\/da\/"},{"@type":"ListItem","position":2,"name":"Se alle ture","item":"https:\/\/guidetogreenland.com\/da\/reserver-ferie-rejser\/"},{"@type":"ListItem","position":3,"name":"Nordlystur | Kangerlussuaq | Vest Gr\u00f8nland"}]},{"@type":"WebSite","@id":"https:\/\/guidetogreenland.com\/da\/#website","url":"https:\/\/guidetogreenland.com\/da\/","name":"Guide to Greenland","description":"Largest selection of tours in Greenland","potentialAction":[{"@type":"SearchAction","target":{"@type":"EntryPoint","urlTemplate":"https:\/\/guidetogreenland.com\/da\/?s={search_term_string}"},"query-input":{"@type":"PropertyValueSpecification","valueRequired":true,"valueName":"search_term_string"}}],"inLanguage":"da-DK"}]}},"_links":{"self":[{"href":"https:\/\/guidetogreenland.com\/da\/wp-json\/wp\/v2\/product\/13635","targetHints":{"allow":["GET"]}}],"collection":[{"href":"https:\/\/guidetogreenland.com\/da\/wp-json\/wp\/v2\/product"}],"about":[{"href":"https:\/\/guidetogreenland.com\/da\/wp-json\/wp\/v2\/types\/product"}],"replies":[{"embeddable":true,"href":"https:\/\/guidetogreenland.com\/da\/wp-json\/wp\/v2\/comments?post=13635"}],"wp:featuredmedia":[{"embeddable":true,"href":"https:\/\/guidetogreenland.com\/da\/wp-json\/wp\/v2\/media\/13637"}],"wp:attachment":[{"href":"https:\/\/guidetogreenland.com\/da\/wp-json\/wp\/v2\/media?parent=13635"}],"wp:term":[{"taxonomy":"product_brand","embeddable":true,"href":"https:\/\/guidetogreenland.com\/da\/wp-json\/wp\/v2\/product_brand?post=13635"},{"taxonomy":"product_cat","embeddable":true,"href":"https:\/\/guidetogreenland.com\/da\/wp-json\/wp\/v2\/product_cat?post=13635"},{"taxonomy":"product_tag","embeddable":true,"href":"https:\/\/guidetogreenland.com\/da\/wp-json\/wp\/v2\/product_tag?post=13635"}],"curies":[{"name":"wp","href":"https:\/\/api.w.org\/{rel}","templated":true}]}}