{"id":13663,"date":"2020-05-20T12:43:34","date_gmt":"2020-05-20T12:43:34","guid":{"rendered":"https:\/\/guidetogreenland.com\/book-trips-holiday\/waterfall-hike-kangerlussuaq-west-greenland\/"},"modified":"2022-08-31T12:39:14","modified_gmt":"2022-08-31T15:39:14","slug":"vandfaldsvandring-kangerlussuaq-vestgroenland","status":"publish","type":"product","link":"https:\/\/guidetogreenland.com\/da\/reserver-ferie-rejser\/vandfaldsvandring-kangerlussuaq-vestgronland\/","title":{"rendered":"Vandfaldsvandring | Kangerlussuaq | Vestgr\u00f8nland"},"content":{"rendered":"<p class=\"x-18pep25\">Kom med p\u00e5 denne vandretur gennem uber\u00f8rt tundra i det smukke omr\u00e5de af Kangerlussuaq. M\u00e5let for turen er at st\u00e5 p\u00e5 toppen af et vandfald, hvor du vil kunne f\u00e5 et panorama blik af det smukke \u00f8rken-lignende landskab.<\/p>\n<p class=\"e1imf5dp0 x-jm2771\">Du vil sammen med dine medrejsende kunne studere det arktiske flora, se terr\u00e6n formet efter den massive indlandsis, som i dag laver smukke krater imellem bjergene. Turen op vil v\u00e6re i dit tempo, s\u00e5 du kan f\u00e5 det meste ud af turen og tage alle de billeder du skal bruge. Der vil ogs\u00e5 v\u00e6re rimeligt stor chance for at se dyreliv af enten arktisk r\u00e6v, hare og m\u00e5ske endda rensdyr og mosku<span class=\"x-12abj6v e1uuu2lt3\">s oksen. S\u00e5 hold et skarpt \u00f8je med dine omgivelser, p\u00e5 vandreturen op ad bjerget.<\/span><\/p>\n<p class=\"e1imf5dp0 x-jm2771\"><span class=\"x-12abj6v e1uuu2lt3\">Denne tur er for enhver der \u00f8nsker at opleve Gr\u00f8nland og det arktiske landskab, i selskab med en velkendt guide ved din side. Kangerlussuaq er en af de f\u00e5 bygder, der er placeret p\u00e5 indlandet, da indlandsisen fylder 80% af Gr\u00f8nlands overflade, hvilket g\u00f8r Kangerlussuaq endnu mere unik af flot \u00f8rken. Du vil som en af de f\u00e6rreste steder, kunne k\u00f8re op p\u00e5 isen og p\u00e5 vejen se gletsjer v\u00e6gge.<\/span><\/p>\n<p class=\"e1imf5dp0 x-jm2771\"><span class=\"x-12abj6v e1uuu2lt3\">G\u00e5 ikke glip af denne eksklusive vandretur i det fantastiske landskab omkring Kangerlussuaq. Se tilg\u00e6ngeligheden ved at trykke p\u00e5&#8217;V\u00e6lg en dag&#8217; og book din tur i dag.<\/span><\/p>\n","protected":false},"excerpt":{"rendered":"Kom med p\u00e5 denne vandretur gennem uber\u00f8rt tundra i det smukke omr\u00e5de af Kangerlussuaq. M\u00e5let for turen er at st\u00e5 p\u00e5 toppen af et vandfald, hvor du vil kunne f\u00e5 et panorama blik af det smukke \u00f8rken-lignende landskab. Du vil sammen med dine medrejsende kunne studere det arktiske flora, se terr\u00e6n formet efter den massive&#8230;","protected":false},"featured_media":13665,"comment_status":"open","ping_status":"closed","template":"","meta":[],"product_brand":[],"product_cat":[854],"product_tag":[],"class_list":{"0":"post-13663","1":"product","2":"type-product","3":"status-publish","4":"has-post-thumbnail","6":"product_cat-uncategorized-da","7":"pa_activities-vandretur","8":"pa_available-month-januar","9":"pa_available-month-februar","10":"pa_available-month-marts","11":"pa_available-month-april","12":"pa_available-month-maj","13":"pa_available-month-juni","14":"pa_available-month-juli","15":"pa_available-month-august","16":"pa_available-month-september","17":"pa_available-month-oktober","18":"pa_available-month-november","19":"pa_available-month-december","20":"pa_destinations-kangerlussuaq","21":"pa_difficulty-let","22":"pa_duration-2-5-time","23":"pa_tour-type-dagsture","24":"yith_shop_vendor-arctic-ice-tours-da","25":"yith_booking_service-combine-with-coastline-sightseeing-1hr","26":"yith_booking_service-combine-with-sugarloaf-mountain-top-1hr","28":"first","29":"instock","30":"virtual","31":"sold-individually","32":"purchasable","33":"product-type-booking"},"acf":[],"yoast_head":"<!-- This site is optimized with the Yoast SEO plugin v25.6 - https:\/\/yoast.com\/wordpress\/plugins\/seo\/ -->\n<title>Vandfaldsvandring | Kangerlussuaq | Vestgr\u00f8nland | Guide to Greenland<\/title>\n<meta name=\"description\" content=\"Bes\u00f8g Gr\u00f8nland og vov dig ind i vildniset n\u00e6r Kangerlussuaq, hvor det vilde dyreliv trives i det arktiske terr\u00e6n.\" \/>\n<meta name=\"robots\" content=\"index, follow, max-snippet:-1, max-image-preview:large, max-video-preview:-1\" \/>\n<link rel=\"canonical\" href=\"https:\/\/guidetogreenland.com\/da\/reserver-ferie-rejser\/vandfaldsvandring-kangerlussuaq-vestgronland\/\" \/>\n<meta property=\"og:locale\" content=\"da_DK\" \/>\n<meta property=\"og:type\" content=\"article\" \/>\n<meta property=\"og:title\" content=\"Vandfaldsvandring | Kangerlussuaq | Vestgr\u00f8nland | Guide to Greenland\" \/>\n<meta property=\"og:description\" content=\"Bes\u00f8g Gr\u00f8nland og vov dig ind i vildniset n\u00e6r Kangerlussuaq, hvor det vilde dyreliv trives i det arktiske terr\u00e6n.\" \/>\n<meta property=\"og:url\" content=\"https:\/\/guidetogreenland.com\/da\/reserver-ferie-rejser\/vandfaldsvandring-kangerlussuaq-vestgronland\/\" \/>\n<meta property=\"og:site_name\" content=\"Guide to Greenland\" \/>\n<meta property=\"article:modified_time\" content=\"2022-08-31T15:39:14+00:00\" \/>\n<meta property=\"og:image\" content=\"https:\/\/guidetogreenland.com\/wp-content\/uploads\/2020\/05\/waterfall-hike-kangerlussuaq-west-greenland-Guide-to-Greenland20.jpg\" \/>\n\t<meta property=\"og:image:width\" content=\"798\" \/>\n\t<meta property=\"og:image:height\" content=\"532\" \/>\n\t<meta property=\"og:image:type\" content=\"image\/jpeg\" \/>\n<meta name=\"twitter:card\" content=\"summary_large_image\" \/>\n<meta name=\"twitter:label1\" content=\"Estimeret l\u00e6setid\" \/>\n\t<meta name=\"twitter:data1\" content=\"1 minut\" \/>\n<script type=\"application\/ld+json\" class=\"yoast-schema-graph\">{\"@context\":\"https:\/\/schema.org\",\"@graph\":[{\"@type\":\"WebPage\",\"@id\":\"https:\/\/guidetogreenland.com\/da\/reserver-ferie-rejser\/vandfaldsvandring-kangerlussuaq-vestgronland\/\",\"url\":\"https:\/\/guidetogreenland.com\/da\/reserver-ferie-rejser\/vandfaldsvandring-kangerlussuaq-vestgronland\/\",\"name\":\"Vandfaldsvandring | Kangerlussuaq | Vestgr\u00f8nland | Guide to Greenland\",\"isPartOf\":{\"@id\":\"https:\/\/guidetogreenland.com\/da\/#website\"},\"primaryImageOfPage\":{\"@id\":\"https:\/\/guidetogreenland.com\/da\/reserver-ferie-rejser\/vandfaldsvandring-kangerlussuaq-vestgronland\/#primaryimage\"},\"image\":{\"@id\":\"https:\/\/guidetogreenland.com\/da\/reserver-ferie-rejser\/vandfaldsvandring-kangerlussuaq-vestgronland\/#primaryimage\"},\"thumbnailUrl\":\"https:\/\/guidetogreenland.com\/wp-content\/uploads\/2020\/05\/waterfall-hike-kangerlussuaq-west-greenland-Guide-to-Greenland20.jpg\",\"datePublished\":\"2020-05-20T12:43:34+00:00\",\"dateModified\":\"2022-08-31T15:39:14+00:00\",\"description\":\"Bes\u00f8g Gr\u00f8nland og vov dig ind i vildniset n\u00e6r Kangerlussuaq, hvor det vilde dyreliv trives i det arktiske terr\u00e6n.\",\"breadcrumb\":{\"@id\":\"https:\/\/guidetogreenland.com\/da\/reserver-ferie-rejser\/vandfaldsvandring-kangerlussuaq-vestgronland\/#breadcrumb\"},\"inLanguage\":\"da-DK\",\"potentialAction\":[{\"@type\":\"ReadAction\",\"target\":[\"https:\/\/guidetogreenland.com\/da\/reserver-ferie-rejser\/vandfaldsvandring-kangerlussuaq-vestgronland\/\"]}]},{\"@type\":\"ImageObject\",\"inLanguage\":\"da-DK\",\"@id\":\"https:\/\/guidetogreenland.com\/da\/reserver-ferie-rejser\/vandfaldsvandring-kangerlussuaq-vestgronland\/#primaryimage\",\"url\":\"https:\/\/guidetogreenland.com\/wp-content\/uploads\/2020\/05\/waterfall-hike-kangerlussuaq-west-greenland-Guide-to-Greenland20.jpg\",\"contentUrl\":\"https:\/\/guidetogreenland.com\/wp-content\/uploads\/2020\/05\/waterfall-hike-kangerlussuaq-west-greenland-Guide-to-Greenland20.jpg\",\"width\":798,\"height\":532},{\"@type\":\"BreadcrumbList\",\"@id\":\"https:\/\/guidetogreenland.com\/da\/reserver-ferie-rejser\/vandfaldsvandring-kangerlussuaq-vestgronland\/#breadcrumb\",\"itemListElement\":[{\"@type\":\"ListItem\",\"position\":1,\"name\":\"Home\",\"item\":\"https:\/\/guidetogreenland.com\/da\/\"},{\"@type\":\"ListItem\",\"position\":2,\"name\":\"Se alle ture\",\"item\":\"https:\/\/guidetogreenland.com\/da\/reserver-ferie-rejser\/\"},{\"@type\":\"ListItem\",\"position\":3,\"name\":\"Vandfaldsvandring | Kangerlussuaq | Vestgr\u00f8nland\"}]},{\"@type\":\"WebSite\",\"@id\":\"https:\/\/guidetogreenland.com\/da\/#website\",\"url\":\"https:\/\/guidetogreenland.com\/da\/\",\"name\":\"Guide to Greenland\",\"description\":\"Largest selection of tours in Greenland\",\"potentialAction\":[{\"@type\":\"SearchAction\",\"target\":{\"@type\":\"EntryPoint\",\"urlTemplate\":\"https:\/\/guidetogreenland.com\/da\/?s={search_term_string}\"},\"query-input\":{\"@type\":\"PropertyValueSpecification\",\"valueRequired\":true,\"valueName\":\"search_term_string\"}}],\"inLanguage\":\"da-DK\"}]}<\/script>\n<!-- \/ Yoast SEO plugin. -->","yoast_head_json":{"title":"Vandfaldsvandring | Kangerlussuaq | Vestgr\u00f8nland | Guide to Greenland","description":"Bes\u00f8g Gr\u00f8nland og vov dig ind i vildniset n\u00e6r Kangerlussuaq, hvor det vilde dyreliv trives i det arktiske terr\u00e6n.","robots":{"index":"index","follow":"follow","max-snippet":"max-snippet:-1","max-image-preview":"max-image-preview:large","max-video-preview":"max-video-preview:-1"},"canonical":"https:\/\/guidetogreenland.com\/da\/reserver-ferie-rejser\/vandfaldsvandring-kangerlussuaq-vestgronland\/","og_locale":"da_DK","og_type":"article","og_title":"Vandfaldsvandring | Kangerlussuaq | Vestgr\u00f8nland | Guide to Greenland","og_description":"Bes\u00f8g Gr\u00f8nland og vov dig ind i vildniset n\u00e6r Kangerlussuaq, hvor det vilde dyreliv trives i det arktiske terr\u00e6n.","og_url":"https:\/\/guidetogreenland.com\/da\/reserver-ferie-rejser\/vandfaldsvandring-kangerlussuaq-vestgronland\/","og_site_name":"Guide to Greenland","article_modified_time":"2022-08-31T15:39:14+00:00","og_image":[{"width":798,"height":532,"url":"https:\/\/guidetogreenland.com\/wp-content\/uploads\/2020\/05\/waterfall-hike-kangerlussuaq-west-greenland-Guide-to-Greenland20.jpg","type":"image\/jpeg"}],"twitter_card":"summary_large_image","twitter_misc":{"Estimeret l\u00e6setid":"1 minut"},"schema":{"@context":"https:\/\/schema.org","@graph":[{"@type":"WebPage","@id":"https:\/\/guidetogreenland.com\/da\/reserver-ferie-rejser\/vandfaldsvandring-kangerlussuaq-vestgronland\/","url":"https:\/\/guidetogreenland.com\/da\/reserver-ferie-rejser\/vandfaldsvandring-kangerlussuaq-vestgronland\/","name":"Vandfaldsvandring | Kangerlussuaq | Vestgr\u00f8nland | Guide to Greenland","isPartOf":{"@id":"https:\/\/guidetogreenland.com\/da\/#website"},"primaryImageOfPage":{"@id":"https:\/\/guidetogreenland.com\/da\/reserver-ferie-rejser\/vandfaldsvandring-kangerlussuaq-vestgronland\/#primaryimage"},"image":{"@id":"https:\/\/guidetogreenland.com\/da\/reserver-ferie-rejser\/vandfaldsvandring-kangerlussuaq-vestgronland\/#primaryimage"},"thumbnailUrl":"https:\/\/guidetogreenland.com\/wp-content\/uploads\/2020\/05\/waterfall-hike-kangerlussuaq-west-greenland-Guide-to-Greenland20.jpg","datePublished":"2020-05-20T12:43:34+00:00","dateModified":"2022-08-31T15:39:14+00:00","description":"Bes\u00f8g Gr\u00f8nland og vov dig ind i vildniset n\u00e6r Kangerlussuaq, hvor det vilde dyreliv trives i det arktiske terr\u00e6n.","breadcrumb":{"@id":"https:\/\/guidetogreenland.com\/da\/reserver-ferie-rejser\/vandfaldsvandring-kangerlussuaq-vestgronland\/#breadcrumb"},"inLanguage":"da-DK","potentialAction":[{"@type":"ReadAction","target":["https:\/\/guidetogreenland.com\/da\/reserver-ferie-rejser\/vandfaldsvandring-kangerlussuaq-vestgronland\/"]}]},{"@type":"ImageObject","inLanguage":"da-DK","@id":"https:\/\/guidetogreenland.com\/da\/reserver-ferie-rejser\/vandfaldsvandring-kangerlussuaq-vestgronland\/#primaryimage","url":"https:\/\/guidetogreenland.com\/wp-content\/uploads\/2020\/05\/waterfall-hike-kangerlussuaq-west-greenland-Guide-to-Greenland20.jpg","contentUrl":"https:\/\/guidetogreenland.com\/wp-content\/uploads\/2020\/05\/waterfall-hike-kangerlussuaq-west-greenland-Guide-to-Greenland20.jpg","width":798,"height":532},{"@type":"BreadcrumbList","@id":"https:\/\/guidetogreenland.com\/da\/reserver-ferie-rejser\/vandfaldsvandring-kangerlussuaq-vestgronland\/#breadcrumb","itemListElement":[{"@type":"ListItem","position":1,"name":"Home","item":"https:\/\/guidetogreenland.com\/da\/"},{"@type":"ListItem","position":2,"name":"Se alle ture","item":"https:\/\/guidetogreenland.com\/da\/reserver-ferie-rejser\/"},{"@type":"ListItem","position":3,"name":"Vandfaldsvandring | Kangerlussuaq | Vestgr\u00f8nland"}]},{"@type":"WebSite","@id":"https:\/\/guidetogreenland.com\/da\/#website","url":"https:\/\/guidetogreenland.com\/da\/","name":"Guide to Greenland","description":"Largest selection of tours in Greenland","potentialAction":[{"@type":"SearchAction","target":{"@type":"EntryPoint","urlTemplate":"https:\/\/guidetogreenland.com\/da\/?s={search_term_string}"},"query-input":{"@type":"PropertyValueSpecification","valueRequired":true,"valueName":"search_term_string"}}],"inLanguage":"da-DK"}]}},"_links":{"self":[{"href":"https:\/\/guidetogreenland.com\/da\/wp-json\/wp\/v2\/product\/13663","targetHints":{"allow":["GET"]}}],"collection":[{"href":"https:\/\/guidetogreenland.com\/da\/wp-json\/wp\/v2\/product"}],"about":[{"href":"https:\/\/guidetogreenland.com\/da\/wp-json\/wp\/v2\/types\/product"}],"replies":[{"embeddable":true,"href":"https:\/\/guidetogreenland.com\/da\/wp-json\/wp\/v2\/comments?post=13663"}],"wp:featuredmedia":[{"embeddable":true,"href":"https:\/\/guidetogreenland.com\/da\/wp-json\/wp\/v2\/media\/13665"}],"wp:attachment":[{"href":"https:\/\/guidetogreenland.com\/da\/wp-json\/wp\/v2\/media?parent=13663"}],"wp:term":[{"taxonomy":"product_brand","embeddable":true,"href":"https:\/\/guidetogreenland.com\/da\/wp-json\/wp\/v2\/product_brand?post=13663"},{"taxonomy":"product_cat","embeddable":true,"href":"https:\/\/guidetogreenland.com\/da\/wp-json\/wp\/v2\/product_cat?post=13663"},{"taxonomy":"product_tag","embeddable":true,"href":"https:\/\/guidetogreenland.com\/da\/wp-json\/wp\/v2\/product_tag?post=13663"}],"curies":[{"name":"wp","href":"https:\/\/api.w.org\/{rel}","templated":true}]}}