{"id":13667,"date":"2020-05-15T15:35:47","date_gmt":"2020-05-15T15:35:47","guid":{"rendered":"https:\/\/guidetogreenland.com\/book-trips-holiday\/northern-lights-tour-nuuk-west-greenland\/"},"modified":"2026-03-14T12:42:28","modified_gmt":"2026-03-14T15:42:28","slug":"nordlys-tur-nuuk-vest-greenland","status":"publish","type":"product","link":"https:\/\/guidetogreenland.com\/da\/reserver-ferie-rejser\/nordlystur-nuuk-vest-gronland\/","title":{"rendered":"Nordlystur | Nuuk | Vest Gr\u00f8nland"},"content":{"rendered":"<p class=\"x-18pep25\">Reserver et s\u00e6de p\u00e5 den hyggeligste\u00a0k\u00f8retur med en lokal guide og nogle nye venner, og tag ud og jagt nordlys omkring de mest maleriske og m\u00f8rkeste steder af Nuuk.<\/p>\n<p class=\"x-18pep25\">Vi er normalt en lille gruppe, men st\u00f8rre grupper\u00a0 op til 47 er velkomne.<\/p>\n<p class=\"x-18pep25\">Du kan stille alle de sp\u00f8rgsm\u00e5l du har lyst til, mens vi k\u00f8rer rundt til Nuuks m\u00f8rkeste og mest maleriske udsigtspunkter, i h\u00e5b om at fange nordlys.<\/p>\n<p class=\"e1imf5dp0 x-jm2771\">Vi m\u00f8des ved departure point t\u00e6t p\u00e5 Katuaq, men husk at tage varmt t\u00f8j p\u00e5, for det er koldt n\u00e5r vi g\u00e5r ud af bilen for at nyde det spektakul\u00e6re lysshow af dansende gr\u00f8nt lys. For at hj\u00e6lpe med at holde dig varm tager <span class=\"x-12abj6v e1uuu2lt3\">guide kiks og varm kakao med.<\/span><\/p>\n<p class=\"e1imf5dp0 x-jm2771\"><span class=\"x-12abj6v e1uuu2lt3\">Husk at nordlys er uforudsigeligt og at selv p\u00e5 en nat med h\u00f8j udsigt til nordlys kan vi v\u00e6re uheldige ikke at se nogen, mens at man samtidig kan tage ud p\u00e5 en aften med lave chancer og opleve et f\u00e6nomenalt show af lys i alle farver. Vi kan ikke garantere i f\u00e5r set nordlyset men vi kommer til at have det sjovt mens vi pr\u00f8ver! S\u00e5 kom med et smil p\u00e5 l\u00e6ben og lad os tage p\u00e5 et eventyr!<\/span><\/p>\n<p class=\"e1imf5dp0 x-jm2771\"><span class=\"x-12abj6v e1uuu2lt3\">Hvis vi er s\u00e5 uheldige ikke at f\u00e5 set noget, s\u00e5 kan du booke et s\u00e6de p\u00e5 en anden aften helt gratis!<\/span><\/p>\n<p class=\"e1imf5dp0 x-jm2771\"><span class=\"x-12abj6v e1uuu2lt3\">Her i Gr\u00f8nland kalder vi nordlyset for &#8216;Arsarnerit&#8217;, hvilket betyder noget i retning af &#8216;de\u00a0fodboldspillende lys&#8217;, og myten g\u00e5r p\u00e5 at lysende faktisk er \u00e5nder der spiller en form for fodbold.<\/span><\/p>\n<p class=\"e1imf5dp0 x-jm2771\"><span class=\"x-12abj6v e1uuu2lt3\">Nordlyset viser sig oftest i en smuk gr\u00f8n nuance, men kan forekomme i alle mulige farver som r\u00f8d, lilla, hvidt, bl\u00e5t og endda pink! Det sker n\u00e5r elektrisk ladede partikler fra solen reagerer med forskellige molekyler i vores atmosf\u00e6re som s\u00e5 bryder ud i farver!<\/span><\/p>\n<p class=\"e1imf5dp0 x-jm2771\"><span class=\"x-12abj6v e1uuu2lt3\">G\u00e5 ikke glip at dette vidunderlige lys show, et af naturens vidundere, med et hint af lokal mytefort\u00e6lling, bare klik p\u00e5 &#8216;v\u00e6lg en dag&#8217; og reserver et s\u00e6de til dig selv!<\/span><\/p>\n","protected":false},"excerpt":{"rendered":"Reserver et s\u00e6de p\u00e5 den hyggeligste\u00a0k\u00f8retur med en lokal guide og nogle nye venner, og tag ud og jagt nordlys omkring de mest maleriske og m\u00f8rkeste steder af Nuuk. Vi er normalt en lille gruppe, men st\u00f8rre grupper\u00a0 op til 47 er velkomne. Du kan stille alle de sp\u00f8rgsm\u00e5l du har lyst til, mens vi&#8230;","protected":false},"featured_media":13669,"comment_status":"open","ping_status":"closed","template":"","meta":[],"product_brand":[],"product_cat":[606,612,619,593,627,643,652,633],"product_tag":[893],"class_list":{"0":"post-13667","1":"product","2":"type-product","3":"status-publish","4":"has-post-thumbnail","6":"product_cat-dagsture-om-vinteren","7":"product_cat-natur-og-dyreliv-i-groenland","8":"product_cat-nordlys-ture","9":"product_cat-oplevelser-i-groenland","10":"product_cat-ture-i-bestemte-omraader","11":"product_cat-ture-i-hver-by","12":"product_cat-ture-i-nuuk","13":"product_cat-vestgroenland","14":"product_tag-nuuk-da","15":"pa_activities-nordlys","16":"pa_attractions-nordlys","17":"pa_available-month-januar","18":"pa_available-month-februar","19":"pa_available-month-marts","20":"pa_available-month-september","21":"pa_available-month-oktober","22":"pa_available-month-november","23":"pa_available-month-december","24":"pa_destinations-nuuk","25":"pa_difficulty-let","26":"pa_duration-2-timer","27":"pa_tour-type-dagsture","28":"yith_shop_vendor-guide-to-greenland-da","30":"first","31":"instock","32":"featured","33":"virtual","34":"sold-individually","35":"purchasable","36":"product-type-booking"},"acf":[],"yoast_head":"<!-- This site is optimized with the Yoast SEO plugin v25.6 - https:\/\/yoast.com\/wordpress\/plugins\/seo\/ -->\n<title>Nordlystur | Nuuk | Vest Gr\u00f8nland | Guide to Greenland<\/title>\n<meta name=\"robots\" content=\"index, follow, max-snippet:-1, max-image-preview:large, max-video-preview:-1\" \/>\n<link rel=\"canonical\" href=\"https:\/\/guidetogreenland.com\/da\/reserver-ferie-rejser\/nordlystur-nuuk-vest-gronland\/\" \/>\n<meta property=\"og:locale\" content=\"da_DK\" \/>\n<meta property=\"og:type\" content=\"article\" \/>\n<meta property=\"og:title\" content=\"Nordlystur | Nuuk | Vest Gr\u00f8nland | Guide to Greenland\" \/>\n<meta property=\"og:description\" content=\"Reserver et s\u00e6de p\u00e5 den hyggeligste\u00a0k\u00f8retur med en lokal guide og nogle nye venner, og tag ud og jagt nordlys omkring de mest maleriske og m\u00f8rkeste steder af Nuuk. Vi er normalt en lille gruppe, men st\u00f8rre grupper\u00a0 op til 47 er velkomne. Du kan stille alle de sp\u00f8rgsm\u00e5l du har lyst til, mens vi...\" \/>\n<meta property=\"og:url\" content=\"https:\/\/guidetogreenland.com\/da\/reserver-ferie-rejser\/nordlystur-nuuk-vest-gronland\/\" \/>\n<meta property=\"og:site_name\" content=\"Guide to Greenland\" \/>\n<meta property=\"article:modified_time\" content=\"2026-03-14T15:42:28+00:00\" \/>\n<meta property=\"og:image\" content=\"https:\/\/guidetogreenland.com\/wp-content\/uploads\/2020\/05\/northern-lights-tour-nuuk-west-greenland-Guide-to-Greenland-2.jpg\" \/>\n\t<meta property=\"og:image:width\" content=\"798\" \/>\n\t<meta property=\"og:image:height\" content=\"532\" \/>\n\t<meta property=\"og:image:type\" content=\"image\/jpeg\" \/>\n<meta name=\"twitter:card\" content=\"summary_large_image\" \/>\n<meta name=\"twitter:label1\" content=\"Estimeret l\u00e6setid\" \/>\n\t<meta name=\"twitter:data1\" content=\"2 minutter\" \/>\n<script type=\"application\/ld+json\" class=\"yoast-schema-graph\">{\"@context\":\"https:\/\/schema.org\",\"@graph\":[{\"@type\":\"WebPage\",\"@id\":\"https:\/\/guidetogreenland.com\/da\/reserver-ferie-rejser\/nordlystur-nuuk-vest-gronland\/\",\"url\":\"https:\/\/guidetogreenland.com\/da\/reserver-ferie-rejser\/nordlystur-nuuk-vest-gronland\/\",\"name\":\"Nordlystur | Nuuk | Vest Gr\u00f8nland | Guide to Greenland\",\"isPartOf\":{\"@id\":\"https:\/\/guidetogreenland.com\/da\/#website\"},\"primaryImageOfPage\":{\"@id\":\"https:\/\/guidetogreenland.com\/da\/reserver-ferie-rejser\/nordlystur-nuuk-vest-gronland\/#primaryimage\"},\"image\":{\"@id\":\"https:\/\/guidetogreenland.com\/da\/reserver-ferie-rejser\/nordlystur-nuuk-vest-gronland\/#primaryimage\"},\"thumbnailUrl\":\"https:\/\/guidetogreenland.com\/wp-content\/uploads\/2020\/05\/northern-lights-tour-nuuk-west-greenland-Guide-to-Greenland-2.jpg\",\"datePublished\":\"2020-05-15T15:35:47+00:00\",\"dateModified\":\"2026-03-14T15:42:28+00:00\",\"breadcrumb\":{\"@id\":\"https:\/\/guidetogreenland.com\/da\/reserver-ferie-rejser\/nordlystur-nuuk-vest-gronland\/#breadcrumb\"},\"inLanguage\":\"da-DK\",\"potentialAction\":[{\"@type\":\"ReadAction\",\"target\":[\"https:\/\/guidetogreenland.com\/da\/reserver-ferie-rejser\/nordlystur-nuuk-vest-gronland\/\"]}]},{\"@type\":\"ImageObject\",\"inLanguage\":\"da-DK\",\"@id\":\"https:\/\/guidetogreenland.com\/da\/reserver-ferie-rejser\/nordlystur-nuuk-vest-gronland\/#primaryimage\",\"url\":\"https:\/\/guidetogreenland.com\/wp-content\/uploads\/2020\/05\/northern-lights-tour-nuuk-west-greenland-Guide-to-Greenland-2.jpg\",\"contentUrl\":\"https:\/\/guidetogreenland.com\/wp-content\/uploads\/2020\/05\/northern-lights-tour-nuuk-west-greenland-Guide-to-Greenland-2.jpg\",\"width\":798,\"height\":532},{\"@type\":\"BreadcrumbList\",\"@id\":\"https:\/\/guidetogreenland.com\/da\/reserver-ferie-rejser\/nordlystur-nuuk-vest-gronland\/#breadcrumb\",\"itemListElement\":[{\"@type\":\"ListItem\",\"position\":1,\"name\":\"Home\",\"item\":\"https:\/\/guidetogreenland.com\/da\/\"},{\"@type\":\"ListItem\",\"position\":2,\"name\":\"Se alle ture\",\"item\":\"https:\/\/guidetogreenland.com\/da\/reserver-ferie-rejser\/\"},{\"@type\":\"ListItem\",\"position\":3,\"name\":\"Nordlystur | Nuuk | Vest Gr\u00f8nland\"}]},{\"@type\":\"WebSite\",\"@id\":\"https:\/\/guidetogreenland.com\/da\/#website\",\"url\":\"https:\/\/guidetogreenland.com\/da\/\",\"name\":\"Guide to Greenland\",\"description\":\"Largest selection of tours in Greenland\",\"potentialAction\":[{\"@type\":\"SearchAction\",\"target\":{\"@type\":\"EntryPoint\",\"urlTemplate\":\"https:\/\/guidetogreenland.com\/da\/?s={search_term_string}\"},\"query-input\":{\"@type\":\"PropertyValueSpecification\",\"valueRequired\":true,\"valueName\":\"search_term_string\"}}],\"inLanguage\":\"da-DK\"}]}<\/script>\n<!-- \/ Yoast SEO plugin. -->","yoast_head_json":{"title":"Nordlystur | Nuuk | Vest Gr\u00f8nland | Guide to Greenland","robots":{"index":"index","follow":"follow","max-snippet":"max-snippet:-1","max-image-preview":"max-image-preview:large","max-video-preview":"max-video-preview:-1"},"canonical":"https:\/\/guidetogreenland.com\/da\/reserver-ferie-rejser\/nordlystur-nuuk-vest-gronland\/","og_locale":"da_DK","og_type":"article","og_title":"Nordlystur | Nuuk | Vest Gr\u00f8nland | Guide to Greenland","og_description":"Reserver et s\u00e6de p\u00e5 den hyggeligste\u00a0k\u00f8retur med en lokal guide og nogle nye venner, og tag ud og jagt nordlys omkring de mest maleriske og m\u00f8rkeste steder af Nuuk. Vi er normalt en lille gruppe, men st\u00f8rre grupper\u00a0 op til 47 er velkomne. Du kan stille alle de sp\u00f8rgsm\u00e5l du har lyst til, mens vi...","og_url":"https:\/\/guidetogreenland.com\/da\/reserver-ferie-rejser\/nordlystur-nuuk-vest-gronland\/","og_site_name":"Guide to Greenland","article_modified_time":"2026-03-14T15:42:28+00:00","og_image":[{"width":798,"height":532,"url":"https:\/\/guidetogreenland.com\/wp-content\/uploads\/2020\/05\/northern-lights-tour-nuuk-west-greenland-Guide-to-Greenland-2.jpg","type":"image\/jpeg"}],"twitter_card":"summary_large_image","twitter_misc":{"Estimeret l\u00e6setid":"2 minutter"},"schema":{"@context":"https:\/\/schema.org","@graph":[{"@type":"WebPage","@id":"https:\/\/guidetogreenland.com\/da\/reserver-ferie-rejser\/nordlystur-nuuk-vest-gronland\/","url":"https:\/\/guidetogreenland.com\/da\/reserver-ferie-rejser\/nordlystur-nuuk-vest-gronland\/","name":"Nordlystur | Nuuk | Vest Gr\u00f8nland | Guide to Greenland","isPartOf":{"@id":"https:\/\/guidetogreenland.com\/da\/#website"},"primaryImageOfPage":{"@id":"https:\/\/guidetogreenland.com\/da\/reserver-ferie-rejser\/nordlystur-nuuk-vest-gronland\/#primaryimage"},"image":{"@id":"https:\/\/guidetogreenland.com\/da\/reserver-ferie-rejser\/nordlystur-nuuk-vest-gronland\/#primaryimage"},"thumbnailUrl":"https:\/\/guidetogreenland.com\/wp-content\/uploads\/2020\/05\/northern-lights-tour-nuuk-west-greenland-Guide-to-Greenland-2.jpg","datePublished":"2020-05-15T15:35:47+00:00","dateModified":"2026-03-14T15:42:28+00:00","breadcrumb":{"@id":"https:\/\/guidetogreenland.com\/da\/reserver-ferie-rejser\/nordlystur-nuuk-vest-gronland\/#breadcrumb"},"inLanguage":"da-DK","potentialAction":[{"@type":"ReadAction","target":["https:\/\/guidetogreenland.com\/da\/reserver-ferie-rejser\/nordlystur-nuuk-vest-gronland\/"]}]},{"@type":"ImageObject","inLanguage":"da-DK","@id":"https:\/\/guidetogreenland.com\/da\/reserver-ferie-rejser\/nordlystur-nuuk-vest-gronland\/#primaryimage","url":"https:\/\/guidetogreenland.com\/wp-content\/uploads\/2020\/05\/northern-lights-tour-nuuk-west-greenland-Guide-to-Greenland-2.jpg","contentUrl":"https:\/\/guidetogreenland.com\/wp-content\/uploads\/2020\/05\/northern-lights-tour-nuuk-west-greenland-Guide-to-Greenland-2.jpg","width":798,"height":532},{"@type":"BreadcrumbList","@id":"https:\/\/guidetogreenland.com\/da\/reserver-ferie-rejser\/nordlystur-nuuk-vest-gronland\/#breadcrumb","itemListElement":[{"@type":"ListItem","position":1,"name":"Home","item":"https:\/\/guidetogreenland.com\/da\/"},{"@type":"ListItem","position":2,"name":"Se alle ture","item":"https:\/\/guidetogreenland.com\/da\/reserver-ferie-rejser\/"},{"@type":"ListItem","position":3,"name":"Nordlystur | Nuuk | Vest Gr\u00f8nland"}]},{"@type":"WebSite","@id":"https:\/\/guidetogreenland.com\/da\/#website","url":"https:\/\/guidetogreenland.com\/da\/","name":"Guide to Greenland","description":"Largest selection of tours in Greenland","potentialAction":[{"@type":"SearchAction","target":{"@type":"EntryPoint","urlTemplate":"https:\/\/guidetogreenland.com\/da\/?s={search_term_string}"},"query-input":{"@type":"PropertyValueSpecification","valueRequired":true,"valueName":"search_term_string"}}],"inLanguage":"da-DK"}]}},"_links":{"self":[{"href":"https:\/\/guidetogreenland.com\/da\/wp-json\/wp\/v2\/product\/13667","targetHints":{"allow":["GET"]}}],"collection":[{"href":"https:\/\/guidetogreenland.com\/da\/wp-json\/wp\/v2\/product"}],"about":[{"href":"https:\/\/guidetogreenland.com\/da\/wp-json\/wp\/v2\/types\/product"}],"replies":[{"embeddable":true,"href":"https:\/\/guidetogreenland.com\/da\/wp-json\/wp\/v2\/comments?post=13667"}],"wp:featuredmedia":[{"embeddable":true,"href":"https:\/\/guidetogreenland.com\/da\/wp-json\/wp\/v2\/media\/13669"}],"wp:attachment":[{"href":"https:\/\/guidetogreenland.com\/da\/wp-json\/wp\/v2\/media?parent=13667"}],"wp:term":[{"taxonomy":"product_brand","embeddable":true,"href":"https:\/\/guidetogreenland.com\/da\/wp-json\/wp\/v2\/product_brand?post=13667"},{"taxonomy":"product_cat","embeddable":true,"href":"https:\/\/guidetogreenland.com\/da\/wp-json\/wp\/v2\/product_cat?post=13667"},{"taxonomy":"product_tag","embeddable":true,"href":"https:\/\/guidetogreenland.com\/da\/wp-json\/wp\/v2\/product_tag?post=13667"}],"curies":[{"name":"wp","href":"https:\/\/api.w.org\/{rel}","templated":true}]}}