{"id":13710,"date":"2020-05-20T12:30:45","date_gmt":"2020-05-20T12:30:45","guid":{"rendered":"https:\/\/guidetogreenland.com\/book-trips-holiday\/utv-glacier-expedition-ilulissat-ilimanaq-disko-bay\/"},"modified":"2025-08-25T21:18:53","modified_gmt":"2025-08-26T00:18:53","slug":"utv-gletsjer-ekspedition-ilulissat-ilimanaq-diskobugten","status":"publish","type":"product","link":"https:\/\/guidetogreenland.com\/da\/reserver-ferie-rejser\/utv-gletsjer-ekspedition-ilulissat-ilimanaq-diskobugten\/","title":{"rendered":"UTV Gletsjer ekspedition | Ilulissat &#8211; Ilimanaq | Diskobugten"},"content":{"rendered":"<p class=\"x-18pep25\">Kom med p\u00e5 en action fyldt tur ind i vildmarken syd for Ilimanaq og ind mod Gr\u00f8nlands storartede indlandsis.<\/p>\n<p class=\"x-18pep25\">Vi m\u00f8des i Kussangajaannguaq 7, her finder du et samlingssted, hvor du vil m\u00f8de din guide og medrejsende. Sammen vil i stige ombord p\u00e5 b\u00e5den, der vil tage jer igennem den isfyldte vand &#8211; hvis du er heldig kan du muligvis spotte en hval p\u00e5 vejen. V\u00e6r opm\u00e6rksom p\u00e5, at sejlturen mellem Ilulissat og Ilimanaq ikke er inkluderet. Du kan v\u00e6lge dette som et tilk\u00f8b, n\u00e5r du bestiller turen. Hvis du er i Ilulissat m\u00e5 du s\u00e5ledes bestille denne b\u00e5dtransport.<\/p>\n<p class=\"e1imf5dp0 x-jm2771\">N\u00e5r i er ankommet til Ilimanaq vil du have <span class=\"x-12abj6v e1uuu2lt3\">tid til at vandre lidt rundt i omr\u00e5det ved bygden. Hvor end du vender dig, vil du finde landskab der n\u00e6sten tager pusten fra dig, med udsigten over det krystal bl\u00e5 hav med isbjerge, der stille flyder forbi.<\/span><\/p>\n<p class=\"e1imf5dp0 x-jm2771\"><span class=\"x-12abj6v e1uuu2lt3\">Vi vil vende tilbage til b\u00e5den for h\u00f8jdepunktet af turen. Destinationen er den sydlige side af Tasiusaq fjord, hvor du vil k\u00f8re gennem det uber\u00f8rte landskab p\u00e5 UTV ind mod gletsjeren. Tasiusaq fjord har altid v\u00e6ret et popul\u00e6rt sted for de mange mennesker der igennem tiden har boet i omr\u00e5det, da det har v\u00e6ret et godt sted at g\u00e5 p\u00e5 jagt.<\/span><\/p>\n<p class=\"e1imf5dp0 x-jm2771\"><span class=\"x-12abj6v e1uuu2lt3\">F\u00f8r vi begiver os op p\u00e5 isen, er der en vejledning om sikkerhedsprocedurerne og du blive p\u00e5kl\u00e6dt med det n\u00f8dvendige udstyr. Med adrenalinen susende igennem kroppen vil du starte bestigningen. Ligesom polarforskere vil du udforske de dybe revner og klatre p\u00e5 den ber\u00f8mte indlandsis. Den k\u00e6mpe gletsjerv\u00e6g byder velkommen dig med \u00e5bne arme. N\u00e5r du er kommet op p\u00e5 gletsjeren vil du se det hvide landskab str\u00e6kke sig ud s\u00e5 langt \u00f8jet kan se, du vil kunne m\u00e6rke natures kr\u00e6ft og storhed.<\/span><\/p>\n<p class=\"e1imf5dp0 x-jm2771\"><span class=\"x-12abj6v e1uuu2lt3\">Det er muligt at booke overnatning p\u00e5 Ilimanaq Lodge &#8211;\u00a0<a href=\"https:\/\/guidetogreenland.com\/accommodation\/hotels\/ilimanaq-lodge\/70\">book her<\/a>.<\/span><\/p>\n<p class=\"e1imf5dp0 x-jm2771\"><span class=\"x-12abj6v e1uuu2lt3\">Hvis du allerede er indlogeret i Ilimanaq Lodge, kan du book retur rejsen med b\u00e5d inde p\u00e5 siden med overnatningsmuligheder.<\/span><\/p>\n<p class=\"e1imf5dp0 x-jm2771\"><span class=\"x-12abj6v e1uuu2lt3\">Sn\u00f8r dine vandresko og find din oplevelseslyst frem til dette adrenalinfyldte eventyr! Se tilg\u00e6ngeligheden og book din tur ved at trykke p\u00e5 &#8216;V\u00e6lg dato&#8217; ovenover.<\/span><\/p>\n","protected":false},"excerpt":{"rendered":"Kom med p\u00e5 en action fyldt tur ind i vildmarken syd for Ilimanaq og ind mod Gr\u00f8nlands storartede indlandsis. Vi m\u00f8des i Kussangajaannguaq 7, her finder du et samlingssted, hvor du vil m\u00f8de din guide og medrejsende. Sammen vil i stige ombord p\u00e5 b\u00e5den, der vil tage jer igennem den isfyldte vand &#8211; hvis du&#8230;","protected":false},"featured_media":13712,"comment_status":"open","ping_status":"closed","template":"","meta":[],"product_brand":[],"product_cat":[610,594,605,629,614,593,643,644],"product_tag":[919],"class_list":{"0":"post-13710","1":"product","2":"type-product","3":"status-publish","4":"has-post-thumbnail","6":"product_cat-atv-og-snescooterture","7":"product_cat-baadture","8":"product_cat-dagsture-om-sommeren","9":"product_cat-disko-bugten","10":"product_cat-gletsjer-og-indlandsisen","11":"product_cat-oplevelser-i-groenland","12":"product_cat-ture-i-hver-by","13":"product_cat-ture-i-ilulissat","14":"product_tag-ilulissat-da","15":"pa_activities-baadtur","16":"pa_activities-atv-utv","17":"pa_activities-gletscher-udsigt","18":"pa_activities-isbjerg-udsigt","19":"pa_attractions-ilimanaq","20":"pa_attractions-indlandsisen","21":"pa_attractions-disko-bay-da","22":"pa_available-month-juni","23":"pa_available-month-juli","24":"pa_available-month-august","25":"pa_available-month-september","26":"pa_destinations-ilulissat","27":"pa_difficulty-haard","28":"pa_duration-8-timer","29":"pa_tour-type-dagsture","30":"yith_shop_vendor-diskobaytours-da","31":"yith_booking_service-8am-boat-shuttle-ilulissat-ilimanaq","32":"yith_booking_service-1800pm-boat-shuttle-ilimanaq-ilulissat","34":"first","35":"instock","36":"virtual","37":"sold-individually","38":"purchasable","39":"product-type-booking"},"acf":[],"yoast_head":"<!-- This site is optimized with the Yoast SEO plugin v25.6 - https:\/\/yoast.com\/wordpress\/plugins\/seo\/ -->\n<title>UTV Gletsjer ekspedition | Ilulissat - Ilimanaq | Diskobugten | Guide to Greenland<\/title>\n<meta name=\"description\" content=\"Vov dig ind p\u00e5 Ilulissat Isfjord, med form\u00e5l at n\u00e5 den gr\u00f8nlandske Indlandsis. Den arktiske tundra venter p\u00e5 at blive erobret af dig.\" \/>\n<meta name=\"robots\" content=\"index, follow, max-snippet:-1, max-image-preview:large, max-video-preview:-1\" \/>\n<link rel=\"canonical\" href=\"https:\/\/guidetogreenland.com\/da\/reserver-ferie-rejser\/utv-gletsjer-ekspedition-ilulissat-ilimanaq-diskobugten\/\" \/>\n<meta property=\"og:locale\" content=\"da_DK\" \/>\n<meta property=\"og:type\" content=\"article\" \/>\n<meta property=\"og:title\" content=\"UTV Gletsjer ekspedition | Ilulissat - Ilimanaq | Diskobugten | Guide to Greenland\" \/>\n<meta property=\"og:description\" content=\"Vov dig ind p\u00e5 Ilulissat Isfjord, med form\u00e5l at n\u00e5 den gr\u00f8nlandske Indlandsis. Den arktiske tundra venter p\u00e5 at blive erobret af dig.\" \/>\n<meta property=\"og:url\" content=\"https:\/\/guidetogreenland.com\/da\/reserver-ferie-rejser\/utv-gletsjer-ekspedition-ilulissat-ilimanaq-diskobugten\/\" \/>\n<meta property=\"og:site_name\" content=\"Guide to Greenland\" \/>\n<meta property=\"article:modified_time\" content=\"2025-08-26T00:18:53+00:00\" \/>\n<meta property=\"og:image\" content=\"https:\/\/guidetogreenland.com\/wp-content\/uploads\/2020\/05\/utv-glacier-expedition-ilulissat-ilimanaq-disko-bay-Guide-to-Greenland10.jpg\" \/>\n\t<meta property=\"og:image:width\" content=\"926\" \/>\n\t<meta property=\"og:image:height\" content=\"341\" \/>\n\t<meta property=\"og:image:type\" content=\"image\/jpeg\" \/>\n<meta name=\"twitter:card\" content=\"summary_large_image\" \/>\n<meta name=\"twitter:label1\" content=\"Estimeret l\u00e6setid\" \/>\n\t<meta name=\"twitter:data1\" content=\"2 minutter\" \/>\n<script type=\"application\/ld+json\" class=\"yoast-schema-graph\">{\"@context\":\"https:\/\/schema.org\",\"@graph\":[{\"@type\":\"WebPage\",\"@id\":\"https:\/\/guidetogreenland.com\/da\/reserver-ferie-rejser\/utv-gletsjer-ekspedition-ilulissat-ilimanaq-diskobugten\/\",\"url\":\"https:\/\/guidetogreenland.com\/da\/reserver-ferie-rejser\/utv-gletsjer-ekspedition-ilulissat-ilimanaq-diskobugten\/\",\"name\":\"UTV Gletsjer ekspedition | Ilulissat - Ilimanaq | Diskobugten | Guide to Greenland\",\"isPartOf\":{\"@id\":\"https:\/\/guidetogreenland.com\/da\/#website\"},\"primaryImageOfPage\":{\"@id\":\"https:\/\/guidetogreenland.com\/da\/reserver-ferie-rejser\/utv-gletsjer-ekspedition-ilulissat-ilimanaq-diskobugten\/#primaryimage\"},\"image\":{\"@id\":\"https:\/\/guidetogreenland.com\/da\/reserver-ferie-rejser\/utv-gletsjer-ekspedition-ilulissat-ilimanaq-diskobugten\/#primaryimage\"},\"thumbnailUrl\":\"https:\/\/guidetogreenland.com\/wp-content\/uploads\/2020\/05\/utv-glacier-expedition-ilulissat-ilimanaq-disko-bay-Guide-to-Greenland10.jpg\",\"datePublished\":\"2020-05-20T12:30:45+00:00\",\"dateModified\":\"2025-08-26T00:18:53+00:00\",\"description\":\"Vov dig ind p\u00e5 Ilulissat Isfjord, med form\u00e5l at n\u00e5 den gr\u00f8nlandske Indlandsis. Den arktiske tundra venter p\u00e5 at blive erobret af dig.\",\"breadcrumb\":{\"@id\":\"https:\/\/guidetogreenland.com\/da\/reserver-ferie-rejser\/utv-gletsjer-ekspedition-ilulissat-ilimanaq-diskobugten\/#breadcrumb\"},\"inLanguage\":\"da-DK\",\"potentialAction\":[{\"@type\":\"ReadAction\",\"target\":[\"https:\/\/guidetogreenland.com\/da\/reserver-ferie-rejser\/utv-gletsjer-ekspedition-ilulissat-ilimanaq-diskobugten\/\"]}]},{\"@type\":\"ImageObject\",\"inLanguage\":\"da-DK\",\"@id\":\"https:\/\/guidetogreenland.com\/da\/reserver-ferie-rejser\/utv-gletsjer-ekspedition-ilulissat-ilimanaq-diskobugten\/#primaryimage\",\"url\":\"https:\/\/guidetogreenland.com\/wp-content\/uploads\/2020\/05\/utv-glacier-expedition-ilulissat-ilimanaq-disko-bay-Guide-to-Greenland10.jpg\",\"contentUrl\":\"https:\/\/guidetogreenland.com\/wp-content\/uploads\/2020\/05\/utv-glacier-expedition-ilulissat-ilimanaq-disko-bay-Guide-to-Greenland10.jpg\",\"width\":926,\"height\":341},{\"@type\":\"BreadcrumbList\",\"@id\":\"https:\/\/guidetogreenland.com\/da\/reserver-ferie-rejser\/utv-gletsjer-ekspedition-ilulissat-ilimanaq-diskobugten\/#breadcrumb\",\"itemListElement\":[{\"@type\":\"ListItem\",\"position\":1,\"name\":\"Home\",\"item\":\"https:\/\/guidetogreenland.com\/da\/\"},{\"@type\":\"ListItem\",\"position\":2,\"name\":\"Se alle ture\",\"item\":\"https:\/\/guidetogreenland.com\/da\/reserver-ferie-rejser\/\"},{\"@type\":\"ListItem\",\"position\":3,\"name\":\"UTV Gletsjer ekspedition | Ilulissat &#8211; Ilimanaq | Diskobugten\"}]},{\"@type\":\"WebSite\",\"@id\":\"https:\/\/guidetogreenland.com\/da\/#website\",\"url\":\"https:\/\/guidetogreenland.com\/da\/\",\"name\":\"Guide to Greenland\",\"description\":\"Largest selection of tours in Greenland\",\"potentialAction\":[{\"@type\":\"SearchAction\",\"target\":{\"@type\":\"EntryPoint\",\"urlTemplate\":\"https:\/\/guidetogreenland.com\/da\/?s={search_term_string}\"},\"query-input\":{\"@type\":\"PropertyValueSpecification\",\"valueRequired\":true,\"valueName\":\"search_term_string\"}}],\"inLanguage\":\"da-DK\"}]}<\/script>\n<!-- \/ Yoast SEO plugin. -->","yoast_head_json":{"title":"UTV Gletsjer ekspedition | Ilulissat - Ilimanaq | Diskobugten | Guide to Greenland","description":"Vov dig ind p\u00e5 Ilulissat Isfjord, med form\u00e5l at n\u00e5 den gr\u00f8nlandske Indlandsis. Den arktiske tundra venter p\u00e5 at blive erobret af dig.","robots":{"index":"index","follow":"follow","max-snippet":"max-snippet:-1","max-image-preview":"max-image-preview:large","max-video-preview":"max-video-preview:-1"},"canonical":"https:\/\/guidetogreenland.com\/da\/reserver-ferie-rejser\/utv-gletsjer-ekspedition-ilulissat-ilimanaq-diskobugten\/","og_locale":"da_DK","og_type":"article","og_title":"UTV Gletsjer ekspedition | Ilulissat - Ilimanaq | Diskobugten | Guide to Greenland","og_description":"Vov dig ind p\u00e5 Ilulissat Isfjord, med form\u00e5l at n\u00e5 den gr\u00f8nlandske Indlandsis. Den arktiske tundra venter p\u00e5 at blive erobret af dig.","og_url":"https:\/\/guidetogreenland.com\/da\/reserver-ferie-rejser\/utv-gletsjer-ekspedition-ilulissat-ilimanaq-diskobugten\/","og_site_name":"Guide to Greenland","article_modified_time":"2025-08-26T00:18:53+00:00","og_image":[{"width":926,"height":341,"url":"https:\/\/guidetogreenland.com\/wp-content\/uploads\/2020\/05\/utv-glacier-expedition-ilulissat-ilimanaq-disko-bay-Guide-to-Greenland10.jpg","type":"image\/jpeg"}],"twitter_card":"summary_large_image","twitter_misc":{"Estimeret l\u00e6setid":"2 minutter"},"schema":{"@context":"https:\/\/schema.org","@graph":[{"@type":"WebPage","@id":"https:\/\/guidetogreenland.com\/da\/reserver-ferie-rejser\/utv-gletsjer-ekspedition-ilulissat-ilimanaq-diskobugten\/","url":"https:\/\/guidetogreenland.com\/da\/reserver-ferie-rejser\/utv-gletsjer-ekspedition-ilulissat-ilimanaq-diskobugten\/","name":"UTV Gletsjer ekspedition | Ilulissat - Ilimanaq | Diskobugten | Guide to Greenland","isPartOf":{"@id":"https:\/\/guidetogreenland.com\/da\/#website"},"primaryImageOfPage":{"@id":"https:\/\/guidetogreenland.com\/da\/reserver-ferie-rejser\/utv-gletsjer-ekspedition-ilulissat-ilimanaq-diskobugten\/#primaryimage"},"image":{"@id":"https:\/\/guidetogreenland.com\/da\/reserver-ferie-rejser\/utv-gletsjer-ekspedition-ilulissat-ilimanaq-diskobugten\/#primaryimage"},"thumbnailUrl":"https:\/\/guidetogreenland.com\/wp-content\/uploads\/2020\/05\/utv-glacier-expedition-ilulissat-ilimanaq-disko-bay-Guide-to-Greenland10.jpg","datePublished":"2020-05-20T12:30:45+00:00","dateModified":"2025-08-26T00:18:53+00:00","description":"Vov dig ind p\u00e5 Ilulissat Isfjord, med form\u00e5l at n\u00e5 den gr\u00f8nlandske Indlandsis. Den arktiske tundra venter p\u00e5 at blive erobret af dig.","breadcrumb":{"@id":"https:\/\/guidetogreenland.com\/da\/reserver-ferie-rejser\/utv-gletsjer-ekspedition-ilulissat-ilimanaq-diskobugten\/#breadcrumb"},"inLanguage":"da-DK","potentialAction":[{"@type":"ReadAction","target":["https:\/\/guidetogreenland.com\/da\/reserver-ferie-rejser\/utv-gletsjer-ekspedition-ilulissat-ilimanaq-diskobugten\/"]}]},{"@type":"ImageObject","inLanguage":"da-DK","@id":"https:\/\/guidetogreenland.com\/da\/reserver-ferie-rejser\/utv-gletsjer-ekspedition-ilulissat-ilimanaq-diskobugten\/#primaryimage","url":"https:\/\/guidetogreenland.com\/wp-content\/uploads\/2020\/05\/utv-glacier-expedition-ilulissat-ilimanaq-disko-bay-Guide-to-Greenland10.jpg","contentUrl":"https:\/\/guidetogreenland.com\/wp-content\/uploads\/2020\/05\/utv-glacier-expedition-ilulissat-ilimanaq-disko-bay-Guide-to-Greenland10.jpg","width":926,"height":341},{"@type":"BreadcrumbList","@id":"https:\/\/guidetogreenland.com\/da\/reserver-ferie-rejser\/utv-gletsjer-ekspedition-ilulissat-ilimanaq-diskobugten\/#breadcrumb","itemListElement":[{"@type":"ListItem","position":1,"name":"Home","item":"https:\/\/guidetogreenland.com\/da\/"},{"@type":"ListItem","position":2,"name":"Se alle ture","item":"https:\/\/guidetogreenland.com\/da\/reserver-ferie-rejser\/"},{"@type":"ListItem","position":3,"name":"UTV Gletsjer ekspedition | Ilulissat &#8211; Ilimanaq | Diskobugten"}]},{"@type":"WebSite","@id":"https:\/\/guidetogreenland.com\/da\/#website","url":"https:\/\/guidetogreenland.com\/da\/","name":"Guide to Greenland","description":"Largest selection of tours in Greenland","potentialAction":[{"@type":"SearchAction","target":{"@type":"EntryPoint","urlTemplate":"https:\/\/guidetogreenland.com\/da\/?s={search_term_string}"},"query-input":{"@type":"PropertyValueSpecification","valueRequired":true,"valueName":"search_term_string"}}],"inLanguage":"da-DK"}]}},"_links":{"self":[{"href":"https:\/\/guidetogreenland.com\/da\/wp-json\/wp\/v2\/product\/13710","targetHints":{"allow":["GET"]}}],"collection":[{"href":"https:\/\/guidetogreenland.com\/da\/wp-json\/wp\/v2\/product"}],"about":[{"href":"https:\/\/guidetogreenland.com\/da\/wp-json\/wp\/v2\/types\/product"}],"replies":[{"embeddable":true,"href":"https:\/\/guidetogreenland.com\/da\/wp-json\/wp\/v2\/comments?post=13710"}],"wp:featuredmedia":[{"embeddable":true,"href":"https:\/\/guidetogreenland.com\/da\/wp-json\/wp\/v2\/media\/13712"}],"wp:attachment":[{"href":"https:\/\/guidetogreenland.com\/da\/wp-json\/wp\/v2\/media?parent=13710"}],"wp:term":[{"taxonomy":"product_brand","embeddable":true,"href":"https:\/\/guidetogreenland.com\/da\/wp-json\/wp\/v2\/product_brand?post=13710"},{"taxonomy":"product_cat","embeddable":true,"href":"https:\/\/guidetogreenland.com\/da\/wp-json\/wp\/v2\/product_cat?post=13710"},{"taxonomy":"product_tag","embeddable":true,"href":"https:\/\/guidetogreenland.com\/da\/wp-json\/wp\/v2\/product_tag?post=13710"}],"curies":[{"name":"wp","href":"https:\/\/api.w.org\/{rel}","templated":true}]}}