{"id":13722,"date":"2020-05-20T12:24:40","date_gmt":"2020-05-20T12:24:40","guid":{"rendered":"https:\/\/guidetogreenland.com\/book-trips-holiday\/ukkusissat-mountain-hike-nuuk\/"},"modified":"2025-10-17T03:22:46","modified_gmt":"2025-10-17T06:22:46","slug":"ukkusissat-fjeld-vandretur-nuuk","status":"publish","type":"product","link":"https:\/\/guidetogreenland.com\/da\/reserver-ferie-rejser\/ukkusissat-fjeld-vandretur-nuuk\/","title":{"rendered":"Ukkusissat Fjeld-vandretur | Nuuk"},"content":{"rendered":"<p class=\"x-18pep25\">F\u00e5 det bedste overblik over Nuuk og fjorden med denne tur til toppen af store Malene, ogs\u00e5 kaldt Ukusissat p\u00e5 gr\u00f8nlandsk. Bind dine vandre st\u00f8vler, og medbring dit kamera!<\/p>\n<p class=\"e1imf5dp0 x-jm2771\">Turen starter i hjertet af Nuuk. Herfra g\u00e5r turen ud af byen, hvoraf selve vandreturen starter i Qinngorput og tager dig 742 meter over havniveau. Vi f\u00f8lger en grusvej ved siden af en flot elv der f\u00f8rer os direkte op til Cirkuss\u00f8en. Cirkuss\u00f8en er omgivet af fjeldsider som et krater, et tryllebindene landskab der vil f\u00f8lge dig til toppen. Vi vandrer langs s\u00f8en og finder vejen til den markerede rute der vil f\u00f8re os til toppen a<span class=\"x-12abj6v e1uuu2lt3\">f Ukkusissat. Undervejs vil guiden fort\u00e6lle lidt om det arktiske dyre- og planteliv, og hvis du er heldig kan du se en af de r\u00e6vene eller harerne der opholder sig\u00a0i omr\u00e5det.<\/span><\/p>\n<p class=\"e1imf5dp0 x-jm2771\"><span class=\"x-12abj6v e1uuu2lt3\">Fra Cirkuss\u00f8en starter opstigningen, og herfra g\u00e5r det kun opad. Det er ikke en nem vandretur, men det 742 meter h\u00f8je fjeld er yndet blandt byens indbyggere.<\/span><\/p>\n<p class=\"e1imf5dp0 x-jm2771\"><span class=\"x-12abj6v e1uuu2lt3\">N\u00e5r man har besteget den stejle bjergside bliver man bel\u00f8nnet med den mest utrolige udsigt over Nuuk og fjorden med dens mange grene. Nuuk fjorden er kendt for sine mystiske fjelde og bl\u00e5 vand, en magisk oplevelse fra oven. N\u00e5r vi har nydt udsigten et stykke tid, g\u00e5r vi ned samme vej som vi kom fra. En af fjeldsiderne er d\u00e6kket af sne, \u00e5ret rundt, og hvis du vil g\u00f8re som de lokale s\u00e5 kurer man ned af den.<\/span><\/p>\n<p class=\"e1imf5dp0 x-jm2771\"><span class=\"x-12abj6v e1uuu2lt3\">G\u00e5 ikke glip af denne enest\u00e5ende mulighed for at opleve en af Nuuks mest attraktive udsigt, og book din tur idag. For at se turens tilg\u00e6ngelighed tryk &#8221;V\u00e6lg en dato&#8221; ovenfor.<\/span><\/p>\n","protected":false},"excerpt":{"rendered":"F\u00e5 det bedste overblik over Nuuk og fjorden med denne tur til toppen af store Malene, ogs\u00e5 kaldt Ukusissat p\u00e5 gr\u00f8nlandsk. Bind dine vandre st\u00f8vler, og medbring dit kamera! Turen starter i hjertet af Nuuk. Herfra g\u00e5r turen ud af byen, hvoraf selve vandreturen starter i Qinngorput og tager dig 742 meter over havniveau. Vi&#8230;","protected":false},"featured_media":13724,"comment_status":"open","ping_status":"closed","template":"","meta":[],"product_brand":[],"product_cat":[605,593,652,608,633],"product_tag":[893],"class_list":{"0":"post-13722","1":"product","2":"type-product","3":"status-publish","4":"has-post-thumbnail","6":"product_cat-dagsture-om-sommeren","7":"product_cat-oplevelser-i-groenland","8":"product_cat-ture-i-nuuk","9":"product_cat-vandre-og-trekkingture","10":"product_cat-vestgroenland","11":"product_tag-nuuk-da","12":"pa_activities-vandretur","13":"pa_activities-gletschervandring","14":"pa_attractions-ukkusissat-store-malene","15":"pa_available-month-januar","16":"pa_available-month-februar","17":"pa_available-month-marts","18":"pa_available-month-april","19":"pa_available-month-maj","20":"pa_available-month-juni","21":"pa_available-month-juli","22":"pa_available-month-august","23":"pa_available-month-september","24":"pa_available-month-oktober","25":"pa_available-month-november","26":"pa_available-month-december","27":"pa_destinations-nuuk","28":"pa_difficulty-haard","29":"pa_duration-5-timer","30":"pa_tour-type-dagsture","31":"yith_shop_vendor-two-ravens-da","33":"first","34":"instock","35":"virtual","36":"sold-individually","37":"purchasable","38":"product-type-booking"},"acf":[],"yoast_head":"<!-- This site is optimized with the Yoast SEO plugin v25.6 - https:\/\/yoast.com\/wordpress\/plugins\/seo\/ -->\n<title>Guidet vandretur til Ukkusissat (Store Malene) | Guide to Greenland<\/title>\n<meta name=\"description\" content=\"F\u00e5 det bedste overblik over Nuuk og fjorden med denne guidet vandretur til toppen af Ukkusissat\/Store Malene. L\u00e6s mere om vandreturen her \u00bb\" \/>\n<meta name=\"robots\" content=\"index, follow, max-snippet:-1, max-image-preview:large, max-video-preview:-1\" \/>\n<link rel=\"canonical\" href=\"https:\/\/guidetogreenland.com\/da\/reserver-ferie-rejser\/ukkusissat-fjeld-vandretur-nuuk\/\" \/>\n<meta property=\"og:locale\" content=\"da_DK\" \/>\n<meta property=\"og:type\" content=\"article\" \/>\n<meta property=\"og:title\" content=\"Guidet vandretur til Ukkusissat (Store Malene) | Guide to Greenland\" \/>\n<meta property=\"og:description\" content=\"F\u00e5 det bedste overblik over Nuuk og fjorden med denne guidet vandretur til toppen af Ukkusissat\/Store Malene. L\u00e6s mere om vandreturen her \u00bb\" \/>\n<meta property=\"og:url\" content=\"https:\/\/guidetogreenland.com\/da\/reserver-ferie-rejser\/ukkusissat-fjeld-vandretur-nuuk\/\" \/>\n<meta property=\"og:site_name\" content=\"Guide to Greenland\" \/>\n<meta property=\"article:modified_time\" content=\"2025-10-17T06:22:46+00:00\" \/>\n<meta property=\"og:image\" content=\"https:\/\/guidetogreenland.com\/wp-content\/uploads\/2020\/05\/ukkusissat-mountain-hike-nuuk-Guide-to-Greenland11.jpg\" \/>\n\t<meta property=\"og:image:width\" content=\"798\" \/>\n\t<meta property=\"og:image:height\" content=\"599\" \/>\n\t<meta property=\"og:image:type\" content=\"image\/jpeg\" \/>\n<meta name=\"twitter:card\" content=\"summary_large_image\" \/>\n<meta name=\"twitter:label1\" content=\"Estimeret l\u00e6setid\" \/>\n\t<meta name=\"twitter:data1\" content=\"2 minutter\" \/>\n<script type=\"application\/ld+json\" class=\"yoast-schema-graph\">{\"@context\":\"https:\/\/schema.org\",\"@graph\":[{\"@type\":\"WebPage\",\"@id\":\"https:\/\/guidetogreenland.com\/da\/reserver-ferie-rejser\/ukkusissat-fjeld-vandretur-nuuk\/\",\"url\":\"https:\/\/guidetogreenland.com\/da\/reserver-ferie-rejser\/ukkusissat-fjeld-vandretur-nuuk\/\",\"name\":\"Guidet vandretur til Ukkusissat (Store Malene) | Guide to Greenland\",\"isPartOf\":{\"@id\":\"https:\/\/guidetogreenland.com\/da\/#website\"},\"primaryImageOfPage\":{\"@id\":\"https:\/\/guidetogreenland.com\/da\/reserver-ferie-rejser\/ukkusissat-fjeld-vandretur-nuuk\/#primaryimage\"},\"image\":{\"@id\":\"https:\/\/guidetogreenland.com\/da\/reserver-ferie-rejser\/ukkusissat-fjeld-vandretur-nuuk\/#primaryimage\"},\"thumbnailUrl\":\"https:\/\/guidetogreenland.com\/wp-content\/uploads\/2020\/05\/ukkusissat-mountain-hike-nuuk-Guide-to-Greenland11.jpg\",\"datePublished\":\"2020-05-20T12:24:40+00:00\",\"dateModified\":\"2025-10-17T06:22:46+00:00\",\"description\":\"F\u00e5 det bedste overblik over Nuuk og fjorden med denne guidet vandretur til toppen af Ukkusissat\/Store Malene. L\u00e6s mere om vandreturen her \u00bb\",\"breadcrumb\":{\"@id\":\"https:\/\/guidetogreenland.com\/da\/reserver-ferie-rejser\/ukkusissat-fjeld-vandretur-nuuk\/#breadcrumb\"},\"inLanguage\":\"da-DK\",\"potentialAction\":[{\"@type\":\"ReadAction\",\"target\":[\"https:\/\/guidetogreenland.com\/da\/reserver-ferie-rejser\/ukkusissat-fjeld-vandretur-nuuk\/\"]}]},{\"@type\":\"ImageObject\",\"inLanguage\":\"da-DK\",\"@id\":\"https:\/\/guidetogreenland.com\/da\/reserver-ferie-rejser\/ukkusissat-fjeld-vandretur-nuuk\/#primaryimage\",\"url\":\"https:\/\/guidetogreenland.com\/wp-content\/uploads\/2020\/05\/ukkusissat-mountain-hike-nuuk-Guide-to-Greenland11.jpg\",\"contentUrl\":\"https:\/\/guidetogreenland.com\/wp-content\/uploads\/2020\/05\/ukkusissat-mountain-hike-nuuk-Guide-to-Greenland11.jpg\",\"width\":798,\"height\":599},{\"@type\":\"BreadcrumbList\",\"@id\":\"https:\/\/guidetogreenland.com\/da\/reserver-ferie-rejser\/ukkusissat-fjeld-vandretur-nuuk\/#breadcrumb\",\"itemListElement\":[{\"@type\":\"ListItem\",\"position\":1,\"name\":\"Home\",\"item\":\"https:\/\/guidetogreenland.com\/da\/\"},{\"@type\":\"ListItem\",\"position\":2,\"name\":\"Se alle ture\",\"item\":\"https:\/\/guidetogreenland.com\/da\/reserver-ferie-rejser\/\"},{\"@type\":\"ListItem\",\"position\":3,\"name\":\"Ukkusissat Fjeld-vandretur | Nuuk\"}]},{\"@type\":\"WebSite\",\"@id\":\"https:\/\/guidetogreenland.com\/da\/#website\",\"url\":\"https:\/\/guidetogreenland.com\/da\/\",\"name\":\"Guide to Greenland\",\"description\":\"Largest selection of tours in Greenland\",\"potentialAction\":[{\"@type\":\"SearchAction\",\"target\":{\"@type\":\"EntryPoint\",\"urlTemplate\":\"https:\/\/guidetogreenland.com\/da\/?s={search_term_string}\"},\"query-input\":{\"@type\":\"PropertyValueSpecification\",\"valueRequired\":true,\"valueName\":\"search_term_string\"}}],\"inLanguage\":\"da-DK\"}]}<\/script>\n<!-- \/ Yoast SEO plugin. -->","yoast_head_json":{"title":"Guidet vandretur til Ukkusissat (Store Malene) | Guide to Greenland","description":"F\u00e5 det bedste overblik over Nuuk og fjorden med denne guidet vandretur til toppen af Ukkusissat\/Store Malene. L\u00e6s mere om vandreturen her \u00bb","robots":{"index":"index","follow":"follow","max-snippet":"max-snippet:-1","max-image-preview":"max-image-preview:large","max-video-preview":"max-video-preview:-1"},"canonical":"https:\/\/guidetogreenland.com\/da\/reserver-ferie-rejser\/ukkusissat-fjeld-vandretur-nuuk\/","og_locale":"da_DK","og_type":"article","og_title":"Guidet vandretur til Ukkusissat (Store Malene) | Guide to Greenland","og_description":"F\u00e5 det bedste overblik over Nuuk og fjorden med denne guidet vandretur til toppen af Ukkusissat\/Store Malene. L\u00e6s mere om vandreturen her \u00bb","og_url":"https:\/\/guidetogreenland.com\/da\/reserver-ferie-rejser\/ukkusissat-fjeld-vandretur-nuuk\/","og_site_name":"Guide to Greenland","article_modified_time":"2025-10-17T06:22:46+00:00","og_image":[{"width":798,"height":599,"url":"https:\/\/guidetogreenland.com\/wp-content\/uploads\/2020\/05\/ukkusissat-mountain-hike-nuuk-Guide-to-Greenland11.jpg","type":"image\/jpeg"}],"twitter_card":"summary_large_image","twitter_misc":{"Estimeret l\u00e6setid":"2 minutter"},"schema":{"@context":"https:\/\/schema.org","@graph":[{"@type":"WebPage","@id":"https:\/\/guidetogreenland.com\/da\/reserver-ferie-rejser\/ukkusissat-fjeld-vandretur-nuuk\/","url":"https:\/\/guidetogreenland.com\/da\/reserver-ferie-rejser\/ukkusissat-fjeld-vandretur-nuuk\/","name":"Guidet vandretur til Ukkusissat (Store Malene) | Guide to Greenland","isPartOf":{"@id":"https:\/\/guidetogreenland.com\/da\/#website"},"primaryImageOfPage":{"@id":"https:\/\/guidetogreenland.com\/da\/reserver-ferie-rejser\/ukkusissat-fjeld-vandretur-nuuk\/#primaryimage"},"image":{"@id":"https:\/\/guidetogreenland.com\/da\/reserver-ferie-rejser\/ukkusissat-fjeld-vandretur-nuuk\/#primaryimage"},"thumbnailUrl":"https:\/\/guidetogreenland.com\/wp-content\/uploads\/2020\/05\/ukkusissat-mountain-hike-nuuk-Guide-to-Greenland11.jpg","datePublished":"2020-05-20T12:24:40+00:00","dateModified":"2025-10-17T06:22:46+00:00","description":"F\u00e5 det bedste overblik over Nuuk og fjorden med denne guidet vandretur til toppen af Ukkusissat\/Store Malene. L\u00e6s mere om vandreturen her \u00bb","breadcrumb":{"@id":"https:\/\/guidetogreenland.com\/da\/reserver-ferie-rejser\/ukkusissat-fjeld-vandretur-nuuk\/#breadcrumb"},"inLanguage":"da-DK","potentialAction":[{"@type":"ReadAction","target":["https:\/\/guidetogreenland.com\/da\/reserver-ferie-rejser\/ukkusissat-fjeld-vandretur-nuuk\/"]}]},{"@type":"ImageObject","inLanguage":"da-DK","@id":"https:\/\/guidetogreenland.com\/da\/reserver-ferie-rejser\/ukkusissat-fjeld-vandretur-nuuk\/#primaryimage","url":"https:\/\/guidetogreenland.com\/wp-content\/uploads\/2020\/05\/ukkusissat-mountain-hike-nuuk-Guide-to-Greenland11.jpg","contentUrl":"https:\/\/guidetogreenland.com\/wp-content\/uploads\/2020\/05\/ukkusissat-mountain-hike-nuuk-Guide-to-Greenland11.jpg","width":798,"height":599},{"@type":"BreadcrumbList","@id":"https:\/\/guidetogreenland.com\/da\/reserver-ferie-rejser\/ukkusissat-fjeld-vandretur-nuuk\/#breadcrumb","itemListElement":[{"@type":"ListItem","position":1,"name":"Home","item":"https:\/\/guidetogreenland.com\/da\/"},{"@type":"ListItem","position":2,"name":"Se alle ture","item":"https:\/\/guidetogreenland.com\/da\/reserver-ferie-rejser\/"},{"@type":"ListItem","position":3,"name":"Ukkusissat Fjeld-vandretur | Nuuk"}]},{"@type":"WebSite","@id":"https:\/\/guidetogreenland.com\/da\/#website","url":"https:\/\/guidetogreenland.com\/da\/","name":"Guide to Greenland","description":"Largest selection of tours in Greenland","potentialAction":[{"@type":"SearchAction","target":{"@type":"EntryPoint","urlTemplate":"https:\/\/guidetogreenland.com\/da\/?s={search_term_string}"},"query-input":{"@type":"PropertyValueSpecification","valueRequired":true,"valueName":"search_term_string"}}],"inLanguage":"da-DK"}]}},"_links":{"self":[{"href":"https:\/\/guidetogreenland.com\/da\/wp-json\/wp\/v2\/product\/13722","targetHints":{"allow":["GET"]}}],"collection":[{"href":"https:\/\/guidetogreenland.com\/da\/wp-json\/wp\/v2\/product"}],"about":[{"href":"https:\/\/guidetogreenland.com\/da\/wp-json\/wp\/v2\/types\/product"}],"replies":[{"embeddable":true,"href":"https:\/\/guidetogreenland.com\/da\/wp-json\/wp\/v2\/comments?post=13722"}],"wp:featuredmedia":[{"embeddable":true,"href":"https:\/\/guidetogreenland.com\/da\/wp-json\/wp\/v2\/media\/13724"}],"wp:attachment":[{"href":"https:\/\/guidetogreenland.com\/da\/wp-json\/wp\/v2\/media?parent=13722"}],"wp:term":[{"taxonomy":"product_brand","embeddable":true,"href":"https:\/\/guidetogreenland.com\/da\/wp-json\/wp\/v2\/product_brand?post=13722"},{"taxonomy":"product_cat","embeddable":true,"href":"https:\/\/guidetogreenland.com\/da\/wp-json\/wp\/v2\/product_cat?post=13722"},{"taxonomy":"product_tag","embeddable":true,"href":"https:\/\/guidetogreenland.com\/da\/wp-json\/wp\/v2\/product_tag?post=13722"}],"curies":[{"name":"wp","href":"https:\/\/api.w.org\/{rel}","templated":true}]}}