{"id":13738,"date":"2020-05-15T16:14:07","date_gmt":"2020-05-15T16:14:07","guid":{"rendered":"https:\/\/guidetogreenland.com\/book-trips-holiday\/nuuk-icefjord-nuuk\/"},"modified":"2026-03-17T05:57:50","modified_gmt":"2026-03-17T08:57:50","slug":"gletsjer-cruise-nuuk-isfjord","status":"publish","type":"product","link":"https:\/\/guidetogreenland.com\/da\/reserver-ferie-rejser\/gletsjer-cruise-nuuk-isfjord\/","title":{"rendered":"Gletsjer Cruise | Nuuk Isfjord"},"content":{"rendered":"<p class=\"e1imf5dp0 x-jm2771\">Med denne gletsjer udflugt vil du blive sejlet rundt i Nuuk&#8217;s fjordsystem med kurs mod den aktive gletjser, Narsap Sermia.<\/p>\n<p class=\"e1imf5dp0 x-jm2771\">Sid behageligt indenfor eller g\u00e5 udenfor engang imellem og f\u00e5 vind i h\u00e5ret. Der vil v\u00e6re rig lejlighed til at nye naturen og m\u00e5ske opleve noget af dyrelivet i fjorden.<\/p>\n<p class=\"e1imf5dp0 x-jm2771\">Kaptajnen fors\u00f8ger at komme s\u00e5 t\u00e6t p\u00e5 gletsjeren som det er muligt, med sikkerheden taget i betragtning.<\/p>\n<p class=\"e1imf5dp0 x-jm2771\">De isbjerge der kommer forbi Nuuk stammer fra denne aktive gletsje<span class=\"x-12abj6v e1uuu2lt3\">r og turen en unik chance for at se hvor isbjergene kommer fra.\u00a0<\/span><\/p>\n<p class=\"e1imf5dp0 x-jm2771\"><span class=\"x-12abj6v e1uuu2lt3\">Turen foreg\u00e5r med en lukket opvarmet b\u00e5d og en bes\u00e6tning der kender alt til Nuuk Fjorden og de Gr\u00f8nlandske vejrforhold.\u00a0<\/span><\/p>\n<p><span class=\"x-12abj6v e1uuu2lt3\">Der er kaffe og te undervejs p\u00e5 hele turen. Medbring selv en sandwish eller andet til at nyde p\u00e5 turen.\u00a0<\/span><\/p>\n<p class=\"e1imf5dp0 x-jm2771\"><span class=\"x-12abj6v e1uuu2lt3\">Se Tilg\u00e6ngeligheden ved at trykke p\u00e5 &#8216;V\u00e6lg dato&#8217; ovenover og book din tur idag.<\/span><\/p>\n","protected":false},"excerpt":{"rendered":"Med denne gletsjer udflugt vil du blive sejlet rundt i Nuuk&#8217;s fjordsystem med kurs mod den aktive gletjser, Narsap Sermia. Sid behageligt indenfor eller g\u00e5 udenfor engang imellem og f\u00e5 vind i h\u00e5ret. Der vil v\u00e6re rig lejlighed til at nye naturen og m\u00e5ske opleve noget af dyrelivet i fjorden. Kaptajnen fors\u00f8ger at komme s\u00e5&#8230;","protected":false},"featured_media":52916,"comment_status":"open","ping_status":"closed","template":"","meta":[],"product_brand":[],"product_cat":[594,605,692,612,593,627,643,652,633],"product_tag":[893],"class_list":{"0":"post-13738","1":"product","2":"type-product","3":"status-publish","4":"has-post-thumbnail","6":"product_cat-baadture","7":"product_cat-dagsture-om-sommeren","8":"product_cat-iceberg-icefjord-tours","9":"product_cat-natur-og-dyreliv-i-groenland","10":"product_cat-oplevelser-i-groenland","11":"product_cat-ture-i-bestemte-omraader","12":"product_cat-ture-i-hver-by","13":"product_cat-ture-i-nuuk","14":"product_cat-vestgroenland","15":"product_tag-nuuk-da","16":"pa_activities-baadtur","17":"pa_activities-gletscher-udsigt","18":"pa_activities-isbjerg-udsigt","19":"pa_attractions-nuuk-fjord","20":"pa_available-month-april","21":"pa_available-month-maj","22":"pa_available-month-juni","23":"pa_available-month-juli","24":"pa_available-month-august","25":"pa_available-month-september","26":"pa_available-month-oktober","27":"pa_available-month-november","28":"pa_available-month-december","29":"pa_destinations-nuuk","30":"pa_difficulty-let","31":"pa_duration-6-timer","32":"pa_tour-type-dagsture","33":"yith_shop_vendor-nuuk-water-taxi-da","35":"first","36":"instock","37":"featured","38":"virtual","39":"sold-individually","40":"purchasable","41":"product-type-booking"},"acf":[],"yoast_head":"<!-- This site is optimized with the Yoast SEO plugin v25.6 - https:\/\/yoast.com\/wordpress\/plugins\/seo\/ -->\n<title>Gletsjer Cruise | Nuuk Isfjord | Guide to Greenland<\/title>\n<meta name=\"description\" content=\"Rejs mellem isbjerge, pukkelhvaler og s\u00e6ler til Nuuk fjords gletscher. Dette er et arktisk krydstogt for dig, der nyder Gr\u00f8nlands natur.\" \/>\n<meta name=\"robots\" content=\"index, follow, max-snippet:-1, max-image-preview:large, max-video-preview:-1\" \/>\n<link rel=\"canonical\" href=\"https:\/\/guidetogreenland.com\/da\/reserver-ferie-rejser\/gletsjer-cruise-nuuk-isfjord\/\" \/>\n<meta property=\"og:locale\" content=\"da_DK\" \/>\n<meta property=\"og:type\" content=\"article\" \/>\n<meta property=\"og:title\" content=\"Gletsjer Cruise | Nuuk Isfjord | Guide to Greenland\" \/>\n<meta property=\"og:description\" content=\"Rejs mellem isbjerge, pukkelhvaler og s\u00e6ler til Nuuk fjords gletscher. Dette er et arktisk krydstogt for dig, der nyder Gr\u00f8nlands natur.\" \/>\n<meta property=\"og:url\" content=\"https:\/\/guidetogreenland.com\/da\/reserver-ferie-rejser\/gletsjer-cruise-nuuk-isfjord\/\" \/>\n<meta property=\"og:site_name\" content=\"Guide to Greenland\" \/>\n<meta property=\"article:modified_time\" content=\"2026-03-17T08:57:50+00:00\" \/>\n<meta property=\"og:image\" content=\"https:\/\/guidetogreenland.com\/wp-content\/uploads\/2020\/05\/Reflections-in-the-water-the-Nuuk-Icefjord-on-a-boat-tour-summer-Guide-to-Greenland-scaled.jpg\" \/>\n\t<meta property=\"og:image:width\" content=\"2560\" \/>\n\t<meta property=\"og:image:height\" content=\"1707\" \/>\n\t<meta property=\"og:image:type\" content=\"image\/jpeg\" \/>\n<meta name=\"twitter:card\" content=\"summary_large_image\" \/>\n<meta name=\"twitter:label1\" content=\"Estimeret l\u00e6setid\" \/>\n\t<meta name=\"twitter:data1\" content=\"1 minut\" \/>\n<script type=\"application\/ld+json\" class=\"yoast-schema-graph\">{\"@context\":\"https:\/\/schema.org\",\"@graph\":[{\"@type\":\"WebPage\",\"@id\":\"https:\/\/guidetogreenland.com\/da\/reserver-ferie-rejser\/gletsjer-cruise-nuuk-isfjord\/\",\"url\":\"https:\/\/guidetogreenland.com\/da\/reserver-ferie-rejser\/gletsjer-cruise-nuuk-isfjord\/\",\"name\":\"Gletsjer Cruise | Nuuk Isfjord | Guide to Greenland\",\"isPartOf\":{\"@id\":\"https:\/\/guidetogreenland.com\/da\/#website\"},\"primaryImageOfPage\":{\"@id\":\"https:\/\/guidetogreenland.com\/da\/reserver-ferie-rejser\/gletsjer-cruise-nuuk-isfjord\/#primaryimage\"},\"image\":{\"@id\":\"https:\/\/guidetogreenland.com\/da\/reserver-ferie-rejser\/gletsjer-cruise-nuuk-isfjord\/#primaryimage\"},\"thumbnailUrl\":\"https:\/\/guidetogreenland.com\/wp-content\/uploads\/2020\/07\/People-looking-at-an-iceberg-on-a-boat-tour-of-the-Nuuk-Fjord-in-Winter-Guide-to-Greenland-scaled.jpg\",\"datePublished\":\"2020-05-15T16:14:07+00:00\",\"dateModified\":\"2026-03-17T08:57:50+00:00\",\"description\":\"Rejs mellem isbjerge, pukkelhvaler og s\u00e6ler til Nuuk fjords gletscher. Dette er et arktisk krydstogt for dig, der nyder Gr\u00f8nlands natur.\",\"breadcrumb\":{\"@id\":\"https:\/\/guidetogreenland.com\/da\/reserver-ferie-rejser\/gletsjer-cruise-nuuk-isfjord\/#breadcrumb\"},\"inLanguage\":\"da-DK\",\"potentialAction\":[{\"@type\":\"ReadAction\",\"target\":[\"https:\/\/guidetogreenland.com\/da\/reserver-ferie-rejser\/gletsjer-cruise-nuuk-isfjord\/\"]}]},{\"@type\":\"ImageObject\",\"inLanguage\":\"da-DK\",\"@id\":\"https:\/\/guidetogreenland.com\/da\/reserver-ferie-rejser\/gletsjer-cruise-nuuk-isfjord\/#primaryimage\",\"url\":\"https:\/\/guidetogreenland.com\/wp-content\/uploads\/2020\/07\/People-looking-at-an-iceberg-on-a-boat-tour-of-the-Nuuk-Fjord-in-Winter-Guide-to-Greenland-scaled.jpg\",\"contentUrl\":\"https:\/\/guidetogreenland.com\/wp-content\/uploads\/2020\/07\/People-looking-at-an-iceberg-on-a-boat-tour-of-the-Nuuk-Fjord-in-Winter-Guide-to-Greenland-scaled.jpg\",\"width\":2560,\"height\":1707},{\"@type\":\"BreadcrumbList\",\"@id\":\"https:\/\/guidetogreenland.com\/da\/reserver-ferie-rejser\/gletsjer-cruise-nuuk-isfjord\/#breadcrumb\",\"itemListElement\":[{\"@type\":\"ListItem\",\"position\":1,\"name\":\"Home\",\"item\":\"https:\/\/guidetogreenland.com\/da\/\"},{\"@type\":\"ListItem\",\"position\":2,\"name\":\"Se alle ture\",\"item\":\"https:\/\/guidetogreenland.com\/da\/reserver-ferie-rejser\/\"},{\"@type\":\"ListItem\",\"position\":3,\"name\":\"Gletsjer Cruise | Nuuk Isfjord\"}]},{\"@type\":\"WebSite\",\"@id\":\"https:\/\/guidetogreenland.com\/da\/#website\",\"url\":\"https:\/\/guidetogreenland.com\/da\/\",\"name\":\"Guide to Greenland\",\"description\":\"Largest selection of tours in Greenland\",\"potentialAction\":[{\"@type\":\"SearchAction\",\"target\":{\"@type\":\"EntryPoint\",\"urlTemplate\":\"https:\/\/guidetogreenland.com\/da\/?s={search_term_string}\"},\"query-input\":{\"@type\":\"PropertyValueSpecification\",\"valueRequired\":true,\"valueName\":\"search_term_string\"}}],\"inLanguage\":\"da-DK\"}]}<\/script>\n<!-- \/ Yoast SEO plugin. -->","yoast_head_json":{"title":"Gletsjer Cruise | Nuuk Isfjord | Guide to Greenland","description":"Rejs mellem isbjerge, pukkelhvaler og s\u00e6ler til Nuuk fjords gletscher. Dette er et arktisk krydstogt for dig, der nyder Gr\u00f8nlands natur.","robots":{"index":"index","follow":"follow","max-snippet":"max-snippet:-1","max-image-preview":"max-image-preview:large","max-video-preview":"max-video-preview:-1"},"canonical":"https:\/\/guidetogreenland.com\/da\/reserver-ferie-rejser\/gletsjer-cruise-nuuk-isfjord\/","og_locale":"da_DK","og_type":"article","og_title":"Gletsjer Cruise | Nuuk Isfjord | Guide to Greenland","og_description":"Rejs mellem isbjerge, pukkelhvaler og s\u00e6ler til Nuuk fjords gletscher. Dette er et arktisk krydstogt for dig, der nyder Gr\u00f8nlands natur.","og_url":"https:\/\/guidetogreenland.com\/da\/reserver-ferie-rejser\/gletsjer-cruise-nuuk-isfjord\/","og_site_name":"Guide to Greenland","article_modified_time":"2026-03-17T08:57:50+00:00","og_image":[{"width":2560,"height":1707,"url":"https:\/\/guidetogreenland.com\/wp-content\/uploads\/2020\/05\/Reflections-in-the-water-the-Nuuk-Icefjord-on-a-boat-tour-summer-Guide-to-Greenland-scaled.jpg","type":"image\/jpeg"}],"twitter_card":"summary_large_image","twitter_misc":{"Estimeret l\u00e6setid":"1 minut"},"schema":{"@context":"https:\/\/schema.org","@graph":[{"@type":"WebPage","@id":"https:\/\/guidetogreenland.com\/da\/reserver-ferie-rejser\/gletsjer-cruise-nuuk-isfjord\/","url":"https:\/\/guidetogreenland.com\/da\/reserver-ferie-rejser\/gletsjer-cruise-nuuk-isfjord\/","name":"Gletsjer Cruise | Nuuk Isfjord | Guide to Greenland","isPartOf":{"@id":"https:\/\/guidetogreenland.com\/da\/#website"},"primaryImageOfPage":{"@id":"https:\/\/guidetogreenland.com\/da\/reserver-ferie-rejser\/gletsjer-cruise-nuuk-isfjord\/#primaryimage"},"image":{"@id":"https:\/\/guidetogreenland.com\/da\/reserver-ferie-rejser\/gletsjer-cruise-nuuk-isfjord\/#primaryimage"},"thumbnailUrl":"https:\/\/guidetogreenland.com\/wp-content\/uploads\/2020\/07\/People-looking-at-an-iceberg-on-a-boat-tour-of-the-Nuuk-Fjord-in-Winter-Guide-to-Greenland-scaled.jpg","datePublished":"2020-05-15T16:14:07+00:00","dateModified":"2026-03-17T08:57:50+00:00","description":"Rejs mellem isbjerge, pukkelhvaler og s\u00e6ler til Nuuk fjords gletscher. Dette er et arktisk krydstogt for dig, der nyder Gr\u00f8nlands natur.","breadcrumb":{"@id":"https:\/\/guidetogreenland.com\/da\/reserver-ferie-rejser\/gletsjer-cruise-nuuk-isfjord\/#breadcrumb"},"inLanguage":"da-DK","potentialAction":[{"@type":"ReadAction","target":["https:\/\/guidetogreenland.com\/da\/reserver-ferie-rejser\/gletsjer-cruise-nuuk-isfjord\/"]}]},{"@type":"ImageObject","inLanguage":"da-DK","@id":"https:\/\/guidetogreenland.com\/da\/reserver-ferie-rejser\/gletsjer-cruise-nuuk-isfjord\/#primaryimage","url":"https:\/\/guidetogreenland.com\/wp-content\/uploads\/2020\/07\/People-looking-at-an-iceberg-on-a-boat-tour-of-the-Nuuk-Fjord-in-Winter-Guide-to-Greenland-scaled.jpg","contentUrl":"https:\/\/guidetogreenland.com\/wp-content\/uploads\/2020\/07\/People-looking-at-an-iceberg-on-a-boat-tour-of-the-Nuuk-Fjord-in-Winter-Guide-to-Greenland-scaled.jpg","width":2560,"height":1707},{"@type":"BreadcrumbList","@id":"https:\/\/guidetogreenland.com\/da\/reserver-ferie-rejser\/gletsjer-cruise-nuuk-isfjord\/#breadcrumb","itemListElement":[{"@type":"ListItem","position":1,"name":"Home","item":"https:\/\/guidetogreenland.com\/da\/"},{"@type":"ListItem","position":2,"name":"Se alle ture","item":"https:\/\/guidetogreenland.com\/da\/reserver-ferie-rejser\/"},{"@type":"ListItem","position":3,"name":"Gletsjer Cruise | Nuuk Isfjord"}]},{"@type":"WebSite","@id":"https:\/\/guidetogreenland.com\/da\/#website","url":"https:\/\/guidetogreenland.com\/da\/","name":"Guide to Greenland","description":"Largest selection of tours in Greenland","potentialAction":[{"@type":"SearchAction","target":{"@type":"EntryPoint","urlTemplate":"https:\/\/guidetogreenland.com\/da\/?s={search_term_string}"},"query-input":{"@type":"PropertyValueSpecification","valueRequired":true,"valueName":"search_term_string"}}],"inLanguage":"da-DK"}]}},"_links":{"self":[{"href":"https:\/\/guidetogreenland.com\/da\/wp-json\/wp\/v2\/product\/13738","targetHints":{"allow":["GET"]}}],"collection":[{"href":"https:\/\/guidetogreenland.com\/da\/wp-json\/wp\/v2\/product"}],"about":[{"href":"https:\/\/guidetogreenland.com\/da\/wp-json\/wp\/v2\/types\/product"}],"replies":[{"embeddable":true,"href":"https:\/\/guidetogreenland.com\/da\/wp-json\/wp\/v2\/comments?post=13738"}],"wp:featuredmedia":[{"embeddable":true,"href":"https:\/\/guidetogreenland.com\/da\/wp-json\/wp\/v2\/media\/52916"}],"wp:attachment":[{"href":"https:\/\/guidetogreenland.com\/da\/wp-json\/wp\/v2\/media?parent=13738"}],"wp:term":[{"taxonomy":"product_brand","embeddable":true,"href":"https:\/\/guidetogreenland.com\/da\/wp-json\/wp\/v2\/product_brand?post=13738"},{"taxonomy":"product_cat","embeddable":true,"href":"https:\/\/guidetogreenland.com\/da\/wp-json\/wp\/v2\/product_cat?post=13738"},{"taxonomy":"product_tag","embeddable":true,"href":"https:\/\/guidetogreenland.com\/da\/wp-json\/wp\/v2\/product_tag?post=13738"}],"curies":[{"name":"wp","href":"https:\/\/api.w.org\/{rel}","templated":true}]}}