{"id":13742,"date":"2020-05-18T13:06:40","date_gmt":"2020-05-18T13:06:40","guid":{"rendered":"https:\/\/guidetogreenland.com\/book-trips-holiday\/oqaatsut-kayaking-day-ilulissat-disko-bay\/"},"modified":"2023-06-02T14:55:54","modified_gmt":"2023-06-02T17:55:54","slug":"sejlture-oqaatsut-kayak-ilulissat-disko-bay","status":"publish","type":"product","link":"https:\/\/guidetogreenland.com\/da\/reserver-ferie-rejser\/sejltur-til-oqaatsut-og-kajak-blandt-isbjerge-ilulissat\/","title":{"rendered":"Sejltur til Oqaatsut og Kajak blandt isbjerge | Ilulissat"},"content":{"rendered":"<p class=\"x-18pep25\">Kom med p\u00e5 denne tur der kombinere et bygde-bes\u00f8g og kajak i den smukke bugt af Oqaatsut. Har du altid \u00f8nsket at opleve det bedste a Gr\u00f8nland? S\u00e5 er denne tur lige noget for dig.<\/p>\n<p class=\"e1imf5dp0 x-jm2771\">M\u00f8d op ved Hotel Hvide Falk i n\u00e6rheden af centrum af Ilulissat og bliv introduceret til din guide og medrejsende for dagen. Sammen vil vi sejle de omkring 20 kilometer til den charmerende bygd af Oqaatsut. Et idyllisk sted omringet af uds\u00f8gt natur og farverige huse og m\u00f8d de venlige lokale. Du vil f\u00e5 mulighed for at g\u00e5 rundt i den lille bygd og se husene hvor hunde st\u00e5r l\u00e6nket udenfor, nogle med sm\u00e5 hvalpe som meget ge<span class=\"x-12abj6v e1uuu2lt3\">rne vil snakke. Tag dig god tid til at nyd roen, der pr\u00e6ger stedet.<\/span><\/p>\n<p class=\"e1imf5dp0 x-jm2771\"><span class=\"x-12abj6v e1uuu2lt3\">Efter ankomst til Oqaatsut og du har kigget dig lidt rundt, vil din guide og dine medrejsende, tage ned til vandkanten. Her vil du f\u00e5 introduktion til kajakken og sikkerheden omkring den, s\u00e5 vel som at du vil f\u00e5 en fornemmelse af at sidde i den, f\u00f8r den er kommet i vand. N\u00e5r du har f\u00e5et al udstyret p\u00e5, vil vi sammen b\u00e6re kajakkerne ned til vandkanten. Du vil nu f\u00e5 lov til langsomt at glide ud p\u00e5 vandet og pr\u00f8ve og se om du kan man\u00f8vre din vej gennem vand overfladen.<\/span><\/p>\n<p class=\"e1imf5dp0 x-jm2771\"><span class=\"x-12abj6v e1uuu2lt3\">N\u00e5r du er begyndt at kunne f\u00f8le dig tryg, vil du begynde at kunne bev\u00e6ge dig rundt i bugten. Kom til at sejle t\u00e6t p\u00e5 de massive isbjerge og nyd det stille st\u00e5ende vand, mens du nyder solen mod dit ansigt.<\/span><\/p>\n<p class=\"e1imf5dp0 x-jm2771\"><span class=\"x-12abj6v e1uuu2lt3\">Ved frokost tid vil vi sejle ind mod land igen, og bes\u00f8ge en lokal familie. De vil have en l\u00e6kker ret klar, lavet af gr\u00f8nlandske r\u00e5varer til din forn\u00f8jelse.<\/span><\/p>\n<p class=\"e1imf5dp0 x-jm2771\"><span class=\"x-12abj6v e1uuu2lt3\">Kom med p\u00e5 denne autentiske tur til den charmerende bygd af Oqaatsut og f\u00e5 en uforglemmelig oplevelse, med kulturelle oplevelser blandet med at sejle i kajak! Se tilg\u00e6ngeligheden ved at trykke p\u00e5 &#8216;V\u00e6lg en dag&#8217; og book din tur i dag.<\/span><\/p>\n","protected":false},"excerpt":{"rendered":"Kom med p\u00e5 denne tur der kombinere et bygde-bes\u00f8g og kajak i den smukke bugt af Oqaatsut. Har du altid \u00f8nsket at opleve det bedste a Gr\u00f8nland? S\u00e5 er denne tur lige noget for dig. M\u00f8d op ved Hotel Hvide Falk i n\u00e6rheden af centrum af Ilulissat og bliv introduceret til din guide og medrejsende&#8230;","protected":false},"featured_media":13743,"comment_status":"open","ping_status":"closed","template":"","meta":[],"product_brand":[],"product_cat":[629,692,623,593,626,609,644,625],"product_tag":[919],"class_list":{"0":"post-13742","1":"product","2":"type-product","3":"status-publish","4":"has-post-thumbnail","6":"product_cat-disko-bugten","7":"product_cat-iceberg-icefjord-tours","8":"product_cat-kulturelle-aktiviteter","9":"product_cat-oplevelser-i-groenland","10":"product_cat-staycation-i-groenland","11":"product_cat-sup-kayakture","12":"product_cat-ture-i-ilulissat","13":"product_cat-ture-til-verdensarv-steder-i-groenland","14":"product_tag-ilulissat-da","15":"pa_activities-baadtur","16":"pa_activities-kajak-sup","17":"pa_activities-groenlandsk-kultur","18":"pa_activities-isbjerg-udsigt","19":"pa_activities-bygdebesoeg","20":"pa_attractions-oqaatsut","21":"pa_available-month-juni","22":"pa_available-month-juli","23":"pa_available-month-august","24":"pa_available-month-september","25":"pa_destinations-ilulissat","26":"pa_difficulty-moderat","27":"pa_duration-10-timer","28":"pa_tour-type-dagsture","29":"yith_shop_vendor-albatros-ilulissat-da","31":"first","32":"instock","33":"virtual","34":"sold-individually","35":"purchasable","36":"product-type-booking"},"acf":[],"yoast_head":"<!-- This site is optimized with the Yoast SEO plugin v25.6 - https:\/\/yoast.com\/wordpress\/plugins\/seo\/ -->\n<title>Sejltur til Oqaatsut og Kajak blandt isbjerge | Ilulissat | Guide to Greenland<\/title>\n<meta name=\"description\" content=\"Hvis du har \u00f8nsket at opleve Gr\u00f8nland, kombinerer denne tur kajaksejlads med kulturelt bes\u00f8g i den charmerende jagtby Oqaatsut\" \/>\n<meta name=\"robots\" content=\"index, follow, max-snippet:-1, max-image-preview:large, max-video-preview:-1\" \/>\n<link rel=\"canonical\" href=\"https:\/\/guidetogreenland.com\/da\/reserver-ferie-rejser\/sejltur-til-oqaatsut-og-kajak-blandt-isbjerge-ilulissat\/\" \/>\n<meta property=\"og:locale\" content=\"da_DK\" \/>\n<meta property=\"og:type\" content=\"article\" \/>\n<meta property=\"og:title\" content=\"Sejltur til Oqaatsut og Kajak blandt isbjerge | Ilulissat | Guide to Greenland\" \/>\n<meta property=\"og:description\" content=\"Hvis du har \u00f8nsket at opleve Gr\u00f8nland, kombinerer denne tur kajaksejlads med kulturelt bes\u00f8g i den charmerende jagtby Oqaatsut\" \/>\n<meta property=\"og:url\" content=\"https:\/\/guidetogreenland.com\/da\/reserver-ferie-rejser\/sejltur-til-oqaatsut-og-kajak-blandt-isbjerge-ilulissat\/\" \/>\n<meta property=\"og:site_name\" content=\"Guide to Greenland\" \/>\n<meta property=\"article:modified_time\" content=\"2023-06-02T17:55:54+00:00\" \/>\n<meta property=\"og:image\" content=\"https:\/\/guidetogreenland.com\/wp-content\/uploads\/2020\/05\/oqaatsut-kayaking-day-ilulissat-disko-bay-7-Guide-to-Greenland-2.jpg\" \/>\n\t<meta property=\"og:image:width\" content=\"798\" \/>\n\t<meta property=\"og:image:height\" content=\"599\" \/>\n\t<meta property=\"og:image:type\" content=\"image\/jpeg\" \/>\n<meta name=\"twitter:card\" content=\"summary_large_image\" \/>\n<meta name=\"twitter:label1\" content=\"Estimeret l\u00e6setid\" \/>\n\t<meta name=\"twitter:data1\" content=\"2 minutter\" \/>\n<script type=\"application\/ld+json\" class=\"yoast-schema-graph\">{\"@context\":\"https:\/\/schema.org\",\"@graph\":[{\"@type\":\"WebPage\",\"@id\":\"https:\/\/guidetogreenland.com\/da\/reserver-ferie-rejser\/sejltur-til-oqaatsut-og-kajak-blandt-isbjerge-ilulissat\/\",\"url\":\"https:\/\/guidetogreenland.com\/da\/reserver-ferie-rejser\/sejltur-til-oqaatsut-og-kajak-blandt-isbjerge-ilulissat\/\",\"name\":\"Sejltur til Oqaatsut og Kajak blandt isbjerge | Ilulissat | Guide to Greenland\",\"isPartOf\":{\"@id\":\"https:\/\/guidetogreenland.com\/da\/#website\"},\"primaryImageOfPage\":{\"@id\":\"https:\/\/guidetogreenland.com\/da\/reserver-ferie-rejser\/sejltur-til-oqaatsut-og-kajak-blandt-isbjerge-ilulissat\/#primaryimage\"},\"image\":{\"@id\":\"https:\/\/guidetogreenland.com\/da\/reserver-ferie-rejser\/sejltur-til-oqaatsut-og-kajak-blandt-isbjerge-ilulissat\/#primaryimage\"},\"thumbnailUrl\":\"https:\/\/guidetogreenland.com\/wp-content\/uploads\/2020\/05\/oqaatsut-kayaking-day-ilulissat-disko-bay-7-Guide-to-Greenland-2.jpg\",\"datePublished\":\"2020-05-18T13:06:40+00:00\",\"dateModified\":\"2023-06-02T17:55:54+00:00\",\"description\":\"Hvis du har \u00f8nsket at opleve Gr\u00f8nland, kombinerer denne tur kajaksejlads med kulturelt bes\u00f8g i den charmerende jagtby Oqaatsut\",\"breadcrumb\":{\"@id\":\"https:\/\/guidetogreenland.com\/da\/reserver-ferie-rejser\/sejltur-til-oqaatsut-og-kajak-blandt-isbjerge-ilulissat\/#breadcrumb\"},\"inLanguage\":\"da-DK\",\"potentialAction\":[{\"@type\":\"ReadAction\",\"target\":[\"https:\/\/guidetogreenland.com\/da\/reserver-ferie-rejser\/sejltur-til-oqaatsut-og-kajak-blandt-isbjerge-ilulissat\/\"]}]},{\"@type\":\"ImageObject\",\"inLanguage\":\"da-DK\",\"@id\":\"https:\/\/guidetogreenland.com\/da\/reserver-ferie-rejser\/sejltur-til-oqaatsut-og-kajak-blandt-isbjerge-ilulissat\/#primaryimage\",\"url\":\"https:\/\/guidetogreenland.com\/wp-content\/uploads\/2020\/05\/oqaatsut-kayaking-day-ilulissat-disko-bay-7-Guide-to-Greenland-2.jpg\",\"contentUrl\":\"https:\/\/guidetogreenland.com\/wp-content\/uploads\/2020\/05\/oqaatsut-kayaking-day-ilulissat-disko-bay-7-Guide-to-Greenland-2.jpg\",\"width\":798,\"height\":599},{\"@type\":\"BreadcrumbList\",\"@id\":\"https:\/\/guidetogreenland.com\/da\/reserver-ferie-rejser\/sejltur-til-oqaatsut-og-kajak-blandt-isbjerge-ilulissat\/#breadcrumb\",\"itemListElement\":[{\"@type\":\"ListItem\",\"position\":1,\"name\":\"Home\",\"item\":\"https:\/\/guidetogreenland.com\/da\/\"},{\"@type\":\"ListItem\",\"position\":2,\"name\":\"Se alle ture\",\"item\":\"https:\/\/guidetogreenland.com\/da\/reserver-ferie-rejser\/\"},{\"@type\":\"ListItem\",\"position\":3,\"name\":\"Sejltur til Oqaatsut og Kajak blandt isbjerge | Ilulissat\"}]},{\"@type\":\"WebSite\",\"@id\":\"https:\/\/guidetogreenland.com\/da\/#website\",\"url\":\"https:\/\/guidetogreenland.com\/da\/\",\"name\":\"Guide to Greenland\",\"description\":\"Largest selection of tours in Greenland\",\"potentialAction\":[{\"@type\":\"SearchAction\",\"target\":{\"@type\":\"EntryPoint\",\"urlTemplate\":\"https:\/\/guidetogreenland.com\/da\/?s={search_term_string}\"},\"query-input\":{\"@type\":\"PropertyValueSpecification\",\"valueRequired\":true,\"valueName\":\"search_term_string\"}}],\"inLanguage\":\"da-DK\"}]}<\/script>\n<!-- \/ Yoast SEO plugin. -->","yoast_head_json":{"title":"Sejltur til Oqaatsut og Kajak blandt isbjerge | Ilulissat | Guide to Greenland","description":"Hvis du har \u00f8nsket at opleve Gr\u00f8nland, kombinerer denne tur kajaksejlads med kulturelt bes\u00f8g i den charmerende jagtby Oqaatsut","robots":{"index":"index","follow":"follow","max-snippet":"max-snippet:-1","max-image-preview":"max-image-preview:large","max-video-preview":"max-video-preview:-1"},"canonical":"https:\/\/guidetogreenland.com\/da\/reserver-ferie-rejser\/sejltur-til-oqaatsut-og-kajak-blandt-isbjerge-ilulissat\/","og_locale":"da_DK","og_type":"article","og_title":"Sejltur til Oqaatsut og Kajak blandt isbjerge | Ilulissat | Guide to Greenland","og_description":"Hvis du har \u00f8nsket at opleve Gr\u00f8nland, kombinerer denne tur kajaksejlads med kulturelt bes\u00f8g i den charmerende jagtby Oqaatsut","og_url":"https:\/\/guidetogreenland.com\/da\/reserver-ferie-rejser\/sejltur-til-oqaatsut-og-kajak-blandt-isbjerge-ilulissat\/","og_site_name":"Guide to Greenland","article_modified_time":"2023-06-02T17:55:54+00:00","og_image":[{"width":798,"height":599,"url":"https:\/\/guidetogreenland.com\/wp-content\/uploads\/2020\/05\/oqaatsut-kayaking-day-ilulissat-disko-bay-7-Guide-to-Greenland-2.jpg","type":"image\/jpeg"}],"twitter_card":"summary_large_image","twitter_misc":{"Estimeret l\u00e6setid":"2 minutter"},"schema":{"@context":"https:\/\/schema.org","@graph":[{"@type":"WebPage","@id":"https:\/\/guidetogreenland.com\/da\/reserver-ferie-rejser\/sejltur-til-oqaatsut-og-kajak-blandt-isbjerge-ilulissat\/","url":"https:\/\/guidetogreenland.com\/da\/reserver-ferie-rejser\/sejltur-til-oqaatsut-og-kajak-blandt-isbjerge-ilulissat\/","name":"Sejltur til Oqaatsut og Kajak blandt isbjerge | Ilulissat | Guide to Greenland","isPartOf":{"@id":"https:\/\/guidetogreenland.com\/da\/#website"},"primaryImageOfPage":{"@id":"https:\/\/guidetogreenland.com\/da\/reserver-ferie-rejser\/sejltur-til-oqaatsut-og-kajak-blandt-isbjerge-ilulissat\/#primaryimage"},"image":{"@id":"https:\/\/guidetogreenland.com\/da\/reserver-ferie-rejser\/sejltur-til-oqaatsut-og-kajak-blandt-isbjerge-ilulissat\/#primaryimage"},"thumbnailUrl":"https:\/\/guidetogreenland.com\/wp-content\/uploads\/2020\/05\/oqaatsut-kayaking-day-ilulissat-disko-bay-7-Guide-to-Greenland-2.jpg","datePublished":"2020-05-18T13:06:40+00:00","dateModified":"2023-06-02T17:55:54+00:00","description":"Hvis du har \u00f8nsket at opleve Gr\u00f8nland, kombinerer denne tur kajaksejlads med kulturelt bes\u00f8g i den charmerende jagtby Oqaatsut","breadcrumb":{"@id":"https:\/\/guidetogreenland.com\/da\/reserver-ferie-rejser\/sejltur-til-oqaatsut-og-kajak-blandt-isbjerge-ilulissat\/#breadcrumb"},"inLanguage":"da-DK","potentialAction":[{"@type":"ReadAction","target":["https:\/\/guidetogreenland.com\/da\/reserver-ferie-rejser\/sejltur-til-oqaatsut-og-kajak-blandt-isbjerge-ilulissat\/"]}]},{"@type":"ImageObject","inLanguage":"da-DK","@id":"https:\/\/guidetogreenland.com\/da\/reserver-ferie-rejser\/sejltur-til-oqaatsut-og-kajak-blandt-isbjerge-ilulissat\/#primaryimage","url":"https:\/\/guidetogreenland.com\/wp-content\/uploads\/2020\/05\/oqaatsut-kayaking-day-ilulissat-disko-bay-7-Guide-to-Greenland-2.jpg","contentUrl":"https:\/\/guidetogreenland.com\/wp-content\/uploads\/2020\/05\/oqaatsut-kayaking-day-ilulissat-disko-bay-7-Guide-to-Greenland-2.jpg","width":798,"height":599},{"@type":"BreadcrumbList","@id":"https:\/\/guidetogreenland.com\/da\/reserver-ferie-rejser\/sejltur-til-oqaatsut-og-kajak-blandt-isbjerge-ilulissat\/#breadcrumb","itemListElement":[{"@type":"ListItem","position":1,"name":"Home","item":"https:\/\/guidetogreenland.com\/da\/"},{"@type":"ListItem","position":2,"name":"Se alle ture","item":"https:\/\/guidetogreenland.com\/da\/reserver-ferie-rejser\/"},{"@type":"ListItem","position":3,"name":"Sejltur til Oqaatsut og Kajak blandt isbjerge | Ilulissat"}]},{"@type":"WebSite","@id":"https:\/\/guidetogreenland.com\/da\/#website","url":"https:\/\/guidetogreenland.com\/da\/","name":"Guide to Greenland","description":"Largest selection of tours in Greenland","potentialAction":[{"@type":"SearchAction","target":{"@type":"EntryPoint","urlTemplate":"https:\/\/guidetogreenland.com\/da\/?s={search_term_string}"},"query-input":{"@type":"PropertyValueSpecification","valueRequired":true,"valueName":"search_term_string"}}],"inLanguage":"da-DK"}]}},"_links":{"self":[{"href":"https:\/\/guidetogreenland.com\/da\/wp-json\/wp\/v2\/product\/13742","targetHints":{"allow":["GET"]}}],"collection":[{"href":"https:\/\/guidetogreenland.com\/da\/wp-json\/wp\/v2\/product"}],"about":[{"href":"https:\/\/guidetogreenland.com\/da\/wp-json\/wp\/v2\/types\/product"}],"replies":[{"embeddable":true,"href":"https:\/\/guidetogreenland.com\/da\/wp-json\/wp\/v2\/comments?post=13742"}],"wp:featuredmedia":[{"embeddable":true,"href":"https:\/\/guidetogreenland.com\/da\/wp-json\/wp\/v2\/media\/13743"}],"wp:attachment":[{"href":"https:\/\/guidetogreenland.com\/da\/wp-json\/wp\/v2\/media?parent=13742"}],"wp:term":[{"taxonomy":"product_brand","embeddable":true,"href":"https:\/\/guidetogreenland.com\/da\/wp-json\/wp\/v2\/product_brand?post=13742"},{"taxonomy":"product_cat","embeddable":true,"href":"https:\/\/guidetogreenland.com\/da\/wp-json\/wp\/v2\/product_cat?post=13742"},{"taxonomy":"product_tag","embeddable":true,"href":"https:\/\/guidetogreenland.com\/da\/wp-json\/wp\/v2\/product_tag?post=13742"}],"curies":[{"name":"wp","href":"https:\/\/api.w.org\/{rel}","templated":true}]}}