{"id":13746,"date":"2020-05-26T16:01:17","date_gmt":"2020-05-26T16:01:17","guid":{"rendered":"https:\/\/guidetogreenland.com\/book-trips-holiday\/oqaatsut-settlement-private-tour-ilulissat-disko-bay\/"},"modified":"2020-12-17T13:45:56","modified_gmt":"2020-12-17T13:45:56","slug":"oqaatsut-bygdebesoeg-ilulissat-disko-bugt","status":"publish","type":"product","link":"https:\/\/guidetogreenland.com\/da\/reserver-ferie-rejser\/oqaatsut-bygdebesog-ilulissat-diskobugten\/","title":{"rendered":"Oqaatsut Bygdebes\u00f8g | Ilulissat | Diskobugten"},"content":{"rendered":"<div class=\"x-2ruu7e ewhm0490\">\n<div class=\"x-sqsvwz e1hc7val2\">\n<div class=\"x-13o7eu2 e1imf5dp1\">\n<div class=\"x-v4fa7v e1uuu2lt0\">\n<div class=\"x-7xwfhm e1imf5dp0\">\n<p class=\"e1imf5dp0 x-jm2771\">F\u00e5 et lille indblik i hvordan det er at bo i en lille gr\u00f8nlandsk bygd. I bygden Oqaatsut, der ligger omkring 15 kilometer fra Ilulissat, bor der kun 35 mennesker. Om sommeren er det kun muligt at komme til byen med b\u00e5d og om vinteren er man afh\u00e6ngig af at kunne komme frem med enten hundesl\u00e6de eller snescooter. Bygden ligger p\u00e5 en lille halv\u00f8 ved foden af et stort bjerg. Stedet har v\u00e6ret beboet siden 1700-tallet og fik status som bygd i 1877. I mange \u00e5r var bygden brugt som en hvalstation af hollandske hvalfangere. Holl\u00e6nderne kaldte stedet Rodebay, eller R\u00f8debugten, da det var her hvalerne ble<span class=\"x-12abj6v e1uuu2lt3\">v taget p\u00e5 land og sk\u00e5ret op.<\/span><\/p>\n<p class=\"e1imf5dp0 x-jm2771\"><span class=\"x-12abj6v e1uuu2lt3\">Dette er en sp\u00e6ndende tur, hvor du vil have en unik mulighed for f\u00e5 en bedre forst\u00e5else af de forhold, som en del af den gr\u00f8nlandske befolkning lever under. Dette er en bygd, hvor der er begr\u00e6nset adgang til internet, elektricitet og dagligvarer, da der kun er \u00e9n butik der ikke er s\u00e6rligt stor. Fangst og fiskeri fylder meget i de lokales dagligdag og du vil uden tvivl se fisk og andet k\u00f8d, h\u00e6nge til t\u00f8rre udenfor husene.<\/span><\/p>\n<p class=\"e1imf5dp0 x-jm2771\"><span class=\"x-12abj6v e1uuu2lt3\">Kom med og m\u00f8d den venlige og smilende lokalbefolkning! Se tilg\u00e6ngeligheden ved at trykke p\u00e5 &#8216;V\u00e6lg en dag&#8217; og book din tur i dag.<\/span><\/p>\n<\/div>\n<\/div>\n<\/div>\n<\/div>\n<\/div>\n","protected":false},"excerpt":{"rendered":"F\u00e5 et lille indblik i hvordan det er at bo i en lille gr\u00f8nlandsk bygd. I bygden Oqaatsut, der ligger omkring 15 kilometer fra Ilulissat, bor der kun 35 mennesker. Om sommeren er det kun muligt at komme til byen med b\u00e5d og om vinteren er man afh\u00e6ngig af at kunne komme frem med enten&#8230;","protected":false},"featured_media":13748,"comment_status":"open","ping_status":"closed","template":"","meta":[],"product_brand":[],"product_cat":[594,621,605,629,622,624,623,593,627,643,644],"product_tag":[919],"class_list":{"0":"post-13746","1":"product","2":"type-product","3":"status-publish","4":"has-post-thumbnail","6":"product_cat-baadture","7":"product_cat-charterture","8":"product_cat-dagsture-om-sommeren","9":"product_cat-disko-bugten","10":"product_cat-groenlandsk-kultur","11":"product_cat-historiske-ture","12":"product_cat-kulturelle-aktiviteter","13":"product_cat-oplevelser-i-groenland","14":"product_cat-ture-i-bestemte-omraader","15":"product_cat-ture-i-hver-by","16":"product_cat-ture-i-ilulissat","17":"product_tag-ilulissat-da","18":"pa_activities-baadtur","19":"pa_activities-groenlandsk-kultur","20":"pa_activities-charterrede-ture","21":"pa_activities-bygdebesoeg","22":"pa_available-month-maj","23":"pa_available-month-juni","24":"pa_available-month-juli","25":"pa_available-month-august","26":"pa_available-month-september","27":"pa_available-month-oktober","28":"pa_available-month-november","29":"pa_destinations-ilulissat","30":"pa_difficulty-let","31":"pa_duration-3-timer","32":"pa_tour-type-dagsture","33":"yith_shop_vendor-ilulissat-water-tours-da","34":"yith_booking_service-additional-hours","35":"yith_booking_service-lunch-plate-3","36":"yith_booking_service-sandwich-3","38":"first","39":"instock","40":"virtual","41":"sold-individually","42":"purchasable","43":"product-type-booking"},"acf":[],"yoast_head":"<!-- This site is optimized with the Yoast SEO plugin v25.6 - https:\/\/yoast.com\/wordpress\/plugins\/seo\/ -->\n<title>Oqaatsut Bygdebes\u00f8g | Ilulissat | Diskobugten | Guide to Greenland<\/title>\n<meta name=\"description\" content=\"Sejl i den fantastiske arktiske natur og oplev den traditionelle gr\u00f8nlandske livsstil i denne lille bos\u00e6ttelse uden for Ilulissat.\" \/>\n<meta name=\"robots\" content=\"index, follow, max-snippet:-1, max-image-preview:large, max-video-preview:-1\" \/>\n<link rel=\"canonical\" href=\"https:\/\/guidetogreenland.com\/da\/reserver-ferie-rejser\/oqaatsut-bygdebesog-ilulissat-diskobugten\/\" \/>\n<meta property=\"og:locale\" content=\"da_DK\" \/>\n<meta property=\"og:type\" content=\"article\" \/>\n<meta property=\"og:title\" content=\"Oqaatsut Bygdebes\u00f8g | Ilulissat | Diskobugten | Guide to Greenland\" \/>\n<meta property=\"og:description\" content=\"Sejl i den fantastiske arktiske natur og oplev den traditionelle gr\u00f8nlandske livsstil i denne lille bos\u00e6ttelse uden for Ilulissat.\" \/>\n<meta property=\"og:url\" content=\"https:\/\/guidetogreenland.com\/da\/reserver-ferie-rejser\/oqaatsut-bygdebesog-ilulissat-diskobugten\/\" \/>\n<meta property=\"og:site_name\" content=\"Guide to Greenland\" \/>\n<meta property=\"article:modified_time\" content=\"2020-12-17T13:45:56+00:00\" \/>\n<meta property=\"og:image\" content=\"https:\/\/guidetogreenland.com\/wp-content\/uploads\/2020\/05\/oqaatsut-settlement-private-tour-ilulissat-disko-bay-Guide-to-Greenland7.jpeg\" \/>\n\t<meta property=\"og:image:width\" content=\"2073\" \/>\n\t<meta property=\"og:image:height\" content=\"1380\" \/>\n\t<meta property=\"og:image:type\" content=\"image\/jpeg\" \/>\n<meta name=\"twitter:card\" content=\"summary_large_image\" \/>\n<meta name=\"twitter:label1\" content=\"Estimeret l\u00e6setid\" \/>\n\t<meta name=\"twitter:data1\" content=\"1 minut\" \/>\n<script type=\"application\/ld+json\" class=\"yoast-schema-graph\">{\"@context\":\"https:\/\/schema.org\",\"@graph\":[{\"@type\":\"WebPage\",\"@id\":\"https:\/\/guidetogreenland.com\/da\/reserver-ferie-rejser\/oqaatsut-bygdebesog-ilulissat-diskobugten\/\",\"url\":\"https:\/\/guidetogreenland.com\/da\/reserver-ferie-rejser\/oqaatsut-bygdebesog-ilulissat-diskobugten\/\",\"name\":\"Oqaatsut Bygdebes\u00f8g | Ilulissat | Diskobugten | Guide to Greenland\",\"isPartOf\":{\"@id\":\"https:\/\/guidetogreenland.com\/da\/#website\"},\"primaryImageOfPage\":{\"@id\":\"https:\/\/guidetogreenland.com\/da\/reserver-ferie-rejser\/oqaatsut-bygdebesog-ilulissat-diskobugten\/#primaryimage\"},\"image\":{\"@id\":\"https:\/\/guidetogreenland.com\/da\/reserver-ferie-rejser\/oqaatsut-bygdebesog-ilulissat-diskobugten\/#primaryimage\"},\"thumbnailUrl\":\"https:\/\/guidetogreenland.com\/wp-content\/uploads\/2020\/05\/oqaatsut-settlement-private-tour-ilulissat-disko-bay-Guide-to-Greenland7.jpeg\",\"datePublished\":\"2020-05-26T16:01:17+00:00\",\"dateModified\":\"2020-12-17T13:45:56+00:00\",\"description\":\"Sejl i den fantastiske arktiske natur og oplev den traditionelle gr\u00f8nlandske livsstil i denne lille bos\u00e6ttelse uden for Ilulissat.\",\"breadcrumb\":{\"@id\":\"https:\/\/guidetogreenland.com\/da\/reserver-ferie-rejser\/oqaatsut-bygdebesog-ilulissat-diskobugten\/#breadcrumb\"},\"inLanguage\":\"da-DK\",\"potentialAction\":[{\"@type\":\"ReadAction\",\"target\":[\"https:\/\/guidetogreenland.com\/da\/reserver-ferie-rejser\/oqaatsut-bygdebesog-ilulissat-diskobugten\/\"]}]},{\"@type\":\"ImageObject\",\"inLanguage\":\"da-DK\",\"@id\":\"https:\/\/guidetogreenland.com\/da\/reserver-ferie-rejser\/oqaatsut-bygdebesog-ilulissat-diskobugten\/#primaryimage\",\"url\":\"https:\/\/guidetogreenland.com\/wp-content\/uploads\/2020\/05\/oqaatsut-settlement-private-tour-ilulissat-disko-bay-Guide-to-Greenland7.jpeg\",\"contentUrl\":\"https:\/\/guidetogreenland.com\/wp-content\/uploads\/2020\/05\/oqaatsut-settlement-private-tour-ilulissat-disko-bay-Guide-to-Greenland7.jpeg\",\"width\":2073,\"height\":1380},{\"@type\":\"BreadcrumbList\",\"@id\":\"https:\/\/guidetogreenland.com\/da\/reserver-ferie-rejser\/oqaatsut-bygdebesog-ilulissat-diskobugten\/#breadcrumb\",\"itemListElement\":[{\"@type\":\"ListItem\",\"position\":1,\"name\":\"Home\",\"item\":\"https:\/\/guidetogreenland.com\/da\/\"},{\"@type\":\"ListItem\",\"position\":2,\"name\":\"Se alle ture\",\"item\":\"https:\/\/guidetogreenland.com\/da\/reserver-ferie-rejser\/\"},{\"@type\":\"ListItem\",\"position\":3,\"name\":\"Oqaatsut Bygdebes\u00f8g | Ilulissat | Diskobugten\"}]},{\"@type\":\"WebSite\",\"@id\":\"https:\/\/guidetogreenland.com\/da\/#website\",\"url\":\"https:\/\/guidetogreenland.com\/da\/\",\"name\":\"Guide to Greenland\",\"description\":\"Largest selection of tours in Greenland\",\"potentialAction\":[{\"@type\":\"SearchAction\",\"target\":{\"@type\":\"EntryPoint\",\"urlTemplate\":\"https:\/\/guidetogreenland.com\/da\/?s={search_term_string}\"},\"query-input\":{\"@type\":\"PropertyValueSpecification\",\"valueRequired\":true,\"valueName\":\"search_term_string\"}}],\"inLanguage\":\"da-DK\"}]}<\/script>\n<!-- \/ Yoast SEO plugin. -->","yoast_head_json":{"title":"Oqaatsut Bygdebes\u00f8g | Ilulissat | Diskobugten | Guide to Greenland","description":"Sejl i den fantastiske arktiske natur og oplev den traditionelle gr\u00f8nlandske livsstil i denne lille bos\u00e6ttelse uden for Ilulissat.","robots":{"index":"index","follow":"follow","max-snippet":"max-snippet:-1","max-image-preview":"max-image-preview:large","max-video-preview":"max-video-preview:-1"},"canonical":"https:\/\/guidetogreenland.com\/da\/reserver-ferie-rejser\/oqaatsut-bygdebesog-ilulissat-diskobugten\/","og_locale":"da_DK","og_type":"article","og_title":"Oqaatsut Bygdebes\u00f8g | Ilulissat | Diskobugten | Guide to Greenland","og_description":"Sejl i den fantastiske arktiske natur og oplev den traditionelle gr\u00f8nlandske livsstil i denne lille bos\u00e6ttelse uden for Ilulissat.","og_url":"https:\/\/guidetogreenland.com\/da\/reserver-ferie-rejser\/oqaatsut-bygdebesog-ilulissat-diskobugten\/","og_site_name":"Guide to Greenland","article_modified_time":"2020-12-17T13:45:56+00:00","og_image":[{"width":2073,"height":1380,"url":"https:\/\/guidetogreenland.com\/wp-content\/uploads\/2020\/05\/oqaatsut-settlement-private-tour-ilulissat-disko-bay-Guide-to-Greenland7.jpeg","type":"image\/jpeg"}],"twitter_card":"summary_large_image","twitter_misc":{"Estimeret l\u00e6setid":"1 minut"},"schema":{"@context":"https:\/\/schema.org","@graph":[{"@type":"WebPage","@id":"https:\/\/guidetogreenland.com\/da\/reserver-ferie-rejser\/oqaatsut-bygdebesog-ilulissat-diskobugten\/","url":"https:\/\/guidetogreenland.com\/da\/reserver-ferie-rejser\/oqaatsut-bygdebesog-ilulissat-diskobugten\/","name":"Oqaatsut Bygdebes\u00f8g | Ilulissat | Diskobugten | Guide to Greenland","isPartOf":{"@id":"https:\/\/guidetogreenland.com\/da\/#website"},"primaryImageOfPage":{"@id":"https:\/\/guidetogreenland.com\/da\/reserver-ferie-rejser\/oqaatsut-bygdebesog-ilulissat-diskobugten\/#primaryimage"},"image":{"@id":"https:\/\/guidetogreenland.com\/da\/reserver-ferie-rejser\/oqaatsut-bygdebesog-ilulissat-diskobugten\/#primaryimage"},"thumbnailUrl":"https:\/\/guidetogreenland.com\/wp-content\/uploads\/2020\/05\/oqaatsut-settlement-private-tour-ilulissat-disko-bay-Guide-to-Greenland7.jpeg","datePublished":"2020-05-26T16:01:17+00:00","dateModified":"2020-12-17T13:45:56+00:00","description":"Sejl i den fantastiske arktiske natur og oplev den traditionelle gr\u00f8nlandske livsstil i denne lille bos\u00e6ttelse uden for Ilulissat.","breadcrumb":{"@id":"https:\/\/guidetogreenland.com\/da\/reserver-ferie-rejser\/oqaatsut-bygdebesog-ilulissat-diskobugten\/#breadcrumb"},"inLanguage":"da-DK","potentialAction":[{"@type":"ReadAction","target":["https:\/\/guidetogreenland.com\/da\/reserver-ferie-rejser\/oqaatsut-bygdebesog-ilulissat-diskobugten\/"]}]},{"@type":"ImageObject","inLanguage":"da-DK","@id":"https:\/\/guidetogreenland.com\/da\/reserver-ferie-rejser\/oqaatsut-bygdebesog-ilulissat-diskobugten\/#primaryimage","url":"https:\/\/guidetogreenland.com\/wp-content\/uploads\/2020\/05\/oqaatsut-settlement-private-tour-ilulissat-disko-bay-Guide-to-Greenland7.jpeg","contentUrl":"https:\/\/guidetogreenland.com\/wp-content\/uploads\/2020\/05\/oqaatsut-settlement-private-tour-ilulissat-disko-bay-Guide-to-Greenland7.jpeg","width":2073,"height":1380},{"@type":"BreadcrumbList","@id":"https:\/\/guidetogreenland.com\/da\/reserver-ferie-rejser\/oqaatsut-bygdebesog-ilulissat-diskobugten\/#breadcrumb","itemListElement":[{"@type":"ListItem","position":1,"name":"Home","item":"https:\/\/guidetogreenland.com\/da\/"},{"@type":"ListItem","position":2,"name":"Se alle ture","item":"https:\/\/guidetogreenland.com\/da\/reserver-ferie-rejser\/"},{"@type":"ListItem","position":3,"name":"Oqaatsut Bygdebes\u00f8g | Ilulissat | Diskobugten"}]},{"@type":"WebSite","@id":"https:\/\/guidetogreenland.com\/da\/#website","url":"https:\/\/guidetogreenland.com\/da\/","name":"Guide to Greenland","description":"Largest selection of tours in Greenland","potentialAction":[{"@type":"SearchAction","target":{"@type":"EntryPoint","urlTemplate":"https:\/\/guidetogreenland.com\/da\/?s={search_term_string}"},"query-input":{"@type":"PropertyValueSpecification","valueRequired":true,"valueName":"search_term_string"}}],"inLanguage":"da-DK"}]}},"_links":{"self":[{"href":"https:\/\/guidetogreenland.com\/da\/wp-json\/wp\/v2\/product\/13746","targetHints":{"allow":["GET"]}}],"collection":[{"href":"https:\/\/guidetogreenland.com\/da\/wp-json\/wp\/v2\/product"}],"about":[{"href":"https:\/\/guidetogreenland.com\/da\/wp-json\/wp\/v2\/types\/product"}],"replies":[{"embeddable":true,"href":"https:\/\/guidetogreenland.com\/da\/wp-json\/wp\/v2\/comments?post=13746"}],"wp:featuredmedia":[{"embeddable":true,"href":"https:\/\/guidetogreenland.com\/da\/wp-json\/wp\/v2\/media\/13748"}],"wp:attachment":[{"href":"https:\/\/guidetogreenland.com\/da\/wp-json\/wp\/v2\/media?parent=13746"}],"wp:term":[{"taxonomy":"product_brand","embeddable":true,"href":"https:\/\/guidetogreenland.com\/da\/wp-json\/wp\/v2\/product_brand?post=13746"},{"taxonomy":"product_cat","embeddable":true,"href":"https:\/\/guidetogreenland.com\/da\/wp-json\/wp\/v2\/product_cat?post=13746"},{"taxonomy":"product_tag","embeddable":true,"href":"https:\/\/guidetogreenland.com\/da\/wp-json\/wp\/v2\/product_tag?post=13746"}],"curies":[{"name":"wp","href":"https:\/\/api.w.org\/{rel}","templated":true}]}}