{"id":13763,"date":"2020-05-26T16:09:31","date_gmt":"2020-05-26T16:09:31","guid":{"rendered":"https:\/\/guidetogreenland.com\/book-trips-holiday\/paradise-valley-ice-cap-tour-kangerlussuaq\/"},"modified":"2024-05-15T13:25:27","modified_gmt":"2024-05-15T16:25:27","slug":"paradisdalen-indlandsisen-kangerlussuaq","status":"publish","type":"product","link":"https:\/\/guidetogreenland.com\/da\/reserver-ferie-rejser\/paradisdalen-indlandsisen-kangerlussuaq\/","title":{"rendered":"Paradisdalen &#038; Indlandsisen | Kangerlussuaq"},"content":{"rendered":"<p class=\"x-18pep25\">Tag p\u00e5 en spektakul\u00e6r flyvetur\u00a0til indlandsisen og den ber\u00f8mte paradisdal med fly, ved spidsen af den fantastiske Kangerlussuaq Fjord. P\u00e5 denne tur f\u00e5r du muligheden for at flyve over Paradisdalen, kendt for at have en overflod af dyreliv, og at se indlandsisen fra luften.<\/p>\n<p class=\"x-18pep25\">Turen starter det tidligere amerikanske luftbase, der nu er Gr\u00f8nlands st\u00f8rste internationale lufthavn &#8211; Kangerlussuaq, ogs\u00e5 kendt som S\u00f8ndre Str\u00f8mfjord. F\u00f8r afgang vil piloten give en briefing om den planlagte rute, vejrforholdene og mulighederne for at se flokke af rensdyr og moskus.<\/p>\n<p class=\"e1imf5dp0 x-jm2771\">Lige meget hvor du s\u00e6tter dig i flyet er <span class=\"x-12abj6v e1uuu2lt3\">der en fantastisk udsigt fra de store vinduer. Piloten gennemg\u00e5r sikkerhedsinstruktionerne inde i flyet, hvor du f\u00e5r headset p\u00e5 til at kommunikere med under turen.<\/span><\/p>\n<p class=\"e1imf5dp0 x-jm2771\"><span class=\"x-12abj6v e1uuu2lt3\">S\u00e5 snart i letter, kan i se Gr\u00f8nland fra sin bedste vinkel. I flyver \u00f8stp\u00e5 mod indlandsisen, p\u00e5 turen vil i se store mor\u00e6ner og dale formet af tidligere gletsjere. P\u00e5 vej tilbage, flyver i lavt nede i paradisdalen, et utroligt flot omr\u00e5de med store floder der pr\u00e6ger landskabet og hvor dyrene skiller sig ud fra farverne.<\/span><\/p>\n<p class=\"e1imf5dp0 x-jm2771\"><span class=\"x-12abj6v e1uuu2lt3\">G\u00e5 ikke glip af dette vidunder af en tur, du kan tjekke muligheden for at komme med ved at trykke p\u00e5 &#8216;v\u00e6lg en dato&#8217; oppe til h\u00f8jre.<\/span><\/p>\n","protected":false},"excerpt":{"rendered":"Tag p\u00e5 en spektakul\u00e6r flyvetur\u00a0til indlandsisen og den ber\u00f8mte paradisdal med fly, ved spidsen af den fantastiske Kangerlussuaq Fjord. P\u00e5 denne tur f\u00e5r du muligheden for at flyve over Paradisdalen, kendt for at have en overflod af dyreliv, og at se indlandsisen fra luften. Turen starter det tidligere amerikanske luftbase, der nu er Gr\u00f8nlands st\u00f8rste&#8230;","protected":false},"featured_media":13765,"comment_status":"open","ping_status":"closed","template":"","meta":[],"product_brand":[],"product_cat":[628,605,604,614,612,593,646,633],"product_tag":[924],"class_list":{"0":"post-13763","1":"product","2":"type-product","3":"status-publish","4":"has-post-thumbnail","6":"product_cat-arctic-circle-trail","7":"product_cat-dagsture-om-sommeren","8":"product_cat-fly-og-helikopterture","9":"product_cat-gletsjer-og-indlandsisen","10":"product_cat-natur-og-dyreliv-i-groenland","11":"product_cat-oplevelser-i-groenland","12":"product_cat-ture-i-kangerlussuaq","13":"product_cat-vestgroenland","14":"product_tag-kangerlussuaq-da","15":"pa_activities-gletscher-udsigt","16":"pa_activities-sightseeing-med-fly","17":"pa_attractions-indlandsisen","18":"pa_available-month-maj","19":"pa_available-month-juni","20":"pa_available-month-juli","21":"pa_available-month-september","22":"pa_destinations-kangerlussuaq","23":"pa_difficulty-let","24":"pa_duration-70-minutter","25":"pa_tour-type-dagsture","26":"yith_shop_vendor-airzafari-da","28":"first","29":"instock","30":"virtual","31":"sold-individually","32":"purchasable","33":"product-type-booking"},"acf":[],"yoast_head":"<!-- This site is optimized with the Yoast SEO plugin v25.6 - https:\/\/yoast.com\/wordpress\/plugins\/seo\/ -->\n<title>Paradisdalen &amp; Indlandsisen | Kangerlussuaq | Guide to Greenland<\/title>\n<meta name=\"description\" content=\"En fantastisk sightseeing med fly til Indlandsisen. Udforsk den farverige arktiske tundra i Paradisedalen ved Kangerlussuaq-fjorden.\" \/>\n<meta name=\"robots\" content=\"index, follow, max-snippet:-1, max-image-preview:large, max-video-preview:-1\" \/>\n<link rel=\"canonical\" href=\"https:\/\/guidetogreenland.com\/da\/reserver-ferie-rejser\/paradisdalen-indlandsisen-kangerlussuaq\/\" \/>\n<meta property=\"og:locale\" content=\"da_DK\" \/>\n<meta property=\"og:type\" content=\"article\" \/>\n<meta property=\"og:title\" content=\"Paradisdalen &amp; Indlandsisen | Kangerlussuaq | Guide to Greenland\" \/>\n<meta property=\"og:description\" content=\"En fantastisk sightseeing med fly til Indlandsisen. Udforsk den farverige arktiske tundra i Paradisedalen ved Kangerlussuaq-fjorden.\" \/>\n<meta property=\"og:url\" content=\"https:\/\/guidetogreenland.com\/da\/reserver-ferie-rejser\/paradisdalen-indlandsisen-kangerlussuaq\/\" \/>\n<meta property=\"og:site_name\" content=\"Guide to Greenland\" \/>\n<meta property=\"article:modified_time\" content=\"2024-05-15T16:25:27+00:00\" \/>\n<meta property=\"og:image\" content=\"https:\/\/guidetogreenland.com\/wp-content\/uploads\/2020\/05\/paradise-valley-ice-cap-tour-kangerlussuaq-Guide-to-Greenland10.jpeg\" \/>\n\t<meta property=\"og:image:width\" content=\"1840\" \/>\n\t<meta property=\"og:image:height\" content=\"1380\" \/>\n\t<meta property=\"og:image:type\" content=\"image\/jpeg\" \/>\n<meta name=\"twitter:card\" content=\"summary_large_image\" \/>\n<meta name=\"twitter:label1\" content=\"Estimeret l\u00e6setid\" \/>\n\t<meta name=\"twitter:data1\" content=\"1 minut\" \/>\n<script type=\"application\/ld+json\" class=\"yoast-schema-graph\">{\"@context\":\"https:\/\/schema.org\",\"@graph\":[{\"@type\":\"WebPage\",\"@id\":\"https:\/\/guidetogreenland.com\/da\/reserver-ferie-rejser\/paradisdalen-indlandsisen-kangerlussuaq\/\",\"url\":\"https:\/\/guidetogreenland.com\/da\/reserver-ferie-rejser\/paradisdalen-indlandsisen-kangerlussuaq\/\",\"name\":\"Paradisdalen & Indlandsisen | Kangerlussuaq | Guide to Greenland\",\"isPartOf\":{\"@id\":\"https:\/\/guidetogreenland.com\/da\/#website\"},\"primaryImageOfPage\":{\"@id\":\"https:\/\/guidetogreenland.com\/da\/reserver-ferie-rejser\/paradisdalen-indlandsisen-kangerlussuaq\/#primaryimage\"},\"image\":{\"@id\":\"https:\/\/guidetogreenland.com\/da\/reserver-ferie-rejser\/paradisdalen-indlandsisen-kangerlussuaq\/#primaryimage\"},\"thumbnailUrl\":\"https:\/\/guidetogreenland.com\/wp-content\/uploads\/2020\/05\/paradise-valley-ice-cap-tour-kangerlussuaq-Guide-to-Greenland10.jpeg\",\"datePublished\":\"2020-05-26T16:09:31+00:00\",\"dateModified\":\"2024-05-15T16:25:27+00:00\",\"description\":\"En fantastisk sightseeing med fly til Indlandsisen. Udforsk den farverige arktiske tundra i Paradisedalen ved Kangerlussuaq-fjorden.\",\"breadcrumb\":{\"@id\":\"https:\/\/guidetogreenland.com\/da\/reserver-ferie-rejser\/paradisdalen-indlandsisen-kangerlussuaq\/#breadcrumb\"},\"inLanguage\":\"da-DK\",\"potentialAction\":[{\"@type\":\"ReadAction\",\"target\":[\"https:\/\/guidetogreenland.com\/da\/reserver-ferie-rejser\/paradisdalen-indlandsisen-kangerlussuaq\/\"]}]},{\"@type\":\"ImageObject\",\"inLanguage\":\"da-DK\",\"@id\":\"https:\/\/guidetogreenland.com\/da\/reserver-ferie-rejser\/paradisdalen-indlandsisen-kangerlussuaq\/#primaryimage\",\"url\":\"https:\/\/guidetogreenland.com\/wp-content\/uploads\/2020\/05\/paradise-valley-ice-cap-tour-kangerlussuaq-Guide-to-Greenland10.jpeg\",\"contentUrl\":\"https:\/\/guidetogreenland.com\/wp-content\/uploads\/2020\/05\/paradise-valley-ice-cap-tour-kangerlussuaq-Guide-to-Greenland10.jpeg\",\"width\":1840,\"height\":1380},{\"@type\":\"BreadcrumbList\",\"@id\":\"https:\/\/guidetogreenland.com\/da\/reserver-ferie-rejser\/paradisdalen-indlandsisen-kangerlussuaq\/#breadcrumb\",\"itemListElement\":[{\"@type\":\"ListItem\",\"position\":1,\"name\":\"Home\",\"item\":\"https:\/\/guidetogreenland.com\/da\/\"},{\"@type\":\"ListItem\",\"position\":2,\"name\":\"Se alle ture\",\"item\":\"https:\/\/guidetogreenland.com\/da\/reserver-ferie-rejser\/\"},{\"@type\":\"ListItem\",\"position\":3,\"name\":\"Paradisdalen &#038; Indlandsisen | Kangerlussuaq\"}]},{\"@type\":\"WebSite\",\"@id\":\"https:\/\/guidetogreenland.com\/da\/#website\",\"url\":\"https:\/\/guidetogreenland.com\/da\/\",\"name\":\"Guide to Greenland\",\"description\":\"Largest selection of tours in Greenland\",\"potentialAction\":[{\"@type\":\"SearchAction\",\"target\":{\"@type\":\"EntryPoint\",\"urlTemplate\":\"https:\/\/guidetogreenland.com\/da\/?s={search_term_string}\"},\"query-input\":{\"@type\":\"PropertyValueSpecification\",\"valueRequired\":true,\"valueName\":\"search_term_string\"}}],\"inLanguage\":\"da-DK\"}]}<\/script>\n<!-- \/ Yoast SEO plugin. -->","yoast_head_json":{"title":"Paradisdalen & Indlandsisen | Kangerlussuaq | Guide to Greenland","description":"En fantastisk sightseeing med fly til Indlandsisen. Udforsk den farverige arktiske tundra i Paradisedalen ved Kangerlussuaq-fjorden.","robots":{"index":"index","follow":"follow","max-snippet":"max-snippet:-1","max-image-preview":"max-image-preview:large","max-video-preview":"max-video-preview:-1"},"canonical":"https:\/\/guidetogreenland.com\/da\/reserver-ferie-rejser\/paradisdalen-indlandsisen-kangerlussuaq\/","og_locale":"da_DK","og_type":"article","og_title":"Paradisdalen & Indlandsisen | Kangerlussuaq | Guide to Greenland","og_description":"En fantastisk sightseeing med fly til Indlandsisen. Udforsk den farverige arktiske tundra i Paradisedalen ved Kangerlussuaq-fjorden.","og_url":"https:\/\/guidetogreenland.com\/da\/reserver-ferie-rejser\/paradisdalen-indlandsisen-kangerlussuaq\/","og_site_name":"Guide to Greenland","article_modified_time":"2024-05-15T16:25:27+00:00","og_image":[{"width":1840,"height":1380,"url":"https:\/\/guidetogreenland.com\/wp-content\/uploads\/2020\/05\/paradise-valley-ice-cap-tour-kangerlussuaq-Guide-to-Greenland10.jpeg","type":"image\/jpeg"}],"twitter_card":"summary_large_image","twitter_misc":{"Estimeret l\u00e6setid":"1 minut"},"schema":{"@context":"https:\/\/schema.org","@graph":[{"@type":"WebPage","@id":"https:\/\/guidetogreenland.com\/da\/reserver-ferie-rejser\/paradisdalen-indlandsisen-kangerlussuaq\/","url":"https:\/\/guidetogreenland.com\/da\/reserver-ferie-rejser\/paradisdalen-indlandsisen-kangerlussuaq\/","name":"Paradisdalen & Indlandsisen | Kangerlussuaq | Guide to Greenland","isPartOf":{"@id":"https:\/\/guidetogreenland.com\/da\/#website"},"primaryImageOfPage":{"@id":"https:\/\/guidetogreenland.com\/da\/reserver-ferie-rejser\/paradisdalen-indlandsisen-kangerlussuaq\/#primaryimage"},"image":{"@id":"https:\/\/guidetogreenland.com\/da\/reserver-ferie-rejser\/paradisdalen-indlandsisen-kangerlussuaq\/#primaryimage"},"thumbnailUrl":"https:\/\/guidetogreenland.com\/wp-content\/uploads\/2020\/05\/paradise-valley-ice-cap-tour-kangerlussuaq-Guide-to-Greenland10.jpeg","datePublished":"2020-05-26T16:09:31+00:00","dateModified":"2024-05-15T16:25:27+00:00","description":"En fantastisk sightseeing med fly til Indlandsisen. Udforsk den farverige arktiske tundra i Paradisedalen ved Kangerlussuaq-fjorden.","breadcrumb":{"@id":"https:\/\/guidetogreenland.com\/da\/reserver-ferie-rejser\/paradisdalen-indlandsisen-kangerlussuaq\/#breadcrumb"},"inLanguage":"da-DK","potentialAction":[{"@type":"ReadAction","target":["https:\/\/guidetogreenland.com\/da\/reserver-ferie-rejser\/paradisdalen-indlandsisen-kangerlussuaq\/"]}]},{"@type":"ImageObject","inLanguage":"da-DK","@id":"https:\/\/guidetogreenland.com\/da\/reserver-ferie-rejser\/paradisdalen-indlandsisen-kangerlussuaq\/#primaryimage","url":"https:\/\/guidetogreenland.com\/wp-content\/uploads\/2020\/05\/paradise-valley-ice-cap-tour-kangerlussuaq-Guide-to-Greenland10.jpeg","contentUrl":"https:\/\/guidetogreenland.com\/wp-content\/uploads\/2020\/05\/paradise-valley-ice-cap-tour-kangerlussuaq-Guide-to-Greenland10.jpeg","width":1840,"height":1380},{"@type":"BreadcrumbList","@id":"https:\/\/guidetogreenland.com\/da\/reserver-ferie-rejser\/paradisdalen-indlandsisen-kangerlussuaq\/#breadcrumb","itemListElement":[{"@type":"ListItem","position":1,"name":"Home","item":"https:\/\/guidetogreenland.com\/da\/"},{"@type":"ListItem","position":2,"name":"Se alle ture","item":"https:\/\/guidetogreenland.com\/da\/reserver-ferie-rejser\/"},{"@type":"ListItem","position":3,"name":"Paradisdalen &#038; Indlandsisen | Kangerlussuaq"}]},{"@type":"WebSite","@id":"https:\/\/guidetogreenland.com\/da\/#website","url":"https:\/\/guidetogreenland.com\/da\/","name":"Guide to Greenland","description":"Largest selection of tours in Greenland","potentialAction":[{"@type":"SearchAction","target":{"@type":"EntryPoint","urlTemplate":"https:\/\/guidetogreenland.com\/da\/?s={search_term_string}"},"query-input":{"@type":"PropertyValueSpecification","valueRequired":true,"valueName":"search_term_string"}}],"inLanguage":"da-DK"}]}},"_links":{"self":[{"href":"https:\/\/guidetogreenland.com\/da\/wp-json\/wp\/v2\/product\/13763","targetHints":{"allow":["GET"]}}],"collection":[{"href":"https:\/\/guidetogreenland.com\/da\/wp-json\/wp\/v2\/product"}],"about":[{"href":"https:\/\/guidetogreenland.com\/da\/wp-json\/wp\/v2\/types\/product"}],"replies":[{"embeddable":true,"href":"https:\/\/guidetogreenland.com\/da\/wp-json\/wp\/v2\/comments?post=13763"}],"wp:featuredmedia":[{"embeddable":true,"href":"https:\/\/guidetogreenland.com\/da\/wp-json\/wp\/v2\/media\/13765"}],"wp:attachment":[{"href":"https:\/\/guidetogreenland.com\/da\/wp-json\/wp\/v2\/media?parent=13763"}],"wp:term":[{"taxonomy":"product_brand","embeddable":true,"href":"https:\/\/guidetogreenland.com\/da\/wp-json\/wp\/v2\/product_brand?post=13763"},{"taxonomy":"product_cat","embeddable":true,"href":"https:\/\/guidetogreenland.com\/da\/wp-json\/wp\/v2\/product_cat?post=13763"},{"taxonomy":"product_tag","embeddable":true,"href":"https:\/\/guidetogreenland.com\/da\/wp-json\/wp\/v2\/product_tag?post=13763"}],"curies":[{"name":"wp","href":"https:\/\/api.w.org\/{rel}","templated":true}]}}