{"id":13766,"date":"2020-05-19T18:31:34","date_gmt":"2020-05-19T18:31:34","guid":{"rendered":"https:\/\/guidetogreenland.com\/book-trips-holiday\/tundra-and-wildlife-tour-kangerlussuaq-west-greenland\/"},"modified":"2026-01-25T10:51:05","modified_gmt":"2026-01-25T13:51:05","slug":"tundra-and-wildlife-tour-kangerlussuaq-west-greenland","status":"publish","type":"product","link":"https:\/\/guidetogreenland.com\/da\/reserver-ferie-rejser\/tundra-og-dyreliv-kangerlussuaq-vest-gronland\/","title":{"rendered":"Tundra og Dyreliv | Kangerlussuaq | Vest Gr\u00f8nland"},"content":{"rendered":"<p class=\"x-18pep25\">Tag p\u00e5 en hyggelig\u00a0tur omkring\u00a0Kangerlussuaq for at finde de f\u00e6nomenale Moskus okser, s\u00e5vel som de enorme rensdyr der bev\u00e6ger sig rundt i omr\u00e5det.<\/p>\n<p class=\"e1imf5dp0 x-jm2771\">Kangerlussuaq er velkendt for at have mange store pattedyr, fordi vejret her er stabilt og store omr\u00e5der af land ikke er d\u00e6kket af indlandsisen, som g\u00f8r det til et perfekt omr\u00e5de for at se dyrene i deres naturlige habitat. Moskus kan veje op til 400 kg og har det vidunderlige Gr\u00f8nlandske navn Umimmak som betyder &#8216;Den med det lange sk\u00e6g&#8217;. De store tyre er et syn for sig selv men de er endnu mere sp\u00e6ndende med familien, og ogs\u00e5 rensdyrene, men <span class=\"x-12abj6v e1uuu2lt3\">de er ikke de eneste dyr, der g\u00e5r ogs\u00e5 Polarr\u00e6ve og Arktiske harer rundt samt en r\u00e6kke af fugle som \u00f8rnen og falke der bor i omr\u00e5det.<\/span><\/p>\n<p class=\"e1imf5dp0 x-jm2771\"><span class=\"x-12abj6v e1uuu2lt3\">P\u00e5 denne sp\u00e6ndende tur bliver du k\u00f8rt i et 4-hjulstrukket k\u00f8ret\u00f8j med panoramiske vinduer der tager dig gennem det fantastiske bjerglandskab. Guiden har medbragt kikkerter for at i har bedre chancer for at spotte dyreliv. Det er selvf\u00f8lgelig uforudsigeligt om i kommer til at se nogle dyr, men det er stadig en flot tur, og hvem ved det kan v\u00e6re i er heldige og kommer t\u00e6t p\u00e5 en flok. Lige meget hvad er vi sikre p\u00e5 du f\u00e5r nogle gode indtryk og nogle fede billeder.<\/span><\/p>\n","protected":false},"excerpt":{"rendered":"Tag p\u00e5 en hyggelig\u00a0tur omkring\u00a0Kangerlussuaq for at finde de f\u00e6nomenale Moskus okser, s\u00e5vel som de enorme rensdyr der bev\u00e6ger sig rundt i omr\u00e5det. Kangerlussuaq er velkendt for at have mange store pattedyr, fordi vejret her er stabilt og store omr\u00e5der af land ikke er d\u00e6kket af indlandsisen, som g\u00f8r det til et perfekt omr\u00e5de for&#8230;","protected":false},"featured_media":13768,"comment_status":"open","ping_status":"closed","template":"","meta":[],"product_brand":[],"product_cat":[628,605,606,612,593,643,646],"product_tag":[924],"class_list":{"0":"post-13766","1":"product","2":"type-product","3":"status-publish","4":"has-post-thumbnail","6":"product_cat-arctic-circle-trail","7":"product_cat-dagsture-om-sommeren","8":"product_cat-dagsture-om-vinteren","9":"product_cat-natur-og-dyreliv-i-groenland","10":"product_cat-oplevelser-i-groenland","11":"product_cat-ture-i-hver-by","12":"product_cat-ture-i-kangerlussuaq","13":"product_tag-kangerlussuaq-da","14":"pa_activities-gletschervandring","15":"pa_activities-vandretur","16":"pa_activities-dyreliv-safari","17":"pa_available-month-februar","18":"pa_available-month-marts","19":"pa_available-month-april","20":"pa_available-month-maj","21":"pa_available-month-juni","22":"pa_available-month-juli","23":"pa_available-month-august","24":"pa_available-month-september","25":"pa_available-month-oktober","26":"pa_available-month-november","27":"pa_destinations-kangerlussuaq","28":"pa_difficulty-let","29":"pa_duration-1-5-time","30":"pa_tour-type-dagsture","31":"yith_shop_vendor-albatros-arctic-circle-da","33":"first","34":"instock","35":"virtual","36":"sold-individually","37":"purchasable","38":"product-type-booking"},"acf":[],"yoast_head":"<!-- This site is optimized with the Yoast SEO plugin v25.6 - https:\/\/yoast.com\/wordpress\/plugins\/seo\/ -->\n<title>Tundra og Dyreliv | Kangerlussuaq | Vest Gr\u00f8nland | Guide to Greenland<\/title>\n<meta name=\"robots\" content=\"index, follow, max-snippet:-1, max-image-preview:large, max-video-preview:-1\" \/>\n<link rel=\"canonical\" href=\"https:\/\/guidetogreenland.com\/da\/reserver-ferie-rejser\/tundra-og-dyreliv-kangerlussuaq-vest-gronland\/\" \/>\n<meta property=\"og:locale\" content=\"da_DK\" \/>\n<meta property=\"og:type\" content=\"article\" \/>\n<meta property=\"og:title\" content=\"Tundra og Dyreliv | Kangerlussuaq | Vest Gr\u00f8nland | Guide to Greenland\" \/>\n<meta property=\"og:description\" content=\"Tag p\u00e5 en hyggelig\u00a0tur omkring\u00a0Kangerlussuaq for at finde de f\u00e6nomenale Moskus okser, s\u00e5vel som de enorme rensdyr der bev\u00e6ger sig rundt i omr\u00e5det. Kangerlussuaq er velkendt for at have mange store pattedyr, fordi vejret her er stabilt og store omr\u00e5der af land ikke er d\u00e6kket af indlandsisen, som g\u00f8r det til et perfekt omr\u00e5de for...\" \/>\n<meta property=\"og:url\" content=\"https:\/\/guidetogreenland.com\/da\/reserver-ferie-rejser\/tundra-og-dyreliv-kangerlussuaq-vest-gronland\/\" \/>\n<meta property=\"og:site_name\" content=\"Guide to Greenland\" \/>\n<meta property=\"article:modified_time\" content=\"2026-01-25T13:51:05+00:00\" \/>\n<meta property=\"og:image\" content=\"https:\/\/guidetogreenland.com\/wp-content\/uploads\/2020\/05\/tundra-and-wildlife-tour-kangerlussuaq-west-greenland-Guide-to-Greenland17.jpg\" \/>\n\t<meta property=\"og:image:width\" content=\"926\" \/>\n\t<meta property=\"og:image:height\" content=\"576\" \/>\n\t<meta property=\"og:image:type\" content=\"image\/jpeg\" \/>\n<meta name=\"twitter:card\" content=\"summary_large_image\" \/>\n<meta name=\"twitter:label1\" content=\"Estimeret l\u00e6setid\" \/>\n\t<meta name=\"twitter:data1\" content=\"1 minut\" \/>\n<script type=\"application\/ld+json\" class=\"yoast-schema-graph\">{\"@context\":\"https:\/\/schema.org\",\"@graph\":[{\"@type\":\"WebPage\",\"@id\":\"https:\/\/guidetogreenland.com\/da\/reserver-ferie-rejser\/tundra-og-dyreliv-kangerlussuaq-vest-gronland\/\",\"url\":\"https:\/\/guidetogreenland.com\/da\/reserver-ferie-rejser\/tundra-og-dyreliv-kangerlussuaq-vest-gronland\/\",\"name\":\"Tundra og Dyreliv | Kangerlussuaq | Vest Gr\u00f8nland | Guide to Greenland\",\"isPartOf\":{\"@id\":\"https:\/\/guidetogreenland.com\/da\/#website\"},\"primaryImageOfPage\":{\"@id\":\"https:\/\/guidetogreenland.com\/da\/reserver-ferie-rejser\/tundra-og-dyreliv-kangerlussuaq-vest-gronland\/#primaryimage\"},\"image\":{\"@id\":\"https:\/\/guidetogreenland.com\/da\/reserver-ferie-rejser\/tundra-og-dyreliv-kangerlussuaq-vest-gronland\/#primaryimage\"},\"thumbnailUrl\":\"https:\/\/guidetogreenland.com\/wp-content\/uploads\/2020\/05\/tundra-and-wildlife-tour-kangerlussuaq-west-greenland-Guide-to-Greenland17.jpg\",\"datePublished\":\"2020-05-19T18:31:34+00:00\",\"dateModified\":\"2026-01-25T13:51:05+00:00\",\"breadcrumb\":{\"@id\":\"https:\/\/guidetogreenland.com\/da\/reserver-ferie-rejser\/tundra-og-dyreliv-kangerlussuaq-vest-gronland\/#breadcrumb\"},\"inLanguage\":\"da-DK\",\"potentialAction\":[{\"@type\":\"ReadAction\",\"target\":[\"https:\/\/guidetogreenland.com\/da\/reserver-ferie-rejser\/tundra-og-dyreliv-kangerlussuaq-vest-gronland\/\"]}]},{\"@type\":\"ImageObject\",\"inLanguage\":\"da-DK\",\"@id\":\"https:\/\/guidetogreenland.com\/da\/reserver-ferie-rejser\/tundra-og-dyreliv-kangerlussuaq-vest-gronland\/#primaryimage\",\"url\":\"https:\/\/guidetogreenland.com\/wp-content\/uploads\/2020\/05\/tundra-and-wildlife-tour-kangerlussuaq-west-greenland-Guide-to-Greenland17.jpg\",\"contentUrl\":\"https:\/\/guidetogreenland.com\/wp-content\/uploads\/2020\/05\/tundra-and-wildlife-tour-kangerlussuaq-west-greenland-Guide-to-Greenland17.jpg\",\"width\":926,\"height\":576},{\"@type\":\"BreadcrumbList\",\"@id\":\"https:\/\/guidetogreenland.com\/da\/reserver-ferie-rejser\/tundra-og-dyreliv-kangerlussuaq-vest-gronland\/#breadcrumb\",\"itemListElement\":[{\"@type\":\"ListItem\",\"position\":1,\"name\":\"Home\",\"item\":\"https:\/\/guidetogreenland.com\/da\/\"},{\"@type\":\"ListItem\",\"position\":2,\"name\":\"Se alle ture\",\"item\":\"https:\/\/guidetogreenland.com\/da\/reserver-ferie-rejser\/\"},{\"@type\":\"ListItem\",\"position\":3,\"name\":\"Tundra og Dyreliv | Kangerlussuaq | Vest Gr\u00f8nland\"}]},{\"@type\":\"WebSite\",\"@id\":\"https:\/\/guidetogreenland.com\/da\/#website\",\"url\":\"https:\/\/guidetogreenland.com\/da\/\",\"name\":\"Guide to Greenland\",\"description\":\"Largest selection of tours in Greenland\",\"potentialAction\":[{\"@type\":\"SearchAction\",\"target\":{\"@type\":\"EntryPoint\",\"urlTemplate\":\"https:\/\/guidetogreenland.com\/da\/?s={search_term_string}\"},\"query-input\":{\"@type\":\"PropertyValueSpecification\",\"valueRequired\":true,\"valueName\":\"search_term_string\"}}],\"inLanguage\":\"da-DK\"}]}<\/script>\n<!-- \/ Yoast SEO plugin. -->","yoast_head_json":{"title":"Tundra og Dyreliv | Kangerlussuaq | Vest Gr\u00f8nland | Guide to Greenland","robots":{"index":"index","follow":"follow","max-snippet":"max-snippet:-1","max-image-preview":"max-image-preview:large","max-video-preview":"max-video-preview:-1"},"canonical":"https:\/\/guidetogreenland.com\/da\/reserver-ferie-rejser\/tundra-og-dyreliv-kangerlussuaq-vest-gronland\/","og_locale":"da_DK","og_type":"article","og_title":"Tundra og Dyreliv | Kangerlussuaq | Vest Gr\u00f8nland | Guide to Greenland","og_description":"Tag p\u00e5 en hyggelig\u00a0tur omkring\u00a0Kangerlussuaq for at finde de f\u00e6nomenale Moskus okser, s\u00e5vel som de enorme rensdyr der bev\u00e6ger sig rundt i omr\u00e5det. Kangerlussuaq er velkendt for at have mange store pattedyr, fordi vejret her er stabilt og store omr\u00e5der af land ikke er d\u00e6kket af indlandsisen, som g\u00f8r det til et perfekt omr\u00e5de for...","og_url":"https:\/\/guidetogreenland.com\/da\/reserver-ferie-rejser\/tundra-og-dyreliv-kangerlussuaq-vest-gronland\/","og_site_name":"Guide to Greenland","article_modified_time":"2026-01-25T13:51:05+00:00","og_image":[{"width":926,"height":576,"url":"https:\/\/guidetogreenland.com\/wp-content\/uploads\/2020\/05\/tundra-and-wildlife-tour-kangerlussuaq-west-greenland-Guide-to-Greenland17.jpg","type":"image\/jpeg"}],"twitter_card":"summary_large_image","twitter_misc":{"Estimeret l\u00e6setid":"1 minut"},"schema":{"@context":"https:\/\/schema.org","@graph":[{"@type":"WebPage","@id":"https:\/\/guidetogreenland.com\/da\/reserver-ferie-rejser\/tundra-og-dyreliv-kangerlussuaq-vest-gronland\/","url":"https:\/\/guidetogreenland.com\/da\/reserver-ferie-rejser\/tundra-og-dyreliv-kangerlussuaq-vest-gronland\/","name":"Tundra og Dyreliv | Kangerlussuaq | Vest Gr\u00f8nland | Guide to Greenland","isPartOf":{"@id":"https:\/\/guidetogreenland.com\/da\/#website"},"primaryImageOfPage":{"@id":"https:\/\/guidetogreenland.com\/da\/reserver-ferie-rejser\/tundra-og-dyreliv-kangerlussuaq-vest-gronland\/#primaryimage"},"image":{"@id":"https:\/\/guidetogreenland.com\/da\/reserver-ferie-rejser\/tundra-og-dyreliv-kangerlussuaq-vest-gronland\/#primaryimage"},"thumbnailUrl":"https:\/\/guidetogreenland.com\/wp-content\/uploads\/2020\/05\/tundra-and-wildlife-tour-kangerlussuaq-west-greenland-Guide-to-Greenland17.jpg","datePublished":"2020-05-19T18:31:34+00:00","dateModified":"2026-01-25T13:51:05+00:00","breadcrumb":{"@id":"https:\/\/guidetogreenland.com\/da\/reserver-ferie-rejser\/tundra-og-dyreliv-kangerlussuaq-vest-gronland\/#breadcrumb"},"inLanguage":"da-DK","potentialAction":[{"@type":"ReadAction","target":["https:\/\/guidetogreenland.com\/da\/reserver-ferie-rejser\/tundra-og-dyreliv-kangerlussuaq-vest-gronland\/"]}]},{"@type":"ImageObject","inLanguage":"da-DK","@id":"https:\/\/guidetogreenland.com\/da\/reserver-ferie-rejser\/tundra-og-dyreliv-kangerlussuaq-vest-gronland\/#primaryimage","url":"https:\/\/guidetogreenland.com\/wp-content\/uploads\/2020\/05\/tundra-and-wildlife-tour-kangerlussuaq-west-greenland-Guide-to-Greenland17.jpg","contentUrl":"https:\/\/guidetogreenland.com\/wp-content\/uploads\/2020\/05\/tundra-and-wildlife-tour-kangerlussuaq-west-greenland-Guide-to-Greenland17.jpg","width":926,"height":576},{"@type":"BreadcrumbList","@id":"https:\/\/guidetogreenland.com\/da\/reserver-ferie-rejser\/tundra-og-dyreliv-kangerlussuaq-vest-gronland\/#breadcrumb","itemListElement":[{"@type":"ListItem","position":1,"name":"Home","item":"https:\/\/guidetogreenland.com\/da\/"},{"@type":"ListItem","position":2,"name":"Se alle ture","item":"https:\/\/guidetogreenland.com\/da\/reserver-ferie-rejser\/"},{"@type":"ListItem","position":3,"name":"Tundra og Dyreliv | Kangerlussuaq | Vest Gr\u00f8nland"}]},{"@type":"WebSite","@id":"https:\/\/guidetogreenland.com\/da\/#website","url":"https:\/\/guidetogreenland.com\/da\/","name":"Guide to Greenland","description":"Largest selection of tours in Greenland","potentialAction":[{"@type":"SearchAction","target":{"@type":"EntryPoint","urlTemplate":"https:\/\/guidetogreenland.com\/da\/?s={search_term_string}"},"query-input":{"@type":"PropertyValueSpecification","valueRequired":true,"valueName":"search_term_string"}}],"inLanguage":"da-DK"}]}},"_links":{"self":[{"href":"https:\/\/guidetogreenland.com\/da\/wp-json\/wp\/v2\/product\/13766","targetHints":{"allow":["GET"]}}],"collection":[{"href":"https:\/\/guidetogreenland.com\/da\/wp-json\/wp\/v2\/product"}],"about":[{"href":"https:\/\/guidetogreenland.com\/da\/wp-json\/wp\/v2\/types\/product"}],"replies":[{"embeddable":true,"href":"https:\/\/guidetogreenland.com\/da\/wp-json\/wp\/v2\/comments?post=13766"}],"wp:featuredmedia":[{"embeddable":true,"href":"https:\/\/guidetogreenland.com\/da\/wp-json\/wp\/v2\/media\/13768"}],"wp:attachment":[{"href":"https:\/\/guidetogreenland.com\/da\/wp-json\/wp\/v2\/media?parent=13766"}],"wp:term":[{"taxonomy":"product_brand","embeddable":true,"href":"https:\/\/guidetogreenland.com\/da\/wp-json\/wp\/v2\/product_brand?post=13766"},{"taxonomy":"product_cat","embeddable":true,"href":"https:\/\/guidetogreenland.com\/da\/wp-json\/wp\/v2\/product_cat?post=13766"},{"taxonomy":"product_tag","embeddable":true,"href":"https:\/\/guidetogreenland.com\/da\/wp-json\/wp\/v2\/product_tag?post=13766"}],"curies":[{"name":"wp","href":"https:\/\/api.w.org\/{rel}","templated":true}]}}