{"id":13798,"date":"2020-05-19T16:34:41","date_gmt":"2020-05-19T16:34:41","guid":{"rendered":"https:\/\/guidetogreenland.com\/book-trips-holiday\/the-sled-dog-experience-ilulissat-disko-bay\/"},"modified":"2026-01-25T10:29:39","modified_gmt":"2026-01-25T13:29:39","slug":"the-sled-dog-experience-ilulissat-disko-bay","status":"publish","type":"product","link":"https:\/\/guidetogreenland.com\/da\/reserver-ferie-rejser\/mod-slaedehundene-ilulissat-diskobugten\/","title":{"rendered":"M\u00f8d sl\u00e6dehundene | Ilulissat | Diskobugten"},"content":{"rendered":"<p class=\"x-18pep25\">Kom med p\u00e5 denne kulturelle oplevelse og fodre sl\u00e6dehundene! Dette er en enest\u00e5ende chance for at komme helt t\u00e6t p\u00e5 de gr\u00f8nlandske sl\u00e6dehunde og l\u00e6re de lokale skikke og m\u00e5der at h\u00e5ndtere sl\u00e6dehunde p\u00e5.<\/p>\n<p class=\"x-18pep25\">Sl\u00e6de hundene har v\u00e6ret en n\u00f8dvendighed for overlevelse i det arktiske klima, og har v\u00e6ret anvendt siden Inuitterne f\u00f8rst kom til Gr\u00f8nland for 4000 til 5000 \u00e5r siden. I dag anvendes sl\u00e6dehundene af de lokale fangere til transport af fisk mellem is fjorden og Ilulissat. Snescooteren har intet p\u00e5 sl\u00e6dehundene, da hundene aldrig bliver tr\u00e6tte.<\/p>\n<p class=\"e1imf5dp0 x-jm2771\">P\u00e5 denne ture f\u00e5r du mulighed for at fodre, f\u00f8le, r\u00f8re o<span class=\"x-12abj6v e1uuu2lt3\">g h\u00f8re sl\u00e6dehundene. Din tur starter i Kussangajaannguaq 7, hvorefter dig og dine medrejsende bliver eskorteret til byens udkant. Her bliver du budt velkommen af en lokal fanger, der vil fort\u00e6lle dig hvordan det er at v\u00e6re traditionel hundesl\u00e6de fanger, i en morderne og globaliseret verden. Endvidere vil fangeren l\u00e6rer dig at mestre hundesl\u00e6dens funktion og hvorledes pisken anvendes.<\/span><\/p>\n<p class=\"e1imf5dp0 x-jm2771\"><span class=\"x-12abj6v e1uuu2lt3\">Efter du har mestret hundesl\u00e6den, venter 20 hylende hunde p\u00e5 at blive fodret. De hylende hunde lyder som en symfoni fra en anden verden, en unik oplevelse, der ikke ville kunne opleves andre steder end nord for polarcirklen.<\/span><\/p>\n<p class=\"e1imf5dp0 x-jm2771\"><span class=\"x-12abj6v e1uuu2lt3\">Sl\u00e6dehunde er store og smukke dyr, og i for\u00e5ret vil du ogs\u00e5 have mulighed for at se s\u00f8de hundehvalpe lege p\u00e5 hundepladsen \u2013 rigtige hjerteknusere. Hundene ser s\u00f8de og bl\u00f8de ud, men de er opdraget som arbejdsdyr. Mellem fangeren og hundene er der et s\u00e6rligt b\u00e5nd, der g\u00f8r det muligt for dem at arbejde sammen p\u00e5 lange ture med sl\u00e6de. Hundene er ekstremt loyale overfor deres ejer, dog kan de overfor fremmede virke truende \u2013 det er derfor vigtigt at du ikke ops\u00f8ger hundene alene. Ejeren vil vise dig, hvilke hunde du har mulighed for at klappe.<\/span><\/p>\n<p class=\"e1imf5dp0 x-jm2771\"><span class=\"x-12abj6v e1uuu2lt3\">Kom med p\u00e5 turen og f\u00e5 en enest\u00e5ende chance for at komme helt t\u00e6t p\u00e5 de gr\u00f8nlandske sl\u00e6dehunde. For at se tilg\u00e6ngelige datoer, tryk p\u00e5 \u2019V\u00e6lg en dato\u2019 ovenfor.<\/span><\/p>\n","protected":false},"excerpt":{"rendered":"Kom med p\u00e5 denne kulturelle oplevelse og fodre sl\u00e6dehundene! Dette er en enest\u00e5ende chance for at komme helt t\u00e6t p\u00e5 de gr\u00f8nlandske sl\u00e6dehunde og l\u00e6re de lokale skikke og m\u00e5der at h\u00e5ndtere sl\u00e6dehunde p\u00e5. Sl\u00e6de hundene har v\u00e6ret en n\u00f8dvendighed for overlevelse i det arktiske klima, og har v\u00e6ret anvendt siden Inuitterne f\u00f8rst kom til&#8230;","protected":false},"featured_media":13800,"comment_status":"open","ping_status":"closed","template":"","meta":[],"product_brand":[],"product_cat":[605,606,629,622,623,593,627,643,644],"product_tag":[919],"class_list":{"0":"post-13798","1":"product","2":"type-product","3":"status-publish","4":"has-post-thumbnail","6":"product_cat-dagsture-om-sommeren","7":"product_cat-dagsture-om-vinteren","8":"product_cat-disko-bugten","9":"product_cat-groenlandsk-kultur","10":"product_cat-kulturelle-aktiviteter","11":"product_cat-oplevelser-i-groenland","12":"product_cat-ture-i-bestemte-omraader","13":"product_cat-ture-i-hver-by","14":"product_cat-ture-i-ilulissat","15":"product_tag-ilulissat-da","16":"pa_activities-groenlandsk-kultur","17":"pa_available-month-januar","18":"pa_available-month-februar","19":"pa_available-month-marts","20":"pa_available-month-april","21":"pa_available-month-maj","22":"pa_available-month-juni","23":"pa_available-month-juli","24":"pa_available-month-august","25":"pa_available-month-september","26":"pa_available-month-oktober","27":"pa_available-month-november","28":"pa_available-month-december","29":"pa_destinations-ilulissat","30":"pa_difficulty-let","31":"pa_duration-1-5-time","32":"pa_tour-type-dagsture","33":"yith_shop_vendor-diskobaytours-da","35":"first","36":"instock","37":"virtual","38":"sold-individually","39":"purchasable","40":"product-type-booking"},"acf":[],"yoast_head":"<!-- This site is optimized with the Yoast SEO plugin v25.6 - https:\/\/yoast.com\/wordpress\/plugins\/seo\/ -->\n<title>M\u00f8d sl\u00e6dehundene | Ilulissat | Diskobugten | Guide to Greenland<\/title>\n<meta name=\"robots\" content=\"index, follow, max-snippet:-1, max-image-preview:large, max-video-preview:-1\" \/>\n<link rel=\"canonical\" href=\"https:\/\/guidetogreenland.com\/da\/reserver-ferie-rejser\/mod-slaedehundene-ilulissat-diskobugten\/\" \/>\n<meta property=\"og:locale\" content=\"da_DK\" \/>\n<meta property=\"og:type\" content=\"article\" \/>\n<meta property=\"og:title\" content=\"M\u00f8d sl\u00e6dehundene | Ilulissat | Diskobugten | Guide to Greenland\" \/>\n<meta property=\"og:description\" content=\"Kom med p\u00e5 denne kulturelle oplevelse og fodre sl\u00e6dehundene! Dette er en enest\u00e5ende chance for at komme helt t\u00e6t p\u00e5 de gr\u00f8nlandske sl\u00e6dehunde og l\u00e6re de lokale skikke og m\u00e5der at h\u00e5ndtere sl\u00e6dehunde p\u00e5. Sl\u00e6de hundene har v\u00e6ret en n\u00f8dvendighed for overlevelse i det arktiske klima, og har v\u00e6ret anvendt siden Inuitterne f\u00f8rst kom til...\" \/>\n<meta property=\"og:url\" content=\"https:\/\/guidetogreenland.com\/da\/reserver-ferie-rejser\/mod-slaedehundene-ilulissat-diskobugten\/\" \/>\n<meta property=\"og:site_name\" content=\"Guide to Greenland\" \/>\n<meta property=\"article:modified_time\" content=\"2026-01-25T13:29:39+00:00\" \/>\n<meta property=\"og:image\" content=\"https:\/\/guidetogreenland.com\/wp-content\/uploads\/2020\/05\/the-sled-dog-experience-ilulissat-disko-bay-Guide-to-Greenland7.jpg\" \/>\n\t<meta property=\"og:image:width\" content=\"926\" \/>\n\t<meta property=\"og:image:height\" content=\"695\" \/>\n\t<meta property=\"og:image:type\" content=\"image\/jpeg\" \/>\n<meta name=\"twitter:card\" content=\"summary_large_image\" \/>\n<meta name=\"twitter:label1\" content=\"Estimeret l\u00e6setid\" \/>\n\t<meta name=\"twitter:data1\" content=\"2 minutter\" \/>\n<script type=\"application\/ld+json\" class=\"yoast-schema-graph\">{\"@context\":\"https:\/\/schema.org\",\"@graph\":[{\"@type\":\"WebPage\",\"@id\":\"https:\/\/guidetogreenland.com\/da\/reserver-ferie-rejser\/mod-slaedehundene-ilulissat-diskobugten\/\",\"url\":\"https:\/\/guidetogreenland.com\/da\/reserver-ferie-rejser\/mod-slaedehundene-ilulissat-diskobugten\/\",\"name\":\"M\u00f8d sl\u00e6dehundene | Ilulissat | Diskobugten | Guide to Greenland\",\"isPartOf\":{\"@id\":\"https:\/\/guidetogreenland.com\/da\/#website\"},\"primaryImageOfPage\":{\"@id\":\"https:\/\/guidetogreenland.com\/da\/reserver-ferie-rejser\/mod-slaedehundene-ilulissat-diskobugten\/#primaryimage\"},\"image\":{\"@id\":\"https:\/\/guidetogreenland.com\/da\/reserver-ferie-rejser\/mod-slaedehundene-ilulissat-diskobugten\/#primaryimage\"},\"thumbnailUrl\":\"https:\/\/guidetogreenland.com\/wp-content\/uploads\/2020\/05\/the-sled-dog-experience-ilulissat-disko-bay-Guide-to-Greenland7.jpg\",\"datePublished\":\"2020-05-19T16:34:41+00:00\",\"dateModified\":\"2026-01-25T13:29:39+00:00\",\"breadcrumb\":{\"@id\":\"https:\/\/guidetogreenland.com\/da\/reserver-ferie-rejser\/mod-slaedehundene-ilulissat-diskobugten\/#breadcrumb\"},\"inLanguage\":\"da-DK\",\"potentialAction\":[{\"@type\":\"ReadAction\",\"target\":[\"https:\/\/guidetogreenland.com\/da\/reserver-ferie-rejser\/mod-slaedehundene-ilulissat-diskobugten\/\"]}]},{\"@type\":\"ImageObject\",\"inLanguage\":\"da-DK\",\"@id\":\"https:\/\/guidetogreenland.com\/da\/reserver-ferie-rejser\/mod-slaedehundene-ilulissat-diskobugten\/#primaryimage\",\"url\":\"https:\/\/guidetogreenland.com\/wp-content\/uploads\/2020\/05\/the-sled-dog-experience-ilulissat-disko-bay-Guide-to-Greenland7.jpg\",\"contentUrl\":\"https:\/\/guidetogreenland.com\/wp-content\/uploads\/2020\/05\/the-sled-dog-experience-ilulissat-disko-bay-Guide-to-Greenland7.jpg\",\"width\":926,\"height\":695},{\"@type\":\"BreadcrumbList\",\"@id\":\"https:\/\/guidetogreenland.com\/da\/reserver-ferie-rejser\/mod-slaedehundene-ilulissat-diskobugten\/#breadcrumb\",\"itemListElement\":[{\"@type\":\"ListItem\",\"position\":1,\"name\":\"Home\",\"item\":\"https:\/\/guidetogreenland.com\/da\/\"},{\"@type\":\"ListItem\",\"position\":2,\"name\":\"Se alle ture\",\"item\":\"https:\/\/guidetogreenland.com\/da\/reserver-ferie-rejser\/\"},{\"@type\":\"ListItem\",\"position\":3,\"name\":\"M\u00f8d sl\u00e6dehundene | Ilulissat | Diskobugten\"}]},{\"@type\":\"WebSite\",\"@id\":\"https:\/\/guidetogreenland.com\/da\/#website\",\"url\":\"https:\/\/guidetogreenland.com\/da\/\",\"name\":\"Guide to Greenland\",\"description\":\"Largest selection of tours in Greenland\",\"potentialAction\":[{\"@type\":\"SearchAction\",\"target\":{\"@type\":\"EntryPoint\",\"urlTemplate\":\"https:\/\/guidetogreenland.com\/da\/?s={search_term_string}\"},\"query-input\":{\"@type\":\"PropertyValueSpecification\",\"valueRequired\":true,\"valueName\":\"search_term_string\"}}],\"inLanguage\":\"da-DK\"}]}<\/script>\n<!-- \/ Yoast SEO plugin. -->","yoast_head_json":{"title":"M\u00f8d sl\u00e6dehundene | Ilulissat | Diskobugten | Guide to Greenland","robots":{"index":"index","follow":"follow","max-snippet":"max-snippet:-1","max-image-preview":"max-image-preview:large","max-video-preview":"max-video-preview:-1"},"canonical":"https:\/\/guidetogreenland.com\/da\/reserver-ferie-rejser\/mod-slaedehundene-ilulissat-diskobugten\/","og_locale":"da_DK","og_type":"article","og_title":"M\u00f8d sl\u00e6dehundene | Ilulissat | Diskobugten | Guide to Greenland","og_description":"Kom med p\u00e5 denne kulturelle oplevelse og fodre sl\u00e6dehundene! Dette er en enest\u00e5ende chance for at komme helt t\u00e6t p\u00e5 de gr\u00f8nlandske sl\u00e6dehunde og l\u00e6re de lokale skikke og m\u00e5der at h\u00e5ndtere sl\u00e6dehunde p\u00e5. Sl\u00e6de hundene har v\u00e6ret en n\u00f8dvendighed for overlevelse i det arktiske klima, og har v\u00e6ret anvendt siden Inuitterne f\u00f8rst kom til...","og_url":"https:\/\/guidetogreenland.com\/da\/reserver-ferie-rejser\/mod-slaedehundene-ilulissat-diskobugten\/","og_site_name":"Guide to Greenland","article_modified_time":"2026-01-25T13:29:39+00:00","og_image":[{"width":926,"height":695,"url":"https:\/\/guidetogreenland.com\/wp-content\/uploads\/2020\/05\/the-sled-dog-experience-ilulissat-disko-bay-Guide-to-Greenland7.jpg","type":"image\/jpeg"}],"twitter_card":"summary_large_image","twitter_misc":{"Estimeret l\u00e6setid":"2 minutter"},"schema":{"@context":"https:\/\/schema.org","@graph":[{"@type":"WebPage","@id":"https:\/\/guidetogreenland.com\/da\/reserver-ferie-rejser\/mod-slaedehundene-ilulissat-diskobugten\/","url":"https:\/\/guidetogreenland.com\/da\/reserver-ferie-rejser\/mod-slaedehundene-ilulissat-diskobugten\/","name":"M\u00f8d sl\u00e6dehundene | Ilulissat | Diskobugten | Guide to Greenland","isPartOf":{"@id":"https:\/\/guidetogreenland.com\/da\/#website"},"primaryImageOfPage":{"@id":"https:\/\/guidetogreenland.com\/da\/reserver-ferie-rejser\/mod-slaedehundene-ilulissat-diskobugten\/#primaryimage"},"image":{"@id":"https:\/\/guidetogreenland.com\/da\/reserver-ferie-rejser\/mod-slaedehundene-ilulissat-diskobugten\/#primaryimage"},"thumbnailUrl":"https:\/\/guidetogreenland.com\/wp-content\/uploads\/2020\/05\/the-sled-dog-experience-ilulissat-disko-bay-Guide-to-Greenland7.jpg","datePublished":"2020-05-19T16:34:41+00:00","dateModified":"2026-01-25T13:29:39+00:00","breadcrumb":{"@id":"https:\/\/guidetogreenland.com\/da\/reserver-ferie-rejser\/mod-slaedehundene-ilulissat-diskobugten\/#breadcrumb"},"inLanguage":"da-DK","potentialAction":[{"@type":"ReadAction","target":["https:\/\/guidetogreenland.com\/da\/reserver-ferie-rejser\/mod-slaedehundene-ilulissat-diskobugten\/"]}]},{"@type":"ImageObject","inLanguage":"da-DK","@id":"https:\/\/guidetogreenland.com\/da\/reserver-ferie-rejser\/mod-slaedehundene-ilulissat-diskobugten\/#primaryimage","url":"https:\/\/guidetogreenland.com\/wp-content\/uploads\/2020\/05\/the-sled-dog-experience-ilulissat-disko-bay-Guide-to-Greenland7.jpg","contentUrl":"https:\/\/guidetogreenland.com\/wp-content\/uploads\/2020\/05\/the-sled-dog-experience-ilulissat-disko-bay-Guide-to-Greenland7.jpg","width":926,"height":695},{"@type":"BreadcrumbList","@id":"https:\/\/guidetogreenland.com\/da\/reserver-ferie-rejser\/mod-slaedehundene-ilulissat-diskobugten\/#breadcrumb","itemListElement":[{"@type":"ListItem","position":1,"name":"Home","item":"https:\/\/guidetogreenland.com\/da\/"},{"@type":"ListItem","position":2,"name":"Se alle ture","item":"https:\/\/guidetogreenland.com\/da\/reserver-ferie-rejser\/"},{"@type":"ListItem","position":3,"name":"M\u00f8d sl\u00e6dehundene | Ilulissat | Diskobugten"}]},{"@type":"WebSite","@id":"https:\/\/guidetogreenland.com\/da\/#website","url":"https:\/\/guidetogreenland.com\/da\/","name":"Guide to Greenland","description":"Largest selection of tours in Greenland","potentialAction":[{"@type":"SearchAction","target":{"@type":"EntryPoint","urlTemplate":"https:\/\/guidetogreenland.com\/da\/?s={search_term_string}"},"query-input":{"@type":"PropertyValueSpecification","valueRequired":true,"valueName":"search_term_string"}}],"inLanguage":"da-DK"}]}},"_links":{"self":[{"href":"https:\/\/guidetogreenland.com\/da\/wp-json\/wp\/v2\/product\/13798","targetHints":{"allow":["GET"]}}],"collection":[{"href":"https:\/\/guidetogreenland.com\/da\/wp-json\/wp\/v2\/product"}],"about":[{"href":"https:\/\/guidetogreenland.com\/da\/wp-json\/wp\/v2\/types\/product"}],"replies":[{"embeddable":true,"href":"https:\/\/guidetogreenland.com\/da\/wp-json\/wp\/v2\/comments?post=13798"}],"wp:featuredmedia":[{"embeddable":true,"href":"https:\/\/guidetogreenland.com\/da\/wp-json\/wp\/v2\/media\/13800"}],"wp:attachment":[{"href":"https:\/\/guidetogreenland.com\/da\/wp-json\/wp\/v2\/media?parent=13798"}],"wp:term":[{"taxonomy":"product_brand","embeddable":true,"href":"https:\/\/guidetogreenland.com\/da\/wp-json\/wp\/v2\/product_brand?post=13798"},{"taxonomy":"product_cat","embeddable":true,"href":"https:\/\/guidetogreenland.com\/da\/wp-json\/wp\/v2\/product_cat?post=13798"},{"taxonomy":"product_tag","embeddable":true,"href":"https:\/\/guidetogreenland.com\/da\/wp-json\/wp\/v2\/product_tag?post=13798"}],"curies":[{"name":"wp","href":"https:\/\/api.w.org\/{rel}","templated":true}]}}