{"id":13821,"date":"2020-05-26T17:24:14","date_gmt":"2020-05-26T17:24:14","guid":{"rendered":"https:\/\/guidetogreenland.com\/book-trips-holiday\/the-island-of-hope-the-abandoned-village-kangeq-nuuk\/"},"modified":"2023-03-24T14:44:26","modified_gmt":"2023-03-24T17:44:26","slug":"the-island-of-hope-the-abandoned-village-kangeq-nuuk","status":"publish","type":"product","link":"https:\/\/guidetogreenland.com\/da\/reserver-ferie-rejser\/habets-o-den-forladte-bygd-kangeq-nuuk\/","title":{"rendered":"H\u00e5bets \u00d8 &#038; den forladte bygd Kangeq | Nuuk"},"content":{"rendered":"<p class=\"x-18pep25\">Kom med og oplev\u00a0Gr\u00f8nlands f\u00f8rste europ\u00e6isk bos\u00e6ttelse, grundlagt i 1400-tallet. Det var p\u00e5\u00a0H\u00e5bets \u00d8 hvor kolonitidens fr\u00f8 f\u00f8rst blev plantet! Undervejs vil du f\u00e5 den enest\u00e5ende mulighed, for at bes\u00f8ge den forladte bygd, som i dag er kendt som sp\u00f8gelsesbyen Kangeq.<\/p>\n<p class=\"e1imf5dp0 x-jm2771\">Gr\u00f8nlands kolonitid startede i 1721 da pr\u00e6sten Hans Egede kom til Gr\u00f8nland for at finde Nordboerne, men i stedet fandt Egede inuitter, der roede i kajakker og boede i t\u00f8rvehytter. Egede iv\u00e6rksatte straks sit mission\u00e6re arbejde og bosatte sig p\u00e5 H\u00e5bets \u00d8 med sin kone og b\u00f8rn. Du bliver imponeret n\u00e5r du ser ruinerne af Egedes f\u00f8rste b<span class=\"x-12abj6v e1uuu2lt3\">osted! Egede bosatte sig p\u00e5\u00a0H\u00e5bets \u00d8 i 7 \u00e5r, f\u00f8r han\u00a0flyttede til det sted som vi i dag kender som Gr\u00f8nlands hovedstad, Nuuk. 300 \u00e5r efter kan man stadig opleve Hans Egedes hus i Nuuks \u00e6ldste bydel, Kolonihavnen.<\/span><\/p>\n<p class=\"e1imf5dp0 x-jm2771\"><span class=\"x-12abj6v e1uuu2lt3\">Der er utallige forladte bygder p\u00e5 de gr\u00f8nlandske kyster, og gr\u00f8nl\u00e6nderne bes\u00f8ger tit de forladte bygder for at komme v\u00e6k fra hverdagen. I n\u00e6rheden af Nuuk finder man sp\u00f8gelsesbyen Kangeq. Bygden var beboet i flere hundrede \u00e5r indtil 1960\u2019erne da indbyggerne forladte Kangeq. Idag er Kangeq domineret af en utrolig stilhed og historiske spor der g\u00e5r flere generationer tilbage.<\/span><\/p>\n<p class=\"e1imf5dp0 x-jm2771\"><span class=\"x-12abj6v e1uuu2lt3\">Den velkendte fanger og billedkunstner, Aron fra Kangeq (1822-69), der lavede illustrationer af gr\u00f8nlandske sagn og myter, kreerede\u00a0sine f\u00f8rste v\u00e6rker i bygden, hvor han ogs\u00e5 voksede op. F\u00f8r Europ\u00e6ernes ankomst til Gr\u00f8nland, var Kangeq beboet af inuitter, og du vil kunne g\u00e5 i Inuitternes fodspor, du kan blandt andet unders\u00f8ge oldgamle Inuit ruiner og grave.\u00a0<\/span><\/p>\n<p class=\"e1imf5dp0 x-jm2771\"><span class=\"x-12abj6v e1uuu2lt3\">Hop om bord og oplev den historiske H\u00e5bets \u00d8 og Kangeq! Dette er en enest\u00e5ende chance for at opleve historie, gennem \u00d8ens og bygdens forladte ruiner. Se turens tilg\u00e6ngeligheden ved at trykke p\u00e5 \u201cV\u00e6lg en dato\u201d ovenfor og book i dag.<\/span><\/p>\n","protected":false},"excerpt":{"rendered":"Kom med og oplev\u00a0Gr\u00f8nlands f\u00f8rste europ\u00e6isk bos\u00e6ttelse, grundlagt i 1400-tallet. Det var p\u00e5\u00a0H\u00e5bets \u00d8 hvor kolonitidens fr\u00f8 f\u00f8rst blev plantet! Undervejs vil du f\u00e5 den enest\u00e5ende mulighed, for at bes\u00f8ge den forladte bygd, som i dag er kendt som sp\u00f8gelsesbyen Kangeq. Gr\u00f8nlands kolonitid startede i 1721 da pr\u00e6sten Hans Egede kom til Gr\u00f8nland for at&#8230;","protected":false},"featured_media":13822,"comment_status":"open","ping_status":"closed","template":"","meta":[],"product_brand":[],"product_cat":[594,605,622,624,593,652,633],"product_tag":[893],"class_list":{"0":"post-13821","1":"product","2":"type-product","3":"status-publish","4":"has-post-thumbnail","6":"product_cat-baadture","7":"product_cat-dagsture-om-sommeren","8":"product_cat-groenlandsk-kultur","9":"product_cat-historiske-ture","10":"product_cat-oplevelser-i-groenland","11":"product_cat-ture-i-nuuk","12":"product_cat-vestgroenland","13":"product_tag-nuuk-da","14":"pa_activities-baadtur","15":"pa_activities-bygdebesoeg","16":"pa_attractions-kangeq","17":"pa_attractions-nuuk-fjord","18":"pa_available-month-maj","19":"pa_available-month-juni","20":"pa_available-month-juli","21":"pa_available-month-august","22":"pa_available-month-september","23":"pa_available-month-oktober","24":"pa_destinations-nuuk","25":"pa_difficulty-let","26":"pa_duration-4-timer","27":"pa_tour-type-dagsture","28":"yith_shop_vendor-tupilak-travel-da","30":"first","31":"instock","32":"virtual","33":"sold-individually","34":"purchasable","35":"product-type-booking"},"acf":[],"yoast_head":"<!-- This site is optimized with the Yoast SEO plugin v25.6 - https:\/\/yoast.com\/wordpress\/plugins\/seo\/ -->\n<title>H\u00e5bets \u00d8 &amp; den forladte bygd Kangeq | Nuuk | Guide to Greenland<\/title>\n<meta name=\"robots\" content=\"index, follow, max-snippet:-1, max-image-preview:large, max-video-preview:-1\" \/>\n<link rel=\"canonical\" href=\"https:\/\/guidetogreenland.com\/da\/reserver-ferie-rejser\/habets-o-den-forladte-bygd-kangeq-nuuk\/\" \/>\n<meta property=\"og:locale\" content=\"da_DK\" \/>\n<meta property=\"og:type\" content=\"article\" \/>\n<meta property=\"og:title\" content=\"H\u00e5bets \u00d8 &amp; den forladte bygd Kangeq | Nuuk | Guide to Greenland\" \/>\n<meta property=\"og:description\" content=\"Kom med og oplev\u00a0Gr\u00f8nlands f\u00f8rste europ\u00e6isk bos\u00e6ttelse, grundlagt i 1400-tallet. Det var p\u00e5\u00a0H\u00e5bets \u00d8 hvor kolonitidens fr\u00f8 f\u00f8rst blev plantet! Undervejs vil du f\u00e5 den enest\u00e5ende mulighed, for at bes\u00f8ge den forladte bygd, som i dag er kendt som sp\u00f8gelsesbyen Kangeq. Gr\u00f8nlands kolonitid startede i 1721 da pr\u00e6sten Hans Egede kom til Gr\u00f8nland for at...\" \/>\n<meta property=\"og:url\" content=\"https:\/\/guidetogreenland.com\/da\/reserver-ferie-rejser\/habets-o-den-forladte-bygd-kangeq-nuuk\/\" \/>\n<meta property=\"og:site_name\" content=\"Guide to Greenland\" \/>\n<meta property=\"article:modified_time\" content=\"2023-03-24T17:44:26+00:00\" \/>\n<meta property=\"og:image\" content=\"https:\/\/guidetogreenland.com\/wp-content\/uploads\/2020\/05\/the-island-of-hope-the-abandoned-village-kangeq-nuuk-Guide-to-Greenland-2.jpg\" \/>\n\t<meta property=\"og:image:width\" content=\"1035\" \/>\n\t<meta property=\"og:image:height\" content=\"1380\" \/>\n\t<meta property=\"og:image:type\" content=\"image\/jpeg\" \/>\n<meta name=\"twitter:card\" content=\"summary_large_image\" \/>\n<meta name=\"twitter:label1\" content=\"Estimeret l\u00e6setid\" \/>\n\t<meta name=\"twitter:data1\" content=\"2 minutter\" \/>\n<script type=\"application\/ld+json\" class=\"yoast-schema-graph\">{\"@context\":\"https:\/\/schema.org\",\"@graph\":[{\"@type\":\"WebPage\",\"@id\":\"https:\/\/guidetogreenland.com\/da\/reserver-ferie-rejser\/habets-o-den-forladte-bygd-kangeq-nuuk\/\",\"url\":\"https:\/\/guidetogreenland.com\/da\/reserver-ferie-rejser\/habets-o-den-forladte-bygd-kangeq-nuuk\/\",\"name\":\"H\u00e5bets \u00d8 & den forladte bygd Kangeq | Nuuk | Guide to Greenland\",\"isPartOf\":{\"@id\":\"https:\/\/guidetogreenland.com\/da\/#website\"},\"primaryImageOfPage\":{\"@id\":\"https:\/\/guidetogreenland.com\/da\/reserver-ferie-rejser\/habets-o-den-forladte-bygd-kangeq-nuuk\/#primaryimage\"},\"image\":{\"@id\":\"https:\/\/guidetogreenland.com\/da\/reserver-ferie-rejser\/habets-o-den-forladte-bygd-kangeq-nuuk\/#primaryimage\"},\"thumbnailUrl\":\"https:\/\/guidetogreenland.com\/wp-content\/uploads\/2020\/05\/the-island-of-hope-the-abandoned-village-kangeq-nuuk-Guide-to-Greenland-2.jpg\",\"datePublished\":\"2020-05-26T17:24:14+00:00\",\"dateModified\":\"2023-03-24T17:44:26+00:00\",\"breadcrumb\":{\"@id\":\"https:\/\/guidetogreenland.com\/da\/reserver-ferie-rejser\/habets-o-den-forladte-bygd-kangeq-nuuk\/#breadcrumb\"},\"inLanguage\":\"da-DK\",\"potentialAction\":[{\"@type\":\"ReadAction\",\"target\":[\"https:\/\/guidetogreenland.com\/da\/reserver-ferie-rejser\/habets-o-den-forladte-bygd-kangeq-nuuk\/\"]}]},{\"@type\":\"ImageObject\",\"inLanguage\":\"da-DK\",\"@id\":\"https:\/\/guidetogreenland.com\/da\/reserver-ferie-rejser\/habets-o-den-forladte-bygd-kangeq-nuuk\/#primaryimage\",\"url\":\"https:\/\/guidetogreenland.com\/wp-content\/uploads\/2020\/05\/the-island-of-hope-the-abandoned-village-kangeq-nuuk-Guide-to-Greenland-2.jpg\",\"contentUrl\":\"https:\/\/guidetogreenland.com\/wp-content\/uploads\/2020\/05\/the-island-of-hope-the-abandoned-village-kangeq-nuuk-Guide-to-Greenland-2.jpg\",\"width\":1035,\"height\":1380},{\"@type\":\"BreadcrumbList\",\"@id\":\"https:\/\/guidetogreenland.com\/da\/reserver-ferie-rejser\/habets-o-den-forladte-bygd-kangeq-nuuk\/#breadcrumb\",\"itemListElement\":[{\"@type\":\"ListItem\",\"position\":1,\"name\":\"Home\",\"item\":\"https:\/\/guidetogreenland.com\/da\/\"},{\"@type\":\"ListItem\",\"position\":2,\"name\":\"Se alle ture\",\"item\":\"https:\/\/guidetogreenland.com\/da\/reserver-ferie-rejser\/\"},{\"@type\":\"ListItem\",\"position\":3,\"name\":\"H\u00e5bets \u00d8 &#038; den forladte bygd Kangeq | Nuuk\"}]},{\"@type\":\"WebSite\",\"@id\":\"https:\/\/guidetogreenland.com\/da\/#website\",\"url\":\"https:\/\/guidetogreenland.com\/da\/\",\"name\":\"Guide to Greenland\",\"description\":\"Largest selection of tours in Greenland\",\"potentialAction\":[{\"@type\":\"SearchAction\",\"target\":{\"@type\":\"EntryPoint\",\"urlTemplate\":\"https:\/\/guidetogreenland.com\/da\/?s={search_term_string}\"},\"query-input\":{\"@type\":\"PropertyValueSpecification\",\"valueRequired\":true,\"valueName\":\"search_term_string\"}}],\"inLanguage\":\"da-DK\"}]}<\/script>\n<!-- \/ Yoast SEO plugin. -->","yoast_head_json":{"title":"H\u00e5bets \u00d8 & den forladte bygd Kangeq | Nuuk | Guide to Greenland","robots":{"index":"index","follow":"follow","max-snippet":"max-snippet:-1","max-image-preview":"max-image-preview:large","max-video-preview":"max-video-preview:-1"},"canonical":"https:\/\/guidetogreenland.com\/da\/reserver-ferie-rejser\/habets-o-den-forladte-bygd-kangeq-nuuk\/","og_locale":"da_DK","og_type":"article","og_title":"H\u00e5bets \u00d8 & den forladte bygd Kangeq | Nuuk | Guide to Greenland","og_description":"Kom med og oplev\u00a0Gr\u00f8nlands f\u00f8rste europ\u00e6isk bos\u00e6ttelse, grundlagt i 1400-tallet. Det var p\u00e5\u00a0H\u00e5bets \u00d8 hvor kolonitidens fr\u00f8 f\u00f8rst blev plantet! Undervejs vil du f\u00e5 den enest\u00e5ende mulighed, for at bes\u00f8ge den forladte bygd, som i dag er kendt som sp\u00f8gelsesbyen Kangeq. Gr\u00f8nlands kolonitid startede i 1721 da pr\u00e6sten Hans Egede kom til Gr\u00f8nland for at...","og_url":"https:\/\/guidetogreenland.com\/da\/reserver-ferie-rejser\/habets-o-den-forladte-bygd-kangeq-nuuk\/","og_site_name":"Guide to Greenland","article_modified_time":"2023-03-24T17:44:26+00:00","og_image":[{"width":1035,"height":1380,"url":"https:\/\/guidetogreenland.com\/wp-content\/uploads\/2020\/05\/the-island-of-hope-the-abandoned-village-kangeq-nuuk-Guide-to-Greenland-2.jpg","type":"image\/jpeg"}],"twitter_card":"summary_large_image","twitter_misc":{"Estimeret l\u00e6setid":"2 minutter"},"schema":{"@context":"https:\/\/schema.org","@graph":[{"@type":"WebPage","@id":"https:\/\/guidetogreenland.com\/da\/reserver-ferie-rejser\/habets-o-den-forladte-bygd-kangeq-nuuk\/","url":"https:\/\/guidetogreenland.com\/da\/reserver-ferie-rejser\/habets-o-den-forladte-bygd-kangeq-nuuk\/","name":"H\u00e5bets \u00d8 & den forladte bygd Kangeq | Nuuk | Guide to Greenland","isPartOf":{"@id":"https:\/\/guidetogreenland.com\/da\/#website"},"primaryImageOfPage":{"@id":"https:\/\/guidetogreenland.com\/da\/reserver-ferie-rejser\/habets-o-den-forladte-bygd-kangeq-nuuk\/#primaryimage"},"image":{"@id":"https:\/\/guidetogreenland.com\/da\/reserver-ferie-rejser\/habets-o-den-forladte-bygd-kangeq-nuuk\/#primaryimage"},"thumbnailUrl":"https:\/\/guidetogreenland.com\/wp-content\/uploads\/2020\/05\/the-island-of-hope-the-abandoned-village-kangeq-nuuk-Guide-to-Greenland-2.jpg","datePublished":"2020-05-26T17:24:14+00:00","dateModified":"2023-03-24T17:44:26+00:00","breadcrumb":{"@id":"https:\/\/guidetogreenland.com\/da\/reserver-ferie-rejser\/habets-o-den-forladte-bygd-kangeq-nuuk\/#breadcrumb"},"inLanguage":"da-DK","potentialAction":[{"@type":"ReadAction","target":["https:\/\/guidetogreenland.com\/da\/reserver-ferie-rejser\/habets-o-den-forladte-bygd-kangeq-nuuk\/"]}]},{"@type":"ImageObject","inLanguage":"da-DK","@id":"https:\/\/guidetogreenland.com\/da\/reserver-ferie-rejser\/habets-o-den-forladte-bygd-kangeq-nuuk\/#primaryimage","url":"https:\/\/guidetogreenland.com\/wp-content\/uploads\/2020\/05\/the-island-of-hope-the-abandoned-village-kangeq-nuuk-Guide-to-Greenland-2.jpg","contentUrl":"https:\/\/guidetogreenland.com\/wp-content\/uploads\/2020\/05\/the-island-of-hope-the-abandoned-village-kangeq-nuuk-Guide-to-Greenland-2.jpg","width":1035,"height":1380},{"@type":"BreadcrumbList","@id":"https:\/\/guidetogreenland.com\/da\/reserver-ferie-rejser\/habets-o-den-forladte-bygd-kangeq-nuuk\/#breadcrumb","itemListElement":[{"@type":"ListItem","position":1,"name":"Home","item":"https:\/\/guidetogreenland.com\/da\/"},{"@type":"ListItem","position":2,"name":"Se alle ture","item":"https:\/\/guidetogreenland.com\/da\/reserver-ferie-rejser\/"},{"@type":"ListItem","position":3,"name":"H\u00e5bets \u00d8 &#038; den forladte bygd Kangeq | Nuuk"}]},{"@type":"WebSite","@id":"https:\/\/guidetogreenland.com\/da\/#website","url":"https:\/\/guidetogreenland.com\/da\/","name":"Guide to Greenland","description":"Largest selection of tours in Greenland","potentialAction":[{"@type":"SearchAction","target":{"@type":"EntryPoint","urlTemplate":"https:\/\/guidetogreenland.com\/da\/?s={search_term_string}"},"query-input":{"@type":"PropertyValueSpecification","valueRequired":true,"valueName":"search_term_string"}}],"inLanguage":"da-DK"}]}},"_links":{"self":[{"href":"https:\/\/guidetogreenland.com\/da\/wp-json\/wp\/v2\/product\/13821","targetHints":{"allow":["GET"]}}],"collection":[{"href":"https:\/\/guidetogreenland.com\/da\/wp-json\/wp\/v2\/product"}],"about":[{"href":"https:\/\/guidetogreenland.com\/da\/wp-json\/wp\/v2\/types\/product"}],"replies":[{"embeddable":true,"href":"https:\/\/guidetogreenland.com\/da\/wp-json\/wp\/v2\/comments?post=13821"}],"wp:featuredmedia":[{"embeddable":true,"href":"https:\/\/guidetogreenland.com\/da\/wp-json\/wp\/v2\/media\/13822"}],"wp:attachment":[{"href":"https:\/\/guidetogreenland.com\/da\/wp-json\/wp\/v2\/media?parent=13821"}],"wp:term":[{"taxonomy":"product_brand","embeddable":true,"href":"https:\/\/guidetogreenland.com\/da\/wp-json\/wp\/v2\/product_brand?post=13821"},{"taxonomy":"product_cat","embeddable":true,"href":"https:\/\/guidetogreenland.com\/da\/wp-json\/wp\/v2\/product_cat?post=13821"},{"taxonomy":"product_tag","embeddable":true,"href":"https:\/\/guidetogreenland.com\/da\/wp-json\/wp\/v2\/product_tag?post=13821"}],"curies":[{"name":"wp","href":"https:\/\/api.w.org\/{rel}","templated":true}]}}