{"id":13825,"date":"2020-05-20T15:43:00","date_gmt":"2020-05-20T15:43:00","guid":{"rendered":"https:\/\/guidetogreenland.com\/book-trips-holiday\/pay-by-the-hour-private-charter-ilulissat-disko-bay\/"},"modified":"2023-06-02T14:52:42","modified_gmt":"2023-06-02T17:52:42","slug":"privat-baad-charter-ilulissat-diskobugten","status":"publish","type":"product","link":"https:\/\/guidetogreenland.com\/da\/reserver-ferie-rejser\/privat-bad-charter-ilulissat-diskobugten\/","title":{"rendered":"Privat B\u00e5d Charter | Ilulissat | Diskobugten"},"content":{"rendered":"<div class=\"x-2ruu7e ewhm0490\">\n<div class=\"x-sqsvwz e1hc7val2\">\n<div class=\"x-13o7eu2 e1imf5dp1\">\n<div class=\"x-v4fa7v e1uuu2lt0\">\n<div class=\"x-7xwfhm e1imf5dp0\">\n<p class=\"e1imf5dp0 x-jm2771\">Sejl i det fantastiske hav, der omgiver Ilulissat med Ilulissat Water Taxi, der specialiserer sig i b\u00e5d charter og at sejle med turister. Mulighederne er uendelige, du skal bare informere kaptajnen om hvad dine \u00f8nsker er og Ilulissat Water Taxi vil g\u00f8re alt, for at det bliver opfyldt.<\/p>\n<p>Du kan charter b\u00e5den ethvert form\u00e5l &#8211; om det skulle v\u00e6re en fisketur, sightseeing p\u00e5 vest siden af Disko Bugten, filmoptagelser eller noget fjerde, det er helt op til dig.<\/p>\n<\/div>\n<\/div>\n<\/div>\n<\/div>\n<\/div>\n<div>\n<div class=\"x-1bve0ae ewhm0490\">\n<div class=\"x-sqsvwz e1hc7val2\"><\/div>\n<\/div>\n<\/div>\n","protected":false},"excerpt":{"rendered":"Sejl i det fantastiske hav, der omgiver Ilulissat med Ilulissat Water Taxi, der specialiserer sig i b\u00e5d charter og at sejle med turister. Mulighederne er uendelige, du skal bare informere kaptajnen om hvad dine \u00f8nsker er og Ilulissat Water Taxi vil g\u00f8re alt, for at det bliver opfyldt. Du kan charter b\u00e5den ethvert form\u00e5l &#8211;&#8230;","protected":false},"featured_media":13827,"comment_status":"open","ping_status":"closed","template":"","meta":[],"product_brand":[],"product_cat":[594,621,605,612,631,593,627,643,644],"product_tag":[919],"class_list":{"0":"post-13825","1":"product","2":"type-product","3":"status-publish","4":"has-post-thumbnail","6":"product_cat-baadture","7":"product_cat-charterture","8":"product_cat-dagsture-om-sommeren","9":"product_cat-natur-og-dyreliv-i-groenland","10":"product_cat-nordgroenland","11":"product_cat-oplevelser-i-groenland","12":"product_cat-ture-i-bestemte-omraader","13":"product_cat-ture-i-hver-by","14":"product_cat-ture-i-ilulissat","15":"product_tag-ilulissat-da","16":"pa_activities-baadtur","17":"pa_activities-charterrede-ture","18":"pa_available-month-maj","19":"pa_available-month-juni","20":"pa_available-month-juli","21":"pa_available-month-august","22":"pa_available-month-september","23":"pa_available-month-oktober","24":"pa_available-month-november","25":"pa_destinations-ilulissat","26":"pa_difficulty-let","27":"pa_duration-2-timer","28":"pa_tour-type-dagsture","29":"yith_shop_vendor-ilulissat-water-tours-da","30":"yith_booking_service-additional-hours-charter","32":"first","33":"instock","34":"virtual","35":"sold-individually","36":"purchasable","37":"product-type-booking"},"acf":[],"yoast_head":"<!-- This site is optimized with the Yoast SEO plugin v25.6 - https:\/\/yoast.com\/wordpress\/plugins\/seo\/ -->\n<title>Privat B\u00e5d Charter | Ilulissat | Diskobugten | Guide to Greenland<\/title>\n<meta name=\"description\" content=\"Tilrettel\u00e6gge din egen rejse fra Ilulissat. Du bestemmer selv, om du vil se Ilulissat Icefjord, isbjerge, gr\u00f8nlandske dyreliv eller det hele!\" \/>\n<meta name=\"robots\" content=\"index, follow, max-snippet:-1, max-image-preview:large, max-video-preview:-1\" \/>\n<link rel=\"canonical\" href=\"https:\/\/guidetogreenland.com\/da\/reserver-ferie-rejser\/privat-bad-charter-ilulissat-diskobugten\/\" \/>\n<meta property=\"og:locale\" content=\"da_DK\" \/>\n<meta property=\"og:type\" content=\"article\" \/>\n<meta property=\"og:title\" content=\"Privat B\u00e5d Charter | Ilulissat | Diskobugten | Guide to Greenland\" \/>\n<meta property=\"og:description\" content=\"Tilrettel\u00e6gge din egen rejse fra Ilulissat. Du bestemmer selv, om du vil se Ilulissat Icefjord, isbjerge, gr\u00f8nlandske dyreliv eller det hele!\" \/>\n<meta property=\"og:url\" content=\"https:\/\/guidetogreenland.com\/da\/reserver-ferie-rejser\/privat-bad-charter-ilulissat-diskobugten\/\" \/>\n<meta property=\"og:site_name\" content=\"Guide to Greenland\" \/>\n<meta property=\"article:modified_time\" content=\"2023-06-02T17:52:42+00:00\" \/>\n<meta property=\"og:image\" content=\"https:\/\/guidetogreenland.com\/wp-content\/uploads\/2020\/05\/pay-by-the-hour-private-charter-ilulissat-disko-bay-Guide-to-Greenland7.jpeg\" \/>\n\t<meta property=\"og:image:width\" content=\"1153\" \/>\n\t<meta property=\"og:image:height\" content=\"1382\" \/>\n\t<meta property=\"og:image:type\" content=\"image\/jpeg\" \/>\n<meta name=\"twitter:card\" content=\"summary_large_image\" \/>\n<script type=\"application\/ld+json\" class=\"yoast-schema-graph\">{\"@context\":\"https:\/\/schema.org\",\"@graph\":[{\"@type\":\"WebPage\",\"@id\":\"https:\/\/guidetogreenland.com\/da\/reserver-ferie-rejser\/privat-bad-charter-ilulissat-diskobugten\/\",\"url\":\"https:\/\/guidetogreenland.com\/da\/reserver-ferie-rejser\/privat-bad-charter-ilulissat-diskobugten\/\",\"name\":\"Privat B\u00e5d Charter | Ilulissat | Diskobugten | Guide to Greenland\",\"isPartOf\":{\"@id\":\"https:\/\/guidetogreenland.com\/da\/#website\"},\"primaryImageOfPage\":{\"@id\":\"https:\/\/guidetogreenland.com\/da\/reserver-ferie-rejser\/privat-bad-charter-ilulissat-diskobugten\/#primaryimage\"},\"image\":{\"@id\":\"https:\/\/guidetogreenland.com\/da\/reserver-ferie-rejser\/privat-bad-charter-ilulissat-diskobugten\/#primaryimage\"},\"thumbnailUrl\":\"https:\/\/guidetogreenland.com\/wp-content\/uploads\/2020\/05\/pay-by-the-hour-private-charter-ilulissat-disko-bay-Guide-to-Greenland7.jpeg\",\"datePublished\":\"2020-05-20T15:43:00+00:00\",\"dateModified\":\"2023-06-02T17:52:42+00:00\",\"description\":\"Tilrettel\u00e6gge din egen rejse fra Ilulissat. Du bestemmer selv, om du vil se Ilulissat Icefjord, isbjerge, gr\u00f8nlandske dyreliv eller det hele!\",\"breadcrumb\":{\"@id\":\"https:\/\/guidetogreenland.com\/da\/reserver-ferie-rejser\/privat-bad-charter-ilulissat-diskobugten\/#breadcrumb\"},\"inLanguage\":\"da-DK\",\"potentialAction\":[{\"@type\":\"ReadAction\",\"target\":[\"https:\/\/guidetogreenland.com\/da\/reserver-ferie-rejser\/privat-bad-charter-ilulissat-diskobugten\/\"]}]},{\"@type\":\"ImageObject\",\"inLanguage\":\"da-DK\",\"@id\":\"https:\/\/guidetogreenland.com\/da\/reserver-ferie-rejser\/privat-bad-charter-ilulissat-diskobugten\/#primaryimage\",\"url\":\"https:\/\/guidetogreenland.com\/wp-content\/uploads\/2020\/05\/pay-by-the-hour-private-charter-ilulissat-disko-bay-Guide-to-Greenland7.jpeg\",\"contentUrl\":\"https:\/\/guidetogreenland.com\/wp-content\/uploads\/2020\/05\/pay-by-the-hour-private-charter-ilulissat-disko-bay-Guide-to-Greenland7.jpeg\",\"width\":1153,\"height\":1382},{\"@type\":\"BreadcrumbList\",\"@id\":\"https:\/\/guidetogreenland.com\/da\/reserver-ferie-rejser\/privat-bad-charter-ilulissat-diskobugten\/#breadcrumb\",\"itemListElement\":[{\"@type\":\"ListItem\",\"position\":1,\"name\":\"Home\",\"item\":\"https:\/\/guidetogreenland.com\/da\/\"},{\"@type\":\"ListItem\",\"position\":2,\"name\":\"Se alle ture\",\"item\":\"https:\/\/guidetogreenland.com\/da\/reserver-ferie-rejser\/\"},{\"@type\":\"ListItem\",\"position\":3,\"name\":\"Privat B\u00e5d Charter | Ilulissat | Diskobugten\"}]},{\"@type\":\"WebSite\",\"@id\":\"https:\/\/guidetogreenland.com\/da\/#website\",\"url\":\"https:\/\/guidetogreenland.com\/da\/\",\"name\":\"Guide to Greenland\",\"description\":\"Largest selection of tours in Greenland\",\"potentialAction\":[{\"@type\":\"SearchAction\",\"target\":{\"@type\":\"EntryPoint\",\"urlTemplate\":\"https:\/\/guidetogreenland.com\/da\/?s={search_term_string}\"},\"query-input\":{\"@type\":\"PropertyValueSpecification\",\"valueRequired\":true,\"valueName\":\"search_term_string\"}}],\"inLanguage\":\"da-DK\"}]}<\/script>\n<!-- \/ Yoast SEO plugin. -->","yoast_head_json":{"title":"Privat B\u00e5d Charter | Ilulissat | Diskobugten | Guide to Greenland","description":"Tilrettel\u00e6gge din egen rejse fra Ilulissat. Du bestemmer selv, om du vil se Ilulissat Icefjord, isbjerge, gr\u00f8nlandske dyreliv eller det hele!","robots":{"index":"index","follow":"follow","max-snippet":"max-snippet:-1","max-image-preview":"max-image-preview:large","max-video-preview":"max-video-preview:-1"},"canonical":"https:\/\/guidetogreenland.com\/da\/reserver-ferie-rejser\/privat-bad-charter-ilulissat-diskobugten\/","og_locale":"da_DK","og_type":"article","og_title":"Privat B\u00e5d Charter | Ilulissat | Diskobugten | Guide to Greenland","og_description":"Tilrettel\u00e6gge din egen rejse fra Ilulissat. Du bestemmer selv, om du vil se Ilulissat Icefjord, isbjerge, gr\u00f8nlandske dyreliv eller det hele!","og_url":"https:\/\/guidetogreenland.com\/da\/reserver-ferie-rejser\/privat-bad-charter-ilulissat-diskobugten\/","og_site_name":"Guide to Greenland","article_modified_time":"2023-06-02T17:52:42+00:00","og_image":[{"width":1153,"height":1382,"url":"https:\/\/guidetogreenland.com\/wp-content\/uploads\/2020\/05\/pay-by-the-hour-private-charter-ilulissat-disko-bay-Guide-to-Greenland7.jpeg","type":"image\/jpeg"}],"twitter_card":"summary_large_image","schema":{"@context":"https:\/\/schema.org","@graph":[{"@type":"WebPage","@id":"https:\/\/guidetogreenland.com\/da\/reserver-ferie-rejser\/privat-bad-charter-ilulissat-diskobugten\/","url":"https:\/\/guidetogreenland.com\/da\/reserver-ferie-rejser\/privat-bad-charter-ilulissat-diskobugten\/","name":"Privat B\u00e5d Charter | Ilulissat | Diskobugten | Guide to Greenland","isPartOf":{"@id":"https:\/\/guidetogreenland.com\/da\/#website"},"primaryImageOfPage":{"@id":"https:\/\/guidetogreenland.com\/da\/reserver-ferie-rejser\/privat-bad-charter-ilulissat-diskobugten\/#primaryimage"},"image":{"@id":"https:\/\/guidetogreenland.com\/da\/reserver-ferie-rejser\/privat-bad-charter-ilulissat-diskobugten\/#primaryimage"},"thumbnailUrl":"https:\/\/guidetogreenland.com\/wp-content\/uploads\/2020\/05\/pay-by-the-hour-private-charter-ilulissat-disko-bay-Guide-to-Greenland7.jpeg","datePublished":"2020-05-20T15:43:00+00:00","dateModified":"2023-06-02T17:52:42+00:00","description":"Tilrettel\u00e6gge din egen rejse fra Ilulissat. Du bestemmer selv, om du vil se Ilulissat Icefjord, isbjerge, gr\u00f8nlandske dyreliv eller det hele!","breadcrumb":{"@id":"https:\/\/guidetogreenland.com\/da\/reserver-ferie-rejser\/privat-bad-charter-ilulissat-diskobugten\/#breadcrumb"},"inLanguage":"da-DK","potentialAction":[{"@type":"ReadAction","target":["https:\/\/guidetogreenland.com\/da\/reserver-ferie-rejser\/privat-bad-charter-ilulissat-diskobugten\/"]}]},{"@type":"ImageObject","inLanguage":"da-DK","@id":"https:\/\/guidetogreenland.com\/da\/reserver-ferie-rejser\/privat-bad-charter-ilulissat-diskobugten\/#primaryimage","url":"https:\/\/guidetogreenland.com\/wp-content\/uploads\/2020\/05\/pay-by-the-hour-private-charter-ilulissat-disko-bay-Guide-to-Greenland7.jpeg","contentUrl":"https:\/\/guidetogreenland.com\/wp-content\/uploads\/2020\/05\/pay-by-the-hour-private-charter-ilulissat-disko-bay-Guide-to-Greenland7.jpeg","width":1153,"height":1382},{"@type":"BreadcrumbList","@id":"https:\/\/guidetogreenland.com\/da\/reserver-ferie-rejser\/privat-bad-charter-ilulissat-diskobugten\/#breadcrumb","itemListElement":[{"@type":"ListItem","position":1,"name":"Home","item":"https:\/\/guidetogreenland.com\/da\/"},{"@type":"ListItem","position":2,"name":"Se alle ture","item":"https:\/\/guidetogreenland.com\/da\/reserver-ferie-rejser\/"},{"@type":"ListItem","position":3,"name":"Privat B\u00e5d Charter | Ilulissat | Diskobugten"}]},{"@type":"WebSite","@id":"https:\/\/guidetogreenland.com\/da\/#website","url":"https:\/\/guidetogreenland.com\/da\/","name":"Guide to Greenland","description":"Largest selection of tours in Greenland","potentialAction":[{"@type":"SearchAction","target":{"@type":"EntryPoint","urlTemplate":"https:\/\/guidetogreenland.com\/da\/?s={search_term_string}"},"query-input":{"@type":"PropertyValueSpecification","valueRequired":true,"valueName":"search_term_string"}}],"inLanguage":"da-DK"}]}},"_links":{"self":[{"href":"https:\/\/guidetogreenland.com\/da\/wp-json\/wp\/v2\/product\/13825","targetHints":{"allow":["GET"]}}],"collection":[{"href":"https:\/\/guidetogreenland.com\/da\/wp-json\/wp\/v2\/product"}],"about":[{"href":"https:\/\/guidetogreenland.com\/da\/wp-json\/wp\/v2\/types\/product"}],"replies":[{"embeddable":true,"href":"https:\/\/guidetogreenland.com\/da\/wp-json\/wp\/v2\/comments?post=13825"}],"wp:featuredmedia":[{"embeddable":true,"href":"https:\/\/guidetogreenland.com\/da\/wp-json\/wp\/v2\/media\/13827"}],"wp:attachment":[{"href":"https:\/\/guidetogreenland.com\/da\/wp-json\/wp\/v2\/media?parent=13825"}],"wp:term":[{"taxonomy":"product_brand","embeddable":true,"href":"https:\/\/guidetogreenland.com\/da\/wp-json\/wp\/v2\/product_brand?post=13825"},{"taxonomy":"product_cat","embeddable":true,"href":"https:\/\/guidetogreenland.com\/da\/wp-json\/wp\/v2\/product_cat?post=13825"},{"taxonomy":"product_tag","embeddable":true,"href":"https:\/\/guidetogreenland.com\/da\/wp-json\/wp\/v2\/product_tag?post=13825"}],"curies":[{"name":"wp","href":"https:\/\/api.w.org\/{rel}","templated":true}]}}