{"id":13829,"date":"2020-05-19T13:20:24","date_gmt":"2020-05-19T16:20:24","guid":{"rendered":"https:\/\/guidetogreenland.com\/book-trips-holiday\/the-great-russell-glacier-kangerlussuaq\/"},"modified":"2024-05-25T03:23:36","modified_gmt":"2024-05-25T06:23:36","slug":"den-store-russell-gletsjer-kangerlussuaq","status":"publish","type":"product","link":"https:\/\/guidetogreenland.com\/da\/reserver-ferie-rejser\/den-store-russell-gletsjer-kangerlussuaq\/","title":{"rendered":"Den Store Russell Gletsjer | Kangerlussuaq"},"content":{"rendered":"<p class=\"x-18pep25\">Kom med p\u00e5 dette eventyr til Russel Gletsjeren, der langsomt rejser sig fra indlandsisen. Det er en helt unik oplevelse at se gletsjerens v\u00e6gge omringet af smeltevandss\u00f8er. Denne tur er for dig der t\u00f8rster efter at opleve de store arktiske vidundere, fra majest\u00e6tiske bjerge til Gr\u00f8nland&#8217;s indlandsis.<\/p>\n<p class=\"e1imf5dp0 x-jm2771\">Turen til Russel Gletsjeren vil tage dig sm\u00e5 25 kilometer v\u00e6k fra Kangerlussuaq, hvor du vil f\u00f8lge grusvejene op til den majest\u00e6tiske is-overflade. Gletsjeren er ikke det eneste vidunder du kommer til at at opleve, da du ogs\u00e5 bliver k\u00f8rt igennem dale, der nyligt er blevet isfrie. Dalene er udfo<span class=\"x-12abj6v e1uuu2lt3\">rmet af indlandsisen og et paradis for fotografer p\u00e5 jagt efter det perfekte motiv.<\/span><\/p>\n<p class=\"e1imf5dp0 x-jm2771\"><span class=\"x-12abj6v e1uuu2lt3\">P\u00e5 vejen kan du kigge efter dyrelivet der lever i det n\u00e6rliggende landskab &#8211; moskus flokke, rensdyr og arktiske hare &#8211; men husk at du er g\u00e6st i deres hjem.<\/span><\/p>\n<p class=\"e1imf5dp0 x-jm2771\"><span class=\"x-12abj6v e1uuu2lt3\">N\u00e5r vi n\u00e5r til gletsjeren, vil vi fors\u00f8ge at komme s\u00e5 t\u00e6t p\u00e5 som muligt, dog altid med sikkerheden i baghovedet. Dette er et sted der tillader dig at slippe v\u00e6k fra al res og opleve absolut stilhed, kun afbrudt af den til tider k\u00e6lvende gletsjer. Dette eventyr ligger bare og venter p\u00e5 at du finder dine hiking st\u00f8vler og kamera frem! Se tilg\u00e6ngeligheden ved at trykke p\u00e5 &#8216;V\u00e6lg dato&#8217; ovenover og book din tur idag.<\/span><\/p>\n","protected":false},"excerpt":{"rendered":"Kom med p\u00e5 dette eventyr til Russel Gletsjeren, der langsomt rejser sig fra indlandsisen. Det er en helt unik oplevelse at se gletsjerens v\u00e6gge omringet af smeltevandss\u00f8er. Denne tur er for dig der t\u00f8rster efter at opleve de store arktiske vidundere, fra majest\u00e6tiske bjerge til Gr\u00f8nland&#8217;s indlandsis. Turen til Russel Gletsjeren vil tage dig sm\u00e5&#8230;","protected":false},"featured_media":13831,"comment_status":"open","ping_status":"closed","template":"","meta":[],"product_brand":[],"product_cat":[628,621,605,606,614,612,631,593,627,643,646,608],"product_tag":[924],"class_list":{"0":"post-13829","1":"product","2":"type-product","3":"status-publish","4":"has-post-thumbnail","6":"product_cat-arctic-circle-trail","7":"product_cat-charterture","8":"product_cat-dagsture-om-sommeren","9":"product_cat-dagsture-om-vinteren","10":"product_cat-gletsjer-og-indlandsisen","11":"product_cat-natur-og-dyreliv-i-groenland","12":"product_cat-nordgroenland","13":"product_cat-oplevelser-i-groenland","14":"product_cat-ture-i-bestemte-omraader","15":"product_cat-ture-i-hver-by","16":"product_cat-ture-i-kangerlussuaq","17":"product_cat-vandre-og-trekkingture","18":"product_tag-kangerlussuaq-da","19":"pa_activities-gletscher-udsigt","20":"pa_attractions-indlandsisen","21":"pa_attractions-russell-gletscher","22":"pa_available-month-maj","23":"pa_available-month-juni","24":"pa_available-month-juli","25":"pa_available-month-august","26":"pa_available-month-september","27":"pa_destinations-kangerlussuaq","28":"pa_difficulty-let","29":"pa_duration-3-timer","30":"pa_tour-type-dagsture","31":"yith_booking_service-combination-with-ice-cap-point-660","33":"first","34":"instock","35":"virtual","36":"sold-individually","37":"purchasable","38":"product-type-booking"},"acf":[],"yoast_head":"<!-- This site is optimized with the Yoast SEO plugin v25.6 - https:\/\/yoast.com\/wordpress\/plugins\/seo\/ -->\n<title>Den Store Russell Gletsjer | Kangerlussuaq | Guide to Greenland<\/title>\n<meta name=\"description\" content=\"Kom helt t\u00e6t p\u00e5 og st\u00e5 til ansigt med den 60 meter h\u00f8je Russell Gletsjer p\u00e5 en udflugt til kanten af Gr\u00f8nlands Indlandsis. Klik for at l\u00e6se mere og book din tur.\" \/>\n<meta name=\"robots\" content=\"index, follow, max-snippet:-1, max-image-preview:large, max-video-preview:-1\" \/>\n<link rel=\"canonical\" href=\"https:\/\/guidetogreenland.com\/da\/reserver-ferie-rejser\/den-store-russell-gletsjer-kangerlussuaq\/\" \/>\n<meta property=\"og:locale\" content=\"da_DK\" \/>\n<meta property=\"og:type\" content=\"article\" \/>\n<meta property=\"og:title\" content=\"Den Store Russell Gletsjer | Kangerlussuaq | Guide to Greenland\" \/>\n<meta property=\"og:description\" content=\"Kom helt t\u00e6t p\u00e5 og st\u00e5 til ansigt med den 60 meter h\u00f8je Russell Gletsjer p\u00e5 en udflugt til kanten af Gr\u00f8nlands Indlandsis. Klik for at l\u00e6se mere og book din tur.\" \/>\n<meta property=\"og:url\" content=\"https:\/\/guidetogreenland.com\/da\/reserver-ferie-rejser\/den-store-russell-gletsjer-kangerlussuaq\/\" \/>\n<meta property=\"og:site_name\" content=\"Guide to Greenland\" \/>\n<meta property=\"article:modified_time\" content=\"2024-05-25T06:23:36+00:00\" \/>\n<meta property=\"og:image\" content=\"https:\/\/guidetogreenland.com\/wp-content\/uploads\/2020\/05\/the-great-russell-glacier-kangerlussuaq-Guide-to-Greenland16.jpg\" \/>\n\t<meta property=\"og:image:width\" content=\"926\" \/>\n\t<meta property=\"og:image:height\" content=\"695\" \/>\n\t<meta property=\"og:image:type\" content=\"image\/jpeg\" \/>\n<meta name=\"twitter:card\" content=\"summary_large_image\" \/>\n<meta name=\"twitter:label1\" content=\"Estimeret l\u00e6setid\" \/>\n\t<meta name=\"twitter:data1\" content=\"1 minut\" \/>\n<script type=\"application\/ld+json\" class=\"yoast-schema-graph\">{\"@context\":\"https:\/\/schema.org\",\"@graph\":[{\"@type\":\"WebPage\",\"@id\":\"https:\/\/guidetogreenland.com\/da\/reserver-ferie-rejser\/den-store-russell-gletsjer-kangerlussuaq\/\",\"url\":\"https:\/\/guidetogreenland.com\/da\/reserver-ferie-rejser\/den-store-russell-gletsjer-kangerlussuaq\/\",\"name\":\"Den Store Russell Gletsjer | Kangerlussuaq | Guide to Greenland\",\"isPartOf\":{\"@id\":\"https:\/\/guidetogreenland.com\/da\/#website\"},\"primaryImageOfPage\":{\"@id\":\"https:\/\/guidetogreenland.com\/da\/reserver-ferie-rejser\/den-store-russell-gletsjer-kangerlussuaq\/#primaryimage\"},\"image\":{\"@id\":\"https:\/\/guidetogreenland.com\/da\/reserver-ferie-rejser\/den-store-russell-gletsjer-kangerlussuaq\/#primaryimage\"},\"thumbnailUrl\":\"https:\/\/guidetogreenland.com\/wp-content\/uploads\/2020\/05\/the-great-russell-glacier-kangerlussuaq-Guide-to-Greenland16.jpg\",\"datePublished\":\"2020-05-19T16:20:24+00:00\",\"dateModified\":\"2024-05-25T06:23:36+00:00\",\"description\":\"Kom helt t\u00e6t p\u00e5 og st\u00e5 til ansigt med den 60 meter h\u00f8je Russell Gletsjer p\u00e5 en udflugt til kanten af Gr\u00f8nlands Indlandsis. Klik for at l\u00e6se mere og book din tur.\",\"breadcrumb\":{\"@id\":\"https:\/\/guidetogreenland.com\/da\/reserver-ferie-rejser\/den-store-russell-gletsjer-kangerlussuaq\/#breadcrumb\"},\"inLanguage\":\"da-DK\",\"potentialAction\":[{\"@type\":\"ReadAction\",\"target\":[\"https:\/\/guidetogreenland.com\/da\/reserver-ferie-rejser\/den-store-russell-gletsjer-kangerlussuaq\/\"]}]},{\"@type\":\"ImageObject\",\"inLanguage\":\"da-DK\",\"@id\":\"https:\/\/guidetogreenland.com\/da\/reserver-ferie-rejser\/den-store-russell-gletsjer-kangerlussuaq\/#primaryimage\",\"url\":\"https:\/\/guidetogreenland.com\/wp-content\/uploads\/2020\/05\/the-great-russell-glacier-kangerlussuaq-Guide-to-Greenland16.jpg\",\"contentUrl\":\"https:\/\/guidetogreenland.com\/wp-content\/uploads\/2020\/05\/the-great-russell-glacier-kangerlussuaq-Guide-to-Greenland16.jpg\",\"width\":926,\"height\":695},{\"@type\":\"BreadcrumbList\",\"@id\":\"https:\/\/guidetogreenland.com\/da\/reserver-ferie-rejser\/den-store-russell-gletsjer-kangerlussuaq\/#breadcrumb\",\"itemListElement\":[{\"@type\":\"ListItem\",\"position\":1,\"name\":\"Home\",\"item\":\"https:\/\/guidetogreenland.com\/da\/\"},{\"@type\":\"ListItem\",\"position\":2,\"name\":\"Se alle ture\",\"item\":\"https:\/\/guidetogreenland.com\/da\/reserver-ferie-rejser\/\"},{\"@type\":\"ListItem\",\"position\":3,\"name\":\"Den Store Russell Gletsjer | Kangerlussuaq\"}]},{\"@type\":\"WebSite\",\"@id\":\"https:\/\/guidetogreenland.com\/da\/#website\",\"url\":\"https:\/\/guidetogreenland.com\/da\/\",\"name\":\"Guide to Greenland\",\"description\":\"Largest selection of tours in Greenland\",\"potentialAction\":[{\"@type\":\"SearchAction\",\"target\":{\"@type\":\"EntryPoint\",\"urlTemplate\":\"https:\/\/guidetogreenland.com\/da\/?s={search_term_string}\"},\"query-input\":{\"@type\":\"PropertyValueSpecification\",\"valueRequired\":true,\"valueName\":\"search_term_string\"}}],\"inLanguage\":\"da-DK\"}]}<\/script>\n<!-- \/ Yoast SEO plugin. -->","yoast_head_json":{"title":"Den Store Russell Gletsjer | Kangerlussuaq | Guide to Greenland","description":"Kom helt t\u00e6t p\u00e5 og st\u00e5 til ansigt med den 60 meter h\u00f8je Russell Gletsjer p\u00e5 en udflugt til kanten af Gr\u00f8nlands Indlandsis. Klik for at l\u00e6se mere og book din tur.","robots":{"index":"index","follow":"follow","max-snippet":"max-snippet:-1","max-image-preview":"max-image-preview:large","max-video-preview":"max-video-preview:-1"},"canonical":"https:\/\/guidetogreenland.com\/da\/reserver-ferie-rejser\/den-store-russell-gletsjer-kangerlussuaq\/","og_locale":"da_DK","og_type":"article","og_title":"Den Store Russell Gletsjer | Kangerlussuaq | Guide to Greenland","og_description":"Kom helt t\u00e6t p\u00e5 og st\u00e5 til ansigt med den 60 meter h\u00f8je Russell Gletsjer p\u00e5 en udflugt til kanten af Gr\u00f8nlands Indlandsis. Klik for at l\u00e6se mere og book din tur.","og_url":"https:\/\/guidetogreenland.com\/da\/reserver-ferie-rejser\/den-store-russell-gletsjer-kangerlussuaq\/","og_site_name":"Guide to Greenland","article_modified_time":"2024-05-25T06:23:36+00:00","og_image":[{"width":926,"height":695,"url":"https:\/\/guidetogreenland.com\/wp-content\/uploads\/2020\/05\/the-great-russell-glacier-kangerlussuaq-Guide-to-Greenland16.jpg","type":"image\/jpeg"}],"twitter_card":"summary_large_image","twitter_misc":{"Estimeret l\u00e6setid":"1 minut"},"schema":{"@context":"https:\/\/schema.org","@graph":[{"@type":"WebPage","@id":"https:\/\/guidetogreenland.com\/da\/reserver-ferie-rejser\/den-store-russell-gletsjer-kangerlussuaq\/","url":"https:\/\/guidetogreenland.com\/da\/reserver-ferie-rejser\/den-store-russell-gletsjer-kangerlussuaq\/","name":"Den Store Russell Gletsjer | Kangerlussuaq | Guide to Greenland","isPartOf":{"@id":"https:\/\/guidetogreenland.com\/da\/#website"},"primaryImageOfPage":{"@id":"https:\/\/guidetogreenland.com\/da\/reserver-ferie-rejser\/den-store-russell-gletsjer-kangerlussuaq\/#primaryimage"},"image":{"@id":"https:\/\/guidetogreenland.com\/da\/reserver-ferie-rejser\/den-store-russell-gletsjer-kangerlussuaq\/#primaryimage"},"thumbnailUrl":"https:\/\/guidetogreenland.com\/wp-content\/uploads\/2020\/05\/the-great-russell-glacier-kangerlussuaq-Guide-to-Greenland16.jpg","datePublished":"2020-05-19T16:20:24+00:00","dateModified":"2024-05-25T06:23:36+00:00","description":"Kom helt t\u00e6t p\u00e5 og st\u00e5 til ansigt med den 60 meter h\u00f8je Russell Gletsjer p\u00e5 en udflugt til kanten af Gr\u00f8nlands Indlandsis. Klik for at l\u00e6se mere og book din tur.","breadcrumb":{"@id":"https:\/\/guidetogreenland.com\/da\/reserver-ferie-rejser\/den-store-russell-gletsjer-kangerlussuaq\/#breadcrumb"},"inLanguage":"da-DK","potentialAction":[{"@type":"ReadAction","target":["https:\/\/guidetogreenland.com\/da\/reserver-ferie-rejser\/den-store-russell-gletsjer-kangerlussuaq\/"]}]},{"@type":"ImageObject","inLanguage":"da-DK","@id":"https:\/\/guidetogreenland.com\/da\/reserver-ferie-rejser\/den-store-russell-gletsjer-kangerlussuaq\/#primaryimage","url":"https:\/\/guidetogreenland.com\/wp-content\/uploads\/2020\/05\/the-great-russell-glacier-kangerlussuaq-Guide-to-Greenland16.jpg","contentUrl":"https:\/\/guidetogreenland.com\/wp-content\/uploads\/2020\/05\/the-great-russell-glacier-kangerlussuaq-Guide-to-Greenland16.jpg","width":926,"height":695},{"@type":"BreadcrumbList","@id":"https:\/\/guidetogreenland.com\/da\/reserver-ferie-rejser\/den-store-russell-gletsjer-kangerlussuaq\/#breadcrumb","itemListElement":[{"@type":"ListItem","position":1,"name":"Home","item":"https:\/\/guidetogreenland.com\/da\/"},{"@type":"ListItem","position":2,"name":"Se alle ture","item":"https:\/\/guidetogreenland.com\/da\/reserver-ferie-rejser\/"},{"@type":"ListItem","position":3,"name":"Den Store Russell Gletsjer | Kangerlussuaq"}]},{"@type":"WebSite","@id":"https:\/\/guidetogreenland.com\/da\/#website","url":"https:\/\/guidetogreenland.com\/da\/","name":"Guide to Greenland","description":"Largest selection of tours in Greenland","potentialAction":[{"@type":"SearchAction","target":{"@type":"EntryPoint","urlTemplate":"https:\/\/guidetogreenland.com\/da\/?s={search_term_string}"},"query-input":{"@type":"PropertyValueSpecification","valueRequired":true,"valueName":"search_term_string"}}],"inLanguage":"da-DK"}]}},"_links":{"self":[{"href":"https:\/\/guidetogreenland.com\/da\/wp-json\/wp\/v2\/product\/13829","targetHints":{"allow":["GET"]}}],"collection":[{"href":"https:\/\/guidetogreenland.com\/da\/wp-json\/wp\/v2\/product"}],"about":[{"href":"https:\/\/guidetogreenland.com\/da\/wp-json\/wp\/v2\/types\/product"}],"replies":[{"embeddable":true,"href":"https:\/\/guidetogreenland.com\/da\/wp-json\/wp\/v2\/comments?post=13829"}],"wp:featuredmedia":[{"embeddable":true,"href":"https:\/\/guidetogreenland.com\/da\/wp-json\/wp\/v2\/media\/13831"}],"wp:attachment":[{"href":"https:\/\/guidetogreenland.com\/da\/wp-json\/wp\/v2\/media?parent=13829"}],"wp:term":[{"taxonomy":"product_brand","embeddable":true,"href":"https:\/\/guidetogreenland.com\/da\/wp-json\/wp\/v2\/product_brand?post=13829"},{"taxonomy":"product_cat","embeddable":true,"href":"https:\/\/guidetogreenland.com\/da\/wp-json\/wp\/v2\/product_cat?post=13829"},{"taxonomy":"product_tag","embeddable":true,"href":"https:\/\/guidetogreenland.com\/da\/wp-json\/wp\/v2\/product_tag?post=13829"}],"curies":[{"name":"wp","href":"https:\/\/api.w.org\/{rel}","templated":true}]}}