{"id":13857,"date":"2020-05-25T16:35:52","date_gmt":"2020-05-25T16:35:52","guid":{"rendered":"https:\/\/guidetogreenland.com\/book-trips-holiday\/pay-by-the-hour-private-charter-qaqortoq-south-greenland\/"},"modified":"2020-11-23T14:28:09","modified_gmt":"2020-11-23T14:28:09","slug":"privat-baad-charter-qaqortoq-sydgroenland","status":"publish","type":"product","link":"https:\/\/guidetogreenland.com\/da\/reserver-ferie-rejser\/privat-bad-charter-qaqortoq-sydgronland\/","title":{"rendered":"Privat B\u00e5d Charter | Qaqortoq | Sydgr\u00f8nland"},"content":{"rendered":"<p class=\"x-18pep25\">Hop ombord vores b\u00e5d, og drag til s\u00f8s med denne private b\u00e5d charter! Denne b\u00e5d charter er perfekt, for dig, som \u00f8nsker et privat og skr\u00e6ddersyet eventyr til havs.<\/p>\n<p class=\"x-18pep25\">Vores lokale kaptajn er specialiseret\u00a0i\u00a0privat b\u00e5d charter og at sejle med turister. Mulighederne er endel\u00f8se, n\u00e5r det g\u00e6lder eventyr til p\u00e5 havet. Oplys om hvad du kunne t\u00e6nke dig at se, og oplev dine \u00f8nsker komme til virkelighed. Der er endel\u00f8se muligheder for forskellige eventyr i Syd Gr\u00f8nland. Du kan charter b\u00e5den til ethvert form\u00e5l om det skulle v\u00e6re en fisketur, sightseeing til et helt bestemt sted, til filmoptagelser eller noget helt fjerde, er helt op til dig.<\/p>\n<p class=\"e1imf5dp0 x-jm2771\">Din b\u00e5d charter tur, afg\u00e5r fra Qaqortoq og ved at booke denne b\u00e5d charter, er du forsikret et privat og skr\u00e6ddersyet eventyr. For at se b\u00e5d charterens tilg\u00e6ngelighed, tryk p\u00e5\u00a0&#8216;V\u00e6lg en dato&#8217; ovenfor.<\/p>\n","protected":false},"excerpt":{"rendered":"Hop ombord vores b\u00e5d, og drag til s\u00f8s med denne private b\u00e5d charter! Denne b\u00e5d charter er perfekt, for dig, som \u00f8nsker et privat og skr\u00e6ddersyet eventyr til havs. Vores lokale kaptajn er specialiseret\u00a0i\u00a0privat b\u00e5d charter og at sejle med turister. Mulighederne er endel\u00f8se, n\u00e5r det g\u00e6lder eventyr til p\u00e5 havet. Oplys om hvad du&#8230;","protected":false},"featured_media":13859,"comment_status":"open","ping_status":"closed","template":"","meta":[],"product_brand":[],"product_cat":[594,621,605,612,593,632,627,643,654],"product_tag":[932],"class_list":{"0":"post-13857","1":"product","2":"type-product","3":"status-publish","4":"has-post-thumbnail","6":"product_cat-baadture","7":"product_cat-charterture","8":"product_cat-dagsture-om-sommeren","9":"product_cat-natur-og-dyreliv-i-groenland","10":"product_cat-oplevelser-i-groenland","11":"product_cat-sydgroenland","12":"product_cat-ture-i-bestemte-omraader","13":"product_cat-ture-i-hver-by","14":"product_cat-ture-i-qaqortoq","15":"product_tag-qaqortoq-da","16":"pa_activities-baadtur","17":"pa_available-month-maj","18":"pa_available-month-juni","19":"pa_available-month-juli","20":"pa_available-month-august","21":"pa_available-month-september","22":"pa_destinations-qaqortoq","23":"pa_difficulty-let","24":"pa_duration-2-timer","25":"pa_tour-type-dagsture","26":"yith_shop_vendor-60-north-da","27":"yith_booking_service-additional-hours-6","29":"first","30":"instock","31":"virtual","32":"sold-individually","33":"purchasable","34":"product-type-booking"},"acf":[],"yoast_head":"<!-- This site is optimized with the Yoast SEO plugin v25.6 - https:\/\/yoast.com\/wordpress\/plugins\/seo\/ -->\n<title>Privat B\u00e5d Charter | Qaqortoq | Sydgr\u00f8nland | Guide to Greenland<\/title>\n<meta name=\"description\" content=\"Tilrettel\u00e6gge din b\u00e5dtur fra Qaqortoq. Du bestemmer selv, om du vil se isbjerge, gr\u00f8nlandske vildedyr, indlandsisen eller det hele!\" \/>\n<meta name=\"robots\" content=\"index, follow, max-snippet:-1, max-image-preview:large, max-video-preview:-1\" \/>\n<link rel=\"canonical\" href=\"https:\/\/guidetogreenland.com\/da\/reserver-ferie-rejser\/privat-bad-charter-qaqortoq-sydgronland\/\" \/>\n<meta property=\"og:locale\" content=\"da_DK\" \/>\n<meta property=\"og:type\" content=\"article\" \/>\n<meta property=\"og:title\" content=\"Privat B\u00e5d Charter | Qaqortoq | Sydgr\u00f8nland | Guide to Greenland\" \/>\n<meta property=\"og:description\" content=\"Tilrettel\u00e6gge din b\u00e5dtur fra Qaqortoq. Du bestemmer selv, om du vil se isbjerge, gr\u00f8nlandske vildedyr, indlandsisen eller det hele!\" \/>\n<meta property=\"og:url\" content=\"https:\/\/guidetogreenland.com\/da\/reserver-ferie-rejser\/privat-bad-charter-qaqortoq-sydgronland\/\" \/>\n<meta property=\"og:site_name\" content=\"Guide to Greenland\" \/>\n<meta property=\"article:modified_time\" content=\"2020-11-23T14:28:09+00:00\" \/>\n<meta property=\"og:image\" content=\"https:\/\/guidetogreenland.com\/wp-content\/uploads\/2020\/05\/Pay-by-the-Hour-Private-Charter-Qaqortoq-South-Greenland-Guide-to-Greenland4.jpeg\" \/>\n\t<meta property=\"og:image:width\" content=\"992\" \/>\n\t<meta property=\"og:image:height\" content=\"661\" \/>\n\t<meta property=\"og:image:type\" content=\"image\/jpeg\" \/>\n<meta name=\"twitter:card\" content=\"summary_large_image\" \/>\n<meta name=\"twitter:label1\" content=\"Estimeret l\u00e6setid\" \/>\n\t<meta name=\"twitter:data1\" content=\"1 minut\" \/>\n<script type=\"application\/ld+json\" class=\"yoast-schema-graph\">{\"@context\":\"https:\/\/schema.org\",\"@graph\":[{\"@type\":\"WebPage\",\"@id\":\"https:\/\/guidetogreenland.com\/da\/reserver-ferie-rejser\/privat-bad-charter-qaqortoq-sydgronland\/\",\"url\":\"https:\/\/guidetogreenland.com\/da\/reserver-ferie-rejser\/privat-bad-charter-qaqortoq-sydgronland\/\",\"name\":\"Privat B\u00e5d Charter | Qaqortoq | Sydgr\u00f8nland | Guide to Greenland\",\"isPartOf\":{\"@id\":\"https:\/\/guidetogreenland.com\/da\/#website\"},\"primaryImageOfPage\":{\"@id\":\"https:\/\/guidetogreenland.com\/da\/reserver-ferie-rejser\/privat-bad-charter-qaqortoq-sydgronland\/#primaryimage\"},\"image\":{\"@id\":\"https:\/\/guidetogreenland.com\/da\/reserver-ferie-rejser\/privat-bad-charter-qaqortoq-sydgronland\/#primaryimage\"},\"thumbnailUrl\":\"https:\/\/guidetogreenland.com\/wp-content\/uploads\/2020\/05\/Pay-by-the-Hour-Private-Charter-Qaqortoq-South-Greenland-Guide-to-Greenland4.jpeg\",\"datePublished\":\"2020-05-25T16:35:52+00:00\",\"dateModified\":\"2020-11-23T14:28:09+00:00\",\"description\":\"Tilrettel\u00e6gge din b\u00e5dtur fra Qaqortoq. Du bestemmer selv, om du vil se isbjerge, gr\u00f8nlandske vildedyr, indlandsisen eller det hele!\",\"breadcrumb\":{\"@id\":\"https:\/\/guidetogreenland.com\/da\/reserver-ferie-rejser\/privat-bad-charter-qaqortoq-sydgronland\/#breadcrumb\"},\"inLanguage\":\"da-DK\",\"potentialAction\":[{\"@type\":\"ReadAction\",\"target\":[\"https:\/\/guidetogreenland.com\/da\/reserver-ferie-rejser\/privat-bad-charter-qaqortoq-sydgronland\/\"]}]},{\"@type\":\"ImageObject\",\"inLanguage\":\"da-DK\",\"@id\":\"https:\/\/guidetogreenland.com\/da\/reserver-ferie-rejser\/privat-bad-charter-qaqortoq-sydgronland\/#primaryimage\",\"url\":\"https:\/\/guidetogreenland.com\/wp-content\/uploads\/2020\/05\/Pay-by-the-Hour-Private-Charter-Qaqortoq-South-Greenland-Guide-to-Greenland4.jpeg\",\"contentUrl\":\"https:\/\/guidetogreenland.com\/wp-content\/uploads\/2020\/05\/Pay-by-the-Hour-Private-Charter-Qaqortoq-South-Greenland-Guide-to-Greenland4.jpeg\",\"width\":992,\"height\":661},{\"@type\":\"BreadcrumbList\",\"@id\":\"https:\/\/guidetogreenland.com\/da\/reserver-ferie-rejser\/privat-bad-charter-qaqortoq-sydgronland\/#breadcrumb\",\"itemListElement\":[{\"@type\":\"ListItem\",\"position\":1,\"name\":\"Home\",\"item\":\"https:\/\/guidetogreenland.com\/da\/\"},{\"@type\":\"ListItem\",\"position\":2,\"name\":\"Se alle ture\",\"item\":\"https:\/\/guidetogreenland.com\/da\/reserver-ferie-rejser\/\"},{\"@type\":\"ListItem\",\"position\":3,\"name\":\"Privat B\u00e5d Charter | Qaqortoq | Sydgr\u00f8nland\"}]},{\"@type\":\"WebSite\",\"@id\":\"https:\/\/guidetogreenland.com\/da\/#website\",\"url\":\"https:\/\/guidetogreenland.com\/da\/\",\"name\":\"Guide to Greenland\",\"description\":\"Largest selection of tours in Greenland\",\"potentialAction\":[{\"@type\":\"SearchAction\",\"target\":{\"@type\":\"EntryPoint\",\"urlTemplate\":\"https:\/\/guidetogreenland.com\/da\/?s={search_term_string}\"},\"query-input\":{\"@type\":\"PropertyValueSpecification\",\"valueRequired\":true,\"valueName\":\"search_term_string\"}}],\"inLanguage\":\"da-DK\"}]}<\/script>\n<!-- \/ Yoast SEO plugin. -->","yoast_head_json":{"title":"Privat B\u00e5d Charter | Qaqortoq | Sydgr\u00f8nland | Guide to Greenland","description":"Tilrettel\u00e6gge din b\u00e5dtur fra Qaqortoq. Du bestemmer selv, om du vil se isbjerge, gr\u00f8nlandske vildedyr, indlandsisen eller det hele!","robots":{"index":"index","follow":"follow","max-snippet":"max-snippet:-1","max-image-preview":"max-image-preview:large","max-video-preview":"max-video-preview:-1"},"canonical":"https:\/\/guidetogreenland.com\/da\/reserver-ferie-rejser\/privat-bad-charter-qaqortoq-sydgronland\/","og_locale":"da_DK","og_type":"article","og_title":"Privat B\u00e5d Charter | Qaqortoq | Sydgr\u00f8nland | Guide to Greenland","og_description":"Tilrettel\u00e6gge din b\u00e5dtur fra Qaqortoq. Du bestemmer selv, om du vil se isbjerge, gr\u00f8nlandske vildedyr, indlandsisen eller det hele!","og_url":"https:\/\/guidetogreenland.com\/da\/reserver-ferie-rejser\/privat-bad-charter-qaqortoq-sydgronland\/","og_site_name":"Guide to Greenland","article_modified_time":"2020-11-23T14:28:09+00:00","og_image":[{"width":992,"height":661,"url":"https:\/\/guidetogreenland.com\/wp-content\/uploads\/2020\/05\/Pay-by-the-Hour-Private-Charter-Qaqortoq-South-Greenland-Guide-to-Greenland4.jpeg","type":"image\/jpeg"}],"twitter_card":"summary_large_image","twitter_misc":{"Estimeret l\u00e6setid":"1 minut"},"schema":{"@context":"https:\/\/schema.org","@graph":[{"@type":"WebPage","@id":"https:\/\/guidetogreenland.com\/da\/reserver-ferie-rejser\/privat-bad-charter-qaqortoq-sydgronland\/","url":"https:\/\/guidetogreenland.com\/da\/reserver-ferie-rejser\/privat-bad-charter-qaqortoq-sydgronland\/","name":"Privat B\u00e5d Charter | Qaqortoq | Sydgr\u00f8nland | Guide to Greenland","isPartOf":{"@id":"https:\/\/guidetogreenland.com\/da\/#website"},"primaryImageOfPage":{"@id":"https:\/\/guidetogreenland.com\/da\/reserver-ferie-rejser\/privat-bad-charter-qaqortoq-sydgronland\/#primaryimage"},"image":{"@id":"https:\/\/guidetogreenland.com\/da\/reserver-ferie-rejser\/privat-bad-charter-qaqortoq-sydgronland\/#primaryimage"},"thumbnailUrl":"https:\/\/guidetogreenland.com\/wp-content\/uploads\/2020\/05\/Pay-by-the-Hour-Private-Charter-Qaqortoq-South-Greenland-Guide-to-Greenland4.jpeg","datePublished":"2020-05-25T16:35:52+00:00","dateModified":"2020-11-23T14:28:09+00:00","description":"Tilrettel\u00e6gge din b\u00e5dtur fra Qaqortoq. Du bestemmer selv, om du vil se isbjerge, gr\u00f8nlandske vildedyr, indlandsisen eller det hele!","breadcrumb":{"@id":"https:\/\/guidetogreenland.com\/da\/reserver-ferie-rejser\/privat-bad-charter-qaqortoq-sydgronland\/#breadcrumb"},"inLanguage":"da-DK","potentialAction":[{"@type":"ReadAction","target":["https:\/\/guidetogreenland.com\/da\/reserver-ferie-rejser\/privat-bad-charter-qaqortoq-sydgronland\/"]}]},{"@type":"ImageObject","inLanguage":"da-DK","@id":"https:\/\/guidetogreenland.com\/da\/reserver-ferie-rejser\/privat-bad-charter-qaqortoq-sydgronland\/#primaryimage","url":"https:\/\/guidetogreenland.com\/wp-content\/uploads\/2020\/05\/Pay-by-the-Hour-Private-Charter-Qaqortoq-South-Greenland-Guide-to-Greenland4.jpeg","contentUrl":"https:\/\/guidetogreenland.com\/wp-content\/uploads\/2020\/05\/Pay-by-the-Hour-Private-Charter-Qaqortoq-South-Greenland-Guide-to-Greenland4.jpeg","width":992,"height":661},{"@type":"BreadcrumbList","@id":"https:\/\/guidetogreenland.com\/da\/reserver-ferie-rejser\/privat-bad-charter-qaqortoq-sydgronland\/#breadcrumb","itemListElement":[{"@type":"ListItem","position":1,"name":"Home","item":"https:\/\/guidetogreenland.com\/da\/"},{"@type":"ListItem","position":2,"name":"Se alle ture","item":"https:\/\/guidetogreenland.com\/da\/reserver-ferie-rejser\/"},{"@type":"ListItem","position":3,"name":"Privat B\u00e5d Charter | Qaqortoq | Sydgr\u00f8nland"}]},{"@type":"WebSite","@id":"https:\/\/guidetogreenland.com\/da\/#website","url":"https:\/\/guidetogreenland.com\/da\/","name":"Guide to Greenland","description":"Largest selection of tours in Greenland","potentialAction":[{"@type":"SearchAction","target":{"@type":"EntryPoint","urlTemplate":"https:\/\/guidetogreenland.com\/da\/?s={search_term_string}"},"query-input":{"@type":"PropertyValueSpecification","valueRequired":true,"valueName":"search_term_string"}}],"inLanguage":"da-DK"}]}},"_links":{"self":[{"href":"https:\/\/guidetogreenland.com\/da\/wp-json\/wp\/v2\/product\/13857","targetHints":{"allow":["GET"]}}],"collection":[{"href":"https:\/\/guidetogreenland.com\/da\/wp-json\/wp\/v2\/product"}],"about":[{"href":"https:\/\/guidetogreenland.com\/da\/wp-json\/wp\/v2\/types\/product"}],"replies":[{"embeddable":true,"href":"https:\/\/guidetogreenland.com\/da\/wp-json\/wp\/v2\/comments?post=13857"}],"wp:featuredmedia":[{"embeddable":true,"href":"https:\/\/guidetogreenland.com\/da\/wp-json\/wp\/v2\/media\/13859"}],"wp:attachment":[{"href":"https:\/\/guidetogreenland.com\/da\/wp-json\/wp\/v2\/media?parent=13857"}],"wp:term":[{"taxonomy":"product_brand","embeddable":true,"href":"https:\/\/guidetogreenland.com\/da\/wp-json\/wp\/v2\/product_brand?post=13857"},{"taxonomy":"product_cat","embeddable":true,"href":"https:\/\/guidetogreenland.com\/da\/wp-json\/wp\/v2\/product_cat?post=13857"},{"taxonomy":"product_tag","embeddable":true,"href":"https:\/\/guidetogreenland.com\/da\/wp-json\/wp\/v2\/product_tag?post=13857"}],"curies":[{"name":"wp","href":"https:\/\/api.w.org\/{rel}","templated":true}]}}