{"id":13870,"date":"2020-05-19T15:46:19","date_gmt":"2020-05-19T15:46:19","guid":{"rendered":"https:\/\/guidetogreenland.com\/book-trips-holiday\/the-abandoned-settlement-of-kangeq-the-island-of-hope-nuuk\/"},"modified":"2025-08-11T03:22:56","modified_gmt":"2025-08-11T06:22:56","slug":"kangeq-den-forladte-bygd-og-haabets-oe-nuuk","status":"publish","type":"product","link":"https:\/\/guidetogreenland.com\/da\/reserver-ferie-rejser\/kangeq-den-forladte-bygd-habets-o-nuuk\/","title":{"rendered":"Kangeq, den forladte bygd &#038; H\u00e5bets \u00d8 | Nuuk"},"content":{"rendered":"<div class=\"x-2ruu7e ewhm0490\">\n<div class=\"x-sqsvwz e1hc7val2\">\n<div class=\"x-13o7eu2 e1imf5dp1\">\n<div class=\"x-v4fa7v e1uuu2lt0\">\n<div class=\"x-7xwfhm e1imf5dp0\">\n<p class=\"e1imf5dp0 x-jm2771\">Er du interesseret i Gr\u00f8nlands koloniale historie, og har du lyst til at se hvordan en lille gr\u00f8nlandsk bygd s\u00e5 ud? S\u00e5 tag med p\u00e5 denne 3-timers udflugt til den nu efterladte bygd Kangeq og til den f\u00f8rste bygd i Gr\u00f8nland &#8211; H\u00e5bets \u00d8.<\/p>\n<section class=\"has_eae_slider elementor-element elementor-element-06d4439 elementor-section-boxed elementor-section-height-default elementor-section-height-default elementor-section elementor-top-section\" data-id=\"06d4439\" data-element_type=\"section\">\n<div class=\"elementor-container elementor-column-gap-default\">\n<div class=\"elementor-row\">\n<div class=\"has_eae_slider elementor-element elementor-element-2603bcb elementor-column elementor-col-100 elementor-top-column\" data-id=\"2603bcb\" data-element_type=\"column\">\n<div class=\"elementor-column-wrap elementor-element-populated\">\n<div class=\"elementor-widget-wrap\">\n<div class=\"elementor-element elementor-element-78237a3 elementor-widget elementor-widget-woocommerce-product-data-tabs\" data-id=\"78237a3\" data-element_type=\"widget\" data-widget_type=\"woocommerce-product-data-tabs.default\">\n<div class=\"elementor-widget-container\">\n<div class=\"woocommerce-tabs wc-tabs-wrapper\">\n<div id=\"tab-description\" class=\"woocommerce-Tabs-panel woocommerce-Tabs-panel--description panel entry-content wc-tab\" role=\"tabpanel\" aria-labelledby=\"tab-title-description\">\n<p>Med afgang fra havnen, vil du sejle 30-45 minuter i en lukket, komfortabel opvarmet b\u00e5d indtil du ankommer til Kangeq. Denne tidligere fisker og hvalfanger bygd blev forladt i 1970&#8217;erne som en del af statsmagtens urbaniserings plan. Bygden er n\u00e6sten ikke blevet r\u00f8rt siden, og du kan derfor f\u00e5 en god fornemmelse af de h\u00e5rde betingelser for at leve i bygderne i de tidlige 1900&#8217;er, ved at udforske de langsomt smuldrene bygninger.<\/p>\n<p>Du vil have omkring en time til at vandre rundt i det \u00e5bne museum af Kangeq, og forestille dig hvordan livet m\u00e5tte have v\u00e6ret f\u00f8r vi s\u00e6tter sejl mod H\u00e5bets \u00d8. H\u00e5bets \u00d8 er der, hvor mission\u00e6ren Hans Egede etablerede den f\u00f8rste bygd i Gr\u00f8nland, som senere blev rykket til en mere beskyttet position, som er der hvor byen Nuuk nu er.<\/p>\n<p>Vi vil sejle rundt om denne historisk vigtige \u00f8 i munden af Nuuk Fjord, inden vi vender tilbage til hovedstaden.<\/p>\n<p>Sn\u00f8r dine vandresko og find din vandrestav frem, for at f\u00e5 et glimt af den gr\u00f8nlandske historie og udforsk Kangeq! Tjek muligheden for at komme afsted ved at trykke p\u00e5 &#8220;V\u00e6lg en dato&#8221; oppe til h\u00f8jre.<\/p>\n<\/div>\n<\/div>\n<\/div>\n<\/div>\n<\/div>\n<\/div>\n<\/div>\n<\/div>\n<\/div>\n<\/section>\n<\/div>\n<\/div>\n<\/div>\n<\/div>\n<\/div>\n","protected":false},"excerpt":{"rendered":"Er du interesseret i Gr\u00f8nlands koloniale historie, og har du lyst til at se hvordan en lille gr\u00f8nlandsk bygd s\u00e5 ud? S\u00e5 tag med p\u00e5 denne 3-timers udflugt til den nu efterladte bygd Kangeq og til den f\u00f8rste bygd i Gr\u00f8nland &#8211; H\u00e5bets \u00d8. Med afgang fra havnen, vil du sejle 30-45 minuter i en&#8230;","protected":false},"featured_media":13872,"comment_status":"open","ping_status":"closed","template":"","meta":[],"product_brand":[],"product_cat":[594,605,624,593,652,633],"product_tag":[893],"class_list":{"0":"post-13870","1":"product","2":"type-product","3":"status-publish","4":"has-post-thumbnail","6":"product_cat-baadture","7":"product_cat-dagsture-om-sommeren","8":"product_cat-historiske-ture","9":"product_cat-oplevelser-i-groenland","10":"product_cat-ture-i-nuuk","11":"product_cat-vestgroenland","12":"product_tag-nuuk-da","13":"pa_activities-baadtur","14":"pa_activities-bygdebesoeg","15":"pa_attractions-kangeq","16":"pa_attractions-nuuk-fjord","17":"pa_available-month-maj","18":"pa_available-month-juni","19":"pa_available-month-juli","20":"pa_available-month-august","21":"pa_available-month-september","22":"pa_available-month-oktober","23":"pa_destinations-nuuk","24":"pa_difficulty-let","25":"pa_duration-3-timer","26":"pa_tour-type-dagsture","27":"yith_shop_vendor-nuuk-water-taxi-da","29":"first","30":"instock","31":"virtual","32":"sold-individually","33":"purchasable","34":"product-type-booking"},"acf":[],"yoast_head":"<!-- This site is optimized with the Yoast SEO plugin v25.6 - https:\/\/yoast.com\/wordpress\/plugins\/seo\/ -->\n<title>Kangeq, den forladte bygd &amp; H\u00e5bets \u00d8 | Nuuk | Guide to Greenland<\/title>\n<meta name=\"description\" content=\"L\u00e6r om den koloniale bos\u00e6ttelse i Gr\u00f8nland p\u00e5 denne 3-timers b\u00e5d tur til den forladte bygd, Kangeq. For booking og mere information klik her.\" \/>\n<meta name=\"robots\" content=\"index, follow, max-snippet:-1, max-image-preview:large, max-video-preview:-1\" \/>\n<link rel=\"canonical\" href=\"https:\/\/guidetogreenland.com\/da\/reserver-ferie-rejser\/kangeq-den-forladte-bygd-habets-o-nuuk\/\" \/>\n<meta property=\"og:locale\" content=\"da_DK\" \/>\n<meta property=\"og:type\" content=\"article\" \/>\n<meta property=\"og:title\" content=\"Kangeq, den forladte bygd &amp; H\u00e5bets \u00d8 | Nuuk | Guide to Greenland\" \/>\n<meta property=\"og:description\" content=\"L\u00e6r om den koloniale bos\u00e6ttelse i Gr\u00f8nland p\u00e5 denne 3-timers b\u00e5d tur til den forladte bygd, Kangeq. For booking og mere information klik her.\" \/>\n<meta property=\"og:url\" content=\"https:\/\/guidetogreenland.com\/da\/reserver-ferie-rejser\/kangeq-den-forladte-bygd-habets-o-nuuk\/\" \/>\n<meta property=\"og:site_name\" content=\"Guide to Greenland\" \/>\n<meta property=\"article:modified_time\" content=\"2025-08-11T06:22:56+00:00\" \/>\n<meta property=\"og:image\" content=\"https:\/\/guidetogreenland.com\/wp-content\/uploads\/2020\/05\/the-abandoned-settlement-of-kangeq-the-island-of-hope-nuuk-Guide-to-Greenland11.jpg\" \/>\n\t<meta property=\"og:image:width\" content=\"926\" \/>\n\t<meta property=\"og:image:height\" content=\"1157\" \/>\n\t<meta property=\"og:image:type\" content=\"image\/jpeg\" \/>\n<meta name=\"twitter:card\" content=\"summary_large_image\" \/>\n<meta name=\"twitter:label1\" content=\"Estimeret l\u00e6setid\" \/>\n\t<meta name=\"twitter:data1\" content=\"1 minut\" \/>\n<script type=\"application\/ld+json\" class=\"yoast-schema-graph\">{\"@context\":\"https:\/\/schema.org\",\"@graph\":[{\"@type\":\"WebPage\",\"@id\":\"https:\/\/guidetogreenland.com\/da\/reserver-ferie-rejser\/kangeq-den-forladte-bygd-habets-o-nuuk\/\",\"url\":\"https:\/\/guidetogreenland.com\/da\/reserver-ferie-rejser\/kangeq-den-forladte-bygd-habets-o-nuuk\/\",\"name\":\"Kangeq, den forladte bygd & H\u00e5bets \u00d8 | Nuuk | Guide to Greenland\",\"isPartOf\":{\"@id\":\"https:\/\/guidetogreenland.com\/da\/#website\"},\"primaryImageOfPage\":{\"@id\":\"https:\/\/guidetogreenland.com\/da\/reserver-ferie-rejser\/kangeq-den-forladte-bygd-habets-o-nuuk\/#primaryimage\"},\"image\":{\"@id\":\"https:\/\/guidetogreenland.com\/da\/reserver-ferie-rejser\/kangeq-den-forladte-bygd-habets-o-nuuk\/#primaryimage\"},\"thumbnailUrl\":\"https:\/\/guidetogreenland.com\/wp-content\/uploads\/2020\/05\/the-abandoned-settlement-of-kangeq-the-island-of-hope-nuuk-Guide-to-Greenland11.jpg\",\"datePublished\":\"2020-05-19T15:46:19+00:00\",\"dateModified\":\"2025-08-11T06:22:56+00:00\",\"description\":\"L\u00e6r om den koloniale bos\u00e6ttelse i Gr\u00f8nland p\u00e5 denne 3-timers b\u00e5d tur til den forladte bygd, Kangeq. For booking og mere information klik her.\",\"breadcrumb\":{\"@id\":\"https:\/\/guidetogreenland.com\/da\/reserver-ferie-rejser\/kangeq-den-forladte-bygd-habets-o-nuuk\/#breadcrumb\"},\"inLanguage\":\"da-DK\",\"potentialAction\":[{\"@type\":\"ReadAction\",\"target\":[\"https:\/\/guidetogreenland.com\/da\/reserver-ferie-rejser\/kangeq-den-forladte-bygd-habets-o-nuuk\/\"]}]},{\"@type\":\"ImageObject\",\"inLanguage\":\"da-DK\",\"@id\":\"https:\/\/guidetogreenland.com\/da\/reserver-ferie-rejser\/kangeq-den-forladte-bygd-habets-o-nuuk\/#primaryimage\",\"url\":\"https:\/\/guidetogreenland.com\/wp-content\/uploads\/2020\/05\/the-abandoned-settlement-of-kangeq-the-island-of-hope-nuuk-Guide-to-Greenland11.jpg\",\"contentUrl\":\"https:\/\/guidetogreenland.com\/wp-content\/uploads\/2020\/05\/the-abandoned-settlement-of-kangeq-the-island-of-hope-nuuk-Guide-to-Greenland11.jpg\",\"width\":926,\"height\":1157},{\"@type\":\"BreadcrumbList\",\"@id\":\"https:\/\/guidetogreenland.com\/da\/reserver-ferie-rejser\/kangeq-den-forladte-bygd-habets-o-nuuk\/#breadcrumb\",\"itemListElement\":[{\"@type\":\"ListItem\",\"position\":1,\"name\":\"Home\",\"item\":\"https:\/\/guidetogreenland.com\/da\/\"},{\"@type\":\"ListItem\",\"position\":2,\"name\":\"Se alle ture\",\"item\":\"https:\/\/guidetogreenland.com\/da\/reserver-ferie-rejser\/\"},{\"@type\":\"ListItem\",\"position\":3,\"name\":\"Kangeq, den forladte bygd &#038; H\u00e5bets \u00d8 | Nuuk\"}]},{\"@type\":\"WebSite\",\"@id\":\"https:\/\/guidetogreenland.com\/da\/#website\",\"url\":\"https:\/\/guidetogreenland.com\/da\/\",\"name\":\"Guide to Greenland\",\"description\":\"Largest selection of tours in Greenland\",\"potentialAction\":[{\"@type\":\"SearchAction\",\"target\":{\"@type\":\"EntryPoint\",\"urlTemplate\":\"https:\/\/guidetogreenland.com\/da\/?s={search_term_string}\"},\"query-input\":{\"@type\":\"PropertyValueSpecification\",\"valueRequired\":true,\"valueName\":\"search_term_string\"}}],\"inLanguage\":\"da-DK\"}]}<\/script>\n<!-- \/ Yoast SEO plugin. -->","yoast_head_json":{"title":"Kangeq, den forladte bygd & H\u00e5bets \u00d8 | Nuuk | Guide to Greenland","description":"L\u00e6r om den koloniale bos\u00e6ttelse i Gr\u00f8nland p\u00e5 denne 3-timers b\u00e5d tur til den forladte bygd, Kangeq. For booking og mere information klik her.","robots":{"index":"index","follow":"follow","max-snippet":"max-snippet:-1","max-image-preview":"max-image-preview:large","max-video-preview":"max-video-preview:-1"},"canonical":"https:\/\/guidetogreenland.com\/da\/reserver-ferie-rejser\/kangeq-den-forladte-bygd-habets-o-nuuk\/","og_locale":"da_DK","og_type":"article","og_title":"Kangeq, den forladte bygd & H\u00e5bets \u00d8 | Nuuk | Guide to Greenland","og_description":"L\u00e6r om den koloniale bos\u00e6ttelse i Gr\u00f8nland p\u00e5 denne 3-timers b\u00e5d tur til den forladte bygd, Kangeq. For booking og mere information klik her.","og_url":"https:\/\/guidetogreenland.com\/da\/reserver-ferie-rejser\/kangeq-den-forladte-bygd-habets-o-nuuk\/","og_site_name":"Guide to Greenland","article_modified_time":"2025-08-11T06:22:56+00:00","og_image":[{"width":926,"height":1157,"url":"https:\/\/guidetogreenland.com\/wp-content\/uploads\/2020\/05\/the-abandoned-settlement-of-kangeq-the-island-of-hope-nuuk-Guide-to-Greenland11.jpg","type":"image\/jpeg"}],"twitter_card":"summary_large_image","twitter_misc":{"Estimeret l\u00e6setid":"1 minut"},"schema":{"@context":"https:\/\/schema.org","@graph":[{"@type":"WebPage","@id":"https:\/\/guidetogreenland.com\/da\/reserver-ferie-rejser\/kangeq-den-forladte-bygd-habets-o-nuuk\/","url":"https:\/\/guidetogreenland.com\/da\/reserver-ferie-rejser\/kangeq-den-forladte-bygd-habets-o-nuuk\/","name":"Kangeq, den forladte bygd & H\u00e5bets \u00d8 | Nuuk | Guide to Greenland","isPartOf":{"@id":"https:\/\/guidetogreenland.com\/da\/#website"},"primaryImageOfPage":{"@id":"https:\/\/guidetogreenland.com\/da\/reserver-ferie-rejser\/kangeq-den-forladte-bygd-habets-o-nuuk\/#primaryimage"},"image":{"@id":"https:\/\/guidetogreenland.com\/da\/reserver-ferie-rejser\/kangeq-den-forladte-bygd-habets-o-nuuk\/#primaryimage"},"thumbnailUrl":"https:\/\/guidetogreenland.com\/wp-content\/uploads\/2020\/05\/the-abandoned-settlement-of-kangeq-the-island-of-hope-nuuk-Guide-to-Greenland11.jpg","datePublished":"2020-05-19T15:46:19+00:00","dateModified":"2025-08-11T06:22:56+00:00","description":"L\u00e6r om den koloniale bos\u00e6ttelse i Gr\u00f8nland p\u00e5 denne 3-timers b\u00e5d tur til den forladte bygd, Kangeq. For booking og mere information klik her.","breadcrumb":{"@id":"https:\/\/guidetogreenland.com\/da\/reserver-ferie-rejser\/kangeq-den-forladte-bygd-habets-o-nuuk\/#breadcrumb"},"inLanguage":"da-DK","potentialAction":[{"@type":"ReadAction","target":["https:\/\/guidetogreenland.com\/da\/reserver-ferie-rejser\/kangeq-den-forladte-bygd-habets-o-nuuk\/"]}]},{"@type":"ImageObject","inLanguage":"da-DK","@id":"https:\/\/guidetogreenland.com\/da\/reserver-ferie-rejser\/kangeq-den-forladte-bygd-habets-o-nuuk\/#primaryimage","url":"https:\/\/guidetogreenland.com\/wp-content\/uploads\/2020\/05\/the-abandoned-settlement-of-kangeq-the-island-of-hope-nuuk-Guide-to-Greenland11.jpg","contentUrl":"https:\/\/guidetogreenland.com\/wp-content\/uploads\/2020\/05\/the-abandoned-settlement-of-kangeq-the-island-of-hope-nuuk-Guide-to-Greenland11.jpg","width":926,"height":1157},{"@type":"BreadcrumbList","@id":"https:\/\/guidetogreenland.com\/da\/reserver-ferie-rejser\/kangeq-den-forladte-bygd-habets-o-nuuk\/#breadcrumb","itemListElement":[{"@type":"ListItem","position":1,"name":"Home","item":"https:\/\/guidetogreenland.com\/da\/"},{"@type":"ListItem","position":2,"name":"Se alle ture","item":"https:\/\/guidetogreenland.com\/da\/reserver-ferie-rejser\/"},{"@type":"ListItem","position":3,"name":"Kangeq, den forladte bygd &#038; H\u00e5bets \u00d8 | Nuuk"}]},{"@type":"WebSite","@id":"https:\/\/guidetogreenland.com\/da\/#website","url":"https:\/\/guidetogreenland.com\/da\/","name":"Guide to Greenland","description":"Largest selection of tours in Greenland","potentialAction":[{"@type":"SearchAction","target":{"@type":"EntryPoint","urlTemplate":"https:\/\/guidetogreenland.com\/da\/?s={search_term_string}"},"query-input":{"@type":"PropertyValueSpecification","valueRequired":true,"valueName":"search_term_string"}}],"inLanguage":"da-DK"}]}},"_links":{"self":[{"href":"https:\/\/guidetogreenland.com\/da\/wp-json\/wp\/v2\/product\/13870","targetHints":{"allow":["GET"]}}],"collection":[{"href":"https:\/\/guidetogreenland.com\/da\/wp-json\/wp\/v2\/product"}],"about":[{"href":"https:\/\/guidetogreenland.com\/da\/wp-json\/wp\/v2\/types\/product"}],"replies":[{"embeddable":true,"href":"https:\/\/guidetogreenland.com\/da\/wp-json\/wp\/v2\/comments?post=13870"}],"wp:featuredmedia":[{"embeddable":true,"href":"https:\/\/guidetogreenland.com\/da\/wp-json\/wp\/v2\/media\/13872"}],"wp:attachment":[{"href":"https:\/\/guidetogreenland.com\/da\/wp-json\/wp\/v2\/media?parent=13870"}],"wp:term":[{"taxonomy":"product_brand","embeddable":true,"href":"https:\/\/guidetogreenland.com\/da\/wp-json\/wp\/v2\/product_brand?post=13870"},{"taxonomy":"product_cat","embeddable":true,"href":"https:\/\/guidetogreenland.com\/da\/wp-json\/wp\/v2\/product_cat?post=13870"},{"taxonomy":"product_tag","embeddable":true,"href":"https:\/\/guidetogreenland.com\/da\/wp-json\/wp\/v2\/product_tag?post=13870"}],"curies":[{"name":"wp","href":"https:\/\/api.w.org\/{rel}","templated":true}]}}