{"id":13879,"date":"2020-05-18T13:38:55","date_gmt":"2020-05-18T13:38:55","guid":{"rendered":"https:\/\/guidetogreenland.com\/book-trips-holiday\/pay-by-the-hour-private-charter-boat-tour-nuuk\/"},"modified":"2024-08-30T17:40:00","modified_gmt":"2024-08-30T20:40:00","slug":"betal-per-time-private-charter-boat-tour-nuuk","status":"publish","type":"product","link":"https:\/\/guidetogreenland.com\/da\/reserver-ferie-rejser\/betal-per-time-privat-charter-nuuk\/","title":{"rendered":"Betal Per Time Privat Charter | Nuuk"},"content":{"rendered":"<p class=\"x-18pep25\">Rejs det gr\u00f8nlandske hav med en erfaren kaptajn. De specialiserer sig med privat b\u00e5d charter for dig og dine medrejsende. Mulighederne er endel\u00f8se, n\u00e5r det g\u00e6lder eventyr til s\u00f8s. det er en effektiv transportmiddel, for alle ture, filmhold, fotografer, passagerer, fragt, videnskabs hold, fund af mineraler og mere.<\/p>\n<p>Turen foreg\u00e5r p\u00e5 en &#8220;Ice Force Two&#8221;. Denne tur foreg\u00e5r p\u00e5 &#8220;Ice Force One&#8221;- en Targa 25.1 b\u00e5d, specielt egnet til de gr\u00f8nlandske forhold der kan h\u00e6nde.<\/p>\n<p>&nbsp;<\/p>\n","protected":false},"excerpt":{"rendered":"Rejs det gr\u00f8nlandske hav med en erfaren kaptajn. De specialiserer sig med privat b\u00e5d charter for dig og dine medrejsende. Mulighederne er endel\u00f8se, n\u00e5r det g\u00e6lder eventyr til s\u00f8s. det er en effektiv transportmiddel, for alle ture, filmhold, fotografer, passagerer, fragt, videnskabs hold, fund af mineraler og mere. Turen foreg\u00e5r p\u00e5 en &#8220;Ice Force Two&#8221;&#8230;.","protected":false},"featured_media":13881,"comment_status":"open","ping_status":"closed","template":"","meta":[],"product_brand":[],"product_cat":[594,621,605,593,627,643,652,633],"product_tag":[893],"class_list":{"0":"post-13879","1":"product","2":"type-product","3":"status-publish","4":"has-post-thumbnail","6":"product_cat-baadture","7":"product_cat-charterture","8":"product_cat-dagsture-om-sommeren","9":"product_cat-oplevelser-i-groenland","10":"product_cat-ture-i-bestemte-omraader","11":"product_cat-ture-i-hver-by","12":"product_cat-ture-i-nuuk","13":"product_cat-vestgroenland","14":"product_tag-nuuk-da","15":"pa_activities-baadtur","16":"pa_activities-charterrede-ture","17":"pa_attractions-nuuk-fjord","18":"pa_available-month-januar","19":"pa_available-month-februar","20":"pa_available-month-marts","21":"pa_available-month-april","22":"pa_available-month-maj","23":"pa_available-month-juni","24":"pa_available-month-juli","25":"pa_available-month-august","26":"pa_available-month-september","27":"pa_available-month-oktober","28":"pa_available-month-november","29":"pa_available-month-december","30":"pa_destinations-nuuk","31":"pa_difficulty-let","32":"pa_duration-3-timer","33":"pa_tour-type-dagsture","34":"yith_shop_vendor-nuuk-water-taxi-da","35":"yith_booking_service-additional-charter-hour-in-nuuk-2490-dkk","37":"first","38":"instock","39":"virtual","40":"sold-individually","41":"purchasable","42":"product-type-booking"},"acf":[],"yoast_head":"<!-- This site is optimized with the Yoast SEO plugin v25.6 - https:\/\/yoast.com\/wordpress\/plugins\/seo\/ -->\n<title>Betal Per Time Privat Charter | Nuuk | Guide to Greenland<\/title>\n<meta name=\"description\" content=\"Tilrettel\u00e6gge din egen tur fra Nuuk. Du bestemmer selv, om du vil se isbjerge, gr\u00f8nlandske vilde dyr, indlandsisen eller det hele!\" \/>\n<meta name=\"robots\" content=\"index, follow, max-snippet:-1, max-image-preview:large, max-video-preview:-1\" \/>\n<link rel=\"canonical\" href=\"https:\/\/guidetogreenland.com\/da\/reserver-ferie-rejser\/betal-per-time-privat-charter-nuuk\/\" \/>\n<meta property=\"og:locale\" content=\"da_DK\" \/>\n<meta property=\"og:type\" content=\"article\" \/>\n<meta property=\"og:title\" content=\"Betal Per Time Privat Charter | Nuuk | Guide to Greenland\" \/>\n<meta property=\"og:description\" content=\"Tilrettel\u00e6gge din egen tur fra Nuuk. Du bestemmer selv, om du vil se isbjerge, gr\u00f8nlandske vilde dyr, indlandsisen eller det hele!\" \/>\n<meta property=\"og:url\" content=\"https:\/\/guidetogreenland.com\/da\/reserver-ferie-rejser\/betal-per-time-privat-charter-nuuk\/\" \/>\n<meta property=\"og:site_name\" content=\"Guide to Greenland\" \/>\n<meta property=\"article:modified_time\" content=\"2024-08-30T20:40:00+00:00\" \/>\n<meta property=\"og:image\" content=\"https:\/\/guidetogreenland.com\/wp-content\/uploads\/2020\/05\/pay-by-the-hour-private-charter-boat-tour-nuuk-Guide-to-Greenland13-1.jpg\" \/>\n\t<meta property=\"og:image:width\" content=\"926\" \/>\n\t<meta property=\"og:image:height\" content=\"618\" \/>\n\t<meta property=\"og:image:type\" content=\"image\/jpeg\" \/>\n<meta name=\"twitter:card\" content=\"summary_large_image\" \/>\n<meta name=\"twitter:label1\" content=\"Estimeret l\u00e6setid\" \/>\n\t<meta name=\"twitter:data1\" content=\"1 minut\" \/>\n<script type=\"application\/ld+json\" class=\"yoast-schema-graph\">{\"@context\":\"https:\/\/schema.org\",\"@graph\":[{\"@type\":\"WebPage\",\"@id\":\"https:\/\/guidetogreenland.com\/da\/reserver-ferie-rejser\/betal-per-time-privat-charter-nuuk\/\",\"url\":\"https:\/\/guidetogreenland.com\/da\/reserver-ferie-rejser\/betal-per-time-privat-charter-nuuk\/\",\"name\":\"Betal Per Time Privat Charter | Nuuk | Guide to Greenland\",\"isPartOf\":{\"@id\":\"https:\/\/guidetogreenland.com\/da\/#website\"},\"primaryImageOfPage\":{\"@id\":\"https:\/\/guidetogreenland.com\/da\/reserver-ferie-rejser\/betal-per-time-privat-charter-nuuk\/#primaryimage\"},\"image\":{\"@id\":\"https:\/\/guidetogreenland.com\/da\/reserver-ferie-rejser\/betal-per-time-privat-charter-nuuk\/#primaryimage\"},\"thumbnailUrl\":\"https:\/\/guidetogreenland.com\/wp-content\/uploads\/2020\/05\/pay-by-the-hour-private-charter-boat-tour-nuuk-Guide-to-Greenland13-1.jpg\",\"datePublished\":\"2020-05-18T13:38:55+00:00\",\"dateModified\":\"2024-08-30T20:40:00+00:00\",\"description\":\"Tilrettel\u00e6gge din egen tur fra Nuuk. Du bestemmer selv, om du vil se isbjerge, gr\u00f8nlandske vilde dyr, indlandsisen eller det hele!\",\"breadcrumb\":{\"@id\":\"https:\/\/guidetogreenland.com\/da\/reserver-ferie-rejser\/betal-per-time-privat-charter-nuuk\/#breadcrumb\"},\"inLanguage\":\"da-DK\",\"potentialAction\":[{\"@type\":\"ReadAction\",\"target\":[\"https:\/\/guidetogreenland.com\/da\/reserver-ferie-rejser\/betal-per-time-privat-charter-nuuk\/\"]}]},{\"@type\":\"ImageObject\",\"inLanguage\":\"da-DK\",\"@id\":\"https:\/\/guidetogreenland.com\/da\/reserver-ferie-rejser\/betal-per-time-privat-charter-nuuk\/#primaryimage\",\"url\":\"https:\/\/guidetogreenland.com\/wp-content\/uploads\/2020\/05\/pay-by-the-hour-private-charter-boat-tour-nuuk-Guide-to-Greenland13-1.jpg\",\"contentUrl\":\"https:\/\/guidetogreenland.com\/wp-content\/uploads\/2020\/05\/pay-by-the-hour-private-charter-boat-tour-nuuk-Guide-to-Greenland13-1.jpg\",\"width\":926,\"height\":618},{\"@type\":\"BreadcrumbList\",\"@id\":\"https:\/\/guidetogreenland.com\/da\/reserver-ferie-rejser\/betal-per-time-privat-charter-nuuk\/#breadcrumb\",\"itemListElement\":[{\"@type\":\"ListItem\",\"position\":1,\"name\":\"Home\",\"item\":\"https:\/\/guidetogreenland.com\/da\/\"},{\"@type\":\"ListItem\",\"position\":2,\"name\":\"Se alle ture\",\"item\":\"https:\/\/guidetogreenland.com\/da\/reserver-ferie-rejser\/\"},{\"@type\":\"ListItem\",\"position\":3,\"name\":\"Betal Per Time Privat Charter | Nuuk\"}]},{\"@type\":\"WebSite\",\"@id\":\"https:\/\/guidetogreenland.com\/da\/#website\",\"url\":\"https:\/\/guidetogreenland.com\/da\/\",\"name\":\"Guide to Greenland\",\"description\":\"Largest selection of tours in Greenland\",\"potentialAction\":[{\"@type\":\"SearchAction\",\"target\":{\"@type\":\"EntryPoint\",\"urlTemplate\":\"https:\/\/guidetogreenland.com\/da\/?s={search_term_string}\"},\"query-input\":{\"@type\":\"PropertyValueSpecification\",\"valueRequired\":true,\"valueName\":\"search_term_string\"}}],\"inLanguage\":\"da-DK\"}]}<\/script>\n<!-- \/ Yoast SEO plugin. -->","yoast_head_json":{"title":"Betal Per Time Privat Charter | Nuuk | Guide to Greenland","description":"Tilrettel\u00e6gge din egen tur fra Nuuk. Du bestemmer selv, om du vil se isbjerge, gr\u00f8nlandske vilde dyr, indlandsisen eller det hele!","robots":{"index":"index","follow":"follow","max-snippet":"max-snippet:-1","max-image-preview":"max-image-preview:large","max-video-preview":"max-video-preview:-1"},"canonical":"https:\/\/guidetogreenland.com\/da\/reserver-ferie-rejser\/betal-per-time-privat-charter-nuuk\/","og_locale":"da_DK","og_type":"article","og_title":"Betal Per Time Privat Charter | Nuuk | Guide to Greenland","og_description":"Tilrettel\u00e6gge din egen tur fra Nuuk. Du bestemmer selv, om du vil se isbjerge, gr\u00f8nlandske vilde dyr, indlandsisen eller det hele!","og_url":"https:\/\/guidetogreenland.com\/da\/reserver-ferie-rejser\/betal-per-time-privat-charter-nuuk\/","og_site_name":"Guide to Greenland","article_modified_time":"2024-08-30T20:40:00+00:00","og_image":[{"width":926,"height":618,"url":"https:\/\/guidetogreenland.com\/wp-content\/uploads\/2020\/05\/pay-by-the-hour-private-charter-boat-tour-nuuk-Guide-to-Greenland13-1.jpg","type":"image\/jpeg"}],"twitter_card":"summary_large_image","twitter_misc":{"Estimeret l\u00e6setid":"1 minut"},"schema":{"@context":"https:\/\/schema.org","@graph":[{"@type":"WebPage","@id":"https:\/\/guidetogreenland.com\/da\/reserver-ferie-rejser\/betal-per-time-privat-charter-nuuk\/","url":"https:\/\/guidetogreenland.com\/da\/reserver-ferie-rejser\/betal-per-time-privat-charter-nuuk\/","name":"Betal Per Time Privat Charter | Nuuk | Guide to Greenland","isPartOf":{"@id":"https:\/\/guidetogreenland.com\/da\/#website"},"primaryImageOfPage":{"@id":"https:\/\/guidetogreenland.com\/da\/reserver-ferie-rejser\/betal-per-time-privat-charter-nuuk\/#primaryimage"},"image":{"@id":"https:\/\/guidetogreenland.com\/da\/reserver-ferie-rejser\/betal-per-time-privat-charter-nuuk\/#primaryimage"},"thumbnailUrl":"https:\/\/guidetogreenland.com\/wp-content\/uploads\/2020\/05\/pay-by-the-hour-private-charter-boat-tour-nuuk-Guide-to-Greenland13-1.jpg","datePublished":"2020-05-18T13:38:55+00:00","dateModified":"2024-08-30T20:40:00+00:00","description":"Tilrettel\u00e6gge din egen tur fra Nuuk. Du bestemmer selv, om du vil se isbjerge, gr\u00f8nlandske vilde dyr, indlandsisen eller det hele!","breadcrumb":{"@id":"https:\/\/guidetogreenland.com\/da\/reserver-ferie-rejser\/betal-per-time-privat-charter-nuuk\/#breadcrumb"},"inLanguage":"da-DK","potentialAction":[{"@type":"ReadAction","target":["https:\/\/guidetogreenland.com\/da\/reserver-ferie-rejser\/betal-per-time-privat-charter-nuuk\/"]}]},{"@type":"ImageObject","inLanguage":"da-DK","@id":"https:\/\/guidetogreenland.com\/da\/reserver-ferie-rejser\/betal-per-time-privat-charter-nuuk\/#primaryimage","url":"https:\/\/guidetogreenland.com\/wp-content\/uploads\/2020\/05\/pay-by-the-hour-private-charter-boat-tour-nuuk-Guide-to-Greenland13-1.jpg","contentUrl":"https:\/\/guidetogreenland.com\/wp-content\/uploads\/2020\/05\/pay-by-the-hour-private-charter-boat-tour-nuuk-Guide-to-Greenland13-1.jpg","width":926,"height":618},{"@type":"BreadcrumbList","@id":"https:\/\/guidetogreenland.com\/da\/reserver-ferie-rejser\/betal-per-time-privat-charter-nuuk\/#breadcrumb","itemListElement":[{"@type":"ListItem","position":1,"name":"Home","item":"https:\/\/guidetogreenland.com\/da\/"},{"@type":"ListItem","position":2,"name":"Se alle ture","item":"https:\/\/guidetogreenland.com\/da\/reserver-ferie-rejser\/"},{"@type":"ListItem","position":3,"name":"Betal Per Time Privat Charter | Nuuk"}]},{"@type":"WebSite","@id":"https:\/\/guidetogreenland.com\/da\/#website","url":"https:\/\/guidetogreenland.com\/da\/","name":"Guide to Greenland","description":"Largest selection of tours in Greenland","potentialAction":[{"@type":"SearchAction","target":{"@type":"EntryPoint","urlTemplate":"https:\/\/guidetogreenland.com\/da\/?s={search_term_string}"},"query-input":{"@type":"PropertyValueSpecification","valueRequired":true,"valueName":"search_term_string"}}],"inLanguage":"da-DK"}]}},"_links":{"self":[{"href":"https:\/\/guidetogreenland.com\/da\/wp-json\/wp\/v2\/product\/13879","targetHints":{"allow":["GET"]}}],"collection":[{"href":"https:\/\/guidetogreenland.com\/da\/wp-json\/wp\/v2\/product"}],"about":[{"href":"https:\/\/guidetogreenland.com\/da\/wp-json\/wp\/v2\/types\/product"}],"replies":[{"embeddable":true,"href":"https:\/\/guidetogreenland.com\/da\/wp-json\/wp\/v2\/comments?post=13879"}],"wp:featuredmedia":[{"embeddable":true,"href":"https:\/\/guidetogreenland.com\/da\/wp-json\/wp\/v2\/media\/13881"}],"wp:attachment":[{"href":"https:\/\/guidetogreenland.com\/da\/wp-json\/wp\/v2\/media?parent=13879"}],"wp:term":[{"taxonomy":"product_brand","embeddable":true,"href":"https:\/\/guidetogreenland.com\/da\/wp-json\/wp\/v2\/product_brand?post=13879"},{"taxonomy":"product_cat","embeddable":true,"href":"https:\/\/guidetogreenland.com\/da\/wp-json\/wp\/v2\/product_cat?post=13879"},{"taxonomy":"product_tag","embeddable":true,"href":"https:\/\/guidetogreenland.com\/da\/wp-json\/wp\/v2\/product_tag?post=13879"}],"curies":[{"name":"wp","href":"https:\/\/api.w.org\/{rel}","templated":true}]}}