{"id":13894,"date":"2020-05-25T16:53:04","date_gmt":"2020-05-25T16:53:04","guid":{"rendered":"https:\/\/guidetogreenland.com\/book-trips-holiday\/photo-tour-nuuk\/"},"modified":"2024-08-07T11:19:49","modified_gmt":"2024-08-07T14:19:49","slug":"nuuk-foto-tur","status":"publish","type":"product","link":"https:\/\/guidetogreenland.com\/da\/reserver-ferie-rejser\/nuuk-fototur\/","title":{"rendered":"Nuuk Fototur"},"content":{"rendered":"<p class=\"x-18pep25\">Tag med en professionel\u00a0fotograf\u00a0ud til Nuuks smukkeste steder og maleriske landskaber. Guiden k\u00f8rer jer hen til en r\u00e6kke af steder hvor i kan fange et super billede.<\/p>\n<p class=\"x-18pep25\">Guiden hj\u00e6lper med at finde de rigtige kamera indstillinger s\u00e5 du kan tage nogle vidunderlige billeder og minder med hjem fra dit bes\u00f8g til Nuuk. Han tager dig med til nogle specielle steder og ogs\u00e5 nogle mere gemte steder som man normalt ikke ville finde p\u00e5 egen h\u00e5nd.<\/p>\n<p class=\"e1imf5dp0 x-jm2771\">Turen kan arrangeres s\u00e5dan at vi enten har fokus p\u00e5 bylivet, landskabs eller endda dyreliv, bare fort\u00e6l os hvad du s\u00f8ger og s\u00e5 kan vi tage dig til de bedste steder. <span class=\"x-12abj6v e1uuu2lt3\">For eksempel s\u00e5 kender guiden 3 fantastiske steder i byen hvor man n\u00e6sten er garanteret at se nationalfuglen, hav\u00f8rnen.<\/span><\/p>\n<p class=\"e1imf5dp0 x-jm2771\"><span class=\"x-12abj6v e1uuu2lt3\">Guiden har med sine mange \u00e5rs erfaringer kendskab til alle de hemmelige og hyggelige gemte perler, s\u00e5 du f\u00e5r det meste ud af din tid mens du er her.<\/span><\/p>\n<p class=\"e1imf5dp0 x-jm2771\"><span class=\"x-12abj6v e1uuu2lt3\">Hvis der er et specifikt omr\u00e5de du har h\u00f8rt om og gerne vil tage billeder af kan det ogs\u00e5 arrangeres.<\/span><\/p>\n<p class=\"e1imf5dp0 x-jm2771\"><span class=\"x-12abj6v e1uuu2lt3\">Byen er opdelt i nogle bydele, der hver is\u00e6r har forskellige udsigter over havet og deres egen karakteristiske tr\u00e6k i arkitekturen. Vi kommer til at pr\u00f8ve at se s\u00e5 mange af dem som muligt, med fokus p\u00e5 den \u00e6ldste og mest charmerende del af byen.<\/span><\/p>\n<p class=\"e1imf5dp0 x-jm2771\"><span class=\"x-12abj6v e1uuu2lt3\">Bare klik p\u00e5 &#8216;v\u00e6lg en dag&#8217; for oven, og find en dato der passer dig.\u00a0<\/span><\/p>\n","protected":false},"excerpt":{"rendered":"Tag med en professionel\u00a0fotograf\u00a0ud til Nuuks smukkeste steder og maleriske landskaber. Guiden k\u00f8rer jer hen til en r\u00e6kke af steder hvor i kan fange et super billede. Guiden hj\u00e6lper med at finde de rigtige kamera indstillinger s\u00e5 du kan tage nogle vidunderlige billeder og minder med hjem fra dit bes\u00f8g til Nuuk. Han tager dig&#8230;","protected":false},"featured_media":13896,"comment_status":"open","ping_status":"closed","template":"","meta":[],"product_brand":[],"product_cat":[605,606,612,593,634],"product_tag":[893],"class_list":{"0":"post-13894","1":"product","2":"type-product","3":"status-publish","4":"has-post-thumbnail","6":"product_cat-dagsture-om-sommeren","7":"product_cat-dagsture-om-vinteren","8":"product_cat-natur-og-dyreliv-i-groenland","9":"product_cat-oplevelser-i-groenland","10":"product_cat-ture-for-krydstogtgaester","11":"product_tag-nuuk-da","12":"pa_activities-byrundtur","13":"pa_activities-fototur","14":"pa_available-month-juli","15":"pa_available-month-august","16":"pa_available-month-september","17":"pa_destinations-nuuk","18":"pa_difficulty-let","19":"pa_duration-2-timer","20":"pa_tour-type-dagsture","21":"yith_shop_vendor-guide-to-greenland-da","23":"first","24":"instock","25":"virtual","26":"sold-individually","27":"purchasable","28":"product-type-booking"},"acf":[],"yoast_head":"<!-- This site is optimized with the Yoast SEO plugin v25.6 - https:\/\/yoast.com\/wordpress\/plugins\/seo\/ -->\n<title>Nuuk Fototur | Guide to Greenland<\/title>\n<meta name=\"robots\" content=\"index, follow, max-snippet:-1, max-image-preview:large, max-video-preview:-1\" \/>\n<link rel=\"canonical\" href=\"https:\/\/guidetogreenland.com\/da\/reserver-ferie-rejser\/nuuk-fototur\/\" \/>\n<meta property=\"og:locale\" content=\"da_DK\" \/>\n<meta property=\"og:type\" content=\"article\" \/>\n<meta property=\"og:title\" content=\"Nuuk Fototur | Guide to Greenland\" \/>\n<meta property=\"og:description\" content=\"Tag med en professionel\u00a0fotograf\u00a0ud til Nuuks smukkeste steder og maleriske landskaber. Guiden k\u00f8rer jer hen til en r\u00e6kke af steder hvor i kan fange et super billede. Guiden hj\u00e6lper med at finde de rigtige kamera indstillinger s\u00e5 du kan tage nogle vidunderlige billeder og minder med hjem fra dit bes\u00f8g til Nuuk. Han tager dig...\" \/>\n<meta property=\"og:url\" content=\"https:\/\/guidetogreenland.com\/da\/reserver-ferie-rejser\/nuuk-fototur\/\" \/>\n<meta property=\"og:site_name\" content=\"Guide to Greenland\" \/>\n<meta property=\"article:modified_time\" content=\"2024-08-07T14:19:49+00:00\" \/>\n<meta property=\"og:image\" content=\"https:\/\/guidetogreenland.com\/wp-content\/uploads\/2020\/05\/Photo-tour-Nuuk-Guide-to-Greenland7.jpg\" \/>\n\t<meta property=\"og:image:width\" content=\"661\" \/>\n\t<meta property=\"og:image:height\" content=\"661\" \/>\n\t<meta property=\"og:image:type\" content=\"image\/jpeg\" \/>\n<meta name=\"twitter:card\" content=\"summary_large_image\" \/>\n<meta name=\"twitter:label1\" content=\"Estimeret l\u00e6setid\" \/>\n\t<meta name=\"twitter:data1\" content=\"2 minutter\" \/>\n<script type=\"application\/ld+json\" class=\"yoast-schema-graph\">{\"@context\":\"https:\/\/schema.org\",\"@graph\":[{\"@type\":\"WebPage\",\"@id\":\"https:\/\/guidetogreenland.com\/da\/reserver-ferie-rejser\/nuuk-fototur\/\",\"url\":\"https:\/\/guidetogreenland.com\/da\/reserver-ferie-rejser\/nuuk-fototur\/\",\"name\":\"Nuuk Fototur | Guide to Greenland\",\"isPartOf\":{\"@id\":\"https:\/\/guidetogreenland.com\/da\/#website\"},\"primaryImageOfPage\":{\"@id\":\"https:\/\/guidetogreenland.com\/da\/reserver-ferie-rejser\/nuuk-fototur\/#primaryimage\"},\"image\":{\"@id\":\"https:\/\/guidetogreenland.com\/da\/reserver-ferie-rejser\/nuuk-fototur\/#primaryimage\"},\"thumbnailUrl\":\"https:\/\/guidetogreenland.com\/wp-content\/uploads\/2020\/05\/Photo-tour-Nuuk-Guide-to-Greenland7.jpg\",\"datePublished\":\"2020-05-25T16:53:04+00:00\",\"dateModified\":\"2024-08-07T14:19:49+00:00\",\"breadcrumb\":{\"@id\":\"https:\/\/guidetogreenland.com\/da\/reserver-ferie-rejser\/nuuk-fototur\/#breadcrumb\"},\"inLanguage\":\"da-DK\",\"potentialAction\":[{\"@type\":\"ReadAction\",\"target\":[\"https:\/\/guidetogreenland.com\/da\/reserver-ferie-rejser\/nuuk-fototur\/\"]}]},{\"@type\":\"ImageObject\",\"inLanguage\":\"da-DK\",\"@id\":\"https:\/\/guidetogreenland.com\/da\/reserver-ferie-rejser\/nuuk-fototur\/#primaryimage\",\"url\":\"https:\/\/guidetogreenland.com\/wp-content\/uploads\/2020\/05\/Photo-tour-Nuuk-Guide-to-Greenland7.jpg\",\"contentUrl\":\"https:\/\/guidetogreenland.com\/wp-content\/uploads\/2020\/05\/Photo-tour-Nuuk-Guide-to-Greenland7.jpg\",\"width\":661,\"height\":661},{\"@type\":\"BreadcrumbList\",\"@id\":\"https:\/\/guidetogreenland.com\/da\/reserver-ferie-rejser\/nuuk-fototur\/#breadcrumb\",\"itemListElement\":[{\"@type\":\"ListItem\",\"position\":1,\"name\":\"Home\",\"item\":\"https:\/\/guidetogreenland.com\/da\/\"},{\"@type\":\"ListItem\",\"position\":2,\"name\":\"Se alle ture\",\"item\":\"https:\/\/guidetogreenland.com\/da\/reserver-ferie-rejser\/\"},{\"@type\":\"ListItem\",\"position\":3,\"name\":\"Nuuk Fototur\"}]},{\"@type\":\"WebSite\",\"@id\":\"https:\/\/guidetogreenland.com\/da\/#website\",\"url\":\"https:\/\/guidetogreenland.com\/da\/\",\"name\":\"Guide to Greenland\",\"description\":\"Largest selection of tours in Greenland\",\"potentialAction\":[{\"@type\":\"SearchAction\",\"target\":{\"@type\":\"EntryPoint\",\"urlTemplate\":\"https:\/\/guidetogreenland.com\/da\/?s={search_term_string}\"},\"query-input\":{\"@type\":\"PropertyValueSpecification\",\"valueRequired\":true,\"valueName\":\"search_term_string\"}}],\"inLanguage\":\"da-DK\"}]}<\/script>\n<!-- \/ Yoast SEO plugin. -->","yoast_head_json":{"title":"Nuuk Fototur | Guide to Greenland","robots":{"index":"index","follow":"follow","max-snippet":"max-snippet:-1","max-image-preview":"max-image-preview:large","max-video-preview":"max-video-preview:-1"},"canonical":"https:\/\/guidetogreenland.com\/da\/reserver-ferie-rejser\/nuuk-fototur\/","og_locale":"da_DK","og_type":"article","og_title":"Nuuk Fototur | Guide to Greenland","og_description":"Tag med en professionel\u00a0fotograf\u00a0ud til Nuuks smukkeste steder og maleriske landskaber. Guiden k\u00f8rer jer hen til en r\u00e6kke af steder hvor i kan fange et super billede. Guiden hj\u00e6lper med at finde de rigtige kamera indstillinger s\u00e5 du kan tage nogle vidunderlige billeder og minder med hjem fra dit bes\u00f8g til Nuuk. Han tager dig...","og_url":"https:\/\/guidetogreenland.com\/da\/reserver-ferie-rejser\/nuuk-fototur\/","og_site_name":"Guide to Greenland","article_modified_time":"2024-08-07T14:19:49+00:00","og_image":[{"width":661,"height":661,"url":"https:\/\/guidetogreenland.com\/wp-content\/uploads\/2020\/05\/Photo-tour-Nuuk-Guide-to-Greenland7.jpg","type":"image\/jpeg"}],"twitter_card":"summary_large_image","twitter_misc":{"Estimeret l\u00e6setid":"2 minutter"},"schema":{"@context":"https:\/\/schema.org","@graph":[{"@type":"WebPage","@id":"https:\/\/guidetogreenland.com\/da\/reserver-ferie-rejser\/nuuk-fototur\/","url":"https:\/\/guidetogreenland.com\/da\/reserver-ferie-rejser\/nuuk-fototur\/","name":"Nuuk Fototur | Guide to Greenland","isPartOf":{"@id":"https:\/\/guidetogreenland.com\/da\/#website"},"primaryImageOfPage":{"@id":"https:\/\/guidetogreenland.com\/da\/reserver-ferie-rejser\/nuuk-fototur\/#primaryimage"},"image":{"@id":"https:\/\/guidetogreenland.com\/da\/reserver-ferie-rejser\/nuuk-fototur\/#primaryimage"},"thumbnailUrl":"https:\/\/guidetogreenland.com\/wp-content\/uploads\/2020\/05\/Photo-tour-Nuuk-Guide-to-Greenland7.jpg","datePublished":"2020-05-25T16:53:04+00:00","dateModified":"2024-08-07T14:19:49+00:00","breadcrumb":{"@id":"https:\/\/guidetogreenland.com\/da\/reserver-ferie-rejser\/nuuk-fototur\/#breadcrumb"},"inLanguage":"da-DK","potentialAction":[{"@type":"ReadAction","target":["https:\/\/guidetogreenland.com\/da\/reserver-ferie-rejser\/nuuk-fototur\/"]}]},{"@type":"ImageObject","inLanguage":"da-DK","@id":"https:\/\/guidetogreenland.com\/da\/reserver-ferie-rejser\/nuuk-fototur\/#primaryimage","url":"https:\/\/guidetogreenland.com\/wp-content\/uploads\/2020\/05\/Photo-tour-Nuuk-Guide-to-Greenland7.jpg","contentUrl":"https:\/\/guidetogreenland.com\/wp-content\/uploads\/2020\/05\/Photo-tour-Nuuk-Guide-to-Greenland7.jpg","width":661,"height":661},{"@type":"BreadcrumbList","@id":"https:\/\/guidetogreenland.com\/da\/reserver-ferie-rejser\/nuuk-fototur\/#breadcrumb","itemListElement":[{"@type":"ListItem","position":1,"name":"Home","item":"https:\/\/guidetogreenland.com\/da\/"},{"@type":"ListItem","position":2,"name":"Se alle ture","item":"https:\/\/guidetogreenland.com\/da\/reserver-ferie-rejser\/"},{"@type":"ListItem","position":3,"name":"Nuuk Fototur"}]},{"@type":"WebSite","@id":"https:\/\/guidetogreenland.com\/da\/#website","url":"https:\/\/guidetogreenland.com\/da\/","name":"Guide to Greenland","description":"Largest selection of tours in Greenland","potentialAction":[{"@type":"SearchAction","target":{"@type":"EntryPoint","urlTemplate":"https:\/\/guidetogreenland.com\/da\/?s={search_term_string}"},"query-input":{"@type":"PropertyValueSpecification","valueRequired":true,"valueName":"search_term_string"}}],"inLanguage":"da-DK"}]}},"_links":{"self":[{"href":"https:\/\/guidetogreenland.com\/da\/wp-json\/wp\/v2\/product\/13894","targetHints":{"allow":["GET"]}}],"collection":[{"href":"https:\/\/guidetogreenland.com\/da\/wp-json\/wp\/v2\/product"}],"about":[{"href":"https:\/\/guidetogreenland.com\/da\/wp-json\/wp\/v2\/types\/product"}],"replies":[{"embeddable":true,"href":"https:\/\/guidetogreenland.com\/da\/wp-json\/wp\/v2\/comments?post=13894"}],"wp:featuredmedia":[{"embeddable":true,"href":"https:\/\/guidetogreenland.com\/da\/wp-json\/wp\/v2\/media\/13896"}],"wp:attachment":[{"href":"https:\/\/guidetogreenland.com\/da\/wp-json\/wp\/v2\/media?parent=13894"}],"wp:term":[{"taxonomy":"product_brand","embeddable":true,"href":"https:\/\/guidetogreenland.com\/da\/wp-json\/wp\/v2\/product_brand?post=13894"},{"taxonomy":"product_cat","embeddable":true,"href":"https:\/\/guidetogreenland.com\/da\/wp-json\/wp\/v2\/product_cat?post=13894"},{"taxonomy":"product_tag","embeddable":true,"href":"https:\/\/guidetogreenland.com\/da\/wp-json\/wp\/v2\/product_tag?post=13894"}],"curies":[{"name":"wp","href":"https:\/\/api.w.org\/{rel}","templated":true}]}}