{"id":13908,"date":"2020-05-19T15:33:30","date_gmt":"2020-05-19T15:33:30","guid":{"rendered":"https:\/\/guidetogreenland.com\/book-trips-holiday\/sugarloaf-mountain-hike-kangerlussuaq\/"},"modified":"2023-06-22T04:26:29","modified_gmt":"2023-06-22T07:26:29","slug":"vandretur-til-sugarloaf-bjerget-kangerlussuaq-vestgroenland","status":"publish","type":"product","link":"https:\/\/guidetogreenland.com\/da\/reserver-ferie-rejser\/vandretur-til-sugarloaf-bjerget-kangerlussuaq-vestgronland\/","title":{"rendered":"Vandretur til Sugarloaf bjerget | Kangerlussuaq | Vestgr\u00f8nland"},"content":{"rendered":"<div class=\"x-2ruu7e ewhm0490\">\n<div class=\"x-sqsvwz e1hc7val2\">\n<div class=\"x-13o7eu2 e1imf5dp1\">\n<div class=\"x-v4fa7v e1uuu2lt0\">\n<div class=\"x-7xwfhm e1imf5dp0\">\n<p class=\"x-18pep25\">Kom med p\u00e5 vandretur og udforsk den smukke arktiske natur i omr\u00e5det omkring Kangerlussuaq.<\/p>\n<p class=\"x-18pep25\">At komme ud og opleve naturen til fods er et must, n\u00e5r man rejser i Gr\u00f8nland. Det er fantastisk at komme ud at h\u00f8re, f\u00f8le og lugte den friske natur. Vandreturen g\u00e5r igennem \u00f8rkenlignende dale, hvor vi vil holde \u00f8jnene efter omr\u00e5dets dyreliv p\u00e5 vej mod Sugarloaf bjerget.<\/p>\n<p class=\"x-18pep25\">Vandreturen starter fra grusvejen ud fra Kangerlussuaq, hvor du de n\u00e6ste to timer sammen med en erfaren guide vil n\u00e5 til toppen af Sugarloaf bjerget.<\/p>\n<p class=\"e1imf5dp0 x-jm2771\">P\u00e5 vej ud af byen vil du h\u00f8jst sandsynligt l\u00e6gge m\u00e6rke til skiltene, der advarer mod de mos<span class=\"x-12abj6v e1uuu2lt3\">kus okser, der findes i omr\u00e5det &#8211; dette beh\u00f8ves du ikke at bekymre dig om, guiden vil s\u00f8rge for at du er i sikker afstand fra disse store, flotte dyr. Hvis du er heldig kan der ogs\u00e5 v\u00e6re mulighed for at se andre dyr p\u00e5 turen, som arktiske harer, polarr\u00e6ve og rensdyr &#8211; det kr\u00e6ver dog et v\u00e5gent \u00f8je.<\/span><\/p>\n<p class=\"e1imf5dp0 x-jm2771\"><span class=\"x-12abj6v e1uuu2lt3\">Turen kr\u00e6ver ikke at du i forvejen har erfaringer med at vandring eller klatring.<\/span><\/p>\n<p class=\"e1imf5dp0 x-jm2771\"><span class=\"x-12abj6v e1uuu2lt3\">Fra toppen af Sugarloaf bjerget vil du f\u00e5 en fantastisk udsigt over dale med store floder af smeltevand fra indlandsisen og den smukke arktiske tundra.<\/span><\/p>\n<p class=\"e1imf5dp0 x-jm2771\"><span class=\"x-12abj6v e1uuu2lt3\">N\u00e5r du bestiller denne tur kan du kombinere den med andre ture, som du kan tage p\u00e5 i omr\u00e5det omkring Kangerlussuaq.<\/span><\/p>\n<p class=\"e1imf5dp0 x-jm2771\"><span class=\"x-12abj6v e1uuu2lt3\">Dette fantastiske eventyr venter p\u00e5 dig, s\u00e5 find vandrest\u00f8vlerne frem og se tilg\u00e6ngeligheden ved at trykke &#8220;V\u00e6lg en dag&#8221; ovenfor og bestil din tur i dag.<\/span><\/p>\n<\/div>\n<\/div>\n<\/div>\n<\/div>\n<\/div>\n<div>\n<div class=\"x-1bve0ae ewhm0490\">\n<div class=\"x-sqsvwz e1hc7val2\"><\/div>\n<\/div>\n<\/div>\n","protected":false},"excerpt":{"rendered":"Kom med p\u00e5 vandretur og udforsk den smukke arktiske natur i omr\u00e5det omkring Kangerlussuaq. At komme ud og opleve naturen til fods er et must, n\u00e5r man rejser i Gr\u00f8nland. Det er fantastisk at komme ud at h\u00f8re, f\u00f8le og lugte den friske natur. Vandreturen g\u00e5r igennem \u00f8rkenlignende dale, hvor vi vil holde \u00f8jnene efter&#8230;","protected":false},"featured_media":13910,"comment_status":"open","ping_status":"closed","template":"","meta":[],"product_brand":[],"product_cat":[854],"product_tag":[],"class_list":{"0":"post-13908","1":"product","2":"type-product","3":"status-publish","4":"has-post-thumbnail","6":"product_cat-uncategorized-da","7":"pa_activities-vandretur","8":"pa_available-month-maj","9":"pa_available-month-juni","10":"pa_available-month-juli","11":"pa_available-month-august","12":"pa_available-month-september","13":"pa_destinations-kangerlussuaq","14":"pa_difficulty-let","15":"pa_duration-2-timer","16":"pa_tour-type-dagsture","17":"yith_shop_vendor-arctic-ice-tours-da","18":"yith_booking_service-combine-with-coastline-sightseeing-1hr","19":"yith_booking_service-combine-with-waterfall-hike-1-5hr","21":"first","22":"instock","23":"virtual","24":"sold-individually","25":"purchasable","26":"product-type-booking"},"acf":[],"yoast_head":"<!-- This site is optimized with the Yoast SEO plugin v25.6 - https:\/\/yoast.com\/wordpress\/plugins\/seo\/ -->\n<title>Vandretur til Sugarloaf bjerget | Kangerlussuaq | Vestgr\u00f8nland | Guide to Greenland<\/title>\n<meta name=\"description\" content=\"Vandring et ultimativt must n\u00e5r man er i Gr\u00f8nland. Utrolig gr\u00f8nlandsk natur og en chance for at se den gr\u00f8nlandske Indlandsis.\" \/>\n<meta name=\"robots\" content=\"index, follow, max-snippet:-1, max-image-preview:large, max-video-preview:-1\" \/>\n<link rel=\"canonical\" href=\"https:\/\/guidetogreenland.com\/da\/reserver-ferie-rejser\/vandretur-til-sugarloaf-bjerget-kangerlussuaq-vestgronland\/\" \/>\n<meta property=\"og:locale\" content=\"da_DK\" \/>\n<meta property=\"og:type\" content=\"article\" \/>\n<meta property=\"og:title\" content=\"Vandretur til Sugarloaf bjerget | Kangerlussuaq | Vestgr\u00f8nland | Guide to Greenland\" \/>\n<meta property=\"og:description\" content=\"Vandring et ultimativt must n\u00e5r man er i Gr\u00f8nland. Utrolig gr\u00f8nlandsk natur og en chance for at se den gr\u00f8nlandske Indlandsis.\" \/>\n<meta property=\"og:url\" content=\"https:\/\/guidetogreenland.com\/da\/reserver-ferie-rejser\/vandretur-til-sugarloaf-bjerget-kangerlussuaq-vestgronland\/\" \/>\n<meta property=\"og:site_name\" content=\"Guide to Greenland\" \/>\n<meta property=\"article:modified_time\" content=\"2023-06-22T07:26:29+00:00\" \/>\n<meta property=\"og:image\" content=\"https:\/\/guidetogreenland.com\/wp-content\/uploads\/2020\/05\/sugarloaf-mountain-hike-kangerlussuaq-Guide-to-Greenland13.jpg\" \/>\n\t<meta property=\"og:image:width\" content=\"926\" \/>\n\t<meta property=\"og:image:height\" content=\"618\" \/>\n\t<meta property=\"og:image:type\" content=\"image\/jpeg\" \/>\n<meta name=\"twitter:card\" content=\"summary_large_image\" \/>\n<meta name=\"twitter:label1\" content=\"Estimeret l\u00e6setid\" \/>\n\t<meta name=\"twitter:data1\" content=\"1 minut\" \/>\n<script type=\"application\/ld+json\" class=\"yoast-schema-graph\">{\"@context\":\"https:\/\/schema.org\",\"@graph\":[{\"@type\":\"WebPage\",\"@id\":\"https:\/\/guidetogreenland.com\/da\/reserver-ferie-rejser\/vandretur-til-sugarloaf-bjerget-kangerlussuaq-vestgronland\/\",\"url\":\"https:\/\/guidetogreenland.com\/da\/reserver-ferie-rejser\/vandretur-til-sugarloaf-bjerget-kangerlussuaq-vestgronland\/\",\"name\":\"Vandretur til Sugarloaf bjerget | Kangerlussuaq | Vestgr\u00f8nland | Guide to Greenland\",\"isPartOf\":{\"@id\":\"https:\/\/guidetogreenland.com\/da\/#website\"},\"primaryImageOfPage\":{\"@id\":\"https:\/\/guidetogreenland.com\/da\/reserver-ferie-rejser\/vandretur-til-sugarloaf-bjerget-kangerlussuaq-vestgronland\/#primaryimage\"},\"image\":{\"@id\":\"https:\/\/guidetogreenland.com\/da\/reserver-ferie-rejser\/vandretur-til-sugarloaf-bjerget-kangerlussuaq-vestgronland\/#primaryimage\"},\"thumbnailUrl\":\"https:\/\/guidetogreenland.com\/wp-content\/uploads\/2020\/05\/sugarloaf-mountain-hike-kangerlussuaq-Guide-to-Greenland13.jpg\",\"datePublished\":\"2020-05-19T15:33:30+00:00\",\"dateModified\":\"2023-06-22T07:26:29+00:00\",\"description\":\"Vandring et ultimativt must n\u00e5r man er i Gr\u00f8nland. Utrolig gr\u00f8nlandsk natur og en chance for at se den gr\u00f8nlandske Indlandsis.\",\"breadcrumb\":{\"@id\":\"https:\/\/guidetogreenland.com\/da\/reserver-ferie-rejser\/vandretur-til-sugarloaf-bjerget-kangerlussuaq-vestgronland\/#breadcrumb\"},\"inLanguage\":\"da-DK\",\"potentialAction\":[{\"@type\":\"ReadAction\",\"target\":[\"https:\/\/guidetogreenland.com\/da\/reserver-ferie-rejser\/vandretur-til-sugarloaf-bjerget-kangerlussuaq-vestgronland\/\"]}]},{\"@type\":\"ImageObject\",\"inLanguage\":\"da-DK\",\"@id\":\"https:\/\/guidetogreenland.com\/da\/reserver-ferie-rejser\/vandretur-til-sugarloaf-bjerget-kangerlussuaq-vestgronland\/#primaryimage\",\"url\":\"https:\/\/guidetogreenland.com\/wp-content\/uploads\/2020\/05\/sugarloaf-mountain-hike-kangerlussuaq-Guide-to-Greenland13.jpg\",\"contentUrl\":\"https:\/\/guidetogreenland.com\/wp-content\/uploads\/2020\/05\/sugarloaf-mountain-hike-kangerlussuaq-Guide-to-Greenland13.jpg\",\"width\":926,\"height\":618},{\"@type\":\"BreadcrumbList\",\"@id\":\"https:\/\/guidetogreenland.com\/da\/reserver-ferie-rejser\/vandretur-til-sugarloaf-bjerget-kangerlussuaq-vestgronland\/#breadcrumb\",\"itemListElement\":[{\"@type\":\"ListItem\",\"position\":1,\"name\":\"Home\",\"item\":\"https:\/\/guidetogreenland.com\/da\/\"},{\"@type\":\"ListItem\",\"position\":2,\"name\":\"Se alle ture\",\"item\":\"https:\/\/guidetogreenland.com\/da\/reserver-ferie-rejser\/\"},{\"@type\":\"ListItem\",\"position\":3,\"name\":\"Vandretur til Sugarloaf bjerget | Kangerlussuaq | Vestgr\u00f8nland\"}]},{\"@type\":\"WebSite\",\"@id\":\"https:\/\/guidetogreenland.com\/da\/#website\",\"url\":\"https:\/\/guidetogreenland.com\/da\/\",\"name\":\"Guide to Greenland\",\"description\":\"Largest selection of tours in Greenland\",\"potentialAction\":[{\"@type\":\"SearchAction\",\"target\":{\"@type\":\"EntryPoint\",\"urlTemplate\":\"https:\/\/guidetogreenland.com\/da\/?s={search_term_string}\"},\"query-input\":{\"@type\":\"PropertyValueSpecification\",\"valueRequired\":true,\"valueName\":\"search_term_string\"}}],\"inLanguage\":\"da-DK\"}]}<\/script>\n<!-- \/ Yoast SEO plugin. -->","yoast_head_json":{"title":"Vandretur til Sugarloaf bjerget | Kangerlussuaq | Vestgr\u00f8nland | Guide to Greenland","description":"Vandring et ultimativt must n\u00e5r man er i Gr\u00f8nland. Utrolig gr\u00f8nlandsk natur og en chance for at se den gr\u00f8nlandske Indlandsis.","robots":{"index":"index","follow":"follow","max-snippet":"max-snippet:-1","max-image-preview":"max-image-preview:large","max-video-preview":"max-video-preview:-1"},"canonical":"https:\/\/guidetogreenland.com\/da\/reserver-ferie-rejser\/vandretur-til-sugarloaf-bjerget-kangerlussuaq-vestgronland\/","og_locale":"da_DK","og_type":"article","og_title":"Vandretur til Sugarloaf bjerget | Kangerlussuaq | Vestgr\u00f8nland | Guide to Greenland","og_description":"Vandring et ultimativt must n\u00e5r man er i Gr\u00f8nland. Utrolig gr\u00f8nlandsk natur og en chance for at se den gr\u00f8nlandske Indlandsis.","og_url":"https:\/\/guidetogreenland.com\/da\/reserver-ferie-rejser\/vandretur-til-sugarloaf-bjerget-kangerlussuaq-vestgronland\/","og_site_name":"Guide to Greenland","article_modified_time":"2023-06-22T07:26:29+00:00","og_image":[{"width":926,"height":618,"url":"https:\/\/guidetogreenland.com\/wp-content\/uploads\/2020\/05\/sugarloaf-mountain-hike-kangerlussuaq-Guide-to-Greenland13.jpg","type":"image\/jpeg"}],"twitter_card":"summary_large_image","twitter_misc":{"Estimeret l\u00e6setid":"1 minut"},"schema":{"@context":"https:\/\/schema.org","@graph":[{"@type":"WebPage","@id":"https:\/\/guidetogreenland.com\/da\/reserver-ferie-rejser\/vandretur-til-sugarloaf-bjerget-kangerlussuaq-vestgronland\/","url":"https:\/\/guidetogreenland.com\/da\/reserver-ferie-rejser\/vandretur-til-sugarloaf-bjerget-kangerlussuaq-vestgronland\/","name":"Vandretur til Sugarloaf bjerget | Kangerlussuaq | Vestgr\u00f8nland | Guide to Greenland","isPartOf":{"@id":"https:\/\/guidetogreenland.com\/da\/#website"},"primaryImageOfPage":{"@id":"https:\/\/guidetogreenland.com\/da\/reserver-ferie-rejser\/vandretur-til-sugarloaf-bjerget-kangerlussuaq-vestgronland\/#primaryimage"},"image":{"@id":"https:\/\/guidetogreenland.com\/da\/reserver-ferie-rejser\/vandretur-til-sugarloaf-bjerget-kangerlussuaq-vestgronland\/#primaryimage"},"thumbnailUrl":"https:\/\/guidetogreenland.com\/wp-content\/uploads\/2020\/05\/sugarloaf-mountain-hike-kangerlussuaq-Guide-to-Greenland13.jpg","datePublished":"2020-05-19T15:33:30+00:00","dateModified":"2023-06-22T07:26:29+00:00","description":"Vandring et ultimativt must n\u00e5r man er i Gr\u00f8nland. Utrolig gr\u00f8nlandsk natur og en chance for at se den gr\u00f8nlandske Indlandsis.","breadcrumb":{"@id":"https:\/\/guidetogreenland.com\/da\/reserver-ferie-rejser\/vandretur-til-sugarloaf-bjerget-kangerlussuaq-vestgronland\/#breadcrumb"},"inLanguage":"da-DK","potentialAction":[{"@type":"ReadAction","target":["https:\/\/guidetogreenland.com\/da\/reserver-ferie-rejser\/vandretur-til-sugarloaf-bjerget-kangerlussuaq-vestgronland\/"]}]},{"@type":"ImageObject","inLanguage":"da-DK","@id":"https:\/\/guidetogreenland.com\/da\/reserver-ferie-rejser\/vandretur-til-sugarloaf-bjerget-kangerlussuaq-vestgronland\/#primaryimage","url":"https:\/\/guidetogreenland.com\/wp-content\/uploads\/2020\/05\/sugarloaf-mountain-hike-kangerlussuaq-Guide-to-Greenland13.jpg","contentUrl":"https:\/\/guidetogreenland.com\/wp-content\/uploads\/2020\/05\/sugarloaf-mountain-hike-kangerlussuaq-Guide-to-Greenland13.jpg","width":926,"height":618},{"@type":"BreadcrumbList","@id":"https:\/\/guidetogreenland.com\/da\/reserver-ferie-rejser\/vandretur-til-sugarloaf-bjerget-kangerlussuaq-vestgronland\/#breadcrumb","itemListElement":[{"@type":"ListItem","position":1,"name":"Home","item":"https:\/\/guidetogreenland.com\/da\/"},{"@type":"ListItem","position":2,"name":"Se alle ture","item":"https:\/\/guidetogreenland.com\/da\/reserver-ferie-rejser\/"},{"@type":"ListItem","position":3,"name":"Vandretur til Sugarloaf bjerget | Kangerlussuaq | Vestgr\u00f8nland"}]},{"@type":"WebSite","@id":"https:\/\/guidetogreenland.com\/da\/#website","url":"https:\/\/guidetogreenland.com\/da\/","name":"Guide to Greenland","description":"Largest selection of tours in Greenland","potentialAction":[{"@type":"SearchAction","target":{"@type":"EntryPoint","urlTemplate":"https:\/\/guidetogreenland.com\/da\/?s={search_term_string}"},"query-input":{"@type":"PropertyValueSpecification","valueRequired":true,"valueName":"search_term_string"}}],"inLanguage":"da-DK"}]}},"_links":{"self":[{"href":"https:\/\/guidetogreenland.com\/da\/wp-json\/wp\/v2\/product\/13908","targetHints":{"allow":["GET"]}}],"collection":[{"href":"https:\/\/guidetogreenland.com\/da\/wp-json\/wp\/v2\/product"}],"about":[{"href":"https:\/\/guidetogreenland.com\/da\/wp-json\/wp\/v2\/types\/product"}],"replies":[{"embeddable":true,"href":"https:\/\/guidetogreenland.com\/da\/wp-json\/wp\/v2\/comments?post=13908"}],"wp:featuredmedia":[{"embeddable":true,"href":"https:\/\/guidetogreenland.com\/da\/wp-json\/wp\/v2\/media\/13910"}],"wp:attachment":[{"href":"https:\/\/guidetogreenland.com\/da\/wp-json\/wp\/v2\/media?parent=13908"}],"wp:term":[{"taxonomy":"product_brand","embeddable":true,"href":"https:\/\/guidetogreenland.com\/da\/wp-json\/wp\/v2\/product_brand?post=13908"},{"taxonomy":"product_cat","embeddable":true,"href":"https:\/\/guidetogreenland.com\/da\/wp-json\/wp\/v2\/product_cat?post=13908"},{"taxonomy":"product_tag","embeddable":true,"href":"https:\/\/guidetogreenland.com\/da\/wp-json\/wp\/v2\/product_tag?post=13908"}],"curies":[{"name":"wp","href":"https:\/\/api.w.org\/{rel}","templated":true}]}}