{"id":13941,"date":"2020-05-18T14:02:30","date_gmt":"2020-05-18T14:02:30","guid":{"rendered":"https:\/\/guidetogreenland.com\/book-trips-holiday\/point-660-greenland-ice-sheet-tour-kangerlussuaq\/"},"modified":"2026-03-04T19:41:54","modified_gmt":"2026-03-04T22:41:54","slug":"point-660-og-indlandsisen-kangerlussuaq","status":"publish","type":"product","link":"https:\/\/guidetogreenland.com\/da\/reserver-ferie-rejser\/point-660-og-indlandsisen-kangerlussuaq\/","title":{"rendered":"Point 660 og Indlandsisen | Kangerlussuaq"},"content":{"rendered":"<p>Oplev den f\u00e6nomenale og\u00a0ydmygende\u00a0oplevelse af at st\u00e5 p\u00e5 Indlandsisen! Point 660 ligger lige p\u00e5 gr\u00e6nsen mellem land og is, her er en fantastisk udsigt over det enorme hav af is!<\/p>\n<p>Omkring 80% af Gr\u00f8nland er d\u00e6kket af is, \u00e9t enormt stykke der kun overg\u00e5s af Antarktis. Isen er et produkt af sne der har akkumuleret sig over eoner hvor presset \u00e6ndre sneen til is, og bev\u00e6ger sig udaf henover grundfjeldet bare ved hj\u00e6lp af sin egen masse. Her skaber den mor\u00e6ner, spalter og floder og kan sandelig ses som en evigt forandrende organisme der ikke kan udelukkes som et af verdens vidundere.<\/p>\n<p>Turen starter fra Polar Lodge hvor du hopper ind i et stort 4-hjulstrukket k\u00f8ret\u00f8j med panoramiske vinduer, som k\u00f8rer dig gennem det smukke arktiske landskab i form af lange tundra sletter og semi-\u00f8rken dale.<\/p>\n<p>Du f\u00e5r en helt sensationel fornemmelse i maven af at se hvor enorm indlandsisen er mens i k\u00f8rer op af smukke mor\u00e6nebakker. P\u00e5 vejen derud kan i v\u00e6re s\u00e5 heldige at se flere forskellige dyr som vilde flokke af moskus eller rensdyr, og sikkert ogs\u00e5 sneharer eller de snu polarr\u00e6ve. S\u00e5 v\u00e6r sikker p\u00e5 at have kameraet klar! For her viser Gr\u00f8nland sin bedste side. Mens man k\u00f8rer derude f\u00f8ler man sig pludselig rigtig lille i forhold til isens helt absurde st\u00f8rrelse.<\/p>\n<p>Turen inkluderer ogs\u00e5 en lille g\u00e5tur ud p\u00e5 isen s\u00e5 du f\u00e5r den fulde oplevelse af Gr\u00f8nlands vidunder. Efter g\u00e5turen er det p\u00e5 tide at vende snuden hjem mod Kangerlussuaq, nu med et helt nyt perspektiv p\u00e5 den verden vi lever i. S\u00e5 find da en dato der passer dig med det samme! Tryk p\u00e5 &#8216;<strong>Book nu<\/strong>&#8216; og kom ud p\u00e5 dit n\u00e6ste eventyr!<\/p>\n","protected":false},"excerpt":{"rendered":"Oplev den f\u00e6nomenale og\u00a0ydmygende\u00a0oplevelse af at st\u00e5 p\u00e5 Indlandsisen! Point 660 ligger lige p\u00e5 gr\u00e6nsen mellem land og is, her er en fantastisk udsigt over det enorme hav af is! Omkring 80% af Gr\u00f8nland er d\u00e6kket af is, \u00e9t enormt stykke der kun overg\u00e5s af Antarktis. Isen er et produkt af sne der har akkumuleret&#8230;","protected":false},"featured_media":13942,"comment_status":"open","ping_status":"closed","template":"","meta":[],"product_brand":[],"product_cat":[628,605,606,614,612,593,627,643,646,633],"product_tag":[924],"class_list":{"0":"post-13941","1":"product","2":"type-product","3":"status-publish","4":"has-post-thumbnail","6":"product_cat-arctic-circle-trail","7":"product_cat-dagsture-om-sommeren","8":"product_cat-dagsture-om-vinteren","9":"product_cat-gletsjer-og-indlandsisen","10":"product_cat-natur-og-dyreliv-i-groenland","11":"product_cat-oplevelser-i-groenland","12":"product_cat-ture-i-bestemte-omraader","13":"product_cat-ture-i-hver-by","14":"product_cat-ture-i-kangerlussuaq","15":"product_cat-vestgroenland","16":"product_tag-kangerlussuaq-da","17":"pa_activities-gletschervandring","18":"pa_activities-gletscher-udsigt","19":"pa_attractions-indlandsisen","20":"pa_available-month-januar","21":"pa_available-month-februar","22":"pa_available-month-marts","23":"pa_available-month-april","24":"pa_available-month-maj","25":"pa_available-month-juni","26":"pa_available-month-juli","27":"pa_available-month-august","28":"pa_available-month-november","29":"pa_destinations-kangerlussuaq","30":"pa_difficulty-let","31":"pa_duration-5-timer","32":"pa_tour-type-dagsture","33":"yith_shop_vendor-albatros-arctic-circle-da","35":"first","36":"instock","37":"virtual","38":"sold-individually","39":"purchasable","40":"product-type-booking"},"acf":[],"yoast_head":"<!-- This site is optimized with the Yoast SEO plugin v25.6 - https:\/\/yoast.com\/wordpress\/plugins\/seo\/ -->\n<title>Point 660 og Indlandsisen | Kangerlussuaq | Guide to Greenland<\/title>\n<meta name=\"description\" content=\"G\u00e5 p\u00e5 verdens n\u00e6stst\u00f8rste indlandsis i denne uforglemmelig udflugt til Point 660 n\u00e6r Kangerlussuaq, Gr\u00f8nland. Klik for at l\u00e6re mere og book.\" \/>\n<meta name=\"robots\" content=\"index, follow, max-snippet:-1, max-image-preview:large, max-video-preview:-1\" \/>\n<link rel=\"canonical\" href=\"https:\/\/guidetogreenland.com\/da\/reserver-ferie-rejser\/point-660-og-indlandsisen-kangerlussuaq\/\" \/>\n<meta property=\"og:locale\" content=\"da_DK\" \/>\n<meta property=\"og:type\" content=\"article\" \/>\n<meta property=\"og:title\" content=\"Point 660 og Indlandsisen | Kangerlussuaq | Guide to Greenland\" \/>\n<meta property=\"og:description\" content=\"G\u00e5 p\u00e5 verdens n\u00e6stst\u00f8rste indlandsis i denne uforglemmelig udflugt til Point 660 n\u00e6r Kangerlussuaq, Gr\u00f8nland. Klik for at l\u00e6re mere og book.\" \/>\n<meta property=\"og:url\" content=\"https:\/\/guidetogreenland.com\/da\/reserver-ferie-rejser\/point-660-og-indlandsisen-kangerlussuaq\/\" \/>\n<meta property=\"og:site_name\" content=\"Guide to Greenland\" \/>\n<meta property=\"article:modified_time\" content=\"2026-03-04T22:41:54+00:00\" \/>\n<meta property=\"og:image\" content=\"https:\/\/guidetogreenland.com\/wp-content\/uploads\/2020\/05\/point-660-greenland-ice-sheet-tour-kangerlussuaq-Guide-to-Greenland1.jpg\" \/>\n\t<meta property=\"og:image:width\" content=\"926\" \/>\n\t<meta property=\"og:image:height\" content=\"617\" \/>\n\t<meta property=\"og:image:type\" content=\"image\/jpeg\" \/>\n<meta name=\"twitter:card\" content=\"summary_large_image\" \/>\n<meta name=\"twitter:label1\" content=\"Estimeret l\u00e6setid\" \/>\n\t<meta name=\"twitter:data1\" content=\"2 minutter\" \/>\n<script type=\"application\/ld+json\" class=\"yoast-schema-graph\">{\"@context\":\"https:\/\/schema.org\",\"@graph\":[{\"@type\":\"WebPage\",\"@id\":\"https:\/\/guidetogreenland.com\/da\/reserver-ferie-rejser\/point-660-og-indlandsisen-kangerlussuaq\/\",\"url\":\"https:\/\/guidetogreenland.com\/da\/reserver-ferie-rejser\/point-660-og-indlandsisen-kangerlussuaq\/\",\"name\":\"Point 660 og Indlandsisen | Kangerlussuaq | Guide to Greenland\",\"isPartOf\":{\"@id\":\"https:\/\/guidetogreenland.com\/da\/#website\"},\"primaryImageOfPage\":{\"@id\":\"https:\/\/guidetogreenland.com\/da\/reserver-ferie-rejser\/point-660-og-indlandsisen-kangerlussuaq\/#primaryimage\"},\"image\":{\"@id\":\"https:\/\/guidetogreenland.com\/da\/reserver-ferie-rejser\/point-660-og-indlandsisen-kangerlussuaq\/#primaryimage\"},\"thumbnailUrl\":\"https:\/\/guidetogreenland.com\/wp-content\/uploads\/2020\/05\/point-660-greenland-ice-sheet-tour-kangerlussuaq-Guide-to-Greenland1.jpg\",\"datePublished\":\"2020-05-18T14:02:30+00:00\",\"dateModified\":\"2026-03-04T22:41:54+00:00\",\"description\":\"G\u00e5 p\u00e5 verdens n\u00e6stst\u00f8rste indlandsis i denne uforglemmelig udflugt til Point 660 n\u00e6r Kangerlussuaq, Gr\u00f8nland. Klik for at l\u00e6re mere og book.\",\"breadcrumb\":{\"@id\":\"https:\/\/guidetogreenland.com\/da\/reserver-ferie-rejser\/point-660-og-indlandsisen-kangerlussuaq\/#breadcrumb\"},\"inLanguage\":\"da-DK\",\"potentialAction\":[{\"@type\":\"ReadAction\",\"target\":[\"https:\/\/guidetogreenland.com\/da\/reserver-ferie-rejser\/point-660-og-indlandsisen-kangerlussuaq\/\"]}]},{\"@type\":\"ImageObject\",\"inLanguage\":\"da-DK\",\"@id\":\"https:\/\/guidetogreenland.com\/da\/reserver-ferie-rejser\/point-660-og-indlandsisen-kangerlussuaq\/#primaryimage\",\"url\":\"https:\/\/guidetogreenland.com\/wp-content\/uploads\/2020\/05\/point-660-greenland-ice-sheet-tour-kangerlussuaq-Guide-to-Greenland1.jpg\",\"contentUrl\":\"https:\/\/guidetogreenland.com\/wp-content\/uploads\/2020\/05\/point-660-greenland-ice-sheet-tour-kangerlussuaq-Guide-to-Greenland1.jpg\",\"width\":926,\"height\":617},{\"@type\":\"BreadcrumbList\",\"@id\":\"https:\/\/guidetogreenland.com\/da\/reserver-ferie-rejser\/point-660-og-indlandsisen-kangerlussuaq\/#breadcrumb\",\"itemListElement\":[{\"@type\":\"ListItem\",\"position\":1,\"name\":\"Home\",\"item\":\"https:\/\/guidetogreenland.com\/da\/\"},{\"@type\":\"ListItem\",\"position\":2,\"name\":\"Se alle ture\",\"item\":\"https:\/\/guidetogreenland.com\/da\/reserver-ferie-rejser\/\"},{\"@type\":\"ListItem\",\"position\":3,\"name\":\"Point 660 og Indlandsisen | Kangerlussuaq\"}]},{\"@type\":\"WebSite\",\"@id\":\"https:\/\/guidetogreenland.com\/da\/#website\",\"url\":\"https:\/\/guidetogreenland.com\/da\/\",\"name\":\"Guide to Greenland\",\"description\":\"Largest selection of tours in Greenland\",\"potentialAction\":[{\"@type\":\"SearchAction\",\"target\":{\"@type\":\"EntryPoint\",\"urlTemplate\":\"https:\/\/guidetogreenland.com\/da\/?s={search_term_string}\"},\"query-input\":{\"@type\":\"PropertyValueSpecification\",\"valueRequired\":true,\"valueName\":\"search_term_string\"}}],\"inLanguage\":\"da-DK\"}]}<\/script>\n<!-- \/ Yoast SEO plugin. -->","yoast_head_json":{"title":"Point 660 og Indlandsisen | Kangerlussuaq | Guide to Greenland","description":"G\u00e5 p\u00e5 verdens n\u00e6stst\u00f8rste indlandsis i denne uforglemmelig udflugt til Point 660 n\u00e6r Kangerlussuaq, Gr\u00f8nland. Klik for at l\u00e6re mere og book.","robots":{"index":"index","follow":"follow","max-snippet":"max-snippet:-1","max-image-preview":"max-image-preview:large","max-video-preview":"max-video-preview:-1"},"canonical":"https:\/\/guidetogreenland.com\/da\/reserver-ferie-rejser\/point-660-og-indlandsisen-kangerlussuaq\/","og_locale":"da_DK","og_type":"article","og_title":"Point 660 og Indlandsisen | Kangerlussuaq | Guide to Greenland","og_description":"G\u00e5 p\u00e5 verdens n\u00e6stst\u00f8rste indlandsis i denne uforglemmelig udflugt til Point 660 n\u00e6r Kangerlussuaq, Gr\u00f8nland. Klik for at l\u00e6re mere og book.","og_url":"https:\/\/guidetogreenland.com\/da\/reserver-ferie-rejser\/point-660-og-indlandsisen-kangerlussuaq\/","og_site_name":"Guide to Greenland","article_modified_time":"2026-03-04T22:41:54+00:00","og_image":[{"width":926,"height":617,"url":"https:\/\/guidetogreenland.com\/wp-content\/uploads\/2020\/05\/point-660-greenland-ice-sheet-tour-kangerlussuaq-Guide-to-Greenland1.jpg","type":"image\/jpeg"}],"twitter_card":"summary_large_image","twitter_misc":{"Estimeret l\u00e6setid":"2 minutter"},"schema":{"@context":"https:\/\/schema.org","@graph":[{"@type":"WebPage","@id":"https:\/\/guidetogreenland.com\/da\/reserver-ferie-rejser\/point-660-og-indlandsisen-kangerlussuaq\/","url":"https:\/\/guidetogreenland.com\/da\/reserver-ferie-rejser\/point-660-og-indlandsisen-kangerlussuaq\/","name":"Point 660 og Indlandsisen | Kangerlussuaq | Guide to Greenland","isPartOf":{"@id":"https:\/\/guidetogreenland.com\/da\/#website"},"primaryImageOfPage":{"@id":"https:\/\/guidetogreenland.com\/da\/reserver-ferie-rejser\/point-660-og-indlandsisen-kangerlussuaq\/#primaryimage"},"image":{"@id":"https:\/\/guidetogreenland.com\/da\/reserver-ferie-rejser\/point-660-og-indlandsisen-kangerlussuaq\/#primaryimage"},"thumbnailUrl":"https:\/\/guidetogreenland.com\/wp-content\/uploads\/2020\/05\/point-660-greenland-ice-sheet-tour-kangerlussuaq-Guide-to-Greenland1.jpg","datePublished":"2020-05-18T14:02:30+00:00","dateModified":"2026-03-04T22:41:54+00:00","description":"G\u00e5 p\u00e5 verdens n\u00e6stst\u00f8rste indlandsis i denne uforglemmelig udflugt til Point 660 n\u00e6r Kangerlussuaq, Gr\u00f8nland. Klik for at l\u00e6re mere og book.","breadcrumb":{"@id":"https:\/\/guidetogreenland.com\/da\/reserver-ferie-rejser\/point-660-og-indlandsisen-kangerlussuaq\/#breadcrumb"},"inLanguage":"da-DK","potentialAction":[{"@type":"ReadAction","target":["https:\/\/guidetogreenland.com\/da\/reserver-ferie-rejser\/point-660-og-indlandsisen-kangerlussuaq\/"]}]},{"@type":"ImageObject","inLanguage":"da-DK","@id":"https:\/\/guidetogreenland.com\/da\/reserver-ferie-rejser\/point-660-og-indlandsisen-kangerlussuaq\/#primaryimage","url":"https:\/\/guidetogreenland.com\/wp-content\/uploads\/2020\/05\/point-660-greenland-ice-sheet-tour-kangerlussuaq-Guide-to-Greenland1.jpg","contentUrl":"https:\/\/guidetogreenland.com\/wp-content\/uploads\/2020\/05\/point-660-greenland-ice-sheet-tour-kangerlussuaq-Guide-to-Greenland1.jpg","width":926,"height":617},{"@type":"BreadcrumbList","@id":"https:\/\/guidetogreenland.com\/da\/reserver-ferie-rejser\/point-660-og-indlandsisen-kangerlussuaq\/#breadcrumb","itemListElement":[{"@type":"ListItem","position":1,"name":"Home","item":"https:\/\/guidetogreenland.com\/da\/"},{"@type":"ListItem","position":2,"name":"Se alle ture","item":"https:\/\/guidetogreenland.com\/da\/reserver-ferie-rejser\/"},{"@type":"ListItem","position":3,"name":"Point 660 og Indlandsisen | Kangerlussuaq"}]},{"@type":"WebSite","@id":"https:\/\/guidetogreenland.com\/da\/#website","url":"https:\/\/guidetogreenland.com\/da\/","name":"Guide to Greenland","description":"Largest selection of tours in Greenland","potentialAction":[{"@type":"SearchAction","target":{"@type":"EntryPoint","urlTemplate":"https:\/\/guidetogreenland.com\/da\/?s={search_term_string}"},"query-input":{"@type":"PropertyValueSpecification","valueRequired":true,"valueName":"search_term_string"}}],"inLanguage":"da-DK"}]}},"_links":{"self":[{"href":"https:\/\/guidetogreenland.com\/da\/wp-json\/wp\/v2\/product\/13941","targetHints":{"allow":["GET"]}}],"collection":[{"href":"https:\/\/guidetogreenland.com\/da\/wp-json\/wp\/v2\/product"}],"about":[{"href":"https:\/\/guidetogreenland.com\/da\/wp-json\/wp\/v2\/types\/product"}],"replies":[{"embeddable":true,"href":"https:\/\/guidetogreenland.com\/da\/wp-json\/wp\/v2\/comments?post=13941"}],"wp:featuredmedia":[{"embeddable":true,"href":"https:\/\/guidetogreenland.com\/da\/wp-json\/wp\/v2\/media\/13942"}],"wp:attachment":[{"href":"https:\/\/guidetogreenland.com\/da\/wp-json\/wp\/v2\/media?parent=13941"}],"wp:term":[{"taxonomy":"product_brand","embeddable":true,"href":"https:\/\/guidetogreenland.com\/da\/wp-json\/wp\/v2\/product_brand?post=13941"},{"taxonomy":"product_cat","embeddable":true,"href":"https:\/\/guidetogreenland.com\/da\/wp-json\/wp\/v2\/product_cat?post=13941"},{"taxonomy":"product_tag","embeddable":true,"href":"https:\/\/guidetogreenland.com\/da\/wp-json\/wp\/v2\/product_tag?post=13941"}],"curies":[{"name":"wp","href":"https:\/\/api.w.org\/{rel}","templated":true}]}}