{"id":13961,"date":"2020-05-26T16:23:16","date_gmt":"2020-05-26T16:23:16","guid":{"rendered":"https:\/\/guidetogreenland.com\/book-trips-holiday\/private-glacier-cruise-narsap-sermia-glacier-nuuk\/"},"modified":"2025-08-23T03:22:45","modified_gmt":"2025-08-23T06:22:45","slug":"private-gletjser-cruise-narsap-sermia-gletsjer-nuuk","status":"publish","type":"product","link":"https:\/\/guidetogreenland.com\/da\/reserver-ferie-rejser\/privat-gletsjer-cruise-narsap-sermia-gletsjer-nuuk\/","title":{"rendered":"Privat Gletsjer Cruise | Narsap Sermia Gletsjer | Nuuk"},"content":{"rendered":"<p class=\"x-18pep25\">Kom med p\u00e5 en sejltur rundt i det uendeligt store fjordsystem, der omgiver Nuuk. Vi sejler ind mod bunden af en af fjordens mange grene, hvor vi finder Narsap Sermia gletsjeren.<\/p>\n<p class=\"x-18pep25\">Vi sejler ud fra Nuuk og kommer f\u00f8rst forbi det ikoniske Sermitsiaq bjerg. Jo l\u00e6ngere vi kommer ind i fjorden, jo flere isbjerge vil vi m\u00f8de. Det er altid et utroligt syn at m\u00f8de disse unikke is-skulpturer i alle mulige bl\u00e5 og hvide nuancer, der stille flyder forbi. St\u00e5 ude p\u00e5 d\u00e6kket af b\u00e5den og brug alle sanserne til at opleve den smukke natur, der omgiver dig s\u00e5 langt \u00f8jet r\u00e6kker.<\/p>\n<p class=\"e1imf5dp0 x-jm2771\">Vi tager dig og dine m<span class=\"x-12abj6v e1uuu2lt3\">edrejsende s\u00e5 t\u00e6t ind mod gletsjeren som sikkerheden tillader. Det er fra denne gletsjer at alle isbjergene der flyder forbi Nuuk, har sin oprindelse. Dette er en unik mulighed du m\u00e5 gribe p\u00e5 din rejse til Gr\u00f8nland. Ombord p\u00e5 b\u00e5den vil kaptajnen forberede en god varm kop kaffe eller the, som i kan nyde til udsigten. M\u00e5ske i kan v\u00e6re heldige at kaptajnen ogs\u00e5 fisker et lille isstykke op i b\u00e5den og serverer det sammen med et lille glas whisky &#8211; on the rocks! I kan h\u00f8re hvordan boblerne fra den gamle is knitrer i takt med at den smelter i glasset.<\/span><\/p>\n<p class=\"e1imf5dp0 x-jm2771\"><span class=\"x-12abj6v e1uuu2lt3\">Turen foreg\u00e5r med en b\u00e5d specielt egnet til gr\u00f8nlandske forhold, hvor fjordene kan v\u00e6re fulde af is.<\/span><\/p>\n<p class=\"e1imf5dp0 x-jm2771\"><span class=\"x-12abj6v e1uuu2lt3\">Hold p\u00e5 hatten og hop ombord p\u00e5 dette fantastiske eventyr til Narsap Sermia, der venter dig. Se tilg\u00e6ngeligheden ved at trykke p\u00e5 &#8216;V\u00e6lg en dag&#8217; ovenover og book din tur i dag.<\/span><\/p>\n<p class=\"e1imf5dp0 x-jm2771\"><span class=\"x-12abj6v e1uuu2lt3\">\u00a0<\/span><\/p>\n","protected":false},"excerpt":{"rendered":"Kom med p\u00e5 en sejltur rundt i det uendeligt store fjordsystem, der omgiver Nuuk. Vi sejler ind mod bunden af en af fjordens mange grene, hvor vi finder Narsap Sermia gletsjeren. Vi sejler ud fra Nuuk og kommer f\u00f8rst forbi det ikoniske Sermitsiaq bjerg. Jo l\u00e6ngere vi kommer ind i fjorden, jo flere isbjerge vil&#8230;","protected":false},"featured_media":13963,"comment_status":"open","ping_status":"closed","template":"","meta":[],"product_brand":[],"product_cat":[594,621,605,614,692,612,593,634,627,643,652,633],"product_tag":[893],"class_list":{"0":"post-13961","1":"product","2":"type-product","3":"status-publish","4":"has-post-thumbnail","6":"product_cat-baadture","7":"product_cat-charterture","8":"product_cat-dagsture-om-sommeren","9":"product_cat-gletsjer-og-indlandsisen","10":"product_cat-iceberg-icefjord-tours","11":"product_cat-natur-og-dyreliv-i-groenland","12":"product_cat-oplevelser-i-groenland","13":"product_cat-ture-for-krydstogtgaester","14":"product_cat-ture-i-bestemte-omraader","15":"product_cat-ture-i-hver-by","16":"product_cat-ture-i-nuuk","17":"product_cat-vestgroenland","18":"product_tag-nuuk-da","19":"pa_activities-baadtur","20":"pa_activities-gletscher-udsigt","21":"pa_activities-isbjerg-udsigt","22":"pa_activities-charterrede-ture","23":"pa_attractions-nuuk-fjord","24":"pa_available-month-januar","25":"pa_available-month-februar","26":"pa_available-month-marts","27":"pa_available-month-maj","28":"pa_available-month-juni","29":"pa_available-month-juli","30":"pa_available-month-august","31":"pa_available-month-september","32":"pa_available-month-oktober","33":"pa_available-month-november","34":"pa_available-month-december","35":"pa_destinations-nuuk","36":"pa_difficulty-let","37":"pa_duration-6-timer","38":"pa_tour-type-dagsture","39":"yith_shop_vendor-nuuk-water-taxi-da","40":"yith_booking_service-additional-charter-hour-in-nuuk-2490-dkk","42":"first","43":"instock","44":"virtual","45":"sold-individually","46":"purchasable","47":"product-type-booking"},"acf":[],"yoast_head":"<!-- This site is optimized with the Yoast SEO plugin v25.6 - https:\/\/yoast.com\/wordpress\/plugins\/seo\/ -->\n<title>Privat Gletsjer Cruise | Narsap Sermia Gletsjer | Nuuk | Guide to Greenland<\/title>\n<meta name=\"description\" content=\"Rejs mellem isbjerge, pukkelhvaler og s\u00e6ler til Nuuk fjords gletsjer. Dette er et arktisk krydstogt for dig, der nyder Gr\u00f8nlands natur.\" \/>\n<meta name=\"robots\" content=\"index, follow, max-snippet:-1, max-image-preview:large, max-video-preview:-1\" \/>\n<link rel=\"canonical\" href=\"https:\/\/guidetogreenland.com\/da\/reserver-ferie-rejser\/privat-gletsjer-cruise-narsap-sermia-gletsjer-nuuk\/\" \/>\n<meta property=\"og:locale\" content=\"da_DK\" \/>\n<meta property=\"og:type\" content=\"article\" \/>\n<meta property=\"og:title\" content=\"Privat Gletsjer Cruise | Narsap Sermia Gletsjer | Nuuk | Guide to Greenland\" \/>\n<meta property=\"og:description\" content=\"Rejs mellem isbjerge, pukkelhvaler og s\u00e6ler til Nuuk fjords gletsjer. Dette er et arktisk krydstogt for dig, der nyder Gr\u00f8nlands natur.\" \/>\n<meta property=\"og:url\" content=\"https:\/\/guidetogreenland.com\/da\/reserver-ferie-rejser\/privat-gletsjer-cruise-narsap-sermia-gletsjer-nuuk\/\" \/>\n<meta property=\"og:site_name\" content=\"Guide to Greenland\" \/>\n<meta property=\"article:modified_time\" content=\"2025-08-23T06:22:45+00:00\" \/>\n<meta property=\"og:image\" content=\"https:\/\/guidetogreenland.com\/wp-content\/uploads\/2020\/05\/private-glacier-cruise-narsap-sermia-glacier-nuuk-Guide-to-Greenland2.jpeg\" \/>\n\t<meta property=\"og:image:width\" content=\"2070\" \/>\n\t<meta property=\"og:image:height\" content=\"1380\" \/>\n\t<meta property=\"og:image:type\" content=\"image\/jpeg\" \/>\n<meta name=\"twitter:card\" content=\"summary_large_image\" \/>\n<meta name=\"twitter:label1\" content=\"Estimeret l\u00e6setid\" \/>\n\t<meta name=\"twitter:data1\" content=\"2 minutter\" \/>\n<script type=\"application\/ld+json\" class=\"yoast-schema-graph\">{\"@context\":\"https:\/\/schema.org\",\"@graph\":[{\"@type\":\"WebPage\",\"@id\":\"https:\/\/guidetogreenland.com\/da\/reserver-ferie-rejser\/privat-gletsjer-cruise-narsap-sermia-gletsjer-nuuk\/\",\"url\":\"https:\/\/guidetogreenland.com\/da\/reserver-ferie-rejser\/privat-gletsjer-cruise-narsap-sermia-gletsjer-nuuk\/\",\"name\":\"Privat Gletsjer Cruise | Narsap Sermia Gletsjer | Nuuk | Guide to Greenland\",\"isPartOf\":{\"@id\":\"https:\/\/guidetogreenland.com\/da\/#website\"},\"primaryImageOfPage\":{\"@id\":\"https:\/\/guidetogreenland.com\/da\/reserver-ferie-rejser\/privat-gletsjer-cruise-narsap-sermia-gletsjer-nuuk\/#primaryimage\"},\"image\":{\"@id\":\"https:\/\/guidetogreenland.com\/da\/reserver-ferie-rejser\/privat-gletsjer-cruise-narsap-sermia-gletsjer-nuuk\/#primaryimage\"},\"thumbnailUrl\":\"https:\/\/guidetogreenland.com\/wp-content\/uploads\/2020\/05\/private-glacier-cruise-narsap-sermia-glacier-nuuk-Guide-to-Greenland2.jpeg\",\"datePublished\":\"2020-05-26T16:23:16+00:00\",\"dateModified\":\"2025-08-23T06:22:45+00:00\",\"description\":\"Rejs mellem isbjerge, pukkelhvaler og s\u00e6ler til Nuuk fjords gletsjer. Dette er et arktisk krydstogt for dig, der nyder Gr\u00f8nlands natur.\",\"breadcrumb\":{\"@id\":\"https:\/\/guidetogreenland.com\/da\/reserver-ferie-rejser\/privat-gletsjer-cruise-narsap-sermia-gletsjer-nuuk\/#breadcrumb\"},\"inLanguage\":\"da-DK\",\"potentialAction\":[{\"@type\":\"ReadAction\",\"target\":[\"https:\/\/guidetogreenland.com\/da\/reserver-ferie-rejser\/privat-gletsjer-cruise-narsap-sermia-gletsjer-nuuk\/\"]}]},{\"@type\":\"ImageObject\",\"inLanguage\":\"da-DK\",\"@id\":\"https:\/\/guidetogreenland.com\/da\/reserver-ferie-rejser\/privat-gletsjer-cruise-narsap-sermia-gletsjer-nuuk\/#primaryimage\",\"url\":\"https:\/\/guidetogreenland.com\/wp-content\/uploads\/2020\/05\/private-glacier-cruise-narsap-sermia-glacier-nuuk-Guide-to-Greenland2.jpeg\",\"contentUrl\":\"https:\/\/guidetogreenland.com\/wp-content\/uploads\/2020\/05\/private-glacier-cruise-narsap-sermia-glacier-nuuk-Guide-to-Greenland2.jpeg\",\"width\":2070,\"height\":1380},{\"@type\":\"BreadcrumbList\",\"@id\":\"https:\/\/guidetogreenland.com\/da\/reserver-ferie-rejser\/privat-gletsjer-cruise-narsap-sermia-gletsjer-nuuk\/#breadcrumb\",\"itemListElement\":[{\"@type\":\"ListItem\",\"position\":1,\"name\":\"Home\",\"item\":\"https:\/\/guidetogreenland.com\/da\/\"},{\"@type\":\"ListItem\",\"position\":2,\"name\":\"Se alle ture\",\"item\":\"https:\/\/guidetogreenland.com\/da\/reserver-ferie-rejser\/\"},{\"@type\":\"ListItem\",\"position\":3,\"name\":\"Privat Gletsjer Cruise | Narsap Sermia Gletsjer | Nuuk\"}]},{\"@type\":\"WebSite\",\"@id\":\"https:\/\/guidetogreenland.com\/da\/#website\",\"url\":\"https:\/\/guidetogreenland.com\/da\/\",\"name\":\"Guide to Greenland\",\"description\":\"Largest selection of tours in Greenland\",\"potentialAction\":[{\"@type\":\"SearchAction\",\"target\":{\"@type\":\"EntryPoint\",\"urlTemplate\":\"https:\/\/guidetogreenland.com\/da\/?s={search_term_string}\"},\"query-input\":{\"@type\":\"PropertyValueSpecification\",\"valueRequired\":true,\"valueName\":\"search_term_string\"}}],\"inLanguage\":\"da-DK\"}]}<\/script>\n<!-- \/ Yoast SEO plugin. -->","yoast_head_json":{"title":"Privat Gletsjer Cruise | Narsap Sermia Gletsjer | Nuuk | Guide to Greenland","description":"Rejs mellem isbjerge, pukkelhvaler og s\u00e6ler til Nuuk fjords gletsjer. Dette er et arktisk krydstogt for dig, der nyder Gr\u00f8nlands natur.","robots":{"index":"index","follow":"follow","max-snippet":"max-snippet:-1","max-image-preview":"max-image-preview:large","max-video-preview":"max-video-preview:-1"},"canonical":"https:\/\/guidetogreenland.com\/da\/reserver-ferie-rejser\/privat-gletsjer-cruise-narsap-sermia-gletsjer-nuuk\/","og_locale":"da_DK","og_type":"article","og_title":"Privat Gletsjer Cruise | Narsap Sermia Gletsjer | Nuuk | Guide to Greenland","og_description":"Rejs mellem isbjerge, pukkelhvaler og s\u00e6ler til Nuuk fjords gletsjer. Dette er et arktisk krydstogt for dig, der nyder Gr\u00f8nlands natur.","og_url":"https:\/\/guidetogreenland.com\/da\/reserver-ferie-rejser\/privat-gletsjer-cruise-narsap-sermia-gletsjer-nuuk\/","og_site_name":"Guide to Greenland","article_modified_time":"2025-08-23T06:22:45+00:00","og_image":[{"width":2070,"height":1380,"url":"https:\/\/guidetogreenland.com\/wp-content\/uploads\/2020\/05\/private-glacier-cruise-narsap-sermia-glacier-nuuk-Guide-to-Greenland2.jpeg","type":"image\/jpeg"}],"twitter_card":"summary_large_image","twitter_misc":{"Estimeret l\u00e6setid":"2 minutter"},"schema":{"@context":"https:\/\/schema.org","@graph":[{"@type":"WebPage","@id":"https:\/\/guidetogreenland.com\/da\/reserver-ferie-rejser\/privat-gletsjer-cruise-narsap-sermia-gletsjer-nuuk\/","url":"https:\/\/guidetogreenland.com\/da\/reserver-ferie-rejser\/privat-gletsjer-cruise-narsap-sermia-gletsjer-nuuk\/","name":"Privat Gletsjer Cruise | Narsap Sermia Gletsjer | Nuuk | Guide to Greenland","isPartOf":{"@id":"https:\/\/guidetogreenland.com\/da\/#website"},"primaryImageOfPage":{"@id":"https:\/\/guidetogreenland.com\/da\/reserver-ferie-rejser\/privat-gletsjer-cruise-narsap-sermia-gletsjer-nuuk\/#primaryimage"},"image":{"@id":"https:\/\/guidetogreenland.com\/da\/reserver-ferie-rejser\/privat-gletsjer-cruise-narsap-sermia-gletsjer-nuuk\/#primaryimage"},"thumbnailUrl":"https:\/\/guidetogreenland.com\/wp-content\/uploads\/2020\/05\/private-glacier-cruise-narsap-sermia-glacier-nuuk-Guide-to-Greenland2.jpeg","datePublished":"2020-05-26T16:23:16+00:00","dateModified":"2025-08-23T06:22:45+00:00","description":"Rejs mellem isbjerge, pukkelhvaler og s\u00e6ler til Nuuk fjords gletsjer. Dette er et arktisk krydstogt for dig, der nyder Gr\u00f8nlands natur.","breadcrumb":{"@id":"https:\/\/guidetogreenland.com\/da\/reserver-ferie-rejser\/privat-gletsjer-cruise-narsap-sermia-gletsjer-nuuk\/#breadcrumb"},"inLanguage":"da-DK","potentialAction":[{"@type":"ReadAction","target":["https:\/\/guidetogreenland.com\/da\/reserver-ferie-rejser\/privat-gletsjer-cruise-narsap-sermia-gletsjer-nuuk\/"]}]},{"@type":"ImageObject","inLanguage":"da-DK","@id":"https:\/\/guidetogreenland.com\/da\/reserver-ferie-rejser\/privat-gletsjer-cruise-narsap-sermia-gletsjer-nuuk\/#primaryimage","url":"https:\/\/guidetogreenland.com\/wp-content\/uploads\/2020\/05\/private-glacier-cruise-narsap-sermia-glacier-nuuk-Guide-to-Greenland2.jpeg","contentUrl":"https:\/\/guidetogreenland.com\/wp-content\/uploads\/2020\/05\/private-glacier-cruise-narsap-sermia-glacier-nuuk-Guide-to-Greenland2.jpeg","width":2070,"height":1380},{"@type":"BreadcrumbList","@id":"https:\/\/guidetogreenland.com\/da\/reserver-ferie-rejser\/privat-gletsjer-cruise-narsap-sermia-gletsjer-nuuk\/#breadcrumb","itemListElement":[{"@type":"ListItem","position":1,"name":"Home","item":"https:\/\/guidetogreenland.com\/da\/"},{"@type":"ListItem","position":2,"name":"Se alle ture","item":"https:\/\/guidetogreenland.com\/da\/reserver-ferie-rejser\/"},{"@type":"ListItem","position":3,"name":"Privat Gletsjer Cruise | Narsap Sermia Gletsjer | Nuuk"}]},{"@type":"WebSite","@id":"https:\/\/guidetogreenland.com\/da\/#website","url":"https:\/\/guidetogreenland.com\/da\/","name":"Guide to Greenland","description":"Largest selection of tours in Greenland","potentialAction":[{"@type":"SearchAction","target":{"@type":"EntryPoint","urlTemplate":"https:\/\/guidetogreenland.com\/da\/?s={search_term_string}"},"query-input":{"@type":"PropertyValueSpecification","valueRequired":true,"valueName":"search_term_string"}}],"inLanguage":"da-DK"}]}},"_links":{"self":[{"href":"https:\/\/guidetogreenland.com\/da\/wp-json\/wp\/v2\/product\/13961","targetHints":{"allow":["GET"]}}],"collection":[{"href":"https:\/\/guidetogreenland.com\/da\/wp-json\/wp\/v2\/product"}],"about":[{"href":"https:\/\/guidetogreenland.com\/da\/wp-json\/wp\/v2\/types\/product"}],"replies":[{"embeddable":true,"href":"https:\/\/guidetogreenland.com\/da\/wp-json\/wp\/v2\/comments?post=13961"}],"wp:featuredmedia":[{"embeddable":true,"href":"https:\/\/guidetogreenland.com\/da\/wp-json\/wp\/v2\/media\/13963"}],"wp:attachment":[{"href":"https:\/\/guidetogreenland.com\/da\/wp-json\/wp\/v2\/media?parent=13961"}],"wp:term":[{"taxonomy":"product_brand","embeddable":true,"href":"https:\/\/guidetogreenland.com\/da\/wp-json\/wp\/v2\/product_brand?post=13961"},{"taxonomy":"product_cat","embeddable":true,"href":"https:\/\/guidetogreenland.com\/da\/wp-json\/wp\/v2\/product_cat?post=13961"},{"taxonomy":"product_tag","embeddable":true,"href":"https:\/\/guidetogreenland.com\/da\/wp-json\/wp\/v2\/product_tag?post=13961"}],"curies":[{"name":"wp","href":"https:\/\/api.w.org\/{rel}","templated":true}]}}