{"id":13977,"date":"2020-05-18T16:47:24","date_gmt":"2020-05-18T16:47:24","guid":{"rendered":"https:\/\/guidetogreenland.com\/book-trips-holiday\/private-whale-safari-ilulissat-disko-bay\/"},"modified":"2024-08-07T11:21:40","modified_gmt":"2024-08-07T14:21:40","slug":"privat-hval-safari-ilulissat-diskobugt","status":"publish","type":"product","link":"https:\/\/guidetogreenland.com\/da\/reserver-ferie-rejser\/hvalsafari-ilulissat-diskobugten\/","title":{"rendered":"Hvalsafari | Ilulissat | Diskobugten"},"content":{"rendered":"<p class=\"x-18pep25\">Denne tur tager dig ud blandt havets fantastiske k\u00e6mper, s\u00e6rligt pukkelhvalen, der kan lide at bruge sin sommer i Diskobugten. Hvis vi er heldige kan det v\u00e6re at vi ogs\u00e5 f\u00e5r andre hvaler som fx gr\u00f8nlandshvalen at se.<\/p>\n<p class=\"x-18pep25\">Disse enorme pattedyr tager rejsen til Diskobugten hvert \u00e5r, da havet her er meget rigt p\u00e5 store m\u00e6ngder af krill og andre sm\u00e5 fisk, som hvalerne m\u00e6sker sig i.<\/p>\n<p class=\"e1imf5dp0 x-jm2771\">Pukkelhvalerne sv\u00f8mmer hvert \u00e5r hele vejen fra Haiti og Puerto Rico, hvor de i vinter m\u00e5nederne holder til for at parre sig. Disse fantastiske hvaler kan blive op til 15 meter lange og veje omkring 30 tons. Hvalen er genkende<span class=\"x-12abj6v e1uuu2lt3\">lig p\u00e5 dens elegante hale. St\u00e5 p\u00e5 d\u00e6kket og nyd synet af hvalerne leg og se dem mellem b\u00f8lgerne, alt imens du nyde den friske arktiske luft. Oplev den overv\u00e6ldende f\u00f8lelse af at komme helt t\u00e6t p\u00e5 havets majest\u00e6tiske giganter. Se tilg\u00e6ngeligheden ved at trykke p\u00e5 &#8216;V\u00e6lg dato&#8217; ovenover og bestil din rejse i dag.<\/span><\/p>\n<p class=\"e1imf5dp0 x-jm2771\"><span class=\"x-12abj6v e1uuu2lt3\">Prisen er for indtil 6 passagere.<\/span><\/p>\n","protected":false},"excerpt":{"rendered":"Denne tur tager dig ud blandt havets fantastiske k\u00e6mper, s\u00e6rligt pukkelhvalen, der kan lide at bruge sin sommer i Diskobugten. Hvis vi er heldige kan det v\u00e6re at vi ogs\u00e5 f\u00e5r andre hvaler som fx gr\u00f8nlandshvalen at se. Disse enorme pattedyr tager rejsen til Diskobugten hvert \u00e5r, da havet her er meget rigt p\u00e5 store&#8230;","protected":false},"featured_media":13978,"comment_status":"open","ping_status":"closed","template":"","meta":[],"product_brand":[],"product_cat":[594,621,605,629,620,612,631,593,627,643,644],"product_tag":[919],"class_list":{"0":"post-13977","1":"product","2":"type-product","3":"status-publish","4":"has-post-thumbnail","6":"product_cat-baadture","7":"product_cat-charterture","8":"product_cat-dagsture-om-sommeren","9":"product_cat-disko-bugten","10":"product_cat-hvalsafari-ture","11":"product_cat-natur-og-dyreliv-i-groenland","12":"product_cat-nordgroenland","13":"product_cat-oplevelser-i-groenland","14":"product_cat-ture-i-bestemte-omraader","15":"product_cat-ture-i-hver-by","16":"product_cat-ture-i-ilulissat","17":"product_tag-ilulissat-da","18":"pa_activities-baadtur","19":"pa_activities-charterrede-ture","20":"pa_activities-dyreliv-safari","21":"pa_activities-hval-safari","22":"pa_attractions-ilulissat-icefjord","23":"pa_available-month-juni","24":"pa_available-month-juli","25":"pa_available-month-august","26":"pa_available-month-september","27":"pa_destinations-ilulissat","28":"pa_difficulty-let","29":"pa_duration-4-timer","30":"pa_tour-type-dagsture","31":"yith_shop_vendor-ilulissat-water-tours-da","32":"yith_booking_service-additional-hours-charter","34":"first","35":"instock","36":"virtual","37":"sold-individually","38":"purchasable","39":"product-type-booking"},"acf":[],"yoast_head":"<!-- This site is optimized with the Yoast SEO plugin v25.6 - https:\/\/yoast.com\/wordpress\/plugins\/seo\/ -->\n<title>Hvalsafari | Ilulissat | Diskobugten | Guide to Greenland<\/title>\n<meta name=\"robots\" content=\"index, follow, max-snippet:-1, max-image-preview:large, max-video-preview:-1\" \/>\n<link rel=\"canonical\" href=\"https:\/\/guidetogreenland.com\/da\/reserver-ferie-rejser\/hvalsafari-ilulissat-diskobugten\/\" \/>\n<meta property=\"og:locale\" content=\"da_DK\" \/>\n<meta property=\"og:type\" content=\"article\" \/>\n<meta property=\"og:title\" content=\"Hvalsafari | Ilulissat | Diskobugten | Guide to Greenland\" \/>\n<meta property=\"og:description\" content=\"Denne tur tager dig ud blandt havets fantastiske k\u00e6mper, s\u00e6rligt pukkelhvalen, der kan lide at bruge sin sommer i Diskobugten. Hvis vi er heldige kan det v\u00e6re at vi ogs\u00e5 f\u00e5r andre hvaler som fx gr\u00f8nlandshvalen at se. Disse enorme pattedyr tager rejsen til Diskobugten hvert \u00e5r, da havet her er meget rigt p\u00e5 store...\" \/>\n<meta property=\"og:url\" content=\"https:\/\/guidetogreenland.com\/da\/reserver-ferie-rejser\/hvalsafari-ilulissat-diskobugten\/\" \/>\n<meta property=\"og:site_name\" content=\"Guide to Greenland\" \/>\n<meta property=\"article:modified_time\" content=\"2024-08-07T14:21:40+00:00\" \/>\n<meta property=\"og:image\" content=\"https:\/\/guidetogreenland.com\/wp-content\/uploads\/2020\/05\/private-whale-safari-ilulissat-disko-bay-Guide-to-Greenland1.jpg\" \/>\n\t<meta property=\"og:image:width\" content=\"926\" \/>\n\t<meta property=\"og:image:height\" content=\"617\" \/>\n\t<meta property=\"og:image:type\" content=\"image\/jpeg\" \/>\n<meta name=\"twitter:card\" content=\"summary_large_image\" \/>\n<meta name=\"twitter:label1\" content=\"Estimeret l\u00e6setid\" \/>\n\t<meta name=\"twitter:data1\" content=\"1 minut\" \/>\n<script type=\"application\/ld+json\" class=\"yoast-schema-graph\">{\"@context\":\"https:\/\/schema.org\",\"@graph\":[{\"@type\":\"WebPage\",\"@id\":\"https:\/\/guidetogreenland.com\/da\/reserver-ferie-rejser\/hvalsafari-ilulissat-diskobugten\/\",\"url\":\"https:\/\/guidetogreenland.com\/da\/reserver-ferie-rejser\/hvalsafari-ilulissat-diskobugten\/\",\"name\":\"Hvalsafari | Ilulissat | Diskobugten | Guide to Greenland\",\"isPartOf\":{\"@id\":\"https:\/\/guidetogreenland.com\/da\/#website\"},\"primaryImageOfPage\":{\"@id\":\"https:\/\/guidetogreenland.com\/da\/reserver-ferie-rejser\/hvalsafari-ilulissat-diskobugten\/#primaryimage\"},\"image\":{\"@id\":\"https:\/\/guidetogreenland.com\/da\/reserver-ferie-rejser\/hvalsafari-ilulissat-diskobugten\/#primaryimage\"},\"thumbnailUrl\":\"https:\/\/guidetogreenland.com\/wp-content\/uploads\/2020\/05\/private-whale-safari-ilulissat-disko-bay-Guide-to-Greenland1.jpg\",\"datePublished\":\"2020-05-18T16:47:24+00:00\",\"dateModified\":\"2024-08-07T14:21:40+00:00\",\"breadcrumb\":{\"@id\":\"https:\/\/guidetogreenland.com\/da\/reserver-ferie-rejser\/hvalsafari-ilulissat-diskobugten\/#breadcrumb\"},\"inLanguage\":\"da-DK\",\"potentialAction\":[{\"@type\":\"ReadAction\",\"target\":[\"https:\/\/guidetogreenland.com\/da\/reserver-ferie-rejser\/hvalsafari-ilulissat-diskobugten\/\"]}]},{\"@type\":\"ImageObject\",\"inLanguage\":\"da-DK\",\"@id\":\"https:\/\/guidetogreenland.com\/da\/reserver-ferie-rejser\/hvalsafari-ilulissat-diskobugten\/#primaryimage\",\"url\":\"https:\/\/guidetogreenland.com\/wp-content\/uploads\/2020\/05\/private-whale-safari-ilulissat-disko-bay-Guide-to-Greenland1.jpg\",\"contentUrl\":\"https:\/\/guidetogreenland.com\/wp-content\/uploads\/2020\/05\/private-whale-safari-ilulissat-disko-bay-Guide-to-Greenland1.jpg\",\"width\":926,\"height\":617},{\"@type\":\"BreadcrumbList\",\"@id\":\"https:\/\/guidetogreenland.com\/da\/reserver-ferie-rejser\/hvalsafari-ilulissat-diskobugten\/#breadcrumb\",\"itemListElement\":[{\"@type\":\"ListItem\",\"position\":1,\"name\":\"Home\",\"item\":\"https:\/\/guidetogreenland.com\/da\/\"},{\"@type\":\"ListItem\",\"position\":2,\"name\":\"Se alle ture\",\"item\":\"https:\/\/guidetogreenland.com\/da\/reserver-ferie-rejser\/\"},{\"@type\":\"ListItem\",\"position\":3,\"name\":\"Hvalsafari | Ilulissat | Diskobugten\"}]},{\"@type\":\"WebSite\",\"@id\":\"https:\/\/guidetogreenland.com\/da\/#website\",\"url\":\"https:\/\/guidetogreenland.com\/da\/\",\"name\":\"Guide to Greenland\",\"description\":\"Largest selection of tours in Greenland\",\"potentialAction\":[{\"@type\":\"SearchAction\",\"target\":{\"@type\":\"EntryPoint\",\"urlTemplate\":\"https:\/\/guidetogreenland.com\/da\/?s={search_term_string}\"},\"query-input\":{\"@type\":\"PropertyValueSpecification\",\"valueRequired\":true,\"valueName\":\"search_term_string\"}}],\"inLanguage\":\"da-DK\"}]}<\/script>\n<!-- \/ Yoast SEO plugin. -->","yoast_head_json":{"title":"Hvalsafari | Ilulissat | Diskobugten | Guide to Greenland","robots":{"index":"index","follow":"follow","max-snippet":"max-snippet:-1","max-image-preview":"max-image-preview:large","max-video-preview":"max-video-preview:-1"},"canonical":"https:\/\/guidetogreenland.com\/da\/reserver-ferie-rejser\/hvalsafari-ilulissat-diskobugten\/","og_locale":"da_DK","og_type":"article","og_title":"Hvalsafari | Ilulissat | Diskobugten | Guide to Greenland","og_description":"Denne tur tager dig ud blandt havets fantastiske k\u00e6mper, s\u00e6rligt pukkelhvalen, der kan lide at bruge sin sommer i Diskobugten. Hvis vi er heldige kan det v\u00e6re at vi ogs\u00e5 f\u00e5r andre hvaler som fx gr\u00f8nlandshvalen at se. Disse enorme pattedyr tager rejsen til Diskobugten hvert \u00e5r, da havet her er meget rigt p\u00e5 store...","og_url":"https:\/\/guidetogreenland.com\/da\/reserver-ferie-rejser\/hvalsafari-ilulissat-diskobugten\/","og_site_name":"Guide to Greenland","article_modified_time":"2024-08-07T14:21:40+00:00","og_image":[{"width":926,"height":617,"url":"https:\/\/guidetogreenland.com\/wp-content\/uploads\/2020\/05\/private-whale-safari-ilulissat-disko-bay-Guide-to-Greenland1.jpg","type":"image\/jpeg"}],"twitter_card":"summary_large_image","twitter_misc":{"Estimeret l\u00e6setid":"1 minut"},"schema":{"@context":"https:\/\/schema.org","@graph":[{"@type":"WebPage","@id":"https:\/\/guidetogreenland.com\/da\/reserver-ferie-rejser\/hvalsafari-ilulissat-diskobugten\/","url":"https:\/\/guidetogreenland.com\/da\/reserver-ferie-rejser\/hvalsafari-ilulissat-diskobugten\/","name":"Hvalsafari | Ilulissat | Diskobugten | Guide to Greenland","isPartOf":{"@id":"https:\/\/guidetogreenland.com\/da\/#website"},"primaryImageOfPage":{"@id":"https:\/\/guidetogreenland.com\/da\/reserver-ferie-rejser\/hvalsafari-ilulissat-diskobugten\/#primaryimage"},"image":{"@id":"https:\/\/guidetogreenland.com\/da\/reserver-ferie-rejser\/hvalsafari-ilulissat-diskobugten\/#primaryimage"},"thumbnailUrl":"https:\/\/guidetogreenland.com\/wp-content\/uploads\/2020\/05\/private-whale-safari-ilulissat-disko-bay-Guide-to-Greenland1.jpg","datePublished":"2020-05-18T16:47:24+00:00","dateModified":"2024-08-07T14:21:40+00:00","breadcrumb":{"@id":"https:\/\/guidetogreenland.com\/da\/reserver-ferie-rejser\/hvalsafari-ilulissat-diskobugten\/#breadcrumb"},"inLanguage":"da-DK","potentialAction":[{"@type":"ReadAction","target":["https:\/\/guidetogreenland.com\/da\/reserver-ferie-rejser\/hvalsafari-ilulissat-diskobugten\/"]}]},{"@type":"ImageObject","inLanguage":"da-DK","@id":"https:\/\/guidetogreenland.com\/da\/reserver-ferie-rejser\/hvalsafari-ilulissat-diskobugten\/#primaryimage","url":"https:\/\/guidetogreenland.com\/wp-content\/uploads\/2020\/05\/private-whale-safari-ilulissat-disko-bay-Guide-to-Greenland1.jpg","contentUrl":"https:\/\/guidetogreenland.com\/wp-content\/uploads\/2020\/05\/private-whale-safari-ilulissat-disko-bay-Guide-to-Greenland1.jpg","width":926,"height":617},{"@type":"BreadcrumbList","@id":"https:\/\/guidetogreenland.com\/da\/reserver-ferie-rejser\/hvalsafari-ilulissat-diskobugten\/#breadcrumb","itemListElement":[{"@type":"ListItem","position":1,"name":"Home","item":"https:\/\/guidetogreenland.com\/da\/"},{"@type":"ListItem","position":2,"name":"Se alle ture","item":"https:\/\/guidetogreenland.com\/da\/reserver-ferie-rejser\/"},{"@type":"ListItem","position":3,"name":"Hvalsafari | Ilulissat | Diskobugten"}]},{"@type":"WebSite","@id":"https:\/\/guidetogreenland.com\/da\/#website","url":"https:\/\/guidetogreenland.com\/da\/","name":"Guide to Greenland","description":"Largest selection of tours in Greenland","potentialAction":[{"@type":"SearchAction","target":{"@type":"EntryPoint","urlTemplate":"https:\/\/guidetogreenland.com\/da\/?s={search_term_string}"},"query-input":{"@type":"PropertyValueSpecification","valueRequired":true,"valueName":"search_term_string"}}],"inLanguage":"da-DK"}]}},"_links":{"self":[{"href":"https:\/\/guidetogreenland.com\/da\/wp-json\/wp\/v2\/product\/13977","targetHints":{"allow":["GET"]}}],"collection":[{"href":"https:\/\/guidetogreenland.com\/da\/wp-json\/wp\/v2\/product"}],"about":[{"href":"https:\/\/guidetogreenland.com\/da\/wp-json\/wp\/v2\/types\/product"}],"replies":[{"embeddable":true,"href":"https:\/\/guidetogreenland.com\/da\/wp-json\/wp\/v2\/comments?post=13977"}],"wp:featuredmedia":[{"embeddable":true,"href":"https:\/\/guidetogreenland.com\/da\/wp-json\/wp\/v2\/media\/13978"}],"wp:attachment":[{"href":"https:\/\/guidetogreenland.com\/da\/wp-json\/wp\/v2\/media?parent=13977"}],"wp:term":[{"taxonomy":"product_brand","embeddable":true,"href":"https:\/\/guidetogreenland.com\/da\/wp-json\/wp\/v2\/product_brand?post=13977"},{"taxonomy":"product_cat","embeddable":true,"href":"https:\/\/guidetogreenland.com\/da\/wp-json\/wp\/v2\/product_cat?post=13977"},{"taxonomy":"product_tag","embeddable":true,"href":"https:\/\/guidetogreenland.com\/da\/wp-json\/wp\/v2\/product_tag?post=13977"}],"curies":[{"name":"wp","href":"https:\/\/api.w.org\/{rel}","templated":true}]}}