{"id":13985,"date":"2020-05-18T17:30:59","date_gmt":"2020-05-18T17:30:59","guid":{"rendered":"https:\/\/guidetogreenland.com\/book-trips-holiday\/qorlortorsuaq-hike-qeqertarsuaq-disko-bay\/"},"modified":"2020-11-23T19:19:22","modified_gmt":"2020-11-23T19:19:22","slug":"vandretur-til-qorlortorsuaq-diskobugt","status":"publish","type":"product","link":"https:\/\/guidetogreenland.com\/da\/reserver-ferie-rejser\/vandretur-til-qorlortorsuaq-qeqertarsuaq-diskooen\/","title":{"rendered":"Vandretur til Qorlortorsuaq | Qeqertarsuaq | Disko\u00f8en"},"content":{"rendered":"<p class=\"x-18pep25\">Kom med p\u00e5 denne lette vandretur til det smukke Qorlortorsuaq vandfald, p\u00e5 din rejse til Qeqertarsuaq, Disko\u00f8en. Et bes\u00f8g til Qeqertarsuaq er en rigtig god mulighed for at komme v\u00e6k fra den travle hverdag.<\/p>\n<p class=\"x-18pep25\">P\u00e5 gr\u00f8nlandsk betyder Qorlortorsuaq &#8220;det store vandfald&#8221;. P\u00e5 denne tur g\u00e5r du v\u00e6k fra byen og ud i det storsl\u00e5ede landskab. P\u00e5 vejen vil du se et varieret landskab med stejle bjerge af basalt, gr\u00f8nt gr\u00e6s og farverige blomster.<\/p>\n<p class=\"e1imf5dp0 x-jm2771\">Efter at have vandret i en stund, vil du begynde at kunne h\u00f8re en fjern dundren fra vandfaldet og snart vil du ogs\u00e5 kunne se dette. Du vil kunne se det smukke vandfal<span class=\"x-12abj6v e1uuu2lt3\">d, der igennem mange \u00e5r at sk\u00e5ret sig igennem landskabet. De store m\u00e6ngder af vand kommer fra Lyngmark gletscheren,\u00a0der ligger midt p\u00e5 \u00f8en. Pr\u00f8v at st\u00e5 med lukkede \u00f8jne i en stund og nyd den livlige lyd fra vandfaldet.\u00a0<\/span><\/p>\n<p class=\"e1imf5dp0 x-jm2771\"><span class=\"x-12abj6v e1uuu2lt3\">Geologisk er Disko \u00f8en helt unik og anderledes end resten af Gr\u00f8nland, da den er yngre end resten af landet. En stor del af \u00f8en best\u00e5r af h\u00f8je, stejle bjerge og midt i \u00f8en ligger Lyngmark gletscheren. P\u00e5 gr\u00f8nlandsk betyder Qeqertarsuaq &#8220;den store \u00f8&#8221;, som jo giver god mening.<\/span><\/p>\n<p class=\"e1imf5dp0 x-jm2771\"><span class=\"x-12abj6v e1uuu2lt3\">Selv om selve \u00f8en geologisk er yngre en resten af Gr\u00f8nland, er byen Qeqertarsuaq en af de \u00e6ldste bos\u00e6tninger i Gr\u00f8nland, helt tilbage fra 1773.\u00a0<\/span><\/p>\n<p class=\"e1imf5dp0 x-jm2771\"><span class=\"x-12abj6v e1uuu2lt3\">Pak dine vandrest\u00f8vler og kom med ud og se den flotte gr\u00f8nlandske natur.\u00a0Se tilg\u00e6ngeligheden for denne tur ved at trykke &#8220;V\u00e6lg en dag&#8221; ovenfor og bestil din tur nu.<\/span><\/p>\n","protected":false},"excerpt":{"rendered":"Kom med p\u00e5 denne lette vandretur til det smukke Qorlortorsuaq vandfald, p\u00e5 din rejse til Qeqertarsuaq, Disko\u00f8en. Et bes\u00f8g til Qeqertarsuaq er en rigtig god mulighed for at komme v\u00e6k fra den travle hverdag. P\u00e5 gr\u00f8nlandsk betyder Qorlortorsuaq &#8220;det store vandfald&#8221;. P\u00e5 denne tur g\u00e5r du v\u00e6k fra byen og ud i det storsl\u00e5ede landskab&#8230;.","protected":false},"featured_media":13986,"comment_status":"open","ping_status":"closed","template":"","meta":[],"product_brand":[],"product_cat":[605,629,612,593,627,643,656,608],"product_tag":[934],"class_list":{"0":"post-13985","1":"product","2":"type-product","3":"status-publish","4":"has-post-thumbnail","6":"product_cat-dagsture-om-sommeren","7":"product_cat-disko-bugten","8":"product_cat-natur-og-dyreliv-i-groenland","9":"product_cat-oplevelser-i-groenland","10":"product_cat-ture-i-bestemte-omraader","11":"product_cat-ture-i-hver-by","12":"product_cat-ture-i-qeqartarsuaq","13":"product_cat-vandre-og-trekkingture","14":"product_tag-qeqertarsuaq-da","15":"pa_activities-vandretur","16":"pa_attractions-diskobugt","17":"pa_available-month-juni","18":"pa_available-month-juli","19":"pa_available-month-august","20":"pa_available-month-september","21":"pa_destinations-qeqertarsuaq","22":"pa_difficulty-let","23":"pa_duration-2-timer","24":"pa_tour-type-dagsture","25":"yith_shop_vendor-guide-to-greenland-da","27":"first","28":"instock","29":"virtual","30":"sold-individually","31":"purchasable","32":"product-type-booking"},"acf":[],"yoast_head":"<!-- This site is optimized with the Yoast SEO plugin v25.6 - https:\/\/yoast.com\/wordpress\/plugins\/seo\/ -->\n<title>Vandretur til Qorlortorsuaq | Qeqertarsuaq | Disko\u00f8en | Guide to Greenland<\/title>\n<meta name=\"robots\" content=\"index, follow, max-snippet:-1, max-image-preview:large, max-video-preview:-1\" \/>\n<link rel=\"canonical\" href=\"https:\/\/guidetogreenland.com\/da\/reserver-ferie-rejser\/vandretur-til-qorlortorsuaq-qeqertarsuaq-diskooen\/\" \/>\n<meta property=\"og:locale\" content=\"da_DK\" \/>\n<meta property=\"og:type\" content=\"article\" \/>\n<meta property=\"og:title\" content=\"Vandretur til Qorlortorsuaq | Qeqertarsuaq | Disko\u00f8en | Guide to Greenland\" \/>\n<meta property=\"og:description\" content=\"Kom med p\u00e5 denne lette vandretur til det smukke Qorlortorsuaq vandfald, p\u00e5 din rejse til Qeqertarsuaq, Disko\u00f8en. Et bes\u00f8g til Qeqertarsuaq er en rigtig god mulighed for at komme v\u00e6k fra den travle hverdag. P\u00e5 gr\u00f8nlandsk betyder Qorlortorsuaq &#8220;det store vandfald&#8221;. P\u00e5 denne tur g\u00e5r du v\u00e6k fra byen og ud i det storsl\u00e5ede landskab....\" \/>\n<meta property=\"og:url\" content=\"https:\/\/guidetogreenland.com\/da\/reserver-ferie-rejser\/vandretur-til-qorlortorsuaq-qeqertarsuaq-diskooen\/\" \/>\n<meta property=\"og:site_name\" content=\"Guide to Greenland\" \/>\n<meta property=\"article:modified_time\" content=\"2020-11-23T19:19:22+00:00\" \/>\n<meta property=\"og:image\" content=\"https:\/\/guidetogreenland.com\/wp-content\/uploads\/2020\/05\/qorlortorsuaq-hike-qeqertarsuaq-disko-bay-Guide-to-Greenland1.jpg\" \/>\n\t<meta property=\"og:image:width\" content=\"798\" \/>\n\t<meta property=\"og:image:height\" content=\"532\" \/>\n\t<meta property=\"og:image:type\" content=\"image\/jpeg\" \/>\n<meta name=\"twitter:card\" content=\"summary_large_image\" \/>\n<meta name=\"twitter:label1\" content=\"Estimeret l\u00e6setid\" \/>\n\t<meta name=\"twitter:data1\" content=\"1 minut\" \/>\n<script type=\"application\/ld+json\" class=\"yoast-schema-graph\">{\"@context\":\"https:\/\/schema.org\",\"@graph\":[{\"@type\":\"WebPage\",\"@id\":\"https:\/\/guidetogreenland.com\/da\/reserver-ferie-rejser\/vandretur-til-qorlortorsuaq-qeqertarsuaq-diskooen\/\",\"url\":\"https:\/\/guidetogreenland.com\/da\/reserver-ferie-rejser\/vandretur-til-qorlortorsuaq-qeqertarsuaq-diskooen\/\",\"name\":\"Vandretur til Qorlortorsuaq | Qeqertarsuaq | Disko\u00f8en | Guide to Greenland\",\"isPartOf\":{\"@id\":\"https:\/\/guidetogreenland.com\/da\/#website\"},\"primaryImageOfPage\":{\"@id\":\"https:\/\/guidetogreenland.com\/da\/reserver-ferie-rejser\/vandretur-til-qorlortorsuaq-qeqertarsuaq-diskooen\/#primaryimage\"},\"image\":{\"@id\":\"https:\/\/guidetogreenland.com\/da\/reserver-ferie-rejser\/vandretur-til-qorlortorsuaq-qeqertarsuaq-diskooen\/#primaryimage\"},\"thumbnailUrl\":\"https:\/\/guidetogreenland.com\/wp-content\/uploads\/2020\/05\/qorlortorsuaq-hike-qeqertarsuaq-disko-bay-Guide-to-Greenland1.jpg\",\"datePublished\":\"2020-05-18T17:30:59+00:00\",\"dateModified\":\"2020-11-23T19:19:22+00:00\",\"breadcrumb\":{\"@id\":\"https:\/\/guidetogreenland.com\/da\/reserver-ferie-rejser\/vandretur-til-qorlortorsuaq-qeqertarsuaq-diskooen\/#breadcrumb\"},\"inLanguage\":\"da-DK\",\"potentialAction\":[{\"@type\":\"ReadAction\",\"target\":[\"https:\/\/guidetogreenland.com\/da\/reserver-ferie-rejser\/vandretur-til-qorlortorsuaq-qeqertarsuaq-diskooen\/\"]}]},{\"@type\":\"ImageObject\",\"inLanguage\":\"da-DK\",\"@id\":\"https:\/\/guidetogreenland.com\/da\/reserver-ferie-rejser\/vandretur-til-qorlortorsuaq-qeqertarsuaq-diskooen\/#primaryimage\",\"url\":\"https:\/\/guidetogreenland.com\/wp-content\/uploads\/2020\/05\/qorlortorsuaq-hike-qeqertarsuaq-disko-bay-Guide-to-Greenland1.jpg\",\"contentUrl\":\"https:\/\/guidetogreenland.com\/wp-content\/uploads\/2020\/05\/qorlortorsuaq-hike-qeqertarsuaq-disko-bay-Guide-to-Greenland1.jpg\",\"width\":798,\"height\":532},{\"@type\":\"BreadcrumbList\",\"@id\":\"https:\/\/guidetogreenland.com\/da\/reserver-ferie-rejser\/vandretur-til-qorlortorsuaq-qeqertarsuaq-diskooen\/#breadcrumb\",\"itemListElement\":[{\"@type\":\"ListItem\",\"position\":1,\"name\":\"Home\",\"item\":\"https:\/\/guidetogreenland.com\/da\/\"},{\"@type\":\"ListItem\",\"position\":2,\"name\":\"Se alle ture\",\"item\":\"https:\/\/guidetogreenland.com\/da\/reserver-ferie-rejser\/\"},{\"@type\":\"ListItem\",\"position\":3,\"name\":\"Vandretur til Qorlortorsuaq | Qeqertarsuaq | Disko\u00f8en\"}]},{\"@type\":\"WebSite\",\"@id\":\"https:\/\/guidetogreenland.com\/da\/#website\",\"url\":\"https:\/\/guidetogreenland.com\/da\/\",\"name\":\"Guide to Greenland\",\"description\":\"Largest selection of tours in Greenland\",\"potentialAction\":[{\"@type\":\"SearchAction\",\"target\":{\"@type\":\"EntryPoint\",\"urlTemplate\":\"https:\/\/guidetogreenland.com\/da\/?s={search_term_string}\"},\"query-input\":{\"@type\":\"PropertyValueSpecification\",\"valueRequired\":true,\"valueName\":\"search_term_string\"}}],\"inLanguage\":\"da-DK\"}]}<\/script>\n<!-- \/ Yoast SEO plugin. -->","yoast_head_json":{"title":"Vandretur til Qorlortorsuaq | Qeqertarsuaq | Disko\u00f8en | Guide to Greenland","robots":{"index":"index","follow":"follow","max-snippet":"max-snippet:-1","max-image-preview":"max-image-preview:large","max-video-preview":"max-video-preview:-1"},"canonical":"https:\/\/guidetogreenland.com\/da\/reserver-ferie-rejser\/vandretur-til-qorlortorsuaq-qeqertarsuaq-diskooen\/","og_locale":"da_DK","og_type":"article","og_title":"Vandretur til Qorlortorsuaq | Qeqertarsuaq | Disko\u00f8en | Guide to Greenland","og_description":"Kom med p\u00e5 denne lette vandretur til det smukke Qorlortorsuaq vandfald, p\u00e5 din rejse til Qeqertarsuaq, Disko\u00f8en. Et bes\u00f8g til Qeqertarsuaq er en rigtig god mulighed for at komme v\u00e6k fra den travle hverdag. P\u00e5 gr\u00f8nlandsk betyder Qorlortorsuaq &#8220;det store vandfald&#8221;. P\u00e5 denne tur g\u00e5r du v\u00e6k fra byen og ud i det storsl\u00e5ede landskab....","og_url":"https:\/\/guidetogreenland.com\/da\/reserver-ferie-rejser\/vandretur-til-qorlortorsuaq-qeqertarsuaq-diskooen\/","og_site_name":"Guide to Greenland","article_modified_time":"2020-11-23T19:19:22+00:00","og_image":[{"width":798,"height":532,"url":"https:\/\/guidetogreenland.com\/wp-content\/uploads\/2020\/05\/qorlortorsuaq-hike-qeqertarsuaq-disko-bay-Guide-to-Greenland1.jpg","type":"image\/jpeg"}],"twitter_card":"summary_large_image","twitter_misc":{"Estimeret l\u00e6setid":"1 minut"},"schema":{"@context":"https:\/\/schema.org","@graph":[{"@type":"WebPage","@id":"https:\/\/guidetogreenland.com\/da\/reserver-ferie-rejser\/vandretur-til-qorlortorsuaq-qeqertarsuaq-diskooen\/","url":"https:\/\/guidetogreenland.com\/da\/reserver-ferie-rejser\/vandretur-til-qorlortorsuaq-qeqertarsuaq-diskooen\/","name":"Vandretur til Qorlortorsuaq | Qeqertarsuaq | Disko\u00f8en | Guide to Greenland","isPartOf":{"@id":"https:\/\/guidetogreenland.com\/da\/#website"},"primaryImageOfPage":{"@id":"https:\/\/guidetogreenland.com\/da\/reserver-ferie-rejser\/vandretur-til-qorlortorsuaq-qeqertarsuaq-diskooen\/#primaryimage"},"image":{"@id":"https:\/\/guidetogreenland.com\/da\/reserver-ferie-rejser\/vandretur-til-qorlortorsuaq-qeqertarsuaq-diskooen\/#primaryimage"},"thumbnailUrl":"https:\/\/guidetogreenland.com\/wp-content\/uploads\/2020\/05\/qorlortorsuaq-hike-qeqertarsuaq-disko-bay-Guide-to-Greenland1.jpg","datePublished":"2020-05-18T17:30:59+00:00","dateModified":"2020-11-23T19:19:22+00:00","breadcrumb":{"@id":"https:\/\/guidetogreenland.com\/da\/reserver-ferie-rejser\/vandretur-til-qorlortorsuaq-qeqertarsuaq-diskooen\/#breadcrumb"},"inLanguage":"da-DK","potentialAction":[{"@type":"ReadAction","target":["https:\/\/guidetogreenland.com\/da\/reserver-ferie-rejser\/vandretur-til-qorlortorsuaq-qeqertarsuaq-diskooen\/"]}]},{"@type":"ImageObject","inLanguage":"da-DK","@id":"https:\/\/guidetogreenland.com\/da\/reserver-ferie-rejser\/vandretur-til-qorlortorsuaq-qeqertarsuaq-diskooen\/#primaryimage","url":"https:\/\/guidetogreenland.com\/wp-content\/uploads\/2020\/05\/qorlortorsuaq-hike-qeqertarsuaq-disko-bay-Guide-to-Greenland1.jpg","contentUrl":"https:\/\/guidetogreenland.com\/wp-content\/uploads\/2020\/05\/qorlortorsuaq-hike-qeqertarsuaq-disko-bay-Guide-to-Greenland1.jpg","width":798,"height":532},{"@type":"BreadcrumbList","@id":"https:\/\/guidetogreenland.com\/da\/reserver-ferie-rejser\/vandretur-til-qorlortorsuaq-qeqertarsuaq-diskooen\/#breadcrumb","itemListElement":[{"@type":"ListItem","position":1,"name":"Home","item":"https:\/\/guidetogreenland.com\/da\/"},{"@type":"ListItem","position":2,"name":"Se alle ture","item":"https:\/\/guidetogreenland.com\/da\/reserver-ferie-rejser\/"},{"@type":"ListItem","position":3,"name":"Vandretur til Qorlortorsuaq | Qeqertarsuaq | Disko\u00f8en"}]},{"@type":"WebSite","@id":"https:\/\/guidetogreenland.com\/da\/#website","url":"https:\/\/guidetogreenland.com\/da\/","name":"Guide to Greenland","description":"Largest selection of tours in Greenland","potentialAction":[{"@type":"SearchAction","target":{"@type":"EntryPoint","urlTemplate":"https:\/\/guidetogreenland.com\/da\/?s={search_term_string}"},"query-input":{"@type":"PropertyValueSpecification","valueRequired":true,"valueName":"search_term_string"}}],"inLanguage":"da-DK"}]}},"_links":{"self":[{"href":"https:\/\/guidetogreenland.com\/da\/wp-json\/wp\/v2\/product\/13985","targetHints":{"allow":["GET"]}}],"collection":[{"href":"https:\/\/guidetogreenland.com\/da\/wp-json\/wp\/v2\/product"}],"about":[{"href":"https:\/\/guidetogreenland.com\/da\/wp-json\/wp\/v2\/types\/product"}],"replies":[{"embeddable":true,"href":"https:\/\/guidetogreenland.com\/da\/wp-json\/wp\/v2\/comments?post=13985"}],"wp:featuredmedia":[{"embeddable":true,"href":"https:\/\/guidetogreenland.com\/da\/wp-json\/wp\/v2\/media\/13986"}],"wp:attachment":[{"href":"https:\/\/guidetogreenland.com\/da\/wp-json\/wp\/v2\/media?parent=13985"}],"wp:term":[{"taxonomy":"product_brand","embeddable":true,"href":"https:\/\/guidetogreenland.com\/da\/wp-json\/wp\/v2\/product_brand?post=13985"},{"taxonomy":"product_cat","embeddable":true,"href":"https:\/\/guidetogreenland.com\/da\/wp-json\/wp\/v2\/product_cat?post=13985"},{"taxonomy":"product_tag","embeddable":true,"href":"https:\/\/guidetogreenland.com\/da\/wp-json\/wp\/v2\/product_tag?post=13985"}],"curies":[{"name":"wp","href":"https:\/\/api.w.org\/{rel}","templated":true}]}}