{"id":13988,"date":"2020-05-26T16:47:10","date_gmt":"2020-05-26T16:47:10","guid":{"rendered":"https:\/\/guidetogreenland.com\/book-trips-holiday\/quassussuaq-mountain-hike-nuuk\/"},"modified":"2024-08-06T09:01:25","modified_gmt":"2024-08-06T12:01:25","slug":"quassussuaq-fjeldtur-nuuk","status":"publish","type":"product","link":"https:\/\/guidetogreenland.com\/da\/reserver-ferie-rejser\/quassussuaq-fjeldtur-nuuk\/","title":{"rendered":"Quassussuaq fjeldtur | Nuuk"},"content":{"rendered":"<p class=\"x-18pep25\">Quassussuaq, ogs\u00e5 kendt som Lille Malene, er Gr\u00f8nlandsk for &#8216;den store fjeldryg&#8217; &#8211; det er dog en relativt nem vandretur fra bunden af skiliften, i n\u00e6rheden af lufthavnen.<\/p>\n<p class=\"x-18pep25\">Vandreturen giver nogle fantastiske udsigter til b\u00e5de Nuuk og dybt ind i fjorden, hvor man, hvis man er heldig, godt kan se hvaler ude i det fjerne. Det 433 meter h\u00f8je fjeld er et yndet vandrem\u00e5l blandt de lokale, s\u00e5 man finder ofte andre der nyder at g\u00e5 derude, eller ogs\u00e5 er der nogle stykker der tr\u00e6ner op ad fjeldet.<\/p>\n<p class=\"x-18pep25\">Nuuk har ogs\u00e5 en del \u00f8rne, som kan v\u00e6re heldig at have sv\u00e6vende over sig, desuden er der en sj\u00e6lden gang ryper, harer og r\u00e6ve.<\/p>\n<p class=\"e1imf5dp0 x-jm2771\">Turen tager ca. 4 timer i alt.<\/p>\n<h3><\/h3>\n","protected":false},"excerpt":{"rendered":"Quassussuaq, ogs\u00e5 kendt som Lille Malene, er Gr\u00f8nlandsk for &#8216;den store fjeldryg&#8217; &#8211; det er dog en relativt nem vandretur fra bunden af skiliften, i n\u00e6rheden af lufthavnen. Vandreturen giver nogle fantastiske udsigter til b\u00e5de Nuuk og dybt ind i fjorden, hvor man, hvis man er heldig, godt kan se hvaler ude i det fjerne&#8230;.","protected":false},"featured_media":50232,"comment_status":"open","ping_status":"closed","template":"","meta":[],"product_brand":[],"product_cat":[605,612,593,652,608,633],"product_tag":[893],"class_list":{"0":"post-13988","1":"product","2":"type-product","3":"status-publish","4":"has-post-thumbnail","6":"product_cat-dagsture-om-sommeren","7":"product_cat-natur-og-dyreliv-i-groenland","8":"product_cat-oplevelser-i-groenland","9":"product_cat-ture-i-nuuk","10":"product_cat-vandre-og-trekkingture","11":"product_cat-vestgroenland","12":"product_tag-nuuk-da","13":"pa_activities-gletschervandring","14":"pa_activities-vandretur","15":"pa_attractions-quassussuaq-lille-malene","16":"pa_available-month-maj","17":"pa_available-month-juni","18":"pa_available-month-juli","19":"pa_available-month-august","20":"pa_available-month-september","21":"pa_available-month-oktober","22":"pa_destinations-nuuk","23":"pa_difficulty-haard","24":"pa_duration-5-timer","25":"pa_tour-type-dagsture","26":"yith_shop_vendor-two-ravens-da","28":"first","29":"instock","30":"virtual","31":"sold-individually","32":"purchasable","33":"product-type-booking"},"acf":[],"yoast_head":"<!-- This site is optimized with the Yoast SEO plugin v25.6 - https:\/\/yoast.com\/wordpress\/plugins\/seo\/ -->\n<title>Quassussuaq fjeldtur | Nuuk | Guide to Greenland<\/title>\n<meta name=\"robots\" content=\"index, follow, max-snippet:-1, max-image-preview:large, max-video-preview:-1\" \/>\n<link rel=\"canonical\" href=\"https:\/\/guidetogreenland.com\/da\/reserver-ferie-rejser\/quassussuaq-fjeldtur-nuuk\/\" \/>\n<meta property=\"og:locale\" content=\"da_DK\" \/>\n<meta property=\"og:type\" content=\"article\" \/>\n<meta property=\"og:title\" content=\"Quassussuaq fjeldtur | Nuuk | Guide to Greenland\" \/>\n<meta property=\"og:description\" content=\"Quassussuaq, ogs\u00e5 kendt som Lille Malene, er Gr\u00f8nlandsk for &#8216;den store fjeldryg&#8217; &#8211; det er dog en relativt nem vandretur fra bunden af skiliften, i n\u00e6rheden af lufthavnen. Vandreturen giver nogle fantastiske udsigter til b\u00e5de Nuuk og dybt ind i fjorden, hvor man, hvis man er heldig, godt kan se hvaler ude i det fjerne....\" \/>\n<meta property=\"og:url\" content=\"https:\/\/guidetogreenland.com\/da\/reserver-ferie-rejser\/quassussuaq-fjeldtur-nuuk\/\" \/>\n<meta property=\"og:site_name\" content=\"Guide to Greenland\" \/>\n<meta property=\"article:modified_time\" content=\"2024-08-06T12:01:25+00:00\" \/>\n<meta property=\"og:image\" content=\"https:\/\/guidetogreenland.com\/wp-content\/uploads\/2020\/05\/quassussuaq-mountain-hike-nuuk-Guide-to-Greenland8.jpg\" \/>\n\t<meta property=\"og:image:width\" content=\"2453\" \/>\n\t<meta property=\"og:image:height\" content=\"1380\" \/>\n\t<meta property=\"og:image:type\" content=\"image\/jpeg\" \/>\n<meta name=\"twitter:card\" content=\"summary_large_image\" \/>\n<meta name=\"twitter:label1\" content=\"Estimeret l\u00e6setid\" \/>\n\t<meta name=\"twitter:data1\" content=\"1 minut\" \/>\n<script type=\"application\/ld+json\" class=\"yoast-schema-graph\">{\"@context\":\"https:\/\/schema.org\",\"@graph\":[{\"@type\":\"WebPage\",\"@id\":\"https:\/\/guidetogreenland.com\/da\/reserver-ferie-rejser\/quassussuaq-fjeldtur-nuuk\/\",\"url\":\"https:\/\/guidetogreenland.com\/da\/reserver-ferie-rejser\/quassussuaq-fjeldtur-nuuk\/\",\"name\":\"Quassussuaq fjeldtur | Nuuk | Guide to Greenland\",\"isPartOf\":{\"@id\":\"https:\/\/guidetogreenland.com\/da\/#website\"},\"primaryImageOfPage\":{\"@id\":\"https:\/\/guidetogreenland.com\/da\/reserver-ferie-rejser\/quassussuaq-fjeldtur-nuuk\/#primaryimage\"},\"image\":{\"@id\":\"https:\/\/guidetogreenland.com\/da\/reserver-ferie-rejser\/quassussuaq-fjeldtur-nuuk\/#primaryimage\"},\"thumbnailUrl\":\"https:\/\/guidetogreenland.com\/wp-content\/uploads\/2020\/06\/Sunset-hike-to-the-top-of-Lille-Malene-Nuuk-Guide-to-Greenland6.jpeg\",\"datePublished\":\"2020-05-26T16:47:10+00:00\",\"dateModified\":\"2024-08-06T12:01:25+00:00\",\"breadcrumb\":{\"@id\":\"https:\/\/guidetogreenland.com\/da\/reserver-ferie-rejser\/quassussuaq-fjeldtur-nuuk\/#breadcrumb\"},\"inLanguage\":\"da-DK\",\"potentialAction\":[{\"@type\":\"ReadAction\",\"target\":[\"https:\/\/guidetogreenland.com\/da\/reserver-ferie-rejser\/quassussuaq-fjeldtur-nuuk\/\"]}]},{\"@type\":\"ImageObject\",\"inLanguage\":\"da-DK\",\"@id\":\"https:\/\/guidetogreenland.com\/da\/reserver-ferie-rejser\/quassussuaq-fjeldtur-nuuk\/#primaryimage\",\"url\":\"https:\/\/guidetogreenland.com\/wp-content\/uploads\/2020\/06\/Sunset-hike-to-the-top-of-Lille-Malene-Nuuk-Guide-to-Greenland6.jpeg\",\"contentUrl\":\"https:\/\/guidetogreenland.com\/wp-content\/uploads\/2020\/06\/Sunset-hike-to-the-top-of-Lille-Malene-Nuuk-Guide-to-Greenland6.jpeg\",\"width\":1200,\"height\":1600},{\"@type\":\"BreadcrumbList\",\"@id\":\"https:\/\/guidetogreenland.com\/da\/reserver-ferie-rejser\/quassussuaq-fjeldtur-nuuk\/#breadcrumb\",\"itemListElement\":[{\"@type\":\"ListItem\",\"position\":1,\"name\":\"Home\",\"item\":\"https:\/\/guidetogreenland.com\/da\/\"},{\"@type\":\"ListItem\",\"position\":2,\"name\":\"Se alle ture\",\"item\":\"https:\/\/guidetogreenland.com\/da\/reserver-ferie-rejser\/\"},{\"@type\":\"ListItem\",\"position\":3,\"name\":\"Quassussuaq fjeldtur | Nuuk\"}]},{\"@type\":\"WebSite\",\"@id\":\"https:\/\/guidetogreenland.com\/da\/#website\",\"url\":\"https:\/\/guidetogreenland.com\/da\/\",\"name\":\"Guide to Greenland\",\"description\":\"Largest selection of tours in Greenland\",\"potentialAction\":[{\"@type\":\"SearchAction\",\"target\":{\"@type\":\"EntryPoint\",\"urlTemplate\":\"https:\/\/guidetogreenland.com\/da\/?s={search_term_string}\"},\"query-input\":{\"@type\":\"PropertyValueSpecification\",\"valueRequired\":true,\"valueName\":\"search_term_string\"}}],\"inLanguage\":\"da-DK\"}]}<\/script>\n<!-- \/ Yoast SEO plugin. -->","yoast_head_json":{"title":"Quassussuaq fjeldtur | Nuuk | Guide to Greenland","robots":{"index":"index","follow":"follow","max-snippet":"max-snippet:-1","max-image-preview":"max-image-preview:large","max-video-preview":"max-video-preview:-1"},"canonical":"https:\/\/guidetogreenland.com\/da\/reserver-ferie-rejser\/quassussuaq-fjeldtur-nuuk\/","og_locale":"da_DK","og_type":"article","og_title":"Quassussuaq fjeldtur | Nuuk | Guide to Greenland","og_description":"Quassussuaq, ogs\u00e5 kendt som Lille Malene, er Gr\u00f8nlandsk for &#8216;den store fjeldryg&#8217; &#8211; det er dog en relativt nem vandretur fra bunden af skiliften, i n\u00e6rheden af lufthavnen. Vandreturen giver nogle fantastiske udsigter til b\u00e5de Nuuk og dybt ind i fjorden, hvor man, hvis man er heldig, godt kan se hvaler ude i det fjerne....","og_url":"https:\/\/guidetogreenland.com\/da\/reserver-ferie-rejser\/quassussuaq-fjeldtur-nuuk\/","og_site_name":"Guide to Greenland","article_modified_time":"2024-08-06T12:01:25+00:00","og_image":[{"width":2453,"height":1380,"url":"https:\/\/guidetogreenland.com\/wp-content\/uploads\/2020\/05\/quassussuaq-mountain-hike-nuuk-Guide-to-Greenland8.jpg","type":"image\/jpeg"}],"twitter_card":"summary_large_image","twitter_misc":{"Estimeret l\u00e6setid":"1 minut"},"schema":{"@context":"https:\/\/schema.org","@graph":[{"@type":"WebPage","@id":"https:\/\/guidetogreenland.com\/da\/reserver-ferie-rejser\/quassussuaq-fjeldtur-nuuk\/","url":"https:\/\/guidetogreenland.com\/da\/reserver-ferie-rejser\/quassussuaq-fjeldtur-nuuk\/","name":"Quassussuaq fjeldtur | Nuuk | Guide to Greenland","isPartOf":{"@id":"https:\/\/guidetogreenland.com\/da\/#website"},"primaryImageOfPage":{"@id":"https:\/\/guidetogreenland.com\/da\/reserver-ferie-rejser\/quassussuaq-fjeldtur-nuuk\/#primaryimage"},"image":{"@id":"https:\/\/guidetogreenland.com\/da\/reserver-ferie-rejser\/quassussuaq-fjeldtur-nuuk\/#primaryimage"},"thumbnailUrl":"https:\/\/guidetogreenland.com\/wp-content\/uploads\/2020\/06\/Sunset-hike-to-the-top-of-Lille-Malene-Nuuk-Guide-to-Greenland6.jpeg","datePublished":"2020-05-26T16:47:10+00:00","dateModified":"2024-08-06T12:01:25+00:00","breadcrumb":{"@id":"https:\/\/guidetogreenland.com\/da\/reserver-ferie-rejser\/quassussuaq-fjeldtur-nuuk\/#breadcrumb"},"inLanguage":"da-DK","potentialAction":[{"@type":"ReadAction","target":["https:\/\/guidetogreenland.com\/da\/reserver-ferie-rejser\/quassussuaq-fjeldtur-nuuk\/"]}]},{"@type":"ImageObject","inLanguage":"da-DK","@id":"https:\/\/guidetogreenland.com\/da\/reserver-ferie-rejser\/quassussuaq-fjeldtur-nuuk\/#primaryimage","url":"https:\/\/guidetogreenland.com\/wp-content\/uploads\/2020\/06\/Sunset-hike-to-the-top-of-Lille-Malene-Nuuk-Guide-to-Greenland6.jpeg","contentUrl":"https:\/\/guidetogreenland.com\/wp-content\/uploads\/2020\/06\/Sunset-hike-to-the-top-of-Lille-Malene-Nuuk-Guide-to-Greenland6.jpeg","width":1200,"height":1600},{"@type":"BreadcrumbList","@id":"https:\/\/guidetogreenland.com\/da\/reserver-ferie-rejser\/quassussuaq-fjeldtur-nuuk\/#breadcrumb","itemListElement":[{"@type":"ListItem","position":1,"name":"Home","item":"https:\/\/guidetogreenland.com\/da\/"},{"@type":"ListItem","position":2,"name":"Se alle ture","item":"https:\/\/guidetogreenland.com\/da\/reserver-ferie-rejser\/"},{"@type":"ListItem","position":3,"name":"Quassussuaq fjeldtur | Nuuk"}]},{"@type":"WebSite","@id":"https:\/\/guidetogreenland.com\/da\/#website","url":"https:\/\/guidetogreenland.com\/da\/","name":"Guide to Greenland","description":"Largest selection of tours in Greenland","potentialAction":[{"@type":"SearchAction","target":{"@type":"EntryPoint","urlTemplate":"https:\/\/guidetogreenland.com\/da\/?s={search_term_string}"},"query-input":{"@type":"PropertyValueSpecification","valueRequired":true,"valueName":"search_term_string"}}],"inLanguage":"da-DK"}]}},"_links":{"self":[{"href":"https:\/\/guidetogreenland.com\/da\/wp-json\/wp\/v2\/product\/13988","targetHints":{"allow":["GET"]}}],"collection":[{"href":"https:\/\/guidetogreenland.com\/da\/wp-json\/wp\/v2\/product"}],"about":[{"href":"https:\/\/guidetogreenland.com\/da\/wp-json\/wp\/v2\/types\/product"}],"replies":[{"embeddable":true,"href":"https:\/\/guidetogreenland.com\/da\/wp-json\/wp\/v2\/comments?post=13988"}],"wp:featuredmedia":[{"embeddable":true,"href":"https:\/\/guidetogreenland.com\/da\/wp-json\/wp\/v2\/media\/50232"}],"wp:attachment":[{"href":"https:\/\/guidetogreenland.com\/da\/wp-json\/wp\/v2\/media?parent=13988"}],"wp:term":[{"taxonomy":"product_brand","embeddable":true,"href":"https:\/\/guidetogreenland.com\/da\/wp-json\/wp\/v2\/product_brand?post=13988"},{"taxonomy":"product_cat","embeddable":true,"href":"https:\/\/guidetogreenland.com\/da\/wp-json\/wp\/v2\/product_cat?post=13988"},{"taxonomy":"product_tag","embeddable":true,"href":"https:\/\/guidetogreenland.com\/da\/wp-json\/wp\/v2\/product_tag?post=13988"}],"curies":[{"name":"wp","href":"https:\/\/api.w.org\/{rel}","templated":true}]}}