{"id":14011,"date":"2020-05-18T17:21:43","date_gmt":"2020-05-18T17:21:43","guid":{"rendered":"https:\/\/guidetogreenland.com\/book-trips-holiday\/russell-glacier-kangerlussuaq-west-greenland\/"},"modified":"2026-01-25T10:38:58","modified_gmt":"2026-01-25T13:38:58","slug":"russell-glacier-kangerlussuaq-vest-greenland","status":"publish","type":"product","link":"https:\/\/guidetogreenland.com\/da\/reserver-ferie-rejser\/russell-gletsjer-kangerlussuaq-vest-gronland\/","title":{"rendered":"Russell Gletsjer | Kangerlussuaq | Vest Gr\u00f8nland"},"content":{"rendered":"<p class=\"x-18pep25\">Oplev en vaske\u00e6gte version af\u00a0Game of Thrones ismuren! Jon Snow ved intet om denne virkelige ismur! Turen starter ved Polar Lodge og k\u00f8rer dig ind i landet langs \u00f8rkenomr\u00e5der og h\u00f8je fjelde til den fantastiske Russell Gletsjer. Her f\u00e5r du set gletsjeren p\u00e5 t\u00e6t hold! Gletsjeren er nogen steder op til 60 meter og nogen gange h\u00f8jere. I k\u00f8rer s\u00e5 t\u00e6t som muligt, og kan g\u00e5 det sidste stykke for at holde sikker afstand.<\/p>\n<p class=\"e1imf5dp0 x-jm2771\">Omkring 80% af Gr\u00f8nland er d\u00e6kket af den enorme indlandsis, som kun overg\u00e5s af Antarktis. Indlandsisen har mange gletsjerfronter, og hvor du normalt skal sejle ud for at se dem kan du<span class=\"x-12abj6v e1uuu2lt3\"> som noget helt unikt k\u00f8re til Russell Gletsjeren. Om sommeren kan du ogs\u00e5 v\u00e6re heldig at se den k\u00e6lve, i et bragende tumult med isstykker p\u00e5 st\u00f8rrelse med biler der falder ned fra isv\u00e6ggen. Vi holder derfor altid en sikker afstand for ikke at risikere at komme til skade. Det er en f\u00e6nomenal mulighed for at tage nogle flotte billeder af Gletsjeren og dens mange unikke tr\u00e6k. Mens man k\u00f8rer til og fra Gletsjeren kan man v\u00e6re s\u00e5 heldig at spotte dyreliv i omr\u00e5det, som for eksempel en flok moskus okser, rensdyr, sneharer og polarr\u00e6ve. Du kan ogs\u00e5 unders\u00f8ge den arktiske flora og se mange forskellige fugle, \u00f8rne og falke har ofte reder i omr\u00e5det.\u00a0<\/span><\/p>\n<p class=\"e1imf5dp0 x-jm2771\"><span class=\"x-12abj6v e1uuu2lt3\">Turen tager cirka 4 timer, s\u00e5 v\u00e6r sikker p\u00e5 at du har noget t\u00f8j der passer til vejret og gerne nogle gode st\u00f8vler. Det kan ogs\u00e5 v\u00e6re en god id\u00e9 at medbringe snacks og vand. Men hvad venter du p\u00e5? Tag ud og beskyt The Wall mod the northeners! <\/span><\/p>\n<p>Normalt kan du booke ved at v\u00e6lge din rejsedato og klikke p\u00e5 Book nu &#8211; men p\u00e5 grund af stor eftersp\u00f8rgsel og lav kapacitet er vi for det meste udsolgt. Hvis du sender os en foresp\u00f8rgsel, vil vi g\u00f8re vores bedste for at im\u00f8dekomme dine \u00f8nsker. (Vi svarer dig, hvis det er muligt. Vi \u00f8nsker ikke at lade dig vente &#8211; s\u00e5 hvis vi ikke har svaret inden for 48 timer, har vi ingen plads). Klik og tjek om din rejseplan passer til denne rejse, der kan bookes direkte: <a href=\"https:\/\/guidetogreenland.com\/da\/reserver-ferie-rejser\/russell-gletsjer-kangerlussuaq-vest-gronland\/\"><strong>Russell Glacier<\/strong><\/a><\/p>\n","protected":false},"excerpt":{"rendered":"Oplev en vaske\u00e6gte version af\u00a0Game of Thrones ismuren! Jon Snow ved intet om denne virkelige ismur! Turen starter ved Polar Lodge og k\u00f8rer dig ind i landet langs \u00f8rkenomr\u00e5der og h\u00f8je fjelde til den fantastiske Russell Gletsjer. Her f\u00e5r du set gletsjeren p\u00e5 t\u00e6t hold! Gletsjeren er nogen steder op til 60 meter og nogen&#8230;","protected":false},"featured_media":14013,"comment_status":"open","ping_status":"closed","template":"","meta":[],"product_brand":[],"product_cat":[628,605,606,614,612,593,627,643,646,633],"product_tag":[924],"class_list":{"0":"post-14011","1":"product","2":"type-product","3":"status-publish","4":"has-post-thumbnail","6":"product_cat-arctic-circle-trail","7":"product_cat-dagsture-om-sommeren","8":"product_cat-dagsture-om-vinteren","9":"product_cat-gletsjer-og-indlandsisen","10":"product_cat-natur-og-dyreliv-i-groenland","11":"product_cat-oplevelser-i-groenland","12":"product_cat-ture-i-bestemte-omraader","13":"product_cat-ture-i-hver-by","14":"product_cat-ture-i-kangerlussuaq","15":"product_cat-vestgroenland","16":"product_tag-kangerlussuaq-da","17":"pa_activities-gletscher-udsigt","18":"pa_attractions-russell-gletscher","19":"pa_available-month-februar","20":"pa_available-month-marts","21":"pa_available-month-april","22":"pa_available-month-maj","23":"pa_available-month-juni","24":"pa_available-month-juli","25":"pa_available-month-august","26":"pa_available-month-september","27":"pa_available-month-oktober","28":"pa_available-month-november","29":"pa_destinations-kangerlussuaq","30":"pa_difficulty-let","31":"pa_duration-4-timer","32":"pa_tour-type-dagsture","33":"yith_shop_vendor-albatros-arctic-circle-da","35":"first","36":"instock","37":"virtual","38":"sold-individually","39":"purchasable","40":"product-type-booking"},"acf":[],"yoast_head":"<!-- This site is optimized with the Yoast SEO plugin v25.6 - https:\/\/yoast.com\/wordpress\/plugins\/seo\/ -->\n<title>Russell Gletsjer | Kangerlussuaq | Vest Gr\u00f8nland | Guide to Greenland<\/title>\n<meta name=\"robots\" content=\"index, follow, max-snippet:-1, max-image-preview:large, max-video-preview:-1\" \/>\n<link rel=\"canonical\" href=\"https:\/\/guidetogreenland.com\/da\/reserver-ferie-rejser\/russell-gletsjer-kangerlussuaq-vest-gronland\/\" \/>\n<meta property=\"og:locale\" content=\"da_DK\" \/>\n<meta property=\"og:type\" content=\"article\" \/>\n<meta property=\"og:title\" content=\"Russell Gletsjer | Kangerlussuaq | Vest Gr\u00f8nland | Guide to Greenland\" \/>\n<meta property=\"og:description\" content=\"Oplev en vaske\u00e6gte version af\u00a0Game of Thrones ismuren! Jon Snow ved intet om denne virkelige ismur! Turen starter ved Polar Lodge og k\u00f8rer dig ind i landet langs \u00f8rkenomr\u00e5der og h\u00f8je fjelde til den fantastiske Russell Gletsjer. Her f\u00e5r du set gletsjeren p\u00e5 t\u00e6t hold! Gletsjeren er nogen steder op til 60 meter og nogen...\" \/>\n<meta property=\"og:url\" content=\"https:\/\/guidetogreenland.com\/da\/reserver-ferie-rejser\/russell-gletsjer-kangerlussuaq-vest-gronland\/\" \/>\n<meta property=\"og:site_name\" content=\"Guide to Greenland\" \/>\n<meta property=\"article:modified_time\" content=\"2026-01-25T13:38:58+00:00\" \/>\n<meta property=\"og:image\" content=\"https:\/\/guidetogreenland.com\/wp-content\/uploads\/2020\/05\/Russell-Glacier-Kangerlussuaq-West-Greenland-Guide-to-Greenland7.jpg\" \/>\n\t<meta property=\"og:image:width\" content=\"926\" \/>\n\t<meta property=\"og:image:height\" content=\"695\" \/>\n\t<meta property=\"og:image:type\" content=\"image\/jpeg\" \/>\n<meta name=\"twitter:card\" content=\"summary_large_image\" \/>\n<meta name=\"twitter:label1\" content=\"Estimeret l\u00e6setid\" \/>\n\t<meta name=\"twitter:data1\" content=\"2 minutter\" \/>\n<script type=\"application\/ld+json\" class=\"yoast-schema-graph\">{\"@context\":\"https:\/\/schema.org\",\"@graph\":[{\"@type\":\"WebPage\",\"@id\":\"https:\/\/guidetogreenland.com\/da\/reserver-ferie-rejser\/russell-gletsjer-kangerlussuaq-vest-gronland\/\",\"url\":\"https:\/\/guidetogreenland.com\/da\/reserver-ferie-rejser\/russell-gletsjer-kangerlussuaq-vest-gronland\/\",\"name\":\"Russell Gletsjer | Kangerlussuaq | Vest Gr\u00f8nland | Guide to Greenland\",\"isPartOf\":{\"@id\":\"https:\/\/guidetogreenland.com\/da\/#website\"},\"primaryImageOfPage\":{\"@id\":\"https:\/\/guidetogreenland.com\/da\/reserver-ferie-rejser\/russell-gletsjer-kangerlussuaq-vest-gronland\/#primaryimage\"},\"image\":{\"@id\":\"https:\/\/guidetogreenland.com\/da\/reserver-ferie-rejser\/russell-gletsjer-kangerlussuaq-vest-gronland\/#primaryimage\"},\"thumbnailUrl\":\"https:\/\/guidetogreenland.com\/wp-content\/uploads\/2020\/05\/Russell-Glacier-Kangerlussuaq-West-Greenland-Guide-to-Greenland7.jpg\",\"datePublished\":\"2020-05-18T17:21:43+00:00\",\"dateModified\":\"2026-01-25T13:38:58+00:00\",\"breadcrumb\":{\"@id\":\"https:\/\/guidetogreenland.com\/da\/reserver-ferie-rejser\/russell-gletsjer-kangerlussuaq-vest-gronland\/#breadcrumb\"},\"inLanguage\":\"da-DK\",\"potentialAction\":[{\"@type\":\"ReadAction\",\"target\":[\"https:\/\/guidetogreenland.com\/da\/reserver-ferie-rejser\/russell-gletsjer-kangerlussuaq-vest-gronland\/\"]}]},{\"@type\":\"ImageObject\",\"inLanguage\":\"da-DK\",\"@id\":\"https:\/\/guidetogreenland.com\/da\/reserver-ferie-rejser\/russell-gletsjer-kangerlussuaq-vest-gronland\/#primaryimage\",\"url\":\"https:\/\/guidetogreenland.com\/wp-content\/uploads\/2020\/05\/Russell-Glacier-Kangerlussuaq-West-Greenland-Guide-to-Greenland7.jpg\",\"contentUrl\":\"https:\/\/guidetogreenland.com\/wp-content\/uploads\/2020\/05\/Russell-Glacier-Kangerlussuaq-West-Greenland-Guide-to-Greenland7.jpg\",\"width\":926,\"height\":695},{\"@type\":\"BreadcrumbList\",\"@id\":\"https:\/\/guidetogreenland.com\/da\/reserver-ferie-rejser\/russell-gletsjer-kangerlussuaq-vest-gronland\/#breadcrumb\",\"itemListElement\":[{\"@type\":\"ListItem\",\"position\":1,\"name\":\"Home\",\"item\":\"https:\/\/guidetogreenland.com\/da\/\"},{\"@type\":\"ListItem\",\"position\":2,\"name\":\"Se alle ture\",\"item\":\"https:\/\/guidetogreenland.com\/da\/reserver-ferie-rejser\/\"},{\"@type\":\"ListItem\",\"position\":3,\"name\":\"Russell Gletsjer | Kangerlussuaq | Vest Gr\u00f8nland\"}]},{\"@type\":\"WebSite\",\"@id\":\"https:\/\/guidetogreenland.com\/da\/#website\",\"url\":\"https:\/\/guidetogreenland.com\/da\/\",\"name\":\"Guide to Greenland\",\"description\":\"Largest selection of tours in Greenland\",\"potentialAction\":[{\"@type\":\"SearchAction\",\"target\":{\"@type\":\"EntryPoint\",\"urlTemplate\":\"https:\/\/guidetogreenland.com\/da\/?s={search_term_string}\"},\"query-input\":{\"@type\":\"PropertyValueSpecification\",\"valueRequired\":true,\"valueName\":\"search_term_string\"}}],\"inLanguage\":\"da-DK\"}]}<\/script>\n<!-- \/ Yoast SEO plugin. -->","yoast_head_json":{"title":"Russell Gletsjer | Kangerlussuaq | Vest Gr\u00f8nland | Guide to Greenland","robots":{"index":"index","follow":"follow","max-snippet":"max-snippet:-1","max-image-preview":"max-image-preview:large","max-video-preview":"max-video-preview:-1"},"canonical":"https:\/\/guidetogreenland.com\/da\/reserver-ferie-rejser\/russell-gletsjer-kangerlussuaq-vest-gronland\/","og_locale":"da_DK","og_type":"article","og_title":"Russell Gletsjer | Kangerlussuaq | Vest Gr\u00f8nland | Guide to Greenland","og_description":"Oplev en vaske\u00e6gte version af\u00a0Game of Thrones ismuren! Jon Snow ved intet om denne virkelige ismur! Turen starter ved Polar Lodge og k\u00f8rer dig ind i landet langs \u00f8rkenomr\u00e5der og h\u00f8je fjelde til den fantastiske Russell Gletsjer. Her f\u00e5r du set gletsjeren p\u00e5 t\u00e6t hold! Gletsjeren er nogen steder op til 60 meter og nogen...","og_url":"https:\/\/guidetogreenland.com\/da\/reserver-ferie-rejser\/russell-gletsjer-kangerlussuaq-vest-gronland\/","og_site_name":"Guide to Greenland","article_modified_time":"2026-01-25T13:38:58+00:00","og_image":[{"width":926,"height":695,"url":"https:\/\/guidetogreenland.com\/wp-content\/uploads\/2020\/05\/Russell-Glacier-Kangerlussuaq-West-Greenland-Guide-to-Greenland7.jpg","type":"image\/jpeg"}],"twitter_card":"summary_large_image","twitter_misc":{"Estimeret l\u00e6setid":"2 minutter"},"schema":{"@context":"https:\/\/schema.org","@graph":[{"@type":"WebPage","@id":"https:\/\/guidetogreenland.com\/da\/reserver-ferie-rejser\/russell-gletsjer-kangerlussuaq-vest-gronland\/","url":"https:\/\/guidetogreenland.com\/da\/reserver-ferie-rejser\/russell-gletsjer-kangerlussuaq-vest-gronland\/","name":"Russell Gletsjer | Kangerlussuaq | Vest Gr\u00f8nland | Guide to Greenland","isPartOf":{"@id":"https:\/\/guidetogreenland.com\/da\/#website"},"primaryImageOfPage":{"@id":"https:\/\/guidetogreenland.com\/da\/reserver-ferie-rejser\/russell-gletsjer-kangerlussuaq-vest-gronland\/#primaryimage"},"image":{"@id":"https:\/\/guidetogreenland.com\/da\/reserver-ferie-rejser\/russell-gletsjer-kangerlussuaq-vest-gronland\/#primaryimage"},"thumbnailUrl":"https:\/\/guidetogreenland.com\/wp-content\/uploads\/2020\/05\/Russell-Glacier-Kangerlussuaq-West-Greenland-Guide-to-Greenland7.jpg","datePublished":"2020-05-18T17:21:43+00:00","dateModified":"2026-01-25T13:38:58+00:00","breadcrumb":{"@id":"https:\/\/guidetogreenland.com\/da\/reserver-ferie-rejser\/russell-gletsjer-kangerlussuaq-vest-gronland\/#breadcrumb"},"inLanguage":"da-DK","potentialAction":[{"@type":"ReadAction","target":["https:\/\/guidetogreenland.com\/da\/reserver-ferie-rejser\/russell-gletsjer-kangerlussuaq-vest-gronland\/"]}]},{"@type":"ImageObject","inLanguage":"da-DK","@id":"https:\/\/guidetogreenland.com\/da\/reserver-ferie-rejser\/russell-gletsjer-kangerlussuaq-vest-gronland\/#primaryimage","url":"https:\/\/guidetogreenland.com\/wp-content\/uploads\/2020\/05\/Russell-Glacier-Kangerlussuaq-West-Greenland-Guide-to-Greenland7.jpg","contentUrl":"https:\/\/guidetogreenland.com\/wp-content\/uploads\/2020\/05\/Russell-Glacier-Kangerlussuaq-West-Greenland-Guide-to-Greenland7.jpg","width":926,"height":695},{"@type":"BreadcrumbList","@id":"https:\/\/guidetogreenland.com\/da\/reserver-ferie-rejser\/russell-gletsjer-kangerlussuaq-vest-gronland\/#breadcrumb","itemListElement":[{"@type":"ListItem","position":1,"name":"Home","item":"https:\/\/guidetogreenland.com\/da\/"},{"@type":"ListItem","position":2,"name":"Se alle ture","item":"https:\/\/guidetogreenland.com\/da\/reserver-ferie-rejser\/"},{"@type":"ListItem","position":3,"name":"Russell Gletsjer | Kangerlussuaq | Vest Gr\u00f8nland"}]},{"@type":"WebSite","@id":"https:\/\/guidetogreenland.com\/da\/#website","url":"https:\/\/guidetogreenland.com\/da\/","name":"Guide to Greenland","description":"Largest selection of tours in Greenland","potentialAction":[{"@type":"SearchAction","target":{"@type":"EntryPoint","urlTemplate":"https:\/\/guidetogreenland.com\/da\/?s={search_term_string}"},"query-input":{"@type":"PropertyValueSpecification","valueRequired":true,"valueName":"search_term_string"}}],"inLanguage":"da-DK"}]}},"_links":{"self":[{"href":"https:\/\/guidetogreenland.com\/da\/wp-json\/wp\/v2\/product\/14011","targetHints":{"allow":["GET"]}}],"collection":[{"href":"https:\/\/guidetogreenland.com\/da\/wp-json\/wp\/v2\/product"}],"about":[{"href":"https:\/\/guidetogreenland.com\/da\/wp-json\/wp\/v2\/types\/product"}],"replies":[{"embeddable":true,"href":"https:\/\/guidetogreenland.com\/da\/wp-json\/wp\/v2\/comments?post=14011"}],"wp:featuredmedia":[{"embeddable":true,"href":"https:\/\/guidetogreenland.com\/da\/wp-json\/wp\/v2\/media\/14013"}],"wp:attachment":[{"href":"https:\/\/guidetogreenland.com\/da\/wp-json\/wp\/v2\/media?parent=14011"}],"wp:term":[{"taxonomy":"product_brand","embeddable":true,"href":"https:\/\/guidetogreenland.com\/da\/wp-json\/wp\/v2\/product_brand?post=14011"},{"taxonomy":"product_cat","embeddable":true,"href":"https:\/\/guidetogreenland.com\/da\/wp-json\/wp\/v2\/product_cat?post=14011"},{"taxonomy":"product_tag","embeddable":true,"href":"https:\/\/guidetogreenland.com\/da\/wp-json\/wp\/v2\/product_tag?post=14011"}],"curies":[{"name":"wp","href":"https:\/\/api.w.org\/{rel}","templated":true}]}}