{"id":14020,"date":"2020-05-25T17:15:56","date_gmt":"2020-05-25T17:15:56","guid":{"rendered":"https:\/\/guidetogreenland.com\/book-trips-holiday\/russell-glacier-bbq-kangerlussuaq-west-greenland\/"},"modified":"2024-07-16T06:55:02","modified_gmt":"2024-07-16T09:55:02","slug":"russell-gletsjer-bbq-kangerlussuaq-vest-gronland","status":"publish","type":"product","link":"https:\/\/guidetogreenland.com\/da\/reserver-ferie-rejser\/russell-gletsjer-bbq-kangerlussuaq-vest-gronland\/","title":{"rendered":"Russell Gletsjer BBQ | Kangerlussuaq | Vest Gr\u00f8nland"},"content":{"rendered":"<p class=\"x-18pep25\">Nyd en l\u00e6kker barbecue med Gr\u00f8nlandske specialiteter og en f\u00e6nomenal udsigt over den fantastiske Russell gletsjers v\u00e6g af is. Solen st\u00e5r h\u00f8jt over horizonten i sommer m\u00e5nederne og nu og da presser den gletsjeren til at k\u00e6lve med et enormt brag, som rullende torden eller et piratskib der affyrer sine kanoner.<\/p>\n<p class=\"e1imf5dp0 x-jm2771\">Du hopper ind i et 4-hjulstrukket k\u00f8ret\u00f8j designet til at k\u00f8re ude i det barske terr\u00e6n, mens du stadig kan nyde udsigten gennem store panoramiske vinduer. F\u00f8r du ved af det er du midt ude i den arktiske tundra og k\u00f8re langs flotte dale og halv-golde sletter, alt imens der er gode chancer fo<span class=\"x-12abj6v e1uuu2lt3\">r at se vilde flokke af moskus og rensdyr, arktiske harer og endda polarr\u00e6ve. Se ogs\u00e5 en r\u00e6kke arktiske blomster i fuldt udspring og ind\u00e5nd den friske luft mens du nyder udsigten over fjelde, dale og selvf\u00f8lgelig, indlandsisen.<\/span><\/p>\n<p class=\"e1imf5dp0 x-jm2771\"><span class=\"x-12abj6v e1uuu2lt3\">Hele turen tager ca. 5 timer frem og tilbage. Men tiden kommer til at flyve afsted uden du l\u00e6gger m\u00e6rke til det for solen har n\u00e6sten ikke rykket sig lavere mod horisonten. S\u00e5 nyd solen og stilheden der omgiver dig, det eneste der bryder lyden er vandet der flyder i dalende, det er utroligt afslappende, s\u00e5 du kan virkelig tage det hele ind. Slip dig selv fri i den store natur og smag samtidig p\u00e5 noget af det l\u00e6kreste mad Gr\u00f8nland kan tilbyde, bare klik p\u00e5 &#8216;v\u00e6lg en dag&#8217; for oven og lad os tage dig ud p\u00e5 en uforglemmelig oplevelse.<\/span><\/p>\n","protected":false},"excerpt":{"rendered":"Nyd en l\u00e6kker barbecue med Gr\u00f8nlandske specialiteter og en f\u00e6nomenal udsigt over den fantastiske Russell gletsjers v\u00e6g af is. Solen st\u00e5r h\u00f8jt over horizonten i sommer m\u00e5nederne og nu og da presser den gletsjeren til at k\u00e6lve med et enormt brag, som rullende torden eller et piratskib der affyrer sine kanoner. Du hopper ind i&#8230;","protected":false},"featured_media":14022,"comment_status":"open","ping_status":"closed","template":"","meta":[],"product_brand":[],"product_cat":[628,605,614,612,593,627,643,646],"product_tag":[924],"class_list":{"0":"post-14020","1":"product","2":"type-product","3":"status-publish","4":"has-post-thumbnail","6":"product_cat-arctic-circle-trail","7":"product_cat-dagsture-om-sommeren","8":"product_cat-gletsjer-og-indlandsisen","9":"product_cat-natur-og-dyreliv-i-groenland","10":"product_cat-oplevelser-i-groenland","11":"product_cat-ture-i-bestemte-omraader","12":"product_cat-ture-i-hver-by","13":"product_cat-ture-i-kangerlussuaq","14":"product_tag-kangerlussuaq-da","15":"pa_activities-madsmagning","16":"pa_activities-gletscher-udsigt","17":"pa_available-month-juni","18":"pa_available-month-juli","19":"pa_available-month-august","20":"pa_destinations-kangerlussuaq","21":"pa_difficulty-let","22":"pa_duration-6-timer","23":"pa_tour-type-dagsture","24":"yith_shop_vendor-albatros-arctic-circle-da","26":"first","27":"instock","28":"virtual","29":"sold-individually","30":"purchasable","31":"product-type-booking"},"acf":[],"yoast_head":"<!-- This site is optimized with the Yoast SEO plugin v25.6 - https:\/\/yoast.com\/wordpress\/plugins\/seo\/ -->\n<title>Russell Gletsjer BBQ | Kangerlussuaq | Vest Gr\u00f8nland | Guide to Greenland<\/title>\n<meta name=\"robots\" content=\"index, follow, max-snippet:-1, max-image-preview:large, max-video-preview:-1\" \/>\n<link rel=\"canonical\" href=\"https:\/\/guidetogreenland.com\/da\/reserver-ferie-rejser\/russell-gletsjer-bbq-kangerlussuaq-vest-gronland\/\" \/>\n<meta property=\"og:locale\" content=\"da_DK\" \/>\n<meta property=\"og:type\" content=\"article\" \/>\n<meta property=\"og:title\" content=\"Russell Gletsjer BBQ | Kangerlussuaq | Vest Gr\u00f8nland | Guide to Greenland\" \/>\n<meta property=\"og:description\" content=\"Nyd en l\u00e6kker barbecue med Gr\u00f8nlandske specialiteter og en f\u00e6nomenal udsigt over den fantastiske Russell gletsjers v\u00e6g af is. Solen st\u00e5r h\u00f8jt over horizonten i sommer m\u00e5nederne og nu og da presser den gletsjeren til at k\u00e6lve med et enormt brag, som rullende torden eller et piratskib der affyrer sine kanoner. Du hopper ind i...\" \/>\n<meta property=\"og:url\" content=\"https:\/\/guidetogreenland.com\/da\/reserver-ferie-rejser\/russell-gletsjer-bbq-kangerlussuaq-vest-gronland\/\" \/>\n<meta property=\"og:site_name\" content=\"Guide to Greenland\" \/>\n<meta property=\"article:modified_time\" content=\"2024-07-16T09:55:02+00:00\" \/>\n<meta property=\"og:image\" content=\"https:\/\/guidetogreenland.com\/wp-content\/uploads\/2020\/05\/Russell-Glacier-BBQ-_-Kangerlussuaq-_-West-Greenland-Guide-to-Greenland3.jpg\" \/>\n\t<meta property=\"og:image:width\" content=\"1055\" \/>\n\t<meta property=\"og:image:height\" content=\"656\" \/>\n\t<meta property=\"og:image:type\" content=\"image\/jpeg\" \/>\n<meta name=\"twitter:card\" content=\"summary_large_image\" \/>\n<meta name=\"twitter:label1\" content=\"Estimeret l\u00e6setid\" \/>\n\t<meta name=\"twitter:data1\" content=\"1 minut\" \/>\n<script type=\"application\/ld+json\" class=\"yoast-schema-graph\">{\"@context\":\"https:\/\/schema.org\",\"@graph\":[{\"@type\":\"WebPage\",\"@id\":\"https:\/\/guidetogreenland.com\/da\/reserver-ferie-rejser\/russell-gletsjer-bbq-kangerlussuaq-vest-gronland\/\",\"url\":\"https:\/\/guidetogreenland.com\/da\/reserver-ferie-rejser\/russell-gletsjer-bbq-kangerlussuaq-vest-gronland\/\",\"name\":\"Russell Gletsjer BBQ | Kangerlussuaq | Vest Gr\u00f8nland | Guide to Greenland\",\"isPartOf\":{\"@id\":\"https:\/\/guidetogreenland.com\/da\/#website\"},\"primaryImageOfPage\":{\"@id\":\"https:\/\/guidetogreenland.com\/da\/reserver-ferie-rejser\/russell-gletsjer-bbq-kangerlussuaq-vest-gronland\/#primaryimage\"},\"image\":{\"@id\":\"https:\/\/guidetogreenland.com\/da\/reserver-ferie-rejser\/russell-gletsjer-bbq-kangerlussuaq-vest-gronland\/#primaryimage\"},\"thumbnailUrl\":\"https:\/\/guidetogreenland.com\/wp-content\/uploads\/2020\/05\/Russell-Glacier-BBQ-_-Kangerlussuaq-_-West-Greenland-Guide-to-Greenland3.jpg\",\"datePublished\":\"2020-05-25T17:15:56+00:00\",\"dateModified\":\"2024-07-16T09:55:02+00:00\",\"breadcrumb\":{\"@id\":\"https:\/\/guidetogreenland.com\/da\/reserver-ferie-rejser\/russell-gletsjer-bbq-kangerlussuaq-vest-gronland\/#breadcrumb\"},\"inLanguage\":\"da-DK\",\"potentialAction\":[{\"@type\":\"ReadAction\",\"target\":[\"https:\/\/guidetogreenland.com\/da\/reserver-ferie-rejser\/russell-gletsjer-bbq-kangerlussuaq-vest-gronland\/\"]}]},{\"@type\":\"ImageObject\",\"inLanguage\":\"da-DK\",\"@id\":\"https:\/\/guidetogreenland.com\/da\/reserver-ferie-rejser\/russell-gletsjer-bbq-kangerlussuaq-vest-gronland\/#primaryimage\",\"url\":\"https:\/\/guidetogreenland.com\/wp-content\/uploads\/2020\/05\/Russell-Glacier-BBQ-_-Kangerlussuaq-_-West-Greenland-Guide-to-Greenland3.jpg\",\"contentUrl\":\"https:\/\/guidetogreenland.com\/wp-content\/uploads\/2020\/05\/Russell-Glacier-BBQ-_-Kangerlussuaq-_-West-Greenland-Guide-to-Greenland3.jpg\",\"width\":1055,\"height\":656},{\"@type\":\"BreadcrumbList\",\"@id\":\"https:\/\/guidetogreenland.com\/da\/reserver-ferie-rejser\/russell-gletsjer-bbq-kangerlussuaq-vest-gronland\/#breadcrumb\",\"itemListElement\":[{\"@type\":\"ListItem\",\"position\":1,\"name\":\"Home\",\"item\":\"https:\/\/guidetogreenland.com\/da\/\"},{\"@type\":\"ListItem\",\"position\":2,\"name\":\"Se alle ture\",\"item\":\"https:\/\/guidetogreenland.com\/da\/reserver-ferie-rejser\/\"},{\"@type\":\"ListItem\",\"position\":3,\"name\":\"Russell Gletsjer BBQ | Kangerlussuaq | Vest Gr\u00f8nland\"}]},{\"@type\":\"WebSite\",\"@id\":\"https:\/\/guidetogreenland.com\/da\/#website\",\"url\":\"https:\/\/guidetogreenland.com\/da\/\",\"name\":\"Guide to Greenland\",\"description\":\"Largest selection of tours in Greenland\",\"potentialAction\":[{\"@type\":\"SearchAction\",\"target\":{\"@type\":\"EntryPoint\",\"urlTemplate\":\"https:\/\/guidetogreenland.com\/da\/?s={search_term_string}\"},\"query-input\":{\"@type\":\"PropertyValueSpecification\",\"valueRequired\":true,\"valueName\":\"search_term_string\"}}],\"inLanguage\":\"da-DK\"}]}<\/script>\n<!-- \/ Yoast SEO plugin. -->","yoast_head_json":{"title":"Russell Gletsjer BBQ | Kangerlussuaq | Vest Gr\u00f8nland | Guide to Greenland","robots":{"index":"index","follow":"follow","max-snippet":"max-snippet:-1","max-image-preview":"max-image-preview:large","max-video-preview":"max-video-preview:-1"},"canonical":"https:\/\/guidetogreenland.com\/da\/reserver-ferie-rejser\/russell-gletsjer-bbq-kangerlussuaq-vest-gronland\/","og_locale":"da_DK","og_type":"article","og_title":"Russell Gletsjer BBQ | Kangerlussuaq | Vest Gr\u00f8nland | Guide to Greenland","og_description":"Nyd en l\u00e6kker barbecue med Gr\u00f8nlandske specialiteter og en f\u00e6nomenal udsigt over den fantastiske Russell gletsjers v\u00e6g af is. Solen st\u00e5r h\u00f8jt over horizonten i sommer m\u00e5nederne og nu og da presser den gletsjeren til at k\u00e6lve med et enormt brag, som rullende torden eller et piratskib der affyrer sine kanoner. Du hopper ind i...","og_url":"https:\/\/guidetogreenland.com\/da\/reserver-ferie-rejser\/russell-gletsjer-bbq-kangerlussuaq-vest-gronland\/","og_site_name":"Guide to Greenland","article_modified_time":"2024-07-16T09:55:02+00:00","og_image":[{"width":1055,"height":656,"url":"https:\/\/guidetogreenland.com\/wp-content\/uploads\/2020\/05\/Russell-Glacier-BBQ-_-Kangerlussuaq-_-West-Greenland-Guide-to-Greenland3.jpg","type":"image\/jpeg"}],"twitter_card":"summary_large_image","twitter_misc":{"Estimeret l\u00e6setid":"1 minut"},"schema":{"@context":"https:\/\/schema.org","@graph":[{"@type":"WebPage","@id":"https:\/\/guidetogreenland.com\/da\/reserver-ferie-rejser\/russell-gletsjer-bbq-kangerlussuaq-vest-gronland\/","url":"https:\/\/guidetogreenland.com\/da\/reserver-ferie-rejser\/russell-gletsjer-bbq-kangerlussuaq-vest-gronland\/","name":"Russell Gletsjer BBQ | Kangerlussuaq | Vest Gr\u00f8nland | Guide to Greenland","isPartOf":{"@id":"https:\/\/guidetogreenland.com\/da\/#website"},"primaryImageOfPage":{"@id":"https:\/\/guidetogreenland.com\/da\/reserver-ferie-rejser\/russell-gletsjer-bbq-kangerlussuaq-vest-gronland\/#primaryimage"},"image":{"@id":"https:\/\/guidetogreenland.com\/da\/reserver-ferie-rejser\/russell-gletsjer-bbq-kangerlussuaq-vest-gronland\/#primaryimage"},"thumbnailUrl":"https:\/\/guidetogreenland.com\/wp-content\/uploads\/2020\/05\/Russell-Glacier-BBQ-_-Kangerlussuaq-_-West-Greenland-Guide-to-Greenland3.jpg","datePublished":"2020-05-25T17:15:56+00:00","dateModified":"2024-07-16T09:55:02+00:00","breadcrumb":{"@id":"https:\/\/guidetogreenland.com\/da\/reserver-ferie-rejser\/russell-gletsjer-bbq-kangerlussuaq-vest-gronland\/#breadcrumb"},"inLanguage":"da-DK","potentialAction":[{"@type":"ReadAction","target":["https:\/\/guidetogreenland.com\/da\/reserver-ferie-rejser\/russell-gletsjer-bbq-kangerlussuaq-vest-gronland\/"]}]},{"@type":"ImageObject","inLanguage":"da-DK","@id":"https:\/\/guidetogreenland.com\/da\/reserver-ferie-rejser\/russell-gletsjer-bbq-kangerlussuaq-vest-gronland\/#primaryimage","url":"https:\/\/guidetogreenland.com\/wp-content\/uploads\/2020\/05\/Russell-Glacier-BBQ-_-Kangerlussuaq-_-West-Greenland-Guide-to-Greenland3.jpg","contentUrl":"https:\/\/guidetogreenland.com\/wp-content\/uploads\/2020\/05\/Russell-Glacier-BBQ-_-Kangerlussuaq-_-West-Greenland-Guide-to-Greenland3.jpg","width":1055,"height":656},{"@type":"BreadcrumbList","@id":"https:\/\/guidetogreenland.com\/da\/reserver-ferie-rejser\/russell-gletsjer-bbq-kangerlussuaq-vest-gronland\/#breadcrumb","itemListElement":[{"@type":"ListItem","position":1,"name":"Home","item":"https:\/\/guidetogreenland.com\/da\/"},{"@type":"ListItem","position":2,"name":"Se alle ture","item":"https:\/\/guidetogreenland.com\/da\/reserver-ferie-rejser\/"},{"@type":"ListItem","position":3,"name":"Russell Gletsjer BBQ | Kangerlussuaq | Vest Gr\u00f8nland"}]},{"@type":"WebSite","@id":"https:\/\/guidetogreenland.com\/da\/#website","url":"https:\/\/guidetogreenland.com\/da\/","name":"Guide to Greenland","description":"Largest selection of tours in Greenland","potentialAction":[{"@type":"SearchAction","target":{"@type":"EntryPoint","urlTemplate":"https:\/\/guidetogreenland.com\/da\/?s={search_term_string}"},"query-input":{"@type":"PropertyValueSpecification","valueRequired":true,"valueName":"search_term_string"}}],"inLanguage":"da-DK"}]}},"_links":{"self":[{"href":"https:\/\/guidetogreenland.com\/da\/wp-json\/wp\/v2\/product\/14020","targetHints":{"allow":["GET"]}}],"collection":[{"href":"https:\/\/guidetogreenland.com\/da\/wp-json\/wp\/v2\/product"}],"about":[{"href":"https:\/\/guidetogreenland.com\/da\/wp-json\/wp\/v2\/types\/product"}],"replies":[{"embeddable":true,"href":"https:\/\/guidetogreenland.com\/da\/wp-json\/wp\/v2\/comments?post=14020"}],"wp:featuredmedia":[{"embeddable":true,"href":"https:\/\/guidetogreenland.com\/da\/wp-json\/wp\/v2\/media\/14022"}],"wp:attachment":[{"href":"https:\/\/guidetogreenland.com\/da\/wp-json\/wp\/v2\/media?parent=14020"}],"wp:term":[{"taxonomy":"product_brand","embeddable":true,"href":"https:\/\/guidetogreenland.com\/da\/wp-json\/wp\/v2\/product_brand?post=14020"},{"taxonomy":"product_cat","embeddable":true,"href":"https:\/\/guidetogreenland.com\/da\/wp-json\/wp\/v2\/product_cat?post=14020"},{"taxonomy":"product_tag","embeddable":true,"href":"https:\/\/guidetogreenland.com\/da\/wp-json\/wp\/v2\/product_tag?post=14020"}],"curies":[{"name":"wp","href":"https:\/\/api.w.org\/{rel}","templated":true}]}}