{"id":14032,"date":"2020-05-26T16:56:08","date_gmt":"2020-05-26T16:56:08","guid":{"rendered":"https:\/\/guidetogreenland.com\/book-trips-holiday\/searching-for-humpback-whales-among-icebergs-ilulissat\/"},"modified":"2020-12-17T13:47:41","modified_gmt":"2020-12-17T13:47:41","slug":"led-efter-pukkelhvaler-blandt-isbjergene-ilulissat","status":"publish","type":"product","link":"https:\/\/guidetogreenland.com\/da\/reserver-ferie-rejser\/led-efter-pukkelhvaler-blandt-isbjergene-ilulissat\/","title":{"rendered":"Led efter pukkelhvaler blandt isbjergene | Ilulissat"},"content":{"rendered":"<p class=\"x-18pep25\">Tag p\u00e5 udflugt og kig efter pukkelhvaler blandt enorme isfjelde i n\u00e6rheden af Ilulissat!<\/p>\n<p class=\"x-18pep25\">Denne tur tager dig ud med en lille b\u00e5d der har en lille kabine hvor man lige hurtig kan f\u00e5 varmen, mens vi s\u00f8ger efter de enorme hvaler blandt isbjerge i alle mulige former og st\u00f8rrelser.<\/p>\n<p class=\"x-18pep25\">Den mest almindelige hval i omr\u00e5det er pukkelhvalen, som ogs\u00e5 er den mest interessante da de ofte er i Ilulissat med en unge og elsker at vise deres unikke haler n\u00e5r de dykker.<\/p>\n<p class=\"e1imf5dp0 x-jm2771\">Vi kan ogs\u00e5 v\u00e6re heldige at spotte de n\u00e6stst\u00f8rste hvaler i verden, finhvalerne! De er dog noget mere sku og viser meget sj\u00e6ldent deres hale, men de<span class=\"x-12abj6v e1uuu2lt3\">t er vildt at se deres enorme krop n\u00e5r de kommer op for at f\u00e5 luft.<\/span><\/p>\n<p class=\"e1imf5dp0 x-jm2771\"><span class=\"x-12abj6v e1uuu2lt3\">Den lille b\u00e5d g\u00f8r at vi kan komme rimelig t\u00e6t p\u00e5 dem uden at forstyrre dem for meget, vi kan faktisk komme s\u00e5 t\u00e6t p\u00e5 at vi kan h\u00f8re deres bl\u00e5st.<\/span><\/p>\n<p class=\"e1imf5dp0 x-jm2771\"><span class=\"x-12abj6v e1uuu2lt3\">Pukkelhvalen tager sig rigtig godt ud i billeder med deres sorte hud der st\u00e5r i st\u00e6rk kontrast med den hvide og bl\u00e5 is. Hvis forholdene er rigtige kan vi ogs\u00e5 se deres bl\u00e5st lyse gyldent i aftenlyset.<\/span><\/p>\n<p class=\"e1imf5dp0 x-jm2771\"><span class=\"x-12abj6v e1uuu2lt3\">Det er p\u00e5 ingen m\u00e5de en overdrivelse at sige at sejlturen blandt isbjergene er vidunderlig i sig selv, men hvaler forh\u00f8jer bare oplevelsen til noget unikt, s\u00e5 t\u00f8v ikke og book din tur i dag!<\/span><\/p>\n","protected":false},"excerpt":{"rendered":"Tag p\u00e5 udflugt og kig efter pukkelhvaler blandt enorme isfjelde i n\u00e6rheden af Ilulissat! Denne tur tager dig ud med en lille b\u00e5d der har en lille kabine hvor man lige hurtig kan f\u00e5 varmen, mens vi s\u00f8ger efter de enorme hvaler blandt isbjerge i alle mulige former og st\u00f8rrelser. Den mest almindelige hval i&#8230;","protected":false},"featured_media":27860,"comment_status":"open","ping_status":"closed","template":"","meta":[],"product_brand":[],"product_cat":[594,605,629,620,692,612,644,625],"product_tag":[919],"class_list":{"0":"post-14032","1":"product","2":"type-product","3":"status-publish","4":"has-post-thumbnail","6":"product_cat-baadture","7":"product_cat-dagsture-om-sommeren","8":"product_cat-disko-bugten","9":"product_cat-hvalsafari-ture","10":"product_cat-iceberg-icefjord-tours","11":"product_cat-natur-og-dyreliv-i-groenland","12":"product_cat-ture-i-ilulissat","13":"product_cat-ture-til-verdensarv-steder-i-groenland","14":"product_tag-ilulissat-da","15":"pa_activities-baadtur","16":"pa_activities-isbjerg-udsigt","17":"pa_activities-dyreliv-safari","18":"pa_activities-hval-safari","19":"pa_attractions-ilulissat-icefjord","20":"pa_available-month-juni","21":"pa_available-month-juli","22":"pa_available-month-august","23":"pa_destinations-ilulissat","24":"pa_difficulty-let","25":"pa_duration-2-5-time","26":"pa_tour-type-dagsture","27":"yith_shop_vendor-albatros-ilulissat-da","29":"first","30":"instock","31":"virtual","32":"sold-individually","33":"purchasable","34":"product-type-booking"},"acf":[],"yoast_head":"<!-- This site is optimized with the Yoast SEO plugin v25.6 - https:\/\/yoast.com\/wordpress\/plugins\/seo\/ -->\n<title>Led efter pukkelhvaler blandt isbjergene | Ilulissat | Guide to Greenland<\/title>\n<meta name=\"robots\" content=\"index, follow, max-snippet:-1, max-image-preview:large, max-video-preview:-1\" \/>\n<link rel=\"canonical\" href=\"https:\/\/guidetogreenland.com\/da\/reserver-ferie-rejser\/led-efter-pukkelhvaler-blandt-isbjergene-ilulissat\/\" \/>\n<meta property=\"og:locale\" content=\"da_DK\" \/>\n<meta property=\"og:type\" content=\"article\" \/>\n<meta property=\"og:title\" content=\"Led efter pukkelhvaler blandt isbjergene | Ilulissat | Guide to Greenland\" \/>\n<meta property=\"og:description\" content=\"Tag p\u00e5 udflugt og kig efter pukkelhvaler blandt enorme isfjelde i n\u00e6rheden af Ilulissat! Denne tur tager dig ud med en lille b\u00e5d der har en lille kabine hvor man lige hurtig kan f\u00e5 varmen, mens vi s\u00f8ger efter de enorme hvaler blandt isbjerge i alle mulige former og st\u00f8rrelser. Den mest almindelige hval i...\" \/>\n<meta property=\"og:url\" content=\"https:\/\/guidetogreenland.com\/da\/reserver-ferie-rejser\/led-efter-pukkelhvaler-blandt-isbjergene-ilulissat\/\" \/>\n<meta property=\"og:site_name\" content=\"Guide to Greenland\" \/>\n<meta property=\"article:modified_time\" content=\"2020-12-17T13:47:41+00:00\" \/>\n<meta property=\"og:image\" content=\"https:\/\/guidetogreenland.com\/wp-content\/uploads\/2020\/05\/searching-for-humpback-whales-among-icebergs-ilulissat-Guide-to-Greenland6.jpg\" \/>\n\t<meta property=\"og:image:width\" content=\"2532\" \/>\n\t<meta property=\"og:image:height\" content=\"1380\" \/>\n\t<meta property=\"og:image:type\" content=\"image\/jpeg\" \/>\n<meta name=\"twitter:card\" content=\"summary_large_image\" \/>\n<meta name=\"twitter:label1\" content=\"Estimeret l\u00e6setid\" \/>\n\t<meta name=\"twitter:data1\" content=\"1 minut\" \/>\n<script type=\"application\/ld+json\" class=\"yoast-schema-graph\">{\"@context\":\"https:\/\/schema.org\",\"@graph\":[{\"@type\":\"WebPage\",\"@id\":\"https:\/\/guidetogreenland.com\/da\/reserver-ferie-rejser\/led-efter-pukkelhvaler-blandt-isbjergene-ilulissat\/\",\"url\":\"https:\/\/guidetogreenland.com\/da\/reserver-ferie-rejser\/led-efter-pukkelhvaler-blandt-isbjergene-ilulissat\/\",\"name\":\"Led efter pukkelhvaler blandt isbjergene | Ilulissat | Guide to Greenland\",\"isPartOf\":{\"@id\":\"https:\/\/guidetogreenland.com\/da\/#website\"},\"primaryImageOfPage\":{\"@id\":\"https:\/\/guidetogreenland.com\/da\/reserver-ferie-rejser\/led-efter-pukkelhvaler-blandt-isbjergene-ilulissat\/#primaryimage\"},\"image\":{\"@id\":\"https:\/\/guidetogreenland.com\/da\/reserver-ferie-rejser\/led-efter-pukkelhvaler-blandt-isbjergene-ilulissat\/#primaryimage\"},\"thumbnailUrl\":\"https:\/\/guidetogreenland.com\/wp-content\/uploads\/2022\/07\/sail-with-the-whales-ilulissat-disko-bay-8-scaled.jpeg\",\"datePublished\":\"2020-05-26T16:56:08+00:00\",\"dateModified\":\"2020-12-17T13:47:41+00:00\",\"breadcrumb\":{\"@id\":\"https:\/\/guidetogreenland.com\/da\/reserver-ferie-rejser\/led-efter-pukkelhvaler-blandt-isbjergene-ilulissat\/#breadcrumb\"},\"inLanguage\":\"da-DK\",\"potentialAction\":[{\"@type\":\"ReadAction\",\"target\":[\"https:\/\/guidetogreenland.com\/da\/reserver-ferie-rejser\/led-efter-pukkelhvaler-blandt-isbjergene-ilulissat\/\"]}]},{\"@type\":\"ImageObject\",\"inLanguage\":\"da-DK\",\"@id\":\"https:\/\/guidetogreenland.com\/da\/reserver-ferie-rejser\/led-efter-pukkelhvaler-blandt-isbjergene-ilulissat\/#primaryimage\",\"url\":\"https:\/\/guidetogreenland.com\/wp-content\/uploads\/2022\/07\/sail-with-the-whales-ilulissat-disko-bay-8-scaled.jpeg\",\"contentUrl\":\"https:\/\/guidetogreenland.com\/wp-content\/uploads\/2022\/07\/sail-with-the-whales-ilulissat-disko-bay-8-scaled.jpeg\",\"width\":2560,\"height\":1707},{\"@type\":\"BreadcrumbList\",\"@id\":\"https:\/\/guidetogreenland.com\/da\/reserver-ferie-rejser\/led-efter-pukkelhvaler-blandt-isbjergene-ilulissat\/#breadcrumb\",\"itemListElement\":[{\"@type\":\"ListItem\",\"position\":1,\"name\":\"Home\",\"item\":\"https:\/\/guidetogreenland.com\/da\/\"},{\"@type\":\"ListItem\",\"position\":2,\"name\":\"Se alle ture\",\"item\":\"https:\/\/guidetogreenland.com\/da\/reserver-ferie-rejser\/\"},{\"@type\":\"ListItem\",\"position\":3,\"name\":\"Led efter pukkelhvaler blandt isbjergene | Ilulissat\"}]},{\"@type\":\"WebSite\",\"@id\":\"https:\/\/guidetogreenland.com\/da\/#website\",\"url\":\"https:\/\/guidetogreenland.com\/da\/\",\"name\":\"Guide to Greenland\",\"description\":\"Largest selection of tours in Greenland\",\"potentialAction\":[{\"@type\":\"SearchAction\",\"target\":{\"@type\":\"EntryPoint\",\"urlTemplate\":\"https:\/\/guidetogreenland.com\/da\/?s={search_term_string}\"},\"query-input\":{\"@type\":\"PropertyValueSpecification\",\"valueRequired\":true,\"valueName\":\"search_term_string\"}}],\"inLanguage\":\"da-DK\"}]}<\/script>\n<!-- \/ Yoast SEO plugin. -->","yoast_head_json":{"title":"Led efter pukkelhvaler blandt isbjergene | Ilulissat | Guide to Greenland","robots":{"index":"index","follow":"follow","max-snippet":"max-snippet:-1","max-image-preview":"max-image-preview:large","max-video-preview":"max-video-preview:-1"},"canonical":"https:\/\/guidetogreenland.com\/da\/reserver-ferie-rejser\/led-efter-pukkelhvaler-blandt-isbjergene-ilulissat\/","og_locale":"da_DK","og_type":"article","og_title":"Led efter pukkelhvaler blandt isbjergene | Ilulissat | Guide to Greenland","og_description":"Tag p\u00e5 udflugt og kig efter pukkelhvaler blandt enorme isfjelde i n\u00e6rheden af Ilulissat! Denne tur tager dig ud med en lille b\u00e5d der har en lille kabine hvor man lige hurtig kan f\u00e5 varmen, mens vi s\u00f8ger efter de enorme hvaler blandt isbjerge i alle mulige former og st\u00f8rrelser. Den mest almindelige hval i...","og_url":"https:\/\/guidetogreenland.com\/da\/reserver-ferie-rejser\/led-efter-pukkelhvaler-blandt-isbjergene-ilulissat\/","og_site_name":"Guide to Greenland","article_modified_time":"2020-12-17T13:47:41+00:00","og_image":[{"width":2532,"height":1380,"url":"https:\/\/guidetogreenland.com\/wp-content\/uploads\/2020\/05\/searching-for-humpback-whales-among-icebergs-ilulissat-Guide-to-Greenland6.jpg","type":"image\/jpeg"}],"twitter_card":"summary_large_image","twitter_misc":{"Estimeret l\u00e6setid":"1 minut"},"schema":{"@context":"https:\/\/schema.org","@graph":[{"@type":"WebPage","@id":"https:\/\/guidetogreenland.com\/da\/reserver-ferie-rejser\/led-efter-pukkelhvaler-blandt-isbjergene-ilulissat\/","url":"https:\/\/guidetogreenland.com\/da\/reserver-ferie-rejser\/led-efter-pukkelhvaler-blandt-isbjergene-ilulissat\/","name":"Led efter pukkelhvaler blandt isbjergene | Ilulissat | Guide to Greenland","isPartOf":{"@id":"https:\/\/guidetogreenland.com\/da\/#website"},"primaryImageOfPage":{"@id":"https:\/\/guidetogreenland.com\/da\/reserver-ferie-rejser\/led-efter-pukkelhvaler-blandt-isbjergene-ilulissat\/#primaryimage"},"image":{"@id":"https:\/\/guidetogreenland.com\/da\/reserver-ferie-rejser\/led-efter-pukkelhvaler-blandt-isbjergene-ilulissat\/#primaryimage"},"thumbnailUrl":"https:\/\/guidetogreenland.com\/wp-content\/uploads\/2022\/07\/sail-with-the-whales-ilulissat-disko-bay-8-scaled.jpeg","datePublished":"2020-05-26T16:56:08+00:00","dateModified":"2020-12-17T13:47:41+00:00","breadcrumb":{"@id":"https:\/\/guidetogreenland.com\/da\/reserver-ferie-rejser\/led-efter-pukkelhvaler-blandt-isbjergene-ilulissat\/#breadcrumb"},"inLanguage":"da-DK","potentialAction":[{"@type":"ReadAction","target":["https:\/\/guidetogreenland.com\/da\/reserver-ferie-rejser\/led-efter-pukkelhvaler-blandt-isbjergene-ilulissat\/"]}]},{"@type":"ImageObject","inLanguage":"da-DK","@id":"https:\/\/guidetogreenland.com\/da\/reserver-ferie-rejser\/led-efter-pukkelhvaler-blandt-isbjergene-ilulissat\/#primaryimage","url":"https:\/\/guidetogreenland.com\/wp-content\/uploads\/2022\/07\/sail-with-the-whales-ilulissat-disko-bay-8-scaled.jpeg","contentUrl":"https:\/\/guidetogreenland.com\/wp-content\/uploads\/2022\/07\/sail-with-the-whales-ilulissat-disko-bay-8-scaled.jpeg","width":2560,"height":1707},{"@type":"BreadcrumbList","@id":"https:\/\/guidetogreenland.com\/da\/reserver-ferie-rejser\/led-efter-pukkelhvaler-blandt-isbjergene-ilulissat\/#breadcrumb","itemListElement":[{"@type":"ListItem","position":1,"name":"Home","item":"https:\/\/guidetogreenland.com\/da\/"},{"@type":"ListItem","position":2,"name":"Se alle ture","item":"https:\/\/guidetogreenland.com\/da\/reserver-ferie-rejser\/"},{"@type":"ListItem","position":3,"name":"Led efter pukkelhvaler blandt isbjergene | Ilulissat"}]},{"@type":"WebSite","@id":"https:\/\/guidetogreenland.com\/da\/#website","url":"https:\/\/guidetogreenland.com\/da\/","name":"Guide to Greenland","description":"Largest selection of tours in Greenland","potentialAction":[{"@type":"SearchAction","target":{"@type":"EntryPoint","urlTemplate":"https:\/\/guidetogreenland.com\/da\/?s={search_term_string}"},"query-input":{"@type":"PropertyValueSpecification","valueRequired":true,"valueName":"search_term_string"}}],"inLanguage":"da-DK"}]}},"_links":{"self":[{"href":"https:\/\/guidetogreenland.com\/da\/wp-json\/wp\/v2\/product\/14032","targetHints":{"allow":["GET"]}}],"collection":[{"href":"https:\/\/guidetogreenland.com\/da\/wp-json\/wp\/v2\/product"}],"about":[{"href":"https:\/\/guidetogreenland.com\/da\/wp-json\/wp\/v2\/types\/product"}],"replies":[{"embeddable":true,"href":"https:\/\/guidetogreenland.com\/da\/wp-json\/wp\/v2\/comments?post=14032"}],"wp:featuredmedia":[{"embeddable":true,"href":"https:\/\/guidetogreenland.com\/da\/wp-json\/wp\/v2\/media\/27860"}],"wp:attachment":[{"href":"https:\/\/guidetogreenland.com\/da\/wp-json\/wp\/v2\/media?parent=14032"}],"wp:term":[{"taxonomy":"product_brand","embeddable":true,"href":"https:\/\/guidetogreenland.com\/da\/wp-json\/wp\/v2\/product_brand?post=14032"},{"taxonomy":"product_cat","embeddable":true,"href":"https:\/\/guidetogreenland.com\/da\/wp-json\/wp\/v2\/product_cat?post=14032"},{"taxonomy":"product_tag","embeddable":true,"href":"https:\/\/guidetogreenland.com\/da\/wp-json\/wp\/v2\/product_tag?post=14032"}],"curies":[{"name":"wp","href":"https:\/\/api.w.org\/{rel}","templated":true}]}}