{"id":14041,"date":"2020-05-18T18:29:05","date_gmt":"2020-05-18T18:29:05","guid":{"rendered":"https:\/\/guidetogreenland.com\/book-trips-holiday\/sermermiut-settlement-walk-ilulissat-disko-bay\/"},"modified":"2026-01-25T10:32:25","modified_gmt":"2026-01-25T13:32:25","slug":"gaatur-til-sermermiut-dalen-ilulissat-diskobugten","status":"publish","type":"product","link":"https:\/\/guidetogreenland.com\/da\/reserver-ferie-rejser\/gatur-til-sermermiut-dalen-ilulissat-diskobugten\/","title":{"rendered":"G\u00e5tur til Sermermiut dalen | Ilulissat | Diskobugten"},"content":{"rendered":"<p class=\"x-18pep25\">Kom med os til Sermermiut dalen, og g\u00e5 i Inuitternes fodspor! En enest\u00e5ende tur for dig der \u00f8nsker at kombinere kultur, historie og Ilulissats billedsk\u00f8nne natur.<\/p>\n<p class=\"x-18pep25\">M\u00f8d guiden og lad turen g\u00e5 mod Sermermiut! Turen g\u00e5r syd for Ilulissat og tager til den smukke Sermermiut dal, hvor vi skal bes\u00f8ge den gamle Sermermiut boplads. Grundet Sermermiut dalens sk\u00f8nhed og historie er omr\u00e5det en del af UNESCO\u2019s verdensarvsliste.<\/p>\n<p class=\"e1imf5dp0 x-jm2771\">Dit eventyr starter p\u00e5 den tr\u00e6belagte gangbro, der vil bringe jer til den eventyrlige Sermerm<span class=\"x-12abj6v e1uuu2lt3\">iut dal. P\u00e5 din rejse ud i den gr\u00f8nlandske natur, fort\u00e6ller guiden dig om alt hvad du vil vide om den gr\u00f8nlandske natur, historie og kultur. Efter en halvanden kilometers vandretur ankommer du til Sermermiut. Her fort\u00e6ller guiden dig om de forskellige Inuit kulturer der gennem 4000 \u00e5r har benyttet bopladsen. Unders\u00f8g de mange t\u00f8rvehytter og m\u00e6rk permafrosten med dine egne h\u00e6nder, der hviler p\u00e5 den arktiske tundra!\u00a0<\/span><\/p>\n<p class=\"e1imf5dp0 x-jm2771\"><span class=\"x-12abj6v e1uuu2lt3\">Dagens sidste destination tager dig til Nakkaavik. Ved Nakkaavik finder du en af Ilulissats bedste udsigter. Nyd den magiske udsigt, mens du nyder en velfortjent kop kaffe! Nakkaavik er ogs\u00e5 kendt som k\u00e6llingekl\u00f8ften, og kl\u00f8ften har arvet sit navn efter den historie der tilh\u00f8rer kl\u00f8ften. Da inuitterne beboede Sermermiut bopladsen, ville \u00e6ldre inuitter kaste sig ud over kl\u00f8ften, for bopladsens overlevelse.<\/span><\/p>\n<p class=\"e1imf5dp0 x-jm2771\"><span class=\"x-12abj6v e1uuu2lt3\">Sn\u00f8r dine vandrest\u00f8vler og medbring dine medrejsende! For at se turens tilg\u00e6ngelighed tryk \u2019V\u00e6lge en dato\u2019 ovenfor.<\/span><\/p>\n","protected":false},"excerpt":{"rendered":"Kom med os til Sermermiut dalen, og g\u00e5 i Inuitternes fodspor! En enest\u00e5ende tur for dig der \u00f8nsker at kombinere kultur, historie og Ilulissats billedsk\u00f8nne natur. M\u00f8d guiden og lad turen g\u00e5 mod Sermermiut! Turen g\u00e5r syd for Ilulissat og tager til den smukke Sermermiut dal, hvor vi skal bes\u00f8ge den gamle Sermermiut boplads. Grundet&#8230;","protected":false},"featured_media":14043,"comment_status":"open","ping_status":"closed","template":"","meta":[],"product_brand":[],"product_cat":[605,606,629,692,617,612,593,627,643,644,625,608],"product_tag":[919],"class_list":{"0":"post-14041","1":"product","2":"type-product","3":"status-publish","4":"has-post-thumbnail","6":"product_cat-dagsture-om-sommeren","7":"product_cat-dagsture-om-vinteren","8":"product_cat-disko-bugten","9":"product_cat-iceberg-icefjord-tours","10":"product_cat-ilulissat-isfjord-ture","11":"product_cat-natur-og-dyreliv-i-groenland","12":"product_cat-oplevelser-i-groenland","13":"product_cat-ture-i-bestemte-omraader","14":"product_cat-ture-i-hver-by","15":"product_cat-ture-i-ilulissat","16":"product_cat-ture-til-verdensarv-steder-i-groenland","17":"product_cat-vandre-og-trekkingture","18":"product_tag-ilulissat-da","19":"pa_activities-gletschervandring","20":"pa_activities-vandretur","21":"pa_activities-groenlandsk-kultur","22":"pa_activities-isbjerg-udsigt","23":"pa_activities-unesco-omraade","24":"pa_attractions-ilulissat-icefjord","25":"pa_attractions-disko-bay-da","26":"pa_available-month-januar","27":"pa_available-month-februar","28":"pa_available-month-marts","29":"pa_available-month-april","30":"pa_available-month-maj","31":"pa_available-month-juni","32":"pa_available-month-juli","33":"pa_available-month-august","34":"pa_available-month-september","35":"pa_available-month-oktober","36":"pa_available-month-november","37":"pa_available-month-december","38":"pa_destinations-ilulissat","39":"pa_difficulty-let","40":"pa_duration-2-timer","41":"pa_tour-type-dagsture","42":"yith_shop_vendor-albatros-ilulissat-da","44":"first","45":"instock","46":"virtual","47":"sold-individually","48":"purchasable","49":"product-type-booking"},"acf":[],"yoast_head":"<!-- This site is optimized with the Yoast SEO plugin v25.6 - https:\/\/yoast.com\/wordpress\/plugins\/seo\/ -->\n<title>G\u00e5tur til Sermermiut dalen | Ilulissat | Diskobugten | Guide to Greenland<\/title>\n<meta name=\"description\" content=\"Bes\u00f8g hjertet af UNESCO&#039;s verdensarvliste, Ilulissat isfjord, p\u00e5 en g\u00e5tur gennem den historisk vigtige Sermermiut dal. Klik her og l\u00e6s mere om turen\" \/>\n<meta name=\"robots\" content=\"index, follow, max-snippet:-1, max-image-preview:large, max-video-preview:-1\" \/>\n<link rel=\"canonical\" href=\"https:\/\/guidetogreenland.com\/da\/reserver-ferie-rejser\/gatur-til-sermermiut-dalen-ilulissat-diskobugten\/\" \/>\n<meta property=\"og:locale\" content=\"da_DK\" \/>\n<meta property=\"og:type\" content=\"article\" \/>\n<meta property=\"og:title\" content=\"G\u00e5tur til Sermermiut dalen | Ilulissat | Diskobugten | Guide to Greenland\" \/>\n<meta property=\"og:description\" content=\"Bes\u00f8g hjertet af UNESCO&#039;s verdensarvliste, Ilulissat isfjord, p\u00e5 en g\u00e5tur gennem den historisk vigtige Sermermiut dal. Klik her og l\u00e6s mere om turen\" \/>\n<meta property=\"og:url\" content=\"https:\/\/guidetogreenland.com\/da\/reserver-ferie-rejser\/gatur-til-sermermiut-dalen-ilulissat-diskobugten\/\" \/>\n<meta property=\"og:site_name\" content=\"Guide to Greenland\" \/>\n<meta property=\"article:modified_time\" content=\"2026-01-25T13:32:25+00:00\" \/>\n<meta property=\"og:image\" content=\"https:\/\/guidetogreenland.com\/wp-content\/uploads\/2020\/05\/sermermiut-settlement-walk-ilulissat-disko-bay-Guide-to-Greenland7.jpg\" \/>\n\t<meta property=\"og:image:width\" content=\"1074\" \/>\n\t<meta property=\"og:image:height\" content=\"691\" \/>\n\t<meta property=\"og:image:type\" content=\"image\/jpeg\" \/>\n<meta name=\"twitter:card\" content=\"summary_large_image\" \/>\n<meta name=\"twitter:label1\" content=\"Estimeret l\u00e6setid\" \/>\n\t<meta name=\"twitter:data1\" content=\"1 minut\" \/>\n<script type=\"application\/ld+json\" class=\"yoast-schema-graph\">{\"@context\":\"https:\/\/schema.org\",\"@graph\":[{\"@type\":\"WebPage\",\"@id\":\"https:\/\/guidetogreenland.com\/da\/reserver-ferie-rejser\/gatur-til-sermermiut-dalen-ilulissat-diskobugten\/\",\"url\":\"https:\/\/guidetogreenland.com\/da\/reserver-ferie-rejser\/gatur-til-sermermiut-dalen-ilulissat-diskobugten\/\",\"name\":\"G\u00e5tur til Sermermiut dalen | Ilulissat | Diskobugten | Guide to Greenland\",\"isPartOf\":{\"@id\":\"https:\/\/guidetogreenland.com\/da\/#website\"},\"primaryImageOfPage\":{\"@id\":\"https:\/\/guidetogreenland.com\/da\/reserver-ferie-rejser\/gatur-til-sermermiut-dalen-ilulissat-diskobugten\/#primaryimage\"},\"image\":{\"@id\":\"https:\/\/guidetogreenland.com\/da\/reserver-ferie-rejser\/gatur-til-sermermiut-dalen-ilulissat-diskobugten\/#primaryimage\"},\"thumbnailUrl\":\"https:\/\/guidetogreenland.com\/wp-content\/uploads\/2020\/05\/sermermiut-settlement-walk-ilulissat-disko-bay-Guide-to-Greenland7.jpg\",\"datePublished\":\"2020-05-18T18:29:05+00:00\",\"dateModified\":\"2026-01-25T13:32:25+00:00\",\"description\":\"Bes\u00f8g hjertet af UNESCO's verdensarvliste, Ilulissat isfjord, p\u00e5 en g\u00e5tur gennem den historisk vigtige Sermermiut dal. Klik her og l\u00e6s mere om turen\",\"breadcrumb\":{\"@id\":\"https:\/\/guidetogreenland.com\/da\/reserver-ferie-rejser\/gatur-til-sermermiut-dalen-ilulissat-diskobugten\/#breadcrumb\"},\"inLanguage\":\"da-DK\",\"potentialAction\":[{\"@type\":\"ReadAction\",\"target\":[\"https:\/\/guidetogreenland.com\/da\/reserver-ferie-rejser\/gatur-til-sermermiut-dalen-ilulissat-diskobugten\/\"]}]},{\"@type\":\"ImageObject\",\"inLanguage\":\"da-DK\",\"@id\":\"https:\/\/guidetogreenland.com\/da\/reserver-ferie-rejser\/gatur-til-sermermiut-dalen-ilulissat-diskobugten\/#primaryimage\",\"url\":\"https:\/\/guidetogreenland.com\/wp-content\/uploads\/2020\/05\/sermermiut-settlement-walk-ilulissat-disko-bay-Guide-to-Greenland7.jpg\",\"contentUrl\":\"https:\/\/guidetogreenland.com\/wp-content\/uploads\/2020\/05\/sermermiut-settlement-walk-ilulissat-disko-bay-Guide-to-Greenland7.jpg\",\"width\":1074,\"height\":691},{\"@type\":\"BreadcrumbList\",\"@id\":\"https:\/\/guidetogreenland.com\/da\/reserver-ferie-rejser\/gatur-til-sermermiut-dalen-ilulissat-diskobugten\/#breadcrumb\",\"itemListElement\":[{\"@type\":\"ListItem\",\"position\":1,\"name\":\"Home\",\"item\":\"https:\/\/guidetogreenland.com\/da\/\"},{\"@type\":\"ListItem\",\"position\":2,\"name\":\"Se alle ture\",\"item\":\"https:\/\/guidetogreenland.com\/da\/reserver-ferie-rejser\/\"},{\"@type\":\"ListItem\",\"position\":3,\"name\":\"G\u00e5tur til Sermermiut dalen | Ilulissat | Diskobugten\"}]},{\"@type\":\"WebSite\",\"@id\":\"https:\/\/guidetogreenland.com\/da\/#website\",\"url\":\"https:\/\/guidetogreenland.com\/da\/\",\"name\":\"Guide to Greenland\",\"description\":\"Largest selection of tours in Greenland\",\"potentialAction\":[{\"@type\":\"SearchAction\",\"target\":{\"@type\":\"EntryPoint\",\"urlTemplate\":\"https:\/\/guidetogreenland.com\/da\/?s={search_term_string}\"},\"query-input\":{\"@type\":\"PropertyValueSpecification\",\"valueRequired\":true,\"valueName\":\"search_term_string\"}}],\"inLanguage\":\"da-DK\"}]}<\/script>\n<!-- \/ Yoast SEO plugin. -->","yoast_head_json":{"title":"G\u00e5tur til Sermermiut dalen | Ilulissat | Diskobugten | Guide to Greenland","description":"Bes\u00f8g hjertet af UNESCO's verdensarvliste, Ilulissat isfjord, p\u00e5 en g\u00e5tur gennem den historisk vigtige Sermermiut dal. Klik her og l\u00e6s mere om turen","robots":{"index":"index","follow":"follow","max-snippet":"max-snippet:-1","max-image-preview":"max-image-preview:large","max-video-preview":"max-video-preview:-1"},"canonical":"https:\/\/guidetogreenland.com\/da\/reserver-ferie-rejser\/gatur-til-sermermiut-dalen-ilulissat-diskobugten\/","og_locale":"da_DK","og_type":"article","og_title":"G\u00e5tur til Sermermiut dalen | Ilulissat | Diskobugten | Guide to Greenland","og_description":"Bes\u00f8g hjertet af UNESCO's verdensarvliste, Ilulissat isfjord, p\u00e5 en g\u00e5tur gennem den historisk vigtige Sermermiut dal. Klik her og l\u00e6s mere om turen","og_url":"https:\/\/guidetogreenland.com\/da\/reserver-ferie-rejser\/gatur-til-sermermiut-dalen-ilulissat-diskobugten\/","og_site_name":"Guide to Greenland","article_modified_time":"2026-01-25T13:32:25+00:00","og_image":[{"width":1074,"height":691,"url":"https:\/\/guidetogreenland.com\/wp-content\/uploads\/2020\/05\/sermermiut-settlement-walk-ilulissat-disko-bay-Guide-to-Greenland7.jpg","type":"image\/jpeg"}],"twitter_card":"summary_large_image","twitter_misc":{"Estimeret l\u00e6setid":"1 minut"},"schema":{"@context":"https:\/\/schema.org","@graph":[{"@type":"WebPage","@id":"https:\/\/guidetogreenland.com\/da\/reserver-ferie-rejser\/gatur-til-sermermiut-dalen-ilulissat-diskobugten\/","url":"https:\/\/guidetogreenland.com\/da\/reserver-ferie-rejser\/gatur-til-sermermiut-dalen-ilulissat-diskobugten\/","name":"G\u00e5tur til Sermermiut dalen | Ilulissat | Diskobugten | Guide to Greenland","isPartOf":{"@id":"https:\/\/guidetogreenland.com\/da\/#website"},"primaryImageOfPage":{"@id":"https:\/\/guidetogreenland.com\/da\/reserver-ferie-rejser\/gatur-til-sermermiut-dalen-ilulissat-diskobugten\/#primaryimage"},"image":{"@id":"https:\/\/guidetogreenland.com\/da\/reserver-ferie-rejser\/gatur-til-sermermiut-dalen-ilulissat-diskobugten\/#primaryimage"},"thumbnailUrl":"https:\/\/guidetogreenland.com\/wp-content\/uploads\/2020\/05\/sermermiut-settlement-walk-ilulissat-disko-bay-Guide-to-Greenland7.jpg","datePublished":"2020-05-18T18:29:05+00:00","dateModified":"2026-01-25T13:32:25+00:00","description":"Bes\u00f8g hjertet af UNESCO's verdensarvliste, Ilulissat isfjord, p\u00e5 en g\u00e5tur gennem den historisk vigtige Sermermiut dal. Klik her og l\u00e6s mere om turen","breadcrumb":{"@id":"https:\/\/guidetogreenland.com\/da\/reserver-ferie-rejser\/gatur-til-sermermiut-dalen-ilulissat-diskobugten\/#breadcrumb"},"inLanguage":"da-DK","potentialAction":[{"@type":"ReadAction","target":["https:\/\/guidetogreenland.com\/da\/reserver-ferie-rejser\/gatur-til-sermermiut-dalen-ilulissat-diskobugten\/"]}]},{"@type":"ImageObject","inLanguage":"da-DK","@id":"https:\/\/guidetogreenland.com\/da\/reserver-ferie-rejser\/gatur-til-sermermiut-dalen-ilulissat-diskobugten\/#primaryimage","url":"https:\/\/guidetogreenland.com\/wp-content\/uploads\/2020\/05\/sermermiut-settlement-walk-ilulissat-disko-bay-Guide-to-Greenland7.jpg","contentUrl":"https:\/\/guidetogreenland.com\/wp-content\/uploads\/2020\/05\/sermermiut-settlement-walk-ilulissat-disko-bay-Guide-to-Greenland7.jpg","width":1074,"height":691},{"@type":"BreadcrumbList","@id":"https:\/\/guidetogreenland.com\/da\/reserver-ferie-rejser\/gatur-til-sermermiut-dalen-ilulissat-diskobugten\/#breadcrumb","itemListElement":[{"@type":"ListItem","position":1,"name":"Home","item":"https:\/\/guidetogreenland.com\/da\/"},{"@type":"ListItem","position":2,"name":"Se alle ture","item":"https:\/\/guidetogreenland.com\/da\/reserver-ferie-rejser\/"},{"@type":"ListItem","position":3,"name":"G\u00e5tur til Sermermiut dalen | Ilulissat | Diskobugten"}]},{"@type":"WebSite","@id":"https:\/\/guidetogreenland.com\/da\/#website","url":"https:\/\/guidetogreenland.com\/da\/","name":"Guide to Greenland","description":"Largest selection of tours in Greenland","potentialAction":[{"@type":"SearchAction","target":{"@type":"EntryPoint","urlTemplate":"https:\/\/guidetogreenland.com\/da\/?s={search_term_string}"},"query-input":{"@type":"PropertyValueSpecification","valueRequired":true,"valueName":"search_term_string"}}],"inLanguage":"da-DK"}]}},"_links":{"self":[{"href":"https:\/\/guidetogreenland.com\/da\/wp-json\/wp\/v2\/product\/14041","targetHints":{"allow":["GET"]}}],"collection":[{"href":"https:\/\/guidetogreenland.com\/da\/wp-json\/wp\/v2\/product"}],"about":[{"href":"https:\/\/guidetogreenland.com\/da\/wp-json\/wp\/v2\/types\/product"}],"replies":[{"embeddable":true,"href":"https:\/\/guidetogreenland.com\/da\/wp-json\/wp\/v2\/comments?post=14041"}],"wp:featuredmedia":[{"embeddable":true,"href":"https:\/\/guidetogreenland.com\/da\/wp-json\/wp\/v2\/media\/14043"}],"wp:attachment":[{"href":"https:\/\/guidetogreenland.com\/da\/wp-json\/wp\/v2\/media?parent=14041"}],"wp:term":[{"taxonomy":"product_brand","embeddable":true,"href":"https:\/\/guidetogreenland.com\/da\/wp-json\/wp\/v2\/product_brand?post=14041"},{"taxonomy":"product_cat","embeddable":true,"href":"https:\/\/guidetogreenland.com\/da\/wp-json\/wp\/v2\/product_cat?post=14041"},{"taxonomy":"product_tag","embeddable":true,"href":"https:\/\/guidetogreenland.com\/da\/wp-json\/wp\/v2\/product_tag?post=14041"}],"curies":[{"name":"wp","href":"https:\/\/api.w.org\/{rel}","templated":true}]}}