{"id":14044,"date":"2020-05-26T17:03:24","date_gmt":"2020-05-26T17:03:24","guid":{"rendered":"https:\/\/guidetogreenland.com\/book-trips-holiday\/settlement-by-the-icefjord-private-tour-nuuk\/"},"modified":"2025-10-23T03:23:13","modified_gmt":"2025-10-23T06:23:13","slug":"en-bygd-ved-isfjorden-nuuk","status":"publish","type":"product","link":"https:\/\/guidetogreenland.com\/da\/reserver-ferie-rejser\/vandretur-ved-isfjorden-nuuk\/","title":{"rendered":"Vandretur ved Isfjorden | Nuuk"},"content":{"rendered":"<p>Oplev Gr\u00f8nlands sk\u00f8nhed ved at deltage i denne heldagstur til Nuuk Isfjord. Denne tur er perfekt for dig, der er ivrig efter at opdage de naturlige vidundere i Gr\u00f8nlands hovedstadsomr\u00e5de.<br \/><\/br><\/p>\n<p>Denne udflugt starter med at sejle dig gennem et af landets mest utrolige naturvidunder, Nuuk Fjord. Mens du sejler gennem fjorden, kan du nyde det uspolerede landskab med bjerge, vandfald og dyreliv s\u00e5som hvaler, s\u00e6ler og \u00f8rne.<br \/><\/br><\/p>\n<p>Efter 2,5 times sejlads ankommer du til bygden Kapisillit Kangerlua, hvor din kaptajn vil s\u00e6tte anker. Herfra begiver du dig ud p\u00e5 en 45-minutters vandretur p\u00e5 de arktiske tundralande for at n\u00e5 Isfjorden &#8211; vandreturen er middel til sv\u00e6r! P\u00e5 grund af det uforstyrrede og barske terr\u00e6n er det n\u00f8dvendigt, at du er udstyret med et par vandrest\u00f8vler.<br \/><\/br><\/p>\n<p>N\u00e5r du ankommer til stedet, vil du blive bel\u00f8nnet med en fantastisk panoramaudsigt over Isfjorden og dens omkransende bjergk\u00e6der. Isfjeldene stammer fra tre forskellige gletschere af Gr\u00f8nlands Indlandsis.<br \/><\/br><\/p>\n<p>Efter at have udforsket en af Nuuks mest eftertragtede attraktioner, vender du tilbage til b\u00e5den og sejler tilbage til Nuuk. Under hele din tur vil du blive ledsaget af erfarne arktiske guider, som er ivrige efter at dele deres viden med dig.<br \/><\/br><\/p>\n<p>For at opleve Nuuk Isfjord p\u00e5 denne heldagsudflugt skal du v\u00e6lge din rejsedato og trykke p\u00e5 <strong>&#8216;Book nu&#8217;<\/strong>.<\/p>\n","protected":false},"excerpt":{"rendered":"Oplev Gr\u00f8nlands sk\u00f8nhed ved at deltage i denne heldagstur til Nuuk Isfjord. Denne tur er perfekt for dig, der er ivrig efter at opdage de naturlige vidundere i Gr\u00f8nlands hovedstadsomr\u00e5de. Denne udflugt starter med at sejle dig gennem et af landets mest utrolige naturvidunder, Nuuk Fjord. Mens du sejler gennem fjorden, kan du nyde det&#8230;","protected":false},"featured_media":21432,"comment_status":"open","ping_status":"closed","template":"","meta":[],"product_brand":[],"product_cat":[594,605,692,612,652,633],"product_tag":[893],"class_list":{"0":"post-14044","1":"product","2":"type-product","3":"status-publish","4":"has-post-thumbnail","6":"product_cat-baadture","7":"product_cat-dagsture-om-sommeren","8":"product_cat-iceberg-icefjord-tours","9":"product_cat-natur-og-dyreliv-i-groenland","10":"product_cat-ture-i-nuuk","11":"product_cat-vestgroenland","12":"product_tag-nuuk-da","13":"pa_activities-baadtur","14":"pa_activities-gletschervandring","15":"pa_activities-vandretur","16":"pa_activities-gletscher-udsigt","17":"pa_activities-isbjerg-udsigt","18":"pa_attractions-nuuk-fjord","19":"pa_available-month-juni","20":"pa_available-month-juli","21":"pa_available-month-august","22":"pa_available-month-september","23":"pa_available-month-oktober","24":"pa_destinations-nuuk","25":"pa_difficulty-moderat","26":"pa_duration-8-timer","27":"pa_tour-type-dagsture","28":"yith_shop_vendor-nuuk-water-taxi-da","30":"first","31":"instock","32":"virtual","33":"sold-individually","34":"purchasable","35":"product-type-booking"},"acf":[],"yoast_head":"<!-- This site is optimized with the Yoast SEO plugin v25.6 - https:\/\/yoast.com\/wordpress\/plugins\/seo\/ -->\n<title>Vandretur ved Isfjorden i Nuuk | Guide to Greenland<\/title>\n<meta name=\"description\" content=\"Et ud af byen eventyr til isfjorden i Nuuk fjord systemet. Rejs mellem isbjerge og pukkelhvaler til Kapisillit-omr\u00e5det.\" \/>\n<meta name=\"robots\" content=\"index, follow, max-snippet:-1, max-image-preview:large, max-video-preview:-1\" \/>\n<link rel=\"canonical\" href=\"https:\/\/guidetogreenland.com\/da\/reserver-ferie-rejser\/vandretur-ved-isfjorden-nuuk\/\" \/>\n<meta property=\"og:locale\" content=\"da_DK\" \/>\n<meta property=\"og:type\" content=\"article\" \/>\n<meta property=\"og:title\" content=\"Vandretur ved Isfjorden i Nuuk | Guide to Greenland\" \/>\n<meta property=\"og:description\" content=\"Et ud af byen eventyr til isfjorden i Nuuk fjord systemet. Rejs mellem isbjerge og pukkelhvaler til Kapisillit-omr\u00e5det.\" \/>\n<meta property=\"og:url\" content=\"https:\/\/guidetogreenland.com\/da\/reserver-ferie-rejser\/vandretur-ved-isfjorden-nuuk\/\" \/>\n<meta property=\"og:site_name\" content=\"Guide to Greenland\" \/>\n<meta property=\"article:modified_time\" content=\"2025-10-23T06:23:13+00:00\" \/>\n<meta property=\"og:image\" content=\"https:\/\/guidetogreenland.com\/wp-content\/uploads\/2020\/05\/nuuk-icefjord-hike-west-greenland-7-scaled.jpg\" \/>\n\t<meta property=\"og:image:width\" content=\"2560\" \/>\n\t<meta property=\"og:image:height\" content=\"1438\" \/>\n\t<meta property=\"og:image:type\" content=\"image\/jpeg\" \/>\n<meta name=\"twitter:card\" content=\"summary_large_image\" \/>\n<meta name=\"twitter:label1\" content=\"Estimeret l\u00e6setid\" \/>\n\t<meta name=\"twitter:data1\" content=\"1 minut\" \/>\n<script type=\"application\/ld+json\" class=\"yoast-schema-graph\">{\"@context\":\"https:\/\/schema.org\",\"@graph\":[{\"@type\":\"WebPage\",\"@id\":\"https:\/\/guidetogreenland.com\/da\/reserver-ferie-rejser\/vandretur-ved-isfjorden-nuuk\/\",\"url\":\"https:\/\/guidetogreenland.com\/da\/reserver-ferie-rejser\/vandretur-ved-isfjorden-nuuk\/\",\"name\":\"Vandretur ved Isfjorden i Nuuk | Guide to Greenland\",\"isPartOf\":{\"@id\":\"https:\/\/guidetogreenland.com\/da\/#website\"},\"primaryImageOfPage\":{\"@id\":\"https:\/\/guidetogreenland.com\/da\/reserver-ferie-rejser\/vandretur-ved-isfjorden-nuuk\/#primaryimage\"},\"image\":{\"@id\":\"https:\/\/guidetogreenland.com\/da\/reserver-ferie-rejser\/vandretur-ved-isfjorden-nuuk\/#primaryimage\"},\"thumbnailUrl\":\"https:\/\/guidetogreenland.com\/wp-content\/uploads\/2020\/05\/nuuk-icefjord-hike-west-greenland-7-scaled.jpg\",\"datePublished\":\"2020-05-26T17:03:24+00:00\",\"dateModified\":\"2025-10-23T06:23:13+00:00\",\"description\":\"Et ud af byen eventyr til isfjorden i Nuuk fjord systemet. Rejs mellem isbjerge og pukkelhvaler til Kapisillit-omr\u00e5det.\",\"breadcrumb\":{\"@id\":\"https:\/\/guidetogreenland.com\/da\/reserver-ferie-rejser\/vandretur-ved-isfjorden-nuuk\/#breadcrumb\"},\"inLanguage\":\"da-DK\",\"potentialAction\":[{\"@type\":\"ReadAction\",\"target\":[\"https:\/\/guidetogreenland.com\/da\/reserver-ferie-rejser\/vandretur-ved-isfjorden-nuuk\/\"]}]},{\"@type\":\"ImageObject\",\"inLanguage\":\"da-DK\",\"@id\":\"https:\/\/guidetogreenland.com\/da\/reserver-ferie-rejser\/vandretur-ved-isfjorden-nuuk\/#primaryimage\",\"url\":\"https:\/\/guidetogreenland.com\/wp-content\/uploads\/2020\/05\/nuuk-icefjord-hike-west-greenland-7-scaled.jpg\",\"contentUrl\":\"https:\/\/guidetogreenland.com\/wp-content\/uploads\/2020\/05\/nuuk-icefjord-hike-west-greenland-7-scaled.jpg\",\"width\":2560,\"height\":1438},{\"@type\":\"BreadcrumbList\",\"@id\":\"https:\/\/guidetogreenland.com\/da\/reserver-ferie-rejser\/vandretur-ved-isfjorden-nuuk\/#breadcrumb\",\"itemListElement\":[{\"@type\":\"ListItem\",\"position\":1,\"name\":\"Home\",\"item\":\"https:\/\/guidetogreenland.com\/da\/\"},{\"@type\":\"ListItem\",\"position\":2,\"name\":\"Se alle ture\",\"item\":\"https:\/\/guidetogreenland.com\/da\/reserver-ferie-rejser\/\"},{\"@type\":\"ListItem\",\"position\":3,\"name\":\"Vandretur ved Isfjorden | Nuuk\"}]},{\"@type\":\"WebSite\",\"@id\":\"https:\/\/guidetogreenland.com\/da\/#website\",\"url\":\"https:\/\/guidetogreenland.com\/da\/\",\"name\":\"Guide to Greenland\",\"description\":\"Largest selection of tours in Greenland\",\"potentialAction\":[{\"@type\":\"SearchAction\",\"target\":{\"@type\":\"EntryPoint\",\"urlTemplate\":\"https:\/\/guidetogreenland.com\/da\/?s={search_term_string}\"},\"query-input\":{\"@type\":\"PropertyValueSpecification\",\"valueRequired\":true,\"valueName\":\"search_term_string\"}}],\"inLanguage\":\"da-DK\"}]}<\/script>\n<!-- \/ Yoast SEO plugin. -->","yoast_head_json":{"title":"Vandretur ved Isfjorden i Nuuk | Guide to Greenland","description":"Et ud af byen eventyr til isfjorden i Nuuk fjord systemet. Rejs mellem isbjerge og pukkelhvaler til Kapisillit-omr\u00e5det.","robots":{"index":"index","follow":"follow","max-snippet":"max-snippet:-1","max-image-preview":"max-image-preview:large","max-video-preview":"max-video-preview:-1"},"canonical":"https:\/\/guidetogreenland.com\/da\/reserver-ferie-rejser\/vandretur-ved-isfjorden-nuuk\/","og_locale":"da_DK","og_type":"article","og_title":"Vandretur ved Isfjorden i Nuuk | Guide to Greenland","og_description":"Et ud af byen eventyr til isfjorden i Nuuk fjord systemet. Rejs mellem isbjerge og pukkelhvaler til Kapisillit-omr\u00e5det.","og_url":"https:\/\/guidetogreenland.com\/da\/reserver-ferie-rejser\/vandretur-ved-isfjorden-nuuk\/","og_site_name":"Guide to Greenland","article_modified_time":"2025-10-23T06:23:13+00:00","og_image":[{"width":2560,"height":1438,"url":"https:\/\/guidetogreenland.com\/wp-content\/uploads\/2020\/05\/nuuk-icefjord-hike-west-greenland-7-scaled.jpg","type":"image\/jpeg"}],"twitter_card":"summary_large_image","twitter_misc":{"Estimeret l\u00e6setid":"1 minut"},"schema":{"@context":"https:\/\/schema.org","@graph":[{"@type":"WebPage","@id":"https:\/\/guidetogreenland.com\/da\/reserver-ferie-rejser\/vandretur-ved-isfjorden-nuuk\/","url":"https:\/\/guidetogreenland.com\/da\/reserver-ferie-rejser\/vandretur-ved-isfjorden-nuuk\/","name":"Vandretur ved Isfjorden i Nuuk | Guide to Greenland","isPartOf":{"@id":"https:\/\/guidetogreenland.com\/da\/#website"},"primaryImageOfPage":{"@id":"https:\/\/guidetogreenland.com\/da\/reserver-ferie-rejser\/vandretur-ved-isfjorden-nuuk\/#primaryimage"},"image":{"@id":"https:\/\/guidetogreenland.com\/da\/reserver-ferie-rejser\/vandretur-ved-isfjorden-nuuk\/#primaryimage"},"thumbnailUrl":"https:\/\/guidetogreenland.com\/wp-content\/uploads\/2020\/05\/nuuk-icefjord-hike-west-greenland-7-scaled.jpg","datePublished":"2020-05-26T17:03:24+00:00","dateModified":"2025-10-23T06:23:13+00:00","description":"Et ud af byen eventyr til isfjorden i Nuuk fjord systemet. Rejs mellem isbjerge og pukkelhvaler til Kapisillit-omr\u00e5det.","breadcrumb":{"@id":"https:\/\/guidetogreenland.com\/da\/reserver-ferie-rejser\/vandretur-ved-isfjorden-nuuk\/#breadcrumb"},"inLanguage":"da-DK","potentialAction":[{"@type":"ReadAction","target":["https:\/\/guidetogreenland.com\/da\/reserver-ferie-rejser\/vandretur-ved-isfjorden-nuuk\/"]}]},{"@type":"ImageObject","inLanguage":"da-DK","@id":"https:\/\/guidetogreenland.com\/da\/reserver-ferie-rejser\/vandretur-ved-isfjorden-nuuk\/#primaryimage","url":"https:\/\/guidetogreenland.com\/wp-content\/uploads\/2020\/05\/nuuk-icefjord-hike-west-greenland-7-scaled.jpg","contentUrl":"https:\/\/guidetogreenland.com\/wp-content\/uploads\/2020\/05\/nuuk-icefjord-hike-west-greenland-7-scaled.jpg","width":2560,"height":1438},{"@type":"BreadcrumbList","@id":"https:\/\/guidetogreenland.com\/da\/reserver-ferie-rejser\/vandretur-ved-isfjorden-nuuk\/#breadcrumb","itemListElement":[{"@type":"ListItem","position":1,"name":"Home","item":"https:\/\/guidetogreenland.com\/da\/"},{"@type":"ListItem","position":2,"name":"Se alle ture","item":"https:\/\/guidetogreenland.com\/da\/reserver-ferie-rejser\/"},{"@type":"ListItem","position":3,"name":"Vandretur ved Isfjorden | Nuuk"}]},{"@type":"WebSite","@id":"https:\/\/guidetogreenland.com\/da\/#website","url":"https:\/\/guidetogreenland.com\/da\/","name":"Guide to Greenland","description":"Largest selection of tours in Greenland","potentialAction":[{"@type":"SearchAction","target":{"@type":"EntryPoint","urlTemplate":"https:\/\/guidetogreenland.com\/da\/?s={search_term_string}"},"query-input":{"@type":"PropertyValueSpecification","valueRequired":true,"valueName":"search_term_string"}}],"inLanguage":"da-DK"}]}},"_links":{"self":[{"href":"https:\/\/guidetogreenland.com\/da\/wp-json\/wp\/v2\/product\/14044","targetHints":{"allow":["GET"]}}],"collection":[{"href":"https:\/\/guidetogreenland.com\/da\/wp-json\/wp\/v2\/product"}],"about":[{"href":"https:\/\/guidetogreenland.com\/da\/wp-json\/wp\/v2\/types\/product"}],"replies":[{"embeddable":true,"href":"https:\/\/guidetogreenland.com\/da\/wp-json\/wp\/v2\/comments?post=14044"}],"wp:featuredmedia":[{"embeddable":true,"href":"https:\/\/guidetogreenland.com\/da\/wp-json\/wp\/v2\/media\/21432"}],"wp:attachment":[{"href":"https:\/\/guidetogreenland.com\/da\/wp-json\/wp\/v2\/media?parent=14044"}],"wp:term":[{"taxonomy":"product_brand","embeddable":true,"href":"https:\/\/guidetogreenland.com\/da\/wp-json\/wp\/v2\/product_brand?post=14044"},{"taxonomy":"product_cat","embeddable":true,"href":"https:\/\/guidetogreenland.com\/da\/wp-json\/wp\/v2\/product_cat?post=14044"},{"taxonomy":"product_tag","embeddable":true,"href":"https:\/\/guidetogreenland.com\/da\/wp-json\/wp\/v2\/product_tag?post=14044"}],"curies":[{"name":"wp","href":"https:\/\/api.w.org\/{rel}","templated":true}]}}