{"id":14060,"date":"2020-05-19T13:10:01","date_gmt":"2020-05-19T13:10:01","guid":{"rendered":"https:\/\/guidetogreenland.com\/book-trips-holiday\/sightseeing-in-kangerlussuaq-west-greenland\/"},"modified":"2025-06-22T19:08:21","modified_gmt":"2025-06-22T22:08:21","slug":"sightseeing-i-kangerlussuaq-vest-greenland","status":"publish","type":"product","link":"https:\/\/guidetogreenland.com\/da\/reserver-ferie-rejser\/sightseeing-i-kangerlussuaq-vest-gronland\/","title":{"rendered":"Sightseeing i Kangerlussuaq | Vest Gr\u00f8nland"},"content":{"rendered":"<p class=\"e1imf5dp0 x-jm2771\">Udforsk historien\u00a0og\u00a0sk\u00f8nheden ved\u00a0Kangerlussuaq! Kangerlussuaq er hjem for mindre en 1% af Gr\u00f8nlands population, men dette hyggelige sted ligger lige midt i et fantastisk bagland, velsignet med fantastisk vejr. Det er faktisk det sted i Gr\u00f8nland der holder rekorden for flest dage med solskin om \u00e5ret! Og den rekord holder den gang, p\u00e5 gang, p\u00e5 gang. P\u00e5 denne tur kommer du ud og k\u00f8re i omr\u00e5det til sp\u00e6ndende udsigtspunkter, mens guiden fort\u00e6ller om historien bag alt fra bestemte bygninger til dengang de f\u00f8rste mennesker valgte at bos\u00e6tte sig i omr\u00e5det, for mere end 4000 \u00e5r siden. Det er pga. dem<span class=\"x-12abj6v e1uuu2lt3\"> at et stort omr\u00e5de i n\u00e6rheden af Kangerlussuaq er blevet udvalgt som et UNESCO verdensarvsomr\u00e5de.<\/span><\/p>\n<p class=\"e1imf5dp0 x-jm2771\"><span class=\"x-12abj6v e1uuu2lt3\">Bygden som den er nu er faktisk et produkt af anden verdenskrig. Det startede som en Amerikansk luftbase i 1941. Kangerlussuaq fungeret som et midtvejspunkt for milit\u00e6ret, da man dengang ikke bare lige kunne flyve hele vejen over Atlanten. Som tiden gik og behovet for et midtvejspunkt blev mindre og mindre valgde Amerikanerne til sidst at s\u00e6lge basen til Gr\u00f8nland for 1 krone, s\u00e5 l\u00e6nge at de bibeholdte retten til at lande der n\u00e5r som helst. Det gav pludselig Gr\u00f8nland en international lufthavn, og et stort vejsystem, helt unikt for Gr\u00f8nland. Dette kombineret med det stabile vejr og store m\u00e6ngder dyreliv, har gjort Kangerlussuaq til en hub for turister, forskere og andre eventyrlystne.<\/span><\/p>\n<p class=\"e1imf5dp0 x-jm2771\"><span class=\"x-12abj6v e1uuu2lt3\">P\u00e5 bare 2 timer viser vi de mest interessante steder, du kommer til at l\u00e6re om den Gr\u00f8nlandske kultur og deres evne til at tilpasse sig livet i Arktis. P\u00e5 vejen kan vi v\u00e6re s\u00e5 heldige at se en vild flok af Moskus okser, rensdyr, harer eller m\u00e5ske endda den snu lille polarr\u00e6v. S\u00e5 tag da bare at booke dit n\u00e6ste eventyr med det samme! Bare tryk p\u00e5 &#8216;V\u00e6lg en dag&#8217; og find en dato der passer dig.<\/span><\/p>\n","protected":false},"excerpt":{"rendered":"Udforsk historien\u00a0og\u00a0sk\u00f8nheden ved\u00a0Kangerlussuaq! Kangerlussuaq er hjem for mindre en 1% af Gr\u00f8nlands population, men dette hyggelige sted ligger lige midt i et fantastisk bagland, velsignet med fantastisk vejr. Det er faktisk det sted i Gr\u00f8nland der holder rekorden for flest dage med solskin om \u00e5ret! Og den rekord holder den gang, p\u00e5 gang, p\u00e5 gang&#8230;.","protected":false},"featured_media":14062,"comment_status":"open","ping_status":"closed","template":"","meta":[],"product_brand":[],"product_cat":[628,605,606,622,624,612,593,643,646],"product_tag":[924],"class_list":{"0":"post-14060","1":"product","2":"type-product","3":"status-publish","4":"has-post-thumbnail","6":"product_cat-arctic-circle-trail","7":"product_cat-dagsture-om-sommeren","8":"product_cat-dagsture-om-vinteren","9":"product_cat-groenlandsk-kultur","10":"product_cat-historiske-ture","11":"product_cat-natur-og-dyreliv-i-groenland","12":"product_cat-oplevelser-i-groenland","13":"product_cat-ture-i-hver-by","14":"product_cat-ture-i-kangerlussuaq","15":"product_tag-kangerlussuaq-da","16":"pa_activities-groenlandsk-kultur","17":"pa_activities-byrundtur","18":"pa_available-month-februar","19":"pa_available-month-marts","20":"pa_available-month-april","21":"pa_available-month-maj","22":"pa_available-month-juni","23":"pa_available-month-juli","24":"pa_available-month-august","25":"pa_available-month-september","26":"pa_available-month-oktober","27":"pa_available-month-november","28":"pa_destinations-kangerlussuaq","29":"pa_difficulty-let","30":"pa_duration-2-timer","31":"pa_tour-type-dagsture","32":"yith_shop_vendor-albatros-arctic-circle-da","34":"first","35":"instock","36":"virtual","37":"sold-individually","38":"purchasable","39":"product-type-booking"},"acf":[],"yoast_head":"<!-- This site is optimized with the Yoast SEO plugin v25.6 - https:\/\/yoast.com\/wordpress\/plugins\/seo\/ -->\n<title>Sightseeing i Kangerlussuaq | Vest Gr\u00f8nland | Guide to Greenland<\/title>\n<meta name=\"robots\" content=\"index, follow, max-snippet:-1, max-image-preview:large, max-video-preview:-1\" \/>\n<link rel=\"canonical\" href=\"https:\/\/guidetogreenland.com\/da\/reserver-ferie-rejser\/sightseeing-i-kangerlussuaq-vest-gronland\/\" \/>\n<meta property=\"og:locale\" content=\"da_DK\" \/>\n<meta property=\"og:type\" content=\"article\" \/>\n<meta property=\"og:title\" content=\"Sightseeing i Kangerlussuaq | Vest Gr\u00f8nland | Guide to Greenland\" \/>\n<meta property=\"og:description\" content=\"Udforsk historien\u00a0og\u00a0sk\u00f8nheden ved\u00a0Kangerlussuaq! Kangerlussuaq er hjem for mindre en 1% af Gr\u00f8nlands population, men dette hyggelige sted ligger lige midt i et fantastisk bagland, velsignet med fantastisk vejr. Det er faktisk det sted i Gr\u00f8nland der holder rekorden for flest dage med solskin om \u00e5ret! Og den rekord holder den gang, p\u00e5 gang, p\u00e5 gang....\" \/>\n<meta property=\"og:url\" content=\"https:\/\/guidetogreenland.com\/da\/reserver-ferie-rejser\/sightseeing-i-kangerlussuaq-vest-gronland\/\" \/>\n<meta property=\"og:site_name\" content=\"Guide to Greenland\" \/>\n<meta property=\"article:modified_time\" content=\"2025-06-22T22:08:21+00:00\" \/>\n<meta property=\"og:image\" content=\"https:\/\/guidetogreenland.com\/wp-content\/uploads\/2020\/05\/sightseeing-in-kangerlussuaq-west-greenland-Guide-to-Greenland8.jpg\" \/>\n\t<meta property=\"og:image:width\" content=\"926\" \/>\n\t<meta property=\"og:image:height\" content=\"618\" \/>\n\t<meta property=\"og:image:type\" content=\"image\/jpeg\" \/>\n<meta name=\"twitter:card\" content=\"summary_large_image\" \/>\n<meta name=\"twitter:label1\" content=\"Estimeret l\u00e6setid\" \/>\n\t<meta name=\"twitter:data1\" content=\"2 minutter\" \/>\n<script type=\"application\/ld+json\" class=\"yoast-schema-graph\">{\"@context\":\"https:\/\/schema.org\",\"@graph\":[{\"@type\":\"WebPage\",\"@id\":\"https:\/\/guidetogreenland.com\/da\/reserver-ferie-rejser\/sightseeing-i-kangerlussuaq-vest-gronland\/\",\"url\":\"https:\/\/guidetogreenland.com\/da\/reserver-ferie-rejser\/sightseeing-i-kangerlussuaq-vest-gronland\/\",\"name\":\"Sightseeing i Kangerlussuaq | Vest Gr\u00f8nland | Guide to Greenland\",\"isPartOf\":{\"@id\":\"https:\/\/guidetogreenland.com\/da\/#website\"},\"primaryImageOfPage\":{\"@id\":\"https:\/\/guidetogreenland.com\/da\/reserver-ferie-rejser\/sightseeing-i-kangerlussuaq-vest-gronland\/#primaryimage\"},\"image\":{\"@id\":\"https:\/\/guidetogreenland.com\/da\/reserver-ferie-rejser\/sightseeing-i-kangerlussuaq-vest-gronland\/#primaryimage\"},\"thumbnailUrl\":\"https:\/\/guidetogreenland.com\/wp-content\/uploads\/2020\/05\/sightseeing-in-kangerlussuaq-west-greenland-Guide-to-Greenland8.jpg\",\"datePublished\":\"2020-05-19T13:10:01+00:00\",\"dateModified\":\"2025-06-22T22:08:21+00:00\",\"breadcrumb\":{\"@id\":\"https:\/\/guidetogreenland.com\/da\/reserver-ferie-rejser\/sightseeing-i-kangerlussuaq-vest-gronland\/#breadcrumb\"},\"inLanguage\":\"da-DK\",\"potentialAction\":[{\"@type\":\"ReadAction\",\"target\":[\"https:\/\/guidetogreenland.com\/da\/reserver-ferie-rejser\/sightseeing-i-kangerlussuaq-vest-gronland\/\"]}]},{\"@type\":\"ImageObject\",\"inLanguage\":\"da-DK\",\"@id\":\"https:\/\/guidetogreenland.com\/da\/reserver-ferie-rejser\/sightseeing-i-kangerlussuaq-vest-gronland\/#primaryimage\",\"url\":\"https:\/\/guidetogreenland.com\/wp-content\/uploads\/2020\/05\/sightseeing-in-kangerlussuaq-west-greenland-Guide-to-Greenland8.jpg\",\"contentUrl\":\"https:\/\/guidetogreenland.com\/wp-content\/uploads\/2020\/05\/sightseeing-in-kangerlussuaq-west-greenland-Guide-to-Greenland8.jpg\",\"width\":926,\"height\":618},{\"@type\":\"BreadcrumbList\",\"@id\":\"https:\/\/guidetogreenland.com\/da\/reserver-ferie-rejser\/sightseeing-i-kangerlussuaq-vest-gronland\/#breadcrumb\",\"itemListElement\":[{\"@type\":\"ListItem\",\"position\":1,\"name\":\"Home\",\"item\":\"https:\/\/guidetogreenland.com\/da\/\"},{\"@type\":\"ListItem\",\"position\":2,\"name\":\"Se alle ture\",\"item\":\"https:\/\/guidetogreenland.com\/da\/reserver-ferie-rejser\/\"},{\"@type\":\"ListItem\",\"position\":3,\"name\":\"Sightseeing i Kangerlussuaq | Vest Gr\u00f8nland\"}]},{\"@type\":\"WebSite\",\"@id\":\"https:\/\/guidetogreenland.com\/da\/#website\",\"url\":\"https:\/\/guidetogreenland.com\/da\/\",\"name\":\"Guide to Greenland\",\"description\":\"Largest selection of tours in Greenland\",\"potentialAction\":[{\"@type\":\"SearchAction\",\"target\":{\"@type\":\"EntryPoint\",\"urlTemplate\":\"https:\/\/guidetogreenland.com\/da\/?s={search_term_string}\"},\"query-input\":{\"@type\":\"PropertyValueSpecification\",\"valueRequired\":true,\"valueName\":\"search_term_string\"}}],\"inLanguage\":\"da-DK\"}]}<\/script>\n<!-- \/ Yoast SEO plugin. -->","yoast_head_json":{"title":"Sightseeing i Kangerlussuaq | Vest Gr\u00f8nland | Guide to Greenland","robots":{"index":"index","follow":"follow","max-snippet":"max-snippet:-1","max-image-preview":"max-image-preview:large","max-video-preview":"max-video-preview:-1"},"canonical":"https:\/\/guidetogreenland.com\/da\/reserver-ferie-rejser\/sightseeing-i-kangerlussuaq-vest-gronland\/","og_locale":"da_DK","og_type":"article","og_title":"Sightseeing i Kangerlussuaq | Vest Gr\u00f8nland | Guide to Greenland","og_description":"Udforsk historien\u00a0og\u00a0sk\u00f8nheden ved\u00a0Kangerlussuaq! Kangerlussuaq er hjem for mindre en 1% af Gr\u00f8nlands population, men dette hyggelige sted ligger lige midt i et fantastisk bagland, velsignet med fantastisk vejr. Det er faktisk det sted i Gr\u00f8nland der holder rekorden for flest dage med solskin om \u00e5ret! Og den rekord holder den gang, p\u00e5 gang, p\u00e5 gang....","og_url":"https:\/\/guidetogreenland.com\/da\/reserver-ferie-rejser\/sightseeing-i-kangerlussuaq-vest-gronland\/","og_site_name":"Guide to Greenland","article_modified_time":"2025-06-22T22:08:21+00:00","og_image":[{"width":926,"height":618,"url":"https:\/\/guidetogreenland.com\/wp-content\/uploads\/2020\/05\/sightseeing-in-kangerlussuaq-west-greenland-Guide-to-Greenland8.jpg","type":"image\/jpeg"}],"twitter_card":"summary_large_image","twitter_misc":{"Estimeret l\u00e6setid":"2 minutter"},"schema":{"@context":"https:\/\/schema.org","@graph":[{"@type":"WebPage","@id":"https:\/\/guidetogreenland.com\/da\/reserver-ferie-rejser\/sightseeing-i-kangerlussuaq-vest-gronland\/","url":"https:\/\/guidetogreenland.com\/da\/reserver-ferie-rejser\/sightseeing-i-kangerlussuaq-vest-gronland\/","name":"Sightseeing i Kangerlussuaq | Vest Gr\u00f8nland | Guide to Greenland","isPartOf":{"@id":"https:\/\/guidetogreenland.com\/da\/#website"},"primaryImageOfPage":{"@id":"https:\/\/guidetogreenland.com\/da\/reserver-ferie-rejser\/sightseeing-i-kangerlussuaq-vest-gronland\/#primaryimage"},"image":{"@id":"https:\/\/guidetogreenland.com\/da\/reserver-ferie-rejser\/sightseeing-i-kangerlussuaq-vest-gronland\/#primaryimage"},"thumbnailUrl":"https:\/\/guidetogreenland.com\/wp-content\/uploads\/2020\/05\/sightseeing-in-kangerlussuaq-west-greenland-Guide-to-Greenland8.jpg","datePublished":"2020-05-19T13:10:01+00:00","dateModified":"2025-06-22T22:08:21+00:00","breadcrumb":{"@id":"https:\/\/guidetogreenland.com\/da\/reserver-ferie-rejser\/sightseeing-i-kangerlussuaq-vest-gronland\/#breadcrumb"},"inLanguage":"da-DK","potentialAction":[{"@type":"ReadAction","target":["https:\/\/guidetogreenland.com\/da\/reserver-ferie-rejser\/sightseeing-i-kangerlussuaq-vest-gronland\/"]}]},{"@type":"ImageObject","inLanguage":"da-DK","@id":"https:\/\/guidetogreenland.com\/da\/reserver-ferie-rejser\/sightseeing-i-kangerlussuaq-vest-gronland\/#primaryimage","url":"https:\/\/guidetogreenland.com\/wp-content\/uploads\/2020\/05\/sightseeing-in-kangerlussuaq-west-greenland-Guide-to-Greenland8.jpg","contentUrl":"https:\/\/guidetogreenland.com\/wp-content\/uploads\/2020\/05\/sightseeing-in-kangerlussuaq-west-greenland-Guide-to-Greenland8.jpg","width":926,"height":618},{"@type":"BreadcrumbList","@id":"https:\/\/guidetogreenland.com\/da\/reserver-ferie-rejser\/sightseeing-i-kangerlussuaq-vest-gronland\/#breadcrumb","itemListElement":[{"@type":"ListItem","position":1,"name":"Home","item":"https:\/\/guidetogreenland.com\/da\/"},{"@type":"ListItem","position":2,"name":"Se alle ture","item":"https:\/\/guidetogreenland.com\/da\/reserver-ferie-rejser\/"},{"@type":"ListItem","position":3,"name":"Sightseeing i Kangerlussuaq | Vest Gr\u00f8nland"}]},{"@type":"WebSite","@id":"https:\/\/guidetogreenland.com\/da\/#website","url":"https:\/\/guidetogreenland.com\/da\/","name":"Guide to Greenland","description":"Largest selection of tours in Greenland","potentialAction":[{"@type":"SearchAction","target":{"@type":"EntryPoint","urlTemplate":"https:\/\/guidetogreenland.com\/da\/?s={search_term_string}"},"query-input":{"@type":"PropertyValueSpecification","valueRequired":true,"valueName":"search_term_string"}}],"inLanguage":"da-DK"}]}},"_links":{"self":[{"href":"https:\/\/guidetogreenland.com\/da\/wp-json\/wp\/v2\/product\/14060","targetHints":{"allow":["GET"]}}],"collection":[{"href":"https:\/\/guidetogreenland.com\/da\/wp-json\/wp\/v2\/product"}],"about":[{"href":"https:\/\/guidetogreenland.com\/da\/wp-json\/wp\/v2\/types\/product"}],"replies":[{"embeddable":true,"href":"https:\/\/guidetogreenland.com\/da\/wp-json\/wp\/v2\/comments?post=14060"}],"wp:featuredmedia":[{"embeddable":true,"href":"https:\/\/guidetogreenland.com\/da\/wp-json\/wp\/v2\/media\/14062"}],"wp:attachment":[{"href":"https:\/\/guidetogreenland.com\/da\/wp-json\/wp\/v2\/media?parent=14060"}],"wp:term":[{"taxonomy":"product_brand","embeddable":true,"href":"https:\/\/guidetogreenland.com\/da\/wp-json\/wp\/v2\/product_brand?post=14060"},{"taxonomy":"product_cat","embeddable":true,"href":"https:\/\/guidetogreenland.com\/da\/wp-json\/wp\/v2\/product_cat?post=14060"},{"taxonomy":"product_tag","embeddable":true,"href":"https:\/\/guidetogreenland.com\/da\/wp-json\/wp\/v2\/product_tag?post=14060"}],"curies":[{"name":"wp","href":"https:\/\/api.w.org\/{rel}","templated":true}]}}