{"id":14079,"date":"2020-05-19T15:18:38","date_gmt":"2020-05-19T15:18:38","guid":{"rendered":"https:\/\/guidetogreenland.com\/book-trips-holiday\/snowshoe-to-the-top-of-lille-malene-nuuk\/"},"modified":"2020-11-30T12:59:12","modified_gmt":"2020-11-30T12:59:12","slug":"snowshoe-to-the-top-of-lille-malene-nuuk","status":"publish","type":"product","link":"https:\/\/guidetogreenland.com\/da\/reserver-ferie-rejser\/sneskotur-til-toppen-af-quassussuaq-lille-malene-nuuk\/","title":{"rendered":"Sneskotur til toppen af Quassussuaq | Lille Malene | Nuuk"},"content":{"rendered":"<p class=\"e1imf5dp0 x-jm2771\">Tag p\u00e5 et hurtigt\u00a0snesko eventyr til toppen af Quassussuaq, ogs\u00e5 kendt som Lille Malene!<\/p>\n<p class=\"x-18pep25\">Denne tur er direkte\u00a0op af\u00a0fjeldet, helt til toppen p\u00e5 450 meters h\u00f8jde, s\u00e5 vi vandrer det meste af turen med en fin stigningsgrad og ender med en fantastisk udsigt udover fjorden og Davidsstr\u00e6det.<\/p>\n<p class=\"x-18pep25\">Vandreturen er en favorit blandt de lokale og du finder ofte langrendsl\u00f8bere tr\u00e6ne her til det fam\u00f8se Arctic Circle Race. Snesko turen kan gennemf\u00f8res af folk i alle aldre s\u00e5 l\u00e6nge man er forberedt p\u00e5 at skulle v\u00e6re aktiv i halvanden time.<\/p>\n<p class=\"e1imf5dp0 x-jm2771\">Under turen fort\u00e6ller guide om omr\u00e5det og hvad man kan se i det fjerne, han <span class=\"x-12abj6v e1uuu2lt3\">fort\u00e6ller ogs\u00e5 om sine egne eventyr i baglandet og deler nogle sjove indblik fra hans tider i fjeldene.<\/span><\/p>\n<p class=\"e1imf5dp0 x-jm2771\"><span class=\"x-12abj6v e1uuu2lt3\">P\u00e5 toppen arbejder vi hurtigt sammen om at f\u00e5 lavet en sneb\u00e6nk s\u00e5 vi kan f\u00e5 lidt l\u00e6 og nyde en kop varm kaffe eller te.<\/span><\/p>\n<p class=\"e1imf5dp0 x-jm2771\"><span class=\"x-12abj6v e1uuu2lt3\">Vandreturen kan g\u00f8res n\u00e5r som helst p\u00e5 dagen men er ekstra smuk omkring solnedgang. Send en besked hvis du vil h\u00f8re vores anbefaling for afgangstidspunkt.<\/span><\/p>\n<p class=\"e1imf5dp0 x-jm2771\"><span class=\"x-12abj6v e1uuu2lt3\">Efter dette vidunderlige eventyr kommer du til at sove som et lille barn, efter at have ind\u00e5ndet en masse frisk luft og f\u00e5et brugt benene godt. Hvis det lyder som en god plan s\u00e5 tag bare og klik p\u00e5 &#8216;V\u00e6lg en dag&#8217; og find en dato der passer dig!<\/span><\/p>\n<p class=\"e1imf5dp0 x-jm2771\"><span class=\"x-12abj6v e1uuu2lt3\">\u00a0<\/span><\/p>\n","protected":false},"excerpt":{"rendered":"Tag p\u00e5 et hurtigt\u00a0snesko eventyr til toppen af Quassussuaq, ogs\u00e5 kendt som Lille Malene! Denne tur er direkte\u00a0op af\u00a0fjeldet, helt til toppen p\u00e5 450 meters h\u00f8jde, s\u00e5 vi vandrer det meste af turen med en fin stigningsgrad og ender med en fantastisk udsigt udover fjorden og Davidsstr\u00e6det. Vandreturen er en favorit blandt de lokale og&#8230;","protected":false},"featured_media":14081,"comment_status":"open","ping_status":"closed","template":"","meta":[],"product_brand":[],"product_cat":[606,612,593,611,652,633],"product_tag":[893],"class_list":{"0":"post-14079","1":"product","2":"type-product","3":"status-publish","4":"has-post-thumbnail","6":"product_cat-dagsture-om-vinteren","7":"product_cat-natur-og-dyreliv-i-groenland","8":"product_cat-oplevelser-i-groenland","9":"product_cat-ski-og-sneskoture","10":"product_cat-ture-i-nuuk","11":"product_cat-vestgroenland","12":"product_tag-nuuk-da","13":"pa_activities-snesko","14":"pa_attractions-quassussuaq-lille-malene","15":"pa_available-month-januar","16":"pa_available-month-februar","17":"pa_available-month-marts","18":"pa_available-month-april","19":"pa_available-month-november","20":"pa_available-month-december","21":"pa_destinations-nuuk","22":"pa_difficulty-moderat","23":"pa_duration-5-timer","24":"pa_tour-type-dagsture","25":"yith_shop_vendor-two-ravens-da","27":"first","28":"instock","29":"virtual","30":"sold-individually","31":"purchasable","32":"product-type-booking"},"acf":[],"yoast_head":"<!-- This site is optimized with the Yoast SEO plugin v25.6 - https:\/\/yoast.com\/wordpress\/plugins\/seo\/ -->\n<title>Sneskotur til toppen af Quassussuaq | Lille Malene | Nuuk | Guide to Greenland<\/title>\n<meta name=\"robots\" content=\"index, follow, max-snippet:-1, max-image-preview:large, max-video-preview:-1\" \/>\n<link rel=\"canonical\" href=\"https:\/\/guidetogreenland.com\/da\/reserver-ferie-rejser\/sneskotur-til-toppen-af-quassussuaq-lille-malene-nuuk\/\" \/>\n<meta property=\"og:locale\" content=\"da_DK\" \/>\n<meta property=\"og:type\" content=\"article\" \/>\n<meta property=\"og:title\" content=\"Sneskotur til toppen af Quassussuaq | Lille Malene | Nuuk | Guide to Greenland\" \/>\n<meta property=\"og:description\" content=\"Tag p\u00e5 et hurtigt\u00a0snesko eventyr til toppen af Quassussuaq, ogs\u00e5 kendt som Lille Malene! Denne tur er direkte\u00a0op af\u00a0fjeldet, helt til toppen p\u00e5 450 meters h\u00f8jde, s\u00e5 vi vandrer det meste af turen med en fin stigningsgrad og ender med en fantastisk udsigt udover fjorden og Davidsstr\u00e6det. Vandreturen er en favorit blandt de lokale og...\" \/>\n<meta property=\"og:url\" content=\"https:\/\/guidetogreenland.com\/da\/reserver-ferie-rejser\/sneskotur-til-toppen-af-quassussuaq-lille-malene-nuuk\/\" \/>\n<meta property=\"og:site_name\" content=\"Guide to Greenland\" \/>\n<meta property=\"article:modified_time\" content=\"2020-11-30T12:59:12+00:00\" \/>\n<meta property=\"og:image\" content=\"https:\/\/guidetogreenland.com\/wp-content\/uploads\/2020\/05\/snowshoe-to-the-top-of-lille-malene-nuuk-Guide-to-Greenland8.jpg\" \/>\n\t<meta property=\"og:image:width\" content=\"688\" \/>\n\t<meta property=\"og:image:height\" content=\"860\" \/>\n\t<meta property=\"og:image:type\" content=\"image\/jpeg\" \/>\n<meta name=\"twitter:card\" content=\"summary_large_image\" \/>\n<meta name=\"twitter:label1\" content=\"Estimeret l\u00e6setid\" \/>\n\t<meta name=\"twitter:data1\" content=\"1 minut\" \/>\n<script type=\"application\/ld+json\" class=\"yoast-schema-graph\">{\"@context\":\"https:\/\/schema.org\",\"@graph\":[{\"@type\":\"WebPage\",\"@id\":\"https:\/\/guidetogreenland.com\/da\/reserver-ferie-rejser\/sneskotur-til-toppen-af-quassussuaq-lille-malene-nuuk\/\",\"url\":\"https:\/\/guidetogreenland.com\/da\/reserver-ferie-rejser\/sneskotur-til-toppen-af-quassussuaq-lille-malene-nuuk\/\",\"name\":\"Sneskotur til toppen af Quassussuaq | Lille Malene | Nuuk | Guide to Greenland\",\"isPartOf\":{\"@id\":\"https:\/\/guidetogreenland.com\/da\/#website\"},\"primaryImageOfPage\":{\"@id\":\"https:\/\/guidetogreenland.com\/da\/reserver-ferie-rejser\/sneskotur-til-toppen-af-quassussuaq-lille-malene-nuuk\/#primaryimage\"},\"image\":{\"@id\":\"https:\/\/guidetogreenland.com\/da\/reserver-ferie-rejser\/sneskotur-til-toppen-af-quassussuaq-lille-malene-nuuk\/#primaryimage\"},\"thumbnailUrl\":\"https:\/\/guidetogreenland.com\/wp-content\/uploads\/2020\/05\/snowshoe-to-the-top-of-lille-malene-nuuk-Guide-to-Greenland8.jpg\",\"datePublished\":\"2020-05-19T15:18:38+00:00\",\"dateModified\":\"2020-11-30T12:59:12+00:00\",\"breadcrumb\":{\"@id\":\"https:\/\/guidetogreenland.com\/da\/reserver-ferie-rejser\/sneskotur-til-toppen-af-quassussuaq-lille-malene-nuuk\/#breadcrumb\"},\"inLanguage\":\"da-DK\",\"potentialAction\":[{\"@type\":\"ReadAction\",\"target\":[\"https:\/\/guidetogreenland.com\/da\/reserver-ferie-rejser\/sneskotur-til-toppen-af-quassussuaq-lille-malene-nuuk\/\"]}]},{\"@type\":\"ImageObject\",\"inLanguage\":\"da-DK\",\"@id\":\"https:\/\/guidetogreenland.com\/da\/reserver-ferie-rejser\/sneskotur-til-toppen-af-quassussuaq-lille-malene-nuuk\/#primaryimage\",\"url\":\"https:\/\/guidetogreenland.com\/wp-content\/uploads\/2020\/05\/snowshoe-to-the-top-of-lille-malene-nuuk-Guide-to-Greenland8.jpg\",\"contentUrl\":\"https:\/\/guidetogreenland.com\/wp-content\/uploads\/2020\/05\/snowshoe-to-the-top-of-lille-malene-nuuk-Guide-to-Greenland8.jpg\",\"width\":688,\"height\":860},{\"@type\":\"BreadcrumbList\",\"@id\":\"https:\/\/guidetogreenland.com\/da\/reserver-ferie-rejser\/sneskotur-til-toppen-af-quassussuaq-lille-malene-nuuk\/#breadcrumb\",\"itemListElement\":[{\"@type\":\"ListItem\",\"position\":1,\"name\":\"Home\",\"item\":\"https:\/\/guidetogreenland.com\/da\/\"},{\"@type\":\"ListItem\",\"position\":2,\"name\":\"Se alle ture\",\"item\":\"https:\/\/guidetogreenland.com\/da\/reserver-ferie-rejser\/\"},{\"@type\":\"ListItem\",\"position\":3,\"name\":\"Sneskotur til toppen af Quassussuaq | Lille Malene | Nuuk\"}]},{\"@type\":\"WebSite\",\"@id\":\"https:\/\/guidetogreenland.com\/da\/#website\",\"url\":\"https:\/\/guidetogreenland.com\/da\/\",\"name\":\"Guide to Greenland\",\"description\":\"Largest selection of tours in Greenland\",\"potentialAction\":[{\"@type\":\"SearchAction\",\"target\":{\"@type\":\"EntryPoint\",\"urlTemplate\":\"https:\/\/guidetogreenland.com\/da\/?s={search_term_string}\"},\"query-input\":{\"@type\":\"PropertyValueSpecification\",\"valueRequired\":true,\"valueName\":\"search_term_string\"}}],\"inLanguage\":\"da-DK\"}]}<\/script>\n<!-- \/ Yoast SEO plugin. -->","yoast_head_json":{"title":"Sneskotur til toppen af Quassussuaq | Lille Malene | Nuuk | Guide to Greenland","robots":{"index":"index","follow":"follow","max-snippet":"max-snippet:-1","max-image-preview":"max-image-preview:large","max-video-preview":"max-video-preview:-1"},"canonical":"https:\/\/guidetogreenland.com\/da\/reserver-ferie-rejser\/sneskotur-til-toppen-af-quassussuaq-lille-malene-nuuk\/","og_locale":"da_DK","og_type":"article","og_title":"Sneskotur til toppen af Quassussuaq | Lille Malene | Nuuk | Guide to Greenland","og_description":"Tag p\u00e5 et hurtigt\u00a0snesko eventyr til toppen af Quassussuaq, ogs\u00e5 kendt som Lille Malene! Denne tur er direkte\u00a0op af\u00a0fjeldet, helt til toppen p\u00e5 450 meters h\u00f8jde, s\u00e5 vi vandrer det meste af turen med en fin stigningsgrad og ender med en fantastisk udsigt udover fjorden og Davidsstr\u00e6det. Vandreturen er en favorit blandt de lokale og...","og_url":"https:\/\/guidetogreenland.com\/da\/reserver-ferie-rejser\/sneskotur-til-toppen-af-quassussuaq-lille-malene-nuuk\/","og_site_name":"Guide to Greenland","article_modified_time":"2020-11-30T12:59:12+00:00","og_image":[{"width":688,"height":860,"url":"https:\/\/guidetogreenland.com\/wp-content\/uploads\/2020\/05\/snowshoe-to-the-top-of-lille-malene-nuuk-Guide-to-Greenland8.jpg","type":"image\/jpeg"}],"twitter_card":"summary_large_image","twitter_misc":{"Estimeret l\u00e6setid":"1 minut"},"schema":{"@context":"https:\/\/schema.org","@graph":[{"@type":"WebPage","@id":"https:\/\/guidetogreenland.com\/da\/reserver-ferie-rejser\/sneskotur-til-toppen-af-quassussuaq-lille-malene-nuuk\/","url":"https:\/\/guidetogreenland.com\/da\/reserver-ferie-rejser\/sneskotur-til-toppen-af-quassussuaq-lille-malene-nuuk\/","name":"Sneskotur til toppen af Quassussuaq | Lille Malene | Nuuk | Guide to Greenland","isPartOf":{"@id":"https:\/\/guidetogreenland.com\/da\/#website"},"primaryImageOfPage":{"@id":"https:\/\/guidetogreenland.com\/da\/reserver-ferie-rejser\/sneskotur-til-toppen-af-quassussuaq-lille-malene-nuuk\/#primaryimage"},"image":{"@id":"https:\/\/guidetogreenland.com\/da\/reserver-ferie-rejser\/sneskotur-til-toppen-af-quassussuaq-lille-malene-nuuk\/#primaryimage"},"thumbnailUrl":"https:\/\/guidetogreenland.com\/wp-content\/uploads\/2020\/05\/snowshoe-to-the-top-of-lille-malene-nuuk-Guide-to-Greenland8.jpg","datePublished":"2020-05-19T15:18:38+00:00","dateModified":"2020-11-30T12:59:12+00:00","breadcrumb":{"@id":"https:\/\/guidetogreenland.com\/da\/reserver-ferie-rejser\/sneskotur-til-toppen-af-quassussuaq-lille-malene-nuuk\/#breadcrumb"},"inLanguage":"da-DK","potentialAction":[{"@type":"ReadAction","target":["https:\/\/guidetogreenland.com\/da\/reserver-ferie-rejser\/sneskotur-til-toppen-af-quassussuaq-lille-malene-nuuk\/"]}]},{"@type":"ImageObject","inLanguage":"da-DK","@id":"https:\/\/guidetogreenland.com\/da\/reserver-ferie-rejser\/sneskotur-til-toppen-af-quassussuaq-lille-malene-nuuk\/#primaryimage","url":"https:\/\/guidetogreenland.com\/wp-content\/uploads\/2020\/05\/snowshoe-to-the-top-of-lille-malene-nuuk-Guide-to-Greenland8.jpg","contentUrl":"https:\/\/guidetogreenland.com\/wp-content\/uploads\/2020\/05\/snowshoe-to-the-top-of-lille-malene-nuuk-Guide-to-Greenland8.jpg","width":688,"height":860},{"@type":"BreadcrumbList","@id":"https:\/\/guidetogreenland.com\/da\/reserver-ferie-rejser\/sneskotur-til-toppen-af-quassussuaq-lille-malene-nuuk\/#breadcrumb","itemListElement":[{"@type":"ListItem","position":1,"name":"Home","item":"https:\/\/guidetogreenland.com\/da\/"},{"@type":"ListItem","position":2,"name":"Se alle ture","item":"https:\/\/guidetogreenland.com\/da\/reserver-ferie-rejser\/"},{"@type":"ListItem","position":3,"name":"Sneskotur til toppen af Quassussuaq | Lille Malene | Nuuk"}]},{"@type":"WebSite","@id":"https:\/\/guidetogreenland.com\/da\/#website","url":"https:\/\/guidetogreenland.com\/da\/","name":"Guide to Greenland","description":"Largest selection of tours in Greenland","potentialAction":[{"@type":"SearchAction","target":{"@type":"EntryPoint","urlTemplate":"https:\/\/guidetogreenland.com\/da\/?s={search_term_string}"},"query-input":{"@type":"PropertyValueSpecification","valueRequired":true,"valueName":"search_term_string"}}],"inLanguage":"da-DK"}]}},"_links":{"self":[{"href":"https:\/\/guidetogreenland.com\/da\/wp-json\/wp\/v2\/product\/14079","targetHints":{"allow":["GET"]}}],"collection":[{"href":"https:\/\/guidetogreenland.com\/da\/wp-json\/wp\/v2\/product"}],"about":[{"href":"https:\/\/guidetogreenland.com\/da\/wp-json\/wp\/v2\/types\/product"}],"replies":[{"embeddable":true,"href":"https:\/\/guidetogreenland.com\/da\/wp-json\/wp\/v2\/comments?post=14079"}],"wp:featuredmedia":[{"embeddable":true,"href":"https:\/\/guidetogreenland.com\/da\/wp-json\/wp\/v2\/media\/14081"}],"wp:attachment":[{"href":"https:\/\/guidetogreenland.com\/da\/wp-json\/wp\/v2\/media?parent=14079"}],"wp:term":[{"taxonomy":"product_brand","embeddable":true,"href":"https:\/\/guidetogreenland.com\/da\/wp-json\/wp\/v2\/product_brand?post=14079"},{"taxonomy":"product_cat","embeddable":true,"href":"https:\/\/guidetogreenland.com\/da\/wp-json\/wp\/v2\/product_cat?post=14079"},{"taxonomy":"product_tag","embeddable":true,"href":"https:\/\/guidetogreenland.com\/da\/wp-json\/wp\/v2\/product_tag?post=14079"}],"curies":[{"name":"wp","href":"https:\/\/api.w.org\/{rel}","templated":true}]}}