{"id":14097,"date":"2020-05-19T15:11:58","date_gmt":"2020-05-19T15:11:58","guid":{"rendered":"https:\/\/guidetogreenland.com\/book-trips-holiday\/snowshoe-in-the-northern-night-ilulissat-disko-bay\/"},"modified":"2025-01-23T03:49:15","modified_gmt":"2025-01-23T06:49:15","slug":"med-snesko-under-nordlyset-ilulissat-diskobugten","status":"publish","type":"product","link":"https:\/\/guidetogreenland.com\/da\/reserver-ferie-rejser\/med-snesko-under-nordlyset-ilulissat-diskobugten\/","title":{"rendered":"Med snesko under Nordlyset | Ilulissat | Diskobugten"},"content":{"rendered":"<p>Kom med p\u00e5 denne unikke tur ud i den smukke natur udenfor Ilulissat by. Under den skyfrie himmel, vil du med snesko kunne komme nemmere rundt i det sned\u00e6kkede landskab.<\/p>\n<p>Vandre ud i det hvide landskab og m\u00e6rk hvordan sneen knaser under dine f\u00f8dder, mens du man\u00f8vre din vej med hj\u00e6lp af en lommelugte og en hj\u00e6lpsom guide. Med kurs v\u00e6k fra Ilulissat by, med nok afstand til at opleve de dansende farver af gr\u00f8n og lyser\u00f8d der lyser himlen op, uden byens lysende sk\u00e6r.<\/p>\n<p>P\u00e5 denne tur vil vi g\u00e5 langs Isfjorden, hvor vi mixer nordlyset med udsigt til de k\u00e6mpe isbjerge i fjorden, mens vi nyder en varm kop kaffe eller the for at holde os varme.<\/p>\n<p>Blandt skyh\u00f8je fjelde, isbjerge spredt rundt i Ilulissat Isfjord og den absolutte stilhed, vil du f\u00e5 muligheden for at nyde det farverige show i selskab med dine medrejsende i trygge h\u00e6nder af jeres guide. En fantastisk m\u00e5de at afslutte en dag med nye sp\u00e6ndende oplevelser.<\/p>\n<p>Tag med p\u00e5 denne vandring i det arktiske landskab p\u00e5 jagt efter Nordlyset. Du vil blive hentet fra hytten og transporteret tilbage til Ilulissat by n\u00e5r turen er ovre. Book din tur nu!<\/p>\n","protected":false},"excerpt":{"rendered":"Kom med p\u00e5 denne unikke tur ud i den smukke natur udenfor Ilulissat by. Under den skyfrie himmel, vil du med snesko kunne komme nemmere rundt i det sned\u00e6kkede landskab. Vandre ud i det hvide landskab og m\u00e6rk hvordan sneen knaser under dine f\u00f8dder, mens du man\u00f8vre din vej med hj\u00e6lp af en lommelugte og&#8230;","protected":false},"featured_media":14099,"comment_status":"open","ping_status":"closed","template":"","meta":[],"product_brand":[],"product_cat":[606,629,692,617,612,619,593,611,644,625],"product_tag":[919],"class_list":{"0":"post-14097","1":"product","2":"type-product","3":"status-publish","4":"has-post-thumbnail","6":"product_cat-dagsture-om-vinteren","7":"product_cat-disko-bugten","8":"product_cat-iceberg-icefjord-tours","9":"product_cat-ilulissat-isfjord-ture","10":"product_cat-natur-og-dyreliv-i-groenland","11":"product_cat-nordlys-ture","12":"product_cat-oplevelser-i-groenland","13":"product_cat-ski-og-sneskoture","14":"product_cat-ture-i-ilulissat","15":"product_cat-ture-til-verdensarv-steder-i-groenland","16":"product_tag-ilulissat-da","17":"pa_activities-isbjerg-udsigt","18":"pa_activities-nordlys","19":"pa_activities-snesko","20":"pa_attractions-disko-bay-da","21":"pa_available-month-januar","22":"pa_available-month-februar","23":"pa_available-month-marts","24":"pa_destinations-ilulissat","25":"pa_difficulty-let","26":"pa_duration-2-5-time","27":"pa_tour-type-dagsture","28":"yith_shop_vendor-ilulissat-adventure-da","30":"first","31":"instock","32":"virtual","33":"sold-individually","34":"purchasable","35":"product-type-booking"},"acf":[],"yoast_head":"<!-- This site is optimized with the Yoast SEO plugin v25.6 - https:\/\/yoast.com\/wordpress\/plugins\/seo\/ -->\n<title>Med snesko under Nordlyset | Ilulissat | Diskobugten | Guide to Greenland<\/title>\n<meta name=\"description\" content=\"Gr\u00f8nland om vinteren er et vidunder for alle eventyrlystne. Denne tur kombinere snesko og Nordlyset p\u00e5 en klar nat.\" \/>\n<meta name=\"robots\" content=\"index, follow, max-snippet:-1, max-image-preview:large, max-video-preview:-1\" \/>\n<link rel=\"canonical\" href=\"https:\/\/guidetogreenland.com\/da\/reserver-ferie-rejser\/med-snesko-under-nordlyset-ilulissat-diskobugten\/\" \/>\n<meta property=\"og:locale\" content=\"da_DK\" \/>\n<meta property=\"og:type\" content=\"article\" \/>\n<meta property=\"og:title\" content=\"Med snesko under Nordlyset | Ilulissat | Diskobugten | Guide to Greenland\" \/>\n<meta property=\"og:description\" content=\"Gr\u00f8nland om vinteren er et vidunder for alle eventyrlystne. Denne tur kombinere snesko og Nordlyset p\u00e5 en klar nat.\" \/>\n<meta property=\"og:url\" content=\"https:\/\/guidetogreenland.com\/da\/reserver-ferie-rejser\/med-snesko-under-nordlyset-ilulissat-diskobugten\/\" \/>\n<meta property=\"og:site_name\" content=\"Guide to Greenland\" \/>\n<meta property=\"article:modified_time\" content=\"2025-01-23T06:49:15+00:00\" \/>\n<meta property=\"og:image\" content=\"https:\/\/guidetogreenland.com\/wp-content\/uploads\/2020\/05\/snowshoe-in-the-northern-night-ilulissat-disko-bay-Guide-to-Greenland9.jpg\" \/>\n\t<meta property=\"og:image:width\" content=\"926\" \/>\n\t<meta property=\"og:image:height\" content=\"693\" \/>\n\t<meta property=\"og:image:type\" content=\"image\/jpeg\" \/>\n<meta name=\"twitter:card\" content=\"summary_large_image\" \/>\n<meta name=\"twitter:label1\" content=\"Estimeret l\u00e6setid\" \/>\n\t<meta name=\"twitter:data1\" content=\"1 minut\" \/>\n<script type=\"application\/ld+json\" class=\"yoast-schema-graph\">{\"@context\":\"https:\/\/schema.org\",\"@graph\":[{\"@type\":\"WebPage\",\"@id\":\"https:\/\/guidetogreenland.com\/da\/reserver-ferie-rejser\/med-snesko-under-nordlyset-ilulissat-diskobugten\/\",\"url\":\"https:\/\/guidetogreenland.com\/da\/reserver-ferie-rejser\/med-snesko-under-nordlyset-ilulissat-diskobugten\/\",\"name\":\"Med snesko under Nordlyset | Ilulissat | Diskobugten | Guide to Greenland\",\"isPartOf\":{\"@id\":\"https:\/\/guidetogreenland.com\/da\/#website\"},\"primaryImageOfPage\":{\"@id\":\"https:\/\/guidetogreenland.com\/da\/reserver-ferie-rejser\/med-snesko-under-nordlyset-ilulissat-diskobugten\/#primaryimage\"},\"image\":{\"@id\":\"https:\/\/guidetogreenland.com\/da\/reserver-ferie-rejser\/med-snesko-under-nordlyset-ilulissat-diskobugten\/#primaryimage\"},\"thumbnailUrl\":\"https:\/\/guidetogreenland.com\/wp-content\/uploads\/2020\/05\/snowshoe-in-the-northern-night-ilulissat-disko-bay-Guide-to-Greenland9.jpg\",\"datePublished\":\"2020-05-19T15:11:58+00:00\",\"dateModified\":\"2025-01-23T06:49:15+00:00\",\"description\":\"Gr\u00f8nland om vinteren er et vidunder for alle eventyrlystne. Denne tur kombinere snesko og Nordlyset p\u00e5 en klar nat.\",\"breadcrumb\":{\"@id\":\"https:\/\/guidetogreenland.com\/da\/reserver-ferie-rejser\/med-snesko-under-nordlyset-ilulissat-diskobugten\/#breadcrumb\"},\"inLanguage\":\"da-DK\",\"potentialAction\":[{\"@type\":\"ReadAction\",\"target\":[\"https:\/\/guidetogreenland.com\/da\/reserver-ferie-rejser\/med-snesko-under-nordlyset-ilulissat-diskobugten\/\"]}]},{\"@type\":\"ImageObject\",\"inLanguage\":\"da-DK\",\"@id\":\"https:\/\/guidetogreenland.com\/da\/reserver-ferie-rejser\/med-snesko-under-nordlyset-ilulissat-diskobugten\/#primaryimage\",\"url\":\"https:\/\/guidetogreenland.com\/wp-content\/uploads\/2020\/05\/snowshoe-in-the-northern-night-ilulissat-disko-bay-Guide-to-Greenland9.jpg\",\"contentUrl\":\"https:\/\/guidetogreenland.com\/wp-content\/uploads\/2020\/05\/snowshoe-in-the-northern-night-ilulissat-disko-bay-Guide-to-Greenland9.jpg\",\"width\":926,\"height\":693},{\"@type\":\"BreadcrumbList\",\"@id\":\"https:\/\/guidetogreenland.com\/da\/reserver-ferie-rejser\/med-snesko-under-nordlyset-ilulissat-diskobugten\/#breadcrumb\",\"itemListElement\":[{\"@type\":\"ListItem\",\"position\":1,\"name\":\"Home\",\"item\":\"https:\/\/guidetogreenland.com\/da\/\"},{\"@type\":\"ListItem\",\"position\":2,\"name\":\"Se alle ture\",\"item\":\"https:\/\/guidetogreenland.com\/da\/reserver-ferie-rejser\/\"},{\"@type\":\"ListItem\",\"position\":3,\"name\":\"Med snesko under Nordlyset | Ilulissat | Diskobugten\"}]},{\"@type\":\"WebSite\",\"@id\":\"https:\/\/guidetogreenland.com\/da\/#website\",\"url\":\"https:\/\/guidetogreenland.com\/da\/\",\"name\":\"Guide to Greenland\",\"description\":\"Largest selection of tours in Greenland\",\"potentialAction\":[{\"@type\":\"SearchAction\",\"target\":{\"@type\":\"EntryPoint\",\"urlTemplate\":\"https:\/\/guidetogreenland.com\/da\/?s={search_term_string}\"},\"query-input\":{\"@type\":\"PropertyValueSpecification\",\"valueRequired\":true,\"valueName\":\"search_term_string\"}}],\"inLanguage\":\"da-DK\"}]}<\/script>\n<!-- \/ Yoast SEO plugin. -->","yoast_head_json":{"title":"Med snesko under Nordlyset | Ilulissat | Diskobugten | Guide to Greenland","description":"Gr\u00f8nland om vinteren er et vidunder for alle eventyrlystne. Denne tur kombinere snesko og Nordlyset p\u00e5 en klar nat.","robots":{"index":"index","follow":"follow","max-snippet":"max-snippet:-1","max-image-preview":"max-image-preview:large","max-video-preview":"max-video-preview:-1"},"canonical":"https:\/\/guidetogreenland.com\/da\/reserver-ferie-rejser\/med-snesko-under-nordlyset-ilulissat-diskobugten\/","og_locale":"da_DK","og_type":"article","og_title":"Med snesko under Nordlyset | Ilulissat | Diskobugten | Guide to Greenland","og_description":"Gr\u00f8nland om vinteren er et vidunder for alle eventyrlystne. Denne tur kombinere snesko og Nordlyset p\u00e5 en klar nat.","og_url":"https:\/\/guidetogreenland.com\/da\/reserver-ferie-rejser\/med-snesko-under-nordlyset-ilulissat-diskobugten\/","og_site_name":"Guide to Greenland","article_modified_time":"2025-01-23T06:49:15+00:00","og_image":[{"width":926,"height":693,"url":"https:\/\/guidetogreenland.com\/wp-content\/uploads\/2020\/05\/snowshoe-in-the-northern-night-ilulissat-disko-bay-Guide-to-Greenland9.jpg","type":"image\/jpeg"}],"twitter_card":"summary_large_image","twitter_misc":{"Estimeret l\u00e6setid":"1 minut"},"schema":{"@context":"https:\/\/schema.org","@graph":[{"@type":"WebPage","@id":"https:\/\/guidetogreenland.com\/da\/reserver-ferie-rejser\/med-snesko-under-nordlyset-ilulissat-diskobugten\/","url":"https:\/\/guidetogreenland.com\/da\/reserver-ferie-rejser\/med-snesko-under-nordlyset-ilulissat-diskobugten\/","name":"Med snesko under Nordlyset | Ilulissat | Diskobugten | Guide to Greenland","isPartOf":{"@id":"https:\/\/guidetogreenland.com\/da\/#website"},"primaryImageOfPage":{"@id":"https:\/\/guidetogreenland.com\/da\/reserver-ferie-rejser\/med-snesko-under-nordlyset-ilulissat-diskobugten\/#primaryimage"},"image":{"@id":"https:\/\/guidetogreenland.com\/da\/reserver-ferie-rejser\/med-snesko-under-nordlyset-ilulissat-diskobugten\/#primaryimage"},"thumbnailUrl":"https:\/\/guidetogreenland.com\/wp-content\/uploads\/2020\/05\/snowshoe-in-the-northern-night-ilulissat-disko-bay-Guide-to-Greenland9.jpg","datePublished":"2020-05-19T15:11:58+00:00","dateModified":"2025-01-23T06:49:15+00:00","description":"Gr\u00f8nland om vinteren er et vidunder for alle eventyrlystne. Denne tur kombinere snesko og Nordlyset p\u00e5 en klar nat.","breadcrumb":{"@id":"https:\/\/guidetogreenland.com\/da\/reserver-ferie-rejser\/med-snesko-under-nordlyset-ilulissat-diskobugten\/#breadcrumb"},"inLanguage":"da-DK","potentialAction":[{"@type":"ReadAction","target":["https:\/\/guidetogreenland.com\/da\/reserver-ferie-rejser\/med-snesko-under-nordlyset-ilulissat-diskobugten\/"]}]},{"@type":"ImageObject","inLanguage":"da-DK","@id":"https:\/\/guidetogreenland.com\/da\/reserver-ferie-rejser\/med-snesko-under-nordlyset-ilulissat-diskobugten\/#primaryimage","url":"https:\/\/guidetogreenland.com\/wp-content\/uploads\/2020\/05\/snowshoe-in-the-northern-night-ilulissat-disko-bay-Guide-to-Greenland9.jpg","contentUrl":"https:\/\/guidetogreenland.com\/wp-content\/uploads\/2020\/05\/snowshoe-in-the-northern-night-ilulissat-disko-bay-Guide-to-Greenland9.jpg","width":926,"height":693},{"@type":"BreadcrumbList","@id":"https:\/\/guidetogreenland.com\/da\/reserver-ferie-rejser\/med-snesko-under-nordlyset-ilulissat-diskobugten\/#breadcrumb","itemListElement":[{"@type":"ListItem","position":1,"name":"Home","item":"https:\/\/guidetogreenland.com\/da\/"},{"@type":"ListItem","position":2,"name":"Se alle ture","item":"https:\/\/guidetogreenland.com\/da\/reserver-ferie-rejser\/"},{"@type":"ListItem","position":3,"name":"Med snesko under Nordlyset | Ilulissat | Diskobugten"}]},{"@type":"WebSite","@id":"https:\/\/guidetogreenland.com\/da\/#website","url":"https:\/\/guidetogreenland.com\/da\/","name":"Guide to Greenland","description":"Largest selection of tours in Greenland","potentialAction":[{"@type":"SearchAction","target":{"@type":"EntryPoint","urlTemplate":"https:\/\/guidetogreenland.com\/da\/?s={search_term_string}"},"query-input":{"@type":"PropertyValueSpecification","valueRequired":true,"valueName":"search_term_string"}}],"inLanguage":"da-DK"}]}},"_links":{"self":[{"href":"https:\/\/guidetogreenland.com\/da\/wp-json\/wp\/v2\/product\/14097","targetHints":{"allow":["GET"]}}],"collection":[{"href":"https:\/\/guidetogreenland.com\/da\/wp-json\/wp\/v2\/product"}],"about":[{"href":"https:\/\/guidetogreenland.com\/da\/wp-json\/wp\/v2\/types\/product"}],"replies":[{"embeddable":true,"href":"https:\/\/guidetogreenland.com\/da\/wp-json\/wp\/v2\/comments?post=14097"}],"wp:featuredmedia":[{"embeddable":true,"href":"https:\/\/guidetogreenland.com\/da\/wp-json\/wp\/v2\/media\/14099"}],"wp:attachment":[{"href":"https:\/\/guidetogreenland.com\/da\/wp-json\/wp\/v2\/media?parent=14097"}],"wp:term":[{"taxonomy":"product_brand","embeddable":true,"href":"https:\/\/guidetogreenland.com\/da\/wp-json\/wp\/v2\/product_brand?post=14097"},{"taxonomy":"product_cat","embeddable":true,"href":"https:\/\/guidetogreenland.com\/da\/wp-json\/wp\/v2\/product_cat?post=14097"},{"taxonomy":"product_tag","embeddable":true,"href":"https:\/\/guidetogreenland.com\/da\/wp-json\/wp\/v2\/product_tag?post=14097"}],"curies":[{"name":"wp","href":"https:\/\/api.w.org\/{rel}","templated":true}]}}