{"id":14101,"date":"2020-05-19T15:02:47","date_gmt":"2020-05-19T15:02:47","guid":{"rendered":"https:\/\/guidetogreenland.com\/book-trips-holiday\/snowmobile-tour-to-unesco-viewpoint-ilulissat\/"},"modified":"2026-04-05T07:36:50","modified_gmt":"2026-04-05T08:36:50","slug":"snowmobile-tour-to-unesco-viewpoint-ilulissat","status":"publish","type":"product","link":"https:\/\/guidetogreenland.com\/da\/reserver-ferie-rejser\/snescootertur-til-unesco-udsigtspunkt-ilulissat\/","title":{"rendered":"Snescootertur til UNESCO udsigtspunkt | Ilulissat"},"content":{"rendered":"<p>Tag p\u00e5 en sp\u00e6ndende snescooter tur ud i Ilulissats bagland, vi f\u00f8lger hundesl\u00e6desporet til et udsigtspunkt hvorfra vi kan se isfjorden og UNESCO omr\u00e5det!<\/p>\n<p>Fra byens yderkant tager vi ud i vildmarken, vi kommer nok til at k\u00f8re forbi flere j\u00e6gere og fiskere med deres hundesl\u00e6der p\u00e5 vejen ud i fjeldet.<\/p>\n<p class=\"x-18pep25\">Vi kommer til at k\u00f8re i ca. 45 minutter over frosne s\u00f8er og sned\u00e6kkede bakker som kan give et sus i maven n\u00e5r vi k\u00f8rer op og ned af dem, indtil vi endelig kan hoppe af sl\u00e6den og bare nyde udsigten.<\/p>\n<p class=\"e1imf5dp0 x-jm2771\">Guiden kender omr\u00e5det som sin egen inderlomme og kan fort\u00e6lle alle mulige historier om hans egne eventyr<span class=\"x-12abj6v e1uuu2lt3\"> og viden om omr\u00e5det.<\/span><\/p>\n<p class=\"e1imf5dp0 x-jm2771\"><span class=\"x-12abj6v e1uuu2lt3\">Hvis vejret er klart nok kan man se hele vejen ind til selve indlandsisen, der giver et indblik i hvor store kr\u00e6fter der er at g\u00f8re med n\u00e5r gletsjeren k\u00e6lver b\u00e5de sm\u00e5 og enorme isfjelde af.\u00a0<\/span><\/p>\n<p class=\"e1imf5dp0 x-jm2771\"><span class=\"x-12abj6v e1uuu2lt3\">Da vi er 250 kilometer nord for Polarcirklen er det en god id\u00e9 at kl\u00e6de sig s\u00e5 varmt p\u00e5 som muligt, selv p\u00e5 solskinsdage uden en brise kan temperaturen falde til -20 grader celsius. S\u00e5 tag en masse lag p\u00e5, dine yndlings uldsokker og lad os begive os ud i det vidunderlige vinterlandskab!\u00a0<\/span><\/p>\n<p class=\"e1imf5dp0 x-jm2771\"><span class=\"x-12abj6v e1uuu2lt3\">Hvis vejret bliver d\u00e5rligt p\u00e5 den dag du har booket til vil vi g\u00f8re vores bedste for at finde en anden dag der passer dig, hvis det ikke er muligt refunderer vi det fulde bel\u00f8b.<\/span><\/p>\n<p class=\"e1imf5dp0 x-jm2771\"><span class=\"x-12abj6v e1uuu2lt3\">Tag med p\u00e5 denne fede tur ved bare at klikke p\u00e5 &#8216;V\u00e6lg en dag&#8217; og find en dato der passer dig!\u00a0<\/span><\/p>\n","protected":false},"excerpt":{"rendered":"Tag p\u00e5 en sp\u00e6ndende snescooter tur ud i Ilulissats bagland, vi f\u00f8lger hundesl\u00e6desporet til et udsigtspunkt hvorfra vi kan se isfjorden og UNESCO omr\u00e5det! Fra byens yderkant tager vi ud i vildmarken, vi kommer nok til at k\u00f8re forbi flere j\u00e6gere og fiskere med deres hundesl\u00e6der p\u00e5 vejen ud i fjeldet. Vi kommer til at&#8230;","protected":false},"featured_media":14103,"comment_status":"open","ping_status":"closed","template":"","meta":[],"product_brand":[],"product_cat":[610,606,629,692,617,612,593,644,625],"product_tag":[919],"class_list":{"0":"post-14101","1":"product","2":"type-product","3":"status-publish","4":"has-post-thumbnail","6":"product_cat-atv-og-snescooterture","7":"product_cat-dagsture-om-vinteren","8":"product_cat-disko-bugten","9":"product_cat-iceberg-icefjord-tours","10":"product_cat-ilulissat-isfjord-ture","11":"product_cat-natur-og-dyreliv-i-groenland","12":"product_cat-oplevelser-i-groenland","13":"product_cat-ture-i-ilulissat","14":"product_cat-ture-til-verdensarv-steder-i-groenland","15":"product_tag-ilulissat-da","16":"pa_activities-snescooter","17":"pa_attractions-ilulissat-icefjord","18":"pa_available-month-januar","19":"pa_available-month-februar","20":"pa_available-month-marts","21":"pa_available-month-april","22":"pa_available-month-december","23":"pa_destinations-ilulissat","24":"pa_difficulty-let","25":"pa_duration-2-timer","26":"pa_tour-type-dagsture","27":"yith_shop_vendor-unique-tours-da","29":"first","30":"instock","31":"virtual","32":"sold-individually","33":"purchasable","34":"product-type-booking"},"acf":[],"yoast_head":"<!-- This site is optimized with the Yoast SEO plugin v25.6 - https:\/\/yoast.com\/wordpress\/plugins\/seo\/ -->\n<title>Snescootertur til UNESCO udsigtspunkt | Ilulissat | Guide to Greenland<\/title>\n<meta name=\"robots\" content=\"index, follow, max-snippet:-1, max-image-preview:large, max-video-preview:-1\" \/>\n<link rel=\"canonical\" href=\"https:\/\/guidetogreenland.com\/da\/reserver-ferie-rejser\/snescootertur-til-unesco-udsigtspunkt-ilulissat\/\" \/>\n<meta property=\"og:locale\" content=\"da_DK\" \/>\n<meta property=\"og:type\" content=\"article\" \/>\n<meta property=\"og:title\" content=\"Snescootertur til UNESCO udsigtspunkt | Ilulissat | Guide to Greenland\" \/>\n<meta property=\"og:description\" content=\"Tag p\u00e5 en sp\u00e6ndende snescooter tur ud i Ilulissats bagland, vi f\u00f8lger hundesl\u00e6desporet til et udsigtspunkt hvorfra vi kan se isfjorden og UNESCO omr\u00e5det! Fra byens yderkant tager vi ud i vildmarken, vi kommer nok til at k\u00f8re forbi flere j\u00e6gere og fiskere med deres hundesl\u00e6der p\u00e5 vejen ud i fjeldet. Vi kommer til at...\" \/>\n<meta property=\"og:url\" content=\"https:\/\/guidetogreenland.com\/da\/reserver-ferie-rejser\/snescootertur-til-unesco-udsigtspunkt-ilulissat\/\" \/>\n<meta property=\"og:site_name\" content=\"Guide to Greenland\" \/>\n<meta property=\"article:modified_time\" content=\"2026-04-05T08:36:50+00:00\" \/>\n<meta property=\"og:image\" content=\"https:\/\/guidetogreenland.com\/wp-content\/uploads\/2020\/05\/snowmobile-tour-to-unesco-viewpoint-ilulissat-Guide-to-Greenland6.jpg\" \/>\n\t<meta property=\"og:image:width\" content=\"926\" \/>\n\t<meta property=\"og:image:height\" content=\"1235\" \/>\n\t<meta property=\"og:image:type\" content=\"image\/jpeg\" \/>\n<meta name=\"twitter:card\" content=\"summary_large_image\" \/>\n<meta name=\"twitter:label1\" content=\"Estimeret l\u00e6setid\" \/>\n\t<meta name=\"twitter:data1\" content=\"1 minut\" \/>\n<script type=\"application\/ld+json\" class=\"yoast-schema-graph\">{\"@context\":\"https:\/\/schema.org\",\"@graph\":[{\"@type\":\"WebPage\",\"@id\":\"https:\/\/guidetogreenland.com\/da\/reserver-ferie-rejser\/snescootertur-til-unesco-udsigtspunkt-ilulissat\/\",\"url\":\"https:\/\/guidetogreenland.com\/da\/reserver-ferie-rejser\/snescootertur-til-unesco-udsigtspunkt-ilulissat\/\",\"name\":\"Snescootertur til UNESCO udsigtspunkt | Ilulissat | Guide to Greenland\",\"isPartOf\":{\"@id\":\"https:\/\/guidetogreenland.com\/da\/#website\"},\"primaryImageOfPage\":{\"@id\":\"https:\/\/guidetogreenland.com\/da\/reserver-ferie-rejser\/snescootertur-til-unesco-udsigtspunkt-ilulissat\/#primaryimage\"},\"image\":{\"@id\":\"https:\/\/guidetogreenland.com\/da\/reserver-ferie-rejser\/snescootertur-til-unesco-udsigtspunkt-ilulissat\/#primaryimage\"},\"thumbnailUrl\":\"https:\/\/guidetogreenland.com\/wp-content\/uploads\/2020\/05\/snowmobile-tour-to-unesco-viewpoint-ilulissat-Guide-to-Greenland6.jpg\",\"datePublished\":\"2020-05-19T15:02:47+00:00\",\"dateModified\":\"2026-04-05T08:36:50+00:00\",\"breadcrumb\":{\"@id\":\"https:\/\/guidetogreenland.com\/da\/reserver-ferie-rejser\/snescootertur-til-unesco-udsigtspunkt-ilulissat\/#breadcrumb\"},\"inLanguage\":\"da-DK\",\"potentialAction\":[{\"@type\":\"ReadAction\",\"target\":[\"https:\/\/guidetogreenland.com\/da\/reserver-ferie-rejser\/snescootertur-til-unesco-udsigtspunkt-ilulissat\/\"]}]},{\"@type\":\"ImageObject\",\"inLanguage\":\"da-DK\",\"@id\":\"https:\/\/guidetogreenland.com\/da\/reserver-ferie-rejser\/snescootertur-til-unesco-udsigtspunkt-ilulissat\/#primaryimage\",\"url\":\"https:\/\/guidetogreenland.com\/wp-content\/uploads\/2020\/05\/snowmobile-tour-to-unesco-viewpoint-ilulissat-Guide-to-Greenland6.jpg\",\"contentUrl\":\"https:\/\/guidetogreenland.com\/wp-content\/uploads\/2020\/05\/snowmobile-tour-to-unesco-viewpoint-ilulissat-Guide-to-Greenland6.jpg\",\"width\":926,\"height\":1235},{\"@type\":\"BreadcrumbList\",\"@id\":\"https:\/\/guidetogreenland.com\/da\/reserver-ferie-rejser\/snescootertur-til-unesco-udsigtspunkt-ilulissat\/#breadcrumb\",\"itemListElement\":[{\"@type\":\"ListItem\",\"position\":1,\"name\":\"Home\",\"item\":\"https:\/\/guidetogreenland.com\/da\/\"},{\"@type\":\"ListItem\",\"position\":2,\"name\":\"Se alle ture\",\"item\":\"https:\/\/guidetogreenland.com\/da\/reserver-ferie-rejser\/\"},{\"@type\":\"ListItem\",\"position\":3,\"name\":\"Snescootertur til UNESCO udsigtspunkt | Ilulissat\"}]},{\"@type\":\"WebSite\",\"@id\":\"https:\/\/guidetogreenland.com\/da\/#website\",\"url\":\"https:\/\/guidetogreenland.com\/da\/\",\"name\":\"Guide to Greenland\",\"description\":\"Largest selection of tours in Greenland\",\"potentialAction\":[{\"@type\":\"SearchAction\",\"target\":{\"@type\":\"EntryPoint\",\"urlTemplate\":\"https:\/\/guidetogreenland.com\/da\/?s={search_term_string}\"},\"query-input\":{\"@type\":\"PropertyValueSpecification\",\"valueRequired\":true,\"valueName\":\"search_term_string\"}}],\"inLanguage\":\"da-DK\"}]}<\/script>\n<!-- \/ Yoast SEO plugin. -->","yoast_head_json":{"title":"Snescootertur til UNESCO udsigtspunkt | Ilulissat | Guide to Greenland","robots":{"index":"index","follow":"follow","max-snippet":"max-snippet:-1","max-image-preview":"max-image-preview:large","max-video-preview":"max-video-preview:-1"},"canonical":"https:\/\/guidetogreenland.com\/da\/reserver-ferie-rejser\/snescootertur-til-unesco-udsigtspunkt-ilulissat\/","og_locale":"da_DK","og_type":"article","og_title":"Snescootertur til UNESCO udsigtspunkt | Ilulissat | Guide to Greenland","og_description":"Tag p\u00e5 en sp\u00e6ndende snescooter tur ud i Ilulissats bagland, vi f\u00f8lger hundesl\u00e6desporet til et udsigtspunkt hvorfra vi kan se isfjorden og UNESCO omr\u00e5det! Fra byens yderkant tager vi ud i vildmarken, vi kommer nok til at k\u00f8re forbi flere j\u00e6gere og fiskere med deres hundesl\u00e6der p\u00e5 vejen ud i fjeldet. Vi kommer til at...","og_url":"https:\/\/guidetogreenland.com\/da\/reserver-ferie-rejser\/snescootertur-til-unesco-udsigtspunkt-ilulissat\/","og_site_name":"Guide to Greenland","article_modified_time":"2026-04-05T08:36:50+00:00","og_image":[{"width":926,"height":1235,"url":"https:\/\/guidetogreenland.com\/wp-content\/uploads\/2020\/05\/snowmobile-tour-to-unesco-viewpoint-ilulissat-Guide-to-Greenland6.jpg","type":"image\/jpeg"}],"twitter_card":"summary_large_image","twitter_misc":{"Estimeret l\u00e6setid":"1 minut"},"schema":{"@context":"https:\/\/schema.org","@graph":[{"@type":"WebPage","@id":"https:\/\/guidetogreenland.com\/da\/reserver-ferie-rejser\/snescootertur-til-unesco-udsigtspunkt-ilulissat\/","url":"https:\/\/guidetogreenland.com\/da\/reserver-ferie-rejser\/snescootertur-til-unesco-udsigtspunkt-ilulissat\/","name":"Snescootertur til UNESCO udsigtspunkt | Ilulissat | Guide to Greenland","isPartOf":{"@id":"https:\/\/guidetogreenland.com\/da\/#website"},"primaryImageOfPage":{"@id":"https:\/\/guidetogreenland.com\/da\/reserver-ferie-rejser\/snescootertur-til-unesco-udsigtspunkt-ilulissat\/#primaryimage"},"image":{"@id":"https:\/\/guidetogreenland.com\/da\/reserver-ferie-rejser\/snescootertur-til-unesco-udsigtspunkt-ilulissat\/#primaryimage"},"thumbnailUrl":"https:\/\/guidetogreenland.com\/wp-content\/uploads\/2020\/05\/snowmobile-tour-to-unesco-viewpoint-ilulissat-Guide-to-Greenland6.jpg","datePublished":"2020-05-19T15:02:47+00:00","dateModified":"2026-04-05T08:36:50+00:00","breadcrumb":{"@id":"https:\/\/guidetogreenland.com\/da\/reserver-ferie-rejser\/snescootertur-til-unesco-udsigtspunkt-ilulissat\/#breadcrumb"},"inLanguage":"da-DK","potentialAction":[{"@type":"ReadAction","target":["https:\/\/guidetogreenland.com\/da\/reserver-ferie-rejser\/snescootertur-til-unesco-udsigtspunkt-ilulissat\/"]}]},{"@type":"ImageObject","inLanguage":"da-DK","@id":"https:\/\/guidetogreenland.com\/da\/reserver-ferie-rejser\/snescootertur-til-unesco-udsigtspunkt-ilulissat\/#primaryimage","url":"https:\/\/guidetogreenland.com\/wp-content\/uploads\/2020\/05\/snowmobile-tour-to-unesco-viewpoint-ilulissat-Guide-to-Greenland6.jpg","contentUrl":"https:\/\/guidetogreenland.com\/wp-content\/uploads\/2020\/05\/snowmobile-tour-to-unesco-viewpoint-ilulissat-Guide-to-Greenland6.jpg","width":926,"height":1235},{"@type":"BreadcrumbList","@id":"https:\/\/guidetogreenland.com\/da\/reserver-ferie-rejser\/snescootertur-til-unesco-udsigtspunkt-ilulissat\/#breadcrumb","itemListElement":[{"@type":"ListItem","position":1,"name":"Home","item":"https:\/\/guidetogreenland.com\/da\/"},{"@type":"ListItem","position":2,"name":"Se alle ture","item":"https:\/\/guidetogreenland.com\/da\/reserver-ferie-rejser\/"},{"@type":"ListItem","position":3,"name":"Snescootertur til UNESCO udsigtspunkt | Ilulissat"}]},{"@type":"WebSite","@id":"https:\/\/guidetogreenland.com\/da\/#website","url":"https:\/\/guidetogreenland.com\/da\/","name":"Guide to Greenland","description":"Largest selection of tours in Greenland","potentialAction":[{"@type":"SearchAction","target":{"@type":"EntryPoint","urlTemplate":"https:\/\/guidetogreenland.com\/da\/?s={search_term_string}"},"query-input":{"@type":"PropertyValueSpecification","valueRequired":true,"valueName":"search_term_string"}}],"inLanguage":"da-DK"}]}},"_links":{"self":[{"href":"https:\/\/guidetogreenland.com\/da\/wp-json\/wp\/v2\/product\/14101","targetHints":{"allow":["GET"]}}],"collection":[{"href":"https:\/\/guidetogreenland.com\/da\/wp-json\/wp\/v2\/product"}],"about":[{"href":"https:\/\/guidetogreenland.com\/da\/wp-json\/wp\/v2\/types\/product"}],"replies":[{"embeddable":true,"href":"https:\/\/guidetogreenland.com\/da\/wp-json\/wp\/v2\/comments?post=14101"}],"wp:featuredmedia":[{"embeddable":true,"href":"https:\/\/guidetogreenland.com\/da\/wp-json\/wp\/v2\/media\/14103"}],"wp:attachment":[{"href":"https:\/\/guidetogreenland.com\/da\/wp-json\/wp\/v2\/media?parent=14101"}],"wp:term":[{"taxonomy":"product_brand","embeddable":true,"href":"https:\/\/guidetogreenland.com\/da\/wp-json\/wp\/v2\/product_brand?post=14101"},{"taxonomy":"product_cat","embeddable":true,"href":"https:\/\/guidetogreenland.com\/da\/wp-json\/wp\/v2\/product_cat?post=14101"},{"taxonomy":"product_tag","embeddable":true,"href":"https:\/\/guidetogreenland.com\/da\/wp-json\/wp\/v2\/product_tag?post=14101"}],"curies":[{"name":"wp","href":"https:\/\/api.w.org\/{rel}","templated":true}]}}