{"id":14144,"date":"2020-05-19T15:02:28","date_gmt":"2020-05-19T15:02:28","guid":{"rendered":"https:\/\/guidetogreenland.com\/book-trips-holiday\/snowshoe-hiking-ilulissat-disko-bay\/"},"modified":"2025-05-07T14:00:35","modified_gmt":"2025-05-07T17:00:35","slug":"snowshoe-hiking-ilulissat-disko-bay","status":"publish","type":"product","link":"https:\/\/guidetogreenland.com\/da\/reserver-ferie-rejser\/sneskovandring-saunaoplevelse-ilulissat-diskobugten\/","title":{"rendered":"Sneskovandring &#038; Saunaoplevelse | Ilulissat | Diskobugten"},"content":{"rendered":"<div class=\"x-2ruu7e ewhm0490\">\n<div class=\"x-sqsvwz e1hc7val2\">\n<div class=\"x-13o7eu2 e1imf5dp1\">\n<div class=\"x-v4fa7v e1uuu2lt0\">\n<div class=\"x-7xwfhm e1imf5dp0\">\n<p class=\"x-18pep25\">Kom med p\u00e5 denne tur og udforsk Ilulissats snelandskab, erobre stejle fjeldsider og nyd udsigten af Ilulissats endel\u00f8se udsigt af isbjerge, i alle st\u00f8rrelser og nuancer. Grundet det barske arktiske klima, kan det v\u00e6re sv\u00e6rt at opleve Ilulissats UNESCO verdensarv i vinterperioden. Med snesko kommer du let omkring snelandskabet, og kan besejre diverse forhindringer som det arktiske klima kan byde p\u00e5.<\/p>\n<p class=\"e1imf5dp0 x-jm2771\">Denne tur tager dig til den tryllebindende og magiske Sermermiut dal. Forskellige inuit kulturer har beboet dalen i over 4000 \u00e5r, hvilket har kronet dalen til at v\u00e6re en verdens arv. Dalen byder p\u00e5 f<span class=\"x-12abj6v e1uuu2lt3\">antastiske, panoramiske udsigter over Isfjordens endel\u00f8se mark af isbjerge og Diskobugten.<\/span><\/p>\n<p class=\"e1imf5dp0 x-jm2771\"><span class=\"x-12abj6v e1uuu2lt3\">Din tur starter fra Kussangajaannguaq 3, hvor du bliver introduceret til din guide. Herefter g\u00e5r vi udenbys til Ilulissats elv\u00e6rk. Fra elv\u00e6rket venter dig en dal af eventyr! Vi f\u00f8lger den \u2019gule\u2019-rute. Ruten tager dig rundt om Sermermiut pynten, den er b\u00e5de sjov og udfordrende.<\/span><\/p>\n<p class=\"e1imf5dp0 x-jm2771\"><span class=\"x-12abj6v e1uuu2lt3\">Sp\u00e6nd dine snesko og lad os komme afsted! P\u00e5 vejen rundt om den store pynt, stopper vi for at tage billeder af udsigterne og nyder en velfortjent kop kaffe eller te. Vi f\u00f8lger isbjergenes rejse mod labrador havet, og disse isbjerge er kendt for at tage pusten fra dig, med deres sk\u00f8nhed. Ruten stopper ved heliporten, hvorfra vi g\u00e5r tilbage til Ilulissat. <\/span><\/p>\n<p class=\"e1imf5dp0 x-jm2771\"><span class=\"x-12abj6v e1uuu2lt3\">Efter at vi har afsluttet vores snesko-tur, vil den afslappende del af turen begynde &#8211; saunaoplevelsen! Du vil have 1-1,5 timer til at varme op og slappe af i saunaen. Vi anbefaler at drikke masser af vand og spise et let m\u00e5ltid som en banan f\u00f8r saunaen. Du b\u00f8r g\u00e5 udenfor saunaen hver 10.-15. minut for at k\u00f8le ned og m\u00e5ske pr\u00f8ve at lave nogle sneengle &#8211; valget er dit!<\/span><\/p>\n<\/div>\n<div class=\"x-7xwfhm e1imf5dp0\">\n<p class=\"e1imf5dp0 x-jm2771\"><span class=\"x-12abj6v e1uuu2lt3\">\u00a0Sp\u00e6nd dine snesko og tag en varm hat p\u00e5! Se tilg\u00e6ngeligheden ved at trykke p\u00e5 &#8216;<strong>V\u00e6lg dato<\/strong>&#8216; ovenover og book din tur idag.<\/span><\/p>\n<\/div>\n<\/div>\n<\/div>\n<\/div>\n<\/div>\n","protected":false},"excerpt":{"rendered":"Kom med p\u00e5 denne tur og udforsk Ilulissats snelandskab, erobre stejle fjeldsider og nyd udsigten af Ilulissats endel\u00f8se udsigt af isbjerge, i alle st\u00f8rrelser og nuancer. Grundet det barske arktiske klima, kan det v\u00e6re sv\u00e6rt at opleve Ilulissats UNESCO verdensarv i vinterperioden. Med snesko kommer du let omkring snelandskabet, og kan besejre diverse forhindringer som&#8230;","protected":false},"featured_media":14146,"comment_status":"open","ping_status":"closed","template":"","meta":[],"product_brand":[],"product_cat":[606,629,622,624,692,617,612,593,611,627,643,644,625],"product_tag":[919],"class_list":{"0":"post-14144","1":"product","2":"type-product","3":"status-publish","4":"has-post-thumbnail","6":"product_cat-dagsture-om-vinteren","7":"product_cat-disko-bugten","8":"product_cat-groenlandsk-kultur","9":"product_cat-historiske-ture","10":"product_cat-iceberg-icefjord-tours","11":"product_cat-ilulissat-isfjord-ture","12":"product_cat-natur-og-dyreliv-i-groenland","13":"product_cat-oplevelser-i-groenland","14":"product_cat-ski-og-sneskoture","15":"product_cat-ture-i-bestemte-omraader","16":"product_cat-ture-i-hver-by","17":"product_cat-ture-i-ilulissat","18":"product_cat-ture-til-verdensarv-steder-i-groenland","19":"product_tag-ilulissat-da","20":"pa_activities-isbjerg-udsigt","21":"pa_activities-snesko","22":"pa_attractions-ilulissat-icefjord","23":"pa_available-month-februar","24":"pa_available-month-marts","25":"pa_available-month-april","26":"pa_destinations-ilulissat","27":"pa_difficulty-moderat","28":"pa_duration-4-5-time","29":"pa_tour-type-dagsture","30":"yith_shop_vendor-ilulissat-adventure-da","32":"first","33":"instock","34":"virtual","35":"sold-individually","36":"purchasable","37":"product-type-booking"},"acf":[],"yoast_head":"<!-- This site is optimized with the Yoast SEO plugin v25.6 - https:\/\/yoast.com\/wordpress\/plugins\/seo\/ -->\n<title>Sneskovandring &amp; Saunaoplevelse | Ilulissat | Diskobugten | Guide to Greenland<\/title>\n<meta name=\"robots\" content=\"index, follow, max-snippet:-1, max-image-preview:large, max-video-preview:-1\" \/>\n<link rel=\"canonical\" href=\"https:\/\/guidetogreenland.com\/da\/reserver-ferie-rejser\/sneskovandring-saunaoplevelse-ilulissat-diskobugten\/\" \/>\n<meta property=\"og:locale\" content=\"da_DK\" \/>\n<meta property=\"og:type\" content=\"article\" \/>\n<meta property=\"og:title\" content=\"Sneskovandring &amp; Saunaoplevelse | Ilulissat | Diskobugten | Guide to Greenland\" \/>\n<meta property=\"og:description\" content=\"Kom med p\u00e5 denne tur og udforsk Ilulissats snelandskab, erobre stejle fjeldsider og nyd udsigten af Ilulissats endel\u00f8se udsigt af isbjerge, i alle st\u00f8rrelser og nuancer. Grundet det barske arktiske klima, kan det v\u00e6re sv\u00e6rt at opleve Ilulissats UNESCO verdensarv i vinterperioden. Med snesko kommer du let omkring snelandskabet, og kan besejre diverse forhindringer som...\" \/>\n<meta property=\"og:url\" content=\"https:\/\/guidetogreenland.com\/da\/reserver-ferie-rejser\/sneskovandring-saunaoplevelse-ilulissat-diskobugten\/\" \/>\n<meta property=\"og:site_name\" content=\"Guide to Greenland\" \/>\n<meta property=\"article:modified_time\" content=\"2025-05-07T17:00:35+00:00\" \/>\n<meta property=\"og:image\" content=\"https:\/\/guidetogreenland.com\/wp-content\/uploads\/2020\/05\/snowshoe-hiking-ilulissat-disko-bay-Guide-to-Greenland11.jpg\" \/>\n\t<meta property=\"og:image:width\" content=\"798\" \/>\n\t<meta property=\"og:image:height\" content=\"532\" \/>\n\t<meta property=\"og:image:type\" content=\"image\/jpeg\" \/>\n<meta name=\"twitter:card\" content=\"summary_large_image\" \/>\n<meta name=\"twitter:label1\" content=\"Estimeret l\u00e6setid\" \/>\n\t<meta name=\"twitter:data1\" content=\"2 minutter\" \/>\n<script type=\"application\/ld+json\" class=\"yoast-schema-graph\">{\"@context\":\"https:\/\/schema.org\",\"@graph\":[{\"@type\":\"WebPage\",\"@id\":\"https:\/\/guidetogreenland.com\/da\/reserver-ferie-rejser\/sneskovandring-saunaoplevelse-ilulissat-diskobugten\/\",\"url\":\"https:\/\/guidetogreenland.com\/da\/reserver-ferie-rejser\/sneskovandring-saunaoplevelse-ilulissat-diskobugten\/\",\"name\":\"Sneskovandring & Saunaoplevelse | Ilulissat | Diskobugten | Guide to Greenland\",\"isPartOf\":{\"@id\":\"https:\/\/guidetogreenland.com\/da\/#website\"},\"primaryImageOfPage\":{\"@id\":\"https:\/\/guidetogreenland.com\/da\/reserver-ferie-rejser\/sneskovandring-saunaoplevelse-ilulissat-diskobugten\/#primaryimage\"},\"image\":{\"@id\":\"https:\/\/guidetogreenland.com\/da\/reserver-ferie-rejser\/sneskovandring-saunaoplevelse-ilulissat-diskobugten\/#primaryimage\"},\"thumbnailUrl\":\"https:\/\/guidetogreenland.com\/wp-content\/uploads\/2020\/05\/snowshoe-hiking-ilulissat-disko-bay-Guide-to-Greenland11.jpg\",\"datePublished\":\"2020-05-19T15:02:28+00:00\",\"dateModified\":\"2025-05-07T17:00:35+00:00\",\"breadcrumb\":{\"@id\":\"https:\/\/guidetogreenland.com\/da\/reserver-ferie-rejser\/sneskovandring-saunaoplevelse-ilulissat-diskobugten\/#breadcrumb\"},\"inLanguage\":\"da-DK\",\"potentialAction\":[{\"@type\":\"ReadAction\",\"target\":[\"https:\/\/guidetogreenland.com\/da\/reserver-ferie-rejser\/sneskovandring-saunaoplevelse-ilulissat-diskobugten\/\"]}]},{\"@type\":\"ImageObject\",\"inLanguage\":\"da-DK\",\"@id\":\"https:\/\/guidetogreenland.com\/da\/reserver-ferie-rejser\/sneskovandring-saunaoplevelse-ilulissat-diskobugten\/#primaryimage\",\"url\":\"https:\/\/guidetogreenland.com\/wp-content\/uploads\/2020\/05\/snowshoe-hiking-ilulissat-disko-bay-Guide-to-Greenland11.jpg\",\"contentUrl\":\"https:\/\/guidetogreenland.com\/wp-content\/uploads\/2020\/05\/snowshoe-hiking-ilulissat-disko-bay-Guide-to-Greenland11.jpg\",\"width\":798,\"height\":532},{\"@type\":\"BreadcrumbList\",\"@id\":\"https:\/\/guidetogreenland.com\/da\/reserver-ferie-rejser\/sneskovandring-saunaoplevelse-ilulissat-diskobugten\/#breadcrumb\",\"itemListElement\":[{\"@type\":\"ListItem\",\"position\":1,\"name\":\"Home\",\"item\":\"https:\/\/guidetogreenland.com\/da\/\"},{\"@type\":\"ListItem\",\"position\":2,\"name\":\"Se alle ture\",\"item\":\"https:\/\/guidetogreenland.com\/da\/reserver-ferie-rejser\/\"},{\"@type\":\"ListItem\",\"position\":3,\"name\":\"Sneskovandring &#038; Saunaoplevelse | Ilulissat | Diskobugten\"}]},{\"@type\":\"WebSite\",\"@id\":\"https:\/\/guidetogreenland.com\/da\/#website\",\"url\":\"https:\/\/guidetogreenland.com\/da\/\",\"name\":\"Guide to Greenland\",\"description\":\"Largest selection of tours in Greenland\",\"potentialAction\":[{\"@type\":\"SearchAction\",\"target\":{\"@type\":\"EntryPoint\",\"urlTemplate\":\"https:\/\/guidetogreenland.com\/da\/?s={search_term_string}\"},\"query-input\":{\"@type\":\"PropertyValueSpecification\",\"valueRequired\":true,\"valueName\":\"search_term_string\"}}],\"inLanguage\":\"da-DK\"}]}<\/script>\n<!-- \/ Yoast SEO plugin. -->","yoast_head_json":{"title":"Sneskovandring & Saunaoplevelse | Ilulissat | Diskobugten | Guide to Greenland","robots":{"index":"index","follow":"follow","max-snippet":"max-snippet:-1","max-image-preview":"max-image-preview:large","max-video-preview":"max-video-preview:-1"},"canonical":"https:\/\/guidetogreenland.com\/da\/reserver-ferie-rejser\/sneskovandring-saunaoplevelse-ilulissat-diskobugten\/","og_locale":"da_DK","og_type":"article","og_title":"Sneskovandring & Saunaoplevelse | Ilulissat | Diskobugten | Guide to Greenland","og_description":"Kom med p\u00e5 denne tur og udforsk Ilulissats snelandskab, erobre stejle fjeldsider og nyd udsigten af Ilulissats endel\u00f8se udsigt af isbjerge, i alle st\u00f8rrelser og nuancer. Grundet det barske arktiske klima, kan det v\u00e6re sv\u00e6rt at opleve Ilulissats UNESCO verdensarv i vinterperioden. Med snesko kommer du let omkring snelandskabet, og kan besejre diverse forhindringer som...","og_url":"https:\/\/guidetogreenland.com\/da\/reserver-ferie-rejser\/sneskovandring-saunaoplevelse-ilulissat-diskobugten\/","og_site_name":"Guide to Greenland","article_modified_time":"2025-05-07T17:00:35+00:00","og_image":[{"width":798,"height":532,"url":"https:\/\/guidetogreenland.com\/wp-content\/uploads\/2020\/05\/snowshoe-hiking-ilulissat-disko-bay-Guide-to-Greenland11.jpg","type":"image\/jpeg"}],"twitter_card":"summary_large_image","twitter_misc":{"Estimeret l\u00e6setid":"2 minutter"},"schema":{"@context":"https:\/\/schema.org","@graph":[{"@type":"WebPage","@id":"https:\/\/guidetogreenland.com\/da\/reserver-ferie-rejser\/sneskovandring-saunaoplevelse-ilulissat-diskobugten\/","url":"https:\/\/guidetogreenland.com\/da\/reserver-ferie-rejser\/sneskovandring-saunaoplevelse-ilulissat-diskobugten\/","name":"Sneskovandring & Saunaoplevelse | Ilulissat | Diskobugten | Guide to Greenland","isPartOf":{"@id":"https:\/\/guidetogreenland.com\/da\/#website"},"primaryImageOfPage":{"@id":"https:\/\/guidetogreenland.com\/da\/reserver-ferie-rejser\/sneskovandring-saunaoplevelse-ilulissat-diskobugten\/#primaryimage"},"image":{"@id":"https:\/\/guidetogreenland.com\/da\/reserver-ferie-rejser\/sneskovandring-saunaoplevelse-ilulissat-diskobugten\/#primaryimage"},"thumbnailUrl":"https:\/\/guidetogreenland.com\/wp-content\/uploads\/2020\/05\/snowshoe-hiking-ilulissat-disko-bay-Guide-to-Greenland11.jpg","datePublished":"2020-05-19T15:02:28+00:00","dateModified":"2025-05-07T17:00:35+00:00","breadcrumb":{"@id":"https:\/\/guidetogreenland.com\/da\/reserver-ferie-rejser\/sneskovandring-saunaoplevelse-ilulissat-diskobugten\/#breadcrumb"},"inLanguage":"da-DK","potentialAction":[{"@type":"ReadAction","target":["https:\/\/guidetogreenland.com\/da\/reserver-ferie-rejser\/sneskovandring-saunaoplevelse-ilulissat-diskobugten\/"]}]},{"@type":"ImageObject","inLanguage":"da-DK","@id":"https:\/\/guidetogreenland.com\/da\/reserver-ferie-rejser\/sneskovandring-saunaoplevelse-ilulissat-diskobugten\/#primaryimage","url":"https:\/\/guidetogreenland.com\/wp-content\/uploads\/2020\/05\/snowshoe-hiking-ilulissat-disko-bay-Guide-to-Greenland11.jpg","contentUrl":"https:\/\/guidetogreenland.com\/wp-content\/uploads\/2020\/05\/snowshoe-hiking-ilulissat-disko-bay-Guide-to-Greenland11.jpg","width":798,"height":532},{"@type":"BreadcrumbList","@id":"https:\/\/guidetogreenland.com\/da\/reserver-ferie-rejser\/sneskovandring-saunaoplevelse-ilulissat-diskobugten\/#breadcrumb","itemListElement":[{"@type":"ListItem","position":1,"name":"Home","item":"https:\/\/guidetogreenland.com\/da\/"},{"@type":"ListItem","position":2,"name":"Se alle ture","item":"https:\/\/guidetogreenland.com\/da\/reserver-ferie-rejser\/"},{"@type":"ListItem","position":3,"name":"Sneskovandring &#038; Saunaoplevelse | Ilulissat | Diskobugten"}]},{"@type":"WebSite","@id":"https:\/\/guidetogreenland.com\/da\/#website","url":"https:\/\/guidetogreenland.com\/da\/","name":"Guide to Greenland","description":"Largest selection of tours in Greenland","potentialAction":[{"@type":"SearchAction","target":{"@type":"EntryPoint","urlTemplate":"https:\/\/guidetogreenland.com\/da\/?s={search_term_string}"},"query-input":{"@type":"PropertyValueSpecification","valueRequired":true,"valueName":"search_term_string"}}],"inLanguage":"da-DK"}]}},"_links":{"self":[{"href":"https:\/\/guidetogreenland.com\/da\/wp-json\/wp\/v2\/product\/14144","targetHints":{"allow":["GET"]}}],"collection":[{"href":"https:\/\/guidetogreenland.com\/da\/wp-json\/wp\/v2\/product"}],"about":[{"href":"https:\/\/guidetogreenland.com\/da\/wp-json\/wp\/v2\/types\/product"}],"replies":[{"embeddable":true,"href":"https:\/\/guidetogreenland.com\/da\/wp-json\/wp\/v2\/comments?post=14144"}],"wp:featuredmedia":[{"embeddable":true,"href":"https:\/\/guidetogreenland.com\/da\/wp-json\/wp\/v2\/media\/14146"}],"wp:attachment":[{"href":"https:\/\/guidetogreenland.com\/da\/wp-json\/wp\/v2\/media?parent=14144"}],"wp:term":[{"taxonomy":"product_brand","embeddable":true,"href":"https:\/\/guidetogreenland.com\/da\/wp-json\/wp\/v2\/product_brand?post=14144"},{"taxonomy":"product_cat","embeddable":true,"href":"https:\/\/guidetogreenland.com\/da\/wp-json\/wp\/v2\/product_cat?post=14144"},{"taxonomy":"product_tag","embeddable":true,"href":"https:\/\/guidetogreenland.com\/da\/wp-json\/wp\/v2\/product_tag?post=14144"}],"curies":[{"name":"wp","href":"https:\/\/api.w.org\/{rel}","templated":true}]}}