{"id":14177,"date":"2020-05-25T17:27:10","date_gmt":"2020-05-25T17:27:10","guid":{"rendered":"https:\/\/guidetogreenland.com\/book-trips-holiday\/town-walk-sculptures-and-myths-nuuk\/"},"modified":"2020-11-30T17:08:38","modified_gmt":"2020-11-30T17:08:38","slug":"town-walk-sculptures-and-myths-nuuk","status":"publish","type":"product","link":"https:\/\/guidetogreenland.com\/da\/reserver-ferie-rejser\/byvandring-skulpturer-og-myter-nuuk\/","title":{"rendered":"Byvandring \u2013 Skulpturer og Myter | Nuuk"},"content":{"rendered":"<p><span style=\"font-weight: 400;\">Tag med p\u00e5 en spadseretur rundt i Nuuks smukke gamle kvarterer. Vi vil stoppe ved skulpturerne lavet af gr\u00f8nlandske artister og fort\u00e6lle dig om de gamle myter og legender, de har taget inspiration fra.<\/span><\/p>\n<p><span style=\"font-weight: 400;\">Den udtryksfulde skulptur Kaassassuk, den for\u00e6ldrel\u00f8se, ved siden af det Gr\u00f8nlandske Parlament, og Havets Moder p\u00e5 stranden ved den Gamle Kolonihavn er nogle af h\u00f8jdepunkterne p\u00e5 denne g\u00e5tur. Der er flere skulpturer inden for g\u00e5afstand, som vi ogs\u00e5 vil bes\u00f8ge.<\/span><\/p>\n<p><span style=\"font-weight: 400;\">Charmen fra de farverige tr\u00e6huse og udsigten udover over havet fra den gamle del af byen er klassisk Gr\u00f8nland.\u00a0 Om sommeren blomstrer blomsterne alle steder og der vil m\u00e5ske v\u00e6re nogle lokale som er ude og \u00f8ve deres kajak f\u00e6rdigheder, eftersom kajakklubben er placeret i Den Gamle Kolonihavn. Om vinteren og i det tidlige for\u00e5r, tilf\u00f8jer et t\u00e6ppe af hvidt sne sin charme over de farverige huse, og skulpturen af Havets Moder kan v\u00e6re d\u00e6kket af glansfuld is.<\/span><\/p>\n<p><span style=\"font-weight: 400;\">Historiefort\u00e6lleren, AneMarie Ottesen, er en performancekunstner, hvis brede erfaring tilf\u00f8jer en fortryllende dybde til hendes historier. Imens vi g\u00e5r rundt, vil du have muligheden for at nyde en snak med hende om alt hvad du kunne interessere dig for inden for Gr\u00f8nland, alt fra den traditionelle kultur til det moderne gr\u00f8nlandske hverdagsliv.<\/span><\/p>\n<p><span style=\"font-weight: 400;\">Vi vil stoppe tre til fire steder for, at fort\u00e6lle dig myterne der er g\u00e5et i arv fra generation til generation.<\/span><\/p>\n<p><span style=\"font-weight: 400;\">Tag med og nyd den intime atmosf\u00e6re af denne tur. Du kan tjekke tilg\u00e6ngeligheden ved at trykke \u201d<\/span><b>Book nu<\/b><span style=\"font-weight: 400;\">\u201d ovenover.<\/span><\/p>\n","protected":false},"excerpt":{"rendered":"Tag med p\u00e5 en spadseretur rundt i Nuuks smukke gamle kvarterer. Vi vil stoppe ved skulpturerne lavet af gr\u00f8nlandske artister og fort\u00e6lle dig om de gamle myter og legender, de har taget inspiration fra. Den udtryksfulde skulptur Kaassassuk, den for\u00e6ldrel\u00f8se, ved siden af det Gr\u00f8nlandske Parlament, og Havets Moder p\u00e5 stranden ved den Gamle Kolonihavn&#8230;","protected":false},"featured_media":14178,"comment_status":"open","ping_status":"closed","template":"","meta":[],"product_brand":[],"product_cat":[605,606,622,623,634,652,633],"product_tag":[893],"class_list":{"0":"post-14177","1":"product","2":"type-product","3":"status-publish","4":"has-post-thumbnail","6":"product_cat-dagsture-om-sommeren","7":"product_cat-dagsture-om-vinteren","8":"product_cat-groenlandsk-kultur","9":"product_cat-kulturelle-aktiviteter","10":"product_cat-ture-for-krydstogtgaester","11":"product_cat-ture-i-nuuk","12":"product_cat-vestgroenland","13":"product_tag-nuuk-da","14":"pa_activities-byrundtur","15":"pa_activities-groenlandsk-kultur","16":"pa_available-month-januar","17":"pa_available-month-februar","18":"pa_available-month-marts","19":"pa_available-month-april","20":"pa_available-month-maj","21":"pa_available-month-juni","22":"pa_available-month-juli","23":"pa_available-month-august","24":"pa_available-month-september","25":"pa_available-month-oktober","26":"pa_available-month-november","27":"pa_available-month-december","28":"pa_destinations-nuuk","29":"pa_difficulty-let","30":"pa_duration-1-5-time","31":"pa_tour-type-dagsture","32":"yith_shop_vendor-tuugaaq-travel-da","34":"first","35":"instock","36":"virtual","37":"sold-individually","38":"purchasable","39":"product-type-booking"},"acf":[],"yoast_head":"<!-- This site is optimized with the Yoast SEO plugin v25.6 - https:\/\/yoast.com\/wordpress\/plugins\/seo\/ -->\n<title>Byvandring \u2013 Skulpturer og Myter | Nuuk | Guide to Greenland<\/title>\n<meta name=\"robots\" content=\"index, follow, max-snippet:-1, max-image-preview:large, max-video-preview:-1\" \/>\n<link rel=\"canonical\" href=\"https:\/\/guidetogreenland.com\/da\/reserver-ferie-rejser\/byvandring-skulpturer-og-myter-nuuk\/\" \/>\n<meta property=\"og:locale\" content=\"da_DK\" \/>\n<meta property=\"og:type\" content=\"article\" \/>\n<meta property=\"og:title\" content=\"Byvandring \u2013 Skulpturer og Myter | Nuuk | Guide to Greenland\" \/>\n<meta property=\"og:description\" content=\"Tag med p\u00e5 en spadseretur rundt i Nuuks smukke gamle kvarterer. Vi vil stoppe ved skulpturerne lavet af gr\u00f8nlandske artister og fort\u00e6lle dig om de gamle myter og legender, de har taget inspiration fra. Den udtryksfulde skulptur Kaassassuk, den for\u00e6ldrel\u00f8se, ved siden af det Gr\u00f8nlandske Parlament, og Havets Moder p\u00e5 stranden ved den Gamle Kolonihavn...\" \/>\n<meta property=\"og:url\" content=\"https:\/\/guidetogreenland.com\/da\/reserver-ferie-rejser\/byvandring-skulpturer-og-myter-nuuk\/\" \/>\n<meta property=\"og:site_name\" content=\"Guide to Greenland\" \/>\n<meta property=\"article:modified_time\" content=\"2020-11-30T17:08:38+00:00\" \/>\n<meta property=\"og:image\" content=\"https:\/\/guidetogreenland.com\/wp-content\/uploads\/2020\/05\/Town-Walk-\u2013-Sculptures-and-Myths-Nuuk-Guide-to-Greenland1.jpg\" \/>\n\t<meta property=\"og:image:width\" content=\"881\" \/>\n\t<meta property=\"og:image:height\" content=\"661\" \/>\n\t<meta property=\"og:image:type\" content=\"image\/jpeg\" \/>\n<meta name=\"twitter:card\" content=\"summary_large_image\" \/>\n<meta name=\"twitter:label1\" content=\"Estimeret l\u00e6setid\" \/>\n\t<meta name=\"twitter:data1\" content=\"1 minut\" \/>\n<script type=\"application\/ld+json\" class=\"yoast-schema-graph\">{\"@context\":\"https:\/\/schema.org\",\"@graph\":[{\"@type\":\"WebPage\",\"@id\":\"https:\/\/guidetogreenland.com\/da\/reserver-ferie-rejser\/byvandring-skulpturer-og-myter-nuuk\/\",\"url\":\"https:\/\/guidetogreenland.com\/da\/reserver-ferie-rejser\/byvandring-skulpturer-og-myter-nuuk\/\",\"name\":\"Byvandring \u2013 Skulpturer og Myter | Nuuk | Guide to Greenland\",\"isPartOf\":{\"@id\":\"https:\/\/guidetogreenland.com\/da\/#website\"},\"primaryImageOfPage\":{\"@id\":\"https:\/\/guidetogreenland.com\/da\/reserver-ferie-rejser\/byvandring-skulpturer-og-myter-nuuk\/#primaryimage\"},\"image\":{\"@id\":\"https:\/\/guidetogreenland.com\/da\/reserver-ferie-rejser\/byvandring-skulpturer-og-myter-nuuk\/#primaryimage\"},\"thumbnailUrl\":\"https:\/\/guidetogreenland.com\/wp-content\/uploads\/2020\/05\/Town-Walk-\u2013-Sculptures-and-Myths-Nuuk-Guide-to-Greenland1.jpg\",\"datePublished\":\"2020-05-25T17:27:10+00:00\",\"dateModified\":\"2020-11-30T17:08:38+00:00\",\"breadcrumb\":{\"@id\":\"https:\/\/guidetogreenland.com\/da\/reserver-ferie-rejser\/byvandring-skulpturer-og-myter-nuuk\/#breadcrumb\"},\"inLanguage\":\"da-DK\",\"potentialAction\":[{\"@type\":\"ReadAction\",\"target\":[\"https:\/\/guidetogreenland.com\/da\/reserver-ferie-rejser\/byvandring-skulpturer-og-myter-nuuk\/\"]}]},{\"@type\":\"ImageObject\",\"inLanguage\":\"da-DK\",\"@id\":\"https:\/\/guidetogreenland.com\/da\/reserver-ferie-rejser\/byvandring-skulpturer-og-myter-nuuk\/#primaryimage\",\"url\":\"https:\/\/guidetogreenland.com\/wp-content\/uploads\/2020\/05\/Town-Walk-\u2013-Sculptures-and-Myths-Nuuk-Guide-to-Greenland1.jpg\",\"contentUrl\":\"https:\/\/guidetogreenland.com\/wp-content\/uploads\/2020\/05\/Town-Walk-\u2013-Sculptures-and-Myths-Nuuk-Guide-to-Greenland1.jpg\",\"width\":881,\"height\":661},{\"@type\":\"BreadcrumbList\",\"@id\":\"https:\/\/guidetogreenland.com\/da\/reserver-ferie-rejser\/byvandring-skulpturer-og-myter-nuuk\/#breadcrumb\",\"itemListElement\":[{\"@type\":\"ListItem\",\"position\":1,\"name\":\"Home\",\"item\":\"https:\/\/guidetogreenland.com\/da\/\"},{\"@type\":\"ListItem\",\"position\":2,\"name\":\"Se alle ture\",\"item\":\"https:\/\/guidetogreenland.com\/da\/reserver-ferie-rejser\/\"},{\"@type\":\"ListItem\",\"position\":3,\"name\":\"Byvandring \u2013 Skulpturer og Myter | Nuuk\"}]},{\"@type\":\"WebSite\",\"@id\":\"https:\/\/guidetogreenland.com\/da\/#website\",\"url\":\"https:\/\/guidetogreenland.com\/da\/\",\"name\":\"Guide to Greenland\",\"description\":\"Largest selection of tours in Greenland\",\"potentialAction\":[{\"@type\":\"SearchAction\",\"target\":{\"@type\":\"EntryPoint\",\"urlTemplate\":\"https:\/\/guidetogreenland.com\/da\/?s={search_term_string}\"},\"query-input\":{\"@type\":\"PropertyValueSpecification\",\"valueRequired\":true,\"valueName\":\"search_term_string\"}}],\"inLanguage\":\"da-DK\"}]}<\/script>\n<!-- \/ Yoast SEO plugin. -->","yoast_head_json":{"title":"Byvandring \u2013 Skulpturer og Myter | Nuuk | Guide to Greenland","robots":{"index":"index","follow":"follow","max-snippet":"max-snippet:-1","max-image-preview":"max-image-preview:large","max-video-preview":"max-video-preview:-1"},"canonical":"https:\/\/guidetogreenland.com\/da\/reserver-ferie-rejser\/byvandring-skulpturer-og-myter-nuuk\/","og_locale":"da_DK","og_type":"article","og_title":"Byvandring \u2013 Skulpturer og Myter | Nuuk | Guide to Greenland","og_description":"Tag med p\u00e5 en spadseretur rundt i Nuuks smukke gamle kvarterer. Vi vil stoppe ved skulpturerne lavet af gr\u00f8nlandske artister og fort\u00e6lle dig om de gamle myter og legender, de har taget inspiration fra. Den udtryksfulde skulptur Kaassassuk, den for\u00e6ldrel\u00f8se, ved siden af det Gr\u00f8nlandske Parlament, og Havets Moder p\u00e5 stranden ved den Gamle Kolonihavn...","og_url":"https:\/\/guidetogreenland.com\/da\/reserver-ferie-rejser\/byvandring-skulpturer-og-myter-nuuk\/","og_site_name":"Guide to Greenland","article_modified_time":"2020-11-30T17:08:38+00:00","og_image":[{"width":881,"height":661,"url":"https:\/\/guidetogreenland.com\/wp-content\/uploads\/2020\/05\/Town-Walk-\u2013-Sculptures-and-Myths-Nuuk-Guide-to-Greenland1.jpg","type":"image\/jpeg"}],"twitter_card":"summary_large_image","twitter_misc":{"Estimeret l\u00e6setid":"1 minut"},"schema":{"@context":"https:\/\/schema.org","@graph":[{"@type":"WebPage","@id":"https:\/\/guidetogreenland.com\/da\/reserver-ferie-rejser\/byvandring-skulpturer-og-myter-nuuk\/","url":"https:\/\/guidetogreenland.com\/da\/reserver-ferie-rejser\/byvandring-skulpturer-og-myter-nuuk\/","name":"Byvandring \u2013 Skulpturer og Myter | Nuuk | Guide to Greenland","isPartOf":{"@id":"https:\/\/guidetogreenland.com\/da\/#website"},"primaryImageOfPage":{"@id":"https:\/\/guidetogreenland.com\/da\/reserver-ferie-rejser\/byvandring-skulpturer-og-myter-nuuk\/#primaryimage"},"image":{"@id":"https:\/\/guidetogreenland.com\/da\/reserver-ferie-rejser\/byvandring-skulpturer-og-myter-nuuk\/#primaryimage"},"thumbnailUrl":"https:\/\/guidetogreenland.com\/wp-content\/uploads\/2020\/05\/Town-Walk-\u2013-Sculptures-and-Myths-Nuuk-Guide-to-Greenland1.jpg","datePublished":"2020-05-25T17:27:10+00:00","dateModified":"2020-11-30T17:08:38+00:00","breadcrumb":{"@id":"https:\/\/guidetogreenland.com\/da\/reserver-ferie-rejser\/byvandring-skulpturer-og-myter-nuuk\/#breadcrumb"},"inLanguage":"da-DK","potentialAction":[{"@type":"ReadAction","target":["https:\/\/guidetogreenland.com\/da\/reserver-ferie-rejser\/byvandring-skulpturer-og-myter-nuuk\/"]}]},{"@type":"ImageObject","inLanguage":"da-DK","@id":"https:\/\/guidetogreenland.com\/da\/reserver-ferie-rejser\/byvandring-skulpturer-og-myter-nuuk\/#primaryimage","url":"https:\/\/guidetogreenland.com\/wp-content\/uploads\/2020\/05\/Town-Walk-\u2013-Sculptures-and-Myths-Nuuk-Guide-to-Greenland1.jpg","contentUrl":"https:\/\/guidetogreenland.com\/wp-content\/uploads\/2020\/05\/Town-Walk-\u2013-Sculptures-and-Myths-Nuuk-Guide-to-Greenland1.jpg","width":881,"height":661},{"@type":"BreadcrumbList","@id":"https:\/\/guidetogreenland.com\/da\/reserver-ferie-rejser\/byvandring-skulpturer-og-myter-nuuk\/#breadcrumb","itemListElement":[{"@type":"ListItem","position":1,"name":"Home","item":"https:\/\/guidetogreenland.com\/da\/"},{"@type":"ListItem","position":2,"name":"Se alle ture","item":"https:\/\/guidetogreenland.com\/da\/reserver-ferie-rejser\/"},{"@type":"ListItem","position":3,"name":"Byvandring \u2013 Skulpturer og Myter | Nuuk"}]},{"@type":"WebSite","@id":"https:\/\/guidetogreenland.com\/da\/#website","url":"https:\/\/guidetogreenland.com\/da\/","name":"Guide to Greenland","description":"Largest selection of tours in Greenland","potentialAction":[{"@type":"SearchAction","target":{"@type":"EntryPoint","urlTemplate":"https:\/\/guidetogreenland.com\/da\/?s={search_term_string}"},"query-input":{"@type":"PropertyValueSpecification","valueRequired":true,"valueName":"search_term_string"}}],"inLanguage":"da-DK"}]}},"_links":{"self":[{"href":"https:\/\/guidetogreenland.com\/da\/wp-json\/wp\/v2\/product\/14177","targetHints":{"allow":["GET"]}}],"collection":[{"href":"https:\/\/guidetogreenland.com\/da\/wp-json\/wp\/v2\/product"}],"about":[{"href":"https:\/\/guidetogreenland.com\/da\/wp-json\/wp\/v2\/types\/product"}],"replies":[{"embeddable":true,"href":"https:\/\/guidetogreenland.com\/da\/wp-json\/wp\/v2\/comments?post=14177"}],"wp:featuredmedia":[{"embeddable":true,"href":"https:\/\/guidetogreenland.com\/da\/wp-json\/wp\/v2\/media\/14178"}],"wp:attachment":[{"href":"https:\/\/guidetogreenland.com\/da\/wp-json\/wp\/v2\/media?parent=14177"}],"wp:term":[{"taxonomy":"product_brand","embeddable":true,"href":"https:\/\/guidetogreenland.com\/da\/wp-json\/wp\/v2\/product_brand?post=14177"},{"taxonomy":"product_cat","embeddable":true,"href":"https:\/\/guidetogreenland.com\/da\/wp-json\/wp\/v2\/product_cat?post=14177"},{"taxonomy":"product_tag","embeddable":true,"href":"https:\/\/guidetogreenland.com\/da\/wp-json\/wp\/v2\/product_tag?post=14177"}],"curies":[{"name":"wp","href":"https:\/\/api.w.org\/{rel}","templated":true}]}}