{"id":14186,"date":"2020-05-18T17:29:35","date_gmt":"2020-05-18T17:29:35","guid":{"rendered":"https:\/\/guidetogreenland.com\/book-trips-holiday\/sea-safari-sisimiut-north-greenland\/"},"modified":"2025-08-15T06:51:08","modified_gmt":"2025-08-15T09:51:08","slug":"havsafari-sisimiut-nordgroenland","status":"publish","type":"product","link":"https:\/\/guidetogreenland.com\/da\/reserver-ferie-rejser\/havsafari-i-sisimiut-i-vestgronland\/","title":{"rendered":"Havsafari i Sisimiut I Vestgr\u00f8nland"},"content":{"rendered":"<div class=\"x-2ruu7e ewhm0490\">\n<div class=\"x-sqsvwz e1hc7val2\">\n<div class=\"x-13o7eu2 e1imf5dp1\">\n<div class=\"x-v4fa7v e1uuu2lt0\">\n<div class=\"x-7xwfhm e1imf5dp0\">\n<p><span style=\"font-weight: 400;\">Kom med p\u00e5 dette haveventyr, hvor du f\u00e5r rig mulighed for at spejde efter det vilde dyreliv mens du sejler i vandene rundt om Sisimiut!\u00a0<\/span><span style=\"font-weight: 400;\">Denne tur er for alle som elsker de arktiske vidundere, alt fra \u00f8-gruppernes paradis til pukkelhvalernes gemmeleg i b\u00f8lgerne.<\/span><\/p>\n<p><span style=\"font-weight: 400;\">Havet har gennem mange \u00e5rhundrede v\u00e6ret den vigtigste kilde til b\u00e6redygtig f\u00f8de for det gr\u00f8nlandske folk. Hertil har havet altid v\u00e6ret en vigtig del af den gr\u00f8nlandske identitet. <\/span><span style=\"font-weight: 400;\">I de gamle myter og legender, er havet en massiv oldtidskraft som styrer livsstilen og forst\u00e5elsen for hele verden. Det er op til den dag i dag den prim\u00e6re kilde til f\u00f8de, hvor fiskeri uden kompensation er den prim\u00e6re indkomst i Gr\u00f8nland.<\/span><\/p>\n<p><span style=\"font-weight: 400;\">P\u00e5 denne tur vil du f\u00e5 et helt anderledes billede af hvad Gr\u00f8nland er, og hvilke barske forhold det gr\u00f8nlandske folk har m\u00e5tte overkomme for at overleve. <\/span><span style=\"font-weight: 400;\">L\u00e6r om vigtigheden i samarbejde, som er kr\u00e6vet for at kunne f.eks. fange en hval og hvor meget indsats og h\u00e5ndkraft det tager, ikke kun for jagten men ogs\u00e5 for arbejdet efter byttet er nedlagt.<\/span><\/p>\n<p><span style=\"font-weight: 400;\">Du vil sejle i \u00f8-havet og fjordene omkring Sisimiut, hvor du ogs\u00e5 vil f\u00e5 muligheden for at se det spektakul\u00e6re fjeld Nasaasaaq. Undervejs p\u00e5 turen vil du f\u00e5 mange chancer for at se de mange arter af fugle omkring Sisimiut. Hvis du er heldig, kan du endda f\u00e5 at se de majest\u00e6tiske hvaler eller en nysgerrig s\u00e6l p\u00e5 din tur.\u00a0<\/span><span style=\"font-weight: 400;\">I vinters\u00e6sonen vil der v\u00e6re mulighed for at sejle mellem de utrolige isbjerge og for at toppe den, m\u00e5ske endda opleve Nordlyset mens du er p\u00e5 havet. Det er en unik oplevelse.<\/span><\/p>\n<p><span style=\"font-weight: 400;\">S\u00e5 hold godt fast i din varme hue og husk kikkerten p\u00e5 dette fantastiske haveventyr!<\/span><\/p>\n<p><span style=\"font-weight: 400;\">Tjek tilg\u00e6ngeligheden ved at trykke p\u00e5<\/span><b> \u201dBook nu\u201d <\/b><span style=\"font-weight: 400;\">ovenfor<\/span><\/p>\n<\/div>\n<\/div>\n<\/div>\n<\/div>\n<\/div>\n<div>\n<div class=\"x-1bve0ae ewhm0490\">\n<div class=\"x-sqsvwz e1hc7val2\"><\/div>\n<\/div>\n<\/div>\n","protected":false},"excerpt":{"rendered":"Kom med p\u00e5 dette haveventyr, hvor du f\u00e5r rig mulighed for at spejde efter det vilde dyreliv mens du sejler i vandene rundt om Sisimiut!\u00a0Denne tur er for alle som elsker de arktiske vidundere, alt fra \u00f8-gruppernes paradis til pukkelhvalernes gemmeleg i b\u00f8lgerne. Havet har gennem mange \u00e5rhundrede v\u00e6ret den vigtigste kilde til b\u00e6redygtig f\u00f8de&#8230;","protected":false},"featured_media":12226,"comment_status":"open","ping_status":"closed","template":"","meta":[],"product_brand":[],"product_cat":[594,605,593,634,657,633],"product_tag":[936],"class_list":{"0":"post-14186","1":"product","2":"type-product","3":"status-publish","4":"has-post-thumbnail","6":"product_cat-baadture","7":"product_cat-dagsture-om-sommeren","8":"product_cat-oplevelser-i-groenland","9":"product_cat-ture-for-krydstogtgaester","10":"product_cat-ture-i-sisimiut","11":"product_cat-vestgroenland","12":"product_tag-sisimiut-da","13":"pa_activities-baadtur","14":"pa_activities-isbjerg-udsigt","15":"pa_available-month-april","16":"pa_available-month-maj","17":"pa_available-month-juni","18":"pa_available-month-juli","19":"pa_available-month-august","20":"pa_available-month-september","21":"pa_destinations-sisimiut","22":"pa_difficulty-let","23":"pa_duration-2-timer","24":"pa_tour-type-dagsture","25":"yith_shop_vendor-hotel-sisimiut-tours-da","27":"first","28":"instock","29":"virtual","30":"sold-individually","31":"purchasable","32":"product-type-booking"},"acf":[],"yoast_head":"<!-- This site is optimized with the Yoast SEO plugin v25.6 - https:\/\/yoast.com\/wordpress\/plugins\/seo\/ -->\n<title>Havsafari i Sisimiut I Vestgr\u00f8nland | Guide to Greenland<\/title>\n<meta name=\"description\" content=\"Oplev Sisimiut fra havet, vinter &amp; sommer. Smukke isbjerge, arktisk dyreliv og dansende nordlys p\u00e5 havet venter forude kun p\u00e5 dig!\" \/>\n<meta name=\"robots\" content=\"index, follow, max-snippet:-1, max-image-preview:large, max-video-preview:-1\" \/>\n<link rel=\"canonical\" href=\"https:\/\/guidetogreenland.com\/da\/reserver-ferie-rejser\/havsafari-i-sisimiut-i-vestgronland\/\" \/>\n<meta property=\"og:locale\" content=\"da_DK\" \/>\n<meta property=\"og:type\" content=\"article\" \/>\n<meta property=\"og:title\" content=\"Havsafari i Sisimiut I Vestgr\u00f8nland | Guide to Greenland\" \/>\n<meta property=\"og:description\" content=\"Oplev Sisimiut fra havet, vinter &amp; sommer. Smukke isbjerge, arktisk dyreliv og dansende nordlys p\u00e5 havet venter forude kun p\u00e5 dig!\" \/>\n<meta property=\"og:url\" content=\"https:\/\/guidetogreenland.com\/da\/reserver-ferie-rejser\/havsafari-i-sisimiut-i-vestgronland\/\" \/>\n<meta property=\"og:site_name\" content=\"Guide to Greenland\" \/>\n<meta property=\"article:modified_time\" content=\"2025-08-15T09:51:08+00:00\" \/>\n<meta property=\"og:image\" content=\"https:\/\/guidetogreenland.com\/wp-content\/uploads\/2020\/05\/sea-safari-sisimiut-north-greenland-Guide-to-Greenland10.jpg\" \/>\n\t<meta property=\"og:image:width\" content=\"798\" \/>\n\t<meta property=\"og:image:height\" content=\"532\" \/>\n\t<meta property=\"og:image:type\" content=\"image\/jpeg\" \/>\n<meta name=\"twitter:card\" content=\"summary_large_image\" \/>\n<meta name=\"twitter:label1\" content=\"Estimeret l\u00e6setid\" \/>\n\t<meta name=\"twitter:data1\" content=\"2 minutter\" \/>\n<script type=\"application\/ld+json\" class=\"yoast-schema-graph\">{\"@context\":\"https:\/\/schema.org\",\"@graph\":[{\"@type\":\"WebPage\",\"@id\":\"https:\/\/guidetogreenland.com\/da\/reserver-ferie-rejser\/havsafari-i-sisimiut-i-vestgronland\/\",\"url\":\"https:\/\/guidetogreenland.com\/da\/reserver-ferie-rejser\/havsafari-i-sisimiut-i-vestgronland\/\",\"name\":\"Havsafari i Sisimiut I Vestgr\u00f8nland | Guide to Greenland\",\"isPartOf\":{\"@id\":\"https:\/\/guidetogreenland.com\/da\/#website\"},\"primaryImageOfPage\":{\"@id\":\"https:\/\/guidetogreenland.com\/da\/reserver-ferie-rejser\/havsafari-i-sisimiut-i-vestgronland\/#primaryimage\"},\"image\":{\"@id\":\"https:\/\/guidetogreenland.com\/da\/reserver-ferie-rejser\/havsafari-i-sisimiut-i-vestgronland\/#primaryimage\"},\"thumbnailUrl\":\"https:\/\/guidetogreenland.com\/wp-content\/uploads\/2020\/06\/Humpback-whale-tale-by-Carsten-Egevang.jpeg\",\"datePublished\":\"2020-05-18T17:29:35+00:00\",\"dateModified\":\"2025-08-15T09:51:08+00:00\",\"description\":\"Oplev Sisimiut fra havet, vinter & sommer. Smukke isbjerge, arktisk dyreliv og dansende nordlys p\u00e5 havet venter forude kun p\u00e5 dig!\",\"breadcrumb\":{\"@id\":\"https:\/\/guidetogreenland.com\/da\/reserver-ferie-rejser\/havsafari-i-sisimiut-i-vestgronland\/#breadcrumb\"},\"inLanguage\":\"da-DK\",\"potentialAction\":[{\"@type\":\"ReadAction\",\"target\":[\"https:\/\/guidetogreenland.com\/da\/reserver-ferie-rejser\/havsafari-i-sisimiut-i-vestgronland\/\"]}]},{\"@type\":\"ImageObject\",\"inLanguage\":\"da-DK\",\"@id\":\"https:\/\/guidetogreenland.com\/da\/reserver-ferie-rejser\/havsafari-i-sisimiut-i-vestgronland\/#primaryimage\",\"url\":\"https:\/\/guidetogreenland.com\/wp-content\/uploads\/2020\/06\/Humpback-whale-tale-by-Carsten-Egevang.jpeg\",\"contentUrl\":\"https:\/\/guidetogreenland.com\/wp-content\/uploads\/2020\/06\/Humpback-whale-tale-by-Carsten-Egevang.jpeg\",\"width\":1656,\"height\":934},{\"@type\":\"BreadcrumbList\",\"@id\":\"https:\/\/guidetogreenland.com\/da\/reserver-ferie-rejser\/havsafari-i-sisimiut-i-vestgronland\/#breadcrumb\",\"itemListElement\":[{\"@type\":\"ListItem\",\"position\":1,\"name\":\"Home\",\"item\":\"https:\/\/guidetogreenland.com\/da\/\"},{\"@type\":\"ListItem\",\"position\":2,\"name\":\"Se alle ture\",\"item\":\"https:\/\/guidetogreenland.com\/da\/reserver-ferie-rejser\/\"},{\"@type\":\"ListItem\",\"position\":3,\"name\":\"Havsafari i Sisimiut I Vestgr\u00f8nland\"}]},{\"@type\":\"WebSite\",\"@id\":\"https:\/\/guidetogreenland.com\/da\/#website\",\"url\":\"https:\/\/guidetogreenland.com\/da\/\",\"name\":\"Guide to Greenland\",\"description\":\"Largest selection of tours in Greenland\",\"potentialAction\":[{\"@type\":\"SearchAction\",\"target\":{\"@type\":\"EntryPoint\",\"urlTemplate\":\"https:\/\/guidetogreenland.com\/da\/?s={search_term_string}\"},\"query-input\":{\"@type\":\"PropertyValueSpecification\",\"valueRequired\":true,\"valueName\":\"search_term_string\"}}],\"inLanguage\":\"da-DK\"}]}<\/script>\n<!-- \/ Yoast SEO plugin. -->","yoast_head_json":{"title":"Havsafari i Sisimiut I Vestgr\u00f8nland | Guide to Greenland","description":"Oplev Sisimiut fra havet, vinter & sommer. Smukke isbjerge, arktisk dyreliv og dansende nordlys p\u00e5 havet venter forude kun p\u00e5 dig!","robots":{"index":"index","follow":"follow","max-snippet":"max-snippet:-1","max-image-preview":"max-image-preview:large","max-video-preview":"max-video-preview:-1"},"canonical":"https:\/\/guidetogreenland.com\/da\/reserver-ferie-rejser\/havsafari-i-sisimiut-i-vestgronland\/","og_locale":"da_DK","og_type":"article","og_title":"Havsafari i Sisimiut I Vestgr\u00f8nland | Guide to Greenland","og_description":"Oplev Sisimiut fra havet, vinter & sommer. Smukke isbjerge, arktisk dyreliv og dansende nordlys p\u00e5 havet venter forude kun p\u00e5 dig!","og_url":"https:\/\/guidetogreenland.com\/da\/reserver-ferie-rejser\/havsafari-i-sisimiut-i-vestgronland\/","og_site_name":"Guide to Greenland","article_modified_time":"2025-08-15T09:51:08+00:00","og_image":[{"width":798,"height":532,"url":"https:\/\/guidetogreenland.com\/wp-content\/uploads\/2020\/05\/sea-safari-sisimiut-north-greenland-Guide-to-Greenland10.jpg","type":"image\/jpeg"}],"twitter_card":"summary_large_image","twitter_misc":{"Estimeret l\u00e6setid":"2 minutter"},"schema":{"@context":"https:\/\/schema.org","@graph":[{"@type":"WebPage","@id":"https:\/\/guidetogreenland.com\/da\/reserver-ferie-rejser\/havsafari-i-sisimiut-i-vestgronland\/","url":"https:\/\/guidetogreenland.com\/da\/reserver-ferie-rejser\/havsafari-i-sisimiut-i-vestgronland\/","name":"Havsafari i Sisimiut I Vestgr\u00f8nland | Guide to Greenland","isPartOf":{"@id":"https:\/\/guidetogreenland.com\/da\/#website"},"primaryImageOfPage":{"@id":"https:\/\/guidetogreenland.com\/da\/reserver-ferie-rejser\/havsafari-i-sisimiut-i-vestgronland\/#primaryimage"},"image":{"@id":"https:\/\/guidetogreenland.com\/da\/reserver-ferie-rejser\/havsafari-i-sisimiut-i-vestgronland\/#primaryimage"},"thumbnailUrl":"https:\/\/guidetogreenland.com\/wp-content\/uploads\/2020\/06\/Humpback-whale-tale-by-Carsten-Egevang.jpeg","datePublished":"2020-05-18T17:29:35+00:00","dateModified":"2025-08-15T09:51:08+00:00","description":"Oplev Sisimiut fra havet, vinter & sommer. Smukke isbjerge, arktisk dyreliv og dansende nordlys p\u00e5 havet venter forude kun p\u00e5 dig!","breadcrumb":{"@id":"https:\/\/guidetogreenland.com\/da\/reserver-ferie-rejser\/havsafari-i-sisimiut-i-vestgronland\/#breadcrumb"},"inLanguage":"da-DK","potentialAction":[{"@type":"ReadAction","target":["https:\/\/guidetogreenland.com\/da\/reserver-ferie-rejser\/havsafari-i-sisimiut-i-vestgronland\/"]}]},{"@type":"ImageObject","inLanguage":"da-DK","@id":"https:\/\/guidetogreenland.com\/da\/reserver-ferie-rejser\/havsafari-i-sisimiut-i-vestgronland\/#primaryimage","url":"https:\/\/guidetogreenland.com\/wp-content\/uploads\/2020\/06\/Humpback-whale-tale-by-Carsten-Egevang.jpeg","contentUrl":"https:\/\/guidetogreenland.com\/wp-content\/uploads\/2020\/06\/Humpback-whale-tale-by-Carsten-Egevang.jpeg","width":1656,"height":934},{"@type":"BreadcrumbList","@id":"https:\/\/guidetogreenland.com\/da\/reserver-ferie-rejser\/havsafari-i-sisimiut-i-vestgronland\/#breadcrumb","itemListElement":[{"@type":"ListItem","position":1,"name":"Home","item":"https:\/\/guidetogreenland.com\/da\/"},{"@type":"ListItem","position":2,"name":"Se alle ture","item":"https:\/\/guidetogreenland.com\/da\/reserver-ferie-rejser\/"},{"@type":"ListItem","position":3,"name":"Havsafari i Sisimiut I Vestgr\u00f8nland"}]},{"@type":"WebSite","@id":"https:\/\/guidetogreenland.com\/da\/#website","url":"https:\/\/guidetogreenland.com\/da\/","name":"Guide to Greenland","description":"Largest selection of tours in Greenland","potentialAction":[{"@type":"SearchAction","target":{"@type":"EntryPoint","urlTemplate":"https:\/\/guidetogreenland.com\/da\/?s={search_term_string}"},"query-input":{"@type":"PropertyValueSpecification","valueRequired":true,"valueName":"search_term_string"}}],"inLanguage":"da-DK"}]}},"_links":{"self":[{"href":"https:\/\/guidetogreenland.com\/da\/wp-json\/wp\/v2\/product\/14186","targetHints":{"allow":["GET"]}}],"collection":[{"href":"https:\/\/guidetogreenland.com\/da\/wp-json\/wp\/v2\/product"}],"about":[{"href":"https:\/\/guidetogreenland.com\/da\/wp-json\/wp\/v2\/types\/product"}],"replies":[{"embeddable":true,"href":"https:\/\/guidetogreenland.com\/da\/wp-json\/wp\/v2\/comments?post=14186"}],"wp:featuredmedia":[{"embeddable":true,"href":"https:\/\/guidetogreenland.com\/da\/wp-json\/wp\/v2\/media\/12226"}],"wp:attachment":[{"href":"https:\/\/guidetogreenland.com\/da\/wp-json\/wp\/v2\/media?parent=14186"}],"wp:term":[{"taxonomy":"product_brand","embeddable":true,"href":"https:\/\/guidetogreenland.com\/da\/wp-json\/wp\/v2\/product_brand?post=14186"},{"taxonomy":"product_cat","embeddable":true,"href":"https:\/\/guidetogreenland.com\/da\/wp-json\/wp\/v2\/product_cat?post=14186"},{"taxonomy":"product_tag","embeddable":true,"href":"https:\/\/guidetogreenland.com\/da\/wp-json\/wp\/v2\/product_tag?post=14186"}],"curies":[{"name":"wp","href":"https:\/\/api.w.org\/{rel}","templated":true}]}}