{"id":14202,"date":"2020-05-14T14:15:48","date_gmt":"2020-05-14T14:15:48","guid":{"rendered":"https:\/\/guidetogreenland.com\/book-trips-holiday\/midnight-cruise-to-ilulissat-icefjord-ilulissat-disko-bay\/"},"modified":"2025-09-26T12:14:07","modified_gmt":"2025-09-26T15:14:07","slug":"midnight-cruise-to-ilulissat-icefjord-ilulissat-disko-bay","status":"publish","type":"product","link":"https:\/\/guidetogreenland.com\/da\/reserver-ferie-rejser\/midnatssejlads-til-ilulissat-isfjord-ilulissat-diskobugten\/","title":{"rendered":"Midnatssejlads til Ilulissat Isfjord | Ilulissat | Diskobugten"},"content":{"rendered":"<p>Opdag Ilulissats uforglemmelige isbjerge med denne 2-timers b\u00e5dtur! Se de store isbjerge under de r\u00f8de og orange str\u00e5ler fra den evigskinnende midnatssol p\u00e5 denne fantastiske aftentur.<\/p>\n<p>Oplev det arktiske f\u00e6nomen \u2013 den evigskinnende midnatssol, kombineret med Ilulissats fortryllende isfjord, som tilsammen vil give dig en oplevelse du sent vil glemme.<\/p>\n<p>Din tur vil begynde ved Ilulissat havn, hvor du vil m\u00f8de din lokale kaptajn og i sammen vil sejle ud i en \u00e5ben b\u00e5d. Herfra vil I vove jer syd fra Ilulissat til munden af Isfjorden. P\u00e5 turen kan man v\u00e6re heldig at spotte en hval eller to mens de leger gemmeleg i havets b\u00f8lger. Gletsjeren i Ilulissat Isfjord, kendt som Sermeq Kujalleq Gletsjer, er en af verdens mest aktive og producerende gletsjere, hvor den k\u00e6lver over 35 km3 is om \u00e5ret. Isbjergene r\u00e6kker 100 meter over vandet og husk: det er kun toppen af isbjerget.<\/p>\n<p>Ved munden i isfjorden vil du kunne opleve disse skyh\u00f8je isbjerge, gjort endnu smukkere af midnatssolen r\u00f8de og orange str\u00e5ler. Som vi sejler gennem det isfyldte vand, f\u00e5r du muligheden for at se ned i det krystalklare vand.<\/p>\n<p>F\u00e5 den arktiske vind i h\u00e5ret mens du nyder den fantastiske udsigt af isbjergenes farve blandet med midnatssolen sk\u00e6r!<\/p>\n<p>Ved at booke denne tur, sikre du dig en personlig oplevelse mens du erobrer de smukke omgivelser af Diskobugten i en \u00e5ben b\u00e5d.<\/p>\n<p>S\u00e5 find kameraet frem og husk huen p\u00e5 denne fantastiske tur til Ilulissat Isfjord! Tjek tilg\u00e6ngelighed ved at trykke p\u00e5 <strong>\u201dBook nu\u201d<\/strong> ovenover.<\/p>\n","protected":false},"excerpt":{"rendered":"Opdag Ilulissats uforglemmelige isbjerge med denne 2-timers b\u00e5dtur! Se de store isbjerge under de r\u00f8de og orange str\u00e5ler fra den evigskinnende midnatssol p\u00e5 denne fantastiske aftentur. Oplev det arktiske f\u00e6nomen \u2013 den evigskinnende midnatssol, kombineret med Ilulissats fortryllende isfjord, som tilsammen vil give dig en oplevelse du sent vil glemme. Din tur vil begynde ved&#8230;","protected":false},"featured_media":14203,"comment_status":"open","ping_status":"closed","template":"","meta":[],"product_brand":[],"product_cat":[594,605,629,692,617,618,593,634,644,625],"product_tag":[919],"class_list":{"0":"post-14202","1":"product","2":"type-product","3":"status-publish","4":"has-post-thumbnail","6":"product_cat-baadture","7":"product_cat-dagsture-om-sommeren","8":"product_cat-disko-bugten","9":"product_cat-iceberg-icefjord-tours","10":"product_cat-ilulissat-isfjord-ture","11":"product_cat-midnatssol-ture","12":"product_cat-oplevelser-i-groenland","13":"product_cat-ture-for-krydstogtgaester","14":"product_cat-ture-i-ilulissat","15":"product_cat-ture-til-verdensarv-steder-i-groenland","16":"product_tag-ilulissat-da","17":"pa_activities-baadtur","18":"pa_activities-isbjerg-udsigt","19":"pa_activities-midnatssol","20":"pa_attractions-ilulissat-icefjord","21":"pa_available-month-juni","22":"pa_available-month-juli","23":"pa_available-month-august","24":"pa_destinations-ilulissat","25":"pa_difficulty-let","26":"pa_duration-2-timer","27":"pa_tour-type-dagsture","28":"yith_shop_vendor-ilulissat-adventure-da","30":"first","31":"instock","32":"virtual","33":"sold-individually","34":"purchasable","35":"product-type-booking"},"acf":[],"yoast_head":"<!-- This site is optimized with the Yoast SEO plugin v25.6 - https:\/\/yoast.com\/wordpress\/plugins\/seo\/ -->\n<title>Midnatssejlads til Ilulissat Isfjord | Ilulissat | Diskobugten | Guide to Greenland<\/title>\n<meta name=\"robots\" content=\"index, follow, max-snippet:-1, max-image-preview:large, max-video-preview:-1\" \/>\n<link rel=\"canonical\" href=\"https:\/\/guidetogreenland.com\/da\/reserver-ferie-rejser\/midnatssejlads-til-ilulissat-isfjord-ilulissat-diskobugten\/\" \/>\n<meta property=\"og:locale\" content=\"da_DK\" \/>\n<meta property=\"og:type\" content=\"article\" \/>\n<meta property=\"og:title\" content=\"Midnatssejlads til Ilulissat Isfjord | Ilulissat | Diskobugten | Guide to Greenland\" \/>\n<meta property=\"og:description\" content=\"Opdag Ilulissats uforglemmelige isbjerge med denne 2-timers b\u00e5dtur! Se de store isbjerge under de r\u00f8de og orange str\u00e5ler fra den evigskinnende midnatssol p\u00e5 denne fantastiske aftentur. Oplev det arktiske f\u00e6nomen \u2013 den evigskinnende midnatssol, kombineret med Ilulissats fortryllende isfjord, som tilsammen vil give dig en oplevelse du sent vil glemme. Din tur vil begynde ved...\" \/>\n<meta property=\"og:url\" content=\"https:\/\/guidetogreenland.com\/da\/reserver-ferie-rejser\/midnatssejlads-til-ilulissat-isfjord-ilulissat-diskobugten\/\" \/>\n<meta property=\"og:site_name\" content=\"Guide to Greenland\" \/>\n<meta property=\"article:modified_time\" content=\"2025-09-26T15:14:07+00:00\" \/>\n<meta property=\"og:image\" content=\"https:\/\/guidetogreenland.com\/wp-content\/uploads\/2020\/05\/midnight-cruise-to-ilulissat-icefjord-ilulissat-disko-bay-Guide-to-Greenland-1.jpg\" \/>\n\t<meta property=\"og:image:width\" content=\"798\" \/>\n\t<meta property=\"og:image:height\" content=\"599\" \/>\n\t<meta property=\"og:image:type\" content=\"image\/jpeg\" \/>\n<meta name=\"twitter:card\" content=\"summary_large_image\" \/>\n<meta name=\"twitter:label1\" content=\"Estimeret l\u00e6setid\" \/>\n\t<meta name=\"twitter:data1\" content=\"2 minutter\" \/>\n<script type=\"application\/ld+json\" class=\"yoast-schema-graph\">{\"@context\":\"https:\/\/schema.org\",\"@graph\":[{\"@type\":\"WebPage\",\"@id\":\"https:\/\/guidetogreenland.com\/da\/reserver-ferie-rejser\/midnatssejlads-til-ilulissat-isfjord-ilulissat-diskobugten\/\",\"url\":\"https:\/\/guidetogreenland.com\/da\/reserver-ferie-rejser\/midnatssejlads-til-ilulissat-isfjord-ilulissat-diskobugten\/\",\"name\":\"Midnatssejlads til Ilulissat Isfjord | Ilulissat | Diskobugten | Guide to Greenland\",\"isPartOf\":{\"@id\":\"https:\/\/guidetogreenland.com\/da\/#website\"},\"primaryImageOfPage\":{\"@id\":\"https:\/\/guidetogreenland.com\/da\/reserver-ferie-rejser\/midnatssejlads-til-ilulissat-isfjord-ilulissat-diskobugten\/#primaryimage\"},\"image\":{\"@id\":\"https:\/\/guidetogreenland.com\/da\/reserver-ferie-rejser\/midnatssejlads-til-ilulissat-isfjord-ilulissat-diskobugten\/#primaryimage\"},\"thumbnailUrl\":\"https:\/\/guidetogreenland.com\/wp-content\/uploads\/2020\/05\/midnight-cruise-to-ilulissat-icefjord-ilulissat-disko-bay-Guide-to-Greenland-1.jpg\",\"datePublished\":\"2020-05-14T14:15:48+00:00\",\"dateModified\":\"2025-09-26T15:14:07+00:00\",\"breadcrumb\":{\"@id\":\"https:\/\/guidetogreenland.com\/da\/reserver-ferie-rejser\/midnatssejlads-til-ilulissat-isfjord-ilulissat-diskobugten\/#breadcrumb\"},\"inLanguage\":\"da-DK\",\"potentialAction\":[{\"@type\":\"ReadAction\",\"target\":[\"https:\/\/guidetogreenland.com\/da\/reserver-ferie-rejser\/midnatssejlads-til-ilulissat-isfjord-ilulissat-diskobugten\/\"]}]},{\"@type\":\"ImageObject\",\"inLanguage\":\"da-DK\",\"@id\":\"https:\/\/guidetogreenland.com\/da\/reserver-ferie-rejser\/midnatssejlads-til-ilulissat-isfjord-ilulissat-diskobugten\/#primaryimage\",\"url\":\"https:\/\/guidetogreenland.com\/wp-content\/uploads\/2020\/05\/midnight-cruise-to-ilulissat-icefjord-ilulissat-disko-bay-Guide-to-Greenland-1.jpg\",\"contentUrl\":\"https:\/\/guidetogreenland.com\/wp-content\/uploads\/2020\/05\/midnight-cruise-to-ilulissat-icefjord-ilulissat-disko-bay-Guide-to-Greenland-1.jpg\",\"width\":798,\"height\":599},{\"@type\":\"BreadcrumbList\",\"@id\":\"https:\/\/guidetogreenland.com\/da\/reserver-ferie-rejser\/midnatssejlads-til-ilulissat-isfjord-ilulissat-diskobugten\/#breadcrumb\",\"itemListElement\":[{\"@type\":\"ListItem\",\"position\":1,\"name\":\"Home\",\"item\":\"https:\/\/guidetogreenland.com\/da\/\"},{\"@type\":\"ListItem\",\"position\":2,\"name\":\"Se alle ture\",\"item\":\"https:\/\/guidetogreenland.com\/da\/reserver-ferie-rejser\/\"},{\"@type\":\"ListItem\",\"position\":3,\"name\":\"Midnatssejlads til Ilulissat Isfjord | Ilulissat | Diskobugten\"}]},{\"@type\":\"WebSite\",\"@id\":\"https:\/\/guidetogreenland.com\/da\/#website\",\"url\":\"https:\/\/guidetogreenland.com\/da\/\",\"name\":\"Guide to Greenland\",\"description\":\"Largest selection of tours in Greenland\",\"potentialAction\":[{\"@type\":\"SearchAction\",\"target\":{\"@type\":\"EntryPoint\",\"urlTemplate\":\"https:\/\/guidetogreenland.com\/da\/?s={search_term_string}\"},\"query-input\":{\"@type\":\"PropertyValueSpecification\",\"valueRequired\":true,\"valueName\":\"search_term_string\"}}],\"inLanguage\":\"da-DK\"}]}<\/script>\n<!-- \/ Yoast SEO plugin. -->","yoast_head_json":{"title":"Midnatssejlads til Ilulissat Isfjord | Ilulissat | Diskobugten | Guide to Greenland","robots":{"index":"index","follow":"follow","max-snippet":"max-snippet:-1","max-image-preview":"max-image-preview:large","max-video-preview":"max-video-preview:-1"},"canonical":"https:\/\/guidetogreenland.com\/da\/reserver-ferie-rejser\/midnatssejlads-til-ilulissat-isfjord-ilulissat-diskobugten\/","og_locale":"da_DK","og_type":"article","og_title":"Midnatssejlads til Ilulissat Isfjord | Ilulissat | Diskobugten | Guide to Greenland","og_description":"Opdag Ilulissats uforglemmelige isbjerge med denne 2-timers b\u00e5dtur! Se de store isbjerge under de r\u00f8de og orange str\u00e5ler fra den evigskinnende midnatssol p\u00e5 denne fantastiske aftentur. Oplev det arktiske f\u00e6nomen \u2013 den evigskinnende midnatssol, kombineret med Ilulissats fortryllende isfjord, som tilsammen vil give dig en oplevelse du sent vil glemme. Din tur vil begynde ved...","og_url":"https:\/\/guidetogreenland.com\/da\/reserver-ferie-rejser\/midnatssejlads-til-ilulissat-isfjord-ilulissat-diskobugten\/","og_site_name":"Guide to Greenland","article_modified_time":"2025-09-26T15:14:07+00:00","og_image":[{"width":798,"height":599,"url":"https:\/\/guidetogreenland.com\/wp-content\/uploads\/2020\/05\/midnight-cruise-to-ilulissat-icefjord-ilulissat-disko-bay-Guide-to-Greenland-1.jpg","type":"image\/jpeg"}],"twitter_card":"summary_large_image","twitter_misc":{"Estimeret l\u00e6setid":"2 minutter"},"schema":{"@context":"https:\/\/schema.org","@graph":[{"@type":"WebPage","@id":"https:\/\/guidetogreenland.com\/da\/reserver-ferie-rejser\/midnatssejlads-til-ilulissat-isfjord-ilulissat-diskobugten\/","url":"https:\/\/guidetogreenland.com\/da\/reserver-ferie-rejser\/midnatssejlads-til-ilulissat-isfjord-ilulissat-diskobugten\/","name":"Midnatssejlads til Ilulissat Isfjord | Ilulissat | Diskobugten | Guide to Greenland","isPartOf":{"@id":"https:\/\/guidetogreenland.com\/da\/#website"},"primaryImageOfPage":{"@id":"https:\/\/guidetogreenland.com\/da\/reserver-ferie-rejser\/midnatssejlads-til-ilulissat-isfjord-ilulissat-diskobugten\/#primaryimage"},"image":{"@id":"https:\/\/guidetogreenland.com\/da\/reserver-ferie-rejser\/midnatssejlads-til-ilulissat-isfjord-ilulissat-diskobugten\/#primaryimage"},"thumbnailUrl":"https:\/\/guidetogreenland.com\/wp-content\/uploads\/2020\/05\/midnight-cruise-to-ilulissat-icefjord-ilulissat-disko-bay-Guide-to-Greenland-1.jpg","datePublished":"2020-05-14T14:15:48+00:00","dateModified":"2025-09-26T15:14:07+00:00","breadcrumb":{"@id":"https:\/\/guidetogreenland.com\/da\/reserver-ferie-rejser\/midnatssejlads-til-ilulissat-isfjord-ilulissat-diskobugten\/#breadcrumb"},"inLanguage":"da-DK","potentialAction":[{"@type":"ReadAction","target":["https:\/\/guidetogreenland.com\/da\/reserver-ferie-rejser\/midnatssejlads-til-ilulissat-isfjord-ilulissat-diskobugten\/"]}]},{"@type":"ImageObject","inLanguage":"da-DK","@id":"https:\/\/guidetogreenland.com\/da\/reserver-ferie-rejser\/midnatssejlads-til-ilulissat-isfjord-ilulissat-diskobugten\/#primaryimage","url":"https:\/\/guidetogreenland.com\/wp-content\/uploads\/2020\/05\/midnight-cruise-to-ilulissat-icefjord-ilulissat-disko-bay-Guide-to-Greenland-1.jpg","contentUrl":"https:\/\/guidetogreenland.com\/wp-content\/uploads\/2020\/05\/midnight-cruise-to-ilulissat-icefjord-ilulissat-disko-bay-Guide-to-Greenland-1.jpg","width":798,"height":599},{"@type":"BreadcrumbList","@id":"https:\/\/guidetogreenland.com\/da\/reserver-ferie-rejser\/midnatssejlads-til-ilulissat-isfjord-ilulissat-diskobugten\/#breadcrumb","itemListElement":[{"@type":"ListItem","position":1,"name":"Home","item":"https:\/\/guidetogreenland.com\/da\/"},{"@type":"ListItem","position":2,"name":"Se alle ture","item":"https:\/\/guidetogreenland.com\/da\/reserver-ferie-rejser\/"},{"@type":"ListItem","position":3,"name":"Midnatssejlads til Ilulissat Isfjord | Ilulissat | Diskobugten"}]},{"@type":"WebSite","@id":"https:\/\/guidetogreenland.com\/da\/#website","url":"https:\/\/guidetogreenland.com\/da\/","name":"Guide to Greenland","description":"Largest selection of tours in Greenland","potentialAction":[{"@type":"SearchAction","target":{"@type":"EntryPoint","urlTemplate":"https:\/\/guidetogreenland.com\/da\/?s={search_term_string}"},"query-input":{"@type":"PropertyValueSpecification","valueRequired":true,"valueName":"search_term_string"}}],"inLanguage":"da-DK"}]}},"_links":{"self":[{"href":"https:\/\/guidetogreenland.com\/da\/wp-json\/wp\/v2\/product\/14202","targetHints":{"allow":["GET"]}}],"collection":[{"href":"https:\/\/guidetogreenland.com\/da\/wp-json\/wp\/v2\/product"}],"about":[{"href":"https:\/\/guidetogreenland.com\/da\/wp-json\/wp\/v2\/types\/product"}],"replies":[{"embeddable":true,"href":"https:\/\/guidetogreenland.com\/da\/wp-json\/wp\/v2\/comments?post=14202"}],"wp:featuredmedia":[{"embeddable":true,"href":"https:\/\/guidetogreenland.com\/da\/wp-json\/wp\/v2\/media\/14203"}],"wp:attachment":[{"href":"https:\/\/guidetogreenland.com\/da\/wp-json\/wp\/v2\/media?parent=14202"}],"wp:term":[{"taxonomy":"product_brand","embeddable":true,"href":"https:\/\/guidetogreenland.com\/da\/wp-json\/wp\/v2\/product_brand?post=14202"},{"taxonomy":"product_cat","embeddable":true,"href":"https:\/\/guidetogreenland.com\/da\/wp-json\/wp\/v2\/product_cat?post=14202"},{"taxonomy":"product_tag","embeddable":true,"href":"https:\/\/guidetogreenland.com\/da\/wp-json\/wp\/v2\/product_tag?post=14202"}],"curies":[{"name":"wp","href":"https:\/\/api.w.org\/{rel}","templated":true}]}}