{"id":14636,"date":"2020-06-09T13:03:32","date_gmt":"2020-06-09T13:03:32","guid":{"rendered":"https:\/\/guidetogreenland.com\/book-trips-holiday\/discover-dogsledding-sisimiut\/"},"modified":"2025-04-02T05:26:07","modified_gmt":"2025-04-02T08:26:07","slug":"hundeslaedetur-sisimiut","status":"publish","type":"product","link":"https:\/\/guidetogreenland.com\/da\/reserver-ferie-rejser\/hundeslaedetur-sisimiut\/","title":{"rendered":"Hundesl\u00e6detur | Sisimiut"},"content":{"rendered":"<p class=\"x-18pep25\">Opdag Gr\u00f8nland p\u00e5 den mest\u00a0autentiske\u00a0m\u00e5de &#8211; der er noget helt specielt ved at opleve Gr\u00f8nland fra en hundesl\u00e6des perspektiv. Sus stille igennem det majest\u00e6tiske vinter landskab!<\/p>\n<p class=\"x-18pep25\">Hundesl\u00e6dek\u00f8rsel er en vigtig del af den Gr\u00f8nlandske kultur og har historisk v\u00e6ret en lige s\u00e5 vigtig form for transport for inuitterne.<\/p>\n<p class=\"e1imf5dp0 x-jm2771\">Sisimiut er det perfekte sted at tage p\u00e5 hundesl\u00e6detur. Byen har omkring 1000 arbejdende hunde, der alle er ejet af fuldtids hundesl\u00e6def\u00f8rere, som kombinerer jagt og fiskeri med turist k\u00f8rsel, eller ogs\u00e5 har det som hobby. Alle disse hundeejere spiller en vigtig rolle i bevaringen af d<span class=\"x-12abj6v e1uuu2lt3\">en traditionelle hundesl\u00e6dekultur. Det er en af disse f\u00f8rere der kommer til at tage dig med ud p\u00e5 en unik oplevelse.<\/span><\/p>\n<p class=\"e1imf5dp0 x-jm2771\"><span class=\"x-12abj6v e1uuu2lt3\">N\u00e5r du ankommer til sl\u00e6den s\u00e6tter du dig bagerst, lige bag f\u00f8reren som sidder foran s\u00e5 han kan styre hundene.<\/span><\/p>\n<p class=\"e1imf5dp0 x-jm2771\"><span class=\"x-12abj6v e1uuu2lt3\">Det n\u00e6ste 2 timer glemmer du aldrig! Du kommer helt t\u00e6t p\u00e5 naturen og f\u00e5r en smag af hvordan man overlevede vinteren for 1000 \u00e5r siden. Det er en fascinerende oplevelse at se hvordan menneske og hund kan arbejde sammen i naturen og finde vej gennem landskabet uden den mindste lyd af en motor. Man kan kun h\u00f8re sl\u00e6den suse gennem sneen og de mange st\u00e6rke poter.\u00a0<\/span><\/p>\n<p class=\"e1imf5dp0 x-jm2771\"><span class=\"x-12abj6v e1uuu2lt3\">Ruten g\u00e5r ned til foden af Niujarfik fjeldet og bev\u00e6ger sig derefter nord\u00f8st for Sisimiut. F\u00f8r vi vender snuderne hjemad vil der v\u00e6re en pause hvor f\u00f8reren lige skal ordne snorene, her er der god mulighed for at tage billeder som du kan tage med hjem sammen med minderne.<\/span><\/p>\n<p class=\"e1imf5dp0 x-jm2771\"><span class=\"x-12abj6v e1uuu2lt3\">Bem\u00e6rk at denne tur ikke er anbefalet for folk med rygproblemer. Husk ogs\u00e5 at holde en vis afstand n\u00e5r man er n\u00e6r sl\u00e6den og hundene, husk at lytte til f\u00f8reren og hvad han beder dig om.<\/span><\/p>\n","protected":false},"excerpt":{"rendered":"Opdag Gr\u00f8nland p\u00e5 den mest\u00a0autentiske\u00a0m\u00e5de &#8211; der er noget helt specielt ved at opleve Gr\u00f8nland fra en hundesl\u00e6des perspektiv. Sus stille igennem det majest\u00e6tiske vinter landskab! Hundesl\u00e6dek\u00f8rsel er en vigtig del af den Gr\u00f8nlandske kultur og har historisk v\u00e6ret en lige s\u00e5 vigtig form for transport for inuitterne. Sisimiut er det perfekte sted at tage&#8230;","protected":false},"featured_media":14637,"comment_status":"open","ping_status":"closed","template":"","meta":[],"product_brand":[],"product_cat":[628,606,607,593,627,643,657],"product_tag":[936],"class_list":{"0":"post-14636","1":"product","2":"type-product","3":"status-publish","4":"has-post-thumbnail","6":"product_cat-arctic-circle-trail","7":"product_cat-dagsture-om-vinteren","8":"product_cat-hundeslaedeture","9":"product_cat-oplevelser-i-groenland","10":"product_cat-ture-i-bestemte-omraader","11":"product_cat-ture-i-hver-by","12":"product_cat-ture-i-sisimiut","13":"product_tag-sisimiut-da","14":"pa_activities-hundeslaede","15":"pa_available-month-februar","16":"pa_available-month-marts","17":"pa_available-month-april","18":"pa_destinations-sisimiut","19":"pa_difficulty-moderat","20":"pa_duration-2-timer","21":"pa_tour-type-dagsture","22":"yith_shop_vendor-hotel-sisimiut-tours-da","24":"first","25":"instock","26":"virtual","27":"sold-individually","28":"purchasable","29":"product-type-booking"},"acf":[],"yoast_head":"<!-- This site is optimized with the Yoast SEO plugin v25.6 - https:\/\/yoast.com\/wordpress\/plugins\/seo\/ -->\n<title>Hundesl\u00e6detur | Sisimiut | Guide to Greenland<\/title>\n<meta name=\"description\" content=\"Oplev den traditionelle form for arktisk vintertransport p\u00e5 en 2-timers hundesl\u00e6detur fra Sisimiut. Klik for at l\u00e6se mere og booke din tur\" \/>\n<meta name=\"robots\" content=\"index, follow, max-snippet:-1, max-image-preview:large, max-video-preview:-1\" \/>\n<link rel=\"canonical\" href=\"https:\/\/guidetogreenland.com\/da\/reserver-ferie-rejser\/hundeslaedetur-sisimiut\/\" \/>\n<meta property=\"og:locale\" content=\"da_DK\" \/>\n<meta property=\"og:type\" content=\"article\" \/>\n<meta property=\"og:title\" content=\"Hundesl\u00e6detur | Sisimiut | Guide to Greenland\" \/>\n<meta property=\"og:description\" content=\"Oplev den traditionelle form for arktisk vintertransport p\u00e5 en 2-timers hundesl\u00e6detur fra Sisimiut. Klik for at l\u00e6se mere og booke din tur\" \/>\n<meta property=\"og:url\" content=\"https:\/\/guidetogreenland.com\/da\/reserver-ferie-rejser\/hundeslaedetur-sisimiut\/\" \/>\n<meta property=\"og:site_name\" content=\"Guide to Greenland\" \/>\n<meta property=\"article:modified_time\" content=\"2025-04-02T08:26:07+00:00\" \/>\n<meta property=\"og:image\" content=\"https:\/\/guidetogreenland.com\/wp-content\/uploads\/2020\/05\/Discover-Dogsledding-Sisimiut-Guide-to-Greenland1.jpeg\" \/>\n\t<meta property=\"og:image:width\" content=\"993\" \/>\n\t<meta property=\"og:image:height\" content=\"662\" \/>\n\t<meta property=\"og:image:type\" content=\"image\/jpeg\" \/>\n<meta name=\"twitter:card\" content=\"summary_large_image\" \/>\n<meta name=\"twitter:label1\" content=\"Estimeret l\u00e6setid\" \/>\n\t<meta name=\"twitter:data1\" content=\"2 minutter\" \/>\n<script type=\"application\/ld+json\" class=\"yoast-schema-graph\">{\"@context\":\"https:\/\/schema.org\",\"@graph\":[{\"@type\":\"WebPage\",\"@id\":\"https:\/\/guidetogreenland.com\/da\/reserver-ferie-rejser\/hundeslaedetur-sisimiut\/\",\"url\":\"https:\/\/guidetogreenland.com\/da\/reserver-ferie-rejser\/hundeslaedetur-sisimiut\/\",\"name\":\"Hundesl\u00e6detur | Sisimiut | Guide to Greenland\",\"isPartOf\":{\"@id\":\"https:\/\/guidetogreenland.com\/da\/#website\"},\"primaryImageOfPage\":{\"@id\":\"https:\/\/guidetogreenland.com\/da\/reserver-ferie-rejser\/hundeslaedetur-sisimiut\/#primaryimage\"},\"image\":{\"@id\":\"https:\/\/guidetogreenland.com\/da\/reserver-ferie-rejser\/hundeslaedetur-sisimiut\/#primaryimage\"},\"thumbnailUrl\":\"https:\/\/guidetogreenland.com\/wp-content\/uploads\/2020\/05\/Discover-Dogsledding-Sisimiut-Guide-to-Greenland1.jpeg\",\"datePublished\":\"2020-06-09T13:03:32+00:00\",\"dateModified\":\"2025-04-02T08:26:07+00:00\",\"description\":\"Oplev den traditionelle form for arktisk vintertransport p\u00e5 en 2-timers hundesl\u00e6detur fra Sisimiut. Klik for at l\u00e6se mere og booke din tur\",\"breadcrumb\":{\"@id\":\"https:\/\/guidetogreenland.com\/da\/reserver-ferie-rejser\/hundeslaedetur-sisimiut\/#breadcrumb\"},\"inLanguage\":\"da-DK\",\"potentialAction\":[{\"@type\":\"ReadAction\",\"target\":[\"https:\/\/guidetogreenland.com\/da\/reserver-ferie-rejser\/hundeslaedetur-sisimiut\/\"]}]},{\"@type\":\"ImageObject\",\"inLanguage\":\"da-DK\",\"@id\":\"https:\/\/guidetogreenland.com\/da\/reserver-ferie-rejser\/hundeslaedetur-sisimiut\/#primaryimage\",\"url\":\"https:\/\/guidetogreenland.com\/wp-content\/uploads\/2020\/05\/Discover-Dogsledding-Sisimiut-Guide-to-Greenland1.jpeg\",\"contentUrl\":\"https:\/\/guidetogreenland.com\/wp-content\/uploads\/2020\/05\/Discover-Dogsledding-Sisimiut-Guide-to-Greenland1.jpeg\",\"width\":993,\"height\":662},{\"@type\":\"BreadcrumbList\",\"@id\":\"https:\/\/guidetogreenland.com\/da\/reserver-ferie-rejser\/hundeslaedetur-sisimiut\/#breadcrumb\",\"itemListElement\":[{\"@type\":\"ListItem\",\"position\":1,\"name\":\"Home\",\"item\":\"https:\/\/guidetogreenland.com\/da\/\"},{\"@type\":\"ListItem\",\"position\":2,\"name\":\"Se alle ture\",\"item\":\"https:\/\/guidetogreenland.com\/da\/reserver-ferie-rejser\/\"},{\"@type\":\"ListItem\",\"position\":3,\"name\":\"Hundesl\u00e6detur | Sisimiut\"}]},{\"@type\":\"WebSite\",\"@id\":\"https:\/\/guidetogreenland.com\/da\/#website\",\"url\":\"https:\/\/guidetogreenland.com\/da\/\",\"name\":\"Guide to Greenland\",\"description\":\"Largest selection of tours in Greenland\",\"potentialAction\":[{\"@type\":\"SearchAction\",\"target\":{\"@type\":\"EntryPoint\",\"urlTemplate\":\"https:\/\/guidetogreenland.com\/da\/?s={search_term_string}\"},\"query-input\":{\"@type\":\"PropertyValueSpecification\",\"valueRequired\":true,\"valueName\":\"search_term_string\"}}],\"inLanguage\":\"da-DK\"}]}<\/script>\n<!-- \/ Yoast SEO plugin. -->","yoast_head_json":{"title":"Hundesl\u00e6detur | Sisimiut | Guide to Greenland","description":"Oplev den traditionelle form for arktisk vintertransport p\u00e5 en 2-timers hundesl\u00e6detur fra Sisimiut. Klik for at l\u00e6se mere og booke din tur","robots":{"index":"index","follow":"follow","max-snippet":"max-snippet:-1","max-image-preview":"max-image-preview:large","max-video-preview":"max-video-preview:-1"},"canonical":"https:\/\/guidetogreenland.com\/da\/reserver-ferie-rejser\/hundeslaedetur-sisimiut\/","og_locale":"da_DK","og_type":"article","og_title":"Hundesl\u00e6detur | Sisimiut | Guide to Greenland","og_description":"Oplev den traditionelle form for arktisk vintertransport p\u00e5 en 2-timers hundesl\u00e6detur fra Sisimiut. Klik for at l\u00e6se mere og booke din tur","og_url":"https:\/\/guidetogreenland.com\/da\/reserver-ferie-rejser\/hundeslaedetur-sisimiut\/","og_site_name":"Guide to Greenland","article_modified_time":"2025-04-02T08:26:07+00:00","og_image":[{"width":993,"height":662,"url":"https:\/\/guidetogreenland.com\/wp-content\/uploads\/2020\/05\/Discover-Dogsledding-Sisimiut-Guide-to-Greenland1.jpeg","type":"image\/jpeg"}],"twitter_card":"summary_large_image","twitter_misc":{"Estimeret l\u00e6setid":"2 minutter"},"schema":{"@context":"https:\/\/schema.org","@graph":[{"@type":"WebPage","@id":"https:\/\/guidetogreenland.com\/da\/reserver-ferie-rejser\/hundeslaedetur-sisimiut\/","url":"https:\/\/guidetogreenland.com\/da\/reserver-ferie-rejser\/hundeslaedetur-sisimiut\/","name":"Hundesl\u00e6detur | Sisimiut | Guide to Greenland","isPartOf":{"@id":"https:\/\/guidetogreenland.com\/da\/#website"},"primaryImageOfPage":{"@id":"https:\/\/guidetogreenland.com\/da\/reserver-ferie-rejser\/hundeslaedetur-sisimiut\/#primaryimage"},"image":{"@id":"https:\/\/guidetogreenland.com\/da\/reserver-ferie-rejser\/hundeslaedetur-sisimiut\/#primaryimage"},"thumbnailUrl":"https:\/\/guidetogreenland.com\/wp-content\/uploads\/2020\/05\/Discover-Dogsledding-Sisimiut-Guide-to-Greenland1.jpeg","datePublished":"2020-06-09T13:03:32+00:00","dateModified":"2025-04-02T08:26:07+00:00","description":"Oplev den traditionelle form for arktisk vintertransport p\u00e5 en 2-timers hundesl\u00e6detur fra Sisimiut. Klik for at l\u00e6se mere og booke din tur","breadcrumb":{"@id":"https:\/\/guidetogreenland.com\/da\/reserver-ferie-rejser\/hundeslaedetur-sisimiut\/#breadcrumb"},"inLanguage":"da-DK","potentialAction":[{"@type":"ReadAction","target":["https:\/\/guidetogreenland.com\/da\/reserver-ferie-rejser\/hundeslaedetur-sisimiut\/"]}]},{"@type":"ImageObject","inLanguage":"da-DK","@id":"https:\/\/guidetogreenland.com\/da\/reserver-ferie-rejser\/hundeslaedetur-sisimiut\/#primaryimage","url":"https:\/\/guidetogreenland.com\/wp-content\/uploads\/2020\/05\/Discover-Dogsledding-Sisimiut-Guide-to-Greenland1.jpeg","contentUrl":"https:\/\/guidetogreenland.com\/wp-content\/uploads\/2020\/05\/Discover-Dogsledding-Sisimiut-Guide-to-Greenland1.jpeg","width":993,"height":662},{"@type":"BreadcrumbList","@id":"https:\/\/guidetogreenland.com\/da\/reserver-ferie-rejser\/hundeslaedetur-sisimiut\/#breadcrumb","itemListElement":[{"@type":"ListItem","position":1,"name":"Home","item":"https:\/\/guidetogreenland.com\/da\/"},{"@type":"ListItem","position":2,"name":"Se alle ture","item":"https:\/\/guidetogreenland.com\/da\/reserver-ferie-rejser\/"},{"@type":"ListItem","position":3,"name":"Hundesl\u00e6detur | Sisimiut"}]},{"@type":"WebSite","@id":"https:\/\/guidetogreenland.com\/da\/#website","url":"https:\/\/guidetogreenland.com\/da\/","name":"Guide to Greenland","description":"Largest selection of tours in Greenland","potentialAction":[{"@type":"SearchAction","target":{"@type":"EntryPoint","urlTemplate":"https:\/\/guidetogreenland.com\/da\/?s={search_term_string}"},"query-input":{"@type":"PropertyValueSpecification","valueRequired":true,"valueName":"search_term_string"}}],"inLanguage":"da-DK"}]}},"_links":{"self":[{"href":"https:\/\/guidetogreenland.com\/da\/wp-json\/wp\/v2\/product\/14636","targetHints":{"allow":["GET"]}}],"collection":[{"href":"https:\/\/guidetogreenland.com\/da\/wp-json\/wp\/v2\/product"}],"about":[{"href":"https:\/\/guidetogreenland.com\/da\/wp-json\/wp\/v2\/types\/product"}],"replies":[{"embeddable":true,"href":"https:\/\/guidetogreenland.com\/da\/wp-json\/wp\/v2\/comments?post=14636"}],"wp:featuredmedia":[{"embeddable":true,"href":"https:\/\/guidetogreenland.com\/da\/wp-json\/wp\/v2\/media\/14637"}],"wp:attachment":[{"href":"https:\/\/guidetogreenland.com\/da\/wp-json\/wp\/v2\/media?parent=14636"}],"wp:term":[{"taxonomy":"product_brand","embeddable":true,"href":"https:\/\/guidetogreenland.com\/da\/wp-json\/wp\/v2\/product_brand?post=14636"},{"taxonomy":"product_cat","embeddable":true,"href":"https:\/\/guidetogreenland.com\/da\/wp-json\/wp\/v2\/product_cat?post=14636"},{"taxonomy":"product_tag","embeddable":true,"href":"https:\/\/guidetogreenland.com\/da\/wp-json\/wp\/v2\/product_tag?post=14636"}],"curies":[{"name":"wp","href":"https:\/\/api.w.org\/{rel}","templated":true}]}}