{"id":14888,"date":"2020-05-11T12:33:07","date_gmt":"2020-05-11T12:33:07","guid":{"rendered":"https:\/\/guidetogreenland.com\/book-trips-holiday\/amazing-4-days-ilulissat-disko-bay\/"},"modified":"2023-06-02T14:52:43","modified_gmt":"2023-06-02T17:52:43","slug":"amazing-4-days-ilulissat-disko-bay","status":"publish","type":"product","link":"https:\/\/guidetogreenland.com\/da\/reserver-ferie-rejser\/4-fantastiske-dage-ilulissat-diskobugten\/","title":{"rendered":"4 Fantastiske Dage | Ilulissat | Diskobugten"},"content":{"rendered":"<p class=\"x-18pep25\">Kom med p\u00e5 denne 4 dages tur og oplev alt, der er v\u00e6rd at opleve omkring Ilulissat. Oplev den betagende Ilulissat isfjord, den aktive Eqi gletsjer, bes\u00f8g en gammel inuit boplads og meget mere!<\/p>\n<p class=\"x-18pep25\">Ilulissat, byen af isbjerge, kom i 2004 p\u00e5 UNESCO&#8217;s Verdensarvsliste for sin betagende isfjord. Har du altid \u00f8nsket at opleve Gr\u00f8nland, s\u00e5 kom med p\u00e5 denne tur. Du vil bes\u00f8ge charmerende Ilulissat by med dens 4.500 indbyggere, hvor du vil opleve den gr\u00f8nlandske kultur kombineret med den moderne livsstil.<\/p>\n<p class=\"e1imf5dp0 x-jm2771\">Du kommer ind i det lokale museum og l\u00e6rer om omr\u00e5dets lange historie. Der vil ogs\u00e5 v\u00e6re god muligh<span class=\"x-12abj6v e1uuu2lt3\">ed for at tage p\u00e5 caf\u00e9er, restauranter og p\u00e5 eksklusiv souvenir shopping, da mange dygtige kunsth\u00e5ndv\u00e6rkere s\u00e6lger sine kreationer i butikkerne. Du kan ogs\u00e5 bes\u00f8ge kunsth\u00e5ndv\u00e6rker v\u00e6rkstedet, se hvordan tingene bliver lavet og k\u00f8be direkte fra kunstneren. Omr\u00e5det omkring Ilulissat giver dig mulighed for mange vandreture, b\u00e5de for nybegyndere og \u00f8vede, da der er godt opm\u00e6rkede vandreruter rundt om byen, hvorfra du kan nyde udsigten over isfjorden. Husk at medbringe kikkert og kamera, da der ogs\u00e5 vil v\u00e6re store chancer for at spotte dyreliv b\u00e5de til havs og p\u00e5 land. P\u00e5 turen er der ogs\u00e5 et bes\u00f8g til den gamle inuit boplads, Sermermiut, med udsigt over isfjorden og en tur til den produktive gletsjer Eqi, hvor du vil sejle blandt isbjergene p\u00e5 deres rejse til havet &#8211; en sejltur p\u00e5 i alt 8 timer.<\/span><\/p>\n<p class=\"e1imf5dp0 x-jm2771\"><span class=\"x-12abj6v e1uuu2lt3\">Kom med p\u00e5 dette eventyr til Gr\u00f8nlands tredje st\u00f8rste by og oplev traditionel kultur kombineret med den moderne livsstil nord for polar cirklen! Se tilg\u00e6ngeligheden ved at trykke p\u00e5 &#8216;V\u00e6lg en dag&#8217; og book din tur idag.<\/span><\/p>\n","protected":false},"excerpt":{"rendered":"Kom med p\u00e5 denne 4 dages tur og oplev alt, der er v\u00e6rd at opleve omkring Ilulissat. Oplev den betagende Ilulissat isfjord, den aktive Eqi gletsjer, bes\u00f8g en gammel inuit boplads og meget mere! Ilulissat, byen af isbjerge, kom i 2004 p\u00e5 UNESCO&#8217;s Verdensarvsliste for sin betagende isfjord. Har du altid \u00f8nsket at opleve Gr\u00f8nland,&#8230;","protected":false},"featured_media":14890,"comment_status":"open","ping_status":"closed","template":"","meta":[],"product_brand":[],"product_cat":[594,629,637,614,622,624,692,617,618,612,593,635,640,627,643,644,625,608],"product_tag":[919,921,935],"class_list":{"0":"post-14888","1":"product","2":"type-product","3":"status-publish","4":"has-post-thumbnail","6":"product_cat-baadture","7":"product_cat-disko-bugten","8":"product_cat-fra-island-til-groenland","9":"product_cat-gletsjer-og-indlandsisen","10":"product_cat-groenlandsk-kultur","11":"product_cat-historiske-ture","12":"product_cat-iceberg-icefjord-tours","13":"product_cat-ilulissat-isfjord-ture","14":"product_cat-midnatssol-ture","15":"product_cat-natur-og-dyreliv-i-groenland","16":"product_cat-oplevelser-i-groenland","17":"product_cat-pakkerejser","18":"product_cat-sommerrejser","19":"product_cat-ture-i-bestemte-omraader","20":"product_cat-ture-i-hver-by","21":"product_cat-ture-i-ilulissat","22":"product_cat-ture-til-verdensarv-steder-i-groenland","23":"product_cat-vandre-og-trekkingture","24":"product_tag-ilulissat-da","25":"product_tag-island","26":"product_tag-reykjavik-da","27":"pa_activities-baadtur","28":"pa_activities-vandretur","29":"pa_activities-byrundtur","30":"pa_activities-gletscher-udsigt","31":"pa_activities-isbjerg-udsigt","32":"pa_activities-midnatssol","33":"pa_activities-bygdebesoeg","34":"pa_attractions-eqi-gletscheren","35":"pa_attractions-ilulissat-icefjord","36":"pa_attractions-oqaatsut","37":"pa_attractions-unesco-verdensarv-omraade","38":"pa_attractions-disko-bay-da","39":"pa_available-month-juni","40":"pa_available-month-juli","41":"pa_destinations-fra-island","42":"pa_difficulty-moderat","43":"pa_duration-4-dage","44":"pa_tour-type-pakkerejser","45":"yith_shop_vendor-nonni-travel-da","46":"yith_booking_service-single-traveller-supplement-6000-dkk","48":"first","49":"instock","50":"virtual","51":"sold-individually","52":"purchasable","53":"product-type-booking"},"acf":[],"yoast_head":"<!-- This site is optimized with the Yoast SEO plugin v25.6 - https:\/\/yoast.com\/wordpress\/plugins\/seo\/ -->\n<title>4 Fantastiske Dage | Ilulissat | Diskobugten | Guide to Greenland<\/title>\n<meta name=\"description\" content=\"Spend 4 magical days in the jewel of Greenland. Sail amongst enormous icebergs at midnight, visit the Eqi Glacier and go whale watching. Click to read more\" \/>\n<meta name=\"robots\" content=\"index, follow, max-snippet:-1, max-image-preview:large, max-video-preview:-1\" \/>\n<link rel=\"canonical\" href=\"https:\/\/guidetogreenland.com\/da\/reserver-ferie-rejser\/4-fantastiske-dage-ilulissat-diskobugten\/\" \/>\n<meta property=\"og:locale\" content=\"da_DK\" \/>\n<meta property=\"og:type\" content=\"article\" \/>\n<meta property=\"og:title\" content=\"4 Fantastiske Dage | Ilulissat | Diskobugten | Guide to Greenland\" \/>\n<meta property=\"og:description\" content=\"Spend 4 magical days in the jewel of Greenland. Sail amongst enormous icebergs at midnight, visit the Eqi Glacier and go whale watching. Click to read more\" \/>\n<meta property=\"og:url\" content=\"https:\/\/guidetogreenland.com\/da\/reserver-ferie-rejser\/4-fantastiske-dage-ilulissat-diskobugten\/\" \/>\n<meta property=\"og:site_name\" content=\"Guide to Greenland\" \/>\n<meta property=\"article:modified_time\" content=\"2023-06-02T17:52:43+00:00\" \/>\n<meta property=\"og:image\" content=\"https:\/\/guidetogreenland.com\/wp-content\/uploads\/2020\/05\/amazing-4-days-ilulissat-disko-bay-Guide-to-Greenland-2.jpg\" \/>\n\t<meta property=\"og:image:width\" content=\"926\" \/>\n\t<meta property=\"og:image:height\" content=\"463\" \/>\n\t<meta property=\"og:image:type\" content=\"image\/jpeg\" \/>\n<meta name=\"twitter:card\" content=\"summary_large_image\" \/>\n<meta name=\"twitter:label1\" content=\"Estimeret l\u00e6setid\" \/>\n\t<meta name=\"twitter:data1\" content=\"1 minut\" \/>\n<script type=\"application\/ld+json\" class=\"yoast-schema-graph\">{\"@context\":\"https:\/\/schema.org\",\"@graph\":[{\"@type\":\"WebPage\",\"@id\":\"https:\/\/guidetogreenland.com\/da\/reserver-ferie-rejser\/4-fantastiske-dage-ilulissat-diskobugten\/\",\"url\":\"https:\/\/guidetogreenland.com\/da\/reserver-ferie-rejser\/4-fantastiske-dage-ilulissat-diskobugten\/\",\"name\":\"4 Fantastiske Dage | Ilulissat | Diskobugten | Guide to Greenland\",\"isPartOf\":{\"@id\":\"https:\/\/guidetogreenland.com\/da\/#website\"},\"primaryImageOfPage\":{\"@id\":\"https:\/\/guidetogreenland.com\/da\/reserver-ferie-rejser\/4-fantastiske-dage-ilulissat-diskobugten\/#primaryimage\"},\"image\":{\"@id\":\"https:\/\/guidetogreenland.com\/da\/reserver-ferie-rejser\/4-fantastiske-dage-ilulissat-diskobugten\/#primaryimage\"},\"thumbnailUrl\":\"https:\/\/guidetogreenland.com\/wp-content\/uploads\/2020\/05\/amazing-4-days-ilulissat-disko-bay-Guide-to-Greenland-2.jpg\",\"datePublished\":\"2020-05-11T12:33:07+00:00\",\"dateModified\":\"2023-06-02T17:52:43+00:00\",\"description\":\"Spend 4 magical days in the jewel of Greenland. Sail amongst enormous icebergs at midnight, visit the Eqi Glacier and go whale watching. Click to read more\",\"breadcrumb\":{\"@id\":\"https:\/\/guidetogreenland.com\/da\/reserver-ferie-rejser\/4-fantastiske-dage-ilulissat-diskobugten\/#breadcrumb\"},\"inLanguage\":\"da-DK\",\"potentialAction\":[{\"@type\":\"ReadAction\",\"target\":[\"https:\/\/guidetogreenland.com\/da\/reserver-ferie-rejser\/4-fantastiske-dage-ilulissat-diskobugten\/\"]}]},{\"@type\":\"ImageObject\",\"inLanguage\":\"da-DK\",\"@id\":\"https:\/\/guidetogreenland.com\/da\/reserver-ferie-rejser\/4-fantastiske-dage-ilulissat-diskobugten\/#primaryimage\",\"url\":\"https:\/\/guidetogreenland.com\/wp-content\/uploads\/2020\/05\/amazing-4-days-ilulissat-disko-bay-Guide-to-Greenland-2.jpg\",\"contentUrl\":\"https:\/\/guidetogreenland.com\/wp-content\/uploads\/2020\/05\/amazing-4-days-ilulissat-disko-bay-Guide-to-Greenland-2.jpg\",\"width\":926,\"height\":463},{\"@type\":\"BreadcrumbList\",\"@id\":\"https:\/\/guidetogreenland.com\/da\/reserver-ferie-rejser\/4-fantastiske-dage-ilulissat-diskobugten\/#breadcrumb\",\"itemListElement\":[{\"@type\":\"ListItem\",\"position\":1,\"name\":\"Home\",\"item\":\"https:\/\/guidetogreenland.com\/da\/\"},{\"@type\":\"ListItem\",\"position\":2,\"name\":\"Se alle ture\",\"item\":\"https:\/\/guidetogreenland.com\/da\/reserver-ferie-rejser\/\"},{\"@type\":\"ListItem\",\"position\":3,\"name\":\"4 Fantastiske Dage | Ilulissat | Diskobugten\"}]},{\"@type\":\"WebSite\",\"@id\":\"https:\/\/guidetogreenland.com\/da\/#website\",\"url\":\"https:\/\/guidetogreenland.com\/da\/\",\"name\":\"Guide to Greenland\",\"description\":\"Largest selection of tours in Greenland\",\"potentialAction\":[{\"@type\":\"SearchAction\",\"target\":{\"@type\":\"EntryPoint\",\"urlTemplate\":\"https:\/\/guidetogreenland.com\/da\/?s={search_term_string}\"},\"query-input\":{\"@type\":\"PropertyValueSpecification\",\"valueRequired\":true,\"valueName\":\"search_term_string\"}}],\"inLanguage\":\"da-DK\"}]}<\/script>\n<!-- \/ Yoast SEO plugin. -->","yoast_head_json":{"title":"4 Fantastiske Dage | Ilulissat | Diskobugten | Guide to Greenland","description":"Spend 4 magical days in the jewel of Greenland. Sail amongst enormous icebergs at midnight, visit the Eqi Glacier and go whale watching. Click to read more","robots":{"index":"index","follow":"follow","max-snippet":"max-snippet:-1","max-image-preview":"max-image-preview:large","max-video-preview":"max-video-preview:-1"},"canonical":"https:\/\/guidetogreenland.com\/da\/reserver-ferie-rejser\/4-fantastiske-dage-ilulissat-diskobugten\/","og_locale":"da_DK","og_type":"article","og_title":"4 Fantastiske Dage | Ilulissat | Diskobugten | Guide to Greenland","og_description":"Spend 4 magical days in the jewel of Greenland. Sail amongst enormous icebergs at midnight, visit the Eqi Glacier and go whale watching. Click to read more","og_url":"https:\/\/guidetogreenland.com\/da\/reserver-ferie-rejser\/4-fantastiske-dage-ilulissat-diskobugten\/","og_site_name":"Guide to Greenland","article_modified_time":"2023-06-02T17:52:43+00:00","og_image":[{"width":926,"height":463,"url":"https:\/\/guidetogreenland.com\/wp-content\/uploads\/2020\/05\/amazing-4-days-ilulissat-disko-bay-Guide-to-Greenland-2.jpg","type":"image\/jpeg"}],"twitter_card":"summary_large_image","twitter_misc":{"Estimeret l\u00e6setid":"1 minut"},"schema":{"@context":"https:\/\/schema.org","@graph":[{"@type":"WebPage","@id":"https:\/\/guidetogreenland.com\/da\/reserver-ferie-rejser\/4-fantastiske-dage-ilulissat-diskobugten\/","url":"https:\/\/guidetogreenland.com\/da\/reserver-ferie-rejser\/4-fantastiske-dage-ilulissat-diskobugten\/","name":"4 Fantastiske Dage | Ilulissat | Diskobugten | Guide to Greenland","isPartOf":{"@id":"https:\/\/guidetogreenland.com\/da\/#website"},"primaryImageOfPage":{"@id":"https:\/\/guidetogreenland.com\/da\/reserver-ferie-rejser\/4-fantastiske-dage-ilulissat-diskobugten\/#primaryimage"},"image":{"@id":"https:\/\/guidetogreenland.com\/da\/reserver-ferie-rejser\/4-fantastiske-dage-ilulissat-diskobugten\/#primaryimage"},"thumbnailUrl":"https:\/\/guidetogreenland.com\/wp-content\/uploads\/2020\/05\/amazing-4-days-ilulissat-disko-bay-Guide-to-Greenland-2.jpg","datePublished":"2020-05-11T12:33:07+00:00","dateModified":"2023-06-02T17:52:43+00:00","description":"Spend 4 magical days in the jewel of Greenland. Sail amongst enormous icebergs at midnight, visit the Eqi Glacier and go whale watching. Click to read more","breadcrumb":{"@id":"https:\/\/guidetogreenland.com\/da\/reserver-ferie-rejser\/4-fantastiske-dage-ilulissat-diskobugten\/#breadcrumb"},"inLanguage":"da-DK","potentialAction":[{"@type":"ReadAction","target":["https:\/\/guidetogreenland.com\/da\/reserver-ferie-rejser\/4-fantastiske-dage-ilulissat-diskobugten\/"]}]},{"@type":"ImageObject","inLanguage":"da-DK","@id":"https:\/\/guidetogreenland.com\/da\/reserver-ferie-rejser\/4-fantastiske-dage-ilulissat-diskobugten\/#primaryimage","url":"https:\/\/guidetogreenland.com\/wp-content\/uploads\/2020\/05\/amazing-4-days-ilulissat-disko-bay-Guide-to-Greenland-2.jpg","contentUrl":"https:\/\/guidetogreenland.com\/wp-content\/uploads\/2020\/05\/amazing-4-days-ilulissat-disko-bay-Guide-to-Greenland-2.jpg","width":926,"height":463},{"@type":"BreadcrumbList","@id":"https:\/\/guidetogreenland.com\/da\/reserver-ferie-rejser\/4-fantastiske-dage-ilulissat-diskobugten\/#breadcrumb","itemListElement":[{"@type":"ListItem","position":1,"name":"Home","item":"https:\/\/guidetogreenland.com\/da\/"},{"@type":"ListItem","position":2,"name":"Se alle ture","item":"https:\/\/guidetogreenland.com\/da\/reserver-ferie-rejser\/"},{"@type":"ListItem","position":3,"name":"4 Fantastiske Dage | Ilulissat | Diskobugten"}]},{"@type":"WebSite","@id":"https:\/\/guidetogreenland.com\/da\/#website","url":"https:\/\/guidetogreenland.com\/da\/","name":"Guide to Greenland","description":"Largest selection of tours in Greenland","potentialAction":[{"@type":"SearchAction","target":{"@type":"EntryPoint","urlTemplate":"https:\/\/guidetogreenland.com\/da\/?s={search_term_string}"},"query-input":{"@type":"PropertyValueSpecification","valueRequired":true,"valueName":"search_term_string"}}],"inLanguage":"da-DK"}]}},"_links":{"self":[{"href":"https:\/\/guidetogreenland.com\/da\/wp-json\/wp\/v2\/product\/14888","targetHints":{"allow":["GET"]}}],"collection":[{"href":"https:\/\/guidetogreenland.com\/da\/wp-json\/wp\/v2\/product"}],"about":[{"href":"https:\/\/guidetogreenland.com\/da\/wp-json\/wp\/v2\/types\/product"}],"replies":[{"embeddable":true,"href":"https:\/\/guidetogreenland.com\/da\/wp-json\/wp\/v2\/comments?post=14888"}],"wp:featuredmedia":[{"embeddable":true,"href":"https:\/\/guidetogreenland.com\/da\/wp-json\/wp\/v2\/media\/14890"}],"wp:attachment":[{"href":"https:\/\/guidetogreenland.com\/da\/wp-json\/wp\/v2\/media?parent=14888"}],"wp:term":[{"taxonomy":"product_brand","embeddable":true,"href":"https:\/\/guidetogreenland.com\/da\/wp-json\/wp\/v2\/product_brand?post=14888"},{"taxonomy":"product_cat","embeddable":true,"href":"https:\/\/guidetogreenland.com\/da\/wp-json\/wp\/v2\/product_cat?post=14888"},{"taxonomy":"product_tag","embeddable":true,"href":"https:\/\/guidetogreenland.com\/da\/wp-json\/wp\/v2\/product_tag?post=14888"}],"curies":[{"name":"wp","href":"https:\/\/api.w.org\/{rel}","templated":true}]}}