{"id":14901,"date":"2020-05-12T11:49:02","date_gmt":"2020-05-12T11:49:02","guid":{"rendered":"https:\/\/guidetogreenland.com\/book-trips-holiday\/closed-boat-fjord-adventure-nuuk\/"},"modified":"2026-03-24T09:54:35","modified_gmt":"2026-03-24T11:54:35","slug":"closed-boat-fjord-adventure-nuuk","status":"publish","type":"product","link":"https:\/\/guidetogreenland.com\/da\/reserver-ferie-rejser\/lukket-bad-fjord-cruise-nuuk\/","title":{"rendered":"Lukket b\u00e5d fjord cruise | Nuuk"},"content":{"rendered":"<p class=\"x-18pep25\">Sid under den \u00e5bne himmel p\u00e5 dette eventyr ombord p\u00e5 en lukket b\u00e5d! Nuuk fjord er kendt for sine bjerge, vilde hav og brede dyreliv. Drag ud i de mange passager fjorden tilbyder og udforsk uber\u00f8rte bjergsider i selvskab med arktisk dyreliv.<\/p>\n<p class=\"x-18pep25\">M\u00e6rk den arktiske vind der l\u00e6nges efter at lege med dit h\u00e5r, mens du nyder den uds\u00f8gte udsigt. Naturen garanterer intet, men lovet er den smukke gr\u00f8nlandske natur, der vil hj\u00e6lpe med at pynte din indre oplevelses s\u00f8gende sj\u00e6l, fortrylle dig til at udforske endnu mere af landet.<\/p>\n<p class=\"e1imf5dp0 x-jm2771\">Fra hvaler der leger gemmeleg mellem b\u00f8lgerne, til havn\u00f8rne over dit hoved, der f\u00f8lg<span class=\"x-12abj6v e1uuu2lt3\">er dig gennem fjorden. Den arktiske vind og vejrforhold, bestemmer ruten for dagen, men kaptajnen str\u00e6ber efter at im\u00f8dekomme dine \u00f8nsker bedst muligt.<\/span><\/p>\n<p class=\"e1imf5dp0 x-jm2771\"><span class=\"x-12abj6v e1uuu2lt3\">Sejl mellem skyh\u00f8je bjerge med en udsigt der tager pusten fra dig, som du ikke ville kunne forestille dig i dine vildeste dr\u00f8mme.\u00a0Majest\u00e6tisk natur er uundg\u00e5eligt p\u00e5 denne tur, men nogle steder er mere eftertragtet end andre, af de lokale. Det kendte varem\u00e6rke byen er kendt for, er det smeltende sne der flyder ned af bjergsiderne, der danner et unikt vandfald. Lad dr\u00e5berne ramme dit ansigt mens du ind\u00e5nder denne unikke oplevelse.<\/span><\/p>\n<p class=\"e1imf5dp0 x-jm2771\"><span class=\"x-12abj6v e1uuu2lt3\">Nuuk fjord venter ut\u00e5lmodigt p\u00e5 at du og dine medrejsende kommer og udforsker, under den \u00e5bne himmel. Turen foreg\u00e5r p\u00e5 en b\u00e5d\u00a0specielt designet for at modst\u00e5 de gr\u00f8nlandske farvande og vejrforhold og er popul\u00e6r iblandt de lokale fangere og fiskere.<\/span><\/p>\n","protected":false},"excerpt":{"rendered":"Sid under den \u00e5bne himmel p\u00e5 dette eventyr ombord p\u00e5 en lukket b\u00e5d! Nuuk fjord er kendt for sine bjerge, vilde hav og brede dyreliv. Drag ud i de mange passager fjorden tilbyder og udforsk uber\u00f8rte bjergsider i selvskab med arktisk dyreliv. M\u00e6rk den arktiske vind der l\u00e6nges efter at lege med dit h\u00e5r, mens&#8230;","protected":false},"featured_media":12914,"comment_status":"open","ping_status":"closed","template":"","meta":[],"product_brand":[],"product_cat":[594,605,606,612,593,627,643,652,633],"product_tag":[893],"class_list":{"0":"post-14901","1":"product","2":"type-product","3":"status-publish","4":"has-post-thumbnail","6":"product_cat-baadture","7":"product_cat-dagsture-om-sommeren","8":"product_cat-dagsture-om-vinteren","9":"product_cat-natur-og-dyreliv-i-groenland","10":"product_cat-oplevelser-i-groenland","11":"product_cat-ture-i-bestemte-omraader","12":"product_cat-ture-i-hver-by","13":"product_cat-ture-i-nuuk","14":"product_cat-vestgroenland","15":"product_tag-nuuk-da","16":"pa_activities-baadtur","17":"pa_attractions-nuuk-fjord","18":"pa_available-month-januar","19":"pa_available-month-februar","20":"pa_available-month-marts","21":"pa_available-month-april","22":"pa_available-month-maj","23":"pa_available-month-juni","24":"pa_available-month-juli","25":"pa_available-month-august","26":"pa_available-month-september","27":"pa_available-month-oktober","28":"pa_available-month-november","29":"pa_available-month-december","30":"pa_destinations-nuuk","31":"pa_difficulty-let","32":"pa_duration-2-timer","33":"pa_tour-type-dagsture","34":"yith_shop_vendor-nuuk-water-taxi-da","36":"first","37":"instock","38":"virtual","39":"sold-individually","40":"purchasable","41":"product-type-booking"},"acf":[],"yoast_head":"<!-- This site is optimized with the Yoast SEO plugin v25.6 - https:\/\/yoast.com\/wordpress\/plugins\/seo\/ -->\n<title>Lukket b\u00e5d fjord cruise | Nuuk | Guide to Greenland<\/title>\n<meta name=\"description\" content=\"Udforsk en af \u200b\u200bde mest spektakul\u00e6re dele af verdens n\u00e6stst\u00f8rste fjordsystem p\u00e5 dette 2-timers Nuuk Fjord-eventyr. Klik for at l\u00e6se mere og book\" \/>\n<meta name=\"robots\" content=\"index, follow, max-snippet:-1, max-image-preview:large, max-video-preview:-1\" \/>\n<link rel=\"canonical\" href=\"https:\/\/guidetogreenland.com\/da\/reserver-ferie-rejser\/lukket-bad-fjord-cruise-nuuk\/\" \/>\n<meta property=\"og:locale\" content=\"da_DK\" \/>\n<meta property=\"og:type\" content=\"article\" \/>\n<meta property=\"og:title\" content=\"Lukket b\u00e5d fjord cruise | Nuuk | Guide to Greenland\" \/>\n<meta property=\"og:description\" content=\"Udforsk en af \u200b\u200bde mest spektakul\u00e6re dele af verdens n\u00e6stst\u00f8rste fjordsystem p\u00e5 dette 2-timers Nuuk Fjord-eventyr. Klik for at l\u00e6se mere og book\" \/>\n<meta property=\"og:url\" content=\"https:\/\/guidetogreenland.com\/da\/reserver-ferie-rejser\/lukket-bad-fjord-cruise-nuuk\/\" \/>\n<meta property=\"og:site_name\" content=\"Guide to Greenland\" \/>\n<meta property=\"article:modified_time\" content=\"2026-03-24T11:54:35+00:00\" \/>\n<meta property=\"og:image\" content=\"https:\/\/guidetogreenland.com\/wp-content\/uploads\/2020\/05\/women-enjoying-boat-tour-fjord-cruise-nuuk-guide-to-greenland.-scaled.jpg\" \/>\n\t<meta property=\"og:image:width\" content=\"2560\" \/>\n\t<meta property=\"og:image:height\" content=\"1707\" \/>\n\t<meta property=\"og:image:type\" content=\"image\/jpeg\" \/>\n<meta name=\"twitter:card\" content=\"summary_large_image\" \/>\n<meta name=\"twitter:label1\" content=\"Estimeret l\u00e6setid\" \/>\n\t<meta name=\"twitter:data1\" content=\"2 minutter\" \/>\n<script type=\"application\/ld+json\" class=\"yoast-schema-graph\">{\"@context\":\"https:\/\/schema.org\",\"@graph\":[{\"@type\":\"WebPage\",\"@id\":\"https:\/\/guidetogreenland.com\/da\/reserver-ferie-rejser\/lukket-bad-fjord-cruise-nuuk\/\",\"url\":\"https:\/\/guidetogreenland.com\/da\/reserver-ferie-rejser\/lukket-bad-fjord-cruise-nuuk\/\",\"name\":\"Lukket b\u00e5d fjord cruise | Nuuk | Guide to Greenland\",\"isPartOf\":{\"@id\":\"https:\/\/guidetogreenland.com\/da\/#website\"},\"primaryImageOfPage\":{\"@id\":\"https:\/\/guidetogreenland.com\/da\/reserver-ferie-rejser\/lukket-bad-fjord-cruise-nuuk\/#primaryimage\"},\"image\":{\"@id\":\"https:\/\/guidetogreenland.com\/da\/reserver-ferie-rejser\/lukket-bad-fjord-cruise-nuuk\/#primaryimage\"},\"thumbnailUrl\":\"https:\/\/guidetogreenland.com\/wp-content\/uploads\/2020\/05\/women-enjoying-boat-tour-fjord-cruise-nuuk-guide-to-greenland.-scaled.jpg\",\"datePublished\":\"2020-05-12T11:49:02+00:00\",\"dateModified\":\"2026-03-24T11:54:35+00:00\",\"description\":\"Udforsk en af \u200b\u200bde mest spektakul\u00e6re dele af verdens n\u00e6stst\u00f8rste fjordsystem p\u00e5 dette 2-timers Nuuk Fjord-eventyr. Klik for at l\u00e6se mere og book\",\"breadcrumb\":{\"@id\":\"https:\/\/guidetogreenland.com\/da\/reserver-ferie-rejser\/lukket-bad-fjord-cruise-nuuk\/#breadcrumb\"},\"inLanguage\":\"da-DK\",\"potentialAction\":[{\"@type\":\"ReadAction\",\"target\":[\"https:\/\/guidetogreenland.com\/da\/reserver-ferie-rejser\/lukket-bad-fjord-cruise-nuuk\/\"]}]},{\"@type\":\"ImageObject\",\"inLanguage\":\"da-DK\",\"@id\":\"https:\/\/guidetogreenland.com\/da\/reserver-ferie-rejser\/lukket-bad-fjord-cruise-nuuk\/#primaryimage\",\"url\":\"https:\/\/guidetogreenland.com\/wp-content\/uploads\/2020\/05\/women-enjoying-boat-tour-fjord-cruise-nuuk-guide-to-greenland.-scaled.jpg\",\"contentUrl\":\"https:\/\/guidetogreenland.com\/wp-content\/uploads\/2020\/05\/women-enjoying-boat-tour-fjord-cruise-nuuk-guide-to-greenland.-scaled.jpg\",\"width\":2560,\"height\":1707},{\"@type\":\"BreadcrumbList\",\"@id\":\"https:\/\/guidetogreenland.com\/da\/reserver-ferie-rejser\/lukket-bad-fjord-cruise-nuuk\/#breadcrumb\",\"itemListElement\":[{\"@type\":\"ListItem\",\"position\":1,\"name\":\"Home\",\"item\":\"https:\/\/guidetogreenland.com\/da\/\"},{\"@type\":\"ListItem\",\"position\":2,\"name\":\"Se alle ture\",\"item\":\"https:\/\/guidetogreenland.com\/da\/reserver-ferie-rejser\/\"},{\"@type\":\"ListItem\",\"position\":3,\"name\":\"Lukket b\u00e5d fjord cruise | Nuuk\"}]},{\"@type\":\"WebSite\",\"@id\":\"https:\/\/guidetogreenland.com\/da\/#website\",\"url\":\"https:\/\/guidetogreenland.com\/da\/\",\"name\":\"Guide to Greenland\",\"description\":\"Largest selection of tours in Greenland\",\"potentialAction\":[{\"@type\":\"SearchAction\",\"target\":{\"@type\":\"EntryPoint\",\"urlTemplate\":\"https:\/\/guidetogreenland.com\/da\/?s={search_term_string}\"},\"query-input\":{\"@type\":\"PropertyValueSpecification\",\"valueRequired\":true,\"valueName\":\"search_term_string\"}}],\"inLanguage\":\"da-DK\"}]}<\/script>\n<!-- \/ Yoast SEO plugin. -->","yoast_head_json":{"title":"Lukket b\u00e5d fjord cruise | Nuuk | Guide to Greenland","description":"Udforsk en af \u200b\u200bde mest spektakul\u00e6re dele af verdens n\u00e6stst\u00f8rste fjordsystem p\u00e5 dette 2-timers Nuuk Fjord-eventyr. Klik for at l\u00e6se mere og book","robots":{"index":"index","follow":"follow","max-snippet":"max-snippet:-1","max-image-preview":"max-image-preview:large","max-video-preview":"max-video-preview:-1"},"canonical":"https:\/\/guidetogreenland.com\/da\/reserver-ferie-rejser\/lukket-bad-fjord-cruise-nuuk\/","og_locale":"da_DK","og_type":"article","og_title":"Lukket b\u00e5d fjord cruise | Nuuk | Guide to Greenland","og_description":"Udforsk en af \u200b\u200bde mest spektakul\u00e6re dele af verdens n\u00e6stst\u00f8rste fjordsystem p\u00e5 dette 2-timers Nuuk Fjord-eventyr. Klik for at l\u00e6se mere og book","og_url":"https:\/\/guidetogreenland.com\/da\/reserver-ferie-rejser\/lukket-bad-fjord-cruise-nuuk\/","og_site_name":"Guide to Greenland","article_modified_time":"2026-03-24T11:54:35+00:00","og_image":[{"width":2560,"height":1707,"url":"https:\/\/guidetogreenland.com\/wp-content\/uploads\/2020\/05\/women-enjoying-boat-tour-fjord-cruise-nuuk-guide-to-greenland.-scaled.jpg","type":"image\/jpeg"}],"twitter_card":"summary_large_image","twitter_misc":{"Estimeret l\u00e6setid":"2 minutter"},"schema":{"@context":"https:\/\/schema.org","@graph":[{"@type":"WebPage","@id":"https:\/\/guidetogreenland.com\/da\/reserver-ferie-rejser\/lukket-bad-fjord-cruise-nuuk\/","url":"https:\/\/guidetogreenland.com\/da\/reserver-ferie-rejser\/lukket-bad-fjord-cruise-nuuk\/","name":"Lukket b\u00e5d fjord cruise | Nuuk | Guide to Greenland","isPartOf":{"@id":"https:\/\/guidetogreenland.com\/da\/#website"},"primaryImageOfPage":{"@id":"https:\/\/guidetogreenland.com\/da\/reserver-ferie-rejser\/lukket-bad-fjord-cruise-nuuk\/#primaryimage"},"image":{"@id":"https:\/\/guidetogreenland.com\/da\/reserver-ferie-rejser\/lukket-bad-fjord-cruise-nuuk\/#primaryimage"},"thumbnailUrl":"https:\/\/guidetogreenland.com\/wp-content\/uploads\/2020\/05\/women-enjoying-boat-tour-fjord-cruise-nuuk-guide-to-greenland.-scaled.jpg","datePublished":"2020-05-12T11:49:02+00:00","dateModified":"2026-03-24T11:54:35+00:00","description":"Udforsk en af \u200b\u200bde mest spektakul\u00e6re dele af verdens n\u00e6stst\u00f8rste fjordsystem p\u00e5 dette 2-timers Nuuk Fjord-eventyr. Klik for at l\u00e6se mere og book","breadcrumb":{"@id":"https:\/\/guidetogreenland.com\/da\/reserver-ferie-rejser\/lukket-bad-fjord-cruise-nuuk\/#breadcrumb"},"inLanguage":"da-DK","potentialAction":[{"@type":"ReadAction","target":["https:\/\/guidetogreenland.com\/da\/reserver-ferie-rejser\/lukket-bad-fjord-cruise-nuuk\/"]}]},{"@type":"ImageObject","inLanguage":"da-DK","@id":"https:\/\/guidetogreenland.com\/da\/reserver-ferie-rejser\/lukket-bad-fjord-cruise-nuuk\/#primaryimage","url":"https:\/\/guidetogreenland.com\/wp-content\/uploads\/2020\/05\/women-enjoying-boat-tour-fjord-cruise-nuuk-guide-to-greenland.-scaled.jpg","contentUrl":"https:\/\/guidetogreenland.com\/wp-content\/uploads\/2020\/05\/women-enjoying-boat-tour-fjord-cruise-nuuk-guide-to-greenland.-scaled.jpg","width":2560,"height":1707},{"@type":"BreadcrumbList","@id":"https:\/\/guidetogreenland.com\/da\/reserver-ferie-rejser\/lukket-bad-fjord-cruise-nuuk\/#breadcrumb","itemListElement":[{"@type":"ListItem","position":1,"name":"Home","item":"https:\/\/guidetogreenland.com\/da\/"},{"@type":"ListItem","position":2,"name":"Se alle ture","item":"https:\/\/guidetogreenland.com\/da\/reserver-ferie-rejser\/"},{"@type":"ListItem","position":3,"name":"Lukket b\u00e5d fjord cruise | Nuuk"}]},{"@type":"WebSite","@id":"https:\/\/guidetogreenland.com\/da\/#website","url":"https:\/\/guidetogreenland.com\/da\/","name":"Guide to Greenland","description":"Largest selection of tours in Greenland","potentialAction":[{"@type":"SearchAction","target":{"@type":"EntryPoint","urlTemplate":"https:\/\/guidetogreenland.com\/da\/?s={search_term_string}"},"query-input":{"@type":"PropertyValueSpecification","valueRequired":true,"valueName":"search_term_string"}}],"inLanguage":"da-DK"}]}},"_links":{"self":[{"href":"https:\/\/guidetogreenland.com\/da\/wp-json\/wp\/v2\/product\/14901","targetHints":{"allow":["GET"]}}],"collection":[{"href":"https:\/\/guidetogreenland.com\/da\/wp-json\/wp\/v2\/product"}],"about":[{"href":"https:\/\/guidetogreenland.com\/da\/wp-json\/wp\/v2\/types\/product"}],"replies":[{"embeddable":true,"href":"https:\/\/guidetogreenland.com\/da\/wp-json\/wp\/v2\/comments?post=14901"}],"wp:featuredmedia":[{"embeddable":true,"href":"https:\/\/guidetogreenland.com\/da\/wp-json\/wp\/v2\/media\/12914"}],"wp:attachment":[{"href":"https:\/\/guidetogreenland.com\/da\/wp-json\/wp\/v2\/media?parent=14901"}],"wp:term":[{"taxonomy":"product_brand","embeddable":true,"href":"https:\/\/guidetogreenland.com\/da\/wp-json\/wp\/v2\/product_brand?post=14901"},{"taxonomy":"product_cat","embeddable":true,"href":"https:\/\/guidetogreenland.com\/da\/wp-json\/wp\/v2\/product_cat?post=14901"},{"taxonomy":"product_tag","embeddable":true,"href":"https:\/\/guidetogreenland.com\/da\/wp-json\/wp\/v2\/product_tag?post=14901"}],"curies":[{"name":"wp","href":"https:\/\/api.w.org\/{rel}","templated":true}]}}