{"id":14948,"date":"2020-05-14T11:37:51","date_gmt":"2020-05-14T11:37:51","guid":{"rendered":"https:\/\/guidetogreenland.com\/book-trips-holiday\/iceberg-classic-ilulissat-disko-bay\/"},"modified":"2021-02-03T13:55:24","modified_gmt":"2021-02-03T13:55:24","slug":"iceberg-classic-ilulissat-disko-bay","status":"publish","type":"product","link":"https:\/\/guidetogreenland.com\/da\/reserver-ferie-rejser\/isbjerg-eventyr-ilulissat-diskobugten\/","title":{"rendered":"Isbjerg Eventyr | Ilulissat | Diskobugten"},"content":{"rendered":"<p class=\"x-18pep25\">Ilulissat betyder p\u00e5 gr\u00f8nlandsk &#8220;isbjerg&#8221;, hvilket n\u00e5r man kommer til byen kan man se, at det ikke er underligt, at den har f\u00e5et dette navn!<\/p>\n<p class=\"x-18pep25\">At sejle med Ilulissat Water Taxi er en nem og god m\u00e5de at opleve omr\u00e5dets h\u00f8jdepunkter til s\u00f8s. Du bestiller turen og s\u00e5 s\u00f8rger vi for at hente dig p\u00e5 dit valgte afhentningssted &#8211; ligesom en Yellow Cab.<\/p>\n<p class=\"e1imf5dp0 x-jm2771\">Ilulissat Isfjord kom i 2004 p\u00e5 UNESCO&#8217;s Verdenarvsliste, da det er et af Gr\u00f8nland&#8217;s smukkeste og m\u00e5ske en af verdens smukkeste og mest unikke naturperler. Her vil du se isbjerge i forskellige st\u00f8rrelser og former, komme s\u00e5 t\u00e6t p\u00e5 at du kan r\u00f8re dem. N\u00e5r ma<span class=\"x-12abj6v e1uuu2lt3\">n sejler t\u00e6t p\u00e5 dem, kig s\u00e5 ogs\u00e5 med i vandet, hvor du vil se hvordan isbjergets k\u00e6mpe fod str\u00e6kker sig ud under havoverfladen &#8211; man siger jo at kun 10% af isbjerget kan ses over havet. Sermeq Kulleq gletsjeren, der ligge inde i bunden af isfjorden, er den mest produktive gletsjer p\u00e5 jordens nordlige halvkugle. Det er ved gletsjeren, at isbjergene bliver til og starter deres rejse mod det store hav. Du vil se hvordan disse k\u00e6mpe isskulpturer stille flyder forbi mens du kan sidde og nyde stilheden, kun brudt med lyden af is der knirker. S\u00e5 find dit varme t\u00f8j frem til denne unikke oplevelse gennem Ilulissat Isfjord og oplev naturens utrolige kr\u00e6fter. Se tilg\u00e6ngeligheden ved at trykke p\u00e5 &#8216;V\u00e6lg en dag&#8217; og book din tur i dag.<\/span><\/p>\n","protected":false},"excerpt":{"rendered":"Ilulissat betyder p\u00e5 gr\u00f8nlandsk &#8220;isbjerg&#8221;, hvilket n\u00e5r man kommer til byen kan man se, at det ikke er underligt, at den har f\u00e5et dette navn! At sejle med Ilulissat Water Taxi er en nem og god m\u00e5de at opleve omr\u00e5dets h\u00f8jdepunkter til s\u00f8s. Du bestiller turen og s\u00e5 s\u00f8rger vi for at hente dig p\u00e5&#8230;","protected":false},"featured_media":14950,"comment_status":"open","ping_status":"closed","template":"","meta":[],"product_brand":[],"product_cat":[594,621,605,629,692,617,612,593,627,643,644,625],"product_tag":[919],"class_list":{"0":"post-14948","1":"product","2":"type-product","3":"status-publish","4":"has-post-thumbnail","6":"product_cat-baadture","7":"product_cat-charterture","8":"product_cat-dagsture-om-sommeren","9":"product_cat-disko-bugten","10":"product_cat-iceberg-icefjord-tours","11":"product_cat-ilulissat-isfjord-ture","12":"product_cat-natur-og-dyreliv-i-groenland","13":"product_cat-oplevelser-i-groenland","14":"product_cat-ture-i-bestemte-omraader","15":"product_cat-ture-i-hver-by","16":"product_cat-ture-i-ilulissat","17":"product_cat-ture-til-verdensarv-steder-i-groenland","18":"product_tag-ilulissat-da","19":"pa_activities-baadtur","20":"pa_activities-isbjerg-udsigt","21":"pa_activities-charterrede-ture","22":"pa_attractions-ilulissat-icefjord","23":"pa_attractions-unesco-verdensarv-omraade","24":"pa_available-month-maj","25":"pa_available-month-juni","26":"pa_available-month-juli","27":"pa_available-month-august","28":"pa_available-month-september","29":"pa_available-month-oktober","30":"pa_available-month-november","31":"pa_destinations-ilulissat","32":"pa_difficulty-let","33":"pa_duration-2-timer","34":"pa_tour-type-dagsture","35":"yith_shop_vendor-ilulissat-water-tours-da","36":"yith_booking_service-additional-hours-charter","38":"first","39":"instock","40":"virtual","41":"sold-individually","42":"purchasable","43":"product-type-booking"},"acf":[],"yoast_head":"<!-- This site is optimized with the Yoast SEO plugin v25.6 - https:\/\/yoast.com\/wordpress\/plugins\/seo\/ -->\n<title>Isbjerg Eventyr | Ilulissat | Diskobugten | Guide to Greenland<\/title>\n<meta name=\"robots\" content=\"index, follow, max-snippet:-1, max-image-preview:large, max-video-preview:-1\" \/>\n<link rel=\"canonical\" href=\"https:\/\/guidetogreenland.com\/da\/reserver-ferie-rejser\/isbjerg-eventyr-ilulissat-diskobugten\/\" \/>\n<meta property=\"og:locale\" content=\"da_DK\" \/>\n<meta property=\"og:type\" content=\"article\" \/>\n<meta property=\"og:title\" content=\"Isbjerg Eventyr | Ilulissat | Diskobugten | Guide to Greenland\" \/>\n<meta property=\"og:description\" content=\"Ilulissat betyder p\u00e5 gr\u00f8nlandsk &#8220;isbjerg&#8221;, hvilket n\u00e5r man kommer til byen kan man se, at det ikke er underligt, at den har f\u00e5et dette navn! At sejle med Ilulissat Water Taxi er en nem og god m\u00e5de at opleve omr\u00e5dets h\u00f8jdepunkter til s\u00f8s. Du bestiller turen og s\u00e5 s\u00f8rger vi for at hente dig p\u00e5...\" \/>\n<meta property=\"og:url\" content=\"https:\/\/guidetogreenland.com\/da\/reserver-ferie-rejser\/isbjerg-eventyr-ilulissat-diskobugten\/\" \/>\n<meta property=\"og:site_name\" content=\"Guide to Greenland\" \/>\n<meta property=\"article:modified_time\" content=\"2021-02-03T13:55:24+00:00\" \/>\n<meta property=\"og:image\" content=\"https:\/\/guidetogreenland.com\/wp-content\/uploads\/2020\/05\/iceberg-classic-ilulissat-disko-bay-6-Guide-to-Greenland-3.jpg\" \/>\n\t<meta property=\"og:image:width\" content=\"798\" \/>\n\t<meta property=\"og:image:height\" content=\"530\" \/>\n\t<meta property=\"og:image:type\" content=\"image\/jpeg\" \/>\n<meta name=\"twitter:card\" content=\"summary_large_image\" \/>\n<meta name=\"twitter:label1\" content=\"Estimeret l\u00e6setid\" \/>\n\t<meta name=\"twitter:data1\" content=\"1 minut\" \/>\n<script type=\"application\/ld+json\" class=\"yoast-schema-graph\">{\"@context\":\"https:\/\/schema.org\",\"@graph\":[{\"@type\":\"WebPage\",\"@id\":\"https:\/\/guidetogreenland.com\/da\/reserver-ferie-rejser\/isbjerg-eventyr-ilulissat-diskobugten\/\",\"url\":\"https:\/\/guidetogreenland.com\/da\/reserver-ferie-rejser\/isbjerg-eventyr-ilulissat-diskobugten\/\",\"name\":\"Isbjerg Eventyr | Ilulissat | Diskobugten | Guide to Greenland\",\"isPartOf\":{\"@id\":\"https:\/\/guidetogreenland.com\/da\/#website\"},\"primaryImageOfPage\":{\"@id\":\"https:\/\/guidetogreenland.com\/da\/reserver-ferie-rejser\/isbjerg-eventyr-ilulissat-diskobugten\/#primaryimage\"},\"image\":{\"@id\":\"https:\/\/guidetogreenland.com\/da\/reserver-ferie-rejser\/isbjerg-eventyr-ilulissat-diskobugten\/#primaryimage\"},\"thumbnailUrl\":\"https:\/\/guidetogreenland.com\/wp-content\/uploads\/2020\/05\/iceberg-classic-ilulissat-disko-bay-6-Guide-to-Greenland-3.jpg\",\"datePublished\":\"2020-05-14T11:37:51+00:00\",\"dateModified\":\"2021-02-03T13:55:24+00:00\",\"breadcrumb\":{\"@id\":\"https:\/\/guidetogreenland.com\/da\/reserver-ferie-rejser\/isbjerg-eventyr-ilulissat-diskobugten\/#breadcrumb\"},\"inLanguage\":\"da-DK\",\"potentialAction\":[{\"@type\":\"ReadAction\",\"target\":[\"https:\/\/guidetogreenland.com\/da\/reserver-ferie-rejser\/isbjerg-eventyr-ilulissat-diskobugten\/\"]}]},{\"@type\":\"ImageObject\",\"inLanguage\":\"da-DK\",\"@id\":\"https:\/\/guidetogreenland.com\/da\/reserver-ferie-rejser\/isbjerg-eventyr-ilulissat-diskobugten\/#primaryimage\",\"url\":\"https:\/\/guidetogreenland.com\/wp-content\/uploads\/2020\/05\/iceberg-classic-ilulissat-disko-bay-6-Guide-to-Greenland-3.jpg\",\"contentUrl\":\"https:\/\/guidetogreenland.com\/wp-content\/uploads\/2020\/05\/iceberg-classic-ilulissat-disko-bay-6-Guide-to-Greenland-3.jpg\",\"width\":798,\"height\":530},{\"@type\":\"BreadcrumbList\",\"@id\":\"https:\/\/guidetogreenland.com\/da\/reserver-ferie-rejser\/isbjerg-eventyr-ilulissat-diskobugten\/#breadcrumb\",\"itemListElement\":[{\"@type\":\"ListItem\",\"position\":1,\"name\":\"Home\",\"item\":\"https:\/\/guidetogreenland.com\/da\/\"},{\"@type\":\"ListItem\",\"position\":2,\"name\":\"Se alle ture\",\"item\":\"https:\/\/guidetogreenland.com\/da\/reserver-ferie-rejser\/\"},{\"@type\":\"ListItem\",\"position\":3,\"name\":\"Isbjerg Eventyr | Ilulissat | Diskobugten\"}]},{\"@type\":\"WebSite\",\"@id\":\"https:\/\/guidetogreenland.com\/da\/#website\",\"url\":\"https:\/\/guidetogreenland.com\/da\/\",\"name\":\"Guide to Greenland\",\"description\":\"Largest selection of tours in Greenland\",\"potentialAction\":[{\"@type\":\"SearchAction\",\"target\":{\"@type\":\"EntryPoint\",\"urlTemplate\":\"https:\/\/guidetogreenland.com\/da\/?s={search_term_string}\"},\"query-input\":{\"@type\":\"PropertyValueSpecification\",\"valueRequired\":true,\"valueName\":\"search_term_string\"}}],\"inLanguage\":\"da-DK\"}]}<\/script>\n<!-- \/ Yoast SEO plugin. -->","yoast_head_json":{"title":"Isbjerg Eventyr | Ilulissat | Diskobugten | Guide to Greenland","robots":{"index":"index","follow":"follow","max-snippet":"max-snippet:-1","max-image-preview":"max-image-preview:large","max-video-preview":"max-video-preview:-1"},"canonical":"https:\/\/guidetogreenland.com\/da\/reserver-ferie-rejser\/isbjerg-eventyr-ilulissat-diskobugten\/","og_locale":"da_DK","og_type":"article","og_title":"Isbjerg Eventyr | Ilulissat | Diskobugten | Guide to Greenland","og_description":"Ilulissat betyder p\u00e5 gr\u00f8nlandsk &#8220;isbjerg&#8221;, hvilket n\u00e5r man kommer til byen kan man se, at det ikke er underligt, at den har f\u00e5et dette navn! At sejle med Ilulissat Water Taxi er en nem og god m\u00e5de at opleve omr\u00e5dets h\u00f8jdepunkter til s\u00f8s. Du bestiller turen og s\u00e5 s\u00f8rger vi for at hente dig p\u00e5...","og_url":"https:\/\/guidetogreenland.com\/da\/reserver-ferie-rejser\/isbjerg-eventyr-ilulissat-diskobugten\/","og_site_name":"Guide to Greenland","article_modified_time":"2021-02-03T13:55:24+00:00","og_image":[{"width":798,"height":530,"url":"https:\/\/guidetogreenland.com\/wp-content\/uploads\/2020\/05\/iceberg-classic-ilulissat-disko-bay-6-Guide-to-Greenland-3.jpg","type":"image\/jpeg"}],"twitter_card":"summary_large_image","twitter_misc":{"Estimeret l\u00e6setid":"1 minut"},"schema":{"@context":"https:\/\/schema.org","@graph":[{"@type":"WebPage","@id":"https:\/\/guidetogreenland.com\/da\/reserver-ferie-rejser\/isbjerg-eventyr-ilulissat-diskobugten\/","url":"https:\/\/guidetogreenland.com\/da\/reserver-ferie-rejser\/isbjerg-eventyr-ilulissat-diskobugten\/","name":"Isbjerg Eventyr | Ilulissat | Diskobugten | Guide to Greenland","isPartOf":{"@id":"https:\/\/guidetogreenland.com\/da\/#website"},"primaryImageOfPage":{"@id":"https:\/\/guidetogreenland.com\/da\/reserver-ferie-rejser\/isbjerg-eventyr-ilulissat-diskobugten\/#primaryimage"},"image":{"@id":"https:\/\/guidetogreenland.com\/da\/reserver-ferie-rejser\/isbjerg-eventyr-ilulissat-diskobugten\/#primaryimage"},"thumbnailUrl":"https:\/\/guidetogreenland.com\/wp-content\/uploads\/2020\/05\/iceberg-classic-ilulissat-disko-bay-6-Guide-to-Greenland-3.jpg","datePublished":"2020-05-14T11:37:51+00:00","dateModified":"2021-02-03T13:55:24+00:00","breadcrumb":{"@id":"https:\/\/guidetogreenland.com\/da\/reserver-ferie-rejser\/isbjerg-eventyr-ilulissat-diskobugten\/#breadcrumb"},"inLanguage":"da-DK","potentialAction":[{"@type":"ReadAction","target":["https:\/\/guidetogreenland.com\/da\/reserver-ferie-rejser\/isbjerg-eventyr-ilulissat-diskobugten\/"]}]},{"@type":"ImageObject","inLanguage":"da-DK","@id":"https:\/\/guidetogreenland.com\/da\/reserver-ferie-rejser\/isbjerg-eventyr-ilulissat-diskobugten\/#primaryimage","url":"https:\/\/guidetogreenland.com\/wp-content\/uploads\/2020\/05\/iceberg-classic-ilulissat-disko-bay-6-Guide-to-Greenland-3.jpg","contentUrl":"https:\/\/guidetogreenland.com\/wp-content\/uploads\/2020\/05\/iceberg-classic-ilulissat-disko-bay-6-Guide-to-Greenland-3.jpg","width":798,"height":530},{"@type":"BreadcrumbList","@id":"https:\/\/guidetogreenland.com\/da\/reserver-ferie-rejser\/isbjerg-eventyr-ilulissat-diskobugten\/#breadcrumb","itemListElement":[{"@type":"ListItem","position":1,"name":"Home","item":"https:\/\/guidetogreenland.com\/da\/"},{"@type":"ListItem","position":2,"name":"Se alle ture","item":"https:\/\/guidetogreenland.com\/da\/reserver-ferie-rejser\/"},{"@type":"ListItem","position":3,"name":"Isbjerg Eventyr | Ilulissat | Diskobugten"}]},{"@type":"WebSite","@id":"https:\/\/guidetogreenland.com\/da\/#website","url":"https:\/\/guidetogreenland.com\/da\/","name":"Guide to Greenland","description":"Largest selection of tours in Greenland","potentialAction":[{"@type":"SearchAction","target":{"@type":"EntryPoint","urlTemplate":"https:\/\/guidetogreenland.com\/da\/?s={search_term_string}"},"query-input":{"@type":"PropertyValueSpecification","valueRequired":true,"valueName":"search_term_string"}}],"inLanguage":"da-DK"}]}},"_links":{"self":[{"href":"https:\/\/guidetogreenland.com\/da\/wp-json\/wp\/v2\/product\/14948","targetHints":{"allow":["GET"]}}],"collection":[{"href":"https:\/\/guidetogreenland.com\/da\/wp-json\/wp\/v2\/product"}],"about":[{"href":"https:\/\/guidetogreenland.com\/da\/wp-json\/wp\/v2\/types\/product"}],"replies":[{"embeddable":true,"href":"https:\/\/guidetogreenland.com\/da\/wp-json\/wp\/v2\/comments?post=14948"}],"wp:featuredmedia":[{"embeddable":true,"href":"https:\/\/guidetogreenland.com\/da\/wp-json\/wp\/v2\/media\/14950"}],"wp:attachment":[{"href":"https:\/\/guidetogreenland.com\/da\/wp-json\/wp\/v2\/media?parent=14948"}],"wp:term":[{"taxonomy":"product_brand","embeddable":true,"href":"https:\/\/guidetogreenland.com\/da\/wp-json\/wp\/v2\/product_brand?post=14948"},{"taxonomy":"product_cat","embeddable":true,"href":"https:\/\/guidetogreenland.com\/da\/wp-json\/wp\/v2\/product_cat?post=14948"},{"taxonomy":"product_tag","embeddable":true,"href":"https:\/\/guidetogreenland.com\/da\/wp-json\/wp\/v2\/product_tag?post=14948"}],"curies":[{"name":"wp","href":"https:\/\/api.w.org\/{rel}","templated":true}]}}