{"id":14969,"date":"2020-06-09T13:11:15","date_gmt":"2020-06-09T13:11:15","guid":{"rendered":"https:\/\/guidetogreenland.com\/book-trips-holiday\/learn-to-ride-a-snowmobile-sisimiut\/"},"modified":"2025-06-28T03:22:58","modified_gmt":"2025-06-28T06:22:58","slug":"learn-to-ride-a-snowmobile-sisimiut","status":"publish","type":"product","link":"https:\/\/guidetogreenland.com\/da\/reserver-ferie-rejser\/laer-at-kore-en-snescooter-sisimiut\/","title":{"rendered":"L\u00e6r at k\u00f8re en snescooter | Sisimiut"},"content":{"rendered":"<p class=\"x-18pep25\">Aldrig pr\u00f8vet en snescooter\u00a0f\u00f8r? S\u00e5 er dette den perfekte tur for at du kan l\u00e6re at k\u00f8re med en selv! Snescooter ture er en f\u00e6nomenal m\u00e5de at komme ud i det sned\u00e6kkede landskab p\u00e5! Man kommer nemt og hurtigt ud og kan opleve en masse p\u00e5 kort tid. Hvis du kan lide lidt fart og at f\u00e5 et sus af adrenalin s\u00e5 er snescooter ture det helt rigtige at pr\u00f8ve. Hvis man bare vil ud af byen og se smuk natur kan man sagtens k\u00f8re i et langsommere tempo.<\/p>\n<p class=\"e1imf5dp0 x-jm2771\">Turen er perfekt for begyndere og andre der m\u00e5ske ikke er s\u00e5 erfarne med snescooter k\u00f8rsel. Med en dygtig instrukt\u00f8r f\u00e5r i hurtigt l\u00e6rt hvordan k\u00f8ret\u00f8jet virk<span class=\"x-12abj6v e1uuu2lt3\">er og bev\u00e6ger sig. Vi starter ud med et langsomt tempo s\u00e5 du l\u00e6rer at forst\u00e5 maskinen og n\u00e5r du f\u00f8ler dig godt tilpas kan vi tage l\u00e6ngere ud i baglandet og finde nogle smukke udsigtspunkter.<\/span><\/p>\n<p class=\"e1imf5dp0 x-jm2771\"><span class=\"x-12abj6v e1uuu2lt3\">Vi kommer til at pr\u00f8ve flere skr\u00e5ninger, og k\u00f8re op og ned af bakker som giver en enorm f\u00f8lelse af frihed. Vi n\u00e5r p\u00e5 et tidspunkt et udsigtspunkt hvor vi kan f\u00e5 noget varmt at drikke og en snack mens vi nyder udsigten over Davidsstr\u00e6det. Du kan bruge pausen til at tage nogle fede billeder sammen med snescooteren.<\/span><\/p>\n<p class=\"e1imf5dp0 x-jm2771\"><span class=\"x-12abj6v e1uuu2lt3\">N\u00e5r du har gennem turen f\u00e5r du et certifikat p\u00e5 at have gennemf\u00f8rt tr\u00e6ningen.<\/span><\/p>\n<p class=\"e1imf5dp0 x-jm2771\"><span class=\"x-12abj6v e1uuu2lt3\">Hver gang man tager p\u00e5 en snescooter tur er der visse regler man skal f\u00f8lge i forhold til sikkerhed. Det er vigtigt altid at respektere disse regler. Du skal lytte til og v\u00e6re opm\u00e6rksom p\u00e5 hvad instrukt\u00f8ren siger, alle der tager p\u00e5 turen skal p\u00e5 ethvert tidspunkt have en hjelm p\u00e5, ogs\u00e5 som passager. Hvis instrukt\u00f8ren mener at du k\u00f8rer hensynsl\u00f8st kan han fjerne dig fra k\u00f8ret\u00f8jet. Du skal altid holde en sikker afstand til snescooteren foran dig og aldrig stoppe op midt p\u00e5 sporet, eller s\u00e6tte snescooteren til fuld gas. Hvis noget skulle ske med snescooteren er det dit ansvar at betale for reparationen. Alle b\u00f8r have det sjovt gennem sikker k\u00f8rsel.<\/span><\/p>\n","protected":false},"excerpt":{"rendered":"Aldrig pr\u00f8vet en snescooter\u00a0f\u00f8r? S\u00e5 er dette den perfekte tur for at du kan l\u00e6re at k\u00f8re med en selv! Snescooter ture er en f\u00e6nomenal m\u00e5de at komme ud i det sned\u00e6kkede landskab p\u00e5! Man kommer nemt og hurtigt ud og kan opleve en masse p\u00e5 kort tid. Hvis du kan lide lidt fart og&#8230;","protected":false},"featured_media":14970,"comment_status":"open","ping_status":"closed","template":"","meta":[],"product_brand":[],"product_cat":[628,610,606,593,627,643,657,633],"product_tag":[936],"class_list":{"0":"post-14969","1":"product","2":"type-product","3":"status-publish","4":"has-post-thumbnail","6":"product_cat-arctic-circle-trail","7":"product_cat-atv-og-snescooterture","8":"product_cat-dagsture-om-vinteren","9":"product_cat-oplevelser-i-groenland","10":"product_cat-ture-i-bestemte-omraader","11":"product_cat-ture-i-hver-by","12":"product_cat-ture-i-sisimiut","13":"product_cat-vestgroenland","14":"product_tag-sisimiut-da","15":"pa_activities-snescooter","16":"pa_available-month-januar","17":"pa_available-month-februar","18":"pa_available-month-marts","19":"pa_available-month-april","20":"pa_destinations-sisimiut","21":"pa_difficulty-moderat","22":"pa_duration-2-timer","23":"pa_tour-type-dagsture","24":"yith_shop_vendor-hotel-sisimiut-tours-da","26":"first","27":"instock","28":"virtual","29":"sold-individually","30":"purchasable","31":"product-type-booking"},"acf":[],"yoast_head":"<!-- This site is optimized with the Yoast SEO plugin v25.6 - https:\/\/yoast.com\/wordpress\/plugins\/seo\/ -->\n<title>L\u00e6r at k\u00f8re en snescooter | Sisimiut | Guide to Greenland<\/title>\n<meta name=\"robots\" content=\"index, follow, max-snippet:-1, max-image-preview:large, max-video-preview:-1\" \/>\n<link rel=\"canonical\" href=\"https:\/\/guidetogreenland.com\/da\/reserver-ferie-rejser\/laer-at-kore-en-snescooter-sisimiut\/\" \/>\n<meta property=\"og:locale\" content=\"da_DK\" \/>\n<meta property=\"og:type\" content=\"article\" \/>\n<meta property=\"og:title\" content=\"L\u00e6r at k\u00f8re en snescooter | Sisimiut | Guide to Greenland\" \/>\n<meta property=\"og:description\" content=\"Aldrig pr\u00f8vet en snescooter\u00a0f\u00f8r? S\u00e5 er dette den perfekte tur for at du kan l\u00e6re at k\u00f8re med en selv! Snescooter ture er en f\u00e6nomenal m\u00e5de at komme ud i det sned\u00e6kkede landskab p\u00e5! Man kommer nemt og hurtigt ud og kan opleve en masse p\u00e5 kort tid. Hvis du kan lide lidt fart og...\" \/>\n<meta property=\"og:url\" content=\"https:\/\/guidetogreenland.com\/da\/reserver-ferie-rejser\/laer-at-kore-en-snescooter-sisimiut\/\" \/>\n<meta property=\"og:site_name\" content=\"Guide to Greenland\" \/>\n<meta property=\"article:modified_time\" content=\"2025-06-28T06:22:58+00:00\" \/>\n<meta property=\"og:image\" content=\"https:\/\/guidetogreenland.com\/wp-content\/uploads\/2020\/05\/Learn-to-ride-a-Snowmobile-Sisimiut-Guide-to-Greenland1.jpeg\" \/>\n\t<meta property=\"og:image:width\" content=\"993\" \/>\n\t<meta property=\"og:image:height\" content=\"662\" \/>\n\t<meta property=\"og:image:type\" content=\"image\/jpeg\" \/>\n<meta name=\"twitter:card\" content=\"summary_large_image\" \/>\n<meta name=\"twitter:label1\" content=\"Estimeret l\u00e6setid\" \/>\n\t<meta name=\"twitter:data1\" content=\"2 minutter\" \/>\n<script type=\"application\/ld+json\" class=\"yoast-schema-graph\">{\"@context\":\"https:\/\/schema.org\",\"@graph\":[{\"@type\":\"WebPage\",\"@id\":\"https:\/\/guidetogreenland.com\/da\/reserver-ferie-rejser\/laer-at-kore-en-snescooter-sisimiut\/\",\"url\":\"https:\/\/guidetogreenland.com\/da\/reserver-ferie-rejser\/laer-at-kore-en-snescooter-sisimiut\/\",\"name\":\"L\u00e6r at k\u00f8re en snescooter | Sisimiut | Guide to Greenland\",\"isPartOf\":{\"@id\":\"https:\/\/guidetogreenland.com\/da\/#website\"},\"primaryImageOfPage\":{\"@id\":\"https:\/\/guidetogreenland.com\/da\/reserver-ferie-rejser\/laer-at-kore-en-snescooter-sisimiut\/#primaryimage\"},\"image\":{\"@id\":\"https:\/\/guidetogreenland.com\/da\/reserver-ferie-rejser\/laer-at-kore-en-snescooter-sisimiut\/#primaryimage\"},\"thumbnailUrl\":\"https:\/\/guidetogreenland.com\/wp-content\/uploads\/2020\/05\/Learn-to-ride-a-Snowmobile-Sisimiut-Guide-to-Greenland1.jpeg\",\"datePublished\":\"2020-06-09T13:11:15+00:00\",\"dateModified\":\"2025-06-28T06:22:58+00:00\",\"breadcrumb\":{\"@id\":\"https:\/\/guidetogreenland.com\/da\/reserver-ferie-rejser\/laer-at-kore-en-snescooter-sisimiut\/#breadcrumb\"},\"inLanguage\":\"da-DK\",\"potentialAction\":[{\"@type\":\"ReadAction\",\"target\":[\"https:\/\/guidetogreenland.com\/da\/reserver-ferie-rejser\/laer-at-kore-en-snescooter-sisimiut\/\"]}]},{\"@type\":\"ImageObject\",\"inLanguage\":\"da-DK\",\"@id\":\"https:\/\/guidetogreenland.com\/da\/reserver-ferie-rejser\/laer-at-kore-en-snescooter-sisimiut\/#primaryimage\",\"url\":\"https:\/\/guidetogreenland.com\/wp-content\/uploads\/2020\/05\/Learn-to-ride-a-Snowmobile-Sisimiut-Guide-to-Greenland1.jpeg\",\"contentUrl\":\"https:\/\/guidetogreenland.com\/wp-content\/uploads\/2020\/05\/Learn-to-ride-a-Snowmobile-Sisimiut-Guide-to-Greenland1.jpeg\",\"width\":993,\"height\":662},{\"@type\":\"BreadcrumbList\",\"@id\":\"https:\/\/guidetogreenland.com\/da\/reserver-ferie-rejser\/laer-at-kore-en-snescooter-sisimiut\/#breadcrumb\",\"itemListElement\":[{\"@type\":\"ListItem\",\"position\":1,\"name\":\"Home\",\"item\":\"https:\/\/guidetogreenland.com\/da\/\"},{\"@type\":\"ListItem\",\"position\":2,\"name\":\"Se alle ture\",\"item\":\"https:\/\/guidetogreenland.com\/da\/reserver-ferie-rejser\/\"},{\"@type\":\"ListItem\",\"position\":3,\"name\":\"L\u00e6r at k\u00f8re en snescooter | Sisimiut\"}]},{\"@type\":\"WebSite\",\"@id\":\"https:\/\/guidetogreenland.com\/da\/#website\",\"url\":\"https:\/\/guidetogreenland.com\/da\/\",\"name\":\"Guide to Greenland\",\"description\":\"Largest selection of tours in Greenland\",\"potentialAction\":[{\"@type\":\"SearchAction\",\"target\":{\"@type\":\"EntryPoint\",\"urlTemplate\":\"https:\/\/guidetogreenland.com\/da\/?s={search_term_string}\"},\"query-input\":{\"@type\":\"PropertyValueSpecification\",\"valueRequired\":true,\"valueName\":\"search_term_string\"}}],\"inLanguage\":\"da-DK\"}]}<\/script>\n<!-- \/ Yoast SEO plugin. -->","yoast_head_json":{"title":"L\u00e6r at k\u00f8re en snescooter | Sisimiut | Guide to Greenland","robots":{"index":"index","follow":"follow","max-snippet":"max-snippet:-1","max-image-preview":"max-image-preview:large","max-video-preview":"max-video-preview:-1"},"canonical":"https:\/\/guidetogreenland.com\/da\/reserver-ferie-rejser\/laer-at-kore-en-snescooter-sisimiut\/","og_locale":"da_DK","og_type":"article","og_title":"L\u00e6r at k\u00f8re en snescooter | Sisimiut | Guide to Greenland","og_description":"Aldrig pr\u00f8vet en snescooter\u00a0f\u00f8r? S\u00e5 er dette den perfekte tur for at du kan l\u00e6re at k\u00f8re med en selv! Snescooter ture er en f\u00e6nomenal m\u00e5de at komme ud i det sned\u00e6kkede landskab p\u00e5! Man kommer nemt og hurtigt ud og kan opleve en masse p\u00e5 kort tid. Hvis du kan lide lidt fart og...","og_url":"https:\/\/guidetogreenland.com\/da\/reserver-ferie-rejser\/laer-at-kore-en-snescooter-sisimiut\/","og_site_name":"Guide to Greenland","article_modified_time":"2025-06-28T06:22:58+00:00","og_image":[{"width":993,"height":662,"url":"https:\/\/guidetogreenland.com\/wp-content\/uploads\/2020\/05\/Learn-to-ride-a-Snowmobile-Sisimiut-Guide-to-Greenland1.jpeg","type":"image\/jpeg"}],"twitter_card":"summary_large_image","twitter_misc":{"Estimeret l\u00e6setid":"2 minutter"},"schema":{"@context":"https:\/\/schema.org","@graph":[{"@type":"WebPage","@id":"https:\/\/guidetogreenland.com\/da\/reserver-ferie-rejser\/laer-at-kore-en-snescooter-sisimiut\/","url":"https:\/\/guidetogreenland.com\/da\/reserver-ferie-rejser\/laer-at-kore-en-snescooter-sisimiut\/","name":"L\u00e6r at k\u00f8re en snescooter | Sisimiut | Guide to Greenland","isPartOf":{"@id":"https:\/\/guidetogreenland.com\/da\/#website"},"primaryImageOfPage":{"@id":"https:\/\/guidetogreenland.com\/da\/reserver-ferie-rejser\/laer-at-kore-en-snescooter-sisimiut\/#primaryimage"},"image":{"@id":"https:\/\/guidetogreenland.com\/da\/reserver-ferie-rejser\/laer-at-kore-en-snescooter-sisimiut\/#primaryimage"},"thumbnailUrl":"https:\/\/guidetogreenland.com\/wp-content\/uploads\/2020\/05\/Learn-to-ride-a-Snowmobile-Sisimiut-Guide-to-Greenland1.jpeg","datePublished":"2020-06-09T13:11:15+00:00","dateModified":"2025-06-28T06:22:58+00:00","breadcrumb":{"@id":"https:\/\/guidetogreenland.com\/da\/reserver-ferie-rejser\/laer-at-kore-en-snescooter-sisimiut\/#breadcrumb"},"inLanguage":"da-DK","potentialAction":[{"@type":"ReadAction","target":["https:\/\/guidetogreenland.com\/da\/reserver-ferie-rejser\/laer-at-kore-en-snescooter-sisimiut\/"]}]},{"@type":"ImageObject","inLanguage":"da-DK","@id":"https:\/\/guidetogreenland.com\/da\/reserver-ferie-rejser\/laer-at-kore-en-snescooter-sisimiut\/#primaryimage","url":"https:\/\/guidetogreenland.com\/wp-content\/uploads\/2020\/05\/Learn-to-ride-a-Snowmobile-Sisimiut-Guide-to-Greenland1.jpeg","contentUrl":"https:\/\/guidetogreenland.com\/wp-content\/uploads\/2020\/05\/Learn-to-ride-a-Snowmobile-Sisimiut-Guide-to-Greenland1.jpeg","width":993,"height":662},{"@type":"BreadcrumbList","@id":"https:\/\/guidetogreenland.com\/da\/reserver-ferie-rejser\/laer-at-kore-en-snescooter-sisimiut\/#breadcrumb","itemListElement":[{"@type":"ListItem","position":1,"name":"Home","item":"https:\/\/guidetogreenland.com\/da\/"},{"@type":"ListItem","position":2,"name":"Se alle ture","item":"https:\/\/guidetogreenland.com\/da\/reserver-ferie-rejser\/"},{"@type":"ListItem","position":3,"name":"L\u00e6r at k\u00f8re en snescooter | Sisimiut"}]},{"@type":"WebSite","@id":"https:\/\/guidetogreenland.com\/da\/#website","url":"https:\/\/guidetogreenland.com\/da\/","name":"Guide to Greenland","description":"Largest selection of tours in Greenland","potentialAction":[{"@type":"SearchAction","target":{"@type":"EntryPoint","urlTemplate":"https:\/\/guidetogreenland.com\/da\/?s={search_term_string}"},"query-input":{"@type":"PropertyValueSpecification","valueRequired":true,"valueName":"search_term_string"}}],"inLanguage":"da-DK"}]}},"_links":{"self":[{"href":"https:\/\/guidetogreenland.com\/da\/wp-json\/wp\/v2\/product\/14969","targetHints":{"allow":["GET"]}}],"collection":[{"href":"https:\/\/guidetogreenland.com\/da\/wp-json\/wp\/v2\/product"}],"about":[{"href":"https:\/\/guidetogreenland.com\/da\/wp-json\/wp\/v2\/types\/product"}],"replies":[{"embeddable":true,"href":"https:\/\/guidetogreenland.com\/da\/wp-json\/wp\/v2\/comments?post=14969"}],"wp:featuredmedia":[{"embeddable":true,"href":"https:\/\/guidetogreenland.com\/da\/wp-json\/wp\/v2\/media\/14970"}],"wp:attachment":[{"href":"https:\/\/guidetogreenland.com\/da\/wp-json\/wp\/v2\/media?parent=14969"}],"wp:term":[{"taxonomy":"product_brand","embeddable":true,"href":"https:\/\/guidetogreenland.com\/da\/wp-json\/wp\/v2\/product_brand?post=14969"},{"taxonomy":"product_cat","embeddable":true,"href":"https:\/\/guidetogreenland.com\/da\/wp-json\/wp\/v2\/product_cat?post=14969"},{"taxonomy":"product_tag","embeddable":true,"href":"https:\/\/guidetogreenland.com\/da\/wp-json\/wp\/v2\/product_tag?post=14969"}],"curies":[{"name":"wp","href":"https:\/\/api.w.org\/{rel}","templated":true}]}}