{"id":14983,"date":"2020-06-03T12:03:53","date_gmt":"2020-06-03T12:03:53","guid":{"rendered":"https:\/\/guidetogreenland.com\/book-trips-holiday\/puffin-safari-nuuk\/"},"modified":"2025-12-21T03:23:00","modified_gmt":"2025-12-21T06:23:00","slug":"puffin-safari-nuuk","status":"publish","type":"product","link":"https:\/\/guidetogreenland.com\/da\/reserver-ferie-rejser\/sopapegoje-lunde-safari-nuuk\/","title":{"rendered":"S\u00f8papeg\u00f8je (Lunde) Safari | Nuuk"},"content":{"rendered":"<p class=\"x-18pep25\">Tag p\u00e5 et hurtigt eventyr med b\u00e5d til en \u00f8 i n\u00e6rheden af Nuuk, hvor vi kan se en koloni af lunder ogs\u00e5 kendt som s\u00f8papeg\u00f8jer, s\u00e5 vel som alke i deres naturlige omgivelser.<\/p>\n<p class=\"x-18pep25\">Disse unikke fugle har farverige n\u00e6b og har v\u00e6ret et yndlingstema i Gr\u00f8nlandsk kunst i lang tid. Skab din egen kunst med dit kamera ved at tage nogle billeder eller videoer.<\/p>\n<p class=\"x-18pep25\">B\u00e5dens bes\u00e6tning vil g\u00f8re deres bedste for ikke at komme for t\u00e6t p\u00e5 og bev\u00e6ge sig langsomt for ikke at forstyrre fuglene mens de bygger rede og pr\u00f8ver at udkl\u00e6kke deres \u00e6g.<\/p>\n<p class=\"e1imf5dp0 x-jm2771\">P\u00e5 vejen til kolonien kan vi v\u00e6re heldige nok at spotte s\u00e6ler der lige stikker dere<span class=\"x-12abj6v e1uuu2lt3\">s nysgerrige hoved op over overfladen, hen af vejen sejler vi forbi den efterladte bygd Narsaq, som du kan se fra afstand.<\/span><\/p>\n<p class=\"e1imf5dp0 x-jm2771\"><span class=\"x-12abj6v e1uuu2lt3\">Vandene omkring Nuuk er ogs\u00e5 hjem til hvaler, selvom det aldrig kan garanteres at se dem, kan vi v\u00e6re heldige. Vi kan m\u00e5ske ogs\u00e5 se nationalfuglen, Hav\u00f8rnen, da der er mange af dem i Nuuk omr\u00e5det.<\/span><\/p>\n<p class=\"e1imf5dp0 x-jm2771\"><span class=\"x-12abj6v e1uuu2lt3\">Om du er turist eller bare har brug for en hurtig pause i naturen s\u00e5 er denne 3-timers tur perfekt for dig.<\/span><\/p>\n<p class=\"e1imf5dp0 x-jm2771\"><span class=\"x-12abj6v e1uuu2lt3\">Nyd naturen og udsigten mens vi serverer varm kaffe eller te.<\/span><\/p>\n<p class=\"e1imf5dp0 x-jm2771\"><span class=\"x-12abj6v e1uuu2lt3\">Klik p\u00e5 &#8216;v\u00e6lg en dato&#8217; og find en dag der passer dig!<\/span><\/p>\n","protected":false},"excerpt":{"rendered":"Tag p\u00e5 et hurtigt eventyr med b\u00e5d til en \u00f8 i n\u00e6rheden af Nuuk, hvor vi kan se en koloni af lunder ogs\u00e5 kendt som s\u00f8papeg\u00f8jer, s\u00e5 vel som alke i deres naturlige omgivelser. Disse unikke fugle har farverige n\u00e6b og har v\u00e6ret et yndlingstema i Gr\u00f8nlandsk kunst i lang tid. Skab din egen kunst&#8230;","protected":false},"featured_media":14985,"comment_status":"open","ping_status":"closed","template":"","meta":[],"product_brand":[],"product_cat":[594,605,612,593,627,643,652,633],"product_tag":[893],"class_list":{"0":"post-14983","1":"product","2":"type-product","3":"status-publish","4":"has-post-thumbnail","6":"product_cat-baadture","7":"product_cat-dagsture-om-sommeren","8":"product_cat-natur-og-dyreliv-i-groenland","9":"product_cat-oplevelser-i-groenland","10":"product_cat-ture-i-bestemte-omraader","11":"product_cat-ture-i-hver-by","12":"product_cat-ture-i-nuuk","13":"product_cat-vestgroenland","14":"product_tag-nuuk-da","15":"pa_activities-baadtur","16":"pa_activities-dyreliv-safari","17":"pa_available-month-maj","18":"pa_available-month-juni","19":"pa_available-month-juli","20":"pa_available-month-august","21":"pa_destinations-nuuk","22":"pa_difficulty-let","23":"pa_duration-3-timer","24":"pa_tour-type-dagsture","25":"yith_shop_vendor-nuuk-water-taxi-da","27":"first","28":"instock","29":"virtual","30":"sold-individually","31":"purchasable","32":"product-type-booking"},"acf":[],"yoast_head":"<!-- This site is optimized with the Yoast SEO plugin v25.6 - https:\/\/yoast.com\/wordpress\/plugins\/seo\/ -->\n<title>S\u00f8papeg\u00f8je (Lunde) Safari | Nuuk | Guide to Greenland<\/title>\n<meta name=\"robots\" content=\"index, follow, max-snippet:-1, max-image-preview:large, max-video-preview:-1\" \/>\n<link rel=\"canonical\" href=\"https:\/\/guidetogreenland.com\/da\/reserver-ferie-rejser\/sopapegoje-lunde-safari-nuuk\/\" \/>\n<meta property=\"og:locale\" content=\"da_DK\" \/>\n<meta property=\"og:type\" content=\"article\" \/>\n<meta property=\"og:title\" content=\"S\u00f8papeg\u00f8je (Lunde) Safari | Nuuk | Guide to Greenland\" \/>\n<meta property=\"og:description\" content=\"Tag p\u00e5 et hurtigt eventyr med b\u00e5d til en \u00f8 i n\u00e6rheden af Nuuk, hvor vi kan se en koloni af lunder ogs\u00e5 kendt som s\u00f8papeg\u00f8jer, s\u00e5 vel som alke i deres naturlige omgivelser. Disse unikke fugle har farverige n\u00e6b og har v\u00e6ret et yndlingstema i Gr\u00f8nlandsk kunst i lang tid. Skab din egen kunst...\" \/>\n<meta property=\"og:url\" content=\"https:\/\/guidetogreenland.com\/da\/reserver-ferie-rejser\/sopapegoje-lunde-safari-nuuk\/\" \/>\n<meta property=\"og:site_name\" content=\"Guide to Greenland\" \/>\n<meta property=\"article:modified_time\" content=\"2025-12-21T06:23:00+00:00\" \/>\n<meta property=\"og:image\" content=\"https:\/\/guidetogreenland.com\/wp-content\/uploads\/2020\/06\/Puffin-Safari-Nuuk-Guide-to-Greenland-scaled.jpg\" \/>\n\t<meta property=\"og:image:width\" content=\"2560\" \/>\n\t<meta property=\"og:image:height\" content=\"1707\" \/>\n\t<meta property=\"og:image:type\" content=\"image\/jpeg\" \/>\n<meta name=\"twitter:card\" content=\"summary_large_image\" \/>\n<meta name=\"twitter:label1\" content=\"Estimeret l\u00e6setid\" \/>\n\t<meta name=\"twitter:data1\" content=\"1 minut\" \/>\n<script type=\"application\/ld+json\" class=\"yoast-schema-graph\">{\"@context\":\"https:\/\/schema.org\",\"@graph\":[{\"@type\":\"WebPage\",\"@id\":\"https:\/\/guidetogreenland.com\/da\/reserver-ferie-rejser\/sopapegoje-lunde-safari-nuuk\/\",\"url\":\"https:\/\/guidetogreenland.com\/da\/reserver-ferie-rejser\/sopapegoje-lunde-safari-nuuk\/\",\"name\":\"S\u00f8papeg\u00f8je (Lunde) Safari | Nuuk | Guide to Greenland\",\"isPartOf\":{\"@id\":\"https:\/\/guidetogreenland.com\/da\/#website\"},\"primaryImageOfPage\":{\"@id\":\"https:\/\/guidetogreenland.com\/da\/reserver-ferie-rejser\/sopapegoje-lunde-safari-nuuk\/#primaryimage\"},\"image\":{\"@id\":\"https:\/\/guidetogreenland.com\/da\/reserver-ferie-rejser\/sopapegoje-lunde-safari-nuuk\/#primaryimage\"},\"thumbnailUrl\":\"https:\/\/guidetogreenland.com\/wp-content\/uploads\/2020\/06\/Puffin-Safari-Nuuk-Guide-to-Greenland-scaled.jpg\",\"datePublished\":\"2020-06-03T12:03:53+00:00\",\"dateModified\":\"2025-12-21T06:23:00+00:00\",\"breadcrumb\":{\"@id\":\"https:\/\/guidetogreenland.com\/da\/reserver-ferie-rejser\/sopapegoje-lunde-safari-nuuk\/#breadcrumb\"},\"inLanguage\":\"da-DK\",\"potentialAction\":[{\"@type\":\"ReadAction\",\"target\":[\"https:\/\/guidetogreenland.com\/da\/reserver-ferie-rejser\/sopapegoje-lunde-safari-nuuk\/\"]}]},{\"@type\":\"ImageObject\",\"inLanguage\":\"da-DK\",\"@id\":\"https:\/\/guidetogreenland.com\/da\/reserver-ferie-rejser\/sopapegoje-lunde-safari-nuuk\/#primaryimage\",\"url\":\"https:\/\/guidetogreenland.com\/wp-content\/uploads\/2020\/06\/Puffin-Safari-Nuuk-Guide-to-Greenland-scaled.jpg\",\"contentUrl\":\"https:\/\/guidetogreenland.com\/wp-content\/uploads\/2020\/06\/Puffin-Safari-Nuuk-Guide-to-Greenland-scaled.jpg\",\"width\":2560,\"height\":1707},{\"@type\":\"BreadcrumbList\",\"@id\":\"https:\/\/guidetogreenland.com\/da\/reserver-ferie-rejser\/sopapegoje-lunde-safari-nuuk\/#breadcrumb\",\"itemListElement\":[{\"@type\":\"ListItem\",\"position\":1,\"name\":\"Home\",\"item\":\"https:\/\/guidetogreenland.com\/da\/\"},{\"@type\":\"ListItem\",\"position\":2,\"name\":\"Se alle ture\",\"item\":\"https:\/\/guidetogreenland.com\/da\/reserver-ferie-rejser\/\"},{\"@type\":\"ListItem\",\"position\":3,\"name\":\"S\u00f8papeg\u00f8je (Lunde) Safari | Nuuk\"}]},{\"@type\":\"WebSite\",\"@id\":\"https:\/\/guidetogreenland.com\/da\/#website\",\"url\":\"https:\/\/guidetogreenland.com\/da\/\",\"name\":\"Guide to Greenland\",\"description\":\"Largest selection of tours in Greenland\",\"potentialAction\":[{\"@type\":\"SearchAction\",\"target\":{\"@type\":\"EntryPoint\",\"urlTemplate\":\"https:\/\/guidetogreenland.com\/da\/?s={search_term_string}\"},\"query-input\":{\"@type\":\"PropertyValueSpecification\",\"valueRequired\":true,\"valueName\":\"search_term_string\"}}],\"inLanguage\":\"da-DK\"}]}<\/script>\n<!-- \/ Yoast SEO plugin. -->","yoast_head_json":{"title":"S\u00f8papeg\u00f8je (Lunde) Safari | Nuuk | Guide to Greenland","robots":{"index":"index","follow":"follow","max-snippet":"max-snippet:-1","max-image-preview":"max-image-preview:large","max-video-preview":"max-video-preview:-1"},"canonical":"https:\/\/guidetogreenland.com\/da\/reserver-ferie-rejser\/sopapegoje-lunde-safari-nuuk\/","og_locale":"da_DK","og_type":"article","og_title":"S\u00f8papeg\u00f8je (Lunde) Safari | Nuuk | Guide to Greenland","og_description":"Tag p\u00e5 et hurtigt eventyr med b\u00e5d til en \u00f8 i n\u00e6rheden af Nuuk, hvor vi kan se en koloni af lunder ogs\u00e5 kendt som s\u00f8papeg\u00f8jer, s\u00e5 vel som alke i deres naturlige omgivelser. Disse unikke fugle har farverige n\u00e6b og har v\u00e6ret et yndlingstema i Gr\u00f8nlandsk kunst i lang tid. Skab din egen kunst...","og_url":"https:\/\/guidetogreenland.com\/da\/reserver-ferie-rejser\/sopapegoje-lunde-safari-nuuk\/","og_site_name":"Guide to Greenland","article_modified_time":"2025-12-21T06:23:00+00:00","og_image":[{"width":2560,"height":1707,"url":"https:\/\/guidetogreenland.com\/wp-content\/uploads\/2020\/06\/Puffin-Safari-Nuuk-Guide-to-Greenland-scaled.jpg","type":"image\/jpeg"}],"twitter_card":"summary_large_image","twitter_misc":{"Estimeret l\u00e6setid":"1 minut"},"schema":{"@context":"https:\/\/schema.org","@graph":[{"@type":"WebPage","@id":"https:\/\/guidetogreenland.com\/da\/reserver-ferie-rejser\/sopapegoje-lunde-safari-nuuk\/","url":"https:\/\/guidetogreenland.com\/da\/reserver-ferie-rejser\/sopapegoje-lunde-safari-nuuk\/","name":"S\u00f8papeg\u00f8je (Lunde) Safari | Nuuk | Guide to Greenland","isPartOf":{"@id":"https:\/\/guidetogreenland.com\/da\/#website"},"primaryImageOfPage":{"@id":"https:\/\/guidetogreenland.com\/da\/reserver-ferie-rejser\/sopapegoje-lunde-safari-nuuk\/#primaryimage"},"image":{"@id":"https:\/\/guidetogreenland.com\/da\/reserver-ferie-rejser\/sopapegoje-lunde-safari-nuuk\/#primaryimage"},"thumbnailUrl":"https:\/\/guidetogreenland.com\/wp-content\/uploads\/2020\/06\/Puffin-Safari-Nuuk-Guide-to-Greenland-scaled.jpg","datePublished":"2020-06-03T12:03:53+00:00","dateModified":"2025-12-21T06:23:00+00:00","breadcrumb":{"@id":"https:\/\/guidetogreenland.com\/da\/reserver-ferie-rejser\/sopapegoje-lunde-safari-nuuk\/#breadcrumb"},"inLanguage":"da-DK","potentialAction":[{"@type":"ReadAction","target":["https:\/\/guidetogreenland.com\/da\/reserver-ferie-rejser\/sopapegoje-lunde-safari-nuuk\/"]}]},{"@type":"ImageObject","inLanguage":"da-DK","@id":"https:\/\/guidetogreenland.com\/da\/reserver-ferie-rejser\/sopapegoje-lunde-safari-nuuk\/#primaryimage","url":"https:\/\/guidetogreenland.com\/wp-content\/uploads\/2020\/06\/Puffin-Safari-Nuuk-Guide-to-Greenland-scaled.jpg","contentUrl":"https:\/\/guidetogreenland.com\/wp-content\/uploads\/2020\/06\/Puffin-Safari-Nuuk-Guide-to-Greenland-scaled.jpg","width":2560,"height":1707},{"@type":"BreadcrumbList","@id":"https:\/\/guidetogreenland.com\/da\/reserver-ferie-rejser\/sopapegoje-lunde-safari-nuuk\/#breadcrumb","itemListElement":[{"@type":"ListItem","position":1,"name":"Home","item":"https:\/\/guidetogreenland.com\/da\/"},{"@type":"ListItem","position":2,"name":"Se alle ture","item":"https:\/\/guidetogreenland.com\/da\/reserver-ferie-rejser\/"},{"@type":"ListItem","position":3,"name":"S\u00f8papeg\u00f8je (Lunde) Safari | Nuuk"}]},{"@type":"WebSite","@id":"https:\/\/guidetogreenland.com\/da\/#website","url":"https:\/\/guidetogreenland.com\/da\/","name":"Guide to Greenland","description":"Largest selection of tours in Greenland","potentialAction":[{"@type":"SearchAction","target":{"@type":"EntryPoint","urlTemplate":"https:\/\/guidetogreenland.com\/da\/?s={search_term_string}"},"query-input":{"@type":"PropertyValueSpecification","valueRequired":true,"valueName":"search_term_string"}}],"inLanguage":"da-DK"}]}},"_links":{"self":[{"href":"https:\/\/guidetogreenland.com\/da\/wp-json\/wp\/v2\/product\/14983","targetHints":{"allow":["GET"]}}],"collection":[{"href":"https:\/\/guidetogreenland.com\/da\/wp-json\/wp\/v2\/product"}],"about":[{"href":"https:\/\/guidetogreenland.com\/da\/wp-json\/wp\/v2\/types\/product"}],"replies":[{"embeddable":true,"href":"https:\/\/guidetogreenland.com\/da\/wp-json\/wp\/v2\/comments?post=14983"}],"wp:featuredmedia":[{"embeddable":true,"href":"https:\/\/guidetogreenland.com\/da\/wp-json\/wp\/v2\/media\/14985"}],"wp:attachment":[{"href":"https:\/\/guidetogreenland.com\/da\/wp-json\/wp\/v2\/media?parent=14983"}],"wp:term":[{"taxonomy":"product_brand","embeddable":true,"href":"https:\/\/guidetogreenland.com\/da\/wp-json\/wp\/v2\/product_brand?post=14983"},{"taxonomy":"product_cat","embeddable":true,"href":"https:\/\/guidetogreenland.com\/da\/wp-json\/wp\/v2\/product_cat?post=14983"},{"taxonomy":"product_tag","embeddable":true,"href":"https:\/\/guidetogreenland.com\/da\/wp-json\/wp\/v2\/product_tag?post=14983"}],"curies":[{"name":"wp","href":"https:\/\/api.w.org\/{rel}","templated":true}]}}