{"id":15009,"date":"2020-05-28T12:23:06","date_gmt":"2020-05-28T12:23:06","guid":{"rendered":"https:\/\/guidetogreenland.com\/book-trips-holiday\/sea-fishing-private-tour-ilulissat-disko-bay\/"},"modified":"2023-03-24T15:49:59","modified_gmt":"2023-03-24T18:49:59","slug":"sea-fishing-private-tour-ilulissat-disko-bay","status":"publish","type":"product","link":"https:\/\/guidetogreenland.com\/da\/reserver-ferie-rejser\/dybhavs-fisketur-ilulissat-diskobugten\/","title":{"rendered":"Dybhavs-fisketur | Ilulissat | Diskobugten"},"content":{"rendered":"<p class=\"x-18pep25\">Kom med ud og afpr\u00f8v din fiskelykke i de arktiske farvande og hvis du vil, kan du f\u00e5 fangsten med hjem til et fremragende friskt m\u00e5ltid.<\/p>\n<p class=\"x-18pep25\">Fiskeri fylder meget i den Gr\u00f8nlandske kultur. For folket der har levet ved kysten, har maden fra havet dannet et vigtigt levegrundlag og det g\u00f8r det stadig den dag i dag. N\u00e5r vejr og isforhold er til det vil du hver dag se alle de sm\u00e5 og st\u00f8rre fiskeb\u00e5de suse ud af havnen til dagens gerning. Fiskeriet er b\u00e5de en m\u00e5de at tjene penge p\u00e5 og en m\u00e5de at s\u00f8rge familien p\u00e5.<\/p>\n<p class=\"e1imf5dp0 x-jm2771\">Denne fisketur er for alle, der har lyst til at v\u00e6re med &#8211; unge som gamle, erfarne- og f\u00f8rsteg<span class=\"x-12abj6v e1uuu2lt3\">angs fiskere.<\/span><\/p>\n<p class=\"e1imf5dp0 x-jm2771\"><span class=\"x-12abj6v e1uuu2lt3\">Fangsten kan variere lidt igennem \u00e5ret. I juni er der gode muligheder for at fange ammasetter, der sv\u00f8mmer i store stimer &#8211; det ser n\u00e6sten ud som vandet koger n\u00e5r man ser dem. Senere i sommerperioden er der st\u00f8rre muligheder for at fange torsk og \u00f8rred. Udstyret skal du ikke t\u00e6nke over, det er ombord p\u00e5 b\u00e5den. Hvis du har dit eget udstyr er du selvf\u00f8lgelig ogs\u00e5 velkommen til at medbringe dette. For info vedr\u00f8rende fiskelicens kan du bes\u00f8ge posthuset i Ilulissat, de vil kunne hj\u00e6lpe dig med den del.<\/span><\/p>\n<p class=\"e1imf5dp0 x-jm2771\"><span class=\"x-12abj6v e1uuu2lt3\">Hvis du har en speciel interesse indenfor fiskeri kan der ogs\u00e5 arrangeres andre former for fiskeri f.eks. \u00f8rredfiskeri ved de store elve, langlinefiskeri efter hellefisk eller m\u00e5ske krabbefiskeri. Kontakt os for at arrangere dette.<\/span><\/p>\n<p class=\"e1imf5dp0 x-jm2771\"><span class=\"x-12abj6v e1uuu2lt3\">Se tilg\u00e6ngeligheden ved at trykke p\u00e5 &#8216;V\u00e6lg en dag&#8217; og book din tur i dag.<\/span><\/p>\n","protected":false},"excerpt":{"rendered":"Kom med ud og afpr\u00f8v din fiskelykke i de arktiske farvande og hvis du vil, kan du f\u00e5 fangsten med hjem til et fremragende friskt m\u00e5ltid. Fiskeri fylder meget i den Gr\u00f8nlandske kultur. For folket der har levet ved kysten, har maden fra havet dannet et vigtigt levegrundlag og det g\u00f8r det stadig den dag&#8230;","protected":false},"featured_media":15011,"comment_status":"open","ping_status":"closed","template":"","meta":[],"product_brand":[],"product_cat":[594,621,605,629,613,612,593,627,643,644],"product_tag":[919],"class_list":{"0":"post-15009","1":"product","2":"type-product","3":"status-publish","4":"has-post-thumbnail","6":"product_cat-baadture","7":"product_cat-charterture","8":"product_cat-dagsture-om-sommeren","9":"product_cat-disko-bugten","10":"product_cat-fisketure","11":"product_cat-natur-og-dyreliv-i-groenland","12":"product_cat-oplevelser-i-groenland","13":"product_cat-ture-i-bestemte-omraader","14":"product_cat-ture-i-hver-by","15":"product_cat-ture-i-ilulissat","16":"product_tag-ilulissat-da","17":"pa_activities-baadtur","18":"pa_activities-fiskeri","19":"pa_activities-charterrede-ture","20":"pa_available-month-maj","21":"pa_available-month-juni","22":"pa_available-month-juli","23":"pa_available-month-august","24":"pa_available-month-september","25":"pa_available-month-oktober","26":"pa_destinations-ilulissat","27":"pa_difficulty-let","28":"pa_duration-4-timer","29":"pa_tour-type-dagsture","30":"yith_shop_vendor-ilulissat-water-tours-da","32":"first","33":"instock","34":"virtual","35":"sold-individually","36":"purchasable","37":"product-type-booking"},"acf":[],"yoast_head":"<!-- This site is optimized with the Yoast SEO plugin v25.6 - https:\/\/yoast.com\/wordpress\/plugins\/seo\/ -->\n<title>Dybhavs-fisketur | Ilulissat | Diskobugten | Guide to Greenland<\/title>\n<meta name=\"description\" content=\"Fang din egen middag. Fisk efter arktisk torsk eller \u00f8rred som de lokale, mens du sejler mellem isbjerge i den smukke Ilulissat Isfjord.\" \/>\n<meta name=\"robots\" content=\"index, follow, max-snippet:-1, max-image-preview:large, max-video-preview:-1\" \/>\n<link rel=\"canonical\" href=\"https:\/\/guidetogreenland.com\/da\/reserver-ferie-rejser\/dybhavs-fisketur-ilulissat-diskobugten\/\" \/>\n<meta property=\"og:locale\" content=\"da_DK\" \/>\n<meta property=\"og:type\" content=\"article\" \/>\n<meta property=\"og:title\" content=\"Dybhavs-fisketur | Ilulissat | Diskobugten | Guide to Greenland\" \/>\n<meta property=\"og:description\" content=\"Fang din egen middag. Fisk efter arktisk torsk eller \u00f8rred som de lokale, mens du sejler mellem isbjerge i den smukke Ilulissat Isfjord.\" \/>\n<meta property=\"og:url\" content=\"https:\/\/guidetogreenland.com\/da\/reserver-ferie-rejser\/dybhavs-fisketur-ilulissat-diskobugten\/\" \/>\n<meta property=\"og:site_name\" content=\"Guide to Greenland\" \/>\n<meta property=\"article:modified_time\" content=\"2023-03-24T18:49:59+00:00\" \/>\n<meta property=\"og:image\" content=\"https:\/\/guidetogreenland.com\/wp-content\/uploads\/2020\/05\/sea-fishing-private-tour-ilulissat-disko-bay-Guide-to-Greenland7.jpeg\" \/>\n\t<meta property=\"og:image:width\" content=\"1033\" \/>\n\t<meta property=\"og:image:height\" content=\"1380\" \/>\n\t<meta property=\"og:image:type\" content=\"image\/jpeg\" \/>\n<meta name=\"twitter:card\" content=\"summary_large_image\" \/>\n<meta name=\"twitter:label1\" content=\"Estimeret l\u00e6setid\" \/>\n\t<meta name=\"twitter:data1\" content=\"2 minutter\" \/>\n<script type=\"application\/ld+json\" class=\"yoast-schema-graph\">{\"@context\":\"https:\/\/schema.org\",\"@graph\":[{\"@type\":\"WebPage\",\"@id\":\"https:\/\/guidetogreenland.com\/da\/reserver-ferie-rejser\/dybhavs-fisketur-ilulissat-diskobugten\/\",\"url\":\"https:\/\/guidetogreenland.com\/da\/reserver-ferie-rejser\/dybhavs-fisketur-ilulissat-diskobugten\/\",\"name\":\"Dybhavs-fisketur | Ilulissat | Diskobugten | Guide to Greenland\",\"isPartOf\":{\"@id\":\"https:\/\/guidetogreenland.com\/da\/#website\"},\"primaryImageOfPage\":{\"@id\":\"https:\/\/guidetogreenland.com\/da\/reserver-ferie-rejser\/dybhavs-fisketur-ilulissat-diskobugten\/#primaryimage\"},\"image\":{\"@id\":\"https:\/\/guidetogreenland.com\/da\/reserver-ferie-rejser\/dybhavs-fisketur-ilulissat-diskobugten\/#primaryimage\"},\"thumbnailUrl\":\"https:\/\/guidetogreenland.com\/wp-content\/uploads\/2020\/05\/sea-fishing-private-tour-ilulissat-disko-bay-Guide-to-Greenland7.jpeg\",\"datePublished\":\"2020-05-28T12:23:06+00:00\",\"dateModified\":\"2023-03-24T18:49:59+00:00\",\"description\":\"Fang din egen middag. Fisk efter arktisk torsk eller \u00f8rred som de lokale, mens du sejler mellem isbjerge i den smukke Ilulissat Isfjord.\",\"breadcrumb\":{\"@id\":\"https:\/\/guidetogreenland.com\/da\/reserver-ferie-rejser\/dybhavs-fisketur-ilulissat-diskobugten\/#breadcrumb\"},\"inLanguage\":\"da-DK\",\"potentialAction\":[{\"@type\":\"ReadAction\",\"target\":[\"https:\/\/guidetogreenland.com\/da\/reserver-ferie-rejser\/dybhavs-fisketur-ilulissat-diskobugten\/\"]}]},{\"@type\":\"ImageObject\",\"inLanguage\":\"da-DK\",\"@id\":\"https:\/\/guidetogreenland.com\/da\/reserver-ferie-rejser\/dybhavs-fisketur-ilulissat-diskobugten\/#primaryimage\",\"url\":\"https:\/\/guidetogreenland.com\/wp-content\/uploads\/2020\/05\/sea-fishing-private-tour-ilulissat-disko-bay-Guide-to-Greenland7.jpeg\",\"contentUrl\":\"https:\/\/guidetogreenland.com\/wp-content\/uploads\/2020\/05\/sea-fishing-private-tour-ilulissat-disko-bay-Guide-to-Greenland7.jpeg\",\"width\":1033,\"height\":1380},{\"@type\":\"BreadcrumbList\",\"@id\":\"https:\/\/guidetogreenland.com\/da\/reserver-ferie-rejser\/dybhavs-fisketur-ilulissat-diskobugten\/#breadcrumb\",\"itemListElement\":[{\"@type\":\"ListItem\",\"position\":1,\"name\":\"Home\",\"item\":\"https:\/\/guidetogreenland.com\/da\/\"},{\"@type\":\"ListItem\",\"position\":2,\"name\":\"Se alle ture\",\"item\":\"https:\/\/guidetogreenland.com\/da\/reserver-ferie-rejser\/\"},{\"@type\":\"ListItem\",\"position\":3,\"name\":\"Dybhavs-fisketur | Ilulissat | Diskobugten\"}]},{\"@type\":\"WebSite\",\"@id\":\"https:\/\/guidetogreenland.com\/da\/#website\",\"url\":\"https:\/\/guidetogreenland.com\/da\/\",\"name\":\"Guide to Greenland\",\"description\":\"Largest selection of tours in Greenland\",\"potentialAction\":[{\"@type\":\"SearchAction\",\"target\":{\"@type\":\"EntryPoint\",\"urlTemplate\":\"https:\/\/guidetogreenland.com\/da\/?s={search_term_string}\"},\"query-input\":{\"@type\":\"PropertyValueSpecification\",\"valueRequired\":true,\"valueName\":\"search_term_string\"}}],\"inLanguage\":\"da-DK\"}]}<\/script>\n<!-- \/ Yoast SEO plugin. -->","yoast_head_json":{"title":"Dybhavs-fisketur | Ilulissat | Diskobugten | Guide to Greenland","description":"Fang din egen middag. Fisk efter arktisk torsk eller \u00f8rred som de lokale, mens du sejler mellem isbjerge i den smukke Ilulissat Isfjord.","robots":{"index":"index","follow":"follow","max-snippet":"max-snippet:-1","max-image-preview":"max-image-preview:large","max-video-preview":"max-video-preview:-1"},"canonical":"https:\/\/guidetogreenland.com\/da\/reserver-ferie-rejser\/dybhavs-fisketur-ilulissat-diskobugten\/","og_locale":"da_DK","og_type":"article","og_title":"Dybhavs-fisketur | Ilulissat | Diskobugten | Guide to Greenland","og_description":"Fang din egen middag. Fisk efter arktisk torsk eller \u00f8rred som de lokale, mens du sejler mellem isbjerge i den smukke Ilulissat Isfjord.","og_url":"https:\/\/guidetogreenland.com\/da\/reserver-ferie-rejser\/dybhavs-fisketur-ilulissat-diskobugten\/","og_site_name":"Guide to Greenland","article_modified_time":"2023-03-24T18:49:59+00:00","og_image":[{"width":1033,"height":1380,"url":"https:\/\/guidetogreenland.com\/wp-content\/uploads\/2020\/05\/sea-fishing-private-tour-ilulissat-disko-bay-Guide-to-Greenland7.jpeg","type":"image\/jpeg"}],"twitter_card":"summary_large_image","twitter_misc":{"Estimeret l\u00e6setid":"2 minutter"},"schema":{"@context":"https:\/\/schema.org","@graph":[{"@type":"WebPage","@id":"https:\/\/guidetogreenland.com\/da\/reserver-ferie-rejser\/dybhavs-fisketur-ilulissat-diskobugten\/","url":"https:\/\/guidetogreenland.com\/da\/reserver-ferie-rejser\/dybhavs-fisketur-ilulissat-diskobugten\/","name":"Dybhavs-fisketur | Ilulissat | Diskobugten | Guide to Greenland","isPartOf":{"@id":"https:\/\/guidetogreenland.com\/da\/#website"},"primaryImageOfPage":{"@id":"https:\/\/guidetogreenland.com\/da\/reserver-ferie-rejser\/dybhavs-fisketur-ilulissat-diskobugten\/#primaryimage"},"image":{"@id":"https:\/\/guidetogreenland.com\/da\/reserver-ferie-rejser\/dybhavs-fisketur-ilulissat-diskobugten\/#primaryimage"},"thumbnailUrl":"https:\/\/guidetogreenland.com\/wp-content\/uploads\/2020\/05\/sea-fishing-private-tour-ilulissat-disko-bay-Guide-to-Greenland7.jpeg","datePublished":"2020-05-28T12:23:06+00:00","dateModified":"2023-03-24T18:49:59+00:00","description":"Fang din egen middag. Fisk efter arktisk torsk eller \u00f8rred som de lokale, mens du sejler mellem isbjerge i den smukke Ilulissat Isfjord.","breadcrumb":{"@id":"https:\/\/guidetogreenland.com\/da\/reserver-ferie-rejser\/dybhavs-fisketur-ilulissat-diskobugten\/#breadcrumb"},"inLanguage":"da-DK","potentialAction":[{"@type":"ReadAction","target":["https:\/\/guidetogreenland.com\/da\/reserver-ferie-rejser\/dybhavs-fisketur-ilulissat-diskobugten\/"]}]},{"@type":"ImageObject","inLanguage":"da-DK","@id":"https:\/\/guidetogreenland.com\/da\/reserver-ferie-rejser\/dybhavs-fisketur-ilulissat-diskobugten\/#primaryimage","url":"https:\/\/guidetogreenland.com\/wp-content\/uploads\/2020\/05\/sea-fishing-private-tour-ilulissat-disko-bay-Guide-to-Greenland7.jpeg","contentUrl":"https:\/\/guidetogreenland.com\/wp-content\/uploads\/2020\/05\/sea-fishing-private-tour-ilulissat-disko-bay-Guide-to-Greenland7.jpeg","width":1033,"height":1380},{"@type":"BreadcrumbList","@id":"https:\/\/guidetogreenland.com\/da\/reserver-ferie-rejser\/dybhavs-fisketur-ilulissat-diskobugten\/#breadcrumb","itemListElement":[{"@type":"ListItem","position":1,"name":"Home","item":"https:\/\/guidetogreenland.com\/da\/"},{"@type":"ListItem","position":2,"name":"Se alle ture","item":"https:\/\/guidetogreenland.com\/da\/reserver-ferie-rejser\/"},{"@type":"ListItem","position":3,"name":"Dybhavs-fisketur | Ilulissat | Diskobugten"}]},{"@type":"WebSite","@id":"https:\/\/guidetogreenland.com\/da\/#website","url":"https:\/\/guidetogreenland.com\/da\/","name":"Guide to Greenland","description":"Largest selection of tours in Greenland","potentialAction":[{"@type":"SearchAction","target":{"@type":"EntryPoint","urlTemplate":"https:\/\/guidetogreenland.com\/da\/?s={search_term_string}"},"query-input":{"@type":"PropertyValueSpecification","valueRequired":true,"valueName":"search_term_string"}}],"inLanguage":"da-DK"}]}},"_links":{"self":[{"href":"https:\/\/guidetogreenland.com\/da\/wp-json\/wp\/v2\/product\/15009","targetHints":{"allow":["GET"]}}],"collection":[{"href":"https:\/\/guidetogreenland.com\/da\/wp-json\/wp\/v2\/product"}],"about":[{"href":"https:\/\/guidetogreenland.com\/da\/wp-json\/wp\/v2\/types\/product"}],"replies":[{"embeddable":true,"href":"https:\/\/guidetogreenland.com\/da\/wp-json\/wp\/v2\/comments?post=15009"}],"wp:featuredmedia":[{"embeddable":true,"href":"https:\/\/guidetogreenland.com\/da\/wp-json\/wp\/v2\/media\/15011"}],"wp:attachment":[{"href":"https:\/\/guidetogreenland.com\/da\/wp-json\/wp\/v2\/media?parent=15009"}],"wp:term":[{"taxonomy":"product_brand","embeddable":true,"href":"https:\/\/guidetogreenland.com\/da\/wp-json\/wp\/v2\/product_brand?post=15009"},{"taxonomy":"product_cat","embeddable":true,"href":"https:\/\/guidetogreenland.com\/da\/wp-json\/wp\/v2\/product_cat?post=15009"},{"taxonomy":"product_tag","embeddable":true,"href":"https:\/\/guidetogreenland.com\/da\/wp-json\/wp\/v2\/product_tag?post=15009"}],"curies":[{"name":"wp","href":"https:\/\/api.w.org\/{rel}","templated":true}]}}