{"id":15024,"date":"2020-05-28T15:02:34","date_gmt":"2020-05-28T15:02:34","guid":{"rendered":"https:\/\/guidetogreenland.com\/book-trips-holiday\/snowmobile-tour-to-small-settlement-ilulissat\/"},"modified":"2024-10-09T13:19:22","modified_gmt":"2024-10-09T16:19:22","slug":"snowmobile-tour-to-small-settlement-ilulissat","status":"publish","type":"product","link":"https:\/\/guidetogreenland.com\/da\/reserver-ferie-rejser\/snescootertur-til-en-lille-bygd-ilulissat\/","title":{"rendered":"Snescootertur til en lille bygd | Ilulissat"},"content":{"rendered":"<p class=\"x-18pep25\">Se hvordan livet er i en lille\u00a0Gr\u00f8nlandsl bygd, vi k\u00f8rer med snescooter mod nord over bakker, havis og frosne s\u00f8er for at n\u00e5 den lille charmerende bygd, Oqaatsut.<\/p>\n<p class=\"x-18pep25\">Med en population p\u00e5 f\u00e6rre end 30 mennesker er Oqaatsut ikke et s\u00e6rligt stort sted, man kan n\u00e6rmest ikke kalde det for en landsby! De har dog en butik, et hotel, en restaurant og de farverige huse er spredt langs kysten med den mest vidunderlige havudsigt.<\/p>\n<p class=\"x-18pep25\">Her er mange af indbyggerne j\u00e6gere og fiskere, og du kan h\u00f8re deres sl\u00e6dehunde hyle nu og da, ivrige efter at komme ud og l\u00f8be i det sned\u00e6kkede landskab.<\/p>\n<p class=\"e1imf5dp0 x-jm2771\">det tager ca. en time at komm<span class=\"x-12abj6v e1uuu2lt3\">e til bygden, alt efter sne og isforholdene. Hvis vi er heldige er de frosne s\u00f8er ikke d\u00e6kket helt til med sne og vi kan kigge ned og se hvor tyk isen er med bobler og tykke revner.<\/span><\/p>\n<p class=\"e1imf5dp0 x-jm2771\"><span class=\"x-12abj6v e1uuu2lt3\">Det er en smuk tur som du ikke kommer til at glemme forel\u00f8big, og at bes\u00f8ge bygden er som at rejse tilbage i tiden. Her samler de is for at smelte til drikkevand, og fanger det meste af deres egen mad, en simpel levem\u00e5de i r\u00e5 natur.<\/span><\/p>\n<p class=\"e1imf5dp0 x-jm2771\"><span class=\"x-12abj6v e1uuu2lt3\">Vi udforsker onr\u00e5det et stykke tid og bare nyder udsigten inden vi begiver os tilbage mod Ilulissat.\u00a0<\/span><\/p>\n<p class=\"e1imf5dp0 x-jm2771\"><span class=\"x-12abj6v e1uuu2lt3\">Du kan booke et s\u00e6de p\u00e5 denne tur med det samme, bare ved at klikke p\u00e5 &#8216;v\u00e6lg en dag&#8217; for oven.<\/span><\/p>\n","protected":false},"excerpt":{"rendered":"Se hvordan livet er i en lille\u00a0Gr\u00f8nlandsl bygd, vi k\u00f8rer med snescooter mod nord over bakker, havis og frosne s\u00f8er for at n\u00e5 den lille charmerende bygd, Oqaatsut. Med en population p\u00e5 f\u00e6rre end 30 mennesker er Oqaatsut ikke et s\u00e6rligt stort sted, man kan n\u00e6rmest ikke kalde det for en landsby! De har dog&#8230;","protected":false},"featured_media":15033,"comment_status":"open","ping_status":"closed","template":"","meta":[],"product_brand":[],"product_cat":[610,606,629,593,644],"product_tag":[919],"class_list":{"0":"post-15024","1":"product","2":"type-product","3":"status-publish","4":"has-post-thumbnail","6":"product_cat-atv-og-snescooterture","7":"product_cat-dagsture-om-vinteren","8":"product_cat-disko-bugten","9":"product_cat-oplevelser-i-groenland","10":"product_cat-ture-i-ilulissat","11":"product_tag-ilulissat-da","12":"pa_activities-bygdebesoeg","13":"pa_activities-snescooter","14":"pa_available-month-januar","15":"pa_available-month-februar","16":"pa_available-month-marts","17":"pa_available-month-april","18":"pa_available-month-december","19":"pa_destinations-ilulissat","20":"pa_difficulty-let","21":"pa_duration-3-timer","22":"pa_tour-type-dagsture","23":"yith_shop_vendor-unique-tours-da","25":"first","26":"instock","27":"virtual","28":"sold-individually","29":"purchasable","30":"product-type-booking"},"acf":[],"yoast_head":"<!-- This site is optimized with the Yoast SEO plugin v25.6 - https:\/\/yoast.com\/wordpress\/plugins\/seo\/ -->\n<title>Snescootertur til en lille bygd | Ilulissat | Guide to Greenland<\/title>\n<meta name=\"robots\" content=\"index, follow, max-snippet:-1, max-image-preview:large, max-video-preview:-1\" \/>\n<link rel=\"canonical\" href=\"https:\/\/guidetogreenland.com\/da\/reserver-ferie-rejser\/snescootertur-til-en-lille-bygd-ilulissat\/\" \/>\n<meta property=\"og:locale\" content=\"da_DK\" \/>\n<meta property=\"og:type\" content=\"article\" \/>\n<meta property=\"og:title\" content=\"Snescootertur til en lille bygd | Ilulissat | Guide to Greenland\" \/>\n<meta property=\"og:description\" content=\"Se hvordan livet er i en lille\u00a0Gr\u00f8nlandsl bygd, vi k\u00f8rer med snescooter mod nord over bakker, havis og frosne s\u00f8er for at n\u00e5 den lille charmerende bygd, Oqaatsut. Med en population p\u00e5 f\u00e6rre end 30 mennesker er Oqaatsut ikke et s\u00e6rligt stort sted, man kan n\u00e6rmest ikke kalde det for en landsby! De har dog...\" \/>\n<meta property=\"og:url\" content=\"https:\/\/guidetogreenland.com\/da\/reserver-ferie-rejser\/snescootertur-til-en-lille-bygd-ilulissat\/\" \/>\n<meta property=\"og:site_name\" content=\"Guide to Greenland\" \/>\n<meta property=\"article:modified_time\" content=\"2024-10-09T16:19:22+00:00\" \/>\n<meta property=\"og:image\" content=\"https:\/\/guidetogreenland.com\/wp-content\/uploads\/2020\/05\/snowmobile-tour-to-small-settlement-ilulissat-Guide-to-Greenland9.jpg\" \/>\n\t<meta property=\"og:image:width\" content=\"2453\" \/>\n\t<meta property=\"og:image:height\" content=\"1380\" \/>\n\t<meta property=\"og:image:type\" content=\"image\/jpeg\" \/>\n<meta name=\"twitter:card\" content=\"summary_large_image\" \/>\n<meta name=\"twitter:label1\" content=\"Estimeret l\u00e6setid\" \/>\n\t<meta name=\"twitter:data1\" content=\"2 minutter\" \/>\n<script type=\"application\/ld+json\" class=\"yoast-schema-graph\">{\"@context\":\"https:\/\/schema.org\",\"@graph\":[{\"@type\":\"WebPage\",\"@id\":\"https:\/\/guidetogreenland.com\/da\/reserver-ferie-rejser\/snescootertur-til-en-lille-bygd-ilulissat\/\",\"url\":\"https:\/\/guidetogreenland.com\/da\/reserver-ferie-rejser\/snescootertur-til-en-lille-bygd-ilulissat\/\",\"name\":\"Snescootertur til en lille bygd | Ilulissat | Guide to Greenland\",\"isPartOf\":{\"@id\":\"https:\/\/guidetogreenland.com\/da\/#website\"},\"primaryImageOfPage\":{\"@id\":\"https:\/\/guidetogreenland.com\/da\/reserver-ferie-rejser\/snescootertur-til-en-lille-bygd-ilulissat\/#primaryimage\"},\"image\":{\"@id\":\"https:\/\/guidetogreenland.com\/da\/reserver-ferie-rejser\/snescootertur-til-en-lille-bygd-ilulissat\/#primaryimage\"},\"thumbnailUrl\":\"https:\/\/guidetogreenland.com\/wp-content\/uploads\/2020\/05\/snowmobile-tour-to-small-settlement-ilulissat-Guide-to-Greenland9.jpg\",\"datePublished\":\"2020-05-28T15:02:34+00:00\",\"dateModified\":\"2024-10-09T16:19:22+00:00\",\"breadcrumb\":{\"@id\":\"https:\/\/guidetogreenland.com\/da\/reserver-ferie-rejser\/snescootertur-til-en-lille-bygd-ilulissat\/#breadcrumb\"},\"inLanguage\":\"da-DK\",\"potentialAction\":[{\"@type\":\"ReadAction\",\"target\":[\"https:\/\/guidetogreenland.com\/da\/reserver-ferie-rejser\/snescootertur-til-en-lille-bygd-ilulissat\/\"]}]},{\"@type\":\"ImageObject\",\"inLanguage\":\"da-DK\",\"@id\":\"https:\/\/guidetogreenland.com\/da\/reserver-ferie-rejser\/snescootertur-til-en-lille-bygd-ilulissat\/#primaryimage\",\"url\":\"https:\/\/guidetogreenland.com\/wp-content\/uploads\/2020\/05\/snowmobile-tour-to-small-settlement-ilulissat-Guide-to-Greenland9.jpg\",\"contentUrl\":\"https:\/\/guidetogreenland.com\/wp-content\/uploads\/2020\/05\/snowmobile-tour-to-small-settlement-ilulissat-Guide-to-Greenland9.jpg\",\"width\":2453,\"height\":1380},{\"@type\":\"BreadcrumbList\",\"@id\":\"https:\/\/guidetogreenland.com\/da\/reserver-ferie-rejser\/snescootertur-til-en-lille-bygd-ilulissat\/#breadcrumb\",\"itemListElement\":[{\"@type\":\"ListItem\",\"position\":1,\"name\":\"Home\",\"item\":\"https:\/\/guidetogreenland.com\/da\/\"},{\"@type\":\"ListItem\",\"position\":2,\"name\":\"Se alle ture\",\"item\":\"https:\/\/guidetogreenland.com\/da\/reserver-ferie-rejser\/\"},{\"@type\":\"ListItem\",\"position\":3,\"name\":\"Snescootertur til en lille bygd | Ilulissat\"}]},{\"@type\":\"WebSite\",\"@id\":\"https:\/\/guidetogreenland.com\/da\/#website\",\"url\":\"https:\/\/guidetogreenland.com\/da\/\",\"name\":\"Guide to Greenland\",\"description\":\"Largest selection of tours in Greenland\",\"potentialAction\":[{\"@type\":\"SearchAction\",\"target\":{\"@type\":\"EntryPoint\",\"urlTemplate\":\"https:\/\/guidetogreenland.com\/da\/?s={search_term_string}\"},\"query-input\":{\"@type\":\"PropertyValueSpecification\",\"valueRequired\":true,\"valueName\":\"search_term_string\"}}],\"inLanguage\":\"da-DK\"}]}<\/script>\n<!-- \/ Yoast SEO plugin. -->","yoast_head_json":{"title":"Snescootertur til en lille bygd | Ilulissat | Guide to Greenland","robots":{"index":"index","follow":"follow","max-snippet":"max-snippet:-1","max-image-preview":"max-image-preview:large","max-video-preview":"max-video-preview:-1"},"canonical":"https:\/\/guidetogreenland.com\/da\/reserver-ferie-rejser\/snescootertur-til-en-lille-bygd-ilulissat\/","og_locale":"da_DK","og_type":"article","og_title":"Snescootertur til en lille bygd | Ilulissat | Guide to Greenland","og_description":"Se hvordan livet er i en lille\u00a0Gr\u00f8nlandsl bygd, vi k\u00f8rer med snescooter mod nord over bakker, havis og frosne s\u00f8er for at n\u00e5 den lille charmerende bygd, Oqaatsut. Med en population p\u00e5 f\u00e6rre end 30 mennesker er Oqaatsut ikke et s\u00e6rligt stort sted, man kan n\u00e6rmest ikke kalde det for en landsby! De har dog...","og_url":"https:\/\/guidetogreenland.com\/da\/reserver-ferie-rejser\/snescootertur-til-en-lille-bygd-ilulissat\/","og_site_name":"Guide to Greenland","article_modified_time":"2024-10-09T16:19:22+00:00","og_image":[{"width":2453,"height":1380,"url":"https:\/\/guidetogreenland.com\/wp-content\/uploads\/2020\/05\/snowmobile-tour-to-small-settlement-ilulissat-Guide-to-Greenland9.jpg","type":"image\/jpeg"}],"twitter_card":"summary_large_image","twitter_misc":{"Estimeret l\u00e6setid":"2 minutter"},"schema":{"@context":"https:\/\/schema.org","@graph":[{"@type":"WebPage","@id":"https:\/\/guidetogreenland.com\/da\/reserver-ferie-rejser\/snescootertur-til-en-lille-bygd-ilulissat\/","url":"https:\/\/guidetogreenland.com\/da\/reserver-ferie-rejser\/snescootertur-til-en-lille-bygd-ilulissat\/","name":"Snescootertur til en lille bygd | Ilulissat | Guide to Greenland","isPartOf":{"@id":"https:\/\/guidetogreenland.com\/da\/#website"},"primaryImageOfPage":{"@id":"https:\/\/guidetogreenland.com\/da\/reserver-ferie-rejser\/snescootertur-til-en-lille-bygd-ilulissat\/#primaryimage"},"image":{"@id":"https:\/\/guidetogreenland.com\/da\/reserver-ferie-rejser\/snescootertur-til-en-lille-bygd-ilulissat\/#primaryimage"},"thumbnailUrl":"https:\/\/guidetogreenland.com\/wp-content\/uploads\/2020\/05\/snowmobile-tour-to-small-settlement-ilulissat-Guide-to-Greenland9.jpg","datePublished":"2020-05-28T15:02:34+00:00","dateModified":"2024-10-09T16:19:22+00:00","breadcrumb":{"@id":"https:\/\/guidetogreenland.com\/da\/reserver-ferie-rejser\/snescootertur-til-en-lille-bygd-ilulissat\/#breadcrumb"},"inLanguage":"da-DK","potentialAction":[{"@type":"ReadAction","target":["https:\/\/guidetogreenland.com\/da\/reserver-ferie-rejser\/snescootertur-til-en-lille-bygd-ilulissat\/"]}]},{"@type":"ImageObject","inLanguage":"da-DK","@id":"https:\/\/guidetogreenland.com\/da\/reserver-ferie-rejser\/snescootertur-til-en-lille-bygd-ilulissat\/#primaryimage","url":"https:\/\/guidetogreenland.com\/wp-content\/uploads\/2020\/05\/snowmobile-tour-to-small-settlement-ilulissat-Guide-to-Greenland9.jpg","contentUrl":"https:\/\/guidetogreenland.com\/wp-content\/uploads\/2020\/05\/snowmobile-tour-to-small-settlement-ilulissat-Guide-to-Greenland9.jpg","width":2453,"height":1380},{"@type":"BreadcrumbList","@id":"https:\/\/guidetogreenland.com\/da\/reserver-ferie-rejser\/snescootertur-til-en-lille-bygd-ilulissat\/#breadcrumb","itemListElement":[{"@type":"ListItem","position":1,"name":"Home","item":"https:\/\/guidetogreenland.com\/da\/"},{"@type":"ListItem","position":2,"name":"Se alle ture","item":"https:\/\/guidetogreenland.com\/da\/reserver-ferie-rejser\/"},{"@type":"ListItem","position":3,"name":"Snescootertur til en lille bygd | Ilulissat"}]},{"@type":"WebSite","@id":"https:\/\/guidetogreenland.com\/da\/#website","url":"https:\/\/guidetogreenland.com\/da\/","name":"Guide to Greenland","description":"Largest selection of tours in Greenland","potentialAction":[{"@type":"SearchAction","target":{"@type":"EntryPoint","urlTemplate":"https:\/\/guidetogreenland.com\/da\/?s={search_term_string}"},"query-input":{"@type":"PropertyValueSpecification","valueRequired":true,"valueName":"search_term_string"}}],"inLanguage":"da-DK"}]}},"_links":{"self":[{"href":"https:\/\/guidetogreenland.com\/da\/wp-json\/wp\/v2\/product\/15024","targetHints":{"allow":["GET"]}}],"collection":[{"href":"https:\/\/guidetogreenland.com\/da\/wp-json\/wp\/v2\/product"}],"about":[{"href":"https:\/\/guidetogreenland.com\/da\/wp-json\/wp\/v2\/types\/product"}],"replies":[{"embeddable":true,"href":"https:\/\/guidetogreenland.com\/da\/wp-json\/wp\/v2\/comments?post=15024"}],"wp:featuredmedia":[{"embeddable":true,"href":"https:\/\/guidetogreenland.com\/da\/wp-json\/wp\/v2\/media\/15033"}],"wp:attachment":[{"href":"https:\/\/guidetogreenland.com\/da\/wp-json\/wp\/v2\/media?parent=15024"}],"wp:term":[{"taxonomy":"product_brand","embeddable":true,"href":"https:\/\/guidetogreenland.com\/da\/wp-json\/wp\/v2\/product_brand?post=15024"},{"taxonomy":"product_cat","embeddable":true,"href":"https:\/\/guidetogreenland.com\/da\/wp-json\/wp\/v2\/product_cat?post=15024"},{"taxonomy":"product_tag","embeddable":true,"href":"https:\/\/guidetogreenland.com\/da\/wp-json\/wp\/v2\/product_tag?post=15024"}],"curies":[{"name":"wp","href":"https:\/\/api.w.org\/{rel}","templated":true}]}}