{"id":15036,"date":"2020-06-09T15:58:20","date_gmt":"2020-06-09T15:58:20","guid":{"rendered":"https:\/\/guidetogreenland.com\/book-trips-holiday\/traditional-greenlandic-kayak-tour-sisimiut\/"},"modified":"2021-02-03T18:46:46","modified_gmt":"2021-02-03T18:46:46","slug":"traditional-greenlandic-kayak-tour-sisimiut","status":"publish","type":"product","link":"https:\/\/guidetogreenland.com\/da\/reserver-ferie-rejser\/ro-med-en-traditionel-gronlandsk-kajak-sisimiut\/","title":{"rendered":"Ro med en traditionel Gr\u00f8nlandsk kajak | Sisimiut"},"content":{"rendered":"<div class=\"x-2ruu7e ewhm0490\">\n<div class=\"x-sqsvwz e1hc7val2\">\n<div class=\"x-13o7eu2 e1imf5dp1\">\n<div class=\"x-v4fa7v e1uuu2lt0\">\n<div class=\"x-7xwfhm e1imf5dp0\">\n<p class=\"x-18pep25\">Tag p\u00e5 en rejse tilbage i tiden og pr\u00f8v en traditionelt bygget Gr\u00f8nlandsk kajak, bygget med tr\u00e6 og l\u00e6rred, og nyd en tur rundt om Sisimiuts smukke omgivelser.<\/p>\n<p class=\"x-18pep25\">Ordet kajak stammer oprindeligt fra det Gr\u00f8nlandske ord qajaq,\u00a0hvilket har v\u00e6ret et vigtigt v\u00e6rkt\u00f8j for overlevelsen blandt de f\u00f8rste inuitter der bosatte sig i Gr\u00f8nland.<\/p>\n<p class=\"x-18pep25\">I dag er der langt f\u00e6rre lokale der ror kajak, men det holder os ikke fra at holde traditionen i live, og i nogle steder er jagt p\u00e5 visse dyr kun tilladt fra kajak. Din guide vil fort\u00e6lle dig meget mere om dette og historien bag kajakken fra 1600-tallet frem til i dag.<\/p>\n<p class=\"e1imf5dp0 x-jm2771\">Kaj<span class=\"x-12abj6v e1uuu2lt3\">akkerne er normalt bygget til at passe ejeren, men jeg har bygget mine lidt bredere for at flere kan pr\u00f8ve dem.<\/span><\/p>\n<p class=\"e1imf5dp0 x-jm2771\"><span class=\"x-12abj6v e1uuu2lt3\">Kajakkerne er udstyret med en harpun og en avataq(en s\u00e6lskindsbl\u00e6re) s\u00e5 n\u00e5r du f\u00f8ler dig stabil nok i kajakken kan du pr\u00f8ve at f\u00f8le hvordan det var at jage f\u00f8r riflen tog over.<\/span><\/p>\n<p class=\"e1imf5dp0 x-jm2771\"><span class=\"x-12abj6v e1uuu2lt3\">Hvis du godt kunne t\u00e6nke dig at have b\u00f8rn med s\u00e5 kan vi s\u00e6tte flydere p\u00e5 siden af kajakkerne s\u00e5 de umuligt kan k\u00e6ntre.<\/span><\/p>\n<p class=\"e1imf5dp0 x-jm2771\"><span class=\"x-12abj6v e1uuu2lt3\">Tag bare og bestil en plads i en traditionel kajak i dag!<\/span><\/p>\n<\/div>\n<\/div>\n<\/div>\n<\/div>\n<\/div>\n<div>\n<div class=\"x-1bve0ae ewhm0490\">\n<div class=\"x-sqsvwz e1hc7val2\"><\/div>\n<\/div>\n<\/div>\n","protected":false},"excerpt":{"rendered":"Tag p\u00e5 en rejse tilbage i tiden og pr\u00f8v en traditionelt bygget Gr\u00f8nlandsk kajak, bygget med tr\u00e6 og l\u00e6rred, og nyd en tur rundt om Sisimiuts smukke omgivelser. Ordet kajak stammer oprindeligt fra det Gr\u00f8nlandske ord qajaq,\u00a0hvilket har v\u00e6ret et vigtigt v\u00e6rkt\u00f8j for overlevelsen blandt de f\u00f8rste inuitter der bosatte sig i Gr\u00f8nland. I dag&#8230;","protected":false},"featured_media":13077,"comment_status":"open","ping_status":"closed","template":"","meta":[],"product_brand":[],"product_cat":[628,605,606,622,593,609,627,657],"product_tag":[936],"class_list":{"0":"post-15036","1":"product","2":"type-product","3":"status-publish","4":"has-post-thumbnail","6":"product_cat-arctic-circle-trail","7":"product_cat-dagsture-om-sommeren","8":"product_cat-dagsture-om-vinteren","9":"product_cat-groenlandsk-kultur","10":"product_cat-oplevelser-i-groenland","11":"product_cat-sup-kayakture","12":"product_cat-ture-i-bestemte-omraader","13":"product_cat-ture-i-sisimiut","14":"product_tag-sisimiut-da","15":"pa_activities-kajak-sup","16":"pa_activities-groenlandsk-kultur","17":"pa_available-month-maj","18":"pa_available-month-juni","19":"pa_available-month-juli","20":"pa_available-month-august","21":"pa_available-month-september","22":"pa_available-month-oktober","23":"pa_destinations-sisimiut","24":"pa_difficulty-let","25":"pa_duration-3-timer","26":"pa_tour-type-dagsture","27":"yith_shop_vendor-sisimiut-kayak-center-da","29":"first","30":"instock","31":"virtual","32":"sold-individually","33":"purchasable","34":"product-type-booking"},"acf":[],"yoast_head":"<!-- This site is optimized with the Yoast SEO plugin v25.6 - https:\/\/yoast.com\/wordpress\/plugins\/seo\/ -->\n<title>Ro med en traditionel Gr\u00f8nlandsk kajak | Sisimiut | Guide to Greenland<\/title>\n<meta name=\"robots\" content=\"index, follow, max-snippet:-1, max-image-preview:large, max-video-preview:-1\" \/>\n<link rel=\"canonical\" href=\"https:\/\/guidetogreenland.com\/da\/reserver-ferie-rejser\/ro-med-en-traditionel-gronlandsk-kajak-sisimiut\/\" \/>\n<meta property=\"og:locale\" content=\"da_DK\" \/>\n<meta property=\"og:type\" content=\"article\" \/>\n<meta property=\"og:title\" content=\"Ro med en traditionel Gr\u00f8nlandsk kajak | Sisimiut | Guide to Greenland\" \/>\n<meta property=\"og:description\" content=\"Tag p\u00e5 en rejse tilbage i tiden og pr\u00f8v en traditionelt bygget Gr\u00f8nlandsk kajak, bygget med tr\u00e6 og l\u00e6rred, og nyd en tur rundt om Sisimiuts smukke omgivelser. Ordet kajak stammer oprindeligt fra det Gr\u00f8nlandske ord qajaq,\u00a0hvilket har v\u00e6ret et vigtigt v\u00e6rkt\u00f8j for overlevelsen blandt de f\u00f8rste inuitter der bosatte sig i Gr\u00f8nland. I dag...\" \/>\n<meta property=\"og:url\" content=\"https:\/\/guidetogreenland.com\/da\/reserver-ferie-rejser\/ro-med-en-traditionel-gronlandsk-kajak-sisimiut\/\" \/>\n<meta property=\"og:site_name\" content=\"Guide to Greenland\" \/>\n<meta property=\"article:modified_time\" content=\"2021-02-03T18:46:46+00:00\" \/>\n<meta property=\"og:image\" content=\"https:\/\/guidetogreenland.com\/wp-content\/uploads\/2020\/06\/Kayaking-in-traditional-Greenlandic-kayaks-approaching-Sisimiut-winter-Guide-t-Greenland-scaled.jpg\" \/>\n\t<meta property=\"og:image:width\" content=\"2560\" \/>\n\t<meta property=\"og:image:height\" content=\"1707\" \/>\n\t<meta property=\"og:image:type\" content=\"image\/jpeg\" \/>\n<meta name=\"twitter:card\" content=\"summary_large_image\" \/>\n<meta name=\"twitter:label1\" content=\"Estimeret l\u00e6setid\" \/>\n\t<meta name=\"twitter:data1\" content=\"1 minut\" \/>\n<script type=\"application\/ld+json\" class=\"yoast-schema-graph\">{\"@context\":\"https:\/\/schema.org\",\"@graph\":[{\"@type\":\"WebPage\",\"@id\":\"https:\/\/guidetogreenland.com\/da\/reserver-ferie-rejser\/ro-med-en-traditionel-gronlandsk-kajak-sisimiut\/\",\"url\":\"https:\/\/guidetogreenland.com\/da\/reserver-ferie-rejser\/ro-med-en-traditionel-gronlandsk-kajak-sisimiut\/\",\"name\":\"Ro med en traditionel Gr\u00f8nlandsk kajak | Sisimiut | Guide to Greenland\",\"isPartOf\":{\"@id\":\"https:\/\/guidetogreenland.com\/da\/#website\"},\"primaryImageOfPage\":{\"@id\":\"https:\/\/guidetogreenland.com\/da\/reserver-ferie-rejser\/ro-med-en-traditionel-gronlandsk-kajak-sisimiut\/#primaryimage\"},\"image\":{\"@id\":\"https:\/\/guidetogreenland.com\/da\/reserver-ferie-rejser\/ro-med-en-traditionel-gronlandsk-kajak-sisimiut\/#primaryimage\"},\"thumbnailUrl\":\"https:\/\/guidetogreenland.com\/wp-content\/uploads\/2020\/06\/Kayaking-in-traditional-Greenlandic-kayaks-approaching-Sisimiut-winter-Guide-t-Greenland-scaled.jpg\",\"datePublished\":\"2020-06-09T15:58:20+00:00\",\"dateModified\":\"2021-02-03T18:46:46+00:00\",\"breadcrumb\":{\"@id\":\"https:\/\/guidetogreenland.com\/da\/reserver-ferie-rejser\/ro-med-en-traditionel-gronlandsk-kajak-sisimiut\/#breadcrumb\"},\"inLanguage\":\"da-DK\",\"potentialAction\":[{\"@type\":\"ReadAction\",\"target\":[\"https:\/\/guidetogreenland.com\/da\/reserver-ferie-rejser\/ro-med-en-traditionel-gronlandsk-kajak-sisimiut\/\"]}]},{\"@type\":\"ImageObject\",\"inLanguage\":\"da-DK\",\"@id\":\"https:\/\/guidetogreenland.com\/da\/reserver-ferie-rejser\/ro-med-en-traditionel-gronlandsk-kajak-sisimiut\/#primaryimage\",\"url\":\"https:\/\/guidetogreenland.com\/wp-content\/uploads\/2020\/06\/Kayaking-in-traditional-Greenlandic-kayaks-approaching-Sisimiut-winter-Guide-t-Greenland-scaled.jpg\",\"contentUrl\":\"https:\/\/guidetogreenland.com\/wp-content\/uploads\/2020\/06\/Kayaking-in-traditional-Greenlandic-kayaks-approaching-Sisimiut-winter-Guide-t-Greenland-scaled.jpg\",\"width\":2560,\"height\":1707},{\"@type\":\"BreadcrumbList\",\"@id\":\"https:\/\/guidetogreenland.com\/da\/reserver-ferie-rejser\/ro-med-en-traditionel-gronlandsk-kajak-sisimiut\/#breadcrumb\",\"itemListElement\":[{\"@type\":\"ListItem\",\"position\":1,\"name\":\"Home\",\"item\":\"https:\/\/guidetogreenland.com\/da\/\"},{\"@type\":\"ListItem\",\"position\":2,\"name\":\"Se alle ture\",\"item\":\"https:\/\/guidetogreenland.com\/da\/reserver-ferie-rejser\/\"},{\"@type\":\"ListItem\",\"position\":3,\"name\":\"Ro med en traditionel Gr\u00f8nlandsk kajak | Sisimiut\"}]},{\"@type\":\"WebSite\",\"@id\":\"https:\/\/guidetogreenland.com\/da\/#website\",\"url\":\"https:\/\/guidetogreenland.com\/da\/\",\"name\":\"Guide to Greenland\",\"description\":\"Largest selection of tours in Greenland\",\"potentialAction\":[{\"@type\":\"SearchAction\",\"target\":{\"@type\":\"EntryPoint\",\"urlTemplate\":\"https:\/\/guidetogreenland.com\/da\/?s={search_term_string}\"},\"query-input\":{\"@type\":\"PropertyValueSpecification\",\"valueRequired\":true,\"valueName\":\"search_term_string\"}}],\"inLanguage\":\"da-DK\"}]}<\/script>\n<!-- \/ Yoast SEO plugin. -->","yoast_head_json":{"title":"Ro med en traditionel Gr\u00f8nlandsk kajak | Sisimiut | Guide to Greenland","robots":{"index":"index","follow":"follow","max-snippet":"max-snippet:-1","max-image-preview":"max-image-preview:large","max-video-preview":"max-video-preview:-1"},"canonical":"https:\/\/guidetogreenland.com\/da\/reserver-ferie-rejser\/ro-med-en-traditionel-gronlandsk-kajak-sisimiut\/","og_locale":"da_DK","og_type":"article","og_title":"Ro med en traditionel Gr\u00f8nlandsk kajak | Sisimiut | Guide to Greenland","og_description":"Tag p\u00e5 en rejse tilbage i tiden og pr\u00f8v en traditionelt bygget Gr\u00f8nlandsk kajak, bygget med tr\u00e6 og l\u00e6rred, og nyd en tur rundt om Sisimiuts smukke omgivelser. Ordet kajak stammer oprindeligt fra det Gr\u00f8nlandske ord qajaq,\u00a0hvilket har v\u00e6ret et vigtigt v\u00e6rkt\u00f8j for overlevelsen blandt de f\u00f8rste inuitter der bosatte sig i Gr\u00f8nland. I dag...","og_url":"https:\/\/guidetogreenland.com\/da\/reserver-ferie-rejser\/ro-med-en-traditionel-gronlandsk-kajak-sisimiut\/","og_site_name":"Guide to Greenland","article_modified_time":"2021-02-03T18:46:46+00:00","og_image":[{"width":2560,"height":1707,"url":"https:\/\/guidetogreenland.com\/wp-content\/uploads\/2020\/06\/Kayaking-in-traditional-Greenlandic-kayaks-approaching-Sisimiut-winter-Guide-t-Greenland-scaled.jpg","type":"image\/jpeg"}],"twitter_card":"summary_large_image","twitter_misc":{"Estimeret l\u00e6setid":"1 minut"},"schema":{"@context":"https:\/\/schema.org","@graph":[{"@type":"WebPage","@id":"https:\/\/guidetogreenland.com\/da\/reserver-ferie-rejser\/ro-med-en-traditionel-gronlandsk-kajak-sisimiut\/","url":"https:\/\/guidetogreenland.com\/da\/reserver-ferie-rejser\/ro-med-en-traditionel-gronlandsk-kajak-sisimiut\/","name":"Ro med en traditionel Gr\u00f8nlandsk kajak | Sisimiut | Guide to Greenland","isPartOf":{"@id":"https:\/\/guidetogreenland.com\/da\/#website"},"primaryImageOfPage":{"@id":"https:\/\/guidetogreenland.com\/da\/reserver-ferie-rejser\/ro-med-en-traditionel-gronlandsk-kajak-sisimiut\/#primaryimage"},"image":{"@id":"https:\/\/guidetogreenland.com\/da\/reserver-ferie-rejser\/ro-med-en-traditionel-gronlandsk-kajak-sisimiut\/#primaryimage"},"thumbnailUrl":"https:\/\/guidetogreenland.com\/wp-content\/uploads\/2020\/06\/Kayaking-in-traditional-Greenlandic-kayaks-approaching-Sisimiut-winter-Guide-t-Greenland-scaled.jpg","datePublished":"2020-06-09T15:58:20+00:00","dateModified":"2021-02-03T18:46:46+00:00","breadcrumb":{"@id":"https:\/\/guidetogreenland.com\/da\/reserver-ferie-rejser\/ro-med-en-traditionel-gronlandsk-kajak-sisimiut\/#breadcrumb"},"inLanguage":"da-DK","potentialAction":[{"@type":"ReadAction","target":["https:\/\/guidetogreenland.com\/da\/reserver-ferie-rejser\/ro-med-en-traditionel-gronlandsk-kajak-sisimiut\/"]}]},{"@type":"ImageObject","inLanguage":"da-DK","@id":"https:\/\/guidetogreenland.com\/da\/reserver-ferie-rejser\/ro-med-en-traditionel-gronlandsk-kajak-sisimiut\/#primaryimage","url":"https:\/\/guidetogreenland.com\/wp-content\/uploads\/2020\/06\/Kayaking-in-traditional-Greenlandic-kayaks-approaching-Sisimiut-winter-Guide-t-Greenland-scaled.jpg","contentUrl":"https:\/\/guidetogreenland.com\/wp-content\/uploads\/2020\/06\/Kayaking-in-traditional-Greenlandic-kayaks-approaching-Sisimiut-winter-Guide-t-Greenland-scaled.jpg","width":2560,"height":1707},{"@type":"BreadcrumbList","@id":"https:\/\/guidetogreenland.com\/da\/reserver-ferie-rejser\/ro-med-en-traditionel-gronlandsk-kajak-sisimiut\/#breadcrumb","itemListElement":[{"@type":"ListItem","position":1,"name":"Home","item":"https:\/\/guidetogreenland.com\/da\/"},{"@type":"ListItem","position":2,"name":"Se alle ture","item":"https:\/\/guidetogreenland.com\/da\/reserver-ferie-rejser\/"},{"@type":"ListItem","position":3,"name":"Ro med en traditionel Gr\u00f8nlandsk kajak | Sisimiut"}]},{"@type":"WebSite","@id":"https:\/\/guidetogreenland.com\/da\/#website","url":"https:\/\/guidetogreenland.com\/da\/","name":"Guide to Greenland","description":"Largest selection of tours in Greenland","potentialAction":[{"@type":"SearchAction","target":{"@type":"EntryPoint","urlTemplate":"https:\/\/guidetogreenland.com\/da\/?s={search_term_string}"},"query-input":{"@type":"PropertyValueSpecification","valueRequired":true,"valueName":"search_term_string"}}],"inLanguage":"da-DK"}]}},"_links":{"self":[{"href":"https:\/\/guidetogreenland.com\/da\/wp-json\/wp\/v2\/product\/15036","targetHints":{"allow":["GET"]}}],"collection":[{"href":"https:\/\/guidetogreenland.com\/da\/wp-json\/wp\/v2\/product"}],"about":[{"href":"https:\/\/guidetogreenland.com\/da\/wp-json\/wp\/v2\/types\/product"}],"replies":[{"embeddable":true,"href":"https:\/\/guidetogreenland.com\/da\/wp-json\/wp\/v2\/comments?post=15036"}],"wp:featuredmedia":[{"embeddable":true,"href":"https:\/\/guidetogreenland.com\/da\/wp-json\/wp\/v2\/media\/13077"}],"wp:attachment":[{"href":"https:\/\/guidetogreenland.com\/da\/wp-json\/wp\/v2\/media?parent=15036"}],"wp:term":[{"taxonomy":"product_brand","embeddable":true,"href":"https:\/\/guidetogreenland.com\/da\/wp-json\/wp\/v2\/product_brand?post=15036"},{"taxonomy":"product_cat","embeddable":true,"href":"https:\/\/guidetogreenland.com\/da\/wp-json\/wp\/v2\/product_cat?post=15036"},{"taxonomy":"product_tag","embeddable":true,"href":"https:\/\/guidetogreenland.com\/da\/wp-json\/wp\/v2\/product_tag?post=15036"}],"curies":[{"name":"wp","href":"https:\/\/api.w.org\/{rel}","templated":true}]}}